{"id":11223,"date":"2025-01-07T10:24:50","date_gmt":"2025-10-08T08:24:05","guid":{"rendered":"https:\/\/frhub.netgear.com\/fr\/hub\/?page_id=11223"},"modified":"2025-10-13T13:24:27","modified_gmt":"2025-10-13T11:24:27","slug":"netgear-m4250-daegu-concert-house","status":"publish","type":"page","link":"https:\/\/frhub.netgear.com\/fr\/hub\/business\/case-studies\/av-case-studies\/netgear-m4250-daegu-concert-house\/","title":{"rendered":"Daegu Concert House s\u2019appuie sur les switches NETGEAR M4250 pour une communication fluide."},"content":{"rendered":"<p><img loading=\"lazy\" decoding=\"async\" class=\"alignone size-full wp-image-10681\" style=\"border-radius: 1em;\" src=\"https:\/\/frhub.netgear.com\/fr\/hub\/wp-content\/uploads\/2025\/10\/Daegu.jpeg\" alt=\"\" width=\"1048\" height=\"511\" \/><\/p>\n    <div class=\"table-of-content bg-gray\">\n        <p><strong>IN THIS ARTICLE<\/strong><\/p>\n        <ul>\n                        <li><a href=\"#topic1\">\u00c0 PROPOS DE DAEGU CONCERT HOUSE<\/a><\/li>\n                        <li><a href=\"#topic2\">D\u00c9FI<\/a><\/li>\n                        <li><a href=\"#topic3\">SOLUTION<\/a><\/li>\n                        <li><a href=\"#topic4\">POURQUOI LES SWITCHES M4250 DE NETGEAR ?<\/a><\/li>\n                        <li><a href=\"#topic5\">R\u00c9SULTATS<\/a><\/li>\n                        <li><a href=\"#topic6\">PLUS D'INFORMATIONS<\/a><\/li>\n                    <\/ul>\n    <\/div>\n        <div id=\"topic1\" class=\"skip-item\">\n                        <h2>\u00c0 PROPOS DE DAEGU CONCERT HOUSE<\/h2>\n                <div style=\"background-color: #eeeeee;padding: 20px;width: 33%;float: right\">\n<p><strong>Soci\u00e9t\u00e9 : <\/strong><br \/>\nDaegu Concert House<\/p>\n<p><strong>Secteur :<\/strong><br \/>\nDivertissement<\/p>\n<p><strong>Site Web :<\/strong><br \/>\n<a href=\"https:\/\/www.daeguconcerthouse.or.kr\">daeguconcerthouse.or.kr<\/a><\/p>\n<p><strong>Lieu :<\/strong><br \/>\nDaegu, Cor\u00e9e du Sud<\/p>\n<\/div>\n<p>Situ\u00e9 au c\u0153ur du p\u00f4le culturel de la Cor\u00e9e du Sud, Daegu Concert House est un lieu r\u00e9put\u00e9 pour accueillir des performances de classe mondiale. L\u2019engagement de la salle de concert envers l\u2019excellence va bien au-del\u00e0 de la musique, en int\u00e9grant des syst\u00e8mes op\u00e9rationnels performants qui soutiennent sa r\u00e9putation internationale. R\u00e9cemment, Daegu Concert House a modernis\u00e9 sa communication en coulisses gr\u00e2ce \u00e0 la technologie d\u2019intercom de pointe sign\u00e9e Riedel, assurant ainsi une communication fluide et efficace.<\/p>\n    <\/div>\n        <div id=\"topic2\" class=\"skip-item\">\n                        <h2>D\u00c9FI<\/h2>\n                <p>Une communication efficace est essentielle pour assurer des performances sans faille. Daegu Concert House devait \u00e9liminer les probl\u00e8mes de couverture et de performance de son syst\u00e8me de communication existant, en passant \u00e0 une infrastructure enti\u00e8rement IP pour garantir une communication fiable et de haute qualit\u00e9.<\/p>\n    <\/div>\n        <div id=\"topic3\" class=\"skip-item\">\n                        <h2>SOLUTION<\/h2>\n                <p data-start=\"497\" data-end=\"618\">Le distributeur sud-cor\u00e9en Dasan SR a facilit\u00e9 le d\u00e9ploiement des solutions d\u2019intercom avanc\u00e9es de Riedel, comprenant :<\/p>\n<ul data-start=\"620\" data-end=\"852\">\n<li data-start=\"620\" data-end=\"669\">\n<p data-start=\"622\" data-end=\"669\">Artist-1024 Node pour un routage intelligent.<\/p>\n<\/li>\n<li data-start=\"670\" data-end=\"762\">\n<p data-start=\"672\" data-end=\"762\">RSP-2318 et DSP-2312 SmartPanels avec \u00e9crans multi-touch pour une utilisation intuitive.<\/p>\n<\/li>\n<li data-start=\"763\" data-end=\"852\">\n<p data-start=\"765\" data-end=\"852\">Syst\u00e8me d\u2019intercom sans fil Bolero pour une communication sans fil claire et robuste.<\/p>\n<\/li>\n<\/ul>\n<p><img loading=\"lazy\" decoding=\"async\" class=\"size-medium wp-image-11222 aligncenter\" src=\"https:\/\/frhub.netgear.com\/fr\/hub\/wp-content\/uploads\/2025\/10\/Untitled-42-1024x293-1-300x86.jpeg\" alt=\"\" width=\"300\" height=\"86\" srcset=\"https:\/\/frhub.netgear.com\/fr\/hub\/wp-content\/uploads\/2025\/10\/Untitled-42-1024x293-1-300x86.jpeg 300w, https:\/\/frhub.netgear.com\/fr\/hub\/wp-content\/uploads\/2025\/10\/Untitled-42-1024x293-1-768x220.jpeg 768w, https:\/\/frhub.netgear.com\/fr\/hub\/wp-content\/uploads\/2025\/10\/Untitled-42-1024x293-1.jpeg 1024w\" sizes=\"auto, (max-width: 300px) 100vw, 300px\" \/><\/p>\n<p data-start=\"854\" data-end=\"1047\">Au c\u0153ur de ce syst\u00e8me, les switches M4250 de NETGEAR jouent un r\u00f4le essentiel, assurant une connectivit\u00e9 fluide et une performance stable pour l\u2019ensemble de l\u2019infrastructure de communication.<\/p>\n    <\/div>\n        <div id=\"topic4\" class=\"skip-item\">\n                        <h2>POURQUOI LES SWITCHES M4250 DE NETGEAR ?<\/h2>\n                <p data-start=\"1097\" data-end=\"1211\">Les switches de la s\u00e9rie M4250 de NETGEAR sont con\u00e7us sp\u00e9cifiquement pour les applications AV over IP, offrant :<\/p>\n<ul data-start=\"1213\" data-end=\"1542\">\n<li data-start=\"1213\" data-end=\"1336\">\n<p data-start=\"1215\" data-end=\"1336\">Une performance \u00e0 faible latence et haute bande passante adapt\u00e9e aux syst\u00e8mes de communication en temps r\u00e9el exigeants.<\/p>\n<\/li>\n<li data-start=\"1337\" data-end=\"1427\">\n<p data-start=\"1339\" data-end=\"1427\">Une int\u00e9gration facile avec les syst\u00e8mes AV tels que la technologie d\u2019intercom Riedel.<\/p>\n<\/li>\n<li data-start=\"1428\" data-end=\"1542\">\n<p data-start=\"1430\" data-end=\"1542\">Une connectivit\u00e9 robuste et fiable capable de g\u00e9rer des t\u00e2ches critiques dans les environnements de spectacle.<\/p>\n<\/li>\n<\/ul>\n<p data-start=\"1544\" data-end=\"1795\">Fonctionnant sur deux switches M4250, Daegu Concert House b\u00e9n\u00e9ficie d\u00e9sormais d\u2019un r\u00e9seau de communication fiable et \u00e9volutif, permettant au personnel de se concentrer sur la r\u00e9alisation de performances exceptionnelles sans interruptions techniques.<\/p>\n<p data-start=\"1544\" data-end=\"1795\"><img loading=\"lazy\" decoding=\"async\" class=\"size-medium wp-image-11219 aligncenter\" src=\"https:\/\/frhub.netgear.com\/fr\/hub\/wp-content\/uploads\/2025\/10\/Daegu-Concert-House_M4250-1024x536-Copie-300x157.jpeg\" alt=\"\" width=\"300\" height=\"157\" srcset=\"https:\/\/frhub.netgear.com\/fr\/hub\/wp-content\/uploads\/2025\/10\/Daegu-Concert-House_M4250-1024x536-Copie-300x157.jpeg 300w, https:\/\/frhub.netgear.com\/fr\/hub\/wp-content\/uploads\/2025\/10\/Daegu-Concert-House_M4250-1024x536-Copie-768x402.jpeg 768w, https:\/\/frhub.netgear.com\/fr\/hub\/wp-content\/uploads\/2025\/10\/Daegu-Concert-House_M4250-1024x536-Copie.jpeg 1024w\" sizes=\"auto, (max-width: 300px) 100vw, 300px\" \/><\/p>\n    <\/div>\n        <div id=\"topic5\" class=\"skip-item\">\n                        <h2>R\u00c9SULTATS<\/h2>\n                <p data-start=\"1814\" data-end=\"2137\">Le syst\u00e8me modernis\u00e9 \u00e9limine les probl\u00e8mes de couverture et permet un environnement de communication tout-IP optimis\u00e9. Gr\u00e2ce \u00e0 une communication en coulisses claire et efficace, rendue possible par Riedel et NETGEAR, Daegu Concert House confirme sa position de leader dans la livraison de performances de classe mondiale.<\/p>\n<p data-start=\"2139\" data-end=\"2306\">Avec les switches M4250 de NETGEAR et la technologie Riedel, Daegu Concert House \u00e9tablit une nouvelle norme en mati\u00e8re de communication dans les salles de spectacle.<\/p>\n    <\/div>\n        <div id=\"topic6\" class=\"skip-item\">\n                        <h2>PLUS D'INFORMATIONS<\/h2>\n                <p><!--SOLUTIONS NETGEAR AV --><\/p>\n<p>Plus d\u2019informations sur nos solutions audiovisuelles<\/p>\n<div class=\"hs-cta-embed hs-cta-simple-placeholder hs-cta-embed-241151160046\" style=\"max-width: 100%;max-height: 100%;width: 260px;height: 50.390625px\" data-hubspot-wrapper-cta-id=\"241151160046\"><a href=\"https:\/\/cta-na2.hubspot.com\/web-interactives\/public\/v1\/track\/redirect?encryptedPayload=AVxigLJf4HGLXU18h5HBrlQTZuKX4p21iriDX%2FD9Weo1E0jc26wgSp32sJpGF%2FrOb977gqk9Skq%2FVgamhq%2FXvCN0mPQ1dmrdARtcNUH8fV5cFOvngo8qJ8EuMyEq%2Fqu2y51zC2FZUVyu97opP5ixVGCiE%2Bg6BOgTVVDljEMF5hhhXUNpnikrl2UTN%2Bb3TA%3D%3D&amp;webInteractiveContentId=241151160046&amp;portalId=242128791\" target=\"_blank\" rel=\"noopener\"><br \/>\n<img decoding=\"async\" style=\"height: 100%;width: 100%;object-fit: fill\" src=\"https:\/\/hubspot-no-cache-na2-prod.s3.amazonaws.com\/cta\/default\/242128791\/interactive-241151160046.png\" alt=\"SOLUTIONS NETGEAR AV\" \/><br \/>\n<\/a><\/div>\n<p><!-- NETGEAR ACADEMY AV --><\/p>\n<p>Apprenez tout sur les r\u00e9seaux IP gr\u00e2ce \u00e0 la NETGEAR ACADEMY<\/p>\n<div class=\"hs-cta-embed hs-cta-simple-placeholder hs-cta-embed-241151160033\" style=\"max-width: 100%;max-height: 100%;width: 260px;height: 50.390625px\" data-hubspot-wrapper-cta-id=\"241151160033\"><a href=\"https:\/\/cta-na2.hubspot.com\/web-interactives\/public\/v1\/track\/redirect?encryptedPayload=AVxigLJ6zgXxrLVJLagOt9pyIXf5%2FGgh9lUupWJj49Nfcbq71eIrrvJQt9JGeaQwNkTAPTWhI2%2BXk56NQscWP4xOQ7iZrhk6rkBjyO4dBlJGP1gG3BpcrdlgLyF%2F850K2l3xn5kDj5H%2Fur8VO2zJH58QH7by4HFWliY25223Shr3sQx25aCmNBjCDkNwA2WRum67F9fGyQyzoYOn86wAq%2Brw3xzsBDMbyw%3D%3D&amp;webInteractiveContentId=241151160033&amp;portalId=242128791\" target=\"_blank\" rel=\"noopener\"><br \/>\n<img decoding=\"async\" style=\"height: 100%;width: 100%;object-fit: fill\" src=\"https:\/\/hubspot-no-cache-na2-prod.s3.amazonaws.com\/cta\/default\/242128791\/interactive-241151160033.png\" alt=\"NETGEAR ACADEMY\" \/><br \/>\n<\/a><\/div>\n<p><!--CONTACTEZ L'EQUIPE PROAV --><\/p>\n<p>Nos ing\u00e9nieurs vous accompagneront gratuitement dans la r\u00e9alisation de vos projets audiovisuels<\/p>\n<div class=\"hs-cta-embed hs-cta-simple-placeholder hs-cta-embed-241151160055\" style=\"max-width: 100%;max-height: 100%;width: 270px;height: 50.390625px\" data-hubspot-wrapper-cta-id=\"241151160055\"><a href=\"https:\/\/cta-na2.hubspot.com\/web-interactives\/public\/v1\/track\/redirect?encryptedPayload=AVxigLLUG9XShtF2ziGdRlpsMD%2BMJ39t1kFOE7VlHl2HmmlWzlJWH0rsV7f3eoQL53gclcWb0lliiDgK3EAMVvEOcIE7gW9aYOwk1uipv43pSUkBlDtiKJ%2BcB7fopWupnJbggqZWRkNERZkdh1dDGXHHDJX3V0sOA8mbXD%2Fd6QC2XK2OyVtrDNFDHbBoT6b15PyvF4Ca3b6JBNTYdAzYeH790XenlNKBP4OKZqw50t7IGx9DuADFMFlNdg6FWQ%3D%3D&amp;webInteractiveContentId=241151160055&amp;portalId=242128791\" target=\"_blank\" rel=\"noopener\"><br \/>\n<img decoding=\"async\" style=\"height: 100%;width: 100%;object-fit: fill\" src=\"https:\/\/hubspot-no-cache-na2-prod.s3.amazonaws.com\/cta\/default\/242128791\/interactive-241151160055.png\" alt=\"CONTACTEZ L'EQUIPE PROAV\" \/><br \/>\n<\/a><\/div>\n<p>&nbsp;<\/p>\n<p><iframe loading=\"lazy\" src=\"https:\/\/405nrr.share-na2.hsforms.com\/24AR2ZDSmQqWycFqf8q5-eg\" width=\"100%\" height=\"1200px\"><\/iframe><\/p>\n    <\/div>\n    \n","protected":false},"excerpt":{"rendered":"","protected":false},"author":97,"featured_media":11220,"parent":10498,"menu_order":0,"comment_status":"closed","ping_status":"closed","template":"templates\/mesh-vs-wifi.php","meta":{"_acf_changed":false,"content-type":"","footnotes":""},"class_list":["post-11223","page","type-page","status-publish","has-post-thumbnail","hentry"],"acf":[],"yoast_head":"<!-- This site is optimized with the Yoast SEO plugin v27.4 - https:\/\/yoast.com\/product\/yoast-seo-wordpress\/ -->\n<title>Daegu Concert House s\u2019appuie sur les switches NETGEAR M4250 pour une communication fluide. - NETGEAR Blog<\/title>\n<meta name=\"robots\" content=\"index, follow, max-snippet:-1, max-image-preview:large, max-video-preview:-1\" \/>\n<link rel=\"canonical\" href=\"https:\/\/frhub.netgear.com\/fr\/hub\/business\/case-studies\/av-case-studies\/netgear-m4250-daegu-concert-house\/\" \/>\n<meta property=\"og:locale\" content=\"en_US\" \/>\n<meta property=\"og:type\" content=\"article\" \/>\n<meta property=\"og:title\" content=\"Daegu Concert House s\u2019appuie sur les switches NETGEAR M4250 pour une communication fluide. - NETGEAR Blog\" \/>\n<meta property=\"og:url\" content=\"https:\/\/frhub.netgear.com\/fr\/hub\/business\/case-studies\/av-case-studies\/netgear-m4250-daegu-concert-house\/\" \/>\n<meta property=\"og:site_name\" content=\"NETGEAR Blog\" \/>\n<meta property=\"article:publisher\" content=\"https:\/\/www.facebook.com\/NetgearAU\/\" \/>\n<meta property=\"article:modified_time\" content=\"2025-10-13T11:24:27+00:00\" \/>\n<meta property=\"og:image\" content=\"https:\/\/frhub.netgear.com\/fr\/hub\/wp-content\/uploads\/2025\/10\/Screenshot-2025-01-10-new-383x288-Copie.jpg\" \/>\n\t<meta property=\"og:image:width\" content=\"383\" \/>\n\t<meta property=\"og:image:height\" content=\"288\" \/>\n\t<meta property=\"og:image:type\" content=\"image\/jpeg\" \/>\n<meta name=\"twitter:card\" content=\"summary_large_image\" \/>\n<meta name=\"twitter:site\" content=\"@NETGEAR\" \/>\n<script type=\"application\/ld+json\" class=\"yoast-schema-graph\">{\"@context\":\"https:\\\/\\\/schema.org\",\"@graph\":[{\"@type\":\"WebPage\",\"@id\":\"https:\\\/\\\/frhub.netgear.com\\\/fr\\\/hub\\\/business\\\/case-studies\\\/av-case-studies\\\/netgear-m4250-daegu-concert-house\\\/\",\"url\":\"https:\\\/\\\/frhub.netgear.com\\\/fr\\\/hub\\\/business\\\/case-studies\\\/av-case-studies\\\/netgear-m4250-daegu-concert-house\\\/\",\"name\":\"Daegu Concert House s\u2019appuie sur les switches NETGEAR M4250 pour une communication fluide. - NETGEAR Blog\",\"isPartOf\":{\"@id\":\"https:\\\/\\\/frhub.netgear.com\\\/fr\\\/hub\\\/#website\"},\"primaryImageOfPage\":{\"@id\":\"https:\\\/\\\/frhub.netgear.com\\\/fr\\\/hub\\\/business\\\/case-studies\\\/av-case-studies\\\/netgear-m4250-daegu-concert-house\\\/#primaryimage\"},\"image\":{\"@id\":\"https:\\\/\\\/frhub.netgear.com\\\/fr\\\/hub\\\/business\\\/case-studies\\\/av-case-studies\\\/netgear-m4250-daegu-concert-house\\\/#primaryimage\"},\"thumbnailUrl\":\"https:\\\/\\\/frhub.netgear.com\\\/fr\\\/hub\\\/wp-content\\\/uploads\\\/2025\\\/10\\\/Screenshot-2025-01-10-new-383x288-Copie.jpg\",\"datePublished\":\"2025-10-08T08:24:05+00:00\",\"dateModified\":\"2025-10-13T11:24:27+00:00\",\"breadcrumb\":{\"@id\":\"https:\\\/\\\/frhub.netgear.com\\\/fr\\\/hub\\\/business\\\/case-studies\\\/av-case-studies\\\/netgear-m4250-daegu-concert-house\\\/#breadcrumb\"},\"inLanguage\":\"en-US\",\"potentialAction\":[{\"@type\":\"ReadAction\",\"target\":[\"https:\\\/\\\/frhub.netgear.com\\\/fr\\\/hub\\\/business\\\/case-studies\\\/av-case-studies\\\/netgear-m4250-daegu-concert-house\\\/\"]}]},{\"@type\":\"ImageObject\",\"inLanguage\":\"en-US\",\"@id\":\"https:\\\/\\\/frhub.netgear.com\\\/fr\\\/hub\\\/business\\\/case-studies\\\/av-case-studies\\\/netgear-m4250-daegu-concert-house\\\/#primaryimage\",\"url\":\"https:\\\/\\\/frhub.netgear.com\\\/fr\\\/hub\\\/wp-content\\\/uploads\\\/2025\\\/10\\\/Screenshot-2025-01-10-new-383x288-Copie.jpg\",\"contentUrl\":\"https:\\\/\\\/frhub.netgear.com\\\/fr\\\/hub\\\/wp-content\\\/uploads\\\/2025\\\/10\\\/Screenshot-2025-01-10-new-383x288-Copie.jpg\",\"width\":383,\"height\":288},{\"@type\":\"BreadcrumbList\",\"@id\":\"https:\\\/\\\/frhub.netgear.com\\\/fr\\\/hub\\\/business\\\/case-studies\\\/av-case-studies\\\/netgear-m4250-daegu-concert-house\\\/#breadcrumb\",\"itemListElement\":[{\"@type\":\"ListItem\",\"position\":1,\"name\":\"Home\",\"item\":\"https:\\\/\\\/frhub.netgear.com\\\/fr\\\/hub\\\/\"},{\"@type\":\"ListItem\",\"position\":2,\"name\":\"Entreprises\",\"item\":\"https:\\\/\\\/frhub.netgear.com\\\/fr\\\/hub\\\/business\\\/\"},{\"@type\":\"ListItem\",\"position\":3,\"name\":\"All Case Studies &#8211; FR\",\"item\":\"https:\\\/\\\/frhub.netgear.com\\\/fr\\\/hub\\\/business\\\/case-studies\\\/\"},{\"@type\":\"ListItem\",\"position\":4,\"name\":\"Case Studies &#8211; AV &#8211; FR\",\"item\":\"https:\\\/\\\/frhub.netgear.com\\\/fr\\\/hub\\\/business\\\/case-studies\\\/av-case-studies\\\/\"},{\"@type\":\"ListItem\",\"position\":5,\"name\":\"Daegu Concert House s\u2019appuie sur les switches NETGEAR M4250 pour une communication fluide.\"}]},{\"@type\":\"WebSite\",\"@id\":\"https:\\\/\\\/frhub.netgear.com\\\/fr\\\/hub\\\/#website\",\"url\":\"https:\\\/\\\/frhub.netgear.com\\\/fr\\\/hub\\\/\",\"name\":\"NETGEAR Hub France\",\"description\":\"Explorez les pages de notre blog et parcourez les articles pour en savoir plus sur les produits et la technologie NETGEAR.\",\"publisher\":{\"@id\":\"https:\\\/\\\/frhub.netgear.com\\\/fr\\\/hub\\\/#organization\"},\"potentialAction\":[{\"@type\":\"SearchAction\",\"target\":{\"@type\":\"EntryPoint\",\"urlTemplate\":\"https:\\\/\\\/frhub.netgear.com\\\/fr\\\/hub\\\/?s={search_term_string}\"},\"query-input\":{\"@type\":\"PropertyValueSpecification\",\"valueRequired\":true,\"valueName\":\"search_term_string\"}}],\"inLanguage\":\"en-US\"},{\"@type\":\"Organization\",\"@id\":\"https:\\\/\\\/frhub.netgear.com\\\/fr\\\/hub\\\/#organization\",\"name\":\"NETGEAR\",\"url\":\"https:\\\/\\\/frhub.netgear.com\\\/fr\\\/hub\\\/\",\"logo\":{\"@type\":\"ImageObject\",\"inLanguage\":\"en-US\",\"@id\":\"https:\\\/\\\/frhub.netgear.com\\\/fr\\\/hub\\\/#\\\/schema\\\/logo\\\/image\\\/\",\"url\":\"https:\\\/\\\/www.netgear.com\\\/fr\\\/hub\\\/wp-content\\\/uploads\\\/2019\\\/07\\\/NETGEAR_logo.jpg\",\"contentUrl\":\"https:\\\/\\\/www.netgear.com\\\/fr\\\/hub\\\/wp-content\\\/uploads\\\/2019\\\/07\\\/NETGEAR_logo.jpg\",\"width\":1500,\"height\":501,\"caption\":\"NETGEAR\"},\"image\":{\"@id\":\"https:\\\/\\\/frhub.netgear.com\\\/fr\\\/hub\\\/#\\\/schema\\\/logo\\\/image\\\/\"},\"sameAs\":[\"https:\\\/\\\/www.facebook.com\\\/NetgearAU\\\/\",\"https:\\\/\\\/x.com\\\/NETGEAR\",\"https:\\\/\\\/www.linkedin.com\\\/company\\\/netgear\"]}]}<\/script>\n<!-- \/ Yoast SEO plugin. -->","yoast_head_json":{"title":"Daegu Concert House s\u2019appuie sur les switches NETGEAR M4250 pour une communication fluide. - NETGEAR Blog","robots":{"index":"index","follow":"follow","max-snippet":"max-snippet:-1","max-image-preview":"max-image-preview:large","max-video-preview":"max-video-preview:-1"},"canonical":"https:\/\/frhub.netgear.com\/fr\/hub\/business\/case-studies\/av-case-studies\/netgear-m4250-daegu-concert-house\/","og_locale":"en_US","og_type":"article","og_title":"Daegu Concert House s\u2019appuie sur les switches NETGEAR M4250 pour une communication fluide. - NETGEAR Blog","og_url":"https:\/\/frhub.netgear.com\/fr\/hub\/business\/case-studies\/av-case-studies\/netgear-m4250-daegu-concert-house\/","og_site_name":"NETGEAR Blog","article_publisher":"https:\/\/www.facebook.com\/NetgearAU\/","article_modified_time":"2025-10-13T11:24:27+00:00","og_image":[{"width":383,"height":288,"url":"https:\/\/frhub.netgear.com\/fr\/hub\/wp-content\/uploads\/2025\/10\/Screenshot-2025-01-10-new-383x288-Copie.jpg","type":"image\/jpeg"}],"twitter_card":"summary_large_image","twitter_site":"@NETGEAR","schema":{"@context":"https:\/\/schema.org","@graph":[{"@type":"WebPage","@id":"https:\/\/frhub.netgear.com\/fr\/hub\/business\/case-studies\/av-case-studies\/netgear-m4250-daegu-concert-house\/","url":"https:\/\/frhub.netgear.com\/fr\/hub\/business\/case-studies\/av-case-studies\/netgear-m4250-daegu-concert-house\/","name":"Daegu Concert House s\u2019appuie sur les switches NETGEAR M4250 pour une communication fluide. - NETGEAR Blog","isPartOf":{"@id":"https:\/\/frhub.netgear.com\/fr\/hub\/#website"},"primaryImageOfPage":{"@id":"https:\/\/frhub.netgear.com\/fr\/hub\/business\/case-studies\/av-case-studies\/netgear-m4250-daegu-concert-house\/#primaryimage"},"image":{"@id":"https:\/\/frhub.netgear.com\/fr\/hub\/business\/case-studies\/av-case-studies\/netgear-m4250-daegu-concert-house\/#primaryimage"},"thumbnailUrl":"https:\/\/frhub.netgear.com\/fr\/hub\/wp-content\/uploads\/2025\/10\/Screenshot-2025-01-10-new-383x288-Copie.jpg","datePublished":"2025-10-08T08:24:05+00:00","dateModified":"2025-10-13T11:24:27+00:00","breadcrumb":{"@id":"https:\/\/frhub.netgear.com\/fr\/hub\/business\/case-studies\/av-case-studies\/netgear-m4250-daegu-concert-house\/#breadcrumb"},"inLanguage":"en-US","potentialAction":[{"@type":"ReadAction","target":["https:\/\/frhub.netgear.com\/fr\/hub\/business\/case-studies\/av-case-studies\/netgear-m4250-daegu-concert-house\/"]}]},{"@type":"ImageObject","inLanguage":"en-US","@id":"https:\/\/frhub.netgear.com\/fr\/hub\/business\/case-studies\/av-case-studies\/netgear-m4250-daegu-concert-house\/#primaryimage","url":"https:\/\/frhub.netgear.com\/fr\/hub\/wp-content\/uploads\/2025\/10\/Screenshot-2025-01-10-new-383x288-Copie.jpg","contentUrl":"https:\/\/frhub.netgear.com\/fr\/hub\/wp-content\/uploads\/2025\/10\/Screenshot-2025-01-10-new-383x288-Copie.jpg","width":383,"height":288},{"@type":"BreadcrumbList","@id":"https:\/\/frhub.netgear.com\/fr\/hub\/business\/case-studies\/av-case-studies\/netgear-m4250-daegu-concert-house\/#breadcrumb","itemListElement":[{"@type":"ListItem","position":1,"name":"Home","item":"https:\/\/frhub.netgear.com\/fr\/hub\/"},{"@type":"ListItem","position":2,"name":"Entreprises","item":"https:\/\/frhub.netgear.com\/fr\/hub\/business\/"},{"@type":"ListItem","position":3,"name":"All Case Studies &#8211; FR","item":"https:\/\/frhub.netgear.com\/fr\/hub\/business\/case-studies\/"},{"@type":"ListItem","position":4,"name":"Case Studies &#8211; AV &#8211; FR","item":"https:\/\/frhub.netgear.com\/fr\/hub\/business\/case-studies\/av-case-studies\/"},{"@type":"ListItem","position":5,"name":"Daegu Concert House s\u2019appuie sur les switches NETGEAR M4250 pour une communication fluide."}]},{"@type":"WebSite","@id":"https:\/\/frhub.netgear.com\/fr\/hub\/#website","url":"https:\/\/frhub.netgear.com\/fr\/hub\/","name":"NETGEAR Hub France","description":"Explorez les pages de notre blog et parcourez les articles pour en savoir plus sur les produits et la technologie NETGEAR.","publisher":{"@id":"https:\/\/frhub.netgear.com\/fr\/hub\/#organization"},"potentialAction":[{"@type":"SearchAction","target":{"@type":"EntryPoint","urlTemplate":"https:\/\/frhub.netgear.com\/fr\/hub\/?s={search_term_string}"},"query-input":{"@type":"PropertyValueSpecification","valueRequired":true,"valueName":"search_term_string"}}],"inLanguage":"en-US"},{"@type":"Organization","@id":"https:\/\/frhub.netgear.com\/fr\/hub\/#organization","name":"NETGEAR","url":"https:\/\/frhub.netgear.com\/fr\/hub\/","logo":{"@type":"ImageObject","inLanguage":"en-US","@id":"https:\/\/frhub.netgear.com\/fr\/hub\/#\/schema\/logo\/image\/","url":"https:\/\/www.netgear.com\/fr\/hub\/wp-content\/uploads\/2019\/07\/NETGEAR_logo.jpg","contentUrl":"https:\/\/www.netgear.com\/fr\/hub\/wp-content\/uploads\/2019\/07\/NETGEAR_logo.jpg","width":1500,"height":501,"caption":"NETGEAR"},"image":{"@id":"https:\/\/frhub.netgear.com\/fr\/hub\/#\/schema\/logo\/image\/"},"sameAs":["https:\/\/www.facebook.com\/NetgearAU\/","https:\/\/x.com\/NETGEAR","https:\/\/www.linkedin.com\/company\/netgear"]}]}},"_links":{"self":[{"href":"https:\/\/frhub.netgear.com\/fr\/hub\/wp-json\/wp\/v2\/pages\/11223","targetHints":{"allow":["GET"]}}],"collection":[{"href":"https:\/\/frhub.netgear.com\/fr\/hub\/wp-json\/wp\/v2\/pages"}],"about":[{"href":"https:\/\/frhub.netgear.com\/fr\/hub\/wp-json\/wp\/v2\/types\/page"}],"author":[{"embeddable":true,"href":"https:\/\/frhub.netgear.com\/fr\/hub\/wp-json\/wp\/v2\/users\/97"}],"replies":[{"embeddable":true,"href":"https:\/\/frhub.netgear.com\/fr\/hub\/wp-json\/wp\/v2\/comments?post=11223"}],"version-history":[{"count":3,"href":"https:\/\/frhub.netgear.com\/fr\/hub\/wp-json\/wp\/v2\/pages\/11223\/revisions"}],"predecessor-version":[{"id":11266,"href":"https:\/\/frhub.netgear.com\/fr\/hub\/wp-json\/wp\/v2\/pages\/11223\/revisions\/11266"}],"up":[{"embeddable":true,"href":"https:\/\/frhub.netgear.com\/fr\/hub\/wp-json\/wp\/v2\/pages\/10498"}],"wp:featuredmedia":[{"embeddable":true,"href":"https:\/\/frhub.netgear.com\/fr\/hub\/wp-json\/wp\/v2\/media\/11220"}],"wp:attachment":[{"href":"https:\/\/frhub.netgear.com\/fr\/hub\/wp-json\/wp\/v2\/media?parent=11223"}],"curies":[{"name":"wp","href":"https:\/\/api.w.org\/{rel}","templated":true}]}}