{"id":11212,"date":"2025-01-08T10:13:50","date_gmt":"2025-10-08T08:13:59","guid":{"rendered":"https:\/\/frhub.netgear.com\/fr\/hub\/?page_id=11212"},"modified":"2025-10-13T13:21:31","modified_gmt":"2025-10-13T11:21:31","slug":"nascar-ndi_infrastructure","status":"publish","type":"page","link":"https:\/\/frhub.netgear.com\/fr\/hub\/business\/case-studies\/av-case-studies\/nascar-ndi_infrastructure\/","title":{"rendered":"NASCAR &#8211; Am\u00e9lioration de l\u2019infrastructure NDI gr\u00e2ce aux NETGEAR"},"content":{"rendered":"<p><img loading=\"lazy\" decoding=\"async\" class=\"alignone size-full wp-image-10681\" style=\"border-radius: 1em;\" src=\"https:\/\/frhub.netgear.com\/fr\/hub\/wp-content\/uploads\/2025\/10\/Nascar-Header.jpg\" alt=\"\" width=\"1048\" height=\"511\" \/><\/p>\n    <div class=\"table-of-content bg-gray\">\n        <p><strong>IN THIS ARTICLE<\/strong><\/p>\n        <ul>\n                        <li><a href=\"#topic1\">CONTEXTE<\/a><\/li>\n                        <li><a href=\"#topic2\">D\u00c9FI<\/a><\/li>\n                        <li><a href=\"#topic3\">SOLUTION<\/a><\/li>\n                        <li><a href=\"#topic4\">MISE EN \u0152UVRE<\/a><\/li>\n                        <li><a href=\"#topic5\">R\u00c9SULTATS<\/a><\/li>\n                        <li><a href=\"#topic6\">CONCLUSION<\/a><\/li>\n                        <li><a href=\"#topic7\">PLUS D'INFORMATIONS<\/a><\/li>\n                    <\/ul>\n    <\/div>\n        <div id=\"topic1\" class=\"skip-item\">\n                        <h2>CONTEXTE<\/h2>\n                <div style=\"background-color: #eeeeee;padding: 20px;width: 33%;float: right\">\n<p><strong>Soci\u00e9t\u00e9 : <\/strong><br \/>\nNASCAR<\/p>\n<p><strong>Secteur :<\/strong><br \/>\nSport automobile<\/p>\n<p><strong>Site Web :<\/strong><br \/>\n<a href=\"https:\/\/www.nascar.com\">nascar.com<\/a><\/p>\n<p><strong>Lieu :<\/strong><br \/>\nDaytona Beach, Floride, \u00c9tats-Unis<\/p>\n<\/div>\n<p>NASCAR, la National Association for Stock Car Auto Racing, est l\u2019une des principales organisations de sports m\u00e9caniques au niveau mondial. R\u00e9put\u00e9e pour ses courses palpitantes et sa base de fans passionn\u00e9s, NASCAR s\u2019appuie \u00e9galement sur des technologies de pointe pour offrir des exp\u00e9riences de diffusion de haute qualit\u00e9 \u00e0 des millions de t\u00e9l\u00e9spectateurs.<\/p>\n<p>Fid\u00e8le \u00e0 son engagement en faveur de l\u2019innovation, NASCAR a r\u00e9cemment \u00e9tendu son infrastructure NDI (Network Device Interface) afin de garantir une diffusion vid\u00e9o en direct fluide et en temps r\u00e9el. Cette \u00e9volution s&#8217;inscrit dans une volont\u00e9 d&#8217;am\u00e9lioration continue des capacit\u00e9s techniques n\u00e9cessaires aux retransmissions en direct.<\/p>\n<p>&nbsp;<\/p>\n<p>&nbsp;<\/p>\n<p><img loading=\"lazy\" decoding=\"async\" class=\"size-medium wp-image-11214 aligncenter\" src=\"https:\/\/frhub.netgear.com\/fr\/hub\/wp-content\/uploads\/2025\/10\/Nascar-Header-300x225.jpeg\" alt=\"\" width=\"300\" height=\"225\" srcset=\"https:\/\/frhub.netgear.com\/fr\/hub\/wp-content\/uploads\/2025\/10\/Nascar-Header-300x225.jpeg 300w, https:\/\/frhub.netgear.com\/fr\/hub\/wp-content\/uploads\/2025\/10\/Nascar-Header-1024x768.jpeg 1024w, https:\/\/frhub.netgear.com\/fr\/hub\/wp-content\/uploads\/2025\/10\/Nascar-Header-768x576.jpeg 768w, https:\/\/frhub.netgear.com\/fr\/hub\/wp-content\/uploads\/2025\/10\/Nascar-Header-1536x1152.jpeg 1536w, https:\/\/frhub.netgear.com\/fr\/hub\/wp-content\/uploads\/2025\/10\/Nascar-Header-383x288.jpeg 383w, https:\/\/frhub.netgear.com\/fr\/hub\/wp-content\/uploads\/2025\/10\/Nascar-Header.jpeg 1920w\" sizes=\"auto, (max-width: 300px) 100vw, 300px\" \/><\/p>\n    <\/div>\n        <div id=\"topic2\" class=\"skip-item\">\n                        <h2>D\u00c9FI<\/h2>\n                <p>L\u2019infrastructure r\u00e9seau existante de <strong data-start=\"246\" data-end=\"256\">NASCAR<\/strong> peinait \u00e0 r\u00e9pondre aux exigences \u00e9lev\u00e9es en mati\u00e8re de bande passante et de faible latence impos\u00e9es par les flux <strong data-start=\"370\" data-end=\"377\">NDI<\/strong>, indispensables \u00e0 la production et \u00e0 la diffusion vid\u00e9o en temps r\u00e9el lors des \u00e9v\u00e9nements en direct. L\u2019organisation avait besoin d\u2019une solution fiable et \u00e9volutive pour optimiser ses flux de travail et garantir une diffusion sans faille.<\/p>\n    <\/div>\n        <div id=\"topic3\" class=\"skip-item\">\n                        <h2>SOLUTION<\/h2>\n                <p data-start=\"630\" data-end=\"942\">Pour relever ces d\u00e9fis, <strong data-start=\"654\" data-end=\"664\">NASCAR<\/strong> a int\u00e9gr\u00e9 les <strong data-start=\"679\" data-end=\"714\">switches NETGEAR M4250 et M4350<\/strong> dans son infrastructure. Sp\u00e9cialement con\u00e7ue pour les applications <strong data-start=\"782\" data-end=\"796\">AV-over-IP<\/strong>, la s\u00e9rie <strong data-start=\"807\" data-end=\"816\">M4250<\/strong> offrait les fonctionnalit\u00e9s n\u00e9cessaires pour faire passer les capacit\u00e9s de production vid\u00e9o de NASCAR \u00e0 un niveau sup\u00e9rieur :<\/p>\n<ul data-start=\"944\" data-end=\"1246\">\n<li data-start=\"944\" data-end=\"1037\">\n<p data-start=\"946\" data-end=\"1037\"><strong data-start=\"946\" data-end=\"972\">Haute densit\u00e9 de ports<\/strong> : permet de connecter simultan\u00e9ment de nombreux dispositifs NDI.<\/p>\n<\/li>\n<li data-start=\"1038\" data-end=\"1137\">\n<p data-start=\"1040\" data-end=\"1137\"><strong data-start=\"1040\" data-end=\"1072\">Commutation \u00e0 faible latence<\/strong> : garantit une production vid\u00e9o en temps r\u00e9el sans interruption.<\/p>\n<\/li>\n<li data-start=\"1138\" data-end=\"1246\">\n<p data-start=\"1140\" data-end=\"1246\"><strong data-start=\"1140\" data-end=\"1161\">Gestion intuitive<\/strong> : simplifie la configuration et priorise le trafic AV pour une performance optimale.<\/p>\n<\/li>\n<\/ul>\n<p><img loading=\"lazy\" decoding=\"async\" class=\"alignnone size-medium wp-image-11215 aligncenter\" src=\"https:\/\/frhub.netgear.com\/fr\/hub\/wp-content\/uploads\/2025\/10\/Nascar-1024x293-1-300x86.jpeg\" alt=\"\" width=\"300\" height=\"86\" srcset=\"https:\/\/frhub.netgear.com\/fr\/hub\/wp-content\/uploads\/2025\/10\/Nascar-1024x293-1-300x86.jpeg 300w, https:\/\/frhub.netgear.com\/fr\/hub\/wp-content\/uploads\/2025\/10\/Nascar-1024x293-1-768x220.jpeg 768w, https:\/\/frhub.netgear.com\/fr\/hub\/wp-content\/uploads\/2025\/10\/Nascar-1024x293-1.jpeg 1024w\" sizes=\"auto, (max-width: 300px) 100vw, 300px\" \/><\/p>\n    <\/div>\n        <div id=\"topic4\" class=\"skip-item\">\n                        <h2>MISE EN \u0152UVRE<\/h2>\n                <p><strong data-start=\"1266\" data-end=\"1276\">NASCAR<\/strong> a d\u00e9ploy\u00e9 des <strong data-start=\"1291\" data-end=\"1317\">switches NETGEAR M4250<\/strong> pour former l\u2019ossature de sa nouvelle infrastructure <strong data-start=\"1371\" data-end=\"1378\">NDI<\/strong>. Les switches ont \u00e9t\u00e9 configur\u00e9s pour r\u00e9pondre aux exigences sp\u00e9cifiques du trafic audiovisuel, assurant des flux vid\u00e9o de haute qualit\u00e9 et sans interruption pendant les \u00e9v\u00e9nements en direct. La transition vers ce syst\u00e8me avanc\u00e9 a \u00e9t\u00e9 r\u00e9alis\u00e9e efficacement, permettant \u00e0 NASCAR de respecter ses plannings de production sans perturbations.<\/p>\n    <\/div>\n        <div id=\"topic5\" class=\"skip-item\">\n                        <h2>R\u00c9SULTATS<\/h2>\n                <p data-start=\"1733\" data-end=\"1827\">Le d\u00e9ploiement des <strong data-start=\"1752\" data-end=\"1778\">switches NETGEAR M4250<\/strong> a permis d\u2019apporter des am\u00e9liorations notables :<\/p>\n<ul data-start=\"1829\" data-end=\"2298\">\n<li data-start=\"1829\" data-end=\"1986\">\n<p data-start=\"1831\" data-end=\"1986\"><strong data-start=\"1831\" data-end=\"1865\">Qualit\u00e9 de diffusion am\u00e9lior\u00e9e<\/strong> : NASCAR b\u00e9n\u00e9ficie d\u00e9sormais de flux vid\u00e9o en ultra-faible latence et en haute d\u00e9finition pour ses \u00e9v\u00e9nements en direct.<\/p>\n<\/li>\n<li data-start=\"1987\" data-end=\"2128\">\n<p data-start=\"1989\" data-end=\"2128\"><strong data-start=\"1989\" data-end=\"2018\">Efficacit\u00e9 op\u00e9rationnelle<\/strong> : les flux de travail optimis\u00e9s r\u00e9duisent la complexit\u00e9 de production et acc\u00e9l\u00e8rent les d\u00e9lais de traitement.<\/p>\n<\/li>\n<li data-start=\"2129\" data-end=\"2298\">\n<p data-start=\"2131\" data-end=\"2298\"><strong data-start=\"2131\" data-end=\"2166\">Scalabilit\u00e9 pr\u00eate pour l\u2019avenir<\/strong> : l\u2019infrastructure peut d\u00e9sormais accueillir davantage de dispositifs NDI \u00e0 mesure que NASCAR d\u00e9veloppe ses capacit\u00e9s de diffusion.<\/p>\n<\/li>\n<\/ul>\n    <\/div>\n        <div id=\"topic6\" class=\"skip-item\">\n                        <h2>CONCLUSION<\/h2>\n                <p>En adoptant les <strong data-start=\"2331\" data-end=\"2357\">switches NETGEAR M4250<\/strong>, <strong data-start=\"2359\" data-end=\"2369\">NASCAR<\/strong> a significativement renforc\u00e9 son infrastructure <strong data-start=\"2418\" data-end=\"2425\">NDI<\/strong>, garantissant une diffusion vid\u00e9o fluide et fiable pour ses retransmissions en direct. Cette mise \u00e0 niveau permet \u00e0 l\u2019organisation de continuer \u00e0 offrir une exp\u00e9rience visuelle exceptionnelle \u00e0 son audience mondiale tout en restant \u00e0 la pointe de la technologie broadcast.<\/p>\n    <\/div>\n        <div id=\"topic7\" class=\"skip-item\">\n                        <h2>PLUS D'INFORMATIONS<\/h2>\n                <p><!--SOLUTIONS NETGEAR AV --><\/p>\n<p>Plus d\u2019informations sur nos solutions audiovisuelles<\/p>\n<div class=\"hs-cta-embed hs-cta-simple-placeholder hs-cta-embed-241151160046\" style=\"max-width: 100%;max-height: 100%;width: 260px;height: 50.390625px\" data-hubspot-wrapper-cta-id=\"241151160046\"><a href=\"https:\/\/cta-na2.hubspot.com\/web-interactives\/public\/v1\/track\/redirect?encryptedPayload=AVxigLJf4HGLXU18h5HBrlQTZuKX4p21iriDX%2FD9Weo1E0jc26wgSp32sJpGF%2FrOb977gqk9Skq%2FVgamhq%2FXvCN0mPQ1dmrdARtcNUH8fV5cFOvngo8qJ8EuMyEq%2Fqu2y51zC2FZUVyu97opP5ixVGCiE%2Bg6BOgTVVDljEMF5hhhXUNpnikrl2UTN%2Bb3TA%3D%3D&amp;webInteractiveContentId=241151160046&amp;portalId=242128791\" target=\"_blank\" rel=\"noopener\"><br \/>\n<img decoding=\"async\" style=\"height: 100%;width: 100%;object-fit: fill\" src=\"https:\/\/hubspot-no-cache-na2-prod.s3.amazonaws.com\/cta\/default\/242128791\/interactive-241151160046.png\" alt=\"SOLUTIONS NETGEAR AV\" \/><br \/>\n<\/a><\/div>\n<p><!-- NETGEAR ACADEMY AV --><\/p>\n<p>Apprenez tout sur les r\u00e9seaux IP gr\u00e2ce \u00e0 la NETGEAR ACADEMY<\/p>\n<div class=\"hs-cta-embed hs-cta-simple-placeholder hs-cta-embed-241151160033\" style=\"max-width: 100%;max-height: 100%;width: 260px;height: 50.390625px\" data-hubspot-wrapper-cta-id=\"241151160033\"><a href=\"https:\/\/cta-na2.hubspot.com\/web-interactives\/public\/v1\/track\/redirect?encryptedPayload=AVxigLJ6zgXxrLVJLagOt9pyIXf5%2FGgh9lUupWJj49Nfcbq71eIrrvJQt9JGeaQwNkTAPTWhI2%2BXk56NQscWP4xOQ7iZrhk6rkBjyO4dBlJGP1gG3BpcrdlgLyF%2F850K2l3xn5kDj5H%2Fur8VO2zJH58QH7by4HFWliY25223Shr3sQx25aCmNBjCDkNwA2WRum67F9fGyQyzoYOn86wAq%2Brw3xzsBDMbyw%3D%3D&amp;webInteractiveContentId=241151160033&amp;portalId=242128791\" target=\"_blank\" rel=\"noopener\"><br \/>\n<img decoding=\"async\" style=\"height: 100%;width: 100%;object-fit: fill\" src=\"https:\/\/hubspot-no-cache-na2-prod.s3.amazonaws.com\/cta\/default\/242128791\/interactive-241151160033.png\" alt=\"NETGEAR ACADEMY\" \/><br \/>\n<\/a><\/div>\n<p><!--CONTACTEZ L'EQUIPE PROAV --><\/p>\n<p>Nos ing\u00e9nieurs vous accompagneront gratuitement dans la r\u00e9alisation de vos projets audiovisuels<\/p>\n<div class=\"hs-cta-embed hs-cta-simple-placeholder hs-cta-embed-241151160055\" style=\"max-width: 100%;max-height: 100%;width: 270px;height: 50.390625px\" data-hubspot-wrapper-cta-id=\"241151160055\"><a href=\"https:\/\/cta-na2.hubspot.com\/web-interactives\/public\/v1\/track\/redirect?encryptedPayload=AVxigLLUG9XShtF2ziGdRlpsMD%2BMJ39t1kFOE7VlHl2HmmlWzlJWH0rsV7f3eoQL53gclcWb0lliiDgK3EAMVvEOcIE7gW9aYOwk1uipv43pSUkBlDtiKJ%2BcB7fopWupnJbggqZWRkNERZkdh1dDGXHHDJX3V0sOA8mbXD%2Fd6QC2XK2OyVtrDNFDHbBoT6b15PyvF4Ca3b6JBNTYdAzYeH790XenlNKBP4OKZqw50t7IGx9DuADFMFlNdg6FWQ%3D%3D&amp;webInteractiveContentId=241151160055&amp;portalId=242128791\" target=\"_blank\" rel=\"noopener\"><br \/>\n<img decoding=\"async\" style=\"height: 100%;width: 100%;object-fit: fill\" src=\"https:\/\/hubspot-no-cache-na2-prod.s3.amazonaws.com\/cta\/default\/242128791\/interactive-241151160055.png\" alt=\"CONTACTEZ L'EQUIPE PROAV\" \/><br \/>\n<\/a><\/div>\n<p>&nbsp;<\/p>\n<p><iframe loading=\"lazy\" src=\"https:\/\/405nrr.share-na2.hsforms.com\/24AR2ZDSmQqWycFqf8q5-eg\" width=\"100%\" height=\"1200px\"><\/iframe><\/p>\n    <\/div>\n    \n","protected":false},"excerpt":{"rendered":"","protected":false},"author":97,"featured_media":11216,"parent":10498,"menu_order":0,"comment_status":"closed","ping_status":"closed","template":"templates\/mesh-vs-wifi.php","meta":{"_acf_changed":false,"content-type":"","footnotes":""},"class_list":["post-11212","page","type-page","status-publish","has-post-thumbnail","hentry"],"acf":[],"yoast_head":"<!-- This site is optimized with the Yoast SEO plugin v27.5 - https:\/\/yoast.com\/product\/yoast-seo-wordpress\/ -->\n<title>NASCAR - Am\u00e9lioration de l\u2019infrastructure NDI gr\u00e2ce aux NETGEAR - NETGEAR Blog<\/title>\n<meta name=\"robots\" content=\"index, follow, max-snippet:-1, max-image-preview:large, max-video-preview:-1\" \/>\n<link rel=\"canonical\" href=\"https:\/\/frhub.netgear.com\/fr\/hub\/business\/case-studies\/av-case-studies\/nascar-ndi_infrastructure\/\" \/>\n<meta property=\"og:locale\" content=\"en_US\" \/>\n<meta property=\"og:type\" content=\"article\" \/>\n<meta property=\"og:title\" content=\"NASCAR - Am\u00e9lioration de l\u2019infrastructure NDI gr\u00e2ce aux NETGEAR - NETGEAR Blog\" \/>\n<meta property=\"og:url\" content=\"https:\/\/frhub.netgear.com\/fr\/hub\/business\/case-studies\/av-case-studies\/nascar-ndi_infrastructure\/\" \/>\n<meta property=\"og:site_name\" content=\"NETGEAR Blog\" \/>\n<meta property=\"article:publisher\" content=\"https:\/\/www.facebook.com\/NetgearAU\/\" \/>\n<meta property=\"article:modified_time\" content=\"2025-10-13T11:21:31+00:00\" \/>\n<meta property=\"og:image\" content=\"https:\/\/frhub.netgear.com\/fr\/hub\/wp-content\/uploads\/2025\/10\/Nascar-Daytona-383x288-1.jpg\" \/>\n\t<meta property=\"og:image:width\" content=\"383\" \/>\n\t<meta property=\"og:image:height\" content=\"288\" \/>\n\t<meta property=\"og:image:type\" content=\"image\/jpeg\" \/>\n<meta name=\"twitter:card\" content=\"summary_large_image\" \/>\n<meta name=\"twitter:site\" content=\"@NETGEAR\" \/>\n<script type=\"application\/ld+json\" class=\"yoast-schema-graph\">{\"@context\":\"https:\\\/\\\/schema.org\",\"@graph\":[{\"@type\":\"WebPage\",\"@id\":\"https:\\\/\\\/frhub.netgear.com\\\/fr\\\/hub\\\/business\\\/case-studies\\\/av-case-studies\\\/nascar-ndi_infrastructure\\\/\",\"url\":\"https:\\\/\\\/frhub.netgear.com\\\/fr\\\/hub\\\/business\\\/case-studies\\\/av-case-studies\\\/nascar-ndi_infrastructure\\\/\",\"name\":\"NASCAR - Am\u00e9lioration de l\u2019infrastructure NDI gr\u00e2ce aux NETGEAR - NETGEAR Blog\",\"isPartOf\":{\"@id\":\"https:\\\/\\\/frhub.netgear.com\\\/fr\\\/hub\\\/#website\"},\"primaryImageOfPage\":{\"@id\":\"https:\\\/\\\/frhub.netgear.com\\\/fr\\\/hub\\\/business\\\/case-studies\\\/av-case-studies\\\/nascar-ndi_infrastructure\\\/#primaryimage\"},\"image\":{\"@id\":\"https:\\\/\\\/frhub.netgear.com\\\/fr\\\/hub\\\/business\\\/case-studies\\\/av-case-studies\\\/nascar-ndi_infrastructure\\\/#primaryimage\"},\"thumbnailUrl\":\"https:\\\/\\\/frhub.netgear.com\\\/fr\\\/hub\\\/wp-content\\\/uploads\\\/2025\\\/10\\\/Nascar-Daytona-383x288-1.jpg\",\"datePublished\":\"2025-10-08T08:13:59+00:00\",\"dateModified\":\"2025-10-13T11:21:31+00:00\",\"breadcrumb\":{\"@id\":\"https:\\\/\\\/frhub.netgear.com\\\/fr\\\/hub\\\/business\\\/case-studies\\\/av-case-studies\\\/nascar-ndi_infrastructure\\\/#breadcrumb\"},\"inLanguage\":\"en-US\",\"potentialAction\":[{\"@type\":\"ReadAction\",\"target\":[\"https:\\\/\\\/frhub.netgear.com\\\/fr\\\/hub\\\/business\\\/case-studies\\\/av-case-studies\\\/nascar-ndi_infrastructure\\\/\"]}]},{\"@type\":\"ImageObject\",\"inLanguage\":\"en-US\",\"@id\":\"https:\\\/\\\/frhub.netgear.com\\\/fr\\\/hub\\\/business\\\/case-studies\\\/av-case-studies\\\/nascar-ndi_infrastructure\\\/#primaryimage\",\"url\":\"https:\\\/\\\/frhub.netgear.com\\\/fr\\\/hub\\\/wp-content\\\/uploads\\\/2025\\\/10\\\/Nascar-Daytona-383x288-1.jpg\",\"contentUrl\":\"https:\\\/\\\/frhub.netgear.com\\\/fr\\\/hub\\\/wp-content\\\/uploads\\\/2025\\\/10\\\/Nascar-Daytona-383x288-1.jpg\",\"width\":383,\"height\":288},{\"@type\":\"BreadcrumbList\",\"@id\":\"https:\\\/\\\/frhub.netgear.com\\\/fr\\\/hub\\\/business\\\/case-studies\\\/av-case-studies\\\/nascar-ndi_infrastructure\\\/#breadcrumb\",\"itemListElement\":[{\"@type\":\"ListItem\",\"position\":1,\"name\":\"Home\",\"item\":\"https:\\\/\\\/frhub.netgear.com\\\/fr\\\/hub\\\/\"},{\"@type\":\"ListItem\",\"position\":2,\"name\":\"Entreprises\",\"item\":\"https:\\\/\\\/frhub.netgear.com\\\/fr\\\/hub\\\/business\\\/\"},{\"@type\":\"ListItem\",\"position\":3,\"name\":\"All Case Studies &#8211; FR\",\"item\":\"https:\\\/\\\/frhub.netgear.com\\\/fr\\\/hub\\\/business\\\/case-studies\\\/\"},{\"@type\":\"ListItem\",\"position\":4,\"name\":\"Case Studies &#8211; AV &#8211; FR\",\"item\":\"https:\\\/\\\/frhub.netgear.com\\\/fr\\\/hub\\\/business\\\/case-studies\\\/av-case-studies\\\/\"},{\"@type\":\"ListItem\",\"position\":5,\"name\":\"NASCAR &#8211; Am\u00e9lioration de l\u2019infrastructure NDI gr\u00e2ce aux NETGEAR\"}]},{\"@type\":\"WebSite\",\"@id\":\"https:\\\/\\\/frhub.netgear.com\\\/fr\\\/hub\\\/#website\",\"url\":\"https:\\\/\\\/frhub.netgear.com\\\/fr\\\/hub\\\/\",\"name\":\"NETGEAR Hub France\",\"description\":\"Explorez les pages de notre blog et parcourez les articles pour en savoir plus sur les produits et la technologie NETGEAR.\",\"publisher\":{\"@id\":\"https:\\\/\\\/frhub.netgear.com\\\/fr\\\/hub\\\/#organization\"},\"potentialAction\":[{\"@type\":\"SearchAction\",\"target\":{\"@type\":\"EntryPoint\",\"urlTemplate\":\"https:\\\/\\\/frhub.netgear.com\\\/fr\\\/hub\\\/?s={search_term_string}\"},\"query-input\":{\"@type\":\"PropertyValueSpecification\",\"valueRequired\":true,\"valueName\":\"search_term_string\"}}],\"inLanguage\":\"en-US\"},{\"@type\":\"Organization\",\"@id\":\"https:\\\/\\\/frhub.netgear.com\\\/fr\\\/hub\\\/#organization\",\"name\":\"NETGEAR\",\"url\":\"https:\\\/\\\/frhub.netgear.com\\\/fr\\\/hub\\\/\",\"logo\":{\"@type\":\"ImageObject\",\"inLanguage\":\"en-US\",\"@id\":\"https:\\\/\\\/frhub.netgear.com\\\/fr\\\/hub\\\/#\\\/schema\\\/logo\\\/image\\\/\",\"url\":\"https:\\\/\\\/www.netgear.com\\\/fr\\\/hub\\\/wp-content\\\/uploads\\\/2019\\\/07\\\/NETGEAR_logo.jpg\",\"contentUrl\":\"https:\\\/\\\/www.netgear.com\\\/fr\\\/hub\\\/wp-content\\\/uploads\\\/2019\\\/07\\\/NETGEAR_logo.jpg\",\"width\":1500,\"height\":501,\"caption\":\"NETGEAR\"},\"image\":{\"@id\":\"https:\\\/\\\/frhub.netgear.com\\\/fr\\\/hub\\\/#\\\/schema\\\/logo\\\/image\\\/\"},\"sameAs\":[\"https:\\\/\\\/www.facebook.com\\\/NetgearAU\\\/\",\"https:\\\/\\\/x.com\\\/NETGEAR\",\"https:\\\/\\\/www.linkedin.com\\\/company\\\/netgear\"]}]}<\/script>\n<!-- \/ Yoast SEO plugin. -->","yoast_head_json":{"title":"NASCAR - Am\u00e9lioration de l\u2019infrastructure NDI gr\u00e2ce aux NETGEAR - NETGEAR Blog","robots":{"index":"index","follow":"follow","max-snippet":"max-snippet:-1","max-image-preview":"max-image-preview:large","max-video-preview":"max-video-preview:-1"},"canonical":"https:\/\/frhub.netgear.com\/fr\/hub\/business\/case-studies\/av-case-studies\/nascar-ndi_infrastructure\/","og_locale":"en_US","og_type":"article","og_title":"NASCAR - Am\u00e9lioration de l\u2019infrastructure NDI gr\u00e2ce aux NETGEAR - NETGEAR Blog","og_url":"https:\/\/frhub.netgear.com\/fr\/hub\/business\/case-studies\/av-case-studies\/nascar-ndi_infrastructure\/","og_site_name":"NETGEAR Blog","article_publisher":"https:\/\/www.facebook.com\/NetgearAU\/","article_modified_time":"2025-10-13T11:21:31+00:00","og_image":[{"width":383,"height":288,"url":"https:\/\/frhub.netgear.com\/fr\/hub\/wp-content\/uploads\/2025\/10\/Nascar-Daytona-383x288-1.jpg","type":"image\/jpeg"}],"twitter_card":"summary_large_image","twitter_site":"@NETGEAR","schema":{"@context":"https:\/\/schema.org","@graph":[{"@type":"WebPage","@id":"https:\/\/frhub.netgear.com\/fr\/hub\/business\/case-studies\/av-case-studies\/nascar-ndi_infrastructure\/","url":"https:\/\/frhub.netgear.com\/fr\/hub\/business\/case-studies\/av-case-studies\/nascar-ndi_infrastructure\/","name":"NASCAR - Am\u00e9lioration de l\u2019infrastructure NDI gr\u00e2ce aux NETGEAR - NETGEAR Blog","isPartOf":{"@id":"https:\/\/frhub.netgear.com\/fr\/hub\/#website"},"primaryImageOfPage":{"@id":"https:\/\/frhub.netgear.com\/fr\/hub\/business\/case-studies\/av-case-studies\/nascar-ndi_infrastructure\/#primaryimage"},"image":{"@id":"https:\/\/frhub.netgear.com\/fr\/hub\/business\/case-studies\/av-case-studies\/nascar-ndi_infrastructure\/#primaryimage"},"thumbnailUrl":"https:\/\/frhub.netgear.com\/fr\/hub\/wp-content\/uploads\/2025\/10\/Nascar-Daytona-383x288-1.jpg","datePublished":"2025-10-08T08:13:59+00:00","dateModified":"2025-10-13T11:21:31+00:00","breadcrumb":{"@id":"https:\/\/frhub.netgear.com\/fr\/hub\/business\/case-studies\/av-case-studies\/nascar-ndi_infrastructure\/#breadcrumb"},"inLanguage":"en-US","potentialAction":[{"@type":"ReadAction","target":["https:\/\/frhub.netgear.com\/fr\/hub\/business\/case-studies\/av-case-studies\/nascar-ndi_infrastructure\/"]}]},{"@type":"ImageObject","inLanguage":"en-US","@id":"https:\/\/frhub.netgear.com\/fr\/hub\/business\/case-studies\/av-case-studies\/nascar-ndi_infrastructure\/#primaryimage","url":"https:\/\/frhub.netgear.com\/fr\/hub\/wp-content\/uploads\/2025\/10\/Nascar-Daytona-383x288-1.jpg","contentUrl":"https:\/\/frhub.netgear.com\/fr\/hub\/wp-content\/uploads\/2025\/10\/Nascar-Daytona-383x288-1.jpg","width":383,"height":288},{"@type":"BreadcrumbList","@id":"https:\/\/frhub.netgear.com\/fr\/hub\/business\/case-studies\/av-case-studies\/nascar-ndi_infrastructure\/#breadcrumb","itemListElement":[{"@type":"ListItem","position":1,"name":"Home","item":"https:\/\/frhub.netgear.com\/fr\/hub\/"},{"@type":"ListItem","position":2,"name":"Entreprises","item":"https:\/\/frhub.netgear.com\/fr\/hub\/business\/"},{"@type":"ListItem","position":3,"name":"All Case Studies &#8211; FR","item":"https:\/\/frhub.netgear.com\/fr\/hub\/business\/case-studies\/"},{"@type":"ListItem","position":4,"name":"Case Studies &#8211; AV &#8211; FR","item":"https:\/\/frhub.netgear.com\/fr\/hub\/business\/case-studies\/av-case-studies\/"},{"@type":"ListItem","position":5,"name":"NASCAR &#8211; Am\u00e9lioration de l\u2019infrastructure NDI gr\u00e2ce aux NETGEAR"}]},{"@type":"WebSite","@id":"https:\/\/frhub.netgear.com\/fr\/hub\/#website","url":"https:\/\/frhub.netgear.com\/fr\/hub\/","name":"NETGEAR Hub France","description":"Explorez les pages de notre blog et parcourez les articles pour en savoir plus sur les produits et la technologie NETGEAR.","publisher":{"@id":"https:\/\/frhub.netgear.com\/fr\/hub\/#organization"},"potentialAction":[{"@type":"SearchAction","target":{"@type":"EntryPoint","urlTemplate":"https:\/\/frhub.netgear.com\/fr\/hub\/?s={search_term_string}"},"query-input":{"@type":"PropertyValueSpecification","valueRequired":true,"valueName":"search_term_string"}}],"inLanguage":"en-US"},{"@type":"Organization","@id":"https:\/\/frhub.netgear.com\/fr\/hub\/#organization","name":"NETGEAR","url":"https:\/\/frhub.netgear.com\/fr\/hub\/","logo":{"@type":"ImageObject","inLanguage":"en-US","@id":"https:\/\/frhub.netgear.com\/fr\/hub\/#\/schema\/logo\/image\/","url":"https:\/\/www.netgear.com\/fr\/hub\/wp-content\/uploads\/2019\/07\/NETGEAR_logo.jpg","contentUrl":"https:\/\/www.netgear.com\/fr\/hub\/wp-content\/uploads\/2019\/07\/NETGEAR_logo.jpg","width":1500,"height":501,"caption":"NETGEAR"},"image":{"@id":"https:\/\/frhub.netgear.com\/fr\/hub\/#\/schema\/logo\/image\/"},"sameAs":["https:\/\/www.facebook.com\/NetgearAU\/","https:\/\/x.com\/NETGEAR","https:\/\/www.linkedin.com\/company\/netgear"]}]}},"_links":{"self":[{"href":"https:\/\/frhub.netgear.com\/fr\/hub\/wp-json\/wp\/v2\/pages\/11212","targetHints":{"allow":["GET"]}}],"collection":[{"href":"https:\/\/frhub.netgear.com\/fr\/hub\/wp-json\/wp\/v2\/pages"}],"about":[{"href":"https:\/\/frhub.netgear.com\/fr\/hub\/wp-json\/wp\/v2\/types\/page"}],"author":[{"embeddable":true,"href":"https:\/\/frhub.netgear.com\/fr\/hub\/wp-json\/wp\/v2\/users\/97"}],"replies":[{"embeddable":true,"href":"https:\/\/frhub.netgear.com\/fr\/hub\/wp-json\/wp\/v2\/comments?post=11212"}],"version-history":[{"count":2,"href":"https:\/\/frhub.netgear.com\/fr\/hub\/wp-json\/wp\/v2\/pages\/11212\/revisions"}],"predecessor-version":[{"id":11265,"href":"https:\/\/frhub.netgear.com\/fr\/hub\/wp-json\/wp\/v2\/pages\/11212\/revisions\/11265"}],"up":[{"embeddable":true,"href":"https:\/\/frhub.netgear.com\/fr\/hub\/wp-json\/wp\/v2\/pages\/10498"}],"wp:featuredmedia":[{"embeddable":true,"href":"https:\/\/frhub.netgear.com\/fr\/hub\/wp-json\/wp\/v2\/media\/11216"}],"wp:attachment":[{"href":"https:\/\/frhub.netgear.com\/fr\/hub\/wp-json\/wp\/v2\/media?parent=11212"}],"curies":[{"name":"wp","href":"https:\/\/api.w.org\/{rel}","templated":true}]}}