{"id":11141,"date":"2025-06-16T15:56:50","date_gmt":"2025-10-06T13:56:04","guid":{"rendered":"https:\/\/frhub.netgear.com\/fr\/hub\/?page_id=11141"},"modified":"2025-10-13T13:13:31","modified_gmt":"2025-10-13T11:13:31","slug":"how-netgear-powers-londons-most-unique-sports-and-entertainment-venue","status":"publish","type":"page","link":"https:\/\/frhub.netgear.com\/fr\/hub\/business\/case-studies\/av-case-studies\/how-netgear-powers-londons-most-unique-sports-and-entertainment-venue\/","title":{"rendered":"Comment NETGEAR alimente le lieu de divertissement et de sport le plus unique de Londres"},"content":{"rendered":"<p><img loading=\"lazy\" decoding=\"async\" class=\"alignone size-full wp-image-10681\" style=\"border-radius: 1em;\" src=\"https:\/\/frhub.netgear.com\/fr\/hub\/wp-content\/uploads\/2025\/10\/Bloodsports-8-1.jpg\" alt=\"\" width=\"1048\" height=\"511\" \/><\/p>\n    <div class=\"table-of-content bg-gray\">\n        <p><strong>IN THIS ARTICLE<\/strong><\/p>\n        <ul>\n                        <li><a href=\"#topic1\">BLOODSPORTS<\/a><\/li>\n                        <li><a href=\"#topic2\">LE PROJET<\/a><\/li>\n                        <li><a href=\"#topic3\">LA SOLUTION<\/a><\/li>\n                        <li><a href=\"#topic4\">LES R\u00c9SULTATS<\/a><\/li>\n                        <li><a href=\"#topic5\">PR\u00caT \u00c0 TRANSFORMER VOTRE INFRASTRUCTURE ?<\/a><\/li>\n                        <li><a href=\"#topic6\">PLUS D'INFORMATIONS<\/a><\/li>\n                    <\/ul>\n    <\/div>\n        <div id=\"topic1\" class=\"skip-item\">\n                        <h2>BLOODSPORTS<\/h2>\n                <div style=\"background-color: #eeeeee;padding: 20px;width: 33%;float: right\">\n<p><strong>Soci\u00e9t\u00e9 : <\/strong><br \/>\nBLOODsports<\/p>\n<p><strong>Secteur :<\/strong><br \/>\nH\u00f4tellerie et loisirs<\/p>\n<p><strong>Site Web :<\/strong><br \/>\n<a href=\"https:\/\/www.bloodsports.co\/\">bloodsorts.co<\/a><\/p>\n<p><strong>Lieu :<\/strong><br \/>\nCovent Garden, Londres, UK<\/p>\n<\/div>\n<p>Au c\u0153ur du quartier anim\u00e9 de Covent Garden \u00e0 Londres, BLOODsports est un lieu immersif qui se transforme, passant d\u2019un paradis multisports aux multiples \u00e9crans en journ\u00e9e \u00e0 un bar d\u2019ambiance horrifique une fois la nuit tomb\u00e9e.<\/p>\n<p>Derri\u00e8re cette exp\u00e9rience fluide se cache une installation audiovisuelle sophistiqu\u00e9e, reposant sur la technologie r\u00e9seau de NETGEAR.<\/p>\n    <\/div>\n        <div id=\"topic2\" class=\"skip-item\">\n                        <h2>LE PROJET<\/h2>\n                <p data-start=\"503\" data-end=\"547\"><strong data-start=\"503\" data-end=\"547\">Un lieu qui exige l\u2019excellence technique<\/strong><\/p>\n<p data-start=\"549\" data-end=\"764\">Lorsque <strong data-start=\"557\" data-end=\"574\">Scott Collins<\/strong>, fondateur de la cha\u00eene \u00e0 succ\u00e8s <strong data-start=\"608\" data-end=\"622\">MEATliquor<\/strong>, a imagin\u00e9 BLOODsports, il savait que l\u2019exp\u00e9rience audiovisuelle serait d\u00e9terminante pour le succ\u00e8s du concept. Les d\u00e9fis \u00e9taient de taille :<\/p>\n<ul data-start=\"766\" data-end=\"1161\">\n<li data-start=\"766\" data-end=\"838\">\n<p data-start=\"768\" data-end=\"838\">G\u00e9rer <strong data-start=\"774\" data-end=\"787\">28 \u00e9crans<\/strong> dans un espace ouvert sans s\u00e9parations physiques<\/p>\n<\/li>\n<li data-start=\"839\" data-end=\"906\">\n<p data-start=\"841\" data-end=\"906\">Cr\u00e9er des <strong data-start=\"851\" data-end=\"877\">zones audio distinctes<\/strong> sans interf\u00e9rences sonores<\/p>\n<\/li>\n<li data-start=\"907\" data-end=\"1001\">\n<p data-start=\"909\" data-end=\"1001\">Prendre en charge <strong data-start=\"927\" data-end=\"954\">plusieurs sources vid\u00e9o<\/strong> (d\u00e9codeurs Sky, services de streaming, etc.)<\/p>\n<\/li>\n<li data-start=\"1002\" data-end=\"1070\">\n<p data-start=\"1004\" data-end=\"1070\">Diffuser de la <strong data-start=\"1019\" data-end=\"1038\">vid\u00e9o 4K \u00e0 60Hz<\/strong> sur plusieurs flux simultan\u00e9s<\/p>\n<\/li>\n<li data-start=\"1071\" data-end=\"1161\">\n<p data-start=\"1073\" data-end=\"1161\">Proposer une <strong data-start=\"1086\" data-end=\"1121\">interface de contr\u00f4le intuitive<\/strong> accessible \u00e0 un personnel non technique<\/p>\n<\/li>\n<\/ul>\n    <\/div>\n        <div id=\"topic3\" class=\"skip-item\">\n                        <h2>LA SOLUTION<\/h2>\n                <p data-start=\"1189\" data-end=\"1463\">L\u2019int\u00e9grateur londonien <strong data-start=\"1213\" data-end=\"1225\">Tateside<\/strong> a fait appel aux <strong data-start=\"1243\" data-end=\"1268\">switches NETGEAR POE+<\/strong> pour relever ce d\u00e9fi ambitieux. La technologie r\u00e9seau AV de NETGEAR constitue l\u2019\u00e9pine dorsale d\u2019un syst\u00e8me <strong data-start=\"1376\" data-end=\"1395\">Blustream IP300<\/strong> de distribution vid\u00e9o sur IP offrant une qualit\u00e9 4K exceptionnelle.<\/p>\n<p data-start=\"1465\" data-end=\"1748\">Le son est diffus\u00e9 via <strong data-start=\"1488\" data-end=\"1497\">Dante<\/strong> avec des enceintes <strong data-start=\"1517\" data-end=\"1533\">Martin Audio<\/strong> et <strong data-start=\"1537\" data-end=\"1555\">Void Acoustics<\/strong>, un <strong data-start=\"1560\" data-end=\"1600\">bandeau LED personnalis\u00e9 de 9 m\u00e8tres<\/strong> affiche promotions et statistiques sportives, et le tout est pilot\u00e9 gr\u00e2ce \u00e0 un syst\u00e8me de contr\u00f4le <strong data-start=\"1700\" data-end=\"1709\">Q-SYS<\/strong>, pour une gestion simple et intuitive.<\/p>\n<blockquote data-start=\"1750\" data-end=\"1985\">\n<p data-start=\"1752\" data-end=\"1985\"><em data-start=\"1752\" data-end=\"1920\">\u00ab NETGEAR est une marque de confiance. Leurs switches garantissent que notre installation, enti\u00e8rement bas\u00e9e sur des \u00e9quipements connect\u00e9s, reste robuste et fiable \u00bb,<\/em><br data-start=\"1920\" data-end=\"1923\" \/>d\u00e9clare <strong data-start=\"1933\" data-end=\"1949\">Jack Cornish<\/strong>, Directeur technique chez Tateside.<\/p>\n<\/blockquote>\n    <\/div>\n        <div id=\"topic4\" class=\"skip-item\">\n                        <h2>LES R\u00c9SULTATS<\/h2>\n                <p data-start=\"2015\" data-end=\"2211\">Depuis son ouverture, <strong data-start=\"2037\" data-end=\"2052\">BLOODsports<\/strong> s\u2019est rapidement impos\u00e9 comme l\u2019un des lieux de divertissement les plus originaux de Londres, salu\u00e9 notamment pour son <strong data-start=\"2172\" data-end=\"2210\">exp\u00e9rience audiovisuelle immersive<\/strong>.<\/p>\n<p data-start=\"2213\" data-end=\"2427\">L\u2019infrastructure propuls\u00e9e par NETGEAR fonctionne sans accroc, permettant au personnel de <strong data-start=\"2303\" data-end=\"2333\">basculer en toute fluidit\u00e9<\/strong> d\u2019un environnement de retransmission sportive en journ\u00e9e \u00e0 un univers d\u2019horreur le soir venu.<\/p>\n<blockquote data-start=\"2429\" data-end=\"2627\">\n<p data-start=\"2431\" data-end=\"2627\"><em data-start=\"2431\" data-end=\"2576\">\u00ab L\u2019installation AV de BLOODsports est d\u2019un autre niveau : chaque \u00e9cran, chaque haut-parleur fonctionne parfaitement, sans le moindre accroc \u00bb,<\/em><br data-start=\"2576\" data-end=\"2579\" \/>explique <strong data-start=\"2590\" data-end=\"2607\">Scott Collins<\/strong>, fondateur du lieu.<\/p>\n<\/blockquote>\n    <\/div>\n        <div id=\"topic5\" class=\"skip-item\">\n                        <h2>PR\u00caT \u00c0 TRANSFORMER VOTRE INFRASTRUCTURE ?<\/h2>\n                <p>BLOODsports montre comment une infrastructure r\u00e9seau bien pens\u00e9e peut transformer radicalement l\u2019exp\u00e9rience client dans le secteur de l\u2019h\u00f4tellerie et du divertissement.<\/p>\n    <\/div>\n        <div id=\"topic6\" class=\"skip-item\">\n                        <h2>PLUS D'INFORMATIONS<\/h2>\n                <p><!--SOLUTIONS NETGEAR AV --><\/p>\n<p>Plus d\u2019informations sur nos solutions audiovisuelles<\/p>\n<div class=\"hs-cta-embed hs-cta-simple-placeholder hs-cta-embed-241151160046\" style=\"max-width: 100%;max-height: 100%;width: 260px;height: 50.390625px\" data-hubspot-wrapper-cta-id=\"241151160046\"><a href=\"https:\/\/cta-na2.hubspot.com\/web-interactives\/public\/v1\/track\/redirect?encryptedPayload=AVxigLJf4HGLXU18h5HBrlQTZuKX4p21iriDX%2FD9Weo1E0jc26wgSp32sJpGF%2FrOb977gqk9Skq%2FVgamhq%2FXvCN0mPQ1dmrdARtcNUH8fV5cFOvngo8qJ8EuMyEq%2Fqu2y51zC2FZUVyu97opP5ixVGCiE%2Bg6BOgTVVDljEMF5hhhXUNpnikrl2UTN%2Bb3TA%3D%3D&amp;webInteractiveContentId=241151160046&amp;portalId=242128791\" target=\"_blank\" rel=\"noopener\"><br \/>\n<img decoding=\"async\" style=\"height: 100%;width: 100%;object-fit: fill\" src=\"https:\/\/hubspot-no-cache-na2-prod.s3.amazonaws.com\/cta\/default\/242128791\/interactive-241151160046.png\" alt=\"SOLUTIONS NETGEAR AV\" \/><br \/>\n<\/a><\/div>\n<p><!-- NETGEAR ACADEMY AV --><\/p>\n<p>Apprenez tout sur les r\u00e9seaux IP gr\u00e2ce \u00e0 la NETGEAR ACADEMY<\/p>\n<div class=\"hs-cta-embed hs-cta-simple-placeholder hs-cta-embed-241151160033\" style=\"max-width: 100%;max-height: 100%;width: 260px;height: 50.390625px\" data-hubspot-wrapper-cta-id=\"241151160033\"><a href=\"https:\/\/cta-na2.hubspot.com\/web-interactives\/public\/v1\/track\/redirect?encryptedPayload=AVxigLJ6zgXxrLVJLagOt9pyIXf5%2FGgh9lUupWJj49Nfcbq71eIrrvJQt9JGeaQwNkTAPTWhI2%2BXk56NQscWP4xOQ7iZrhk6rkBjyO4dBlJGP1gG3BpcrdlgLyF%2F850K2l3xn5kDj5H%2Fur8VO2zJH58QH7by4HFWliY25223Shr3sQx25aCmNBjCDkNwA2WRum67F9fGyQyzoYOn86wAq%2Brw3xzsBDMbyw%3D%3D&amp;webInteractiveContentId=241151160033&amp;portalId=242128791\" target=\"_blank\" rel=\"noopener\"><br \/>\n<img decoding=\"async\" style=\"height: 100%;width: 100%;object-fit: fill\" src=\"https:\/\/hubspot-no-cache-na2-prod.s3.amazonaws.com\/cta\/default\/242128791\/interactive-241151160033.png\" alt=\"NETGEAR ACADEMY\" \/><br \/>\n<\/a><\/div>\n<p><!--CONTACTEZ L'EQUIPE PROAV --><\/p>\n<p>Nos ing\u00e9nieurs vous accompagneront gratuitement dans la r\u00e9alisation de vos projets audiovisuels<\/p>\n<div class=\"hs-cta-embed hs-cta-simple-placeholder hs-cta-embed-241151160055\" style=\"max-width: 100%;max-height: 100%;width: 270px;height: 50.390625px\" data-hubspot-wrapper-cta-id=\"241151160055\"><a href=\"https:\/\/cta-na2.hubspot.com\/web-interactives\/public\/v1\/track\/redirect?encryptedPayload=AVxigLLUG9XShtF2ziGdRlpsMD%2BMJ39t1kFOE7VlHl2HmmlWzlJWH0rsV7f3eoQL53gclcWb0lliiDgK3EAMVvEOcIE7gW9aYOwk1uipv43pSUkBlDtiKJ%2BcB7fopWupnJbggqZWRkNERZkdh1dDGXHHDJX3V0sOA8mbXD%2Fd6QC2XK2OyVtrDNFDHbBoT6b15PyvF4Ca3b6JBNTYdAzYeH790XenlNKBP4OKZqw50t7IGx9DuADFMFlNdg6FWQ%3D%3D&amp;webInteractiveContentId=241151160055&amp;portalId=242128791\" target=\"_blank\" rel=\"noopener\"><br \/>\n<img decoding=\"async\" style=\"height: 100%;width: 100%;object-fit: fill\" src=\"https:\/\/hubspot-no-cache-na2-prod.s3.amazonaws.com\/cta\/default\/242128791\/interactive-241151160055.png\" alt=\"CONTACTEZ L'EQUIPE PROAV\" \/><br \/>\n<\/a><\/div>\n    <\/div>\n        <div id=\"topic7\" class=\"skip-item\">\n                        <p><iframe loading=\"lazy\" src=\"https:\/\/405nrr.share-na2.hsforms.com\/24AR2ZDSmQqWycFqf8q5-eg\" width=\"100%\" height=\"1200px\"><\/iframe><\/p>\n    <\/div>\n    \n","protected":false},"excerpt":{"rendered":"","protected":false},"author":97,"featured_media":11143,"parent":10498,"menu_order":0,"comment_status":"closed","ping_status":"closed","template":"templates\/mesh-vs-wifi.php","meta":{"_acf_changed":false,"content-type":"","footnotes":""},"class_list":["post-11141","page","type-page","status-publish","has-post-thumbnail","hentry"],"acf":[],"yoast_head":"<!-- This site is optimized with the Yoast SEO plugin v27.5 - https:\/\/yoast.com\/product\/yoast-seo-wordpress\/ -->\n<title>Comment NETGEAR alimente le lieu de divertissement et de sport le plus unique de Londres - NETGEAR Blog<\/title>\n<meta name=\"robots\" content=\"index, follow, max-snippet:-1, max-image-preview:large, max-video-preview:-1\" \/>\n<link rel=\"canonical\" href=\"https:\/\/frhub.netgear.com\/fr\/hub\/business\/case-studies\/av-case-studies\/how-netgear-powers-londons-most-unique-sports-and-entertainment-venue\/\" \/>\n<meta property=\"og:locale\" content=\"en_US\" \/>\n<meta property=\"og:type\" content=\"article\" \/>\n<meta property=\"og:title\" content=\"Comment NETGEAR alimente le lieu de divertissement et de sport le plus unique de Londres - NETGEAR Blog\" \/>\n<meta property=\"og:url\" content=\"https:\/\/frhub.netgear.com\/fr\/hub\/business\/case-studies\/av-case-studies\/how-netgear-powers-londons-most-unique-sports-and-entertainment-venue\/\" \/>\n<meta property=\"og:site_name\" content=\"NETGEAR Blog\" \/>\n<meta property=\"article:publisher\" content=\"https:\/\/www.facebook.com\/NetgearAU\/\" \/>\n<meta property=\"article:modified_time\" content=\"2025-10-13T11:13:31+00:00\" \/>\n<meta property=\"og:image\" content=\"https:\/\/frhub.netgear.com\/fr\/hub\/wp-content\/uploads\/2025\/10\/BloodsportColour-1-e1741239868691-383x288-2.png\" \/>\n\t<meta property=\"og:image:width\" content=\"383\" \/>\n\t<meta property=\"og:image:height\" content=\"288\" \/>\n\t<meta property=\"og:image:type\" content=\"image\/png\" \/>\n<meta name=\"twitter:card\" content=\"summary_large_image\" \/>\n<meta name=\"twitter:site\" content=\"@NETGEAR\" \/>\n<script type=\"application\/ld+json\" class=\"yoast-schema-graph\">{\"@context\":\"https:\\\/\\\/schema.org\",\"@graph\":[{\"@type\":\"WebPage\",\"@id\":\"https:\\\/\\\/frhub.netgear.com\\\/fr\\\/hub\\\/business\\\/case-studies\\\/av-case-studies\\\/how-netgear-powers-londons-most-unique-sports-and-entertainment-venue\\\/\",\"url\":\"https:\\\/\\\/frhub.netgear.com\\\/fr\\\/hub\\\/business\\\/case-studies\\\/av-case-studies\\\/how-netgear-powers-londons-most-unique-sports-and-entertainment-venue\\\/\",\"name\":\"Comment NETGEAR alimente le lieu de divertissement et de sport le plus unique de Londres - NETGEAR Blog\",\"isPartOf\":{\"@id\":\"https:\\\/\\\/frhub.netgear.com\\\/fr\\\/hub\\\/#website\"},\"primaryImageOfPage\":{\"@id\":\"https:\\\/\\\/frhub.netgear.com\\\/fr\\\/hub\\\/business\\\/case-studies\\\/av-case-studies\\\/how-netgear-powers-londons-most-unique-sports-and-entertainment-venue\\\/#primaryimage\"},\"image\":{\"@id\":\"https:\\\/\\\/frhub.netgear.com\\\/fr\\\/hub\\\/business\\\/case-studies\\\/av-case-studies\\\/how-netgear-powers-londons-most-unique-sports-and-entertainment-venue\\\/#primaryimage\"},\"thumbnailUrl\":\"https:\\\/\\\/frhub.netgear.com\\\/fr\\\/hub\\\/wp-content\\\/uploads\\\/2025\\\/10\\\/BloodsportColour-1-e1741239868691-383x288-2.png\",\"datePublished\":\"2025-10-06T13:56:04+00:00\",\"dateModified\":\"2025-10-13T11:13:31+00:00\",\"breadcrumb\":{\"@id\":\"https:\\\/\\\/frhub.netgear.com\\\/fr\\\/hub\\\/business\\\/case-studies\\\/av-case-studies\\\/how-netgear-powers-londons-most-unique-sports-and-entertainment-venue\\\/#breadcrumb\"},\"inLanguage\":\"en-US\",\"potentialAction\":[{\"@type\":\"ReadAction\",\"target\":[\"https:\\\/\\\/frhub.netgear.com\\\/fr\\\/hub\\\/business\\\/case-studies\\\/av-case-studies\\\/how-netgear-powers-londons-most-unique-sports-and-entertainment-venue\\\/\"]}]},{\"@type\":\"ImageObject\",\"inLanguage\":\"en-US\",\"@id\":\"https:\\\/\\\/frhub.netgear.com\\\/fr\\\/hub\\\/business\\\/case-studies\\\/av-case-studies\\\/how-netgear-powers-londons-most-unique-sports-and-entertainment-venue\\\/#primaryimage\",\"url\":\"https:\\\/\\\/frhub.netgear.com\\\/fr\\\/hub\\\/wp-content\\\/uploads\\\/2025\\\/10\\\/BloodsportColour-1-e1741239868691-383x288-2.png\",\"contentUrl\":\"https:\\\/\\\/frhub.netgear.com\\\/fr\\\/hub\\\/wp-content\\\/uploads\\\/2025\\\/10\\\/BloodsportColour-1-e1741239868691-383x288-2.png\",\"width\":383,\"height\":288},{\"@type\":\"BreadcrumbList\",\"@id\":\"https:\\\/\\\/frhub.netgear.com\\\/fr\\\/hub\\\/business\\\/case-studies\\\/av-case-studies\\\/how-netgear-powers-londons-most-unique-sports-and-entertainment-venue\\\/#breadcrumb\",\"itemListElement\":[{\"@type\":\"ListItem\",\"position\":1,\"name\":\"Home\",\"item\":\"https:\\\/\\\/frhub.netgear.com\\\/fr\\\/hub\\\/\"},{\"@type\":\"ListItem\",\"position\":2,\"name\":\"Entreprises\",\"item\":\"https:\\\/\\\/frhub.netgear.com\\\/fr\\\/hub\\\/business\\\/\"},{\"@type\":\"ListItem\",\"position\":3,\"name\":\"All Case Studies &#8211; FR\",\"item\":\"https:\\\/\\\/frhub.netgear.com\\\/fr\\\/hub\\\/business\\\/case-studies\\\/\"},{\"@type\":\"ListItem\",\"position\":4,\"name\":\"Case Studies &#8211; AV &#8211; FR\",\"item\":\"https:\\\/\\\/frhub.netgear.com\\\/fr\\\/hub\\\/business\\\/case-studies\\\/av-case-studies\\\/\"},{\"@type\":\"ListItem\",\"position\":5,\"name\":\"Comment NETGEAR alimente le lieu de divertissement et de sport le plus unique de Londres\"}]},{\"@type\":\"WebSite\",\"@id\":\"https:\\\/\\\/frhub.netgear.com\\\/fr\\\/hub\\\/#website\",\"url\":\"https:\\\/\\\/frhub.netgear.com\\\/fr\\\/hub\\\/\",\"name\":\"NETGEAR Hub France\",\"description\":\"Explorez les pages de notre blog et parcourez les articles pour en savoir plus sur les produits et la technologie NETGEAR.\",\"publisher\":{\"@id\":\"https:\\\/\\\/frhub.netgear.com\\\/fr\\\/hub\\\/#organization\"},\"potentialAction\":[{\"@type\":\"SearchAction\",\"target\":{\"@type\":\"EntryPoint\",\"urlTemplate\":\"https:\\\/\\\/frhub.netgear.com\\\/fr\\\/hub\\\/?s={search_term_string}\"},\"query-input\":{\"@type\":\"PropertyValueSpecification\",\"valueRequired\":true,\"valueName\":\"search_term_string\"}}],\"inLanguage\":\"en-US\"},{\"@type\":\"Organization\",\"@id\":\"https:\\\/\\\/frhub.netgear.com\\\/fr\\\/hub\\\/#organization\",\"name\":\"NETGEAR\",\"url\":\"https:\\\/\\\/frhub.netgear.com\\\/fr\\\/hub\\\/\",\"logo\":{\"@type\":\"ImageObject\",\"inLanguage\":\"en-US\",\"@id\":\"https:\\\/\\\/frhub.netgear.com\\\/fr\\\/hub\\\/#\\\/schema\\\/logo\\\/image\\\/\",\"url\":\"https:\\\/\\\/www.netgear.com\\\/fr\\\/hub\\\/wp-content\\\/uploads\\\/2019\\\/07\\\/NETGEAR_logo.jpg\",\"contentUrl\":\"https:\\\/\\\/www.netgear.com\\\/fr\\\/hub\\\/wp-content\\\/uploads\\\/2019\\\/07\\\/NETGEAR_logo.jpg\",\"width\":1500,\"height\":501,\"caption\":\"NETGEAR\"},\"image\":{\"@id\":\"https:\\\/\\\/frhub.netgear.com\\\/fr\\\/hub\\\/#\\\/schema\\\/logo\\\/image\\\/\"},\"sameAs\":[\"https:\\\/\\\/www.facebook.com\\\/NetgearAU\\\/\",\"https:\\\/\\\/x.com\\\/NETGEAR\",\"https:\\\/\\\/www.linkedin.com\\\/company\\\/netgear\"]}]}<\/script>\n<!-- \/ Yoast SEO plugin. -->","yoast_head_json":{"title":"Comment NETGEAR alimente le lieu de divertissement et de sport le plus unique de Londres - NETGEAR Blog","robots":{"index":"index","follow":"follow","max-snippet":"max-snippet:-1","max-image-preview":"max-image-preview:large","max-video-preview":"max-video-preview:-1"},"canonical":"https:\/\/frhub.netgear.com\/fr\/hub\/business\/case-studies\/av-case-studies\/how-netgear-powers-londons-most-unique-sports-and-entertainment-venue\/","og_locale":"en_US","og_type":"article","og_title":"Comment NETGEAR alimente le lieu de divertissement et de sport le plus unique de Londres - NETGEAR Blog","og_url":"https:\/\/frhub.netgear.com\/fr\/hub\/business\/case-studies\/av-case-studies\/how-netgear-powers-londons-most-unique-sports-and-entertainment-venue\/","og_site_name":"NETGEAR Blog","article_publisher":"https:\/\/www.facebook.com\/NetgearAU\/","article_modified_time":"2025-10-13T11:13:31+00:00","og_image":[{"width":383,"height":288,"url":"https:\/\/frhub.netgear.com\/fr\/hub\/wp-content\/uploads\/2025\/10\/BloodsportColour-1-e1741239868691-383x288-2.png","type":"image\/png"}],"twitter_card":"summary_large_image","twitter_site":"@NETGEAR","schema":{"@context":"https:\/\/schema.org","@graph":[{"@type":"WebPage","@id":"https:\/\/frhub.netgear.com\/fr\/hub\/business\/case-studies\/av-case-studies\/how-netgear-powers-londons-most-unique-sports-and-entertainment-venue\/","url":"https:\/\/frhub.netgear.com\/fr\/hub\/business\/case-studies\/av-case-studies\/how-netgear-powers-londons-most-unique-sports-and-entertainment-venue\/","name":"Comment NETGEAR alimente le lieu de divertissement et de sport le plus unique de Londres - NETGEAR Blog","isPartOf":{"@id":"https:\/\/frhub.netgear.com\/fr\/hub\/#website"},"primaryImageOfPage":{"@id":"https:\/\/frhub.netgear.com\/fr\/hub\/business\/case-studies\/av-case-studies\/how-netgear-powers-londons-most-unique-sports-and-entertainment-venue\/#primaryimage"},"image":{"@id":"https:\/\/frhub.netgear.com\/fr\/hub\/business\/case-studies\/av-case-studies\/how-netgear-powers-londons-most-unique-sports-and-entertainment-venue\/#primaryimage"},"thumbnailUrl":"https:\/\/frhub.netgear.com\/fr\/hub\/wp-content\/uploads\/2025\/10\/BloodsportColour-1-e1741239868691-383x288-2.png","datePublished":"2025-10-06T13:56:04+00:00","dateModified":"2025-10-13T11:13:31+00:00","breadcrumb":{"@id":"https:\/\/frhub.netgear.com\/fr\/hub\/business\/case-studies\/av-case-studies\/how-netgear-powers-londons-most-unique-sports-and-entertainment-venue\/#breadcrumb"},"inLanguage":"en-US","potentialAction":[{"@type":"ReadAction","target":["https:\/\/frhub.netgear.com\/fr\/hub\/business\/case-studies\/av-case-studies\/how-netgear-powers-londons-most-unique-sports-and-entertainment-venue\/"]}]},{"@type":"ImageObject","inLanguage":"en-US","@id":"https:\/\/frhub.netgear.com\/fr\/hub\/business\/case-studies\/av-case-studies\/how-netgear-powers-londons-most-unique-sports-and-entertainment-venue\/#primaryimage","url":"https:\/\/frhub.netgear.com\/fr\/hub\/wp-content\/uploads\/2025\/10\/BloodsportColour-1-e1741239868691-383x288-2.png","contentUrl":"https:\/\/frhub.netgear.com\/fr\/hub\/wp-content\/uploads\/2025\/10\/BloodsportColour-1-e1741239868691-383x288-2.png","width":383,"height":288},{"@type":"BreadcrumbList","@id":"https:\/\/frhub.netgear.com\/fr\/hub\/business\/case-studies\/av-case-studies\/how-netgear-powers-londons-most-unique-sports-and-entertainment-venue\/#breadcrumb","itemListElement":[{"@type":"ListItem","position":1,"name":"Home","item":"https:\/\/frhub.netgear.com\/fr\/hub\/"},{"@type":"ListItem","position":2,"name":"Entreprises","item":"https:\/\/frhub.netgear.com\/fr\/hub\/business\/"},{"@type":"ListItem","position":3,"name":"All Case Studies &#8211; FR","item":"https:\/\/frhub.netgear.com\/fr\/hub\/business\/case-studies\/"},{"@type":"ListItem","position":4,"name":"Case Studies &#8211; AV &#8211; FR","item":"https:\/\/frhub.netgear.com\/fr\/hub\/business\/case-studies\/av-case-studies\/"},{"@type":"ListItem","position":5,"name":"Comment NETGEAR alimente le lieu de divertissement et de sport le plus unique de Londres"}]},{"@type":"WebSite","@id":"https:\/\/frhub.netgear.com\/fr\/hub\/#website","url":"https:\/\/frhub.netgear.com\/fr\/hub\/","name":"NETGEAR Hub France","description":"Explorez les pages de notre blog et parcourez les articles pour en savoir plus sur les produits et la technologie NETGEAR.","publisher":{"@id":"https:\/\/frhub.netgear.com\/fr\/hub\/#organization"},"potentialAction":[{"@type":"SearchAction","target":{"@type":"EntryPoint","urlTemplate":"https:\/\/frhub.netgear.com\/fr\/hub\/?s={search_term_string}"},"query-input":{"@type":"PropertyValueSpecification","valueRequired":true,"valueName":"search_term_string"}}],"inLanguage":"en-US"},{"@type":"Organization","@id":"https:\/\/frhub.netgear.com\/fr\/hub\/#organization","name":"NETGEAR","url":"https:\/\/frhub.netgear.com\/fr\/hub\/","logo":{"@type":"ImageObject","inLanguage":"en-US","@id":"https:\/\/frhub.netgear.com\/fr\/hub\/#\/schema\/logo\/image\/","url":"https:\/\/www.netgear.com\/fr\/hub\/wp-content\/uploads\/2019\/07\/NETGEAR_logo.jpg","contentUrl":"https:\/\/www.netgear.com\/fr\/hub\/wp-content\/uploads\/2019\/07\/NETGEAR_logo.jpg","width":1500,"height":501,"caption":"NETGEAR"},"image":{"@id":"https:\/\/frhub.netgear.com\/fr\/hub\/#\/schema\/logo\/image\/"},"sameAs":["https:\/\/www.facebook.com\/NetgearAU\/","https:\/\/x.com\/NETGEAR","https:\/\/www.linkedin.com\/company\/netgear"]}]}},"_links":{"self":[{"href":"https:\/\/frhub.netgear.com\/fr\/hub\/wp-json\/wp\/v2\/pages\/11141","targetHints":{"allow":["GET"]}}],"collection":[{"href":"https:\/\/frhub.netgear.com\/fr\/hub\/wp-json\/wp\/v2\/pages"}],"about":[{"href":"https:\/\/frhub.netgear.com\/fr\/hub\/wp-json\/wp\/v2\/types\/page"}],"author":[{"embeddable":true,"href":"https:\/\/frhub.netgear.com\/fr\/hub\/wp-json\/wp\/v2\/users\/97"}],"replies":[{"embeddable":true,"href":"https:\/\/frhub.netgear.com\/fr\/hub\/wp-json\/wp\/v2\/comments?post=11141"}],"version-history":[{"count":3,"href":"https:\/\/frhub.netgear.com\/fr\/hub\/wp-json\/wp\/v2\/pages\/11141\/revisions"}],"predecessor-version":[{"id":11250,"href":"https:\/\/frhub.netgear.com\/fr\/hub\/wp-json\/wp\/v2\/pages\/11141\/revisions\/11250"}],"up":[{"embeddable":true,"href":"https:\/\/frhub.netgear.com\/fr\/hub\/wp-json\/wp\/v2\/pages\/10498"}],"wp:featuredmedia":[{"embeddable":true,"href":"https:\/\/frhub.netgear.com\/fr\/hub\/wp-json\/wp\/v2\/media\/11143"}],"wp:attachment":[{"href":"https:\/\/frhub.netgear.com\/fr\/hub\/wp-json\/wp\/v2\/media?parent=11141"}],"curies":[{"name":"wp","href":"https:\/\/api.w.org\/{rel}","templated":true}]}}