{"id":11125,"date":"2025-01-27T14:20:50","date_gmt":"2025-10-06T12:20:51","guid":{"rendered":"https:\/\/frhub.netgear.com\/fr\/hub\/?page_id=11125"},"modified":"2025-10-13T13:18:17","modified_gmt":"2025-10-13T11:18:17","slug":"slovak-academy-of-sciences","status":"publish","type":"page","link":"https:\/\/frhub.netgear.com\/fr\/hub\/business\/case-studies\/av-case-studies\/slovak-academy-of-sciences\/","title":{"rendered":"R\u00e9volutionner la collaboration scientifique"},"content":{"rendered":"<p><img loading=\"lazy\" decoding=\"async\" class=\"alignone size-full wp-image-10681\" style=\"border-radius: 1em;\" src=\"https:\/\/frhub.netgear.com\/fr\/hub\/wp-content\/uploads\/2025\/10\/banner-REVOLUTIONIZING-RESEARCH-COLLABORATION.jpeg\" alt=\"\" width=\"1048\" height=\"511\" \/><\/p>\n    <div class=\"table-of-content bg-gray\">\n        <p><strong>IN THIS ARTICLE<\/strong><\/p>\n        <ul>\n                        <li><a href=\"#topic1\">R\u00c9SUM\u00c9<\/a><\/li>\n                        <li><a href=\"#topic2\">CONTEXTE<\/a><\/li>\n                        <li><a href=\"#topic3\">D\u00c9FIS<\/a><\/li>\n                        <li><a href=\"#topic4\">SOLUTION<\/a><\/li>\n                        <li><a href=\"#topic5\">MISE EN \u0152UVRE<\/a><\/li>\n                        <li><a href=\"#topic6\">R\u00c9SULTAT<\/a><\/li>\n                        <li><a href=\"#topic7\">PLUS D'INFORMATIONS<\/a><\/li>\n                    <\/ul>\n    <\/div>\n        <div id=\"topic1\" class=\"skip-item\">\n                        <h2>R\u00c9SUM\u00c9<\/h2>\n                <div style=\"background-color: #eeeeee;padding: 20px;width: 33%;float: right\">\n<p><strong>Soci\u00e9t\u00e9 : <\/strong><br \/>\nAcad\u00e9mie des sciences de Slovaquie<\/p>\n<p><strong>Secteur :<\/strong><br \/>\nEducation<\/p>\n<p><strong>Site Web :<\/strong><br \/>\n<a href=\"https:\/\/www.sav.sk\/\">sav.sk\/<\/a><\/p>\n<p><strong>Lieu :<\/strong><br \/>\nBratislava, Slovaquie<\/p>\n<\/div>\n<p>L\u2019Acad\u00e9mie slovaque des sciences (SAV), la plus grande institution scientifique de Slovaquie, avait besoin d\u2019une solution r\u00e9seau AV-over-IP (AVoIP) robuste et \u00e9volutive pour am\u00e9liorer la collaboration, rationaliser la transmission des donn\u00e9es et renforcer la communication entre les d\u00e9partements de recherche.<\/p>\n<p>Gr\u00e2ce \u00e0 l\u2019expertise d\u2019Optio s.r.o., un int\u00e9grateur AV de premier plan, et \u00e0 la puissance des switches AV de NETGEAR, l\u2019Acad\u00e9mie a d\u00e9ploy\u00e9 avec succ\u00e8s un r\u00e9seau AV haute performance, garantissant une communication fluide, fiable et \u00e0 faible latence pour la recherche et le partage des connaissances.<\/p>\n    <\/div>\n        <div id=\"topic2\" class=\"skip-item\">\n                        <h2>CONTEXTE<\/h2>\n                <p>Fond\u00e9e en 1953 et bas\u00e9e \u00e0 Bratislava, l\u2019Acad\u00e9mie slovaque des sciences (SAV) est une institution multidisciplinaire engag\u00e9e dans la recherche de pointe dans les domaines des sciences naturelles, des sciences techniques ainsi que des sciences sociales et humaines. Acteur cl\u00e9 des programmes de recherche europ\u00e9ens tels qu\u2019Horizon Europe, la SAV collabore avec des centres de recherche internationaux, des universit\u00e9s, le secteur priv\u00e9 et le gouvernement slovaque pour faire progresser les d\u00e9couvertes scientifiques et l\u2019innovation.<\/p>\n<p>Pour faciliter une collaboration interne fluide et un \u00e9change de connaissances efficace, la SAV recherchait une solution AVoIP avanc\u00e9e capable de fournir de la vid\u00e9o haute r\u00e9solution, un streaming \u00e0 faible latence et une gestion centralis\u00e9e du r\u00e9seau \u00e0 travers plusieurs d\u00e9partements.<\/p>\n    <\/div>\n        <div id=\"topic3\" class=\"skip-item\">\n                        <h2>D\u00c9FIS<\/h2>\n                <p style=\"text-align: left\" data-start=\"946\" data-end=\"1298\"><img loading=\"lazy\" decoding=\"async\" class=\"size-medium wp-image-11123 alignleft\" src=\"https:\/\/frhub.netgear.com\/fr\/hub\/wp-content\/uploads\/2025\/10\/SVA_feature-231x300.jpg\" alt=\"\" width=\"231\" height=\"300\" srcset=\"https:\/\/frhub.netgear.com\/fr\/hub\/wp-content\/uploads\/2025\/10\/SVA_feature-231x300.jpg 231w, https:\/\/frhub.netgear.com\/fr\/hub\/wp-content\/uploads\/2025\/10\/SVA_feature.jpg 300w\" sizes=\"auto, (max-width: 231px) 100vw, 231px\" \/>La SAV devait relever plusieurs d\u00e9fis critiques pour moderniser son infrastructure audiovisuelle. L\u2019institution avait besoin de solutions haute performance garantissant une qualit\u00e9 d\u2019image irr\u00e9prochable, une latence nulle et une parfaite synchronisation audio\/vid\u00e9o pour les pr\u00e9sentations en direct, les visioconf\u00e9rences et la visualisation de donn\u00e9es.<\/p>\n<p data-start=\"1300\" data-end=\"1788\">La <strong data-start=\"1303\" data-end=\"1318\">scalabilit\u00e9<\/strong> et la flexibilit\u00e9 \u00e9taient essentielles, car le syst\u00e8me devait prendre en charge plusieurs d\u00e9partements de recherche tout en permettant des extensions futures. La fiabilit\u00e9 du r\u00e9seau \u00e9tait \u00e9galement une pr\u00e9occupation majeure, exigeant une infrastructure AV stable, s\u00e9curis\u00e9e et performante pour garantir un \u00e9change de connaissances sans interruption. La solution devait \u00e9galement s\u2019int\u00e9grer parfaitement aux syst\u00e8mes AV existants tout en offrant une technologie p\u00e9renne.<\/p>\n    <\/div>\n        <div id=\"topic4\" class=\"skip-item\">\n                        <h2>SOLUTION<\/h2>\n                <p data-start=\"1803\" data-end=\"1997\">Pour r\u00e9pondre \u00e0 ces besoins, Optio a recommand\u00e9 le d\u00e9ploiement de <strong data-start=\"1869\" data-end=\"1892\">switches AV NETGEAR<\/strong>, r\u00e9put\u00e9s pour leur performance haut d\u00e9bit, leurs profils AVoIP pr\u00e9configur\u00e9s et leur gestion simplifi\u00e9e.<\/p>\n<p data-start=\"1999\" data-end=\"2042\">Les \u00e9l\u00e9ments cl\u00e9s de la solution incluent :<\/p>\n<ul data-start=\"2044\" data-end=\"2542\">\n<li data-start=\"2044\" data-end=\"2216\">\n<p data-start=\"2046\" data-end=\"2216\"><strong data-start=\"2046\" data-end=\"2084\">Switches NETGEAR M4250 et M4350 AV<\/strong> \u2013 con\u00e7us sp\u00e9cifiquement pour les applications AV-over-IP, offrant une faible latence, une large bande passante et un r\u00e9seau fiable.<\/p>\n<\/li>\n<li data-start=\"2217\" data-end=\"2382\">\n<p data-start=\"2219\" data-end=\"2382\"><strong data-start=\"2219\" data-end=\"2255\">Configurations AV personnalis\u00e9es<\/strong> \u2013 exploitant les profils AV pr\u00e9\u00e9tablis de NETGEAR pour simplifier l\u2019installation et optimiser les performances audio et vid\u00e9o.<\/p>\n<\/li>\n<li data-start=\"2383\" data-end=\"2542\">\n<p data-start=\"2385\" data-end=\"2542\"><strong data-start=\"2385\" data-end=\"2418\">Gestion centralis\u00e9e du r\u00e9seau<\/strong> \u2013 \u00e0 l\u2019aide de NETGEAR Engage 2.0 pour un contr\u00f4le intuitif et une int\u00e9gration transparente avec l\u2019infrastructure existante.<\/p>\n<\/li>\n<\/ul>\n    <\/div>\n        <div id=\"topic5\" class=\"skip-item\">\n                        <h2>MISE EN \u0152UVRE<\/h2>\n                <p data-start=\"2562\" data-end=\"3044\">En tant que partenaire d\u2019impl\u00e9mentation, Optio a jou\u00e9 un r\u00f4le crucial dans la conception d\u2019une architecture r\u00e9seau AV sur mesure, adapt\u00e9e aux besoins de recherche de la SAV. L\u2019\u00e9quipe a d\u00e9ploy\u00e9 et configur\u00e9 les <strong data-start=\"2772\" data-end=\"2795\">switches AV NETGEAR<\/strong> afin d\u2019assurer une int\u00e9gration fluide avec les \u00e9quipements AV existants. Une formation ainsi qu\u2019un support technique ont \u00e9t\u00e9 fournis pour permettre aux \u00e9quipes informatiques et audiovisuelles de la SAV de g\u00e9rer et maintenir efficacement le syst\u00e8me.<\/p>\n<p data-start=\"3046\" data-end=\"3240\">En tirant parti de l\u2019expertise de NETGEAR dans les r\u00e9seaux AV, Optio a livr\u00e9 une solution \u00e9volutive et haute performance favorisant la collaboration scientifique et le partage des connaissances.<\/p>\n    <\/div>\n        <div id=\"topic6\" class=\"skip-item\">\n                        <h2>R\u00c9SULTAT<\/h2>\n                <p data-start=\"3255\" data-end=\"3625\">Le d\u00e9ploiement des <strong data-start=\"3274\" data-end=\"3297\">switches AV NETGEAR<\/strong> a consid\u00e9rablement am\u00e9lior\u00e9 les performances, la fiabilit\u00e9 et la scalabilit\u00e9 de l\u2019infrastructure audiovisuelle de l\u2019Acad\u00e9mie slovaque des sciences. Le nouveau syst\u00e8me garantit une latence ultra-faible et une qualit\u00e9 visuelle exceptionnelle, permettant une communication et un partage des donn\u00e9es fluides entre les d\u00e9partements.<\/p>\n<p data-start=\"3627\" data-end=\"3937\">La gestion du r\u00e9seau a \u00e9t\u00e9 simplifi\u00e9e, r\u00e9duisant la charge de travail informatique gr\u00e2ce \u00e0 un contr\u00f4le centralis\u00e9 et des configurations AV automatis\u00e9es. Les performances haut d\u00e9bit et fiables des <strong data-start=\"3823\" data-end=\"3846\">switches AV NETGEAR<\/strong> facilitent une collaboration de recherche efficace et une diffusion optimis\u00e9e des savoirs.<\/p>\n    <\/div>\n        <div id=\"topic7\" class=\"skip-item\">\n                        <h2>PLUS D'INFORMATIONS<\/h2>\n                <p><!--SOLUTIONS NETGEAR AV --><\/p>\n<p>Plus d\u2019informations sur nos solutions audiovisuelles<\/p>\n<div class=\"hs-cta-embed hs-cta-simple-placeholder hs-cta-embed-241151160046\" style=\"max-width: 100%;max-height: 100%;width: 260px;height: 50.390625px\" data-hubspot-wrapper-cta-id=\"241151160046\"><a href=\"https:\/\/cta-na2.hubspot.com\/web-interactives\/public\/v1\/track\/redirect?encryptedPayload=AVxigLJf4HGLXU18h5HBrlQTZuKX4p21iriDX%2FD9Weo1E0jc26wgSp32sJpGF%2FrOb977gqk9Skq%2FVgamhq%2FXvCN0mPQ1dmrdARtcNUH8fV5cFOvngo8qJ8EuMyEq%2Fqu2y51zC2FZUVyu97opP5ixVGCiE%2Bg6BOgTVVDljEMF5hhhXUNpnikrl2UTN%2Bb3TA%3D%3D&amp;webInteractiveContentId=241151160046&amp;portalId=242128791\" target=\"_blank\" rel=\"noopener\"><br \/>\n<img decoding=\"async\" style=\"height: 100%;width: 100%;object-fit: fill\" src=\"https:\/\/hubspot-no-cache-na2-prod.s3.amazonaws.com\/cta\/default\/242128791\/interactive-241151160046.png\" alt=\"SOLUTIONS NETGEAR AV\" \/><br \/>\n<\/a><\/div>\n<p><!-- NETGEAR ACADEMY AV --><\/p>\n<p>Apprenez tout sur les r\u00e9seaux IP gr\u00e2ce \u00e0 la NETGEAR ACADEMY<\/p>\n<div class=\"hs-cta-embed hs-cta-simple-placeholder hs-cta-embed-241151160033\" style=\"max-width: 100%;max-height: 100%;width: 260px;height: 50.390625px\" data-hubspot-wrapper-cta-id=\"241151160033\"><a href=\"https:\/\/cta-na2.hubspot.com\/web-interactives\/public\/v1\/track\/redirect?encryptedPayload=AVxigLJ6zgXxrLVJLagOt9pyIXf5%2FGgh9lUupWJj49Nfcbq71eIrrvJQt9JGeaQwNkTAPTWhI2%2BXk56NQscWP4xOQ7iZrhk6rkBjyO4dBlJGP1gG3BpcrdlgLyF%2F850K2l3xn5kDj5H%2Fur8VO2zJH58QH7by4HFWliY25223Shr3sQx25aCmNBjCDkNwA2WRum67F9fGyQyzoYOn86wAq%2Brw3xzsBDMbyw%3D%3D&amp;webInteractiveContentId=241151160033&amp;portalId=242128791\" target=\"_blank\" rel=\"noopener\"><br \/>\n<img decoding=\"async\" style=\"height: 100%;width: 100%;object-fit: fill\" src=\"https:\/\/hubspot-no-cache-na2-prod.s3.amazonaws.com\/cta\/default\/242128791\/interactive-241151160033.png\" alt=\"NETGEAR ACADEMY\" \/><br \/>\n<\/a><\/div>\n<p><!--CONTACTEZ L'EQUIPE PROAV --><\/p>\n<p>Nos ing\u00e9nieurs vous accompagneront gratuitement dans la r\u00e9alisation de vos projets audiovisuels<\/p>\n<div class=\"hs-cta-embed hs-cta-simple-placeholder hs-cta-embed-241151160055\" style=\"max-width: 100%;max-height: 100%;width: 270px;height: 50.390625px\" data-hubspot-wrapper-cta-id=\"241151160055\"><a href=\"https:\/\/cta-na2.hubspot.com\/web-interactives\/public\/v1\/track\/redirect?encryptedPayload=AVxigLLUG9XShtF2ziGdRlpsMD%2BMJ39t1kFOE7VlHl2HmmlWzlJWH0rsV7f3eoQL53gclcWb0lliiDgK3EAMVvEOcIE7gW9aYOwk1uipv43pSUkBlDtiKJ%2BcB7fopWupnJbggqZWRkNERZkdh1dDGXHHDJX3V0sOA8mbXD%2Fd6QC2XK2OyVtrDNFDHbBoT6b15PyvF4Ca3b6JBNTYdAzYeH790XenlNKBP4OKZqw50t7IGx9DuADFMFlNdg6FWQ%3D%3D&amp;webInteractiveContentId=241151160055&amp;portalId=242128791\" target=\"_blank\" rel=\"noopener\"><br \/>\n<img decoding=\"async\" style=\"height: 100%;width: 100%;object-fit: fill\" src=\"https:\/\/hubspot-no-cache-na2-prod.s3.amazonaws.com\/cta\/default\/242128791\/interactive-241151160055.png\" alt=\"CONTACTEZ L'EQUIPE PROAV\" \/><br \/>\n<\/a><\/div>\n    <\/div>\n        <div id=\"topic8\" class=\"skip-item\">\n                        <p><iframe loading=\"lazy\" src=\"https:\/\/405nrr.share-na2.hsforms.com\/24AR2ZDSmQqWycFqf8q5-eg\" width=\"100%\" height=\"1200px\"><\/iframe><\/p>\n    <\/div>\n    \n","protected":false},"excerpt":{"rendered":"","protected":false},"author":97,"featured_media":11124,"parent":10498,"menu_order":0,"comment_status":"closed","ping_status":"closed","template":"templates\/mesh-vs-wifi.php","meta":{"_acf_changed":false,"content-type":"","footnotes":""},"class_list":["post-11125","page","type-page","status-publish","has-post-thumbnail","hentry"],"acf":[],"yoast_head":"<!-- This site is optimized with the Yoast SEO plugin v27.5 - https:\/\/yoast.com\/product\/yoast-seo-wordpress\/ -->\n<title>R\u00e9volutionner la collaboration scientifique - NETGEAR Blog<\/title>\n<meta name=\"robots\" content=\"index, follow, max-snippet:-1, max-image-preview:large, max-video-preview:-1\" \/>\n<link rel=\"canonical\" href=\"https:\/\/frhub.netgear.com\/fr\/hub\/business\/case-studies\/av-case-studies\/slovak-academy-of-sciences\/\" \/>\n<meta property=\"og:locale\" content=\"en_US\" \/>\n<meta property=\"og:type\" content=\"article\" \/>\n<meta property=\"og:title\" content=\"R\u00e9volutionner la collaboration scientifique - NETGEAR Blog\" \/>\n<meta property=\"og:url\" content=\"https:\/\/frhub.netgear.com\/fr\/hub\/business\/case-studies\/av-case-studies\/slovak-academy-of-sciences\/\" \/>\n<meta property=\"og:site_name\" content=\"NETGEAR Blog\" \/>\n<meta property=\"article:publisher\" content=\"https:\/\/www.facebook.com\/NetgearAU\/\" \/>\n<meta property=\"article:modified_time\" content=\"2025-10-13T11:18:17+00:00\" \/>\n<meta property=\"og:image\" content=\"https:\/\/frhub.netgear.com\/fr\/hub\/wp-content\/uploads\/2025\/10\/SVA_featured-new-383x288-1.jpg\" \/>\n\t<meta property=\"og:image:width\" content=\"383\" \/>\n\t<meta property=\"og:image:height\" content=\"288\" \/>\n\t<meta property=\"og:image:type\" content=\"image\/jpeg\" \/>\n<meta name=\"twitter:card\" content=\"summary_large_image\" \/>\n<meta name=\"twitter:site\" content=\"@NETGEAR\" \/>\n<script type=\"application\/ld+json\" class=\"yoast-schema-graph\">{\"@context\":\"https:\\\/\\\/schema.org\",\"@graph\":[{\"@type\":\"WebPage\",\"@id\":\"https:\\\/\\\/frhub.netgear.com\\\/fr\\\/hub\\\/business\\\/case-studies\\\/av-case-studies\\\/slovak-academy-of-sciences\\\/\",\"url\":\"https:\\\/\\\/frhub.netgear.com\\\/fr\\\/hub\\\/business\\\/case-studies\\\/av-case-studies\\\/slovak-academy-of-sciences\\\/\",\"name\":\"R\u00e9volutionner la collaboration scientifique - NETGEAR Blog\",\"isPartOf\":{\"@id\":\"https:\\\/\\\/frhub.netgear.com\\\/fr\\\/hub\\\/#website\"},\"primaryImageOfPage\":{\"@id\":\"https:\\\/\\\/frhub.netgear.com\\\/fr\\\/hub\\\/business\\\/case-studies\\\/av-case-studies\\\/slovak-academy-of-sciences\\\/#primaryimage\"},\"image\":{\"@id\":\"https:\\\/\\\/frhub.netgear.com\\\/fr\\\/hub\\\/business\\\/case-studies\\\/av-case-studies\\\/slovak-academy-of-sciences\\\/#primaryimage\"},\"thumbnailUrl\":\"https:\\\/\\\/frhub.netgear.com\\\/fr\\\/hub\\\/wp-content\\\/uploads\\\/2025\\\/10\\\/SVA_featured-new-383x288-1.jpg\",\"datePublished\":\"2025-10-06T12:20:51+00:00\",\"dateModified\":\"2025-10-13T11:18:17+00:00\",\"breadcrumb\":{\"@id\":\"https:\\\/\\\/frhub.netgear.com\\\/fr\\\/hub\\\/business\\\/case-studies\\\/av-case-studies\\\/slovak-academy-of-sciences\\\/#breadcrumb\"},\"inLanguage\":\"en-US\",\"potentialAction\":[{\"@type\":\"ReadAction\",\"target\":[\"https:\\\/\\\/frhub.netgear.com\\\/fr\\\/hub\\\/business\\\/case-studies\\\/av-case-studies\\\/slovak-academy-of-sciences\\\/\"]}]},{\"@type\":\"ImageObject\",\"inLanguage\":\"en-US\",\"@id\":\"https:\\\/\\\/frhub.netgear.com\\\/fr\\\/hub\\\/business\\\/case-studies\\\/av-case-studies\\\/slovak-academy-of-sciences\\\/#primaryimage\",\"url\":\"https:\\\/\\\/frhub.netgear.com\\\/fr\\\/hub\\\/wp-content\\\/uploads\\\/2025\\\/10\\\/SVA_featured-new-383x288-1.jpg\",\"contentUrl\":\"https:\\\/\\\/frhub.netgear.com\\\/fr\\\/hub\\\/wp-content\\\/uploads\\\/2025\\\/10\\\/SVA_featured-new-383x288-1.jpg\",\"width\":383,\"height\":288},{\"@type\":\"BreadcrumbList\",\"@id\":\"https:\\\/\\\/frhub.netgear.com\\\/fr\\\/hub\\\/business\\\/case-studies\\\/av-case-studies\\\/slovak-academy-of-sciences\\\/#breadcrumb\",\"itemListElement\":[{\"@type\":\"ListItem\",\"position\":1,\"name\":\"Home\",\"item\":\"https:\\\/\\\/frhub.netgear.com\\\/fr\\\/hub\\\/\"},{\"@type\":\"ListItem\",\"position\":2,\"name\":\"Entreprises\",\"item\":\"https:\\\/\\\/frhub.netgear.com\\\/fr\\\/hub\\\/business\\\/\"},{\"@type\":\"ListItem\",\"position\":3,\"name\":\"All Case Studies &#8211; FR\",\"item\":\"https:\\\/\\\/frhub.netgear.com\\\/fr\\\/hub\\\/business\\\/case-studies\\\/\"},{\"@type\":\"ListItem\",\"position\":4,\"name\":\"Case Studies &#8211; AV &#8211; FR\",\"item\":\"https:\\\/\\\/frhub.netgear.com\\\/fr\\\/hub\\\/business\\\/case-studies\\\/av-case-studies\\\/\"},{\"@type\":\"ListItem\",\"position\":5,\"name\":\"R\u00e9volutionner la collaboration scientifique\"}]},{\"@type\":\"WebSite\",\"@id\":\"https:\\\/\\\/frhub.netgear.com\\\/fr\\\/hub\\\/#website\",\"url\":\"https:\\\/\\\/frhub.netgear.com\\\/fr\\\/hub\\\/\",\"name\":\"NETGEAR Hub France\",\"description\":\"Explorez les pages de notre blog et parcourez les articles pour en savoir plus sur les produits et la technologie NETGEAR.\",\"publisher\":{\"@id\":\"https:\\\/\\\/frhub.netgear.com\\\/fr\\\/hub\\\/#organization\"},\"potentialAction\":[{\"@type\":\"SearchAction\",\"target\":{\"@type\":\"EntryPoint\",\"urlTemplate\":\"https:\\\/\\\/frhub.netgear.com\\\/fr\\\/hub\\\/?s={search_term_string}\"},\"query-input\":{\"@type\":\"PropertyValueSpecification\",\"valueRequired\":true,\"valueName\":\"search_term_string\"}}],\"inLanguage\":\"en-US\"},{\"@type\":\"Organization\",\"@id\":\"https:\\\/\\\/frhub.netgear.com\\\/fr\\\/hub\\\/#organization\",\"name\":\"NETGEAR\",\"url\":\"https:\\\/\\\/frhub.netgear.com\\\/fr\\\/hub\\\/\",\"logo\":{\"@type\":\"ImageObject\",\"inLanguage\":\"en-US\",\"@id\":\"https:\\\/\\\/frhub.netgear.com\\\/fr\\\/hub\\\/#\\\/schema\\\/logo\\\/image\\\/\",\"url\":\"https:\\\/\\\/www.netgear.com\\\/fr\\\/hub\\\/wp-content\\\/uploads\\\/2019\\\/07\\\/NETGEAR_logo.jpg\",\"contentUrl\":\"https:\\\/\\\/www.netgear.com\\\/fr\\\/hub\\\/wp-content\\\/uploads\\\/2019\\\/07\\\/NETGEAR_logo.jpg\",\"width\":1500,\"height\":501,\"caption\":\"NETGEAR\"},\"image\":{\"@id\":\"https:\\\/\\\/frhub.netgear.com\\\/fr\\\/hub\\\/#\\\/schema\\\/logo\\\/image\\\/\"},\"sameAs\":[\"https:\\\/\\\/www.facebook.com\\\/NetgearAU\\\/\",\"https:\\\/\\\/x.com\\\/NETGEAR\",\"https:\\\/\\\/www.linkedin.com\\\/company\\\/netgear\"]}]}<\/script>\n<!-- \/ Yoast SEO plugin. -->","yoast_head_json":{"title":"R\u00e9volutionner la collaboration scientifique - NETGEAR Blog","robots":{"index":"index","follow":"follow","max-snippet":"max-snippet:-1","max-image-preview":"max-image-preview:large","max-video-preview":"max-video-preview:-1"},"canonical":"https:\/\/frhub.netgear.com\/fr\/hub\/business\/case-studies\/av-case-studies\/slovak-academy-of-sciences\/","og_locale":"en_US","og_type":"article","og_title":"R\u00e9volutionner la collaboration scientifique - NETGEAR Blog","og_url":"https:\/\/frhub.netgear.com\/fr\/hub\/business\/case-studies\/av-case-studies\/slovak-academy-of-sciences\/","og_site_name":"NETGEAR Blog","article_publisher":"https:\/\/www.facebook.com\/NetgearAU\/","article_modified_time":"2025-10-13T11:18:17+00:00","og_image":[{"width":383,"height":288,"url":"https:\/\/frhub.netgear.com\/fr\/hub\/wp-content\/uploads\/2025\/10\/SVA_featured-new-383x288-1.jpg","type":"image\/jpeg"}],"twitter_card":"summary_large_image","twitter_site":"@NETGEAR","schema":{"@context":"https:\/\/schema.org","@graph":[{"@type":"WebPage","@id":"https:\/\/frhub.netgear.com\/fr\/hub\/business\/case-studies\/av-case-studies\/slovak-academy-of-sciences\/","url":"https:\/\/frhub.netgear.com\/fr\/hub\/business\/case-studies\/av-case-studies\/slovak-academy-of-sciences\/","name":"R\u00e9volutionner la collaboration scientifique - NETGEAR Blog","isPartOf":{"@id":"https:\/\/frhub.netgear.com\/fr\/hub\/#website"},"primaryImageOfPage":{"@id":"https:\/\/frhub.netgear.com\/fr\/hub\/business\/case-studies\/av-case-studies\/slovak-academy-of-sciences\/#primaryimage"},"image":{"@id":"https:\/\/frhub.netgear.com\/fr\/hub\/business\/case-studies\/av-case-studies\/slovak-academy-of-sciences\/#primaryimage"},"thumbnailUrl":"https:\/\/frhub.netgear.com\/fr\/hub\/wp-content\/uploads\/2025\/10\/SVA_featured-new-383x288-1.jpg","datePublished":"2025-10-06T12:20:51+00:00","dateModified":"2025-10-13T11:18:17+00:00","breadcrumb":{"@id":"https:\/\/frhub.netgear.com\/fr\/hub\/business\/case-studies\/av-case-studies\/slovak-academy-of-sciences\/#breadcrumb"},"inLanguage":"en-US","potentialAction":[{"@type":"ReadAction","target":["https:\/\/frhub.netgear.com\/fr\/hub\/business\/case-studies\/av-case-studies\/slovak-academy-of-sciences\/"]}]},{"@type":"ImageObject","inLanguage":"en-US","@id":"https:\/\/frhub.netgear.com\/fr\/hub\/business\/case-studies\/av-case-studies\/slovak-academy-of-sciences\/#primaryimage","url":"https:\/\/frhub.netgear.com\/fr\/hub\/wp-content\/uploads\/2025\/10\/SVA_featured-new-383x288-1.jpg","contentUrl":"https:\/\/frhub.netgear.com\/fr\/hub\/wp-content\/uploads\/2025\/10\/SVA_featured-new-383x288-1.jpg","width":383,"height":288},{"@type":"BreadcrumbList","@id":"https:\/\/frhub.netgear.com\/fr\/hub\/business\/case-studies\/av-case-studies\/slovak-academy-of-sciences\/#breadcrumb","itemListElement":[{"@type":"ListItem","position":1,"name":"Home","item":"https:\/\/frhub.netgear.com\/fr\/hub\/"},{"@type":"ListItem","position":2,"name":"Entreprises","item":"https:\/\/frhub.netgear.com\/fr\/hub\/business\/"},{"@type":"ListItem","position":3,"name":"All Case Studies &#8211; FR","item":"https:\/\/frhub.netgear.com\/fr\/hub\/business\/case-studies\/"},{"@type":"ListItem","position":4,"name":"Case Studies &#8211; AV &#8211; FR","item":"https:\/\/frhub.netgear.com\/fr\/hub\/business\/case-studies\/av-case-studies\/"},{"@type":"ListItem","position":5,"name":"R\u00e9volutionner la collaboration scientifique"}]},{"@type":"WebSite","@id":"https:\/\/frhub.netgear.com\/fr\/hub\/#website","url":"https:\/\/frhub.netgear.com\/fr\/hub\/","name":"NETGEAR Hub France","description":"Explorez les pages de notre blog et parcourez les articles pour en savoir plus sur les produits et la technologie NETGEAR.","publisher":{"@id":"https:\/\/frhub.netgear.com\/fr\/hub\/#organization"},"potentialAction":[{"@type":"SearchAction","target":{"@type":"EntryPoint","urlTemplate":"https:\/\/frhub.netgear.com\/fr\/hub\/?s={search_term_string}"},"query-input":{"@type":"PropertyValueSpecification","valueRequired":true,"valueName":"search_term_string"}}],"inLanguage":"en-US"},{"@type":"Organization","@id":"https:\/\/frhub.netgear.com\/fr\/hub\/#organization","name":"NETGEAR","url":"https:\/\/frhub.netgear.com\/fr\/hub\/","logo":{"@type":"ImageObject","inLanguage":"en-US","@id":"https:\/\/frhub.netgear.com\/fr\/hub\/#\/schema\/logo\/image\/","url":"https:\/\/www.netgear.com\/fr\/hub\/wp-content\/uploads\/2019\/07\/NETGEAR_logo.jpg","contentUrl":"https:\/\/www.netgear.com\/fr\/hub\/wp-content\/uploads\/2019\/07\/NETGEAR_logo.jpg","width":1500,"height":501,"caption":"NETGEAR"},"image":{"@id":"https:\/\/frhub.netgear.com\/fr\/hub\/#\/schema\/logo\/image\/"},"sameAs":["https:\/\/www.facebook.com\/NetgearAU\/","https:\/\/x.com\/NETGEAR","https:\/\/www.linkedin.com\/company\/netgear"]}]}},"_links":{"self":[{"href":"https:\/\/frhub.netgear.com\/fr\/hub\/wp-json\/wp\/v2\/pages\/11125","targetHints":{"allow":["GET"]}}],"collection":[{"href":"https:\/\/frhub.netgear.com\/fr\/hub\/wp-json\/wp\/v2\/pages"}],"about":[{"href":"https:\/\/frhub.netgear.com\/fr\/hub\/wp-json\/wp\/v2\/types\/page"}],"author":[{"embeddable":true,"href":"https:\/\/frhub.netgear.com\/fr\/hub\/wp-json\/wp\/v2\/users\/97"}],"replies":[{"embeddable":true,"href":"https:\/\/frhub.netgear.com\/fr\/hub\/wp-json\/wp\/v2\/comments?post=11125"}],"version-history":[{"count":3,"href":"https:\/\/frhub.netgear.com\/fr\/hub\/wp-json\/wp\/v2\/pages\/11125\/revisions"}],"predecessor-version":[{"id":11259,"href":"https:\/\/frhub.netgear.com\/fr\/hub\/wp-json\/wp\/v2\/pages\/11125\/revisions\/11259"}],"up":[{"embeddable":true,"href":"https:\/\/frhub.netgear.com\/fr\/hub\/wp-json\/wp\/v2\/pages\/10498"}],"wp:featuredmedia":[{"embeddable":true,"href":"https:\/\/frhub.netgear.com\/fr\/hub\/wp-json\/wp\/v2\/media\/11124"}],"wp:attachment":[{"href":"https:\/\/frhub.netgear.com\/fr\/hub\/wp-json\/wp\/v2\/media?parent=11125"}],"curies":[{"name":"wp","href":"https:\/\/api.w.org\/{rel}","templated":true}]}}