{"id":11095,"date":"2024-11-27T17:12:50","date_gmt":"2025-10-03T15:12:04","guid":{"rendered":"https:\/\/frhub.netgear.com\/fr\/hub\/business\/case-studies\/av-case-studies\/bernexpo-powered-by-state-of-the-art-event-technology-from-netgear-2\/"},"modified":"2025-10-03T17:36:05","modified_gmt":"2025-10-03T15:36:05","slug":"museum-of-modern-art-in-warsaw","status":"publish","type":"page","link":"https:\/\/frhub.netgear.com\/fr\/hub\/business\/case-studies\/av-case-studies\/museum-of-modern-art-in-warsaw\/","title":{"rendered":"Installation audiovisuelle au Mus\u00e9e d&#039;Art Moderne de Varsovie"},"content":{"rendered":"<p><img loading=\"lazy\" decoding=\"async\" class=\"alignone size-full wp-image-10681\" style=\"border-radius: 1em;\" src=\"https:\/\/frhub.netgear.com\/fr\/hub\/wp-content\/uploads\/2025\/10\/Screenshot-2024-11-27-at-15.59.09.png\" alt=\"\" width=\"1048\" height=\"511\" \/><\/p>\n    <div class=\"table-of-content bg-gray\">\n        <p><strong>IN THIS ARTICLE<\/strong><\/p>\n        <ul>\n                        <li><a href=\"#topic1\">CONTEXTE<\/a><\/li>\n                        <li><a href=\"#topic2\">D\u00c9FIS<\/a><\/li>\n                        <li><a href=\"#topic3\">SOLUTION<\/a><\/li>\n                        <li><a href=\"#topic4\">MISE EN \u0152UVRE<\/a><\/li>\n                        <li><a href=\"#topic5\">R\u00c9SULTAT<\/a><\/li>\n                        <li><a href=\"#topic6\">SOURCE<\/a><\/li>\n                        <li><a href=\"#topic7\">PLUS D'INFORMATIONS<\/a><\/li>\n                    <\/ul>\n    <\/div>\n        <div id=\"topic1\" class=\"skip-item\">\n                        <h2>CONTEXTE<\/h2>\n                <div style=\"background-color: #eeeeee;padding: 20px;width: 33%;float: right\">\n<p><strong>Soci\u00e9t\u00e9 : <\/strong><br \/>\nMus\u00e9e d&#8217;Art Moderne de Varsovie<\/p>\n<p><strong>Secteur :<\/strong><br \/>\nCulture<\/p>\n<p><strong>Lieu :<\/strong><br \/>\nVarsovie<\/p>\n<\/div>\n<p>Le Mus\u00e9e d&#8217;Art Moderne de Varsovie, reconnu pour son audacieux design architectural, constitue depuis toujours un point central de la sc\u00e8ne culturelle en Pologne. Le b\u00e2timent, qui abrite l\u2019une des institutions culturelles les plus importantes du pays, suscite depuis sa cr\u00e9ation des r\u00e9actions passionn\u00e9es \u2014 allant de l\u2019admiration pour sa modernit\u00e9 aux critiques concernant ses choix non conventionnels. Cet environnement dynamique n\u00e9cessitait un syst\u00e8me audiovisuel tout aussi sophistiqu\u00e9, \u00e0 la hauteur de son architecture, afin d\u2019offrir une exp\u00e9rience exceptionnelle aux visiteurs.<\/p>\n    <\/div>\n        <div id=\"topic2\" class=\"skip-item\">\n                        <h2>D\u00c9FIS<\/h2>\n                <p>Le projet a rencontr\u00e9 plusieurs d\u00e9fis. L\u2019infrastructure existante \u00e9tait obsol\u00e8te et ne pouvait pas r\u00e9pondre aux exigences techniques des expositions et \u00e9v\u00e9nements modernes. Les caract\u00e9ristiques architecturales uniques du mus\u00e9e posaient \u00e9galement des difficult\u00e9s pour int\u00e9grer de nouvelles technologies sans compromettre l\u2019harmonie esth\u00e9tique et fonctionnelle de l\u2019espace. De plus, le syst\u00e8me devait \u00eatre suffisamment polyvalent pour couvrir une large gamme de besoins audiovisuels, allant de simples pr\u00e9sentations \u00e0 des installations multim\u00e9dias complexes.<\/p>\n    <\/div>\n        <div id=\"topic3\" class=\"skip-item\">\n                        <h2>SOLUTION<\/h2>\n                <p data-start=\"660\" data-end=\"861\">Le Mus\u00e9e d\u2019Art Moderne a fait appel \u00e0 ESS Audio, l\u2019un des principaux distributeurs audiovisuels professionnels en Pologne, pour relever ces d\u00e9fis et mettre en \u0153uvre une solution audiovisuelle compl\u00e8te.<\/p>\n<p data-start=\"863\" data-end=\"1503\">Le projet a utilis\u00e9 des \u00e9quipements haut de gamme de <strong data-start=\"916\" data-end=\"949\">Harman Professional Solutions<\/strong>, incluant des processeurs de signal <strong data-start=\"986\" data-end=\"993\">BSS<\/strong> et des syst\u00e8mes de contr\u00f4le <strong data-start=\"1022\" data-end=\"1029\">AMX<\/strong>. Ces technologies ont \u00e9t\u00e9 choisies pour leur capacit\u00e9 \u00e0 r\u00e9pondre aux plus hauts standards techniques tout en s\u2019int\u00e9grant harmonieusement au design du mus\u00e9e. Les processeurs BSS \u2014 notamment les mod\u00e8les <strong data-start=\"1231\" data-end=\"1242\">BLU 100<\/strong>, <strong data-start=\"1244\" data-end=\"1255\">BLU 120<\/strong> et <strong data-start=\"1259\" data-end=\"1270\">BLU 160<\/strong> \u2014 ont \u00e9t\u00e9 essentiels pour g\u00e9rer les signaux audio avec une grande pr\u00e9cision. Les syst\u00e8mes AMX, tels que la <strong data-start=\"1378\" data-end=\"1401\">matrice DVX-3266-4K<\/strong> et le <strong data-start=\"1408\" data-end=\"1438\">processeur central NX-2200<\/strong>, ont offert des capacit\u00e9s robustes de contr\u00f4le et d\u2019int\u00e9gration.<\/p>\n<p data-start=\"1505\" data-end=\"1832\">Pour construire une infrastructure r\u00e9seau AVoIP solide, <strong data-start=\"1561\" data-end=\"1618\">ESS Audio s\u2019est appuy\u00e9 sur les switches AV de NETGEAR<\/strong>, reconnus pour leur facilit\u00e9 d\u2019impl\u00e9mentation et de gestion. ESS Audio est un partenaire de longue date de NETGEAR en Pologne et a \u00e9t\u00e9 parmi les premiers \u00e0 reconna\u00eetre le potentiel des switches de la gamme Pro AV.<\/p>\n<blockquote data-start=\"1834\" data-end=\"1972\">\n<p data-start=\"1836\" data-end=\"1972\"><strong data-start=\"1836\" data-end=\"1849\">ESS Audio<\/strong> : <em>\u00ab Non, nous ne travaillons avec rien d\u2019autre, et nous ne garantissons pas l\u2019impl\u00e9mentation si ce n\u2019est pas du NETGEAR. \u00bb<\/em><\/p>\n<\/blockquote>\n    <\/div>\n        <div id=\"topic4\" class=\"skip-item\">\n                        <h2>MISE EN \u0152UVRE<\/h2>\n                <p>Le processus de mise en \u0153uvre a \u00e9t\u00e9 m\u00e9ticuleux et s\u2019est d\u00e9roul\u00e9 en plusieurs \u00e9tapes cl\u00e9s. Tout d\u2019abord, un plan d\u00e9taill\u00e9 a \u00e9t\u00e9 \u00e9labor\u00e9 en collaboration avec des architectes et des experts techniques afin de garantir une int\u00e9gration fluide avec l\u2019infrastructure existante. La phase d\u2019installation a inclus la mise en place de syst\u00e8mes avanc\u00e9s de contr\u00f4le climatique, de Wi-Fi et d\u2019\u00e9clairage pour accompagner le nouvel \u00e9quipement audiovisuel. Des tests rigoureux ont \u00e9t\u00e9 effectu\u00e9s pour s\u2019assurer du bon fonctionnement de l\u2019ensemble des composants, et le personnel a re\u00e7u une formation compl\u00e8te pour utiliser efficacement les nouveaux syst\u00e8mes.<\/p>\n    <\/div>\n        <div id=\"topic5\" class=\"skip-item\">\n                        <h2>R\u00c9SULTAT<\/h2>\n                <p>Cette mise \u00e0 niveau compl\u00e8te permet d\u00e9sormais au mus\u00e9e d\u2019offrir une exp\u00e9rience audiovisuelle in\u00e9gal\u00e9e. Les nouveaux syst\u00e8mes AV fournissent une qualit\u00e9 sonore exceptionnelle et une clart\u00e9 visuelle remarquable, enrichissant ainsi l\u2019exp\u00e9rience des visiteurs. Le mus\u00e9e peut d\u00e9sormais accueillir facilement divers \u00e9v\u00e9nements, allant des expositions d\u2019art aux pr\u00e9sentations multim\u00e9dias, avec \u00e9l\u00e9gance et efficacit\u00e9. L\u2019int\u00e9gration des solutions AMX et BSS a non seulement am\u00e9lior\u00e9 les capacit\u00e9s techniques du mus\u00e9e, mais a \u00e9galement permis de pr\u00e9server l\u2019int\u00e9grit\u00e9 esth\u00e9tique de l\u2019espace.<\/p>\n    <\/div>\n        <div id=\"topic6\" class=\"skip-item\">\n                        <h2>SOURCE<\/h2>\n                <p>Pour plus de d\u00e9tails, <a href=\"https:\/\/essaudio.pl\/realizacje\/muzea-i-wystawy\/1768-instalacja-av-w-muzeum-sztuki-nowoczesnej-w-warszawie-z-rozwiazaniami-amx-oraz-bss-od-harman-professional-solutions\" target=\"_blank\" rel=\"noopener\">consultez l\u2019article original.<\/a><\/p>\n    <\/div>\n        <div id=\"topic7\" class=\"skip-item\">\n                        <h2>PLUS D'INFORMATIONS<\/h2>\n                <p><!--SOLUTIONS NETGEAR AV --><\/p>\n<p>Plus d\u2019informations sur nos solutions audiovisuelles<\/p>\n<div class=\"hs-cta-embed hs-cta-simple-placeholder hs-cta-embed-241151160046\" style=\"max-width: 100%;max-height: 100%;width: 260px;height: 50.390625px\" data-hubspot-wrapper-cta-id=\"241151160046\"><a href=\"https:\/\/cta-na2.hubspot.com\/web-interactives\/public\/v1\/track\/redirect?encryptedPayload=AVxigLJf4HGLXU18h5HBrlQTZuKX4p21iriDX%2FD9Weo1E0jc26wgSp32sJpGF%2FrOb977gqk9Skq%2FVgamhq%2FXvCN0mPQ1dmrdARtcNUH8fV5cFOvngo8qJ8EuMyEq%2Fqu2y51zC2FZUVyu97opP5ixVGCiE%2Bg6BOgTVVDljEMF5hhhXUNpnikrl2UTN%2Bb3TA%3D%3D&amp;webInteractiveContentId=241151160046&amp;portalId=242128791\" target=\"_blank\" rel=\"noopener\"><br \/>\n<img decoding=\"async\" style=\"height: 100%;width: 100%;object-fit: fill\" src=\"https:\/\/hubspot-no-cache-na2-prod.s3.amazonaws.com\/cta\/default\/242128791\/interactive-241151160046.png\" alt=\"SOLUTIONS NETGEAR AV\" \/><br \/>\n<\/a><\/div>\n<p><!-- NETGEAR ACADEMY AV --><\/p>\n<p>Apprenez tout sur les r\u00e9seaux IP gr\u00e2ce \u00e0 la NETGEAR ACADEMY<\/p>\n<div class=\"hs-cta-embed hs-cta-simple-placeholder hs-cta-embed-241151160033\" style=\"max-width: 100%;max-height: 100%;width: 260px;height: 50.390625px\" data-hubspot-wrapper-cta-id=\"241151160033\"><a href=\"https:\/\/cta-na2.hubspot.com\/web-interactives\/public\/v1\/track\/redirect?encryptedPayload=AVxigLJ6zgXxrLVJLagOt9pyIXf5%2FGgh9lUupWJj49Nfcbq71eIrrvJQt9JGeaQwNkTAPTWhI2%2BXk56NQscWP4xOQ7iZrhk6rkBjyO4dBlJGP1gG3BpcrdlgLyF%2F850K2l3xn5kDj5H%2Fur8VO2zJH58QH7by4HFWliY25223Shr3sQx25aCmNBjCDkNwA2WRum67F9fGyQyzoYOn86wAq%2Brw3xzsBDMbyw%3D%3D&amp;webInteractiveContentId=241151160033&amp;portalId=242128791\" target=\"_blank\" rel=\"noopener\"><br \/>\n<img decoding=\"async\" style=\"height: 100%;width: 100%;object-fit: fill\" src=\"https:\/\/hubspot-no-cache-na2-prod.s3.amazonaws.com\/cta\/default\/242128791\/interactive-241151160033.png\" alt=\"NETGEAR ACADEMY\" \/><br \/>\n<\/a><\/div>\n<p><!--CONTACTEZ L'EQUIPE PROAV --><\/p>\n<p>Nos ing\u00e9nieurs vous accompagneront gratuitement dans la r\u00e9alisation de vos projets audiovisuels<\/p>\n<div class=\"hs-cta-embed hs-cta-simple-placeholder hs-cta-embed-241151160055\" style=\"max-width: 100%;max-height: 100%;width: 270px;height: 50.390625px\" data-hubspot-wrapper-cta-id=\"241151160055\"><a href=\"https:\/\/cta-na2.hubspot.com\/web-interactives\/public\/v1\/track\/redirect?encryptedPayload=AVxigLLUG9XShtF2ziGdRlpsMD%2BMJ39t1kFOE7VlHl2HmmlWzlJWH0rsV7f3eoQL53gclcWb0lliiDgK3EAMVvEOcIE7gW9aYOwk1uipv43pSUkBlDtiKJ%2BcB7fopWupnJbggqZWRkNERZkdh1dDGXHHDJX3V0sOA8mbXD%2Fd6QC2XK2OyVtrDNFDHbBoT6b15PyvF4Ca3b6JBNTYdAzYeH790XenlNKBP4OKZqw50t7IGx9DuADFMFlNdg6FWQ%3D%3D&amp;webInteractiveContentId=241151160055&amp;portalId=242128791\" target=\"_blank\" rel=\"noopener\"><br \/>\n<img decoding=\"async\" style=\"height: 100%;width: 100%;object-fit: fill\" src=\"https:\/\/hubspot-no-cache-na2-prod.s3.amazonaws.com\/cta\/default\/242128791\/interactive-241151160055.png\" alt=\"CONTACTEZ L'EQUIPE PROAV\" \/><br \/>\n<\/a><\/div>\n<p><iframe loading=\"lazy\" src=\"https:\/\/405nrr.share-na2.hsforms.com\/24AR2ZDSmQqWycFqf8q5-eg\" width=\"100%\" height=\"1200px\"><\/iframe><\/p>\n    <\/div>\n    \n","protected":false},"excerpt":{"rendered":"","protected":false},"author":97,"featured_media":11098,"parent":10498,"menu_order":0,"comment_status":"closed","ping_status":"closed","template":"templates\/mesh-vs-wifi.php","meta":{"_acf_changed":false,"content-type":"","footnotes":""},"class_list":["post-11095","page","type-page","status-publish","has-post-thumbnail","hentry"],"acf":[],"yoast_head":"<!-- This site is optimized with the Yoast SEO plugin v27.5 - https:\/\/yoast.com\/product\/yoast-seo-wordpress\/ -->\n<title>Installation audiovisuelle au Mus\u00e9e d&#039;Art Moderne de Varsovie - NETGEAR Blog<\/title>\n<meta name=\"description\" content=\"L&#039;Or\u00e9al | La beaut\u00e9 rencontre la technologie\" \/>\n<meta name=\"robots\" content=\"index, follow, max-snippet:-1, max-image-preview:large, max-video-preview:-1\" \/>\n<link rel=\"canonical\" href=\"https:\/\/frhub.netgear.com\/fr\/hub\/business\/case-studies\/av-case-studies\/museum-of-modern-art-in-warsaw\/\" \/>\n<meta property=\"og:locale\" content=\"en_US\" \/>\n<meta property=\"og:type\" content=\"article\" \/>\n<meta property=\"og:title\" content=\"Installation audiovisuelle au Mus\u00e9e d&#039;Art Moderne de Varsovie - NETGEAR Blog\" \/>\n<meta property=\"og:description\" content=\"L&#039;Or\u00e9al | La beaut\u00e9 rencontre la technologie\" \/>\n<meta property=\"og:url\" content=\"https:\/\/frhub.netgear.com\/fr\/hub\/business\/case-studies\/av-case-studies\/museum-of-modern-art-in-warsaw\/\" \/>\n<meta property=\"og:site_name\" content=\"NETGEAR Blog\" \/>\n<meta property=\"article:publisher\" content=\"https:\/\/www.facebook.com\/NetgearAU\/\" \/>\n<meta property=\"article:modified_time\" content=\"2025-10-03T15:36:05+00:00\" \/>\n<meta property=\"og:image\" content=\"https:\/\/frhub.netgear.com\/fr\/hub\/wp-content\/uploads\/2025\/10\/muzeum_sztuki_nowoczesnej_015-383x288-1.jpg\" \/>\n\t<meta property=\"og:image:width\" content=\"383\" \/>\n\t<meta property=\"og:image:height\" content=\"288\" \/>\n\t<meta property=\"og:image:type\" content=\"image\/jpeg\" \/>\n<meta name=\"twitter:card\" content=\"summary_large_image\" \/>\n<meta name=\"twitter:site\" content=\"@NETGEAR\" \/>\n<script type=\"application\/ld+json\" class=\"yoast-schema-graph\">{\"@context\":\"https:\\\/\\\/schema.org\",\"@graph\":[{\"@type\":\"WebPage\",\"@id\":\"https:\\\/\\\/frhub.netgear.com\\\/fr\\\/hub\\\/business\\\/case-studies\\\/av-case-studies\\\/museum-of-modern-art-in-warsaw\\\/\",\"url\":\"https:\\\/\\\/frhub.netgear.com\\\/fr\\\/hub\\\/business\\\/case-studies\\\/av-case-studies\\\/museum-of-modern-art-in-warsaw\\\/\",\"name\":\"Installation audiovisuelle au Mus\u00e9e d&#039;Art Moderne de Varsovie - NETGEAR Blog\",\"isPartOf\":{\"@id\":\"https:\\\/\\\/frhub.netgear.com\\\/fr\\\/hub\\\/#website\"},\"primaryImageOfPage\":{\"@id\":\"https:\\\/\\\/frhub.netgear.com\\\/fr\\\/hub\\\/business\\\/case-studies\\\/av-case-studies\\\/museum-of-modern-art-in-warsaw\\\/#primaryimage\"},\"image\":{\"@id\":\"https:\\\/\\\/frhub.netgear.com\\\/fr\\\/hub\\\/business\\\/case-studies\\\/av-case-studies\\\/museum-of-modern-art-in-warsaw\\\/#primaryimage\"},\"thumbnailUrl\":\"https:\\\/\\\/frhub.netgear.com\\\/fr\\\/hub\\\/wp-content\\\/uploads\\\/2025\\\/10\\\/muzeum_sztuki_nowoczesnej_015-383x288-1.jpg\",\"datePublished\":\"2025-10-03T15:12:04+00:00\",\"dateModified\":\"2025-10-03T15:36:05+00:00\",\"description\":\"L'Or\u00e9al | La beaut\u00e9 rencontre la technologie\",\"breadcrumb\":{\"@id\":\"https:\\\/\\\/frhub.netgear.com\\\/fr\\\/hub\\\/business\\\/case-studies\\\/av-case-studies\\\/museum-of-modern-art-in-warsaw\\\/#breadcrumb\"},\"inLanguage\":\"en-US\",\"potentialAction\":[{\"@type\":\"ReadAction\",\"target\":[\"https:\\\/\\\/frhub.netgear.com\\\/fr\\\/hub\\\/business\\\/case-studies\\\/av-case-studies\\\/museum-of-modern-art-in-warsaw\\\/\"]}]},{\"@type\":\"ImageObject\",\"inLanguage\":\"en-US\",\"@id\":\"https:\\\/\\\/frhub.netgear.com\\\/fr\\\/hub\\\/business\\\/case-studies\\\/av-case-studies\\\/museum-of-modern-art-in-warsaw\\\/#primaryimage\",\"url\":\"https:\\\/\\\/frhub.netgear.com\\\/fr\\\/hub\\\/wp-content\\\/uploads\\\/2025\\\/10\\\/muzeum_sztuki_nowoczesnej_015-383x288-1.jpg\",\"contentUrl\":\"https:\\\/\\\/frhub.netgear.com\\\/fr\\\/hub\\\/wp-content\\\/uploads\\\/2025\\\/10\\\/muzeum_sztuki_nowoczesnej_015-383x288-1.jpg\",\"width\":383,\"height\":288},{\"@type\":\"BreadcrumbList\",\"@id\":\"https:\\\/\\\/frhub.netgear.com\\\/fr\\\/hub\\\/business\\\/case-studies\\\/av-case-studies\\\/museum-of-modern-art-in-warsaw\\\/#breadcrumb\",\"itemListElement\":[{\"@type\":\"ListItem\",\"position\":1,\"name\":\"Home\",\"item\":\"https:\\\/\\\/frhub.netgear.com\\\/fr\\\/hub\\\/\"},{\"@type\":\"ListItem\",\"position\":2,\"name\":\"Entreprises\",\"item\":\"https:\\\/\\\/frhub.netgear.com\\\/fr\\\/hub\\\/business\\\/\"},{\"@type\":\"ListItem\",\"position\":3,\"name\":\"All Case Studies &#8211; FR\",\"item\":\"https:\\\/\\\/frhub.netgear.com\\\/fr\\\/hub\\\/business\\\/case-studies\\\/\"},{\"@type\":\"ListItem\",\"position\":4,\"name\":\"Case Studies &#8211; AV &#8211; FR\",\"item\":\"https:\\\/\\\/frhub.netgear.com\\\/fr\\\/hub\\\/business\\\/case-studies\\\/av-case-studies\\\/\"},{\"@type\":\"ListItem\",\"position\":5,\"name\":\"Installation audiovisuelle au Mus\u00e9e d&#039;Art Moderne de Varsovie\"}]},{\"@type\":\"WebSite\",\"@id\":\"https:\\\/\\\/frhub.netgear.com\\\/fr\\\/hub\\\/#website\",\"url\":\"https:\\\/\\\/frhub.netgear.com\\\/fr\\\/hub\\\/\",\"name\":\"NETGEAR Hub France\",\"description\":\"Explorez les pages de notre blog et parcourez les articles pour en savoir plus sur les produits et la technologie NETGEAR.\",\"publisher\":{\"@id\":\"https:\\\/\\\/frhub.netgear.com\\\/fr\\\/hub\\\/#organization\"},\"potentialAction\":[{\"@type\":\"SearchAction\",\"target\":{\"@type\":\"EntryPoint\",\"urlTemplate\":\"https:\\\/\\\/frhub.netgear.com\\\/fr\\\/hub\\\/?s={search_term_string}\"},\"query-input\":{\"@type\":\"PropertyValueSpecification\",\"valueRequired\":true,\"valueName\":\"search_term_string\"}}],\"inLanguage\":\"en-US\"},{\"@type\":\"Organization\",\"@id\":\"https:\\\/\\\/frhub.netgear.com\\\/fr\\\/hub\\\/#organization\",\"name\":\"NETGEAR\",\"url\":\"https:\\\/\\\/frhub.netgear.com\\\/fr\\\/hub\\\/\",\"logo\":{\"@type\":\"ImageObject\",\"inLanguage\":\"en-US\",\"@id\":\"https:\\\/\\\/frhub.netgear.com\\\/fr\\\/hub\\\/#\\\/schema\\\/logo\\\/image\\\/\",\"url\":\"https:\\\/\\\/www.netgear.com\\\/fr\\\/hub\\\/wp-content\\\/uploads\\\/2019\\\/07\\\/NETGEAR_logo.jpg\",\"contentUrl\":\"https:\\\/\\\/www.netgear.com\\\/fr\\\/hub\\\/wp-content\\\/uploads\\\/2019\\\/07\\\/NETGEAR_logo.jpg\",\"width\":1500,\"height\":501,\"caption\":\"NETGEAR\"},\"image\":{\"@id\":\"https:\\\/\\\/frhub.netgear.com\\\/fr\\\/hub\\\/#\\\/schema\\\/logo\\\/image\\\/\"},\"sameAs\":[\"https:\\\/\\\/www.facebook.com\\\/NetgearAU\\\/\",\"https:\\\/\\\/x.com\\\/NETGEAR\",\"https:\\\/\\\/www.linkedin.com\\\/company\\\/netgear\"]}]}<\/script>\n<!-- \/ Yoast SEO plugin. -->","yoast_head_json":{"title":"Installation audiovisuelle au Mus\u00e9e d&#039;Art Moderne de Varsovie - NETGEAR Blog","description":"L'Or\u00e9al | La beaut\u00e9 rencontre la technologie","robots":{"index":"index","follow":"follow","max-snippet":"max-snippet:-1","max-image-preview":"max-image-preview:large","max-video-preview":"max-video-preview:-1"},"canonical":"https:\/\/frhub.netgear.com\/fr\/hub\/business\/case-studies\/av-case-studies\/museum-of-modern-art-in-warsaw\/","og_locale":"en_US","og_type":"article","og_title":"Installation audiovisuelle au Mus\u00e9e d&#039;Art Moderne de Varsovie - NETGEAR Blog","og_description":"L'Or\u00e9al | La beaut\u00e9 rencontre la technologie","og_url":"https:\/\/frhub.netgear.com\/fr\/hub\/business\/case-studies\/av-case-studies\/museum-of-modern-art-in-warsaw\/","og_site_name":"NETGEAR Blog","article_publisher":"https:\/\/www.facebook.com\/NetgearAU\/","article_modified_time":"2025-10-03T15:36:05+00:00","og_image":[{"width":383,"height":288,"url":"https:\/\/frhub.netgear.com\/fr\/hub\/wp-content\/uploads\/2025\/10\/muzeum_sztuki_nowoczesnej_015-383x288-1.jpg","type":"image\/jpeg"}],"twitter_card":"summary_large_image","twitter_site":"@NETGEAR","schema":{"@context":"https:\/\/schema.org","@graph":[{"@type":"WebPage","@id":"https:\/\/frhub.netgear.com\/fr\/hub\/business\/case-studies\/av-case-studies\/museum-of-modern-art-in-warsaw\/","url":"https:\/\/frhub.netgear.com\/fr\/hub\/business\/case-studies\/av-case-studies\/museum-of-modern-art-in-warsaw\/","name":"Installation audiovisuelle au Mus\u00e9e d&#039;Art Moderne de Varsovie - NETGEAR Blog","isPartOf":{"@id":"https:\/\/frhub.netgear.com\/fr\/hub\/#website"},"primaryImageOfPage":{"@id":"https:\/\/frhub.netgear.com\/fr\/hub\/business\/case-studies\/av-case-studies\/museum-of-modern-art-in-warsaw\/#primaryimage"},"image":{"@id":"https:\/\/frhub.netgear.com\/fr\/hub\/business\/case-studies\/av-case-studies\/museum-of-modern-art-in-warsaw\/#primaryimage"},"thumbnailUrl":"https:\/\/frhub.netgear.com\/fr\/hub\/wp-content\/uploads\/2025\/10\/muzeum_sztuki_nowoczesnej_015-383x288-1.jpg","datePublished":"2025-10-03T15:12:04+00:00","dateModified":"2025-10-03T15:36:05+00:00","description":"L'Or\u00e9al | La beaut\u00e9 rencontre la technologie","breadcrumb":{"@id":"https:\/\/frhub.netgear.com\/fr\/hub\/business\/case-studies\/av-case-studies\/museum-of-modern-art-in-warsaw\/#breadcrumb"},"inLanguage":"en-US","potentialAction":[{"@type":"ReadAction","target":["https:\/\/frhub.netgear.com\/fr\/hub\/business\/case-studies\/av-case-studies\/museum-of-modern-art-in-warsaw\/"]}]},{"@type":"ImageObject","inLanguage":"en-US","@id":"https:\/\/frhub.netgear.com\/fr\/hub\/business\/case-studies\/av-case-studies\/museum-of-modern-art-in-warsaw\/#primaryimage","url":"https:\/\/frhub.netgear.com\/fr\/hub\/wp-content\/uploads\/2025\/10\/muzeum_sztuki_nowoczesnej_015-383x288-1.jpg","contentUrl":"https:\/\/frhub.netgear.com\/fr\/hub\/wp-content\/uploads\/2025\/10\/muzeum_sztuki_nowoczesnej_015-383x288-1.jpg","width":383,"height":288},{"@type":"BreadcrumbList","@id":"https:\/\/frhub.netgear.com\/fr\/hub\/business\/case-studies\/av-case-studies\/museum-of-modern-art-in-warsaw\/#breadcrumb","itemListElement":[{"@type":"ListItem","position":1,"name":"Home","item":"https:\/\/frhub.netgear.com\/fr\/hub\/"},{"@type":"ListItem","position":2,"name":"Entreprises","item":"https:\/\/frhub.netgear.com\/fr\/hub\/business\/"},{"@type":"ListItem","position":3,"name":"All Case Studies &#8211; FR","item":"https:\/\/frhub.netgear.com\/fr\/hub\/business\/case-studies\/"},{"@type":"ListItem","position":4,"name":"Case Studies &#8211; AV &#8211; FR","item":"https:\/\/frhub.netgear.com\/fr\/hub\/business\/case-studies\/av-case-studies\/"},{"@type":"ListItem","position":5,"name":"Installation audiovisuelle au Mus\u00e9e d&#039;Art Moderne de Varsovie"}]},{"@type":"WebSite","@id":"https:\/\/frhub.netgear.com\/fr\/hub\/#website","url":"https:\/\/frhub.netgear.com\/fr\/hub\/","name":"NETGEAR Hub France","description":"Explorez les pages de notre blog et parcourez les articles pour en savoir plus sur les produits et la technologie NETGEAR.","publisher":{"@id":"https:\/\/frhub.netgear.com\/fr\/hub\/#organization"},"potentialAction":[{"@type":"SearchAction","target":{"@type":"EntryPoint","urlTemplate":"https:\/\/frhub.netgear.com\/fr\/hub\/?s={search_term_string}"},"query-input":{"@type":"PropertyValueSpecification","valueRequired":true,"valueName":"search_term_string"}}],"inLanguage":"en-US"},{"@type":"Organization","@id":"https:\/\/frhub.netgear.com\/fr\/hub\/#organization","name":"NETGEAR","url":"https:\/\/frhub.netgear.com\/fr\/hub\/","logo":{"@type":"ImageObject","inLanguage":"en-US","@id":"https:\/\/frhub.netgear.com\/fr\/hub\/#\/schema\/logo\/image\/","url":"https:\/\/www.netgear.com\/fr\/hub\/wp-content\/uploads\/2019\/07\/NETGEAR_logo.jpg","contentUrl":"https:\/\/www.netgear.com\/fr\/hub\/wp-content\/uploads\/2019\/07\/NETGEAR_logo.jpg","width":1500,"height":501,"caption":"NETGEAR"},"image":{"@id":"https:\/\/frhub.netgear.com\/fr\/hub\/#\/schema\/logo\/image\/"},"sameAs":["https:\/\/www.facebook.com\/NetgearAU\/","https:\/\/x.com\/NETGEAR","https:\/\/www.linkedin.com\/company\/netgear"]}]}},"_links":{"self":[{"href":"https:\/\/frhub.netgear.com\/fr\/hub\/wp-json\/wp\/v2\/pages\/11095","targetHints":{"allow":["GET"]}}],"collection":[{"href":"https:\/\/frhub.netgear.com\/fr\/hub\/wp-json\/wp\/v2\/pages"}],"about":[{"href":"https:\/\/frhub.netgear.com\/fr\/hub\/wp-json\/wp\/v2\/types\/page"}],"author":[{"embeddable":true,"href":"https:\/\/frhub.netgear.com\/fr\/hub\/wp-json\/wp\/v2\/users\/97"}],"replies":[{"embeddable":true,"href":"https:\/\/frhub.netgear.com\/fr\/hub\/wp-json\/wp\/v2\/comments?post=11095"}],"version-history":[{"count":5,"href":"https:\/\/frhub.netgear.com\/fr\/hub\/wp-json\/wp\/v2\/pages\/11095\/revisions"}],"predecessor-version":[{"id":11102,"href":"https:\/\/frhub.netgear.com\/fr\/hub\/wp-json\/wp\/v2\/pages\/11095\/revisions\/11102"}],"up":[{"embeddable":true,"href":"https:\/\/frhub.netgear.com\/fr\/hub\/wp-json\/wp\/v2\/pages\/10498"}],"wp:featuredmedia":[{"embeddable":true,"href":"https:\/\/frhub.netgear.com\/fr\/hub\/wp-json\/wp\/v2\/media\/11098"}],"wp:attachment":[{"href":"https:\/\/frhub.netgear.com\/fr\/hub\/wp-json\/wp\/v2\/media?parent=11095"}],"curies":[{"name":"wp","href":"https:\/\/api.w.org\/{rel}","templated":true}]}}