{"id":10938,"date":"2025-06-26T11:38:49","date_gmt":"2025-09-18T09:38:02","guid":{"rendered":"https:\/\/frhub.netgear.com\/fr\/hub\/business\/enterprise-it\/business-wifi-7-guide-2\/"},"modified":"2025-10-13T13:28:00","modified_gmt":"2025-10-13T11:28:00","slug":"smarter-networks-for-growing-businesses","status":"publish","type":"page","link":"https:\/\/frhub.netgear.com\/fr\/hub\/business\/enterprise-it\/smarter-networks-for-growing-businesses\/","title":{"rendered":"Des r\u00e9seaux plus intelligents pour les entreprises en croissance"},"content":{"rendered":"<p><img loading=\"lazy\" decoding=\"async\" class=\"alignone size-full wp-image-10681\" style=\"border-radius: 1em;\" src=\"https:\/\/frhub.netgear.com\/fr\/hub\/wp-content\/uploads\/2025\/09\/AdobeStock_658617720.jpeg\" alt=\"\" width=\"1048\" height=\"511\" \/>    <div class=\"table-of-content bg-gray\">\n        <p><strong>IN THIS ARTICLE<\/strong><\/p>\n        <ul>\n                        <li><a href=\"#topic1\">DES D\u00c9PLOIEMENTS PLUS RAPIDES, MOINS D\u2019INTERRUPTIONS<\/a><\/li>\n                        <li><a href=\"#topic2\">UNE S\u00c9CURIT\u00c9 R\u00c9SEAU SANS COMPLICATIONS<\/a><\/li>\n                        <li><a href=\"#topic3\">UN SEUL TABLEAU DE BORD, UN CONTR\u00d4LE TOTAL<\/a><\/li>\n                        <li><a href=\"#topic4\">CON\u00c7U POUR LES PARTENAIRES, PAS SEULEMENT POUR LES PRODUITS<\/a><\/li>\n                        <li><a href=\"#topic5\">UN R\u00c9SEAU QUI \u00c9VOLUE AVEC VOUS<\/a><\/li>\n                        <li><a href=\"#topic6\">Plus d'informations<\/a><\/li>\n                    <\/ul>\n    <\/div>\n        <div id=\"topic1\" class=\"skip-item\">\n                        <h2>DES D\u00c9PLOIEMENTS PLUS RAPIDES, MOINS D\u2019INTERRUPTIONS<\/h2>\n                <p data-start=\"236\" data-end=\"595\">Qu\u2019il s\u2019agisse de connecter un nouveau bureau, de mettre \u00e0 niveau le WiFi d\u2019un magasin ou de r\u00e9pliquer une configuration IT sur plusieurs sites pour une franchise, la rapidit\u00e9 est essentielle.<br data-start=\"428\" data-end=\"431\" \/>Avec <strong data-start=\"436\" data-end=\"447\">NETGEAR<\/strong>, les revendeurs et les \u00e9quipes IT peuvent d\u00e9ployer des r\u00e9seaux performants en un temps record \u2014 souvent en quelques heures, pas en plusieurs jours.<\/p>\n<p data-start=\"597\" data-end=\"951\">Cela est possible gr\u00e2ce \u00e0 des solutions con\u00e7ues pour l\u2019efficacit\u00e9 : les \u00e9quipements peuvent \u00eatre pr\u00e9configur\u00e9s, automatiquement d\u00e9tect\u00e9s sur le r\u00e9seau, et mis en service sans qu\u2019un technicien ait besoin de passer des heures sur place.<br data-start=\"831\" data-end=\"834\" \/>R\u00e9sultat : moins de perturbations pour l\u2019entreprise et une <strong data-start=\"893\" data-end=\"923\">valeur ajout\u00e9e plus rapide<\/strong> pour tous les intervenants.<\/p>\n    <\/div>\n        <div id=\"topic2\" class=\"skip-item\">\n                        <h2>UNE S\u00c9CURIT\u00c9 R\u00c9SEAU SANS COMPLICATIONS<\/h2>\n                <p data-start=\"1006\" data-end=\"1254\">La s\u00e9curit\u00e9 n\u2019est plus une option, m\u00eame pour les petites entreprises.<br data-start=\"1075\" data-end=\"1078\" \/>Mais les outils traditionnels sont souvent co\u00fbteux, complexes \u00e0 g\u00e9rer, ou tout simplement inadapt\u00e9s aux PME.<br data-start=\"1186\" data-end=\"1189\" \/><strong data-start=\"1189\" data-end=\"1254\">NETGEAR int\u00e8gre la s\u00e9curit\u00e9 r\u00e9seau d\u00e8s la sortie de la bo\u00eete.<\/strong><\/p>\n<p data-start=\"1256\" data-end=\"1673\">Nos switches et points d\u2019acc\u00e8s prennent en charge la <strong data-start=\"1309\" data-end=\"1345\">segmentation s\u00e9curis\u00e9e du r\u00e9seau<\/strong>, les connexions WiFi chiffr\u00e9es et les <strong data-start=\"1384\" data-end=\"1425\">mises \u00e0 jour automatiques du firmware<\/strong>, qui corrigent les vuln\u00e9rabilit\u00e9s avant qu\u2019elles ne posent probl\u00e8me.<br data-start=\"1494\" data-end=\"1497\" \/>C\u2019est une s\u00e9curit\u00e9 <strong data-start=\"1516\" data-end=\"1528\">int\u00e9gr\u00e9e<\/strong>, pas ajout\u00e9e apr\u00e8s coup \u2014 pour que les entreprises puissent se concentrer sur leur activit\u00e9, sans se soucier de ce qui se passe en arri\u00e8re-plan.<\/p>\n<p><img loading=\"lazy\" decoding=\"async\" class=\"aligncenter wp-image-19355 size-full\" src=\"https:\/\/www.netgear.com\/hub\/wp-content\/uploads\/2025\/06\/Smarter-Networks-for-Growing-Businesses_-How-NETGEAR-Is-Simplifying-IT-for-SMEs-visual-selection.png\" alt=\"\" width=\"900\" height=\"408\" \/><\/p>\n    <\/div>\n        <div id=\"topic3\" class=\"skip-item\">\n                        <h2>UN SEUL TABLEAU DE BORD, UN CONTR\u00d4LE TOTAL<\/h2>\n                <p data-start=\"1732\" data-end=\"1936\">L\u2019un des plus grands d\u00e9fis pour les \u00e9quipes IT internes comme pour les MSP, c\u2019est la gestion de plusieurs r\u00e9seaux r\u00e9partis sur diff\u00e9rents sites ou clients.<br data-start=\"1887\" data-end=\"1890\" \/>C\u2019est l\u00e0 que <strong data-start=\"1903\" data-end=\"1922\">NETGEAR Insight<\/strong> entre en jeu.<\/p>\n<p data-start=\"1938\" data-end=\"2319\">Avec Insight, <strong data-start=\"1952\" data-end=\"2006\">chaque appareil, chaque r\u00e9seau, chaque utilisateur<\/strong> est visible et pilotable depuis un <strong data-start=\"2042\" data-end=\"2074\">tableau de bord cloud unique<\/strong>.<br data-start=\"2075\" data-end=\"2078\" \/>Plus besoin de jongler entre plusieurs syst\u00e8mes ou de se d\u00e9placer sur site pour une simple modification de configuration.<br data-start=\"2199\" data-end=\"2202\" \/><strong data-start=\"2202\" data-end=\"2319\">Insight vous permet de surveiller, d\u00e9panner, mettre \u00e0 jour et g\u00e9rer vos r\u00e9seaux en temps r\u00e9el, o\u00f9 que vous soyez.<\/strong><\/p>\n    <\/div>\n        <div id=\"topic4\" class=\"skip-item\">\n                        <h2>CON\u00c7U POUR LES PARTENAIRES, PAS SEULEMENT POUR LES PRODUITS<\/h2>\n                <p data-start=\"2395\" data-end=\"2720\">Nous savons que la technologie, aussi performante soit-elle, ne suffit pas. La relation que nous entretenons avec nos partenaires \u2014 <strong data-start=\"2527\" data-end=\"2560\">revendeurs, int\u00e9grateurs, MSP<\/strong> \u2014 est tout aussi essentielle.<br data-start=\"2590\" data-end=\"2593\" \/>C\u2019est pourquoi nous avons con\u00e7u des solutions <strong data-start=\"2639\" data-end=\"2667\">flexibles, transparentes<\/strong>, et faciles \u00e0 int\u00e9grer dans votre mod\u00e8le d\u2019affaires.<\/p>\n<p data-start=\"2722\" data-end=\"2867\">\u2705 Pas de licences complexes<br data-start=\"2749\" data-end=\"2752\" \/>\u2705 Pas d\u2019engagements \u00e0 long terme<br data-start=\"2784\" data-end=\"2787\" \/>\u2705 Des options claires, un support r\u00e9actif, et une <strong data-start=\"2837\" data-end=\"2867\">distribution locale rapide<\/strong><\/p>\n<p data-start=\"2869\" data-end=\"2987\">Que vous accompagniez cinq clients ou cinquante, <strong data-start=\"2918\" data-end=\"2987\">NETGEAR vous aide \u00e0 d\u00e9velopper votre activit\u00e9 en toute confiance.<\/strong><\/p>\n    <\/div>\n        <div id=\"topic5\" class=\"skip-item\">\n                        <h2>UN R\u00c9SEAU QUI \u00c9VOLUE AVEC VOUS<\/h2>\n                <p data-start=\"3034\" data-end=\"3335\">Les PME ne veulent pas avoir l\u2019impression de devoir changer toute leur infrastructure IT chaque ann\u00e9e.<br data-start=\"3136\" data-end=\"3139\" \/>Elles veulent un r\u00e9seau qui <strong data-start=\"3167\" data-end=\"3197\">s\u2019adapte \u00e0 leur croissance<\/strong>, reste <strong data-start=\"3205\" data-end=\"3250\">s\u00e9curis\u00e9 \u00e0 mesure qu\u2019elles se d\u00e9veloppent<\/strong>, et ne n\u00e9cessite pas de devenir des experts en r\u00e9seau pour fonctionner correctement.<\/p>\n<p data-start=\"3337\" data-end=\"3606\">C\u2019est exactement notre mission.<br data-start=\"3368\" data-end=\"3371\" \/>Chez <strong data-start=\"3376\" data-end=\"3387\">NETGEAR<\/strong>, nous croyons que la connectivit\u00e9 fiable, s\u00e9curis\u00e9e et facile \u00e0 g\u00e9rer doit \u00eatre accessible \u00e0 <strong data-start=\"3481\" data-end=\"3507\">toutes les entreprises<\/strong>, pas seulement aux plus grandes.<br data-start=\"3540\" data-end=\"3543\" \/>Et nous sommes l\u00e0 pour aider nos partenaires \u00e0 la leur fournir.<\/p>\n<h3 data-start=\"3613\" data-end=\"3630\"><strong data-start=\"3617\" data-end=\"3630\">Et vous ?<\/strong><\/h3>\n<p data-start=\"3632\" data-end=\"3830\">Vous vous demandez comment <strong data-start=\"3659\" data-end=\"3670\">NETGEAR<\/strong> peut aider votre entreprise ou vos clients ?<br data-start=\"3715\" data-end=\"3718\" \/>Parlons ensemble de <strong data-start=\"3738\" data-end=\"3795\">solutions IT plus simples, plus s\u00fbres et plus rapides<\/strong> \u2014 sans les maux de t\u00eate habituels.<\/p>\n    <\/div>\n        <div id=\"topic6\" class=\"skip-item\">\n                        <h2>Plus d'informations<\/h2>\n                <p><!--SOLUTIONS NETGEAR ENTERPRISE--><\/p>\n<p>Plus d\u2019informations sur nos solutions Business<\/p>\n<div class=\"hs-cta-embed hs-cta-simple-placeholder hs-cta-embed-241151168190\" style=\"max-width: 100%;max-height: 100%;width: 310px;height: 50.395835876464844px\" data-hubspot-wrapper-cta-id=\"241151168190\"><a href=\"https:\/\/cta-na2.hubspot.com\/web-interactives\/public\/v1\/track\/redirect?encryptedPayload=AVxigLLJWF%2FR9NCdRJZQ5KVHoS9cmTllDsgnRckWwZDoTJW93FYqIGm7y2jNQ4CGjjeyEntjB1Eh%2FcIvmOqeWKIuNi7jJ95TD1xOsd56OGsqZrwJYn2P4gpbjQJxBuk%2FcElRMomZ2nLAB1rUvsSFPpXbLLR0VoURWUj2oq%2BphOJeMWjoSz5dSBIDsA%3D%3D&amp;webInteractiveContentId=241151168190&amp;portalId=242128791\" target=\"_blank\" rel=\"noopener\"><br \/>\n<img decoding=\"async\" style=\"height: 100%;width: 100%;object-fit: fill\" src=\"https:\/\/hubspot-no-cache-na2-prod.s3.amazonaws.com\/cta\/default\/242128791\/interactive-241151168190.png\" alt=\"SOLUTIONS NETGEAR ENTERPRISE\" \/><br \/>\n<\/a><\/div>\n<p><!--NETGEAR ACADEMY--><\/p>\n<p>Apprenez tout ce qu\u2019il faut savoir sur les r\u00e9seaux IP gr\u00e2ce \u00e0 notre NETGEAR ACADEMY<\/p>\n<div class=\"hs-cta-embed hs-cta-simple-placeholder hs-cta-embed-241151161035\" style=\"max-width: 100%;max-height: 100%;width: 260px;height: 50.390625px\" data-hubspot-wrapper-cta-id=\"241151161035\"><a href=\"https:\/\/cta-na2.hubspot.com\/web-interactives\/public\/v1\/track\/redirect?encryptedPayload=AVxigLJIgvHArQm4wTffTTUUJ%2F0ljCSNGcwj4PNLST8c9BdzGxqiACj%2Bz94HHc4mFPGtXF%2B%2F5wBeuQxMwTVaNhNVvj%2FrPoIwPhJXs1HyfD4geQMBkR1VuG%2BfPTfjyzB0ZZPS3Vs1DRegOuJZbqCiCvoqA4M8moDR4zNKVjZxPVGoUNOaIBrbKeHqgAhjG0PM1L1Yi66guE70DwgXJMTC7CAzvVrffriBmA%3D%3D&amp;webInteractiveContentId=241151161035&amp;portalId=242128791\" target=\"_blank\" rel=\"noopener\"><br \/>\n<img decoding=\"async\" style=\"height: 100%;width: 100%;object-fit: fill\" src=\"https:\/\/hubspot-no-cache-na2-prod.s3.amazonaws.com\/cta\/default\/242128791\/interactive-241151161035.png\" alt=\"NETGEAR ACADEMY\" \/><br \/>\n<\/a><\/div>\n<p><!--CONTACTEZ L'EQUIPE PRO-IT--><\/p>\n<p>Nos ing\u00e9nieurs vous accompagnent gratuitement dans la r\u00e9alisation de vos projets<\/p>\n<div class=\"hs-cta-embed hs-cta-simple-placeholder hs-cta-embed-245601455827\" style=\"max-width: 100%;max-height: 100%;width: 287px;height: 50.390625px\" data-hubspot-wrapper-cta-id=\"245601455827\"><a href=\"https:\/\/cta-na2.hubspot.com\/web-interactives\/public\/v1\/track\/redirect?encryptedPayload=AVxigLInaPY6CKjdDpPVYzjXnEGvPfbouzJx88Hc1CLeTaYRtnOO25E9XicF7pvzMQdle10f103Z%2F0L%2BbiJE2NwgOQVCpgxtwv3X4ZjoLQkEp5IHfzWjQzeN8Zq44UJQhsPMIst0b69UmgxZlIyrErVjJxyPRNNMsT41p87bUD9JAGKJ2ih7inbvBJTAWKny5YWUD0fN29FFl16U6g1urHYkE5vRzSSaFw%3D%3D&amp;webInteractiveContentId=245601455827&amp;portalId=242128791\" target=\"_blank\" rel=\"noopener\"><br \/>\n<img decoding=\"async\" style=\"height: 100%;width: 100%;object-fit: fill\" src=\"https:\/\/hubspot-no-cache-na2-prod.s3.amazonaws.com\/cta\/default\/242128791\/interactive-245601455827.png\" alt=\"CONTACTEZ L'EQUIPE PRO-IT\" \/><br \/>\n<\/a><\/div>\n    <\/div>\n        <div id=\"topic7\" class=\"skip-item\">\n                        <p><iframe loading=\"lazy\" src=\"https:\/\/405nrr.share-na2.hsforms.com\/24AR2ZDSmQqWycFqf8q5-eg\" width=\"100%\" height=\"1200px\"><\/iframe><\/p>\n    <\/div>\n    <\/p>\n","protected":false},"excerpt":{"rendered":"","protected":false},"author":97,"featured_media":10942,"parent":6714,"menu_order":5,"comment_status":"closed","ping_status":"closed","template":"templates\/mesh-vs-wifi.php","meta":{"_acf_changed":false,"content-type":"","footnotes":""},"class_list":["post-10938","page","type-page","status-publish","has-post-thumbnail","hentry"],"acf":[],"yoast_head":"<!-- This site is optimized with the Yoast SEO plugin v27.4 - https:\/\/yoast.com\/product\/yoast-seo-wordpress\/ -->\n<title>Des r\u00e9seaux plus intelligents pour les entreprises en croissance - NETGEAR Blog<\/title>\n<meta name=\"description\" content=\"Top\u202f10 des probl\u00e8mes WiFi pour les PME et \u00e9tablissements scolaires en 2025\" \/>\n<meta name=\"robots\" content=\"index, follow, max-snippet:-1, max-image-preview:large, max-video-preview:-1\" \/>\n<link rel=\"canonical\" href=\"https:\/\/frhub.netgear.com\/fr\/hub\/business\/enterprise-it\/smarter-networks-for-growing-businesses\/\" \/>\n<meta property=\"og:locale\" content=\"en_US\" \/>\n<meta property=\"og:type\" content=\"article\" \/>\n<meta property=\"og:title\" content=\"Des r\u00e9seaux plus intelligents pour les entreprises en croissance - NETGEAR Blog\" \/>\n<meta property=\"og:description\" content=\"Top\u202f10 des probl\u00e8mes WiFi pour les PME et \u00e9tablissements scolaires en 2025\" \/>\n<meta property=\"og:url\" content=\"https:\/\/frhub.netgear.com\/fr\/hub\/business\/enterprise-it\/smarter-networks-for-growing-businesses\/\" \/>\n<meta property=\"og:site_name\" content=\"NETGEAR Blog\" \/>\n<meta property=\"article:publisher\" content=\"https:\/\/www.facebook.com\/NetgearAU\/\" \/>\n<meta property=\"article:modified_time\" content=\"2025-10-13T11:28:00+00:00\" \/>\n<meta property=\"og:image\" content=\"https:\/\/frhub.netgear.com\/fr\/hub\/wp-content\/uploads\/2025\/09\/AdobeStock_658617720-383x288-1.jpeg\" \/>\n\t<meta property=\"og:image:width\" content=\"383\" \/>\n\t<meta property=\"og:image:height\" content=\"288\" \/>\n\t<meta property=\"og:image:type\" content=\"image\/jpeg\" \/>\n<meta name=\"twitter:card\" content=\"summary_large_image\" \/>\n<meta name=\"twitter:site\" content=\"@NETGEAR\" \/>\n<script type=\"application\/ld+json\" class=\"yoast-schema-graph\">{\"@context\":\"https:\\\/\\\/schema.org\",\"@graph\":[{\"@type\":\"WebPage\",\"@id\":\"https:\\\/\\\/frhub.netgear.com\\\/fr\\\/hub\\\/business\\\/enterprise-it\\\/smarter-networks-for-growing-businesses\\\/\",\"url\":\"https:\\\/\\\/frhub.netgear.com\\\/fr\\\/hub\\\/business\\\/enterprise-it\\\/smarter-networks-for-growing-businesses\\\/\",\"name\":\"Des r\u00e9seaux plus intelligents pour les entreprises en croissance - NETGEAR Blog\",\"isPartOf\":{\"@id\":\"https:\\\/\\\/frhub.netgear.com\\\/fr\\\/hub\\\/#website\"},\"primaryImageOfPage\":{\"@id\":\"https:\\\/\\\/frhub.netgear.com\\\/fr\\\/hub\\\/business\\\/enterprise-it\\\/smarter-networks-for-growing-businesses\\\/#primaryimage\"},\"image\":{\"@id\":\"https:\\\/\\\/frhub.netgear.com\\\/fr\\\/hub\\\/business\\\/enterprise-it\\\/smarter-networks-for-growing-businesses\\\/#primaryimage\"},\"thumbnailUrl\":\"https:\\\/\\\/frhub.netgear.com\\\/fr\\\/hub\\\/wp-content\\\/uploads\\\/2025\\\/09\\\/AdobeStock_658617720-383x288-1.jpeg\",\"datePublished\":\"2025-09-18T09:38:02+00:00\",\"dateModified\":\"2025-10-13T11:28:00+00:00\",\"description\":\"Top\u202f10 des probl\u00e8mes WiFi pour les PME et \u00e9tablissements scolaires en 2025\",\"breadcrumb\":{\"@id\":\"https:\\\/\\\/frhub.netgear.com\\\/fr\\\/hub\\\/business\\\/enterprise-it\\\/smarter-networks-for-growing-businesses\\\/#breadcrumb\"},\"inLanguage\":\"en-US\",\"potentialAction\":[{\"@type\":\"ReadAction\",\"target\":[\"https:\\\/\\\/frhub.netgear.com\\\/fr\\\/hub\\\/business\\\/enterprise-it\\\/smarter-networks-for-growing-businesses\\\/\"]}]},{\"@type\":\"ImageObject\",\"inLanguage\":\"en-US\",\"@id\":\"https:\\\/\\\/frhub.netgear.com\\\/fr\\\/hub\\\/business\\\/enterprise-it\\\/smarter-networks-for-growing-businesses\\\/#primaryimage\",\"url\":\"https:\\\/\\\/frhub.netgear.com\\\/fr\\\/hub\\\/wp-content\\\/uploads\\\/2025\\\/09\\\/AdobeStock_658617720-383x288-1.jpeg\",\"contentUrl\":\"https:\\\/\\\/frhub.netgear.com\\\/fr\\\/hub\\\/wp-content\\\/uploads\\\/2025\\\/09\\\/AdobeStock_658617720-383x288-1.jpeg\",\"width\":383,\"height\":288,\"caption\":\"Young business women discussing in cubicle at the modern office\"},{\"@type\":\"BreadcrumbList\",\"@id\":\"https:\\\/\\\/frhub.netgear.com\\\/fr\\\/hub\\\/business\\\/enterprise-it\\\/smarter-networks-for-growing-businesses\\\/#breadcrumb\",\"itemListElement\":[{\"@type\":\"ListItem\",\"position\":1,\"name\":\"Home\",\"item\":\"https:\\\/\\\/frhub.netgear.com\\\/fr\\\/hub\\\/\"},{\"@type\":\"ListItem\",\"position\":2,\"name\":\"Entreprises\",\"item\":\"https:\\\/\\\/frhub.netgear.com\\\/fr\\\/hub\\\/business\\\/\"},{\"@type\":\"ListItem\",\"position\":3,\"name\":\"Business Networking Articles Hub\",\"item\":\"https:\\\/\\\/frhub.netgear.com\\\/fr\\\/hub\\\/business\\\/enterprise-it\\\/\"},{\"@type\":\"ListItem\",\"position\":4,\"name\":\"Des r\u00e9seaux plus intelligents pour les entreprises en croissance\"}]},{\"@type\":\"WebSite\",\"@id\":\"https:\\\/\\\/frhub.netgear.com\\\/fr\\\/hub\\\/#website\",\"url\":\"https:\\\/\\\/frhub.netgear.com\\\/fr\\\/hub\\\/\",\"name\":\"NETGEAR Hub France\",\"description\":\"Explorez les pages de notre blog et parcourez les articles pour en savoir plus sur les produits et la technologie NETGEAR.\",\"publisher\":{\"@id\":\"https:\\\/\\\/frhub.netgear.com\\\/fr\\\/hub\\\/#organization\"},\"potentialAction\":[{\"@type\":\"SearchAction\",\"target\":{\"@type\":\"EntryPoint\",\"urlTemplate\":\"https:\\\/\\\/frhub.netgear.com\\\/fr\\\/hub\\\/?s={search_term_string}\"},\"query-input\":{\"@type\":\"PropertyValueSpecification\",\"valueRequired\":true,\"valueName\":\"search_term_string\"}}],\"inLanguage\":\"en-US\"},{\"@type\":\"Organization\",\"@id\":\"https:\\\/\\\/frhub.netgear.com\\\/fr\\\/hub\\\/#organization\",\"name\":\"NETGEAR\",\"url\":\"https:\\\/\\\/frhub.netgear.com\\\/fr\\\/hub\\\/\",\"logo\":{\"@type\":\"ImageObject\",\"inLanguage\":\"en-US\",\"@id\":\"https:\\\/\\\/frhub.netgear.com\\\/fr\\\/hub\\\/#\\\/schema\\\/logo\\\/image\\\/\",\"url\":\"https:\\\/\\\/www.netgear.com\\\/fr\\\/hub\\\/wp-content\\\/uploads\\\/2019\\\/07\\\/NETGEAR_logo.jpg\",\"contentUrl\":\"https:\\\/\\\/www.netgear.com\\\/fr\\\/hub\\\/wp-content\\\/uploads\\\/2019\\\/07\\\/NETGEAR_logo.jpg\",\"width\":1500,\"height\":501,\"caption\":\"NETGEAR\"},\"image\":{\"@id\":\"https:\\\/\\\/frhub.netgear.com\\\/fr\\\/hub\\\/#\\\/schema\\\/logo\\\/image\\\/\"},\"sameAs\":[\"https:\\\/\\\/www.facebook.com\\\/NetgearAU\\\/\",\"https:\\\/\\\/x.com\\\/NETGEAR\",\"https:\\\/\\\/www.linkedin.com\\\/company\\\/netgear\"]}]}<\/script>\n<!-- \/ Yoast SEO plugin. -->","yoast_head_json":{"title":"Des r\u00e9seaux plus intelligents pour les entreprises en croissance - NETGEAR Blog","description":"Top\u202f10 des probl\u00e8mes WiFi pour les PME et \u00e9tablissements scolaires en 2025","robots":{"index":"index","follow":"follow","max-snippet":"max-snippet:-1","max-image-preview":"max-image-preview:large","max-video-preview":"max-video-preview:-1"},"canonical":"https:\/\/frhub.netgear.com\/fr\/hub\/business\/enterprise-it\/smarter-networks-for-growing-businesses\/","og_locale":"en_US","og_type":"article","og_title":"Des r\u00e9seaux plus intelligents pour les entreprises en croissance - NETGEAR Blog","og_description":"Top\u202f10 des probl\u00e8mes WiFi pour les PME et \u00e9tablissements scolaires en 2025","og_url":"https:\/\/frhub.netgear.com\/fr\/hub\/business\/enterprise-it\/smarter-networks-for-growing-businesses\/","og_site_name":"NETGEAR Blog","article_publisher":"https:\/\/www.facebook.com\/NetgearAU\/","article_modified_time":"2025-10-13T11:28:00+00:00","og_image":[{"width":383,"height":288,"url":"https:\/\/frhub.netgear.com\/fr\/hub\/wp-content\/uploads\/2025\/09\/AdobeStock_658617720-383x288-1.jpeg","type":"image\/jpeg"}],"twitter_card":"summary_large_image","twitter_site":"@NETGEAR","schema":{"@context":"https:\/\/schema.org","@graph":[{"@type":"WebPage","@id":"https:\/\/frhub.netgear.com\/fr\/hub\/business\/enterprise-it\/smarter-networks-for-growing-businesses\/","url":"https:\/\/frhub.netgear.com\/fr\/hub\/business\/enterprise-it\/smarter-networks-for-growing-businesses\/","name":"Des r\u00e9seaux plus intelligents pour les entreprises en croissance - NETGEAR Blog","isPartOf":{"@id":"https:\/\/frhub.netgear.com\/fr\/hub\/#website"},"primaryImageOfPage":{"@id":"https:\/\/frhub.netgear.com\/fr\/hub\/business\/enterprise-it\/smarter-networks-for-growing-businesses\/#primaryimage"},"image":{"@id":"https:\/\/frhub.netgear.com\/fr\/hub\/business\/enterprise-it\/smarter-networks-for-growing-businesses\/#primaryimage"},"thumbnailUrl":"https:\/\/frhub.netgear.com\/fr\/hub\/wp-content\/uploads\/2025\/09\/AdobeStock_658617720-383x288-1.jpeg","datePublished":"2025-09-18T09:38:02+00:00","dateModified":"2025-10-13T11:28:00+00:00","description":"Top\u202f10 des probl\u00e8mes WiFi pour les PME et \u00e9tablissements scolaires en 2025","breadcrumb":{"@id":"https:\/\/frhub.netgear.com\/fr\/hub\/business\/enterprise-it\/smarter-networks-for-growing-businesses\/#breadcrumb"},"inLanguage":"en-US","potentialAction":[{"@type":"ReadAction","target":["https:\/\/frhub.netgear.com\/fr\/hub\/business\/enterprise-it\/smarter-networks-for-growing-businesses\/"]}]},{"@type":"ImageObject","inLanguage":"en-US","@id":"https:\/\/frhub.netgear.com\/fr\/hub\/business\/enterprise-it\/smarter-networks-for-growing-businesses\/#primaryimage","url":"https:\/\/frhub.netgear.com\/fr\/hub\/wp-content\/uploads\/2025\/09\/AdobeStock_658617720-383x288-1.jpeg","contentUrl":"https:\/\/frhub.netgear.com\/fr\/hub\/wp-content\/uploads\/2025\/09\/AdobeStock_658617720-383x288-1.jpeg","width":383,"height":288,"caption":"Young business women discussing in cubicle at the modern office"},{"@type":"BreadcrumbList","@id":"https:\/\/frhub.netgear.com\/fr\/hub\/business\/enterprise-it\/smarter-networks-for-growing-businesses\/#breadcrumb","itemListElement":[{"@type":"ListItem","position":1,"name":"Home","item":"https:\/\/frhub.netgear.com\/fr\/hub\/"},{"@type":"ListItem","position":2,"name":"Entreprises","item":"https:\/\/frhub.netgear.com\/fr\/hub\/business\/"},{"@type":"ListItem","position":3,"name":"Business Networking Articles Hub","item":"https:\/\/frhub.netgear.com\/fr\/hub\/business\/enterprise-it\/"},{"@type":"ListItem","position":4,"name":"Des r\u00e9seaux plus intelligents pour les entreprises en croissance"}]},{"@type":"WebSite","@id":"https:\/\/frhub.netgear.com\/fr\/hub\/#website","url":"https:\/\/frhub.netgear.com\/fr\/hub\/","name":"NETGEAR Hub France","description":"Explorez les pages de notre blog et parcourez les articles pour en savoir plus sur les produits et la technologie NETGEAR.","publisher":{"@id":"https:\/\/frhub.netgear.com\/fr\/hub\/#organization"},"potentialAction":[{"@type":"SearchAction","target":{"@type":"EntryPoint","urlTemplate":"https:\/\/frhub.netgear.com\/fr\/hub\/?s={search_term_string}"},"query-input":{"@type":"PropertyValueSpecification","valueRequired":true,"valueName":"search_term_string"}}],"inLanguage":"en-US"},{"@type":"Organization","@id":"https:\/\/frhub.netgear.com\/fr\/hub\/#organization","name":"NETGEAR","url":"https:\/\/frhub.netgear.com\/fr\/hub\/","logo":{"@type":"ImageObject","inLanguage":"en-US","@id":"https:\/\/frhub.netgear.com\/fr\/hub\/#\/schema\/logo\/image\/","url":"https:\/\/www.netgear.com\/fr\/hub\/wp-content\/uploads\/2019\/07\/NETGEAR_logo.jpg","contentUrl":"https:\/\/www.netgear.com\/fr\/hub\/wp-content\/uploads\/2019\/07\/NETGEAR_logo.jpg","width":1500,"height":501,"caption":"NETGEAR"},"image":{"@id":"https:\/\/frhub.netgear.com\/fr\/hub\/#\/schema\/logo\/image\/"},"sameAs":["https:\/\/www.facebook.com\/NetgearAU\/","https:\/\/x.com\/NETGEAR","https:\/\/www.linkedin.com\/company\/netgear"]}]}},"_links":{"self":[{"href":"https:\/\/frhub.netgear.com\/fr\/hub\/wp-json\/wp\/v2\/pages\/10938","targetHints":{"allow":["GET"]}}],"collection":[{"href":"https:\/\/frhub.netgear.com\/fr\/hub\/wp-json\/wp\/v2\/pages"}],"about":[{"href":"https:\/\/frhub.netgear.com\/fr\/hub\/wp-json\/wp\/v2\/types\/page"}],"author":[{"embeddable":true,"href":"https:\/\/frhub.netgear.com\/fr\/hub\/wp-json\/wp\/v2\/users\/97"}],"replies":[{"embeddable":true,"href":"https:\/\/frhub.netgear.com\/fr\/hub\/wp-json\/wp\/v2\/comments?post=10938"}],"version-history":[{"count":6,"href":"https:\/\/frhub.netgear.com\/fr\/hub\/wp-json\/wp\/v2\/pages\/10938\/revisions"}],"predecessor-version":[{"id":11268,"href":"https:\/\/frhub.netgear.com\/fr\/hub\/wp-json\/wp\/v2\/pages\/10938\/revisions\/11268"}],"up":[{"embeddable":true,"href":"https:\/\/frhub.netgear.com\/fr\/hub\/wp-json\/wp\/v2\/pages\/6714"}],"wp:featuredmedia":[{"embeddable":true,"href":"https:\/\/frhub.netgear.com\/fr\/hub\/wp-json\/wp\/v2\/media\/10942"}],"wp:attachment":[{"href":"https:\/\/frhub.netgear.com\/fr\/hub\/wp-json\/wp\/v2\/media?parent=10938"}],"curies":[{"name":"wp","href":"https:\/\/api.w.org\/{rel}","templated":true}]}}