{"id":10879,"date":"2025-09-11T09:54:23","date_gmt":"2025-09-11T07:54:23","guid":{"rendered":"https:\/\/frhub.netgear.com\/fr\/hub\/business\/av\/easy-ip-based-broadcasting-2\/"},"modified":"2025-10-03T09:29:41","modified_gmt":"2025-10-03T07:29:41","slug":"pixelhue-netgear-av-partnership","status":"publish","type":"page","link":"https:\/\/frhub.netgear.com\/fr\/hub\/business\/av\/pixelhue-netgear-av-partnership\/","title":{"rendered":"Comment le partenariat entre PIXELHUE et NETGEAR AV red\u00e9finit le Pro AV"},"content":{"rendered":"<p>Que se passe-t-il lorsqu\u2019un processeur AV de qualit\u00e9 broadcast rencontre un r\u00e9seau Pro AV plug-and-play ? Une innovation r\u00e9volutionnaire. D\u00e9couvrez comment le partenariat entre PIXELHUE PRO AV et NETGEAR AV redessine l\u2019avenir de l\u2019AV over IP \u2014 alliant latence ultra-faible, pr\u00e9cision 4K60, et succ\u00e8s en conditions r\u00e9elles, pour une solution fluide et \u00e9volutive. Si vous travaillez dans l\u2019AV, c\u2019est la collaboration \u00e0 conna\u00eetre.     <div class=\"table-of-content bg-gray\">\n        <p><strong>IN THIS ARTICLE<\/strong><\/p>\n        <ul>\n                        <li><a href=\"#topic1\">Innovation technologique derri\u00e8re l\u2019alliance<\/a><\/li>\n                        <li><a href=\"#topic2\">Le r\u00f4le de ST 2110 dans l\u2019\u00e9volution du Pro AV<\/a><\/li>\n                        <li><a href=\"#topic3\">Une base de collaborations solides<\/a><\/li>\n                        <li><a href=\"#topic4\">D\u00e9di\u00e9 \u00e0 l\u2019innovation AV over IP<\/a><\/li>\n                        <li><a href=\"#topic5\">Des r\u00e9sultats \u00e9volutifs gr\u00e2ce \u00e0 une collaboration strat\u00e9gique<\/a><\/li>\n                        <li><a href=\"#topic6\">Pourquoi ce partenariat est important<\/a><\/li>\n                        <li><a href=\"#topic7\">Plus d'informations<\/a><\/li>\n                    <\/ul>\n    <\/div>\n        <div id=\"topic1\" class=\"skip-item\">\n                        <h2>Innovation technologique derri\u00e8re l\u2019alliance<\/h2>\n                <p data-start=\"667\" data-end=\"835\">La convergence des technologies broadcast et Pro AV s\u2019est acc\u00e9l\u00e9r\u00e9e ces derni\u00e8res ann\u00e9es, port\u00e9e par les avanc\u00e9es rapides des standards AV over IP et du traitement LED.<\/p>\n<p data-start=\"837\" data-end=\"1299\">Un exemple marquant de cette tendance est la collaboration entre PIXELHUE et NETGEAR AV, pr\u00e9sent\u00e9e lors d\u2019ISE 2025 et InfoComm 2025. Ce partenariat montre comment l\u2019innovation dans les protocoles comme SMPTE ST 2110 et IPMX, associ\u00e9e aux technologies LED de pointe, transforme la production live, les \u00e9v\u00e9nements et l\u2019AV d\u2019entreprise. Les avantages d\u00e9passent les installations fixes pour inclure des b\u00e9n\u00e9fices majeurs en production live, location et \u00e9v\u00e9nementiel.<\/p>\n    <\/div>\n        <div id=\"topic2\" class=\"skip-item\">\n                        <h2>Le r\u00f4le de ST 2110 dans l\u2019\u00e9volution du Pro AV<\/h2>\n                <p data-start=\"1358\" data-end=\"1658\">Le SMPTE ST 2110 est devenu la colonne vert\u00e9brale des workflows broadcast modernes, permettant le transport de vid\u00e9o, audio et m\u00e9tadonn\u00e9es non compress\u00e9es sur des r\u00e9seaux IP avec une synchronisation pr\u00e9cise. Cette adoption rapide ouvre la voie \u00e0 une int\u00e9gration transparente entre syst\u00e8mes AV vari\u00e9s.<\/p>\n<p data-start=\"1660\" data-end=\"1971\">IPMX (Internet Protocol Media Experience), qui s\u2019appuie sur ST 2110, est un standard ouvert sp\u00e9cifiquement con\u00e7u pour le march\u00e9 Pro AV, facilitant l\u2019interop\u00e9rabilit\u00e9 et la flexibilit\u00e9 entre diff\u00e9rents appareils et plateformes. IPMX peut fonctionner sur des r\u00e9seaux PTP, non-PTP, ou une version hybride des deux.<\/p>\n<p data-start=\"1973\" data-end=\"2273\">NETGEAR AV est \u00e0 la pointe du support de ces standards, avec sa derni\u00e8re s\u00e9rie de switches M4350 con\u00e7us pour r\u00e9pondre aux exigences strictes des workflows ST 2110 et IPMX. Ces switches offrent la bande passante et la pr\u00e9cision temporelle n\u00e9cessaires pour des d\u00e9ploiements AV over IP de haute qualit\u00e9.<\/p>\n    <\/div>\n        <div id=\"topic3\" class=\"skip-item\">\n                        <h2>Une base de collaborations solides<\/h2>\n                <p data-start=\"2321\" data-end=\"2656\">PIXELHUE et NETGEAR ont une longue histoire de collaboration \u00e0 travers des projets en Europe et en Asie, incluant des d\u00e9ploiements lors des Jeux Olympiques et dans des installations majeures d\u2019entreprise. Ces succ\u00e8s concrets d\u00e9montrent la valeur d\u2019une int\u00e9gration fluide entre le traitement AV et une infrastructure r\u00e9seau performante.<\/p>\n<p data-start=\"2658\" data-end=\"3033\">Les premiers travaux conjoints tournaient autour du Q8 de PIXELHUE, un m\u00e9langeur de pr\u00e9sentation modulaire combinant capacit\u00e9s broadcast et flexibilit\u00e9 Pro AV, avec des modules d\u2019entr\u00e9e ST 2110 et une distribution vid\u00e9o multi-canal sur r\u00e9seaux IP. Tandis que le Q8 marquait une \u00e9tape importante, la collaboration actuelle s\u2019est concentr\u00e9e sur le lancement de PIXELHUE PRO AV.<\/p>\n    <\/div>\n        <div id=\"topic4\" class=\"skip-item\">\n                        <h2>D\u00e9di\u00e9 \u00e0 l\u2019innovation AV over IP<\/h2>\n                <p data-start=\"3078\" data-end=\"3532\">PIXELHUE PRO AV est une sous-marque sp\u00e9cialis\u00e9e de PIXELHUE, d\u00e9di\u00e9e \u00e0 red\u00e9finir les syst\u00e8mes AV professionnels gr\u00e2ce \u00e0 des algorithmes intelligents, une architecture AV over IP haute performance et une forte adaptabilit\u00e9 r\u00e9seau. Bien qu\u2019appartenant \u00e0 PIXELHUE, PIXELHUE PRO AV op\u00e8re comme une marque ind\u00e9pendante, avec pour mission de fournir des solutions AV \u00e9volutives, r\u00e9actives et adapt\u00e9es aux sc\u00e9narios des int\u00e9grateurs et applications d\u2019entreprise.<\/p>\n<p data-start=\"3534\" data-end=\"4009\">Au c\u0153ur de la collaboration r\u00e9cente avec NETGEAR se trouve la s\u00e9rie PD, un processeur AV over IP double flux avanc\u00e9 bas\u00e9 sur une architecture FPGA haute performance. Int\u00e9grant l\u2019algorithme propri\u00e9taire InstSight\u2122 de PIXELHUE et le codec H.26x, la s\u00e9rie PD supporte l\u2019encodage\/d\u00e9codage en temps r\u00e9el avec une latence ultra-faible (aussi basse que 2 ms), une qualit\u00e9 visuellement sans perte en 4K60 4:4:4 et une adaptabilit\u00e9 exceptionnelle sur des infrastructures IP complexes.<\/p>\n<p data-start=\"4011\" data-end=\"4316\">Les switches de la gamme Pro AV de NETGEAR, dot\u00e9s d\u2019une int\u00e9gration plug-and-play, se sont av\u00e9r\u00e9s parfaitement compatibles lors des tests pouss\u00e9s. Ensemble, la s\u00e9rie PD et les switches NETGEAR offrent des syst\u00e8mes AV over IP \u00e9volutifs, fiables et faciles \u00e0 d\u00e9ployer pour les environnements professionnels.<\/p>\n    <\/div>\n        <div id=\"topic5\" class=\"skip-item\">\n                        <h2>Des r\u00e9sultats \u00e9volutifs gr\u00e2ce \u00e0 une collaboration strat\u00e9gique<\/h2>\n                <p data-start=\"4391\" data-end=\"4774\">Le partenariat entre PIXELHUE PRO AV et NETGEAR AV repr\u00e9sente une alliance strat\u00e9gique combinant traitement vid\u00e9o avanc\u00e9 et infrastructure r\u00e9seau optimis\u00e9e pour l\u2019AV. Leur solution conjointe a \u00e9t\u00e9 mise en avant lors d\u2019\u00e9v\u00e9nements tels que l\u2019ISE et InfoComm 2025, d\u00e9montrant la puissance de la compatibilit\u00e9 plug-and-play, du traitement en temps r\u00e9el et de la conception de r\u00e9seaux AV.<\/p>\n<p data-start=\"4776\" data-end=\"5093\">Gr\u00e2ce \u00e0 cette collaboration, PIXELHUE PRO AV a atteint sa mission de solutions AV intelligentes et flexibles, tandis que l\u2019infrastructure NETGEAR garantit un transport fiable, une synchronisation parfaite et une simplicit\u00e9 de d\u00e9ploiement, \u00e9tablissant une r\u00e9f\u00e9rence pour la prochaine g\u00e9n\u00e9ration de syst\u00e8mes AV over IP.<\/p>\n    <\/div>\n        <div id=\"topic6\" class=\"skip-item\">\n                        <h2>Pourquoi ce partenariat est important<\/h2>\n                <p data-start=\"5144\" data-end=\"5625\">Alors que l\u2019industrie AV continue d\u2019adopter des solutions bas\u00e9es sur IP, des collaborations comme celle de PIXELHUE PRO AV et NETGEAR AV joueront un r\u00f4le cl\u00e9 dans l\u2019innovation et la fixation de nouveaux standards en mati\u00e8re de performance et d\u2019interop\u00e9rabilit\u00e9. En fusionnant les technologies broadcast, Pro AV et IT, tout en mettant l\u2019accent sur une conception centr\u00e9e utilisateur, nous r\u00e9pondons non seulement aux besoins actuels du march\u00e9, mais pr\u00e9parons aussi l\u2019avenir de l\u2019AV.<\/p>\n<p data-start=\"5627\" data-end=\"5994\">Pour les professionnels souhaitant rester \u00e0 la pointe dans ce paysage AV en pleine \u00e9volution, comprendre et adopter ces technologies et partenariats \u00e9mergents sera essentiel pour offrir des exp\u00e9riences exceptionnelles, tant en broadcast qu\u2019en Pro AV. NETGEAR propose des formations gratuites pour les professionnels AV souhaitant rester \u00e0 jour via la NETGEAR ACADEMY.<\/p>\n    <\/div>\n        <div id=\"topic7\" class=\"skip-item\">\n                        <h2>Plus d'informations<\/h2>\n                <p>\n<!--SOLUTIONS NETGEAR AV --><\/p>\n<p> Plus d\u2019informations sur nos solutions audiovisuelles<\/p>\n<div class=\"hs-cta-embed hs-cta-simple-placeholder hs-cta-embed-241151160046\" style=\"max-width:100%;max-height:100%;width:260px;height:50.390625px\" data-hubspot-wrapper-cta-id=\"241151160046\"><br \/>\n  <a href=\"https:\/\/cta-na2.hubspot.com\/web-interactives\/public\/v1\/track\/redirect?encryptedPayload=AVxigLJf4HGLXU18h5HBrlQTZuKX4p21iriDX%2FD9Weo1E0jc26wgSp32sJpGF%2FrOb977gqk9Skq%2FVgamhq%2FXvCN0mPQ1dmrdARtcNUH8fV5cFOvngo8qJ8EuMyEq%2Fqu2y51zC2FZUVyu97opP5ixVGCiE%2Bg6BOgTVVDljEMF5hhhXUNpnikrl2UTN%2Bb3TA%3D%3D&#038;webInteractiveContentId=241151160046&#038;portalId=242128791\" target=\"_blank\" rel=\"noopener\"><br \/>\n    <img decoding=\"async\" alt=\"SOLUTIONS NETGEAR AV\" loading=\"lazy\" src=\"https:\/\/hubspot-no-cache-na2-prod.s3.amazonaws.com\/cta\/default\/242128791\/interactive-241151160046.png\" style=\"height: 100%;width: 100%;object-fit: fill\" \/><br \/>\n  <\/a>\n<\/div>\n<\/p>\n<p><!-- NETGEAR ACADEMY AV --><\/p>\n<p> Apprenez tout sur les r\u00e9seaux IP gr\u00e2ce \u00e0 la NETGEAR ACADEMY<\/p>\n<div class=\"hs-cta-embed hs-cta-simple-placeholder hs-cta-embed-241151160033\" style=\"max-width:100%;max-height:100%;width:260px;height:50.390625px\" data-hubspot-wrapper-cta-id=\"241151160033\"><br \/>\n  <a href=\"https:\/\/cta-na2.hubspot.com\/web-interactives\/public\/v1\/track\/redirect?encryptedPayload=AVxigLJ6zgXxrLVJLagOt9pyIXf5%2FGgh9lUupWJj49Nfcbq71eIrrvJQt9JGeaQwNkTAPTWhI2%2BXk56NQscWP4xOQ7iZrhk6rkBjyO4dBlJGP1gG3BpcrdlgLyF%2F850K2l3xn5kDj5H%2Fur8VO2zJH58QH7by4HFWliY25223Shr3sQx25aCmNBjCDkNwA2WRum67F9fGyQyzoYOn86wAq%2Brw3xzsBDMbyw%3D%3D&#038;webInteractiveContentId=241151160033&#038;portalId=242128791\" target=\"_blank\" rel=\"noopener\"><br \/>\n    <img decoding=\"async\" alt=\"NETGEAR ACADEMY\" loading=\"lazy\" src=\"https:\/\/hubspot-no-cache-na2-prod.s3.amazonaws.com\/cta\/default\/242128791\/interactive-241151160033.png\" style=\"height: 100%;width: 100%;object-fit: fill\" \/><br \/>\n  <\/a>\n<\/div>\n<\/p>\n<p><!--CONTACTEZ L'EQUIPE PROAV --><\/p>\n<p>Nos ing\u00e9nieurs vous accompagneront gratuitement dans la r\u00e9alisation de vos projets audiovisuels<\/p>\n<div class=\"hs-cta-embed hs-cta-simple-placeholder hs-cta-embed-241151160055\" style=\"max-width:100%;max-height:100%;width:270px;height:50.390625px\" data-hubspot-wrapper-cta-id=\"241151160055\"><br \/>\n  <a href=\"https:\/\/cta-na2.hubspot.com\/web-interactives\/public\/v1\/track\/redirect?encryptedPayload=AVxigLLUG9XShtF2ziGdRlpsMD%2BMJ39t1kFOE7VlHl2HmmlWzlJWH0rsV7f3eoQL53gclcWb0lliiDgK3EAMVvEOcIE7gW9aYOwk1uipv43pSUkBlDtiKJ%2BcB7fopWupnJbggqZWRkNERZkdh1dDGXHHDJX3V0sOA8mbXD%2Fd6QC2XK2OyVtrDNFDHbBoT6b15PyvF4Ca3b6JBNTYdAzYeH790XenlNKBP4OKZqw50t7IGx9DuADFMFlNdg6FWQ%3D%3D&#038;webInteractiveContentId=241151160055&#038;portalId=242128791\" target=\"_blank\" rel=\"noopener\"><br \/>\n    <img decoding=\"async\" alt=\"CONTACTEZ L'EQUIPE PROAV\" loading=\"lazy\" src=\"https:\/\/hubspot-no-cache-na2-prod.s3.amazonaws.com\/cta\/default\/242128791\/interactive-241151160055.png\" style=\"height: 100%;width: 100%;object-fit: fill\" \/><br \/>\n  <\/a>\n<\/div><\/p>\n    <\/div>\n        <div id=\"topic8\" class=\"skip-item\">\n                        <p><iframe loading=\"lazy\" src=\"https:\/\/405nrr.share-na2.hsforms.com\/24AR2ZDSmQqWycFqf8q5-eg\" width=\"100%\" height=\"1200px\"><\/iframe><\/p>\n    <\/div>\n    <\/p>\n","protected":false},"excerpt":{"rendered":"<p>Que se passe-t-il lorsqu\u2019un processeur AV de qualit\u00e9 broadcast rencontre un r\u00e9seau Pro AV plug-and-play ? Une innovation r\u00e9volutionnaire. D\u00e9couvrez comment le partenariat entre PIXELHUE PRO AV et NETGEAR AV redessine l\u2019avenir de l\u2019AV over IP \u2014 alliant latence ultra-faible, pr\u00e9cision 4K60, et succ\u00e8s en conditions r\u00e9elles, pour une solution fluide et \u00e9volutive. Si vous [&hellip;]<\/p>\n","protected":false},"author":97,"featured_media":10881,"parent":6754,"menu_order":0,"comment_status":"closed","ping_status":"closed","template":"templates\/blog-wifi.php","meta":{"_acf_changed":false,"content-type":"","footnotes":""},"class_list":["post-10879","page","type-page","status-publish","has-post-thumbnail","hentry"],"acf":[],"yoast_head":"<!-- This site is optimized with the Yoast SEO plugin v27.4 - https:\/\/yoast.com\/product\/yoast-seo-wordpress\/ -->\n<title>Comment le partenariat entre PIXELHUE et NETGEAR AV red\u00e9finit le Pro AV - NETGEAR Blog<\/title>\n<meta name=\"description\" content=\"NETGEAR Engage : \u00c9volution ou R\u00e9volution ?\" \/>\n<meta name=\"robots\" content=\"index, follow, max-snippet:-1, max-image-preview:large, max-video-preview:-1\" \/>\n<link rel=\"canonical\" href=\"https:\/\/frhub.netgear.com\/fr\/hub\/business\/av\/pixelhue-netgear-av-partnership\/\" \/>\n<meta property=\"og:locale\" content=\"en_US\" \/>\n<meta property=\"og:type\" content=\"article\" \/>\n<meta property=\"og:title\" content=\"Comment le partenariat entre PIXELHUE et NETGEAR AV red\u00e9finit le Pro AV - NETGEAR Blog\" \/>\n<meta property=\"og:description\" content=\"NETGEAR Engage : \u00c9volution ou R\u00e9volution ?\" \/>\n<meta property=\"og:url\" content=\"https:\/\/frhub.netgear.com\/fr\/hub\/business\/av\/pixelhue-netgear-av-partnership\/\" \/>\n<meta property=\"og:site_name\" content=\"NETGEAR Blog\" \/>\n<meta property=\"article:publisher\" content=\"https:\/\/www.facebook.com\/NetgearAU\/\" \/>\n<meta property=\"article:modified_time\" content=\"2025-10-03T07:29:41+00:00\" \/>\n<meta property=\"og:image\" content=\"https:\/\/frhub.netgear.com\/fr\/hub\/wp-content\/uploads\/2025\/09\/vignette-pixelHUE.jpg\" \/>\n\t<meta property=\"og:image:width\" content=\"383\" \/>\n\t<meta property=\"og:image:height\" content=\"288\" \/>\n\t<meta property=\"og:image:type\" content=\"image\/jpeg\" \/>\n<meta name=\"twitter:card\" content=\"summary_large_image\" \/>\n<meta name=\"twitter:site\" content=\"@NETGEAR\" \/>\n<script type=\"application\/ld+json\" class=\"yoast-schema-graph\">{\"@context\":\"https:\\\/\\\/schema.org\",\"@graph\":[{\"@type\":\"WebPage\",\"@id\":\"https:\\\/\\\/frhub.netgear.com\\\/fr\\\/hub\\\/business\\\/av\\\/pixelhue-netgear-av-partnership\\\/\",\"url\":\"https:\\\/\\\/frhub.netgear.com\\\/fr\\\/hub\\\/business\\\/av\\\/pixelhue-netgear-av-partnership\\\/\",\"name\":\"Comment le partenariat entre PIXELHUE et NETGEAR AV red\u00e9finit le Pro AV - NETGEAR Blog\",\"isPartOf\":{\"@id\":\"https:\\\/\\\/frhub.netgear.com\\\/fr\\\/hub\\\/#website\"},\"primaryImageOfPage\":{\"@id\":\"https:\\\/\\\/frhub.netgear.com\\\/fr\\\/hub\\\/business\\\/av\\\/pixelhue-netgear-av-partnership\\\/#primaryimage\"},\"image\":{\"@id\":\"https:\\\/\\\/frhub.netgear.com\\\/fr\\\/hub\\\/business\\\/av\\\/pixelhue-netgear-av-partnership\\\/#primaryimage\"},\"thumbnailUrl\":\"https:\\\/\\\/frhub.netgear.com\\\/fr\\\/hub\\\/wp-content\\\/uploads\\\/2025\\\/09\\\/vignette-pixelHUE.jpg\",\"datePublished\":\"2025-09-11T07:54:23+00:00\",\"dateModified\":\"2025-10-03T07:29:41+00:00\",\"description\":\"NETGEAR Engage : \u00c9volution ou R\u00e9volution ?\",\"breadcrumb\":{\"@id\":\"https:\\\/\\\/frhub.netgear.com\\\/fr\\\/hub\\\/business\\\/av\\\/pixelhue-netgear-av-partnership\\\/#breadcrumb\"},\"inLanguage\":\"en-US\",\"potentialAction\":[{\"@type\":\"ReadAction\",\"target\":[\"https:\\\/\\\/frhub.netgear.com\\\/fr\\\/hub\\\/business\\\/av\\\/pixelhue-netgear-av-partnership\\\/\"]}]},{\"@type\":\"ImageObject\",\"inLanguage\":\"en-US\",\"@id\":\"https:\\\/\\\/frhub.netgear.com\\\/fr\\\/hub\\\/business\\\/av\\\/pixelhue-netgear-av-partnership\\\/#primaryimage\",\"url\":\"https:\\\/\\\/frhub.netgear.com\\\/fr\\\/hub\\\/wp-content\\\/uploads\\\/2025\\\/09\\\/vignette-pixelHUE.jpg\",\"contentUrl\":\"https:\\\/\\\/frhub.netgear.com\\\/fr\\\/hub\\\/wp-content\\\/uploads\\\/2025\\\/09\\\/vignette-pixelHUE.jpg\",\"width\":383,\"height\":288},{\"@type\":\"BreadcrumbList\",\"@id\":\"https:\\\/\\\/frhub.netgear.com\\\/fr\\\/hub\\\/business\\\/av\\\/pixelhue-netgear-av-partnership\\\/#breadcrumb\",\"itemListElement\":[{\"@type\":\"ListItem\",\"position\":1,\"name\":\"Home\",\"item\":\"https:\\\/\\\/frhub.netgear.com\\\/fr\\\/hub\\\/\"},{\"@type\":\"ListItem\",\"position\":2,\"name\":\"Entreprises\",\"item\":\"https:\\\/\\\/frhub.netgear.com\\\/fr\\\/hub\\\/business\\\/\"},{\"@type\":\"ListItem\",\"position\":3,\"name\":\"Entreprise AV\",\"item\":\"https:\\\/\\\/frhub.netgear.com\\\/fr\\\/hub\\\/business\\\/av\\\/\"},{\"@type\":\"ListItem\",\"position\":4,\"name\":\"Comment le partenariat entre PIXELHUE et NETGEAR AV red\u00e9finit le Pro AV\"}]},{\"@type\":\"WebSite\",\"@id\":\"https:\\\/\\\/frhub.netgear.com\\\/fr\\\/hub\\\/#website\",\"url\":\"https:\\\/\\\/frhub.netgear.com\\\/fr\\\/hub\\\/\",\"name\":\"NETGEAR Hub France\",\"description\":\"Explorez les pages de notre blog et parcourez les articles pour en savoir plus sur les produits et la technologie NETGEAR.\",\"publisher\":{\"@id\":\"https:\\\/\\\/frhub.netgear.com\\\/fr\\\/hub\\\/#organization\"},\"potentialAction\":[{\"@type\":\"SearchAction\",\"target\":{\"@type\":\"EntryPoint\",\"urlTemplate\":\"https:\\\/\\\/frhub.netgear.com\\\/fr\\\/hub\\\/?s={search_term_string}\"},\"query-input\":{\"@type\":\"PropertyValueSpecification\",\"valueRequired\":true,\"valueName\":\"search_term_string\"}}],\"inLanguage\":\"en-US\"},{\"@type\":\"Organization\",\"@id\":\"https:\\\/\\\/frhub.netgear.com\\\/fr\\\/hub\\\/#organization\",\"name\":\"NETGEAR\",\"url\":\"https:\\\/\\\/frhub.netgear.com\\\/fr\\\/hub\\\/\",\"logo\":{\"@type\":\"ImageObject\",\"inLanguage\":\"en-US\",\"@id\":\"https:\\\/\\\/frhub.netgear.com\\\/fr\\\/hub\\\/#\\\/schema\\\/logo\\\/image\\\/\",\"url\":\"https:\\\/\\\/www.netgear.com\\\/fr\\\/hub\\\/wp-content\\\/uploads\\\/2019\\\/07\\\/NETGEAR_logo.jpg\",\"contentUrl\":\"https:\\\/\\\/www.netgear.com\\\/fr\\\/hub\\\/wp-content\\\/uploads\\\/2019\\\/07\\\/NETGEAR_logo.jpg\",\"width\":1500,\"height\":501,\"caption\":\"NETGEAR\"},\"image\":{\"@id\":\"https:\\\/\\\/frhub.netgear.com\\\/fr\\\/hub\\\/#\\\/schema\\\/logo\\\/image\\\/\"},\"sameAs\":[\"https:\\\/\\\/www.facebook.com\\\/NetgearAU\\\/\",\"https:\\\/\\\/x.com\\\/NETGEAR\",\"https:\\\/\\\/www.linkedin.com\\\/company\\\/netgear\"]}]}<\/script>\n<!-- \/ Yoast SEO plugin. -->","yoast_head_json":{"title":"Comment le partenariat entre PIXELHUE et NETGEAR AV red\u00e9finit le Pro AV - NETGEAR Blog","description":"NETGEAR Engage : \u00c9volution ou R\u00e9volution ?","robots":{"index":"index","follow":"follow","max-snippet":"max-snippet:-1","max-image-preview":"max-image-preview:large","max-video-preview":"max-video-preview:-1"},"canonical":"https:\/\/frhub.netgear.com\/fr\/hub\/business\/av\/pixelhue-netgear-av-partnership\/","og_locale":"en_US","og_type":"article","og_title":"Comment le partenariat entre PIXELHUE et NETGEAR AV red\u00e9finit le Pro AV - NETGEAR Blog","og_description":"NETGEAR Engage : \u00c9volution ou R\u00e9volution ?","og_url":"https:\/\/frhub.netgear.com\/fr\/hub\/business\/av\/pixelhue-netgear-av-partnership\/","og_site_name":"NETGEAR Blog","article_publisher":"https:\/\/www.facebook.com\/NetgearAU\/","article_modified_time":"2025-10-03T07:29:41+00:00","og_image":[{"width":383,"height":288,"url":"https:\/\/frhub.netgear.com\/fr\/hub\/wp-content\/uploads\/2025\/09\/vignette-pixelHUE.jpg","type":"image\/jpeg"}],"twitter_card":"summary_large_image","twitter_site":"@NETGEAR","schema":{"@context":"https:\/\/schema.org","@graph":[{"@type":"WebPage","@id":"https:\/\/frhub.netgear.com\/fr\/hub\/business\/av\/pixelhue-netgear-av-partnership\/","url":"https:\/\/frhub.netgear.com\/fr\/hub\/business\/av\/pixelhue-netgear-av-partnership\/","name":"Comment le partenariat entre PIXELHUE et NETGEAR AV red\u00e9finit le Pro AV - NETGEAR Blog","isPartOf":{"@id":"https:\/\/frhub.netgear.com\/fr\/hub\/#website"},"primaryImageOfPage":{"@id":"https:\/\/frhub.netgear.com\/fr\/hub\/business\/av\/pixelhue-netgear-av-partnership\/#primaryimage"},"image":{"@id":"https:\/\/frhub.netgear.com\/fr\/hub\/business\/av\/pixelhue-netgear-av-partnership\/#primaryimage"},"thumbnailUrl":"https:\/\/frhub.netgear.com\/fr\/hub\/wp-content\/uploads\/2025\/09\/vignette-pixelHUE.jpg","datePublished":"2025-09-11T07:54:23+00:00","dateModified":"2025-10-03T07:29:41+00:00","description":"NETGEAR Engage : \u00c9volution ou R\u00e9volution ?","breadcrumb":{"@id":"https:\/\/frhub.netgear.com\/fr\/hub\/business\/av\/pixelhue-netgear-av-partnership\/#breadcrumb"},"inLanguage":"en-US","potentialAction":[{"@type":"ReadAction","target":["https:\/\/frhub.netgear.com\/fr\/hub\/business\/av\/pixelhue-netgear-av-partnership\/"]}]},{"@type":"ImageObject","inLanguage":"en-US","@id":"https:\/\/frhub.netgear.com\/fr\/hub\/business\/av\/pixelhue-netgear-av-partnership\/#primaryimage","url":"https:\/\/frhub.netgear.com\/fr\/hub\/wp-content\/uploads\/2025\/09\/vignette-pixelHUE.jpg","contentUrl":"https:\/\/frhub.netgear.com\/fr\/hub\/wp-content\/uploads\/2025\/09\/vignette-pixelHUE.jpg","width":383,"height":288},{"@type":"BreadcrumbList","@id":"https:\/\/frhub.netgear.com\/fr\/hub\/business\/av\/pixelhue-netgear-av-partnership\/#breadcrumb","itemListElement":[{"@type":"ListItem","position":1,"name":"Home","item":"https:\/\/frhub.netgear.com\/fr\/hub\/"},{"@type":"ListItem","position":2,"name":"Entreprises","item":"https:\/\/frhub.netgear.com\/fr\/hub\/business\/"},{"@type":"ListItem","position":3,"name":"Entreprise AV","item":"https:\/\/frhub.netgear.com\/fr\/hub\/business\/av\/"},{"@type":"ListItem","position":4,"name":"Comment le partenariat entre PIXELHUE et NETGEAR AV red\u00e9finit le Pro AV"}]},{"@type":"WebSite","@id":"https:\/\/frhub.netgear.com\/fr\/hub\/#website","url":"https:\/\/frhub.netgear.com\/fr\/hub\/","name":"NETGEAR Hub France","description":"Explorez les pages de notre blog et parcourez les articles pour en savoir plus sur les produits et la technologie NETGEAR.","publisher":{"@id":"https:\/\/frhub.netgear.com\/fr\/hub\/#organization"},"potentialAction":[{"@type":"SearchAction","target":{"@type":"EntryPoint","urlTemplate":"https:\/\/frhub.netgear.com\/fr\/hub\/?s={search_term_string}"},"query-input":{"@type":"PropertyValueSpecification","valueRequired":true,"valueName":"search_term_string"}}],"inLanguage":"en-US"},{"@type":"Organization","@id":"https:\/\/frhub.netgear.com\/fr\/hub\/#organization","name":"NETGEAR","url":"https:\/\/frhub.netgear.com\/fr\/hub\/","logo":{"@type":"ImageObject","inLanguage":"en-US","@id":"https:\/\/frhub.netgear.com\/fr\/hub\/#\/schema\/logo\/image\/","url":"https:\/\/www.netgear.com\/fr\/hub\/wp-content\/uploads\/2019\/07\/NETGEAR_logo.jpg","contentUrl":"https:\/\/www.netgear.com\/fr\/hub\/wp-content\/uploads\/2019\/07\/NETGEAR_logo.jpg","width":1500,"height":501,"caption":"NETGEAR"},"image":{"@id":"https:\/\/frhub.netgear.com\/fr\/hub\/#\/schema\/logo\/image\/"},"sameAs":["https:\/\/www.facebook.com\/NetgearAU\/","https:\/\/x.com\/NETGEAR","https:\/\/www.linkedin.com\/company\/netgear"]}]}},"_links":{"self":[{"href":"https:\/\/frhub.netgear.com\/fr\/hub\/wp-json\/wp\/v2\/pages\/10879","targetHints":{"allow":["GET"]}}],"collection":[{"href":"https:\/\/frhub.netgear.com\/fr\/hub\/wp-json\/wp\/v2\/pages"}],"about":[{"href":"https:\/\/frhub.netgear.com\/fr\/hub\/wp-json\/wp\/v2\/types\/page"}],"author":[{"embeddable":true,"href":"https:\/\/frhub.netgear.com\/fr\/hub\/wp-json\/wp\/v2\/users\/97"}],"replies":[{"embeddable":true,"href":"https:\/\/frhub.netgear.com\/fr\/hub\/wp-json\/wp\/v2\/comments?post=10879"}],"version-history":[{"count":4,"href":"https:\/\/frhub.netgear.com\/fr\/hub\/wp-json\/wp\/v2\/pages\/10879\/revisions"}],"predecessor-version":[{"id":11006,"href":"https:\/\/frhub.netgear.com\/fr\/hub\/wp-json\/wp\/v2\/pages\/10879\/revisions\/11006"}],"up":[{"embeddable":true,"href":"https:\/\/frhub.netgear.com\/fr\/hub\/wp-json\/wp\/v2\/pages\/6754"}],"wp:featuredmedia":[{"embeddable":true,"href":"https:\/\/frhub.netgear.com\/fr\/hub\/wp-json\/wp\/v2\/media\/10881"}],"wp:attachment":[{"href":"https:\/\/frhub.netgear.com\/fr\/hub\/wp-json\/wp\/v2\/media?parent=10879"}],"curies":[{"name":"wp","href":"https:\/\/api.w.org\/{rel}","templated":true}]}}