{"id":10851,"date":"2025-05-15T15:23:47","date_gmt":"2025-09-08T13:23:47","guid":{"rendered":"https:\/\/frhub.netgear.com\/fr\/hub\/business\/case-studies\/it-case-studies\/coeps-university-world-class-campus-wide-networking-2\/"},"modified":"2025-11-25T16:25:08","modified_gmt":"2025-11-25T15:25:08","slug":"it-case-studies-commercial-properties","status":"publish","type":"page","link":"https:\/\/frhub.netgear.com\/fr\/hub\/business\/case-studies\/it-case-studies\/it-case-studies-commercial-properties\/","title":{"rendered":"Comment Commercial Properties, Inc. a transform\u00e9 son r\u00e9seau avec NETGEAR"},"content":{"rendered":"<p>D\u00e9couvrez comment <strong data-start=\"251\" data-end=\"276\">Commercial Properties<\/strong>, en partenariat avec <strong data-start=\"298\" data-end=\"309\">NETGEAR<\/strong> et l\u2019int\u00e9grateur informatique local <strong data-start=\"346\" data-end=\"360\">Alpha Tech<\/strong>, a r\u00e9ussi \u00e0 d\u00e9ployer une <strong data-start=\"386\" data-end=\"426\">mise \u00e0 niveau compl\u00e8te de son r\u00e9seau<\/strong> sur ses <strong data-start=\"435\" data-end=\"462\">quatre sites de bureaux<\/strong>.<\/p>\n<p data-start=\"537\" data-end=\"917\"><strong data-start=\"537\" data-end=\"568\">Commercial Properties, Inc.<\/strong>, une entreprise historique de courtage immobilier commercial et de gestion immobili\u00e8re bas\u00e9e \u00e0 <strong data-start=\"664\" data-end=\"685\">Tempe, en Arizona<\/strong>, est active dans la r\u00e9gion depuis plus de <strong data-start=\"728\" data-end=\"738\">40 ans<\/strong>. Reconnue pour son engagement envers l\u2019<strong data-start=\"778\" data-end=\"807\">efficacit\u00e9 op\u00e9rationnelle<\/strong>, l\u2019entreprise a r\u00e9cemment franchi une \u00e9tape majeure en modernisant enti\u00e8rement son <strong data-start=\"891\" data-end=\"916\">infrastructure r\u00e9seau<\/strong>.<\/p>\n<p data-start=\"919\" data-end=\"1131\">Gr\u00e2ce \u00e0 un partenariat strat\u00e9gique avec <strong data-start=\"959\" data-end=\"970\">NETGEAR<\/strong> et <strong data-start=\"974\" data-end=\"988\">Alpha Tech<\/strong>, int\u00e9grateur informatique local, l\u2019entreprise a r\u00e9ussi \u00e0 <strong data-start=\"1046\" data-end=\"1086\">moderniser l\u2019ensemble de ses bureaux<\/strong> avec des \u00e9quipements de nouvelle g\u00e9n\u00e9ration.<\/p>\n    <div class=\"table-of-content bg-gray\">\n        <p><strong>IN THIS ARTICLE<\/strong><\/p>\n        <ul>\n                        <li><a href=\"#topic1\">Connectivit\u00e9 et croissance au c\u0153ur de la strat\u00e9gie<\/a><\/li>\n                        <li><a href=\"#topic2\">Un d\u00e9ploiement fluide gr\u00e2ce \u00e0 un support expert<\/a><\/li>\n                        <li><a href=\"#topic3\">NETGEAR : un partenaire de confiance pour les entreprises<\/a><\/li>\n                        <li><a href=\"#topic4\">Regardez la vid\u00e9o<\/a><\/li>\n                        <li><a href=\"#topic5\">Plus d'informations<\/a><\/li>\n                    <\/ul>\n    <\/div>\n        <div id=\"topic1\" class=\"skip-item\">\n                        <h2>Connectivit\u00e9 et croissance au c\u0153ur de la strat\u00e9gie<\/h2>\n                <p data-start=\"1198\" data-end=\"1406\"><strong data-start=\"1198\" data-end=\"1214\">Luke Guillow<\/strong>, Directeur des technologies de l\u2019information chez Commercial Properties, a identifi\u00e9 le besoin d\u2019une solution r\u00e9seau <strong data-start=\"1332\" data-end=\"1359\">simplifi\u00e9e et \u00e9volutive<\/strong> pour soutenir l\u2019<strong data-start=\"1376\" data-end=\"1405\">expansion de l\u2019entreprise<\/strong>.<\/p>\n<p data-start=\"1408\" data-end=\"1480\">En passant \u00e0 des \u00e9quipements professionnels NETGEAR, l\u2019entreprise a pu :<\/p>\n<ul data-start=\"1482\" data-end=\"1639\">\n<li data-start=\"1482\" data-end=\"1534\">\n<p data-start=\"1484\" data-end=\"1534\">Unifier la <strong data-start=\"1495\" data-end=\"1515\">connectivit\u00e9 VPN<\/strong> et <strong data-start=\"1519\" data-end=\"1534\">site-\u00e0-site<\/strong><\/p>\n<\/li>\n<li data-start=\"1535\" data-end=\"1573\">\n<p data-start=\"1537\" data-end=\"1573\">Simplifier ses <strong data-start=\"1552\" data-end=\"1573\">politiques r\u00e9seau<\/strong><\/p>\n<\/li>\n<li data-start=\"1574\" data-end=\"1639\">\n<p data-start=\"1576\" data-end=\"1639\">Aligner son infrastructure avec ses <strong data-start=\"1612\" data-end=\"1639\">objectifs de croissance<\/strong><\/p>\n<\/li>\n<\/ul>\n    <\/div>\n        <div id=\"topic2\" class=\"skip-item\">\n                        <h2>Un d\u00e9ploiement fluide gr\u00e2ce \u00e0 un support expert<\/h2>\n                <p data-start=\"1703\" data-end=\"1781\">NETGEAR et Alpha Tech ont jou\u00e9 un <strong data-start=\"1737\" data-end=\"1753\">r\u00f4le central<\/strong> dans la r\u00e9ussite du projet.<\/p>\n<p data-start=\"1783\" data-end=\"2019\">L\u2019\u00e9quipe a commenc\u00e9 par <strong data-start=\"1807\" data-end=\"1859\">\u00e9valuer les environnements physiques et distants<\/strong> des diff\u00e9rents bureaux, en utilisant des outils comme des <strong data-start=\"1918\" data-end=\"1951\">cartographies de chaleur WiFi<\/strong> pour concevoir un r\u00e9seau sans fil <strong data-start=\"1986\" data-end=\"2018\">avec une couverture optimale<\/strong>.<\/p>\n<p data-start=\"2021\" data-end=\"2111\">Cette approche a permis d\u2019<strong data-start=\"2047\" data-end=\"2079\">\u00e9viter les d\u00e9penses inutiles<\/strong> tout en <strong data-start=\"2088\" data-end=\"2110\">pr\u00e9parant l\u2019avenir<\/strong>.<\/p>\n<p data-start=\"2113\" data-end=\"2163\">Le <strong data-start=\"2116\" data-end=\"2131\">d\u00e9ploiement<\/strong> s\u2019est d\u00e9roul\u00e9 sans encombre :<\/p>\n<ul data-start=\"2164\" data-end=\"2424\">\n<li data-start=\"2164\" data-end=\"2255\">\n<p data-start=\"2166\" data-end=\"2255\">En <strong data-start=\"2169\" data-end=\"2189\">un seul week-end<\/strong>, l\u2019\u00e9quipe a pr\u00e9configur\u00e9 et install\u00e9 <strong data-start=\"2227\" data-end=\"2253\">23 \u00e9quipements NETGEAR<\/strong><\/p>\n<\/li>\n<li data-start=\"2256\" data-end=\"2424\">\n<p data-start=\"2258\" data-end=\"2424\">Le <strong data-start=\"2261\" data-end=\"2286\">syst\u00e8me plug-and-play<\/strong>, combin\u00e9 au <strong data-start=\"2299\" data-end=\"2319\">support proactif<\/strong> de l\u2019\u00e9quipe NETGEAR Business et de Alpha Tech, a <strong data-start=\"2369\" data-end=\"2399\">minimis\u00e9 les interruptions<\/strong> et les d\u00e9fis logistiques<\/p>\n<\/li>\n<\/ul>\n    <\/div>\n        <div id=\"topic3\" class=\"skip-item\">\n                        <h2>NETGEAR : un partenaire de confiance pour les entreprises<\/h2>\n                <p data-start=\"2940\" data-end=\"3081\">Le succ\u00e8s de ce projet met en lumi\u00e8re la <strong data-start=\"2981\" data-end=\"3004\">capacit\u00e9 de NETGEAR<\/strong> \u00e0 accompagner les entreprises avec des solutions professionnelles fiables.<\/p>\n<p data-start=\"3083\" data-end=\"3223\">Souvent per\u00e7u comme un fournisseur de produits r\u00e9sidentiels, NETGEAR d\u00e9montre ici son <strong data-start=\"3169\" data-end=\"3215\">engagement envers le secteur professionnel<\/strong>, avec :<\/p>\n<ul data-start=\"3225\" data-end=\"3334\">\n<li data-start=\"3225\" data-end=\"3258\">\n<p data-start=\"3227\" data-end=\"3258\">Des <strong data-start=\"3231\" data-end=\"3256\">technologies robustes<\/strong><\/p>\n<\/li>\n<li data-start=\"3259\" data-end=\"3290\">\n<p data-start=\"3261\" data-end=\"3290\">Un <strong data-start=\"3264\" data-end=\"3288\">support exceptionnel<\/strong><\/p>\n<\/li>\n<li data-start=\"3291\" data-end=\"3334\">\n<p data-start=\"3293\" data-end=\"3334\">Une <strong data-start=\"3297\" data-end=\"3334\">vision tourn\u00e9e vers la croissance<\/strong><\/p>\n<\/li>\n<\/ul>\n<p>Gr\u00e2ce \u00e0 cette collaboration, <strong data-start=\"3370\" data-end=\"3439\">Commercial Properties a renforc\u00e9 son infrastructure technologique<\/strong>, se positionnant pour une croissance durable dans un march\u00e9 de l\u2019immobilier commercial hautement concurrentiel.<\/p>\n    <\/div>\n        <div id=\"topic4\" class=\"skip-item\">\n                        <h2>Regardez la vid\u00e9o<\/h2>\n                <p align=\"center\"><iframe loading=\"lazy\" src=\"https:\/\/www.youtube.com\/embed\/WIGHW66O21E?si=xi-RD2OhKhCMq_l6\" width=\"560\" height=\"315\" frameborder=\"0\" allowfullscreen=\"allowfullscreen\"><\/iframe><\/p>\n    <\/div>\n        <div id=\"topic5\" class=\"skip-item\">\n                        <h2>Plus d'informations<\/h2>\n                <p>\n<!--SOLUTIONS NETGEAR ENTERPRISE--><\/p>\n<p>Plus d\u2019informations sur nos solutions Business<\/p>\n<div class=\"hs-cta-embed hs-cta-simple-placeholder hs-cta-embed-241151168190\" style=\"max-width:100%;max-height:100%;width:310px;height:50.395835876464844px\" data-hubspot-wrapper-cta-id=\"241151168190\"><br \/>\n  <a href=\"https:\/\/cta-na2.hubspot.com\/web-interactives\/public\/v1\/track\/redirect?encryptedPayload=AVxigLLJWF%2FR9NCdRJZQ5KVHoS9cmTllDsgnRckWwZDoTJW93FYqIGm7y2jNQ4CGjjeyEntjB1Eh%2FcIvmOqeWKIuNi7jJ95TD1xOsd56OGsqZrwJYn2P4gpbjQJxBuk%2FcElRMomZ2nLAB1rUvsSFPpXbLLR0VoURWUj2oq%2BphOJeMWjoSz5dSBIDsA%3D%3D&#038;webInteractiveContentId=241151168190&#038;portalId=242128791\" target=\"_blank\" rel=\"noopener\"><br \/>\n    <img decoding=\"async\" alt=\"SOLUTIONS NETGEAR ENTERPRISE\" loading=\"lazy\" src=\"https:\/\/hubspot-no-cache-na2-prod.s3.amazonaws.com\/cta\/default\/242128791\/interactive-241151168190.png\" style=\"height: 100%;width: 100%;object-fit: fill\" \/><br \/>\n  <\/a>\n<\/div>\n<\/p>\n<p>\n<!--NETGEAR ACADEMY--><\/p>\n<p>Apprenez tout ce qu\u2019il faut savoir sur les r\u00e9seaux IP gr\u00e2ce \u00e0 notre NETGEAR ACADEMY<\/p>\n<div class=\"hs-cta-embed hs-cta-simple-placeholder hs-cta-embed-241151161035\" style=\"max-width:100%;max-height:100%;width:260px;height:50.390625px\" data-hubspot-wrapper-cta-id=\"241151161035\"><br \/>\n  <a href=\"https:\/\/cta-na2.hubspot.com\/web-interactives\/public\/v1\/track\/redirect?encryptedPayload=AVxigLJIgvHArQm4wTffTTUUJ%2F0ljCSNGcwj4PNLST8c9BdzGxqiACj%2Bz94HHc4mFPGtXF%2B%2F5wBeuQxMwTVaNhNVvj%2FrPoIwPhJXs1HyfD4geQMBkR1VuG%2BfPTfjyzB0ZZPS3Vs1DRegOuJZbqCiCvoqA4M8moDR4zNKVjZxPVGoUNOaIBrbKeHqgAhjG0PM1L1Yi66guE70DwgXJMTC7CAzvVrffriBmA%3D%3D&#038;webInteractiveContentId=241151161035&#038;portalId=242128791\" target=\"_blank\" rel=\"noopener\"><br \/>\n    <img decoding=\"async\" alt=\"NETGEAR ACADEMY\" loading=\"lazy\" src=\"https:\/\/hubspot-no-cache-na2-prod.s3.amazonaws.com\/cta\/default\/242128791\/interactive-241151161035.png\" style=\"height: 100%;width: 100%;object-fit: fill\" \/><br \/>\n  <\/a>\n<\/div>\n<\/p>\n<p><!--CONTACTEZ L'EQUIPE PRO-IT--><\/p>\n<p>Nos ing\u00e9nieurs vous accompagnent gratuitement dans la r\u00e9alisation de vos projets<\/p>\n<div class=\"hs-cta-embed hs-cta-simple-placeholder hs-cta-embed-245601455827\" style=\"max-width:100%;max-height:100%;width:287px;height:50.390625px\" data-hubspot-wrapper-cta-id=\"245601455827\"><br \/>\n  <a href=\"https:\/\/cta-na2.hubspot.com\/web-interactives\/public\/v1\/track\/redirect?encryptedPayload=AVxigLInaPY6CKjdDpPVYzjXnEGvPfbouzJx88Hc1CLeTaYRtnOO25E9XicF7pvzMQdle10f103Z%2F0L%2BbiJE2NwgOQVCpgxtwv3X4ZjoLQkEp5IHfzWjQzeN8Zq44UJQhsPMIst0b69UmgxZlIyrErVjJxyPRNNMsT41p87bUD9JAGKJ2ih7inbvBJTAWKny5YWUD0fN29FFl16U6g1urHYkE5vRzSSaFw%3D%3D&#038;webInteractiveContentId=245601455827&#038;portalId=242128791\" target=\"_blank\" rel=\"noopener\"><br \/>\n    <img decoding=\"async\" alt=\"CONTACTEZ L'EQUIPE PRO-IT\" loading=\"lazy\" src=\"https:\/\/hubspot-no-cache-na2-prod.s3.amazonaws.com\/cta\/default\/242128791\/interactive-245601455827.png\" style=\"height: 100%;width: 100%;object-fit: fill\" \/><br \/>\n  <\/a>\n<\/div>\n<\/p>\n<p><iframe loading=\"lazy\" src=\"https:\/\/405nrr.share-na2.hsforms.com\/24AR2ZDSmQqWycFqf8q5-eg\" width=\"100%\" height=\"1200px\"><\/iframe><\/p>\n    <\/div>\n    \n","protected":false},"excerpt":{"rendered":"<p>D\u00e9couvrez comment Commercial Properties, en partenariat avec NETGEAR et l\u2019int\u00e9grateur informatique local Alpha Tech, a r\u00e9ussi \u00e0 d\u00e9ployer une mise \u00e0 niveau compl\u00e8te de son r\u00e9seau sur ses quatre sites de bureaux. Commercial Properties, Inc., une entreprise historique de courtage immobilier commercial et de gestion immobili\u00e8re bas\u00e9e \u00e0 Tempe, en Arizona, est active dans la [&hellip;]<\/p>\n","protected":false},"author":97,"featured_media":10854,"parent":10491,"menu_order":0,"comment_status":"closed","ping_status":"closed","template":"templates\/blog-wifi.php","meta":{"_acf_changed":false,"content-type":"","footnotes":""},"class_list":["post-10851","page","type-page","status-publish","has-post-thumbnail","hentry"],"acf":[],"yoast_head":"<!-- This site is optimized with the Yoast SEO plugin v27.4 - https:\/\/yoast.com\/product\/yoast-seo-wordpress\/ -->\n<title>Comment Commercial Properties, Inc. a transform\u00e9 son r\u00e9seau avec NETGEAR - NETGEAR Blog<\/title>\n<meta name=\"robots\" content=\"index, follow, max-snippet:-1, max-image-preview:large, max-video-preview:-1\" \/>\n<link rel=\"canonical\" href=\"https:\/\/frhub.netgear.com\/fr\/hub\/business\/case-studies\/it-case-studies\/it-case-studies-commercial-properties\/\" \/>\n<meta property=\"og:locale\" content=\"en_US\" \/>\n<meta property=\"og:type\" content=\"article\" \/>\n<meta property=\"og:title\" content=\"Comment Commercial Properties, Inc. a transform\u00e9 son r\u00e9seau avec NETGEAR - NETGEAR Blog\" \/>\n<meta property=\"og:description\" content=\"D\u00e9couvrez comment Commercial Properties, en partenariat avec NETGEAR et l\u2019int\u00e9grateur informatique local Alpha Tech, a r\u00e9ussi \u00e0 d\u00e9ployer une mise \u00e0 niveau compl\u00e8te de son r\u00e9seau sur ses quatre sites de bureaux. Commercial Properties, Inc., une entreprise historique de courtage immobilier commercial et de gestion immobili\u00e8re bas\u00e9e \u00e0 Tempe, en Arizona, est active dans la [&hellip;]\" \/>\n<meta property=\"og:url\" content=\"https:\/\/frhub.netgear.com\/fr\/hub\/business\/case-studies\/it-case-studies\/it-case-studies-commercial-properties\/\" \/>\n<meta property=\"og:site_name\" content=\"NETGEAR Blog\" \/>\n<meta property=\"article:publisher\" content=\"https:\/\/www.facebook.com\/NetgearAU\/\" \/>\n<meta property=\"article:modified_time\" content=\"2025-11-25T15:25:08+00:00\" \/>\n<meta property=\"og:image\" content=\"https:\/\/frhub.netgear.com\/fr\/hub\/wp-content\/uploads\/2025\/09\/vignette-luke-guillow-commercial-properties-nfb-featured-16x9-1-383x288-1.jpg\" \/>\n\t<meta property=\"og:image:width\" content=\"383\" \/>\n\t<meta property=\"og:image:height\" content=\"288\" \/>\n\t<meta property=\"og:image:type\" content=\"image\/jpeg\" \/>\n<meta name=\"twitter:card\" content=\"summary_large_image\" \/>\n<meta name=\"twitter:site\" content=\"@NETGEAR\" \/>\n<meta name=\"twitter:label1\" content=\"Est. reading time\" \/>\n\t<meta name=\"twitter:data1\" content=\"1 minute\" \/>\n<script type=\"application\/ld+json\" class=\"yoast-schema-graph\">{\"@context\":\"https:\\\/\\\/schema.org\",\"@graph\":[{\"@type\":\"WebPage\",\"@id\":\"https:\\\/\\\/frhub.netgear.com\\\/fr\\\/hub\\\/business\\\/case-studies\\\/it-case-studies\\\/it-case-studies-commercial-properties\\\/\",\"url\":\"https:\\\/\\\/frhub.netgear.com\\\/fr\\\/hub\\\/business\\\/case-studies\\\/it-case-studies\\\/it-case-studies-commercial-properties\\\/\",\"name\":\"Comment Commercial Properties, Inc. a transform\u00e9 son r\u00e9seau avec NETGEAR - NETGEAR Blog\",\"isPartOf\":{\"@id\":\"https:\\\/\\\/frhub.netgear.com\\\/fr\\\/hub\\\/#website\"},\"primaryImageOfPage\":{\"@id\":\"https:\\\/\\\/frhub.netgear.com\\\/fr\\\/hub\\\/business\\\/case-studies\\\/it-case-studies\\\/it-case-studies-commercial-properties\\\/#primaryimage\"},\"image\":{\"@id\":\"https:\\\/\\\/frhub.netgear.com\\\/fr\\\/hub\\\/business\\\/case-studies\\\/it-case-studies\\\/it-case-studies-commercial-properties\\\/#primaryimage\"},\"thumbnailUrl\":\"https:\\\/\\\/frhub.netgear.com\\\/fr\\\/hub\\\/wp-content\\\/uploads\\\/2025\\\/09\\\/vignette-luke-guillow-commercial-properties-nfb-featured-16x9-1-383x288-1.jpg\",\"datePublished\":\"2025-09-08T13:23:47+00:00\",\"dateModified\":\"2025-11-25T15:25:08+00:00\",\"breadcrumb\":{\"@id\":\"https:\\\/\\\/frhub.netgear.com\\\/fr\\\/hub\\\/business\\\/case-studies\\\/it-case-studies\\\/it-case-studies-commercial-properties\\\/#breadcrumb\"},\"inLanguage\":\"en-US\",\"potentialAction\":[{\"@type\":\"ReadAction\",\"target\":[\"https:\\\/\\\/frhub.netgear.com\\\/fr\\\/hub\\\/business\\\/case-studies\\\/it-case-studies\\\/it-case-studies-commercial-properties\\\/\"]}]},{\"@type\":\"ImageObject\",\"inLanguage\":\"en-US\",\"@id\":\"https:\\\/\\\/frhub.netgear.com\\\/fr\\\/hub\\\/business\\\/case-studies\\\/it-case-studies\\\/it-case-studies-commercial-properties\\\/#primaryimage\",\"url\":\"https:\\\/\\\/frhub.netgear.com\\\/fr\\\/hub\\\/wp-content\\\/uploads\\\/2025\\\/09\\\/vignette-luke-guillow-commercial-properties-nfb-featured-16x9-1-383x288-1.jpg\",\"contentUrl\":\"https:\\\/\\\/frhub.netgear.com\\\/fr\\\/hub\\\/wp-content\\\/uploads\\\/2025\\\/09\\\/vignette-luke-guillow-commercial-properties-nfb-featured-16x9-1-383x288-1.jpg\",\"width\":383,\"height\":288},{\"@type\":\"BreadcrumbList\",\"@id\":\"https:\\\/\\\/frhub.netgear.com\\\/fr\\\/hub\\\/business\\\/case-studies\\\/it-case-studies\\\/it-case-studies-commercial-properties\\\/#breadcrumb\",\"itemListElement\":[{\"@type\":\"ListItem\",\"position\":1,\"name\":\"Home\",\"item\":\"https:\\\/\\\/frhub.netgear.com\\\/fr\\\/hub\\\/\"},{\"@type\":\"ListItem\",\"position\":2,\"name\":\"Entreprises\",\"item\":\"https:\\\/\\\/frhub.netgear.com\\\/fr\\\/hub\\\/business\\\/\"},{\"@type\":\"ListItem\",\"position\":3,\"name\":\"All Case Studies &#8211; FR\",\"item\":\"https:\\\/\\\/frhub.netgear.com\\\/fr\\\/hub\\\/business\\\/case-studies\\\/\"},{\"@type\":\"ListItem\",\"position\":4,\"name\":\"Case Studies &#8211; IT &#8211; FR\",\"item\":\"https:\\\/\\\/frhub.netgear.com\\\/fr\\\/hub\\\/business\\\/case-studies\\\/it-case-studies\\\/\"},{\"@type\":\"ListItem\",\"position\":5,\"name\":\"Comment Commercial Properties, Inc. a transform\u00e9 son r\u00e9seau avec NETGEAR\"}]},{\"@type\":\"WebSite\",\"@id\":\"https:\\\/\\\/frhub.netgear.com\\\/fr\\\/hub\\\/#website\",\"url\":\"https:\\\/\\\/frhub.netgear.com\\\/fr\\\/hub\\\/\",\"name\":\"NETGEAR Hub France\",\"description\":\"Explorez les pages de notre blog et parcourez les articles pour en savoir plus sur les produits et la technologie NETGEAR.\",\"publisher\":{\"@id\":\"https:\\\/\\\/frhub.netgear.com\\\/fr\\\/hub\\\/#organization\"},\"potentialAction\":[{\"@type\":\"SearchAction\",\"target\":{\"@type\":\"EntryPoint\",\"urlTemplate\":\"https:\\\/\\\/frhub.netgear.com\\\/fr\\\/hub\\\/?s={search_term_string}\"},\"query-input\":{\"@type\":\"PropertyValueSpecification\",\"valueRequired\":true,\"valueName\":\"search_term_string\"}}],\"inLanguage\":\"en-US\"},{\"@type\":\"Organization\",\"@id\":\"https:\\\/\\\/frhub.netgear.com\\\/fr\\\/hub\\\/#organization\",\"name\":\"NETGEAR\",\"url\":\"https:\\\/\\\/frhub.netgear.com\\\/fr\\\/hub\\\/\",\"logo\":{\"@type\":\"ImageObject\",\"inLanguage\":\"en-US\",\"@id\":\"https:\\\/\\\/frhub.netgear.com\\\/fr\\\/hub\\\/#\\\/schema\\\/logo\\\/image\\\/\",\"url\":\"https:\\\/\\\/www.netgear.com\\\/fr\\\/hub\\\/wp-content\\\/uploads\\\/2019\\\/07\\\/NETGEAR_logo.jpg\",\"contentUrl\":\"https:\\\/\\\/www.netgear.com\\\/fr\\\/hub\\\/wp-content\\\/uploads\\\/2019\\\/07\\\/NETGEAR_logo.jpg\",\"width\":1500,\"height\":501,\"caption\":\"NETGEAR\"},\"image\":{\"@id\":\"https:\\\/\\\/frhub.netgear.com\\\/fr\\\/hub\\\/#\\\/schema\\\/logo\\\/image\\\/\"},\"sameAs\":[\"https:\\\/\\\/www.facebook.com\\\/NetgearAU\\\/\",\"https:\\\/\\\/x.com\\\/NETGEAR\",\"https:\\\/\\\/www.linkedin.com\\\/company\\\/netgear\"]}]}<\/script>\n<!-- \/ Yoast SEO plugin. -->","yoast_head_json":{"title":"Comment Commercial Properties, Inc. a transform\u00e9 son r\u00e9seau avec NETGEAR - NETGEAR Blog","robots":{"index":"index","follow":"follow","max-snippet":"max-snippet:-1","max-image-preview":"max-image-preview:large","max-video-preview":"max-video-preview:-1"},"canonical":"https:\/\/frhub.netgear.com\/fr\/hub\/business\/case-studies\/it-case-studies\/it-case-studies-commercial-properties\/","og_locale":"en_US","og_type":"article","og_title":"Comment Commercial Properties, Inc. a transform\u00e9 son r\u00e9seau avec NETGEAR - NETGEAR Blog","og_description":"D\u00e9couvrez comment Commercial Properties, en partenariat avec NETGEAR et l\u2019int\u00e9grateur informatique local Alpha Tech, a r\u00e9ussi \u00e0 d\u00e9ployer une mise \u00e0 niveau compl\u00e8te de son r\u00e9seau sur ses quatre sites de bureaux. Commercial Properties, Inc., une entreprise historique de courtage immobilier commercial et de gestion immobili\u00e8re bas\u00e9e \u00e0 Tempe, en Arizona, est active dans la [&hellip;]","og_url":"https:\/\/frhub.netgear.com\/fr\/hub\/business\/case-studies\/it-case-studies\/it-case-studies-commercial-properties\/","og_site_name":"NETGEAR Blog","article_publisher":"https:\/\/www.facebook.com\/NetgearAU\/","article_modified_time":"2025-11-25T15:25:08+00:00","og_image":[{"width":383,"height":288,"url":"https:\/\/frhub.netgear.com\/fr\/hub\/wp-content\/uploads\/2025\/09\/vignette-luke-guillow-commercial-properties-nfb-featured-16x9-1-383x288-1.jpg","type":"image\/jpeg"}],"twitter_card":"summary_large_image","twitter_site":"@NETGEAR","twitter_misc":{"Est. reading time":"1 minute"},"schema":{"@context":"https:\/\/schema.org","@graph":[{"@type":"WebPage","@id":"https:\/\/frhub.netgear.com\/fr\/hub\/business\/case-studies\/it-case-studies\/it-case-studies-commercial-properties\/","url":"https:\/\/frhub.netgear.com\/fr\/hub\/business\/case-studies\/it-case-studies\/it-case-studies-commercial-properties\/","name":"Comment Commercial Properties, Inc. a transform\u00e9 son r\u00e9seau avec NETGEAR - NETGEAR Blog","isPartOf":{"@id":"https:\/\/frhub.netgear.com\/fr\/hub\/#website"},"primaryImageOfPage":{"@id":"https:\/\/frhub.netgear.com\/fr\/hub\/business\/case-studies\/it-case-studies\/it-case-studies-commercial-properties\/#primaryimage"},"image":{"@id":"https:\/\/frhub.netgear.com\/fr\/hub\/business\/case-studies\/it-case-studies\/it-case-studies-commercial-properties\/#primaryimage"},"thumbnailUrl":"https:\/\/frhub.netgear.com\/fr\/hub\/wp-content\/uploads\/2025\/09\/vignette-luke-guillow-commercial-properties-nfb-featured-16x9-1-383x288-1.jpg","datePublished":"2025-09-08T13:23:47+00:00","dateModified":"2025-11-25T15:25:08+00:00","breadcrumb":{"@id":"https:\/\/frhub.netgear.com\/fr\/hub\/business\/case-studies\/it-case-studies\/it-case-studies-commercial-properties\/#breadcrumb"},"inLanguage":"en-US","potentialAction":[{"@type":"ReadAction","target":["https:\/\/frhub.netgear.com\/fr\/hub\/business\/case-studies\/it-case-studies\/it-case-studies-commercial-properties\/"]}]},{"@type":"ImageObject","inLanguage":"en-US","@id":"https:\/\/frhub.netgear.com\/fr\/hub\/business\/case-studies\/it-case-studies\/it-case-studies-commercial-properties\/#primaryimage","url":"https:\/\/frhub.netgear.com\/fr\/hub\/wp-content\/uploads\/2025\/09\/vignette-luke-guillow-commercial-properties-nfb-featured-16x9-1-383x288-1.jpg","contentUrl":"https:\/\/frhub.netgear.com\/fr\/hub\/wp-content\/uploads\/2025\/09\/vignette-luke-guillow-commercial-properties-nfb-featured-16x9-1-383x288-1.jpg","width":383,"height":288},{"@type":"BreadcrumbList","@id":"https:\/\/frhub.netgear.com\/fr\/hub\/business\/case-studies\/it-case-studies\/it-case-studies-commercial-properties\/#breadcrumb","itemListElement":[{"@type":"ListItem","position":1,"name":"Home","item":"https:\/\/frhub.netgear.com\/fr\/hub\/"},{"@type":"ListItem","position":2,"name":"Entreprises","item":"https:\/\/frhub.netgear.com\/fr\/hub\/business\/"},{"@type":"ListItem","position":3,"name":"All Case Studies &#8211; FR","item":"https:\/\/frhub.netgear.com\/fr\/hub\/business\/case-studies\/"},{"@type":"ListItem","position":4,"name":"Case Studies &#8211; IT &#8211; FR","item":"https:\/\/frhub.netgear.com\/fr\/hub\/business\/case-studies\/it-case-studies\/"},{"@type":"ListItem","position":5,"name":"Comment Commercial Properties, Inc. a transform\u00e9 son r\u00e9seau avec NETGEAR"}]},{"@type":"WebSite","@id":"https:\/\/frhub.netgear.com\/fr\/hub\/#website","url":"https:\/\/frhub.netgear.com\/fr\/hub\/","name":"NETGEAR Hub France","description":"Explorez les pages de notre blog et parcourez les articles pour en savoir plus sur les produits et la technologie NETGEAR.","publisher":{"@id":"https:\/\/frhub.netgear.com\/fr\/hub\/#organization"},"potentialAction":[{"@type":"SearchAction","target":{"@type":"EntryPoint","urlTemplate":"https:\/\/frhub.netgear.com\/fr\/hub\/?s={search_term_string}"},"query-input":{"@type":"PropertyValueSpecification","valueRequired":true,"valueName":"search_term_string"}}],"inLanguage":"en-US"},{"@type":"Organization","@id":"https:\/\/frhub.netgear.com\/fr\/hub\/#organization","name":"NETGEAR","url":"https:\/\/frhub.netgear.com\/fr\/hub\/","logo":{"@type":"ImageObject","inLanguage":"en-US","@id":"https:\/\/frhub.netgear.com\/fr\/hub\/#\/schema\/logo\/image\/","url":"https:\/\/www.netgear.com\/fr\/hub\/wp-content\/uploads\/2019\/07\/NETGEAR_logo.jpg","contentUrl":"https:\/\/www.netgear.com\/fr\/hub\/wp-content\/uploads\/2019\/07\/NETGEAR_logo.jpg","width":1500,"height":501,"caption":"NETGEAR"},"image":{"@id":"https:\/\/frhub.netgear.com\/fr\/hub\/#\/schema\/logo\/image\/"},"sameAs":["https:\/\/www.facebook.com\/NetgearAU\/","https:\/\/x.com\/NETGEAR","https:\/\/www.linkedin.com\/company\/netgear"]}]}},"_links":{"self":[{"href":"https:\/\/frhub.netgear.com\/fr\/hub\/wp-json\/wp\/v2\/pages\/10851","targetHints":{"allow":["GET"]}}],"collection":[{"href":"https:\/\/frhub.netgear.com\/fr\/hub\/wp-json\/wp\/v2\/pages"}],"about":[{"href":"https:\/\/frhub.netgear.com\/fr\/hub\/wp-json\/wp\/v2\/types\/page"}],"author":[{"embeddable":true,"href":"https:\/\/frhub.netgear.com\/fr\/hub\/wp-json\/wp\/v2\/users\/97"}],"replies":[{"embeddable":true,"href":"https:\/\/frhub.netgear.com\/fr\/hub\/wp-json\/wp\/v2\/comments?post=10851"}],"version-history":[{"count":4,"href":"https:\/\/frhub.netgear.com\/fr\/hub\/wp-json\/wp\/v2\/pages\/10851\/revisions"}],"predecessor-version":[{"id":11058,"href":"https:\/\/frhub.netgear.com\/fr\/hub\/wp-json\/wp\/v2\/pages\/10851\/revisions\/11058"}],"up":[{"embeddable":true,"href":"https:\/\/frhub.netgear.com\/fr\/hub\/wp-json\/wp\/v2\/pages\/10491"}],"wp:featuredmedia":[{"embeddable":true,"href":"https:\/\/frhub.netgear.com\/fr\/hub\/wp-json\/wp\/v2\/media\/10854"}],"wp:attachment":[{"href":"https:\/\/frhub.netgear.com\/fr\/hub\/wp-json\/wp\/v2\/media?parent=10851"}],"curies":[{"name":"wp","href":"https:\/\/api.w.org\/{rel}","templated":true}]}}