{"id":10832,"date":"2025-04-13T12:04:43","date_gmt":"2025-04-13T10:04:43","guid":{"rendered":"https:\/\/frhub.netgear.com\/fr\/hub\/business\/case-studies\/it-case-studies\/larmenier-school-case-study-2\/"},"modified":"2025-11-25T16:09:48","modified_gmt":"2025-11-25T15:09:48","slug":"network-tech-for-much-praised-reva-university","status":"publish","type":"page","link":"https:\/\/frhub.netgear.com\/fr\/hub\/business\/case-studies\/it-case-studies\/network-tech-for-much-praised-reva-university\/","title":{"rendered":"REVA University mise sur les technologies NETGEAR"},"content":{"rendered":"<p>pour une exp\u00e9rience \u00e9tudiante et staff am\u00e9lior\u00e9e, en classe comme ailleurs     <div class=\"table-of-content bg-gray\">\n        <p><strong>IN THIS ARTICLE<\/strong><\/p>\n        <ul>\n                        <li><a href=\"#topic1\">Introduction<\/a><\/li>\n                        <li><a href=\"#topic2\">Contexte<\/a><\/li>\n                        <li><a href=\"#topic3\">D\u00e9fi<\/a><\/li>\n                        <li><a href=\"#topic4\">Solution<\/a><\/li>\n                        <li><a href=\"#topic5\">R\u00e9sultats<\/a><\/li>\n                    <\/ul>\n    <\/div>\n        <div id=\"topic1\" class=\"skip-item\">\n                        <h2>Introduction<\/h2>\n                <p>REVA University, situ\u00e9e dans l\u2019\u00c9tat du Karnataka en Inde, est une institution reconnue pour la qualit\u00e9 de son enseignement et son cadre de vie agr\u00e9able. Pour accompagner sa communaut\u00e9 de plus de 15 000 \u00e9tudiants, elle a remplac\u00e9 son ancien r\u00e9seau WiFi par une solution NETGEAR, choisie apr\u00e8s une \u00e9valuation rigoureuse de plusieurs fournisseurs. Le r\u00e9sultat : un WiFi 6 plus rapide et fiable dans les r\u00e9sidences \u00e9tudiantes, les b\u00e2timents acad\u00e9miques, les biblioth\u00e8ques et les espaces de loisirs, avec une mobilit\u00e9 transparente sur l\u2019ensemble du campus et une gestion r\u00e9seau simplifi\u00e9e pour l\u2019\u00e9quipe informatique.<\/p>\n    <\/div>\n        <div id=\"topic2\" class=\"skip-item\">\n                        <h2>Contexte<\/h2>\n                <p>REVA propose un large \u00e9ventail de formations en ing\u00e9nierie, sciences, architecture, commerce, droit, management, sciences sociales, arts et \u00e9tudes indiennes. Son campus verdoyant offre un environnement propice \u00e0 l\u2019apprentissage et \u00e0 la vie \u00e9tudiante.<\/p>\n    <\/div>\n        <div id=\"topic3\" class=\"skip-item\">\n                        <h2>D\u00e9fi<\/h2>\n                <p>Le r\u00e9seau WiFi 5 existant montrait des signes de faiblesse, surtout dans les r\u00e9sidences \u00e9tudiantes, avec des performances inconstantes et une \u00e9volutivit\u00e9 limit\u00e9e. Pour maintenir une connectivit\u00e9 sans faille indispensable \u00e0 la vie acad\u00e9mique et sociale, une mise \u00e0 niveau s\u2019imposait.<\/p>\n    <\/div>\n        <div id=\"topic4\" class=\"skip-item\">\n                        <h2>Solution<\/h2>\n                <p data-start=\"1471\" data-end=\"1523\">NETGEAR a propos\u00e9 une solution compl\u00e8te incluant :<\/p>\n<ul data-start=\"1524\" data-end=\"1845\">\n<li data-start=\"1524\" data-end=\"1628\">\n<p data-start=\"1526\" data-end=\"1628\">Des points d\u2019acc\u00e8s WiFi 6 pour une meilleure couverture et prise en charge simultan\u00e9e des appareils,<\/p>\n<\/li>\n<li data-start=\"1629\" data-end=\"1704\">\n<p data-start=\"1631\" data-end=\"1704\">Un roaming optimis\u00e9 pour une connexion fluide \u00e0 travers tout le campus,<\/p>\n<\/li>\n<li data-start=\"1705\" data-end=\"1760\">\n<p data-start=\"1707\" data-end=\"1760\">Une gestion r\u00e9seau centralis\u00e9e via NETGEAR Insight,<\/p>\n<\/li>\n<li data-start=\"1761\" data-end=\"1845\">\n<p data-start=\"1763\" data-end=\"1845\">Une infrastructure backbone 10 Gb pour assurer une connectivit\u00e9 rapide et robuste.<\/p>\n<\/li>\n<\/ul>\n    <\/div>\n        <div id=\"topic5\" class=\"skip-item\">\n                        <h2>R\u00e9sultats<\/h2>\n                <p>215 points d\u2019acc\u00e8s WiFi 6 et 10 switches manag\u00e9s 10G ont \u00e9t\u00e9 d\u00e9ploy\u00e9s dans les r\u00e9sidences \u00e9tudiantes, suivis d\u2019une extension \u00e0 d\u2019autres zones du campus (b\u00e2timents acad\u00e9miques, biblioth\u00e8ques, espaces de loisirs) avec plus de 80 switches Layer 2 et 15+ switches Layer 3 \u00e0 liaison 10Gb. Gr\u00e2ce \u00e0 NETGEAR Insight, l\u2019\u00e9quipe IT supervise et g\u00e8re le r\u00e9seau \u00e0 distance et de mani\u00e8re centralis\u00e9e. REVA b\u00e9n\u00e9ficie d\u00e9sormais d\u2019un campus moderne, enti\u00e8rement connect\u00e9 et pr\u00eat pour l\u2019avenir.<\/p>\n    <\/div>\n        <div id=\"topic6\" class=\"skip-item\">\n                        <p>\n<!--SOLUTIONS NETGEAR ENTERPRISE--><\/p>\n<p>Plus d\u2019informations sur nos solutions Business<\/p>\n<div class=\"hs-cta-embed hs-cta-simple-placeholder hs-cta-embed-241151168190\" style=\"max-width:100%;max-height:100%;width:310px;height:50.395835876464844px\" data-hubspot-wrapper-cta-id=\"241151168190\"><br \/>\n  <a href=\"https:\/\/cta-na2.hubspot.com\/web-interactives\/public\/v1\/track\/redirect?encryptedPayload=AVxigLLJWF%2FR9NCdRJZQ5KVHoS9cmTllDsgnRckWwZDoTJW93FYqIGm7y2jNQ4CGjjeyEntjB1Eh%2FcIvmOqeWKIuNi7jJ95TD1xOsd56OGsqZrwJYn2P4gpbjQJxBuk%2FcElRMomZ2nLAB1rUvsSFPpXbLLR0VoURWUj2oq%2BphOJeMWjoSz5dSBIDsA%3D%3D&#038;webInteractiveContentId=241151168190&#038;portalId=242128791\" target=\"_blank\" rel=\"noopener\"><br \/>\n    <img decoding=\"async\" alt=\"SOLUTIONS NETGEAR ENTERPRISE\" loading=\"lazy\" src=\"https:\/\/hubspot-no-cache-na2-prod.s3.amazonaws.com\/cta\/default\/242128791\/interactive-241151168190.png\" style=\"height: 100%;width: 100%;object-fit: fill\" \/><br \/>\n  <\/a>\n<\/div>\n<\/p>\n<p>\n<!--NETGEAR ACADEMY--><\/p>\n<p>Apprenez tout ce qu\u2019il faut savoir sur les r\u00e9seaux IP gr\u00e2ce \u00e0 notre NETGEAR ACADEMY<\/p>\n<div class=\"hs-cta-embed hs-cta-simple-placeholder hs-cta-embed-241151161035\" style=\"max-width:100%;max-height:100%;width:260px;height:50.390625px\" data-hubspot-wrapper-cta-id=\"241151161035\"><br \/>\n  <a href=\"https:\/\/cta-na2.hubspot.com\/web-interactives\/public\/v1\/track\/redirect?encryptedPayload=AVxigLJIgvHArQm4wTffTTUUJ%2F0ljCSNGcwj4PNLST8c9BdzGxqiACj%2Bz94HHc4mFPGtXF%2B%2F5wBeuQxMwTVaNhNVvj%2FrPoIwPhJXs1HyfD4geQMBkR1VuG%2BfPTfjyzB0ZZPS3Vs1DRegOuJZbqCiCvoqA4M8moDR4zNKVjZxPVGoUNOaIBrbKeHqgAhjG0PM1L1Yi66guE70DwgXJMTC7CAzvVrffriBmA%3D%3D&#038;webInteractiveContentId=241151161035&#038;portalId=242128791\" target=\"_blank\" rel=\"noopener\"><br \/>\n    <img decoding=\"async\" alt=\"NETGEAR ACADEMY\" loading=\"lazy\" src=\"https:\/\/hubspot-no-cache-na2-prod.s3.amazonaws.com\/cta\/default\/242128791\/interactive-241151161035.png\" style=\"height: 100%;width: 100%;object-fit: fill\" \/><br \/>\n  <\/a>\n<\/div>\n<\/p>\n<p><!--CONTACTEZ L'EQUIPE PRO-IT--><\/p>\n<p>Nos ing\u00e9nieurs vous accompagnent gratuitement dans la r\u00e9alisation de vos projets<\/p>\n<div class=\"hs-cta-embed hs-cta-simple-placeholder hs-cta-embed-245601455827\" style=\"max-width:100%;max-height:100%;width:287px;height:50.390625px\" data-hubspot-wrapper-cta-id=\"245601455827\"><br \/>\n  <a href=\"https:\/\/cta-na2.hubspot.com\/web-interactives\/public\/v1\/track\/redirect?encryptedPayload=AVxigLInaPY6CKjdDpPVYzjXnEGvPfbouzJx88Hc1CLeTaYRtnOO25E9XicF7pvzMQdle10f103Z%2F0L%2BbiJE2NwgOQVCpgxtwv3X4ZjoLQkEp5IHfzWjQzeN8Zq44UJQhsPMIst0b69UmgxZlIyrErVjJxyPRNNMsT41p87bUD9JAGKJ2ih7inbvBJTAWKny5YWUD0fN29FFl16U6g1urHYkE5vRzSSaFw%3D%3D&#038;webInteractiveContentId=245601455827&#038;portalId=242128791\" target=\"_blank\" rel=\"noopener\"><br \/>\n    <img decoding=\"async\" alt=\"CONTACTEZ L'EQUIPE PRO-IT\" loading=\"lazy\" src=\"https:\/\/hubspot-no-cache-na2-prod.s3.amazonaws.com\/cta\/default\/242128791\/interactive-245601455827.png\" style=\"height: 100%;width: 100%;object-fit: fill\" \/><br \/>\n  <\/a>\n<\/div>\n<\/p>\n<p><iframe loading=\"lazy\" src=\"https:\/\/405nrr.share-na2.hsforms.com\/24AR2ZDSmQqWycFqf8q5-eg\" width=\"100%\" height=\"1200px\"><\/iframe><\/p>\n    <\/div>\n    <\/p>\n","protected":false},"excerpt":{"rendered":"<p>pour une exp\u00e9rience \u00e9tudiante et staff am\u00e9lior\u00e9e, en classe comme ailleurs<\/p>\n","protected":false},"author":97,"featured_media":10835,"parent":10491,"menu_order":0,"comment_status":"closed","ping_status":"closed","template":"templates\/blog-wifi.php","meta":{"_acf_changed":false,"content-type":"","footnotes":""},"class_list":["post-10832","page","type-page","status-publish","has-post-thumbnail","hentry"],"acf":[],"yoast_head":"<!-- This site is optimized with the Yoast SEO plugin v27.4 - https:\/\/yoast.com\/product\/yoast-seo-wordpress\/ -->\n<title>REVA University mise sur les technologies NETGEAR - NETGEAR Blog<\/title>\n<meta name=\"robots\" content=\"index, follow, max-snippet:-1, max-image-preview:large, max-video-preview:-1\" \/>\n<link rel=\"canonical\" href=\"https:\/\/frhub.netgear.com\/fr\/hub\/business\/case-studies\/it-case-studies\/network-tech-for-much-praised-reva-university\/\" \/>\n<meta property=\"og:locale\" content=\"en_US\" \/>\n<meta property=\"og:type\" content=\"article\" \/>\n<meta property=\"og:title\" content=\"REVA University mise sur les technologies NETGEAR - NETGEAR Blog\" \/>\n<meta property=\"og:description\" content=\"pour une exp\u00e9rience \u00e9tudiante et staff am\u00e9lior\u00e9e, en classe comme ailleurs\" \/>\n<meta property=\"og:url\" content=\"https:\/\/frhub.netgear.com\/fr\/hub\/business\/case-studies\/it-case-studies\/network-tech-for-much-praised-reva-university\/\" \/>\n<meta property=\"og:site_name\" content=\"NETGEAR Blog\" \/>\n<meta property=\"article:publisher\" content=\"https:\/\/www.facebook.com\/NetgearAU\/\" \/>\n<meta property=\"article:modified_time\" content=\"2025-11-25T15:09:48+00:00\" \/>\n<meta property=\"og:image\" content=\"https:\/\/frhub.netgear.com\/fr\/hub\/wp-content\/uploads\/2025\/09\/vignette-Riva_featured-383x288-1.jpg\" \/>\n\t<meta property=\"og:image:width\" content=\"383\" \/>\n\t<meta property=\"og:image:height\" content=\"288\" \/>\n\t<meta property=\"og:image:type\" content=\"image\/jpeg\" \/>\n<meta name=\"twitter:card\" content=\"summary_large_image\" \/>\n<meta name=\"twitter:site\" content=\"@NETGEAR\" \/>\n<script type=\"application\/ld+json\" class=\"yoast-schema-graph\">{\"@context\":\"https:\\\/\\\/schema.org\",\"@graph\":[{\"@type\":\"WebPage\",\"@id\":\"https:\\\/\\\/frhub.netgear.com\\\/fr\\\/hub\\\/business\\\/case-studies\\\/it-case-studies\\\/network-tech-for-much-praised-reva-university\\\/\",\"url\":\"https:\\\/\\\/frhub.netgear.com\\\/fr\\\/hub\\\/business\\\/case-studies\\\/it-case-studies\\\/network-tech-for-much-praised-reva-university\\\/\",\"name\":\"REVA University mise sur les technologies NETGEAR - NETGEAR Blog\",\"isPartOf\":{\"@id\":\"https:\\\/\\\/frhub.netgear.com\\\/fr\\\/hub\\\/#website\"},\"primaryImageOfPage\":{\"@id\":\"https:\\\/\\\/frhub.netgear.com\\\/fr\\\/hub\\\/business\\\/case-studies\\\/it-case-studies\\\/network-tech-for-much-praised-reva-university\\\/#primaryimage\"},\"image\":{\"@id\":\"https:\\\/\\\/frhub.netgear.com\\\/fr\\\/hub\\\/business\\\/case-studies\\\/it-case-studies\\\/network-tech-for-much-praised-reva-university\\\/#primaryimage\"},\"thumbnailUrl\":\"https:\\\/\\\/frhub.netgear.com\\\/fr\\\/hub\\\/wp-content\\\/uploads\\\/2025\\\/09\\\/vignette-Riva_featured-383x288-1.jpg\",\"datePublished\":\"2025-04-13T10:04:43+00:00\",\"dateModified\":\"2025-11-25T15:09:48+00:00\",\"breadcrumb\":{\"@id\":\"https:\\\/\\\/frhub.netgear.com\\\/fr\\\/hub\\\/business\\\/case-studies\\\/it-case-studies\\\/network-tech-for-much-praised-reva-university\\\/#breadcrumb\"},\"inLanguage\":\"en-US\",\"potentialAction\":[{\"@type\":\"ReadAction\",\"target\":[\"https:\\\/\\\/frhub.netgear.com\\\/fr\\\/hub\\\/business\\\/case-studies\\\/it-case-studies\\\/network-tech-for-much-praised-reva-university\\\/\"]}]},{\"@type\":\"ImageObject\",\"inLanguage\":\"en-US\",\"@id\":\"https:\\\/\\\/frhub.netgear.com\\\/fr\\\/hub\\\/business\\\/case-studies\\\/it-case-studies\\\/network-tech-for-much-praised-reva-university\\\/#primaryimage\",\"url\":\"https:\\\/\\\/frhub.netgear.com\\\/fr\\\/hub\\\/wp-content\\\/uploads\\\/2025\\\/09\\\/vignette-Riva_featured-383x288-1.jpg\",\"contentUrl\":\"https:\\\/\\\/frhub.netgear.com\\\/fr\\\/hub\\\/wp-content\\\/uploads\\\/2025\\\/09\\\/vignette-Riva_featured-383x288-1.jpg\",\"width\":383,\"height\":288},{\"@type\":\"BreadcrumbList\",\"@id\":\"https:\\\/\\\/frhub.netgear.com\\\/fr\\\/hub\\\/business\\\/case-studies\\\/it-case-studies\\\/network-tech-for-much-praised-reva-university\\\/#breadcrumb\",\"itemListElement\":[{\"@type\":\"ListItem\",\"position\":1,\"name\":\"Home\",\"item\":\"https:\\\/\\\/frhub.netgear.com\\\/fr\\\/hub\\\/\"},{\"@type\":\"ListItem\",\"position\":2,\"name\":\"Entreprises\",\"item\":\"https:\\\/\\\/frhub.netgear.com\\\/fr\\\/hub\\\/business\\\/\"},{\"@type\":\"ListItem\",\"position\":3,\"name\":\"All Case Studies &#8211; FR\",\"item\":\"https:\\\/\\\/frhub.netgear.com\\\/fr\\\/hub\\\/business\\\/case-studies\\\/\"},{\"@type\":\"ListItem\",\"position\":4,\"name\":\"Case Studies &#8211; IT &#8211; FR\",\"item\":\"https:\\\/\\\/frhub.netgear.com\\\/fr\\\/hub\\\/business\\\/case-studies\\\/it-case-studies\\\/\"},{\"@type\":\"ListItem\",\"position\":5,\"name\":\"REVA University mise sur les technologies NETGEAR\"}]},{\"@type\":\"WebSite\",\"@id\":\"https:\\\/\\\/frhub.netgear.com\\\/fr\\\/hub\\\/#website\",\"url\":\"https:\\\/\\\/frhub.netgear.com\\\/fr\\\/hub\\\/\",\"name\":\"NETGEAR Hub France\",\"description\":\"Explorez les pages de notre blog et parcourez les articles pour en savoir plus sur les produits et la technologie NETGEAR.\",\"publisher\":{\"@id\":\"https:\\\/\\\/frhub.netgear.com\\\/fr\\\/hub\\\/#organization\"},\"potentialAction\":[{\"@type\":\"SearchAction\",\"target\":{\"@type\":\"EntryPoint\",\"urlTemplate\":\"https:\\\/\\\/frhub.netgear.com\\\/fr\\\/hub\\\/?s={search_term_string}\"},\"query-input\":{\"@type\":\"PropertyValueSpecification\",\"valueRequired\":true,\"valueName\":\"search_term_string\"}}],\"inLanguage\":\"en-US\"},{\"@type\":\"Organization\",\"@id\":\"https:\\\/\\\/frhub.netgear.com\\\/fr\\\/hub\\\/#organization\",\"name\":\"NETGEAR\",\"url\":\"https:\\\/\\\/frhub.netgear.com\\\/fr\\\/hub\\\/\",\"logo\":{\"@type\":\"ImageObject\",\"inLanguage\":\"en-US\",\"@id\":\"https:\\\/\\\/frhub.netgear.com\\\/fr\\\/hub\\\/#\\\/schema\\\/logo\\\/image\\\/\",\"url\":\"https:\\\/\\\/www.netgear.com\\\/fr\\\/hub\\\/wp-content\\\/uploads\\\/2019\\\/07\\\/NETGEAR_logo.jpg\",\"contentUrl\":\"https:\\\/\\\/www.netgear.com\\\/fr\\\/hub\\\/wp-content\\\/uploads\\\/2019\\\/07\\\/NETGEAR_logo.jpg\",\"width\":1500,\"height\":501,\"caption\":\"NETGEAR\"},\"image\":{\"@id\":\"https:\\\/\\\/frhub.netgear.com\\\/fr\\\/hub\\\/#\\\/schema\\\/logo\\\/image\\\/\"},\"sameAs\":[\"https:\\\/\\\/www.facebook.com\\\/NetgearAU\\\/\",\"https:\\\/\\\/x.com\\\/NETGEAR\",\"https:\\\/\\\/www.linkedin.com\\\/company\\\/netgear\"]}]}<\/script>\n<!-- \/ Yoast SEO plugin. -->","yoast_head_json":{"title":"REVA University mise sur les technologies NETGEAR - NETGEAR Blog","robots":{"index":"index","follow":"follow","max-snippet":"max-snippet:-1","max-image-preview":"max-image-preview:large","max-video-preview":"max-video-preview:-1"},"canonical":"https:\/\/frhub.netgear.com\/fr\/hub\/business\/case-studies\/it-case-studies\/network-tech-for-much-praised-reva-university\/","og_locale":"en_US","og_type":"article","og_title":"REVA University mise sur les technologies NETGEAR - NETGEAR Blog","og_description":"pour une exp\u00e9rience \u00e9tudiante et staff am\u00e9lior\u00e9e, en classe comme ailleurs","og_url":"https:\/\/frhub.netgear.com\/fr\/hub\/business\/case-studies\/it-case-studies\/network-tech-for-much-praised-reva-university\/","og_site_name":"NETGEAR Blog","article_publisher":"https:\/\/www.facebook.com\/NetgearAU\/","article_modified_time":"2025-11-25T15:09:48+00:00","og_image":[{"width":383,"height":288,"url":"https:\/\/frhub.netgear.com\/fr\/hub\/wp-content\/uploads\/2025\/09\/vignette-Riva_featured-383x288-1.jpg","type":"image\/jpeg"}],"twitter_card":"summary_large_image","twitter_site":"@NETGEAR","schema":{"@context":"https:\/\/schema.org","@graph":[{"@type":"WebPage","@id":"https:\/\/frhub.netgear.com\/fr\/hub\/business\/case-studies\/it-case-studies\/network-tech-for-much-praised-reva-university\/","url":"https:\/\/frhub.netgear.com\/fr\/hub\/business\/case-studies\/it-case-studies\/network-tech-for-much-praised-reva-university\/","name":"REVA University mise sur les technologies NETGEAR - NETGEAR Blog","isPartOf":{"@id":"https:\/\/frhub.netgear.com\/fr\/hub\/#website"},"primaryImageOfPage":{"@id":"https:\/\/frhub.netgear.com\/fr\/hub\/business\/case-studies\/it-case-studies\/network-tech-for-much-praised-reva-university\/#primaryimage"},"image":{"@id":"https:\/\/frhub.netgear.com\/fr\/hub\/business\/case-studies\/it-case-studies\/network-tech-for-much-praised-reva-university\/#primaryimage"},"thumbnailUrl":"https:\/\/frhub.netgear.com\/fr\/hub\/wp-content\/uploads\/2025\/09\/vignette-Riva_featured-383x288-1.jpg","datePublished":"2025-04-13T10:04:43+00:00","dateModified":"2025-11-25T15:09:48+00:00","breadcrumb":{"@id":"https:\/\/frhub.netgear.com\/fr\/hub\/business\/case-studies\/it-case-studies\/network-tech-for-much-praised-reva-university\/#breadcrumb"},"inLanguage":"en-US","potentialAction":[{"@type":"ReadAction","target":["https:\/\/frhub.netgear.com\/fr\/hub\/business\/case-studies\/it-case-studies\/network-tech-for-much-praised-reva-university\/"]}]},{"@type":"ImageObject","inLanguage":"en-US","@id":"https:\/\/frhub.netgear.com\/fr\/hub\/business\/case-studies\/it-case-studies\/network-tech-for-much-praised-reva-university\/#primaryimage","url":"https:\/\/frhub.netgear.com\/fr\/hub\/wp-content\/uploads\/2025\/09\/vignette-Riva_featured-383x288-1.jpg","contentUrl":"https:\/\/frhub.netgear.com\/fr\/hub\/wp-content\/uploads\/2025\/09\/vignette-Riva_featured-383x288-1.jpg","width":383,"height":288},{"@type":"BreadcrumbList","@id":"https:\/\/frhub.netgear.com\/fr\/hub\/business\/case-studies\/it-case-studies\/network-tech-for-much-praised-reva-university\/#breadcrumb","itemListElement":[{"@type":"ListItem","position":1,"name":"Home","item":"https:\/\/frhub.netgear.com\/fr\/hub\/"},{"@type":"ListItem","position":2,"name":"Entreprises","item":"https:\/\/frhub.netgear.com\/fr\/hub\/business\/"},{"@type":"ListItem","position":3,"name":"All Case Studies &#8211; FR","item":"https:\/\/frhub.netgear.com\/fr\/hub\/business\/case-studies\/"},{"@type":"ListItem","position":4,"name":"Case Studies &#8211; IT &#8211; FR","item":"https:\/\/frhub.netgear.com\/fr\/hub\/business\/case-studies\/it-case-studies\/"},{"@type":"ListItem","position":5,"name":"REVA University mise sur les technologies NETGEAR"}]},{"@type":"WebSite","@id":"https:\/\/frhub.netgear.com\/fr\/hub\/#website","url":"https:\/\/frhub.netgear.com\/fr\/hub\/","name":"NETGEAR Hub France","description":"Explorez les pages de notre blog et parcourez les articles pour en savoir plus sur les produits et la technologie NETGEAR.","publisher":{"@id":"https:\/\/frhub.netgear.com\/fr\/hub\/#organization"},"potentialAction":[{"@type":"SearchAction","target":{"@type":"EntryPoint","urlTemplate":"https:\/\/frhub.netgear.com\/fr\/hub\/?s={search_term_string}"},"query-input":{"@type":"PropertyValueSpecification","valueRequired":true,"valueName":"search_term_string"}}],"inLanguage":"en-US"},{"@type":"Organization","@id":"https:\/\/frhub.netgear.com\/fr\/hub\/#organization","name":"NETGEAR","url":"https:\/\/frhub.netgear.com\/fr\/hub\/","logo":{"@type":"ImageObject","inLanguage":"en-US","@id":"https:\/\/frhub.netgear.com\/fr\/hub\/#\/schema\/logo\/image\/","url":"https:\/\/www.netgear.com\/fr\/hub\/wp-content\/uploads\/2019\/07\/NETGEAR_logo.jpg","contentUrl":"https:\/\/www.netgear.com\/fr\/hub\/wp-content\/uploads\/2019\/07\/NETGEAR_logo.jpg","width":1500,"height":501,"caption":"NETGEAR"},"image":{"@id":"https:\/\/frhub.netgear.com\/fr\/hub\/#\/schema\/logo\/image\/"},"sameAs":["https:\/\/www.facebook.com\/NetgearAU\/","https:\/\/x.com\/NETGEAR","https:\/\/www.linkedin.com\/company\/netgear"]}]}},"_links":{"self":[{"href":"https:\/\/frhub.netgear.com\/fr\/hub\/wp-json\/wp\/v2\/pages\/10832","targetHints":{"allow":["GET"]}}],"collection":[{"href":"https:\/\/frhub.netgear.com\/fr\/hub\/wp-json\/wp\/v2\/pages"}],"about":[{"href":"https:\/\/frhub.netgear.com\/fr\/hub\/wp-json\/wp\/v2\/types\/page"}],"author":[{"embeddable":true,"href":"https:\/\/frhub.netgear.com\/fr\/hub\/wp-json\/wp\/v2\/users\/97"}],"replies":[{"embeddable":true,"href":"https:\/\/frhub.netgear.com\/fr\/hub\/wp-json\/wp\/v2\/comments?post=10832"}],"version-history":[{"count":3,"href":"https:\/\/frhub.netgear.com\/fr\/hub\/wp-json\/wp\/v2\/pages\/10832\/revisions"}],"predecessor-version":[{"id":11061,"href":"https:\/\/frhub.netgear.com\/fr\/hub\/wp-json\/wp\/v2\/pages\/10832\/revisions\/11061"}],"up":[{"embeddable":true,"href":"https:\/\/frhub.netgear.com\/fr\/hub\/wp-json\/wp\/v2\/pages\/10491"}],"wp:featuredmedia":[{"embeddable":true,"href":"https:\/\/frhub.netgear.com\/fr\/hub\/wp-json\/wp\/v2\/media\/10835"}],"wp:attachment":[{"href":"https:\/\/frhub.netgear.com\/fr\/hub\/wp-json\/wp\/v2\/media?parent=10832"}],"curies":[{"name":"wp","href":"https:\/\/api.w.org\/{rel}","templated":true}]}}