{"id":10827,"date":"2025-01-13T11:30:57","date_gmt":"2025-09-08T09:30:57","guid":{"rendered":"https:\/\/frhub.netgear.com\/fr\/hub\/business\/case-studies\/it-case-studies\/larmenier-school-case-study-2\/"},"modified":"2025-11-25T16:56:56","modified_gmt":"2025-11-25T15:56:56","slug":"netgear-solutions-beijing-honghe","status":"publish","type":"page","link":"https:\/\/frhub.netgear.com\/fr\/hub\/business\/case-studies\/it-case-studies\/netgear-solutions-beijing-honghe\/","title":{"rendered":"Am\u00e9lioration de la stabilit\u00e9 du r\u00e9seau"},"content":{"rendered":"<p>chez Beijing Honghe Intelligent System Co., Ltd. gr\u00e2ce aux solutions NETGEAR     <div class=\"table-of-content bg-gray\">\n        <p><strong>IN THIS ARTICLE<\/strong><\/p>\n        <ul>\n                        <li><a href=\"#topic1\">Le d\u00e9fi<\/a><\/li>\n                        <li><a href=\"#topic2\">Solution apport\u00e9e<\/a><\/li>\n                        <li><a href=\"#topic3\">Recommandation<\/a><\/li>\n                        <li><a href=\"#topic4\">Plus d'informations<\/a><\/li>\n                    <\/ul>\n    <\/div>\n        <div id=\"topic1\" class=\"skip-item\">\n                        <h2>Le d\u00e9fi<\/h2>\n                <p>&nbsp;<\/p>\n<div style=\"background-color: #eeeeee;padding: 20px;width: 33%;float: right\">\n<p><strong>Soci\u00e9t\u00e9 : <\/strong><br \/>\nBeijing Honghe Intelligent System Co., Ltd.<\/p>\n<p><strong>Secteur:<\/strong><br \/>\nFournisseur de services informatiques (IT VAR\/MSP)<\/p>\n<p><strong>Site Web :<\/strong><br \/>\n<a href=\"https:\/\/www.hitevision.com\">hitevision.com<\/a><\/p>\n<p><strong>Emplacement :<\/strong><br \/>\nP\u00e9kin, Chine<\/p>\n<\/div>\n<p>Beijing Honghe Intelligent System Co., Ltd. \u00e9tait confront\u00e9e \u00e0 d\u2019importants probl\u00e8mes de stabilit\u00e9 de la couverture r\u00e9seau dans ses espaces de visioconf\u00e9rence, impactant directement l\u2019efficacit\u00e9 des communications. Bien que la couverture r\u00e9seau soit techniquement disponible, les connexions \u00e9taient instables, ce qui perturbait la qualit\u00e9 des \u00e9changes, notamment dans des environnements o\u00f9 la connectivit\u00e9 audio et vid\u00e9o sans interruption est cruciale.<\/p>\n    <\/div>\n        <div id=\"topic2\" class=\"skip-item\">\n                        <h2>Solution apport\u00e9e<\/h2>\n                <p data-start=\"1121\" data-end=\"1406\">Pour r\u00e9pondre \u00e0 ces d\u00e9fis, l\u2019entreprise a d\u00e9ploy\u00e9 des <strong data-start=\"1175\" data-end=\"1222\">commutateurs intelligents de gestion r\u00e9seau<\/strong> et des <strong data-start=\"1230\" data-end=\"1250\">routeurs NETGEAR<\/strong>. Cette solution a permis de garantir une <strong data-start=\"1292\" data-end=\"1322\">connexion stable et fiable<\/strong> dans les espaces de visioconf\u00e9rence, r\u00e9solvant ainsi les probl\u00e8mes de connectivit\u00e9.<\/p>\n<p data-start=\"1408\" data-end=\"1454\">Parmi les points forts relev\u00e9s par le client :<\/p>\n<ul data-start=\"1456\" data-end=\"2039\">\n<li data-start=\"1456\" data-end=\"1600\">\n<p data-start=\"1458\" data-end=\"1600\"><strong data-start=\"1460\" data-end=\"1497\">Interface utilisateur intuitive :<\/strong><br data-start=\"1497\" data-end=\"1500\" \/>L\u2019interface de gestion est simple, claire, et facilite les phases de configuration et de d\u00e9bogage.<\/p>\n<\/li>\n<li data-start=\"1602\" data-end=\"1748\">\n<p data-start=\"1604\" data-end=\"1748\"><strong data-start=\"1606\" data-end=\"1643\">Fonctionnalit\u00e9 pr\u00eate \u00e0 l\u2019emploi :<\/strong><br data-start=\"1643\" data-end=\"1646\" \/>Les produits NETGEAR ont pu \u00eatre utilis\u00e9s imm\u00e9diatement, sans proc\u00e9dures complexes de configuration.<\/p>\n<\/li>\n<li data-start=\"1750\" data-end=\"1908\">\n<p data-start=\"1752\" data-end=\"1908\"><strong data-start=\"1754\" data-end=\"1780\">Performances stables :<\/strong><br data-start=\"1780\" data-end=\"1783\" \/>La fiabilit\u00e9 du r\u00e9seau s\u2019est av\u00e9r\u00e9e essentielle pour maintenir une connectivit\u00e9 fluide lors des conf\u00e9rences audio et vid\u00e9o.<\/p>\n<\/li>\n<li data-start=\"1910\" data-end=\"2039\">\n<p data-start=\"1912\" data-end=\"2039\"><strong data-start=\"1914\" data-end=\"1935\">Support r\u00e9actif :<\/strong><br data-start=\"1935\" data-end=\"1938\" \/>L\u2019assistance fournie par NETGEAR a \u00e9t\u00e9 rapide et efficace, assurant une exp\u00e9rience client positive.<\/p>\n<\/li>\n<\/ul>\n    <\/div>\n        <div id=\"topic3\" class=\"skip-item\">\n                        <h2>Recommandation<\/h2>\n                <p data-start=\"2741\" data-end=\"2828\">L\u2019entreprise recommande vivement NETGEAR \u00e0 ses partenaires et confr\u00e8res, en raison de :<\/p>\n<ul data-start=\"2830\" data-end=\"2931\">\n<li data-start=\"2830\" data-end=\"2866\">\n<p data-start=\"2832\" data-end=\"2866\">la <strong data-start=\"2835\" data-end=\"2865\">stabilit\u00e9 des performances<\/strong>,<\/p>\n<\/li>\n<li data-start=\"2867\" data-end=\"2899\">\n<p data-start=\"2869\" data-end=\"2899\">la <strong data-start=\"2872\" data-end=\"2898\">facilit\u00e9 d\u2019utilisation<\/strong>,<\/p>\n<\/li>\n<li data-start=\"2900\" data-end=\"2931\">\n<p data-start=\"2902\" data-end=\"2931\">et la <strong data-start=\"2908\" data-end=\"2930\">qualit\u00e9 du service<\/strong>.<\/p>\n<\/li>\n<\/ul>\n<p data-start=\"2933\" data-end=\"3266\">La solution NETGEAR a non seulement r\u00e9pondu \u00e0 toutes les exigences fonctionnelles de l\u2019entreprise, mais a aussi facilit\u00e9 la gestion du r\u00e9seau gr\u00e2ce \u00e0 une interface claire et un fonctionnement fiable. Un v\u00e9ritable <strong data-start=\"3146\" data-end=\"3173\">partenaire de confiance<\/strong> pour les entreprises qui n\u00e9cessitent une <strong data-start=\"3215\" data-end=\"3265\">infrastructure r\u00e9seau performante et constante<\/strong>.<\/p>\n    <\/div>\n        <div id=\"topic4\" class=\"skip-item\">\n                        <h2>Plus d'informations<\/h2>\n                <p><!--SOLUTIONS NETGEAR ENTERPRISE--><\/p>\n<p>Plus d\u2019informations sur nos solutions Business<\/p>\n<div class=\"hs-cta-embed hs-cta-simple-placeholder hs-cta-embed-241151168190\" style=\"max-width: 100%;max-height: 100%;width: 310px;height: 50.395835876464844px\" data-hubspot-wrapper-cta-id=\"241151168190\"><a href=\"https:\/\/cta-na2.hubspot.com\/web-interactives\/public\/v1\/track\/redirect?encryptedPayload=AVxigLLJWF%2FR9NCdRJZQ5KVHoS9cmTllDsgnRckWwZDoTJW93FYqIGm7y2jNQ4CGjjeyEntjB1Eh%2FcIvmOqeWKIuNi7jJ95TD1xOsd56OGsqZrwJYn2P4gpbjQJxBuk%2FcElRMomZ2nLAB1rUvsSFPpXbLLR0VoURWUj2oq%2BphOJeMWjoSz5dSBIDsA%3D%3D&amp;webInteractiveContentId=241151168190&amp;portalId=242128791\" target=\"_blank\" rel=\"noopener\"><br \/>\n<img decoding=\"async\" style=\"height: 100%;width: 100%;object-fit: fill\" src=\"https:\/\/hubspot-no-cache-na2-prod.s3.amazonaws.com\/cta\/default\/242128791\/interactive-241151168190.png\" alt=\"SOLUTIONS NETGEAR ENTERPRISE\" \/><br \/>\n<\/a><\/div>\n<p><!--NETGEAR ACADEMY--><\/p>\n<p>Apprenez tout ce qu\u2019il faut savoir sur les r\u00e9seaux IP gr\u00e2ce \u00e0 notre NETGEAR ACADEMY<\/p>\n<div class=\"hs-cta-embed hs-cta-simple-placeholder hs-cta-embed-241151161035\" style=\"max-width: 100%;max-height: 100%;width: 260px;height: 50.390625px\" data-hubspot-wrapper-cta-id=\"241151161035\"><a href=\"https:\/\/cta-na2.hubspot.com\/web-interactives\/public\/v1\/track\/redirect?encryptedPayload=AVxigLJIgvHArQm4wTffTTUUJ%2F0ljCSNGcwj4PNLST8c9BdzGxqiACj%2Bz94HHc4mFPGtXF%2B%2F5wBeuQxMwTVaNhNVvj%2FrPoIwPhJXs1HyfD4geQMBkR1VuG%2BfPTfjyzB0ZZPS3Vs1DRegOuJZbqCiCvoqA4M8moDR4zNKVjZxPVGoUNOaIBrbKeHqgAhjG0PM1L1Yi66guE70DwgXJMTC7CAzvVrffriBmA%3D%3D&amp;webInteractiveContentId=241151161035&amp;portalId=242128791\" target=\"_blank\" rel=\"noopener\"><br \/>\n<img decoding=\"async\" style=\"height: 100%;width: 100%;object-fit: fill\" src=\"https:\/\/hubspot-no-cache-na2-prod.s3.amazonaws.com\/cta\/default\/242128791\/interactive-241151161035.png\" alt=\"NETGEAR ACADEMY\" \/><br \/>\n<\/a><\/div>\n<p><!--CONTACTEZ L'EQUIPE PRO-IT--><\/p>\n<p>Nos ing\u00e9nieurs vous accompagnent gratuitement dans la r\u00e9alisation de vos projets<\/p>\n<div class=\"hs-cta-embed hs-cta-simple-placeholder hs-cta-embed-245601455827\" style=\"max-width: 100%;max-height: 100%;width: 287px;height: 50.390625px\" data-hubspot-wrapper-cta-id=\"245601455827\"><a href=\"https:\/\/cta-na2.hubspot.com\/web-interactives\/public\/v1\/track\/redirect?encryptedPayload=AVxigLInaPY6CKjdDpPVYzjXnEGvPfbouzJx88Hc1CLeTaYRtnOO25E9XicF7pvzMQdle10f103Z%2F0L%2BbiJE2NwgOQVCpgxtwv3X4ZjoLQkEp5IHfzWjQzeN8Zq44UJQhsPMIst0b69UmgxZlIyrErVjJxyPRNNMsT41p87bUD9JAGKJ2ih7inbvBJTAWKny5YWUD0fN29FFl16U6g1urHYkE5vRzSSaFw%3D%3D&amp;webInteractiveContentId=245601455827&amp;portalId=242128791\" target=\"_blank\" rel=\"noopener\"><br \/>\n<img decoding=\"async\" style=\"height: 100%;width: 100%;object-fit: fill\" src=\"https:\/\/hubspot-no-cache-na2-prod.s3.amazonaws.com\/cta\/default\/242128791\/interactive-245601455827.png\" alt=\"CONTACTEZ L'EQUIPE PRO-IT\" \/><br \/>\n<\/a><\/div>\n<p><iframe loading=\"lazy\" src=\"https:\/\/405nrr.share-na2.hsforms.com\/24AR2ZDSmQqWycFqf8q5-eg\" width=\"100%\" height=\"1200px\"><\/iframe><\/p>\n    <\/div>\n    <\/p>\n","protected":false},"excerpt":{"rendered":"<p>chez Beijing Honghe Intelligent System Co., Ltd. gr\u00e2ce aux solutions NETGEAR<\/p>\n","protected":false},"author":97,"featured_media":10830,"parent":10491,"menu_order":0,"comment_status":"closed","ping_status":"closed","template":"templates\/blog-wifi.php","meta":{"_acf_changed":false,"content-type":"","footnotes":""},"class_list":["post-10827","page","type-page","status-publish","has-post-thumbnail","hentry"],"acf":[],"yoast_head":"<!-- This site is optimized with the Yoast SEO plugin v27.5 - https:\/\/yoast.com\/product\/yoast-seo-wordpress\/ -->\n<title>Am\u00e9lioration de la stabilit\u00e9 du r\u00e9seau - NETGEAR Blog<\/title>\n<meta name=\"robots\" content=\"index, follow, max-snippet:-1, max-image-preview:large, max-video-preview:-1\" \/>\n<link rel=\"canonical\" href=\"https:\/\/frhub.netgear.com\/fr\/hub\/business\/case-studies\/it-case-studies\/netgear-solutions-beijing-honghe\/\" \/>\n<meta property=\"og:locale\" content=\"en_US\" \/>\n<meta property=\"og:type\" content=\"article\" \/>\n<meta property=\"og:title\" content=\"Am\u00e9lioration de la stabilit\u00e9 du r\u00e9seau - NETGEAR Blog\" \/>\n<meta property=\"og:description\" content=\"chez Beijing Honghe Intelligent System Co., Ltd. gr\u00e2ce aux solutions NETGEAR\" \/>\n<meta property=\"og:url\" content=\"https:\/\/frhub.netgear.com\/fr\/hub\/business\/case-studies\/it-case-studies\/netgear-solutions-beijing-honghe\/\" \/>\n<meta property=\"og:site_name\" content=\"NETGEAR Blog\" \/>\n<meta property=\"article:publisher\" content=\"https:\/\/www.facebook.com\/NetgearAU\/\" \/>\n<meta property=\"article:modified_time\" content=\"2025-11-25T15:56:56+00:00\" \/>\n<meta property=\"og:image\" content=\"https:\/\/frhub.netgear.com\/fr\/hub\/wp-content\/uploads\/2025\/09\/vignette-Hitevision-featured-new-383x288-1.jpg\" \/>\n\t<meta property=\"og:image:width\" content=\"383\" \/>\n\t<meta property=\"og:image:height\" content=\"288\" \/>\n\t<meta property=\"og:image:type\" content=\"image\/jpeg\" \/>\n<meta name=\"twitter:card\" content=\"summary_large_image\" \/>\n<meta name=\"twitter:site\" content=\"@NETGEAR\" \/>\n<script type=\"application\/ld+json\" class=\"yoast-schema-graph\">{\"@context\":\"https:\\\/\\\/schema.org\",\"@graph\":[{\"@type\":\"WebPage\",\"@id\":\"https:\\\/\\\/frhub.netgear.com\\\/fr\\\/hub\\\/business\\\/case-studies\\\/it-case-studies\\\/netgear-solutions-beijing-honghe\\\/\",\"url\":\"https:\\\/\\\/frhub.netgear.com\\\/fr\\\/hub\\\/business\\\/case-studies\\\/it-case-studies\\\/netgear-solutions-beijing-honghe\\\/\",\"name\":\"Am\u00e9lioration de la stabilit\u00e9 du r\u00e9seau - NETGEAR Blog\",\"isPartOf\":{\"@id\":\"https:\\\/\\\/frhub.netgear.com\\\/fr\\\/hub\\\/#website\"},\"primaryImageOfPage\":{\"@id\":\"https:\\\/\\\/frhub.netgear.com\\\/fr\\\/hub\\\/business\\\/case-studies\\\/it-case-studies\\\/netgear-solutions-beijing-honghe\\\/#primaryimage\"},\"image\":{\"@id\":\"https:\\\/\\\/frhub.netgear.com\\\/fr\\\/hub\\\/business\\\/case-studies\\\/it-case-studies\\\/netgear-solutions-beijing-honghe\\\/#primaryimage\"},\"thumbnailUrl\":\"https:\\\/\\\/frhub.netgear.com\\\/fr\\\/hub\\\/wp-content\\\/uploads\\\/2025\\\/09\\\/vignette-Hitevision-featured-new-383x288-1.jpg\",\"datePublished\":\"2025-09-08T09:30:57+00:00\",\"dateModified\":\"2025-11-25T15:56:56+00:00\",\"breadcrumb\":{\"@id\":\"https:\\\/\\\/frhub.netgear.com\\\/fr\\\/hub\\\/business\\\/case-studies\\\/it-case-studies\\\/netgear-solutions-beijing-honghe\\\/#breadcrumb\"},\"inLanguage\":\"en-US\",\"potentialAction\":[{\"@type\":\"ReadAction\",\"target\":[\"https:\\\/\\\/frhub.netgear.com\\\/fr\\\/hub\\\/business\\\/case-studies\\\/it-case-studies\\\/netgear-solutions-beijing-honghe\\\/\"]}]},{\"@type\":\"ImageObject\",\"inLanguage\":\"en-US\",\"@id\":\"https:\\\/\\\/frhub.netgear.com\\\/fr\\\/hub\\\/business\\\/case-studies\\\/it-case-studies\\\/netgear-solutions-beijing-honghe\\\/#primaryimage\",\"url\":\"https:\\\/\\\/frhub.netgear.com\\\/fr\\\/hub\\\/wp-content\\\/uploads\\\/2025\\\/09\\\/vignette-Hitevision-featured-new-383x288-1.jpg\",\"contentUrl\":\"https:\\\/\\\/frhub.netgear.com\\\/fr\\\/hub\\\/wp-content\\\/uploads\\\/2025\\\/09\\\/vignette-Hitevision-featured-new-383x288-1.jpg\",\"width\":383,\"height\":288},{\"@type\":\"BreadcrumbList\",\"@id\":\"https:\\\/\\\/frhub.netgear.com\\\/fr\\\/hub\\\/business\\\/case-studies\\\/it-case-studies\\\/netgear-solutions-beijing-honghe\\\/#breadcrumb\",\"itemListElement\":[{\"@type\":\"ListItem\",\"position\":1,\"name\":\"Home\",\"item\":\"https:\\\/\\\/frhub.netgear.com\\\/fr\\\/hub\\\/\"},{\"@type\":\"ListItem\",\"position\":2,\"name\":\"Entreprises\",\"item\":\"https:\\\/\\\/frhub.netgear.com\\\/fr\\\/hub\\\/business\\\/\"},{\"@type\":\"ListItem\",\"position\":3,\"name\":\"All Case Studies &#8211; FR\",\"item\":\"https:\\\/\\\/frhub.netgear.com\\\/fr\\\/hub\\\/business\\\/case-studies\\\/\"},{\"@type\":\"ListItem\",\"position\":4,\"name\":\"Case Studies &#8211; IT &#8211; FR\",\"item\":\"https:\\\/\\\/frhub.netgear.com\\\/fr\\\/hub\\\/business\\\/case-studies\\\/it-case-studies\\\/\"},{\"@type\":\"ListItem\",\"position\":5,\"name\":\"Am\u00e9lioration de la stabilit\u00e9 du r\u00e9seau\"}]},{\"@type\":\"WebSite\",\"@id\":\"https:\\\/\\\/frhub.netgear.com\\\/fr\\\/hub\\\/#website\",\"url\":\"https:\\\/\\\/frhub.netgear.com\\\/fr\\\/hub\\\/\",\"name\":\"NETGEAR Hub France\",\"description\":\"Explorez les pages de notre blog et parcourez les articles pour en savoir plus sur les produits et la technologie NETGEAR.\",\"publisher\":{\"@id\":\"https:\\\/\\\/frhub.netgear.com\\\/fr\\\/hub\\\/#organization\"},\"potentialAction\":[{\"@type\":\"SearchAction\",\"target\":{\"@type\":\"EntryPoint\",\"urlTemplate\":\"https:\\\/\\\/frhub.netgear.com\\\/fr\\\/hub\\\/?s={search_term_string}\"},\"query-input\":{\"@type\":\"PropertyValueSpecification\",\"valueRequired\":true,\"valueName\":\"search_term_string\"}}],\"inLanguage\":\"en-US\"},{\"@type\":\"Organization\",\"@id\":\"https:\\\/\\\/frhub.netgear.com\\\/fr\\\/hub\\\/#organization\",\"name\":\"NETGEAR\",\"url\":\"https:\\\/\\\/frhub.netgear.com\\\/fr\\\/hub\\\/\",\"logo\":{\"@type\":\"ImageObject\",\"inLanguage\":\"en-US\",\"@id\":\"https:\\\/\\\/frhub.netgear.com\\\/fr\\\/hub\\\/#\\\/schema\\\/logo\\\/image\\\/\",\"url\":\"https:\\\/\\\/www.netgear.com\\\/fr\\\/hub\\\/wp-content\\\/uploads\\\/2019\\\/07\\\/NETGEAR_logo.jpg\",\"contentUrl\":\"https:\\\/\\\/www.netgear.com\\\/fr\\\/hub\\\/wp-content\\\/uploads\\\/2019\\\/07\\\/NETGEAR_logo.jpg\",\"width\":1500,\"height\":501,\"caption\":\"NETGEAR\"},\"image\":{\"@id\":\"https:\\\/\\\/frhub.netgear.com\\\/fr\\\/hub\\\/#\\\/schema\\\/logo\\\/image\\\/\"},\"sameAs\":[\"https:\\\/\\\/www.facebook.com\\\/NetgearAU\\\/\",\"https:\\\/\\\/x.com\\\/NETGEAR\",\"https:\\\/\\\/www.linkedin.com\\\/company\\\/netgear\"]}]}<\/script>\n<!-- \/ Yoast SEO plugin. -->","yoast_head_json":{"title":"Am\u00e9lioration de la stabilit\u00e9 du r\u00e9seau - NETGEAR Blog","robots":{"index":"index","follow":"follow","max-snippet":"max-snippet:-1","max-image-preview":"max-image-preview:large","max-video-preview":"max-video-preview:-1"},"canonical":"https:\/\/frhub.netgear.com\/fr\/hub\/business\/case-studies\/it-case-studies\/netgear-solutions-beijing-honghe\/","og_locale":"en_US","og_type":"article","og_title":"Am\u00e9lioration de la stabilit\u00e9 du r\u00e9seau - NETGEAR Blog","og_description":"chez Beijing Honghe Intelligent System Co., Ltd. gr\u00e2ce aux solutions NETGEAR","og_url":"https:\/\/frhub.netgear.com\/fr\/hub\/business\/case-studies\/it-case-studies\/netgear-solutions-beijing-honghe\/","og_site_name":"NETGEAR Blog","article_publisher":"https:\/\/www.facebook.com\/NetgearAU\/","article_modified_time":"2025-11-25T15:56:56+00:00","og_image":[{"width":383,"height":288,"url":"https:\/\/frhub.netgear.com\/fr\/hub\/wp-content\/uploads\/2025\/09\/vignette-Hitevision-featured-new-383x288-1.jpg","type":"image\/jpeg"}],"twitter_card":"summary_large_image","twitter_site":"@NETGEAR","schema":{"@context":"https:\/\/schema.org","@graph":[{"@type":"WebPage","@id":"https:\/\/frhub.netgear.com\/fr\/hub\/business\/case-studies\/it-case-studies\/netgear-solutions-beijing-honghe\/","url":"https:\/\/frhub.netgear.com\/fr\/hub\/business\/case-studies\/it-case-studies\/netgear-solutions-beijing-honghe\/","name":"Am\u00e9lioration de la stabilit\u00e9 du r\u00e9seau - NETGEAR Blog","isPartOf":{"@id":"https:\/\/frhub.netgear.com\/fr\/hub\/#website"},"primaryImageOfPage":{"@id":"https:\/\/frhub.netgear.com\/fr\/hub\/business\/case-studies\/it-case-studies\/netgear-solutions-beijing-honghe\/#primaryimage"},"image":{"@id":"https:\/\/frhub.netgear.com\/fr\/hub\/business\/case-studies\/it-case-studies\/netgear-solutions-beijing-honghe\/#primaryimage"},"thumbnailUrl":"https:\/\/frhub.netgear.com\/fr\/hub\/wp-content\/uploads\/2025\/09\/vignette-Hitevision-featured-new-383x288-1.jpg","datePublished":"2025-09-08T09:30:57+00:00","dateModified":"2025-11-25T15:56:56+00:00","breadcrumb":{"@id":"https:\/\/frhub.netgear.com\/fr\/hub\/business\/case-studies\/it-case-studies\/netgear-solutions-beijing-honghe\/#breadcrumb"},"inLanguage":"en-US","potentialAction":[{"@type":"ReadAction","target":["https:\/\/frhub.netgear.com\/fr\/hub\/business\/case-studies\/it-case-studies\/netgear-solutions-beijing-honghe\/"]}]},{"@type":"ImageObject","inLanguage":"en-US","@id":"https:\/\/frhub.netgear.com\/fr\/hub\/business\/case-studies\/it-case-studies\/netgear-solutions-beijing-honghe\/#primaryimage","url":"https:\/\/frhub.netgear.com\/fr\/hub\/wp-content\/uploads\/2025\/09\/vignette-Hitevision-featured-new-383x288-1.jpg","contentUrl":"https:\/\/frhub.netgear.com\/fr\/hub\/wp-content\/uploads\/2025\/09\/vignette-Hitevision-featured-new-383x288-1.jpg","width":383,"height":288},{"@type":"BreadcrumbList","@id":"https:\/\/frhub.netgear.com\/fr\/hub\/business\/case-studies\/it-case-studies\/netgear-solutions-beijing-honghe\/#breadcrumb","itemListElement":[{"@type":"ListItem","position":1,"name":"Home","item":"https:\/\/frhub.netgear.com\/fr\/hub\/"},{"@type":"ListItem","position":2,"name":"Entreprises","item":"https:\/\/frhub.netgear.com\/fr\/hub\/business\/"},{"@type":"ListItem","position":3,"name":"All Case Studies &#8211; FR","item":"https:\/\/frhub.netgear.com\/fr\/hub\/business\/case-studies\/"},{"@type":"ListItem","position":4,"name":"Case Studies &#8211; IT &#8211; FR","item":"https:\/\/frhub.netgear.com\/fr\/hub\/business\/case-studies\/it-case-studies\/"},{"@type":"ListItem","position":5,"name":"Am\u00e9lioration de la stabilit\u00e9 du r\u00e9seau"}]},{"@type":"WebSite","@id":"https:\/\/frhub.netgear.com\/fr\/hub\/#website","url":"https:\/\/frhub.netgear.com\/fr\/hub\/","name":"NETGEAR Hub France","description":"Explorez les pages de notre blog et parcourez les articles pour en savoir plus sur les produits et la technologie NETGEAR.","publisher":{"@id":"https:\/\/frhub.netgear.com\/fr\/hub\/#organization"},"potentialAction":[{"@type":"SearchAction","target":{"@type":"EntryPoint","urlTemplate":"https:\/\/frhub.netgear.com\/fr\/hub\/?s={search_term_string}"},"query-input":{"@type":"PropertyValueSpecification","valueRequired":true,"valueName":"search_term_string"}}],"inLanguage":"en-US"},{"@type":"Organization","@id":"https:\/\/frhub.netgear.com\/fr\/hub\/#organization","name":"NETGEAR","url":"https:\/\/frhub.netgear.com\/fr\/hub\/","logo":{"@type":"ImageObject","inLanguage":"en-US","@id":"https:\/\/frhub.netgear.com\/fr\/hub\/#\/schema\/logo\/image\/","url":"https:\/\/www.netgear.com\/fr\/hub\/wp-content\/uploads\/2019\/07\/NETGEAR_logo.jpg","contentUrl":"https:\/\/www.netgear.com\/fr\/hub\/wp-content\/uploads\/2019\/07\/NETGEAR_logo.jpg","width":1500,"height":501,"caption":"NETGEAR"},"image":{"@id":"https:\/\/frhub.netgear.com\/fr\/hub\/#\/schema\/logo\/image\/"},"sameAs":["https:\/\/www.facebook.com\/NetgearAU\/","https:\/\/x.com\/NETGEAR","https:\/\/www.linkedin.com\/company\/netgear"]}]}},"_links":{"self":[{"href":"https:\/\/frhub.netgear.com\/fr\/hub\/wp-json\/wp\/v2\/pages\/10827","targetHints":{"allow":["GET"]}}],"collection":[{"href":"https:\/\/frhub.netgear.com\/fr\/hub\/wp-json\/wp\/v2\/pages"}],"about":[{"href":"https:\/\/frhub.netgear.com\/fr\/hub\/wp-json\/wp\/v2\/types\/page"}],"author":[{"embeddable":true,"href":"https:\/\/frhub.netgear.com\/fr\/hub\/wp-json\/wp\/v2\/users\/97"}],"replies":[{"embeddable":true,"href":"https:\/\/frhub.netgear.com\/fr\/hub\/wp-json\/wp\/v2\/comments?post=10827"}],"version-history":[{"count":4,"href":"https:\/\/frhub.netgear.com\/fr\/hub\/wp-json\/wp\/v2\/pages\/10827\/revisions"}],"predecessor-version":[{"id":11062,"href":"https:\/\/frhub.netgear.com\/fr\/hub\/wp-json\/wp\/v2\/pages\/10827\/revisions\/11062"}],"up":[{"embeddable":true,"href":"https:\/\/frhub.netgear.com\/fr\/hub\/wp-json\/wp\/v2\/pages\/10491"}],"wp:featuredmedia":[{"embeddable":true,"href":"https:\/\/frhub.netgear.com\/fr\/hub\/wp-json\/wp\/v2\/media\/10830"}],"wp:attachment":[{"href":"https:\/\/frhub.netgear.com\/fr\/hub\/wp-json\/wp\/v2\/media?parent=10827"}],"curies":[{"name":"wp","href":"https:\/\/api.w.org\/{rel}","templated":true}]}}