{"id":10823,"date":"2025-05-23T11:06:02","date_gmt":"2025-09-08T09:06:02","guid":{"rendered":"https:\/\/frhub.netgear.com\/fr\/hub\/business\/case-studies\/it-case-studies\/larmenier-school-case-study-2\/"},"modified":"2025-11-25T20:13:18","modified_gmt":"2025-11-25T19:13:18","slug":"lipa-wifi-upgrade-netgear-gardner-systems","status":"publish","type":"page","link":"https:\/\/frhub.netgear.com\/fr\/hub\/business\/case-studies\/it-case-studies\/lipa-wifi-upgrade-netgear-gardner-systems\/","title":{"rendered":"Le nouveau r\u00e9seau WiFi de LIPA entre en sc\u00e8ne avec brio"},"content":{"rendered":"<p>Un nouveau r\u00e9seau WiFi garantit que le spectacle continue     <div class=\"table-of-content bg-gray\">\n        <p><strong>IN THIS ARTICLE<\/strong><\/p>\n        <ul>\n                        <li><a href=\"#topic1\">R\u00e9sum\u00e9<\/a><\/li>\n                        <li><a href=\"#topic2\">Contexte : une \u00e9cole artistique de renomm\u00e9e mondiale<\/a><\/li>\n                        <li><a href=\"#topic3\">La solution : Total Network Solution de NETGEAR<\/a><\/li>\n                        <li><a href=\"#topic4\">Les r\u00e9sultats : un r\u00e9seau digne d\u2019une standing ovation<\/a><\/li>\n                        <li><a href=\"#topic5\">T\u00e9moignages<\/a><\/li>\n                        <li><a href=\"#topic6\">\u00c9quipements cl\u00e9s :<\/a><\/li>\n                        <li><a href=\"#topic7\">Conclusion :<\/a><\/li>\n                    <\/ul>\n    <\/div>\n        <div id=\"topic1\" class=\"skip-item\">\n                        <h2>R\u00e9sum\u00e9<\/h2>\n                <p>&nbsp;<\/p>\n<div style=\"background-color: #eeeeee;padding: 20px;width: 33%;float: right\">\n<p><strong>Soci\u00e9t\u00e9 : <\/strong><br \/>\nLiverpool Institute for Performing Arts (LIPA)<\/p>\n<p><strong>Service :<\/strong><br \/>\n\u00c9ducation<\/p>\n<p><strong>Site Web :<\/strong><br \/>\n<a href=\"https:\/\/www.lipa.ac.uk\">lipa.ac.uk<\/a><\/p>\n<p><strong>Emplacement :<\/strong><br \/>\nLiverpool, Royaume-Uni<\/p>\n<\/div>\n<p>LIPA modernise son r\u00e9seau WiFi avec NETGEAR<\/p>\n    <\/div>\n        <div id=\"topic2\" class=\"skip-item\">\n                        <h2>Contexte : une \u00e9cole artistique de renomm\u00e9e mondiale<\/h2>\n                <p>Fond\u00e9 en 1996 avec l\u2019appui de Sir Paul McCartney, le <strong data-start=\"525\" data-end=\"568\">Liverpool Institute for Performing Arts<\/strong> (LIPA) s\u2019est impos\u00e9 comme l\u2019un des \u00e9tablissements les plus prestigieux dans les arts du spectacle. Il accueille chaque ann\u00e9e environ <strong data-start=\"702\" data-end=\"720\">1200 \u00e9tudiants<\/strong> et s\u2019appuie sur une connectivit\u00e9 r\u00e9seau toujours plus essentielle pour offrir une exp\u00e9rience universitaire moderne.<\/p>\n    <\/div>\n        <div id=\"topic3\" class=\"skip-item\">\n                        <h2>La solution : Total Network Solution de NETGEAR<\/h2>\n                <p data-start=\"1486\" data-end=\"1640\">Avec l\u2019aide de <strong data-start=\"1501\" data-end=\"1520\">Gardner Systems<\/strong>, partenaire de longue date de LIPA, l\u2019\u00e9cole a opt\u00e9 pour une solution compl\u00e8te sign\u00e9e <strong data-start=\"1606\" data-end=\"1626\">NETGEAR Business<\/strong>, comprenant :<\/p>\n<ul data-start=\"1642\" data-end=\"1828\">\n<li data-start=\"1642\" data-end=\"1692\">\n<p data-start=\"1644\" data-end=\"1692\"><strong data-start=\"1644\" data-end=\"1690\">150 points d\u2019acc\u00e8s WiFi 6 (NETGEAR WAX630)<\/strong><\/p>\n<\/li>\n<li data-start=\"1693\" data-end=\"1757\">\n<p data-start=\"1695\" data-end=\"1757\"><strong data-start=\"1695\" data-end=\"1714\">NETGEAR Insight<\/strong>, plateforme de gestion cloud centralis\u00e9e<\/p>\n<\/li>\n<li data-start=\"1758\" data-end=\"1828\">\n<p data-start=\"1760\" data-end=\"1828\">Un audit du site offert pour optimiser l\u2019emplacement des \u00e9quipements<\/p>\n<\/li>\n<\/ul>\n<p data-start=\"1830\" data-end=\"1960\">Les \u00e9quipements ont \u00e9t\u00e9 <strong data-start=\"1854\" data-end=\"1880\">pr\u00e9configur\u00e9s en amont<\/strong>, permettant un d\u00e9ploiement fluide sans interruption des activit\u00e9s p\u00e9dagogiques.<\/p>\n    <\/div>\n        <div id=\"topic4\" class=\"skip-item\">\n                        <h2>Les r\u00e9sultats : un r\u00e9seau digne d\u2019une standing ovation<\/h2>\n                <ul>\n<li data-start=\"2030\" data-end=\"2102\">\n<p data-start=\"2032\" data-end=\"2102\"><strong data-start=\"2032\" data-end=\"2075\">Connectivit\u00e9 rapide, fiable et homog\u00e8ne<\/strong> sur l\u2019ensemble du campus<\/p>\n<\/li>\n<li data-start=\"2103\" data-end=\"2178\">\n<p data-start=\"2105\" data-end=\"2178\"><strong data-start=\"2105\" data-end=\"2126\">Z\u00e9ro interruption<\/strong> pendant l\u2019installation gr\u00e2ce au travail en phases<\/p>\n<\/li>\n<li data-start=\"2179\" data-end=\"2243\">\n<p data-start=\"2181\" data-end=\"2243\"><strong data-start=\"2181\" data-end=\"2203\">Gestion simplifi\u00e9e<\/strong> avec NETGEAR Insight, m\u00eame \u00e0 distance<\/p>\n<\/li>\n<li data-start=\"2244\" data-end=\"2459\">\n<p data-start=\"2246\" data-end=\"2459\"><strong data-start=\"2246\" data-end=\"2282\">Exp\u00e9rience utilisateur am\u00e9lior\u00e9e<\/strong>, bien que discr\u00e8te : \u00ab Les appareils se connectent plus vite, les t\u00e9l\u00e9chargements sont plus rapides \u00bb selon le responsable IT \u2014 ce qui signifie que tout fonctionne sans accroc.<\/p>\n<\/li>\n<\/ul>\n    <\/div>\n        <div id=\"topic5\" class=\"skip-item\">\n                        <h2>T\u00e9moignages<\/h2>\n                <blockquote data-start=\"2486\" data-end=\"2641\">\n<p data-start=\"2488\" data-end=\"2641\">\u00ab Nous n\u2019avons presque eu aucun retour, ce qui est bon signe : cela signifie que tout fonctionne parfaitement. \u00bb<br data-start=\"2600\" data-end=\"2603\" \/>\u2014 <em data-start=\"2605\" data-end=\"2641\">Ben Faulkner, responsable IT, LIPA<\/em><\/p>\n<\/blockquote>\n<blockquote data-start=\"2643\" data-end=\"2813\">\n<p data-start=\"2645\" data-end=\"2813\">\u00ab NETGEAR Insight nous donne une visibilit\u00e9 compl\u00e8te du r\u00e9seau, en temps r\u00e9el, m\u00eame \u00e0 distance \u2014 c\u2019est vraiment l\u2019avenir. \u00bb<br data-start=\"2768\" data-end=\"2771\" \/>\u2014 <em data-start=\"2773\" data-end=\"2813\">Jason Fitzgerald, COO, Gardner Systems<\/em><\/p>\n<\/blockquote>\n    <\/div>\n        <div id=\"topic6\" class=\"skip-item\">\n                        <h2>\u00c9quipements cl\u00e9s :<\/h2>\n                <ul>\n<li data-start=\"2847\" data-end=\"2901\">\n<p data-start=\"2849\" data-end=\"2901\"><strong data-start=\"2851\" data-end=\"2875\">150 x NETGEAR WAX630<\/strong> \u2013 points d\u2019acc\u00e8s WiFi 6<\/p>\n<\/li>\n<li data-start=\"2902\" data-end=\"2959\">\n<p data-start=\"2904\" data-end=\"2959\"><strong data-start=\"2906\" data-end=\"2925\">NETGEAR Insight<\/strong> \u2013 portail cloud de gestion r\u00e9seau<\/p>\n<\/li>\n<\/ul>\n    <\/div>\n        <div id=\"topic7\" class=\"skip-item\">\n                        <h2>Conclusion :<\/h2>\n                <p>Le Liverpool Institute for Performing Arts dispose d\u00e9sormais d\u2019un r\u00e9seau sans fil <strong data-start=\"3067\" data-end=\"3097\">fiable, rapide et \u00e9volutif<\/strong>, pr\u00eat \u00e0 soutenir les performances acad\u00e9miques et artistiques de ses \u00e9tudiants pendant de nombreuses ann\u00e9es. Gr\u00e2ce \u00e0 NETGEAR Business et Gardner Systems, <strong data-start=\"3251\" data-end=\"3320\">la connexion est aussi fluide que les spectacles qu\u2019elle soutient<\/strong>.<\/p>\n    <\/div>\n        <div id=\"topic8\" class=\"skip-item\">\n                        <p>\n<!--SOLUTIONS NETGEAR ENTERPRISE--><\/p>\n<p>Plus d\u2019informations sur nos solutions Business<\/p>\n<div class=\"hs-cta-embed hs-cta-simple-placeholder hs-cta-embed-241151168190\" style=\"max-width:100%;max-height:100%;width:310px;height:50.395835876464844px\" data-hubspot-wrapper-cta-id=\"241151168190\"><br \/>\n  <a href=\"https:\/\/cta-na2.hubspot.com\/web-interactives\/public\/v1\/track\/redirect?encryptedPayload=AVxigLLJWF%2FR9NCdRJZQ5KVHoS9cmTllDsgnRckWwZDoTJW93FYqIGm7y2jNQ4CGjjeyEntjB1Eh%2FcIvmOqeWKIuNi7jJ95TD1xOsd56OGsqZrwJYn2P4gpbjQJxBuk%2FcElRMomZ2nLAB1rUvsSFPpXbLLR0VoURWUj2oq%2BphOJeMWjoSz5dSBIDsA%3D%3D&#038;webInteractiveContentId=241151168190&#038;portalId=242128791\" target=\"_blank\" rel=\"noopener\"><br \/>\n    <img decoding=\"async\" alt=\"SOLUTIONS NETGEAR ENTERPRISE\" loading=\"lazy\" src=\"https:\/\/hubspot-no-cache-na2-prod.s3.amazonaws.com\/cta\/default\/242128791\/interactive-241151168190.png\" style=\"height: 100%;width: 100%;object-fit: fill\" \/><br \/>\n  <\/a>\n<\/div>\n<\/p>\n<p>\n<!--NETGEAR ACADEMY--><\/p>\n<p>Apprenez tout ce qu\u2019il faut savoir sur les r\u00e9seaux IP gr\u00e2ce \u00e0 notre NETGEAR ACADEMY<\/p>\n<div class=\"hs-cta-embed hs-cta-simple-placeholder hs-cta-embed-241151161035\" style=\"max-width:100%;max-height:100%;width:260px;height:50.390625px\" data-hubspot-wrapper-cta-id=\"241151161035\"><br \/>\n  <a href=\"https:\/\/cta-na2.hubspot.com\/web-interactives\/public\/v1\/track\/redirect?encryptedPayload=AVxigLJIgvHArQm4wTffTTUUJ%2F0ljCSNGcwj4PNLST8c9BdzGxqiACj%2Bz94HHc4mFPGtXF%2B%2F5wBeuQxMwTVaNhNVvj%2FrPoIwPhJXs1HyfD4geQMBkR1VuG%2BfPTfjyzB0ZZPS3Vs1DRegOuJZbqCiCvoqA4M8moDR4zNKVjZxPVGoUNOaIBrbKeHqgAhjG0PM1L1Yi66guE70DwgXJMTC7CAzvVrffriBmA%3D%3D&#038;webInteractiveContentId=241151161035&#038;portalId=242128791\" target=\"_blank\" rel=\"noopener\"><br \/>\n    <img decoding=\"async\" alt=\"NETGEAR ACADEMY\" loading=\"lazy\" src=\"https:\/\/hubspot-no-cache-na2-prod.s3.amazonaws.com\/cta\/default\/242128791\/interactive-241151161035.png\" style=\"height: 100%;width: 100%;object-fit: fill\" \/><br \/>\n  <\/a>\n<\/div>\n<\/p>\n<p><!--CONTACTEZ L'EQUIPE PRO-IT--><\/p>\n<p>Nos ing\u00e9nieurs vous accompagnent gratuitement dans la r\u00e9alisation de vos projets<\/p>\n<div class=\"hs-cta-embed hs-cta-simple-placeholder hs-cta-embed-245601455827\" style=\"max-width:100%;max-height:100%;width:287px;height:50.390625px\" data-hubspot-wrapper-cta-id=\"245601455827\"><br \/>\n  <a href=\"https:\/\/cta-na2.hubspot.com\/web-interactives\/public\/v1\/track\/redirect?encryptedPayload=AVxigLInaPY6CKjdDpPVYzjXnEGvPfbouzJx88Hc1CLeTaYRtnOO25E9XicF7pvzMQdle10f103Z%2F0L%2BbiJE2NwgOQVCpgxtwv3X4ZjoLQkEp5IHfzWjQzeN8Zq44UJQhsPMIst0b69UmgxZlIyrErVjJxyPRNNMsT41p87bUD9JAGKJ2ih7inbvBJTAWKny5YWUD0fN29FFl16U6g1urHYkE5vRzSSaFw%3D%3D&#038;webInteractiveContentId=245601455827&#038;portalId=242128791\" target=\"_blank\" rel=\"noopener\"><br \/>\n    <img decoding=\"async\" alt=\"CONTACTEZ L'EQUIPE PRO-IT\" loading=\"lazy\" src=\"https:\/\/hubspot-no-cache-na2-prod.s3.amazonaws.com\/cta\/default\/242128791\/interactive-245601455827.png\" style=\"height: 100%;width: 100%;object-fit: fill\" \/><br \/>\n  <\/a>\n<\/div>\n<\/p>\n<p><iframe loading=\"lazy\" src=\"https:\/\/405nrr.share-na2.hsforms.com\/24AR2ZDSmQqWycFqf8q5-eg\" width=\"100%\" height=\"1200px\"><\/iframe><\/p>\n    <\/div>\n    <\/p>\n","protected":false},"excerpt":{"rendered":"<p>Un nouveau r\u00e9seau WiFi garantit que le spectacle continue<\/p>\n","protected":false},"author":97,"featured_media":10815,"parent":10491,"menu_order":0,"comment_status":"closed","ping_status":"closed","template":"templates\/blog-wifi.php","meta":{"_acf_changed":false,"content-type":"","footnotes":""},"class_list":["post-10823","page","type-page","status-publish","has-post-thumbnail","hentry"],"acf":[],"yoast_head":"<!-- This site is optimized with the Yoast SEO plugin v27.5 - https:\/\/yoast.com\/product\/yoast-seo-wordpress\/ -->\n<title>Le nouveau r\u00e9seau WiFi de LIPA entre en sc\u00e8ne avec brio - NETGEAR Blog<\/title>\n<meta name=\"robots\" content=\"index, follow, max-snippet:-1, max-image-preview:large, max-video-preview:-1\" \/>\n<link rel=\"canonical\" href=\"https:\/\/frhub.netgear.com\/fr\/hub\/business\/case-studies\/it-case-studies\/lipa-wifi-upgrade-netgear-gardner-systems\/\" \/>\n<meta property=\"og:locale\" content=\"en_US\" \/>\n<meta property=\"og:type\" content=\"article\" \/>\n<meta property=\"og:title\" content=\"Le nouveau r\u00e9seau WiFi de LIPA entre en sc\u00e8ne avec brio - NETGEAR Blog\" \/>\n<meta property=\"og:description\" content=\"Un nouveau r\u00e9seau WiFi garantit que le spectacle continue\" \/>\n<meta property=\"og:url\" content=\"https:\/\/frhub.netgear.com\/fr\/hub\/business\/case-studies\/it-case-studies\/lipa-wifi-upgrade-netgear-gardner-systems\/\" \/>\n<meta property=\"og:site_name\" content=\"NETGEAR Blog\" \/>\n<meta property=\"article:publisher\" content=\"https:\/\/www.facebook.com\/NetgearAU\/\" \/>\n<meta property=\"article:modified_time\" content=\"2025-11-25T19:13:18+00:00\" \/>\n<meta property=\"og:image\" content=\"https:\/\/frhub.netgear.com\/fr\/hub\/wp-content\/uploads\/2025\/09\/Vignette-lipa-wifi-upgrade-netgear-gardner-systems.jpg\" \/>\n\t<meta property=\"og:image:width\" content=\"383\" \/>\n\t<meta property=\"og:image:height\" content=\"288\" \/>\n\t<meta property=\"og:image:type\" content=\"image\/jpeg\" \/>\n<meta name=\"twitter:card\" content=\"summary_large_image\" \/>\n<meta name=\"twitter:site\" content=\"@NETGEAR\" \/>\n<script type=\"application\/ld+json\" class=\"yoast-schema-graph\">{\"@context\":\"https:\\\/\\\/schema.org\",\"@graph\":[{\"@type\":\"WebPage\",\"@id\":\"https:\\\/\\\/frhub.netgear.com\\\/fr\\\/hub\\\/business\\\/case-studies\\\/it-case-studies\\\/lipa-wifi-upgrade-netgear-gardner-systems\\\/\",\"url\":\"https:\\\/\\\/frhub.netgear.com\\\/fr\\\/hub\\\/business\\\/case-studies\\\/it-case-studies\\\/lipa-wifi-upgrade-netgear-gardner-systems\\\/\",\"name\":\"Le nouveau r\u00e9seau WiFi de LIPA entre en sc\u00e8ne avec brio - NETGEAR Blog\",\"isPartOf\":{\"@id\":\"https:\\\/\\\/frhub.netgear.com\\\/fr\\\/hub\\\/#website\"},\"primaryImageOfPage\":{\"@id\":\"https:\\\/\\\/frhub.netgear.com\\\/fr\\\/hub\\\/business\\\/case-studies\\\/it-case-studies\\\/lipa-wifi-upgrade-netgear-gardner-systems\\\/#primaryimage\"},\"image\":{\"@id\":\"https:\\\/\\\/frhub.netgear.com\\\/fr\\\/hub\\\/business\\\/case-studies\\\/it-case-studies\\\/lipa-wifi-upgrade-netgear-gardner-systems\\\/#primaryimage\"},\"thumbnailUrl\":\"https:\\\/\\\/frhub.netgear.com\\\/fr\\\/hub\\\/wp-content\\\/uploads\\\/2025\\\/09\\\/Vignette-lipa-wifi-upgrade-netgear-gardner-systems.jpg\",\"datePublished\":\"2025-09-08T09:06:02+00:00\",\"dateModified\":\"2025-11-25T19:13:18+00:00\",\"breadcrumb\":{\"@id\":\"https:\\\/\\\/frhub.netgear.com\\\/fr\\\/hub\\\/business\\\/case-studies\\\/it-case-studies\\\/lipa-wifi-upgrade-netgear-gardner-systems\\\/#breadcrumb\"},\"inLanguage\":\"en-US\",\"potentialAction\":[{\"@type\":\"ReadAction\",\"target\":[\"https:\\\/\\\/frhub.netgear.com\\\/fr\\\/hub\\\/business\\\/case-studies\\\/it-case-studies\\\/lipa-wifi-upgrade-netgear-gardner-systems\\\/\"]}]},{\"@type\":\"ImageObject\",\"inLanguage\":\"en-US\",\"@id\":\"https:\\\/\\\/frhub.netgear.com\\\/fr\\\/hub\\\/business\\\/case-studies\\\/it-case-studies\\\/lipa-wifi-upgrade-netgear-gardner-systems\\\/#primaryimage\",\"url\":\"https:\\\/\\\/frhub.netgear.com\\\/fr\\\/hub\\\/wp-content\\\/uploads\\\/2025\\\/09\\\/Vignette-lipa-wifi-upgrade-netgear-gardner-systems.jpg\",\"contentUrl\":\"https:\\\/\\\/frhub.netgear.com\\\/fr\\\/hub\\\/wp-content\\\/uploads\\\/2025\\\/09\\\/Vignette-lipa-wifi-upgrade-netgear-gardner-systems.jpg\",\"width\":383,\"height\":288},{\"@type\":\"BreadcrumbList\",\"@id\":\"https:\\\/\\\/frhub.netgear.com\\\/fr\\\/hub\\\/business\\\/case-studies\\\/it-case-studies\\\/lipa-wifi-upgrade-netgear-gardner-systems\\\/#breadcrumb\",\"itemListElement\":[{\"@type\":\"ListItem\",\"position\":1,\"name\":\"Home\",\"item\":\"https:\\\/\\\/frhub.netgear.com\\\/fr\\\/hub\\\/\"},{\"@type\":\"ListItem\",\"position\":2,\"name\":\"Entreprises\",\"item\":\"https:\\\/\\\/frhub.netgear.com\\\/fr\\\/hub\\\/business\\\/\"},{\"@type\":\"ListItem\",\"position\":3,\"name\":\"All Case Studies &#8211; FR\",\"item\":\"https:\\\/\\\/frhub.netgear.com\\\/fr\\\/hub\\\/business\\\/case-studies\\\/\"},{\"@type\":\"ListItem\",\"position\":4,\"name\":\"Case Studies &#8211; IT &#8211; FR\",\"item\":\"https:\\\/\\\/frhub.netgear.com\\\/fr\\\/hub\\\/business\\\/case-studies\\\/it-case-studies\\\/\"},{\"@type\":\"ListItem\",\"position\":5,\"name\":\"Le nouveau r\u00e9seau WiFi de LIPA entre en sc\u00e8ne avec brio\"}]},{\"@type\":\"WebSite\",\"@id\":\"https:\\\/\\\/frhub.netgear.com\\\/fr\\\/hub\\\/#website\",\"url\":\"https:\\\/\\\/frhub.netgear.com\\\/fr\\\/hub\\\/\",\"name\":\"NETGEAR Hub France\",\"description\":\"Explorez les pages de notre blog et parcourez les articles pour en savoir plus sur les produits et la technologie NETGEAR.\",\"publisher\":{\"@id\":\"https:\\\/\\\/frhub.netgear.com\\\/fr\\\/hub\\\/#organization\"},\"potentialAction\":[{\"@type\":\"SearchAction\",\"target\":{\"@type\":\"EntryPoint\",\"urlTemplate\":\"https:\\\/\\\/frhub.netgear.com\\\/fr\\\/hub\\\/?s={search_term_string}\"},\"query-input\":{\"@type\":\"PropertyValueSpecification\",\"valueRequired\":true,\"valueName\":\"search_term_string\"}}],\"inLanguage\":\"en-US\"},{\"@type\":\"Organization\",\"@id\":\"https:\\\/\\\/frhub.netgear.com\\\/fr\\\/hub\\\/#organization\",\"name\":\"NETGEAR\",\"url\":\"https:\\\/\\\/frhub.netgear.com\\\/fr\\\/hub\\\/\",\"logo\":{\"@type\":\"ImageObject\",\"inLanguage\":\"en-US\",\"@id\":\"https:\\\/\\\/frhub.netgear.com\\\/fr\\\/hub\\\/#\\\/schema\\\/logo\\\/image\\\/\",\"url\":\"https:\\\/\\\/www.netgear.com\\\/fr\\\/hub\\\/wp-content\\\/uploads\\\/2019\\\/07\\\/NETGEAR_logo.jpg\",\"contentUrl\":\"https:\\\/\\\/www.netgear.com\\\/fr\\\/hub\\\/wp-content\\\/uploads\\\/2019\\\/07\\\/NETGEAR_logo.jpg\",\"width\":1500,\"height\":501,\"caption\":\"NETGEAR\"},\"image\":{\"@id\":\"https:\\\/\\\/frhub.netgear.com\\\/fr\\\/hub\\\/#\\\/schema\\\/logo\\\/image\\\/\"},\"sameAs\":[\"https:\\\/\\\/www.facebook.com\\\/NetgearAU\\\/\",\"https:\\\/\\\/x.com\\\/NETGEAR\",\"https:\\\/\\\/www.linkedin.com\\\/company\\\/netgear\"]}]}<\/script>\n<!-- \/ Yoast SEO plugin. -->","yoast_head_json":{"title":"Le nouveau r\u00e9seau WiFi de LIPA entre en sc\u00e8ne avec brio - NETGEAR Blog","robots":{"index":"index","follow":"follow","max-snippet":"max-snippet:-1","max-image-preview":"max-image-preview:large","max-video-preview":"max-video-preview:-1"},"canonical":"https:\/\/frhub.netgear.com\/fr\/hub\/business\/case-studies\/it-case-studies\/lipa-wifi-upgrade-netgear-gardner-systems\/","og_locale":"en_US","og_type":"article","og_title":"Le nouveau r\u00e9seau WiFi de LIPA entre en sc\u00e8ne avec brio - NETGEAR Blog","og_description":"Un nouveau r\u00e9seau WiFi garantit que le spectacle continue","og_url":"https:\/\/frhub.netgear.com\/fr\/hub\/business\/case-studies\/it-case-studies\/lipa-wifi-upgrade-netgear-gardner-systems\/","og_site_name":"NETGEAR Blog","article_publisher":"https:\/\/www.facebook.com\/NetgearAU\/","article_modified_time":"2025-11-25T19:13:18+00:00","og_image":[{"width":383,"height":288,"url":"https:\/\/frhub.netgear.com\/fr\/hub\/wp-content\/uploads\/2025\/09\/Vignette-lipa-wifi-upgrade-netgear-gardner-systems.jpg","type":"image\/jpeg"}],"twitter_card":"summary_large_image","twitter_site":"@NETGEAR","schema":{"@context":"https:\/\/schema.org","@graph":[{"@type":"WebPage","@id":"https:\/\/frhub.netgear.com\/fr\/hub\/business\/case-studies\/it-case-studies\/lipa-wifi-upgrade-netgear-gardner-systems\/","url":"https:\/\/frhub.netgear.com\/fr\/hub\/business\/case-studies\/it-case-studies\/lipa-wifi-upgrade-netgear-gardner-systems\/","name":"Le nouveau r\u00e9seau WiFi de LIPA entre en sc\u00e8ne avec brio - NETGEAR Blog","isPartOf":{"@id":"https:\/\/frhub.netgear.com\/fr\/hub\/#website"},"primaryImageOfPage":{"@id":"https:\/\/frhub.netgear.com\/fr\/hub\/business\/case-studies\/it-case-studies\/lipa-wifi-upgrade-netgear-gardner-systems\/#primaryimage"},"image":{"@id":"https:\/\/frhub.netgear.com\/fr\/hub\/business\/case-studies\/it-case-studies\/lipa-wifi-upgrade-netgear-gardner-systems\/#primaryimage"},"thumbnailUrl":"https:\/\/frhub.netgear.com\/fr\/hub\/wp-content\/uploads\/2025\/09\/Vignette-lipa-wifi-upgrade-netgear-gardner-systems.jpg","datePublished":"2025-09-08T09:06:02+00:00","dateModified":"2025-11-25T19:13:18+00:00","breadcrumb":{"@id":"https:\/\/frhub.netgear.com\/fr\/hub\/business\/case-studies\/it-case-studies\/lipa-wifi-upgrade-netgear-gardner-systems\/#breadcrumb"},"inLanguage":"en-US","potentialAction":[{"@type":"ReadAction","target":["https:\/\/frhub.netgear.com\/fr\/hub\/business\/case-studies\/it-case-studies\/lipa-wifi-upgrade-netgear-gardner-systems\/"]}]},{"@type":"ImageObject","inLanguage":"en-US","@id":"https:\/\/frhub.netgear.com\/fr\/hub\/business\/case-studies\/it-case-studies\/lipa-wifi-upgrade-netgear-gardner-systems\/#primaryimage","url":"https:\/\/frhub.netgear.com\/fr\/hub\/wp-content\/uploads\/2025\/09\/Vignette-lipa-wifi-upgrade-netgear-gardner-systems.jpg","contentUrl":"https:\/\/frhub.netgear.com\/fr\/hub\/wp-content\/uploads\/2025\/09\/Vignette-lipa-wifi-upgrade-netgear-gardner-systems.jpg","width":383,"height":288},{"@type":"BreadcrumbList","@id":"https:\/\/frhub.netgear.com\/fr\/hub\/business\/case-studies\/it-case-studies\/lipa-wifi-upgrade-netgear-gardner-systems\/#breadcrumb","itemListElement":[{"@type":"ListItem","position":1,"name":"Home","item":"https:\/\/frhub.netgear.com\/fr\/hub\/"},{"@type":"ListItem","position":2,"name":"Entreprises","item":"https:\/\/frhub.netgear.com\/fr\/hub\/business\/"},{"@type":"ListItem","position":3,"name":"All Case Studies &#8211; FR","item":"https:\/\/frhub.netgear.com\/fr\/hub\/business\/case-studies\/"},{"@type":"ListItem","position":4,"name":"Case Studies &#8211; IT &#8211; FR","item":"https:\/\/frhub.netgear.com\/fr\/hub\/business\/case-studies\/it-case-studies\/"},{"@type":"ListItem","position":5,"name":"Le nouveau r\u00e9seau WiFi de LIPA entre en sc\u00e8ne avec brio"}]},{"@type":"WebSite","@id":"https:\/\/frhub.netgear.com\/fr\/hub\/#website","url":"https:\/\/frhub.netgear.com\/fr\/hub\/","name":"NETGEAR Hub France","description":"Explorez les pages de notre blog et parcourez les articles pour en savoir plus sur les produits et la technologie NETGEAR.","publisher":{"@id":"https:\/\/frhub.netgear.com\/fr\/hub\/#organization"},"potentialAction":[{"@type":"SearchAction","target":{"@type":"EntryPoint","urlTemplate":"https:\/\/frhub.netgear.com\/fr\/hub\/?s={search_term_string}"},"query-input":{"@type":"PropertyValueSpecification","valueRequired":true,"valueName":"search_term_string"}}],"inLanguage":"en-US"},{"@type":"Organization","@id":"https:\/\/frhub.netgear.com\/fr\/hub\/#organization","name":"NETGEAR","url":"https:\/\/frhub.netgear.com\/fr\/hub\/","logo":{"@type":"ImageObject","inLanguage":"en-US","@id":"https:\/\/frhub.netgear.com\/fr\/hub\/#\/schema\/logo\/image\/","url":"https:\/\/www.netgear.com\/fr\/hub\/wp-content\/uploads\/2019\/07\/NETGEAR_logo.jpg","contentUrl":"https:\/\/www.netgear.com\/fr\/hub\/wp-content\/uploads\/2019\/07\/NETGEAR_logo.jpg","width":1500,"height":501,"caption":"NETGEAR"},"image":{"@id":"https:\/\/frhub.netgear.com\/fr\/hub\/#\/schema\/logo\/image\/"},"sameAs":["https:\/\/www.facebook.com\/NetgearAU\/","https:\/\/x.com\/NETGEAR","https:\/\/www.linkedin.com\/company\/netgear"]}]}},"_links":{"self":[{"href":"https:\/\/frhub.netgear.com\/fr\/hub\/wp-json\/wp\/v2\/pages\/10823","targetHints":{"allow":["GET"]}}],"collection":[{"href":"https:\/\/frhub.netgear.com\/fr\/hub\/wp-json\/wp\/v2\/pages"}],"about":[{"href":"https:\/\/frhub.netgear.com\/fr\/hub\/wp-json\/wp\/v2\/types\/page"}],"author":[{"embeddable":true,"href":"https:\/\/frhub.netgear.com\/fr\/hub\/wp-json\/wp\/v2\/users\/97"}],"replies":[{"embeddable":true,"href":"https:\/\/frhub.netgear.com\/fr\/hub\/wp-json\/wp\/v2\/comments?post=10823"}],"version-history":[{"count":5,"href":"https:\/\/frhub.netgear.com\/fr\/hub\/wp-json\/wp\/v2\/pages\/10823\/revisions"}],"predecessor-version":[{"id":11063,"href":"https:\/\/frhub.netgear.com\/fr\/hub\/wp-json\/wp\/v2\/pages\/10823\/revisions\/11063"}],"up":[{"embeddable":true,"href":"https:\/\/frhub.netgear.com\/fr\/hub\/wp-json\/wp\/v2\/pages\/10491"}],"wp:featuredmedia":[{"embeddable":true,"href":"https:\/\/frhub.netgear.com\/fr\/hub\/wp-json\/wp\/v2\/media\/10815"}],"wp:attachment":[{"href":"https:\/\/frhub.netgear.com\/fr\/hub\/wp-json\/wp\/v2\/media?parent=10823"}],"curies":[{"name":"wp","href":"https:\/\/api.w.org\/{rel}","templated":true}]}}