{"id":10781,"date":"2025-07-30T16:47:50","date_gmt":"2025-09-05T14:47:11","guid":{"rendered":"https:\/\/frhub.netgear.com\/fr\/hub\/business\/case-studies\/av-case-studies\/advanced-av-over-ip-powers-government-meeting-room-upgrade-2\/"},"modified":"2025-12-11T10:37:09","modified_gmt":"2025-12-11T09:37:09","slug":"projection-mapping-houston-netgear","status":"publish","type":"page","link":"https:\/\/frhub.netgear.com\/fr\/hub\/business\/case-studies\/av-case-studies\/projection-mapping-houston-netgear\/","title":{"rendered":"NETGEAR alimente des installations avanc\u00e9es de projection mapping au Mus\u00e9e des Sciences Naturelles de Houston"},"content":{"rendered":"<p>Un r\u00e9seau qui contr\u00f4le 32 projecteurs laser cartographiant du contenu sur 15 000 objets individuels, fonctionnant plus de 65 heures par semaine, accueillant plus de 1,5 million de visiteurs chaque ann\u00e9e. Et il ne doit absolument pas tomber en panne.<\/p>\n<p>Voil\u00e0 le d\u00e9fi auquel l\u2019exposition Energy City du Mus\u00e9e des Sciences Naturelles de Houston \u00e9tait confront\u00e9e. Apr\u00e8s huit ans de fonctionnement continu, l\u2019infrastructure r\u00e9seau critique d\u2019Energy City n\u00e9cessitait une refonte compl\u00e8te sans compromettre la fiabilit\u00e9.\u00a0     <div class=\"table-of-content bg-gray\">\n        <p><strong>IN THIS ARTICLE<\/strong><\/p>\n        <ul>\n                        <li><a href=\"#topic1\">Une approche r\u00e9volutionnaire<\/a><\/li>\n                        <li><a href=\"#topic2\">Pourquoi cela change tout<\/a><\/li>\n                        <li><a href=\"#topic3\">Plus d'informations<\/a><\/li>\n                    <\/ul>\n    <\/div>\n        <div id=\"topic1\" class=\"skip-item\">\n                        <h2>Une approche r\u00e9volutionnaire<\/h2>\n                <p data-start=\"655\" data-end=\"1022\"><em>\u00ab Ce syst\u00e8me doit fonctionner plus de 65 heures par semaine pendant au moins 10 ans, avec un minimum d\u2019entretien \u00bb, explique Cory Froke, Chief Ninjaneer et sp\u00e9cialiste en int\u00e9gration syst\u00e8me chez Supertech Industries. \u00ab Quand des centaines de milliers de visiteurs d\u00e9pendent du bon fonctionnement de l\u2019exp\u00e9rience, vous ne pouvez pas vous permettre de pannes r\u00e9seau. \u00bb<\/em><\/p>\n<p data-start=\"1024\" data-end=\"1123\">La solution ? Les switches AV NETGEAR, pr\u00e9configur\u00e9s avec la plateforme r\u00e9volutionnaire Engage 2.0.<\/p>\n<p data-start=\"1125\" data-end=\"1388\"><em>\u00ab J\u2019ai construit tout le r\u00e9seau depuis mon salon. R\u00f4les des ports, VLAN, WiFi, m\u00eame les r\u00e8gles de s\u00e9curit\u00e9 \u00bb, r\u00e9v\u00e8le Froke. \u00ab Une fois sur site, nous avons simplement install\u00e9 le mat\u00e9riel dans le rack, l\u2019avons mis sous tension, et \u00e7a a tout de suite fonctionn\u00e9. \u00bb<\/em><\/p>\n    <\/div>\n        <div id=\"topic2\" class=\"skip-item\">\n                        <h2>Pourquoi cela change tout<\/h2>\n                <p data-start=\"1417\" data-end=\"1526\">Ce d\u00e9ploiement a \u00e9limin\u00e9 les points de douleur traditionnels qui compliquent les installations AV complexes :<\/p>\n<ul data-start=\"1528\" data-end=\"1721\">\n<li data-start=\"1528\" data-end=\"1592\">\n<p data-start=\"1530\" data-end=\"1592\">Pr\u00e9configuration \u00e0 distance qui \u00e9vite les surprises sur site<\/p>\n<\/li>\n<li data-start=\"1593\" data-end=\"1643\">\n<p data-start=\"1595\" data-end=\"1643\">Gestion unifi\u00e9e sans complications de stacking<\/p>\n<\/li>\n<li data-start=\"1644\" data-end=\"1721\">\n<p data-start=\"1646\" data-end=\"1721\">Surveillance proactive qui pr\u00e9vient les probl\u00e8mes affectant les visiteurs<\/p>\n<\/li>\n<\/ul>\n<p data-start=\"1723\" data-end=\"1888\">\u00ab C\u2019est quelque chose que personne ne dit jamais \u00e0 propos de la mise en place d\u2019un r\u00e9seau, mais cette fois, c\u2019\u00e9tait r\u00e9ellement une exp\u00e9rience agr\u00e9able \u00bb, note Froke.<\/p>\n<p data-start=\"1890\" data-end=\"1996\" data-is-last-node=\"\" data-is-only-node=\"\"><a href=\"https:\/\/get.netgear.com\/hubfs\/General%20NTGR%20Enterprise%20Files\/CS_EnergyCity_22Jul25.pdf\">T\u00e9l\u00e9chargez l\u2019\u00e9tude de cas du Mus\u00e9e des Sciences Naturelles de Houston<\/a> pour d\u00e9couvrir l\u2019histoire compl\u00e8te.<\/p>\n    <\/div>\n        <div id=\"topic3\" class=\"skip-item\">\n                        <h2>Plus d'informations<\/h2>\n                <p><!--SOLUTIONS NETGEAR AV --><\/p>\n<p>Plus d\u2019informations sur nos solutions audiovisuelles<\/p>\n<div class=\"hs-cta-embed hs-cta-simple-placeholder hs-cta-embed-241151160046\" style=\"max-width: 100%;max-height: 100%;width: 260px;height: 50.390625px\" data-hubspot-wrapper-cta-id=\"241151160046\"><a href=\"https:\/\/cta-na2.hubspot.com\/web-interactives\/public\/v1\/track\/redirect?encryptedPayload=AVxigLJf4HGLXU18h5HBrlQTZuKX4p21iriDX%2FD9Weo1E0jc26wgSp32sJpGF%2FrOb977gqk9Skq%2FVgamhq%2FXvCN0mPQ1dmrdARtcNUH8fV5cFOvngo8qJ8EuMyEq%2Fqu2y51zC2FZUVyu97opP5ixVGCiE%2Bg6BOgTVVDljEMF5hhhXUNpnikrl2UTN%2Bb3TA%3D%3D&amp;webInteractiveContentId=241151160046&amp;portalId=242128791\" target=\"_blank\" rel=\"noopener\"><br \/>\n<img decoding=\"async\" style=\"height: 100%;width: 100%;object-fit: fill\" src=\"https:\/\/hubspot-no-cache-na2-prod.s3.amazonaws.com\/cta\/default\/242128791\/interactive-241151160046.png\" alt=\"SOLUTIONS NETGEAR AV\" \/><br \/>\n<\/a><\/div>\n<p><!-- NETGEAR ACADEMY AV --><\/p>\n<p>Apprenez tout sur les r\u00e9seaux IP gr\u00e2ce \u00e0 la NETGEAR ACADEMY<\/p>\n<div class=\"hs-cta-embed hs-cta-simple-placeholder hs-cta-embed-241151160033\" style=\"max-width: 100%;max-height: 100%;width: 260px;height: 50.390625px\" data-hubspot-wrapper-cta-id=\"241151160033\"><a href=\"https:\/\/cta-na2.hubspot.com\/web-interactives\/public\/v1\/track\/redirect?encryptedPayload=AVxigLJ6zgXxrLVJLagOt9pyIXf5%2FGgh9lUupWJj49Nfcbq71eIrrvJQt9JGeaQwNkTAPTWhI2%2BXk56NQscWP4xOQ7iZrhk6rkBjyO4dBlJGP1gG3BpcrdlgLyF%2F850K2l3xn5kDj5H%2Fur8VO2zJH58QH7by4HFWliY25223Shr3sQx25aCmNBjCDkNwA2WRum67F9fGyQyzoYOn86wAq%2Brw3xzsBDMbyw%3D%3D&amp;webInteractiveContentId=241151160033&amp;portalId=242128791\" target=\"_blank\" rel=\"noopener\"><br \/>\n<img decoding=\"async\" style=\"height: 100%;width: 100%;object-fit: fill\" src=\"https:\/\/hubspot-no-cache-na2-prod.s3.amazonaws.com\/cta\/default\/242128791\/interactive-241151160033.png\" alt=\"NETGEAR ACADEMY\" \/><br \/>\n<\/a><\/div>\n<p><!--CONTACTEZ L'EQUIPE PROAV --><\/p>\n<p>Nos ing\u00e9nieurs vous accompagneront gratuitement dans la r\u00e9alisation de vos projets audiovisuels<\/p>\n<div class=\"hs-cta-embed hs-cta-simple-placeholder hs-cta-embed-241151160055\" style=\"max-width: 100%;max-height: 100%;width: 270px;height: 50.390625px\" data-hubspot-wrapper-cta-id=\"241151160055\"><a href=\"https:\/\/cta-na2.hubspot.com\/web-interactives\/public\/v1\/track\/redirect?encryptedPayload=AVxigLLUG9XShtF2ziGdRlpsMD%2BMJ39t1kFOE7VlHl2HmmlWzlJWH0rsV7f3eoQL53gclcWb0lliiDgK3EAMVvEOcIE7gW9aYOwk1uipv43pSUkBlDtiKJ%2BcB7fopWupnJbggqZWRkNERZkdh1dDGXHHDJX3V0sOA8mbXD%2Fd6QC2XK2OyVtrDNFDHbBoT6b15PyvF4Ca3b6JBNTYdAzYeH790XenlNKBP4OKZqw50t7IGx9DuADFMFlNdg6FWQ%3D%3D&amp;webInteractiveContentId=241151160055&amp;portalId=242128791\" target=\"_blank\" rel=\"noopener\"><br \/>\n<img decoding=\"async\" style=\"height: 100%;width: 100%;object-fit: fill\" src=\"https:\/\/hubspot-no-cache-na2-prod.s3.amazonaws.com\/cta\/default\/242128791\/interactive-241151160055.png\" alt=\"CONTACTEZ L'EQUIPE PROAV\" \/><br \/>\n<\/a><\/div>\n    <\/div>\n        <div id=\"topic4\" class=\"skip-item\">\n                        <p><iframe loading=\"lazy\" src=\"https:\/\/405nrr.share-na2.hsforms.com\/24AR2ZDSmQqWycFqf8q5-eg\" width=\"100%\" height=\"1200px\"><\/iframe><\/p>\n    <\/div>\n    <\/p>\n","protected":false},"excerpt":{"rendered":"<p>Un r\u00e9seau qui contr\u00f4le 32 projecteurs laser cartographiant du contenu sur 15 000 objets individuels, fonctionnant plus de 65 heures par semaine, accueillant plus de 1,5 million de visiteurs chaque ann\u00e9e. Et il ne doit absolument pas tomber en panne. Voil\u00e0 le d\u00e9fi auquel l\u2019exposition Energy City du Mus\u00e9e des Sciences Naturelles de Houston \u00e9tait [&hellip;]<\/p>\n","protected":false},"author":97,"featured_media":10784,"parent":10498,"menu_order":0,"comment_status":"closed","ping_status":"closed","template":"templates\/blog-wifi.php","meta":{"_acf_changed":false,"content-type":"","footnotes":""},"class_list":["post-10781","page","type-page","status-publish","has-post-thumbnail","hentry"],"acf":[],"yoast_head":"<!-- This site is optimized with the Yoast SEO plugin v27.4 - https:\/\/yoast.com\/product\/yoast-seo-wordpress\/ -->\n<title>NETGEAR alimente des installations avanc\u00e9es de projection mapping au Mus\u00e9e des Sciences Naturelles de Houston - NETGEAR Blog<\/title>\n<meta name=\"description\" content=\"L&#039;Or\u00e9al | La beaut\u00e9 rencontre la technologie\" \/>\n<meta name=\"robots\" content=\"index, follow, max-snippet:-1, max-image-preview:large, max-video-preview:-1\" \/>\n<link rel=\"canonical\" href=\"https:\/\/frhub.netgear.com\/fr\/hub\/business\/case-studies\/av-case-studies\/projection-mapping-houston-netgear\/\" \/>\n<meta property=\"og:locale\" content=\"en_US\" \/>\n<meta property=\"og:type\" content=\"article\" \/>\n<meta property=\"og:title\" content=\"NETGEAR alimente des installations avanc\u00e9es de projection mapping au Mus\u00e9e des Sciences Naturelles de Houston - NETGEAR Blog\" \/>\n<meta property=\"og:description\" content=\"L&#039;Or\u00e9al | La beaut\u00e9 rencontre la technologie\" \/>\n<meta property=\"og:url\" content=\"https:\/\/frhub.netgear.com\/fr\/hub\/business\/case-studies\/av-case-studies\/projection-mapping-houston-netgear\/\" \/>\n<meta property=\"og:site_name\" content=\"NETGEAR Blog\" \/>\n<meta property=\"article:publisher\" content=\"https:\/\/www.facebook.com\/NetgearAU\/\" \/>\n<meta property=\"article:modified_time\" content=\"2025-12-11T09:37:09+00:00\" \/>\n<meta property=\"og:image\" content=\"https:\/\/frhub.netgear.com\/fr\/hub\/wp-content\/uploads\/2025\/09\/Vignette-Museum.webp\" \/>\n\t<meta property=\"og:image:width\" content=\"383\" \/>\n\t<meta property=\"og:image:height\" content=\"288\" \/>\n\t<meta property=\"og:image:type\" content=\"image\/webp\" \/>\n<meta name=\"twitter:card\" content=\"summary_large_image\" \/>\n<meta name=\"twitter:site\" content=\"@NETGEAR\" \/>\n<script type=\"application\/ld+json\" class=\"yoast-schema-graph\">{\"@context\":\"https:\\\/\\\/schema.org\",\"@graph\":[{\"@type\":\"WebPage\",\"@id\":\"https:\\\/\\\/frhub.netgear.com\\\/fr\\\/hub\\\/business\\\/case-studies\\\/av-case-studies\\\/projection-mapping-houston-netgear\\\/\",\"url\":\"https:\\\/\\\/frhub.netgear.com\\\/fr\\\/hub\\\/business\\\/case-studies\\\/av-case-studies\\\/projection-mapping-houston-netgear\\\/\",\"name\":\"NETGEAR alimente des installations avanc\u00e9es de projection mapping au Mus\u00e9e des Sciences Naturelles de Houston - NETGEAR Blog\",\"isPartOf\":{\"@id\":\"https:\\\/\\\/frhub.netgear.com\\\/fr\\\/hub\\\/#website\"},\"primaryImageOfPage\":{\"@id\":\"https:\\\/\\\/frhub.netgear.com\\\/fr\\\/hub\\\/business\\\/case-studies\\\/av-case-studies\\\/projection-mapping-houston-netgear\\\/#primaryimage\"},\"image\":{\"@id\":\"https:\\\/\\\/frhub.netgear.com\\\/fr\\\/hub\\\/business\\\/case-studies\\\/av-case-studies\\\/projection-mapping-houston-netgear\\\/#primaryimage\"},\"thumbnailUrl\":\"https:\\\/\\\/frhub.netgear.com\\\/fr\\\/hub\\\/wp-content\\\/uploads\\\/2025\\\/09\\\/Vignette-Museum.webp\",\"datePublished\":\"2025-09-05T14:47:11+00:00\",\"dateModified\":\"2025-12-11T09:37:09+00:00\",\"description\":\"L'Or\u00e9al | La beaut\u00e9 rencontre la technologie\",\"breadcrumb\":{\"@id\":\"https:\\\/\\\/frhub.netgear.com\\\/fr\\\/hub\\\/business\\\/case-studies\\\/av-case-studies\\\/projection-mapping-houston-netgear\\\/#breadcrumb\"},\"inLanguage\":\"en-US\",\"potentialAction\":[{\"@type\":\"ReadAction\",\"target\":[\"https:\\\/\\\/frhub.netgear.com\\\/fr\\\/hub\\\/business\\\/case-studies\\\/av-case-studies\\\/projection-mapping-houston-netgear\\\/\"]}]},{\"@type\":\"ImageObject\",\"inLanguage\":\"en-US\",\"@id\":\"https:\\\/\\\/frhub.netgear.com\\\/fr\\\/hub\\\/business\\\/case-studies\\\/av-case-studies\\\/projection-mapping-houston-netgear\\\/#primaryimage\",\"url\":\"https:\\\/\\\/frhub.netgear.com\\\/fr\\\/hub\\\/wp-content\\\/uploads\\\/2025\\\/09\\\/Vignette-Museum.webp\",\"contentUrl\":\"https:\\\/\\\/frhub.netgear.com\\\/fr\\\/hub\\\/wp-content\\\/uploads\\\/2025\\\/09\\\/Vignette-Museum.webp\",\"width\":383,\"height\":288},{\"@type\":\"BreadcrumbList\",\"@id\":\"https:\\\/\\\/frhub.netgear.com\\\/fr\\\/hub\\\/business\\\/case-studies\\\/av-case-studies\\\/projection-mapping-houston-netgear\\\/#breadcrumb\",\"itemListElement\":[{\"@type\":\"ListItem\",\"position\":1,\"name\":\"Home\",\"item\":\"https:\\\/\\\/frhub.netgear.com\\\/fr\\\/hub\\\/\"},{\"@type\":\"ListItem\",\"position\":2,\"name\":\"Entreprises\",\"item\":\"https:\\\/\\\/frhub.netgear.com\\\/fr\\\/hub\\\/business\\\/\"},{\"@type\":\"ListItem\",\"position\":3,\"name\":\"All Case Studies &#8211; FR\",\"item\":\"https:\\\/\\\/frhub.netgear.com\\\/fr\\\/hub\\\/business\\\/case-studies\\\/\"},{\"@type\":\"ListItem\",\"position\":4,\"name\":\"Case Studies &#8211; AV &#8211; FR\",\"item\":\"https:\\\/\\\/frhub.netgear.com\\\/fr\\\/hub\\\/business\\\/case-studies\\\/av-case-studies\\\/\"},{\"@type\":\"ListItem\",\"position\":5,\"name\":\"NETGEAR alimente des installations avanc\u00e9es de projection mapping au Mus\u00e9e des Sciences Naturelles de Houston\"}]},{\"@type\":\"WebSite\",\"@id\":\"https:\\\/\\\/frhub.netgear.com\\\/fr\\\/hub\\\/#website\",\"url\":\"https:\\\/\\\/frhub.netgear.com\\\/fr\\\/hub\\\/\",\"name\":\"NETGEAR Hub France\",\"description\":\"Explorez les pages de notre blog et parcourez les articles pour en savoir plus sur les produits et la technologie NETGEAR.\",\"publisher\":{\"@id\":\"https:\\\/\\\/frhub.netgear.com\\\/fr\\\/hub\\\/#organization\"},\"potentialAction\":[{\"@type\":\"SearchAction\",\"target\":{\"@type\":\"EntryPoint\",\"urlTemplate\":\"https:\\\/\\\/frhub.netgear.com\\\/fr\\\/hub\\\/?s={search_term_string}\"},\"query-input\":{\"@type\":\"PropertyValueSpecification\",\"valueRequired\":true,\"valueName\":\"search_term_string\"}}],\"inLanguage\":\"en-US\"},{\"@type\":\"Organization\",\"@id\":\"https:\\\/\\\/frhub.netgear.com\\\/fr\\\/hub\\\/#organization\",\"name\":\"NETGEAR\",\"url\":\"https:\\\/\\\/frhub.netgear.com\\\/fr\\\/hub\\\/\",\"logo\":{\"@type\":\"ImageObject\",\"inLanguage\":\"en-US\",\"@id\":\"https:\\\/\\\/frhub.netgear.com\\\/fr\\\/hub\\\/#\\\/schema\\\/logo\\\/image\\\/\",\"url\":\"https:\\\/\\\/www.netgear.com\\\/fr\\\/hub\\\/wp-content\\\/uploads\\\/2019\\\/07\\\/NETGEAR_logo.jpg\",\"contentUrl\":\"https:\\\/\\\/www.netgear.com\\\/fr\\\/hub\\\/wp-content\\\/uploads\\\/2019\\\/07\\\/NETGEAR_logo.jpg\",\"width\":1500,\"height\":501,\"caption\":\"NETGEAR\"},\"image\":{\"@id\":\"https:\\\/\\\/frhub.netgear.com\\\/fr\\\/hub\\\/#\\\/schema\\\/logo\\\/image\\\/\"},\"sameAs\":[\"https:\\\/\\\/www.facebook.com\\\/NetgearAU\\\/\",\"https:\\\/\\\/x.com\\\/NETGEAR\",\"https:\\\/\\\/www.linkedin.com\\\/company\\\/netgear\"]}]}<\/script>\n<!-- \/ Yoast SEO plugin. -->","yoast_head_json":{"title":"NETGEAR alimente des installations avanc\u00e9es de projection mapping au Mus\u00e9e des Sciences Naturelles de Houston - NETGEAR Blog","description":"L'Or\u00e9al | La beaut\u00e9 rencontre la technologie","robots":{"index":"index","follow":"follow","max-snippet":"max-snippet:-1","max-image-preview":"max-image-preview:large","max-video-preview":"max-video-preview:-1"},"canonical":"https:\/\/frhub.netgear.com\/fr\/hub\/business\/case-studies\/av-case-studies\/projection-mapping-houston-netgear\/","og_locale":"en_US","og_type":"article","og_title":"NETGEAR alimente des installations avanc\u00e9es de projection mapping au Mus\u00e9e des Sciences Naturelles de Houston - NETGEAR Blog","og_description":"L'Or\u00e9al | La beaut\u00e9 rencontre la technologie","og_url":"https:\/\/frhub.netgear.com\/fr\/hub\/business\/case-studies\/av-case-studies\/projection-mapping-houston-netgear\/","og_site_name":"NETGEAR Blog","article_publisher":"https:\/\/www.facebook.com\/NetgearAU\/","article_modified_time":"2025-12-11T09:37:09+00:00","og_image":[{"width":383,"height":288,"url":"https:\/\/frhub.netgear.com\/fr\/hub\/wp-content\/uploads\/2025\/09\/Vignette-Museum.webp","type":"image\/webp"}],"twitter_card":"summary_large_image","twitter_site":"@NETGEAR","schema":{"@context":"https:\/\/schema.org","@graph":[{"@type":"WebPage","@id":"https:\/\/frhub.netgear.com\/fr\/hub\/business\/case-studies\/av-case-studies\/projection-mapping-houston-netgear\/","url":"https:\/\/frhub.netgear.com\/fr\/hub\/business\/case-studies\/av-case-studies\/projection-mapping-houston-netgear\/","name":"NETGEAR alimente des installations avanc\u00e9es de projection mapping au Mus\u00e9e des Sciences Naturelles de Houston - NETGEAR Blog","isPartOf":{"@id":"https:\/\/frhub.netgear.com\/fr\/hub\/#website"},"primaryImageOfPage":{"@id":"https:\/\/frhub.netgear.com\/fr\/hub\/business\/case-studies\/av-case-studies\/projection-mapping-houston-netgear\/#primaryimage"},"image":{"@id":"https:\/\/frhub.netgear.com\/fr\/hub\/business\/case-studies\/av-case-studies\/projection-mapping-houston-netgear\/#primaryimage"},"thumbnailUrl":"https:\/\/frhub.netgear.com\/fr\/hub\/wp-content\/uploads\/2025\/09\/Vignette-Museum.webp","datePublished":"2025-09-05T14:47:11+00:00","dateModified":"2025-12-11T09:37:09+00:00","description":"L'Or\u00e9al | La beaut\u00e9 rencontre la technologie","breadcrumb":{"@id":"https:\/\/frhub.netgear.com\/fr\/hub\/business\/case-studies\/av-case-studies\/projection-mapping-houston-netgear\/#breadcrumb"},"inLanguage":"en-US","potentialAction":[{"@type":"ReadAction","target":["https:\/\/frhub.netgear.com\/fr\/hub\/business\/case-studies\/av-case-studies\/projection-mapping-houston-netgear\/"]}]},{"@type":"ImageObject","inLanguage":"en-US","@id":"https:\/\/frhub.netgear.com\/fr\/hub\/business\/case-studies\/av-case-studies\/projection-mapping-houston-netgear\/#primaryimage","url":"https:\/\/frhub.netgear.com\/fr\/hub\/wp-content\/uploads\/2025\/09\/Vignette-Museum.webp","contentUrl":"https:\/\/frhub.netgear.com\/fr\/hub\/wp-content\/uploads\/2025\/09\/Vignette-Museum.webp","width":383,"height":288},{"@type":"BreadcrumbList","@id":"https:\/\/frhub.netgear.com\/fr\/hub\/business\/case-studies\/av-case-studies\/projection-mapping-houston-netgear\/#breadcrumb","itemListElement":[{"@type":"ListItem","position":1,"name":"Home","item":"https:\/\/frhub.netgear.com\/fr\/hub\/"},{"@type":"ListItem","position":2,"name":"Entreprises","item":"https:\/\/frhub.netgear.com\/fr\/hub\/business\/"},{"@type":"ListItem","position":3,"name":"All Case Studies &#8211; FR","item":"https:\/\/frhub.netgear.com\/fr\/hub\/business\/case-studies\/"},{"@type":"ListItem","position":4,"name":"Case Studies &#8211; AV &#8211; FR","item":"https:\/\/frhub.netgear.com\/fr\/hub\/business\/case-studies\/av-case-studies\/"},{"@type":"ListItem","position":5,"name":"NETGEAR alimente des installations avanc\u00e9es de projection mapping au Mus\u00e9e des Sciences Naturelles de Houston"}]},{"@type":"WebSite","@id":"https:\/\/frhub.netgear.com\/fr\/hub\/#website","url":"https:\/\/frhub.netgear.com\/fr\/hub\/","name":"NETGEAR Hub France","description":"Explorez les pages de notre blog et parcourez les articles pour en savoir plus sur les produits et la technologie NETGEAR.","publisher":{"@id":"https:\/\/frhub.netgear.com\/fr\/hub\/#organization"},"potentialAction":[{"@type":"SearchAction","target":{"@type":"EntryPoint","urlTemplate":"https:\/\/frhub.netgear.com\/fr\/hub\/?s={search_term_string}"},"query-input":{"@type":"PropertyValueSpecification","valueRequired":true,"valueName":"search_term_string"}}],"inLanguage":"en-US"},{"@type":"Organization","@id":"https:\/\/frhub.netgear.com\/fr\/hub\/#organization","name":"NETGEAR","url":"https:\/\/frhub.netgear.com\/fr\/hub\/","logo":{"@type":"ImageObject","inLanguage":"en-US","@id":"https:\/\/frhub.netgear.com\/fr\/hub\/#\/schema\/logo\/image\/","url":"https:\/\/www.netgear.com\/fr\/hub\/wp-content\/uploads\/2019\/07\/NETGEAR_logo.jpg","contentUrl":"https:\/\/www.netgear.com\/fr\/hub\/wp-content\/uploads\/2019\/07\/NETGEAR_logo.jpg","width":1500,"height":501,"caption":"NETGEAR"},"image":{"@id":"https:\/\/frhub.netgear.com\/fr\/hub\/#\/schema\/logo\/image\/"},"sameAs":["https:\/\/www.facebook.com\/NetgearAU\/","https:\/\/x.com\/NETGEAR","https:\/\/www.linkedin.com\/company\/netgear"]}]}},"_links":{"self":[{"href":"https:\/\/frhub.netgear.com\/fr\/hub\/wp-json\/wp\/v2\/pages\/10781","targetHints":{"allow":["GET"]}}],"collection":[{"href":"https:\/\/frhub.netgear.com\/fr\/hub\/wp-json\/wp\/v2\/pages"}],"about":[{"href":"https:\/\/frhub.netgear.com\/fr\/hub\/wp-json\/wp\/v2\/types\/page"}],"author":[{"embeddable":true,"href":"https:\/\/frhub.netgear.com\/fr\/hub\/wp-json\/wp\/v2\/users\/97"}],"replies":[{"embeddable":true,"href":"https:\/\/frhub.netgear.com\/fr\/hub\/wp-json\/wp\/v2\/comments?post=10781"}],"version-history":[{"count":3,"href":"https:\/\/frhub.netgear.com\/fr\/hub\/wp-json\/wp\/v2\/pages\/10781\/revisions"}],"predecessor-version":[{"id":11035,"href":"https:\/\/frhub.netgear.com\/fr\/hub\/wp-json\/wp\/v2\/pages\/10781\/revisions\/11035"}],"up":[{"embeddable":true,"href":"https:\/\/frhub.netgear.com\/fr\/hub\/wp-json\/wp\/v2\/pages\/10498"}],"wp:featuredmedia":[{"embeddable":true,"href":"https:\/\/frhub.netgear.com\/fr\/hub\/wp-json\/wp\/v2\/media\/10784"}],"wp:attachment":[{"href":"https:\/\/frhub.netgear.com\/fr\/hub\/wp-json\/wp\/v2\/media?parent=10781"}],"curies":[{"name":"wp","href":"https:\/\/api.w.org\/{rel}","templated":true}]}}