{"id":10773,"date":"2025-09-05T16:26:29","date_gmt":"2025-09-05T14:26:29","guid":{"rendered":"https:\/\/frhub.netgear.com\/fr\/hub\/business\/case-studies\/av-case-studies\/advanced-av-over-ip-powers-government-meeting-room-upgrade-2\/"},"modified":"2025-11-03T05:23:35","modified_gmt":"2025-11-03T04:23:35","slug":"nbc-conference-centre-reinvents-event-tech","status":"publish","type":"page","link":"https:\/\/frhub.netgear.com\/fr\/hub\/business\/case-studies\/av-case-studies\/nbc-conference-centre-reinvents-event-tech\/","title":{"rendered":"Le Centre de Conf\u00e9rence NBC r\u00e9invente la technologie \u00e9v\u00e9nementielle avec NETGEAR AV"},"content":{"rendered":"<p data-start=\"191\" data-end=\"611\">Apr\u00e8s un incendie d\u00e9vastateur qui a d\u00e9truit 90 % de ses installations en 2022, le Centre de Conf\u00e9rence NBC aux Pays-Bas a saisi l\u2019opportunit\u00e9 pour repenser enti\u00e8rement son infrastructure audiovisuelle. En partenariat avec AVEX et gr\u00e2ce \u00e0 la technologie de pointe NETGEAR AV over IP, le lieu compte d\u00e9sormais plus de 1 000 connexions r\u00e9seau quotidiennes, prenant en charge de mani\u00e8re fluide Crestron DM NVX, Dante et NDI.<br \/>\nGr\u00e2ce \u00e0 une flexibilit\u00e9 in\u00e9gal\u00e9e, les salles se transforment en un clic, et le syst\u00e8me est g\u00e9r\u00e9 sans effort gr\u00e2ce au support expert de NETGEAR. Ce projet a remport\u00e9 le <strong data-start=\"781\" data-end=\"804\">prix Inavation 2025<\/strong> dans la cat\u00e9gorie <strong data-start=\"823\" data-end=\"858\">Salles et Espaces \u00c9v\u00e9nementiels<\/strong>, \u00e9tablissant une nouvelle r\u00e9f\u00e9rence en mati\u00e8re de technologie \u00e9v\u00e9nementielle.<\/p>\n    <div class=\"table-of-content bg-gray\">\n        <p><strong>IN THIS ARTICLE<\/strong><\/p>\n        <ul>\n                        <li><a href=\"#topic1\">R\u00e9sum\u00e9<\/a><\/li>\n                        <li><a href=\"#topic2\">Un Ph\u00e9nix qui rena\u00eet<\/a><\/li>\n                        <li><a href=\"#topic3\">Cas client vid\u00e9o<\/a><\/li>\n                        <li><a href=\"#topic4\">Plus d'informations<\/a><\/li>\n                    <\/ul>\n    <\/div>\n        <div id=\"topic1\" class=\"skip-item\">\n                        <h2>R\u00e9sum\u00e9<\/h2>\n                <div style=\"background-color: #eeeeee;padding: 20px;width: 33%;float: right\">\n<p><strong>Soci\u00e9t\u00e9 : <\/strong><br \/>\nLe Centre de Conf\u00e9rences NBC<\/p>\n<p><strong>Secteur :<\/strong><br \/>\nH\u00f4tellerie<\/p>\n<p><strong>Site Web :<\/strong><br \/>\n<a href=\"https:\/\/www.nbccongrescentrum.nl\" rel=\"nofollow\"> nbccongrescentrum.nl <\/a><\/p>\n<p><strong>Lieu :<\/strong><br \/>\nNieuwegein, Pays Bas<\/p>\n<\/div>\n<p>Lorsqu&#8217;une catastrophe survient, certains lieux se reconstruisent. D\u2019autres saisissent l\u2019opportunit\u00e9 pour r\u00e9volutionner leur secteur. Le NBC Conference Centre \u00e0 Nieuwegein, aux Pays-Bas, a choisi cette deuxi\u00e8me voie, et les r\u00e9sultats sont tout simplement extraordinaires.<\/p>\n    <\/div>\n        <div id=\"topic2\" class=\"skip-item\">\n                        <h2>Un Ph\u00e9nix qui rena\u00eet<\/h2>\n                <p data-start=\"22\" data-end=\"417\"><img loading=\"lazy\" decoding=\"async\" class=\"size-medium wp-image-10777 alignleft\" src=\"https:\/\/frhub.netgear.com\/fr\/hub\/wp-content\/uploads\/2025\/09\/NBC_rack-768x358-1-300x140.png\" alt=\"\" width=\"300\" height=\"140\" srcset=\"https:\/\/frhub.netgear.com\/fr\/hub\/wp-content\/uploads\/2025\/09\/NBC_rack-768x358-1-300x140.png 300w, https:\/\/frhub.netgear.com\/fr\/hub\/wp-content\/uploads\/2025\/09\/NBC_rack-768x358-1.png 768w\" sizes=\"auto, (max-width: 300px) 100vw, 300px\" \/>L\u2019histoire commence par un coup dur. Apr\u00e8s avoir surv\u00e9cu \u00e0 l\u2019impact d\u00e9vastateur de la pand\u00e9mie sur l\u2019industrie de l\u2019\u00e9v\u00e9nementiel, le NBC Conference Centre a subi un autre coup terrible : un incendie majeur en septembre 2022 qui a d\u00e9truit 90 % de ses installations. L&#8217;ironie cruelle ? Ils venaient tout juste de terminer une importante mise \u00e0 niveau audiovisuelle trois semaines avant l\u2019incendie.<\/p>\n<p data-start=\"419\" data-end=\"647\" data-is-last-node=\"\" data-is-only-node=\"\">Mais au lieu de simplement restaurer ce qui avait \u00e9t\u00e9 perdu, le propri\u00e9taire Justin van Hooijdonk et son partenaire de confiance AVEX, avec qui il collabore depuis 32 ans, ont saisi l\u2019opportunit\u00e9 de cr\u00e9er quelque chose d\u2019in\u00e9dit.<\/p>\n<p data-start=\"0\" data-end=\"92\">Le support de NETGEAR s\u2019est av\u00e9r\u00e9 crucial tout au long du processus d\u2019installation complexe.<\/p>\n<p data-start=\"94\" data-end=\"475\"><em>\u00ab En tant qu\u2019int\u00e9grateur, nous avons besoin d\u2019une assistance fiable pendant l\u2019installation et les op\u00e9rations quotidiennes. C\u2019est exactement ce que NETGEAR offre \u00bb, souligne Stefan van de Poll, ing\u00e9nieur syst\u00e8me chez AVEX. \u00ab Les ing\u00e9nieurs support sont comp\u00e9tents, et lorsque les choses se compliquent, il y a toujours quelqu\u2019un disponible pour nous aider \u00e0 trouver des solutions. \u00bb<\/em><\/p>\n<p data-start=\"477\" data-end=\"703\">Cette collaboration s\u2019est \u00e9tendue bien au-del\u00e0 de l\u2019installation, NETGEAR fournissant une assistance \u00e0 la conception, un support \u00e0 la configuration, ainsi qu\u2019une formation compl\u00e8te pour tous les employ\u00e9s et techniciens d\u2019AVEX.<\/p>\n<p data-start=\"705\" data-end=\"961\" data-is-last-node=\"\" data-is-only-node=\"\">La transformation a \u00e9t\u00e9 tout simplement spectaculaire. Le NBC Conference Centre a rouvert ses portes en tant que merveille technologique, recevant la reconnaissance en tant que laur\u00e9at de la cat\u00e9gorie \u00ab Venues and Events Spaces \u00bb aux Inavation Awards 2025.<\/p>\n<p data-start=\"705\" data-end=\"961\" data-is-last-node=\"\" data-is-only-node=\"\">The venue now operates with unprecedented reliability and flexibility. Rooms can be combined or separated with a single click, content streams seamlessly to any combination of spaces, and the system handles everything from intimate breakout sessions to massive plenary presentations, all while maintaining the simplicity that staff need for daily operations.<\/p>\n    <\/div>\n        <div id=\"topic3\" class=\"skip-item\">\n                <div class=\"skip-ftr-img\">\n            <img decoding=\"async\" src=\"https:\/\/frhub.netgear.com\/fr\/hub\/wp-content\/uploads\/2025\/09\/AVEX-NBC-project-meetingroom-example-with-triple-screens-768x512-1.jpg\" alt=\"\">\n        <\/div>\n                        <h2>Cas client vid\u00e9o<\/h2>\n                <p align=\"center\"><iframe loading=\"lazy\" src=\"https:\/\/www.youtube.com\/embed\/_jvicFm9fh0?si=MsViADGSdKMeZDuf\" width=\"560\" height=\"315\" frameborder=\"0\" allowfullscreen=\"allowfullscreen\"><\/iframe><\/p>\n    <\/div>\n        <div id=\"topic4\" class=\"skip-item\">\n                        <h2>Plus d'informations<\/h2>\n                <p><!--SOLUTIONS NETGEAR AV --><\/p>\n<p>Plus d\u2019informations sur nos solutions audiovisuelles<\/p>\n<div class=\"hs-cta-embed hs-cta-simple-placeholder hs-cta-embed-241151160046\" style=\"max-width: 100%;max-height: 100%;width: 260px;height: 50.390625px\" data-hubspot-wrapper-cta-id=\"241151160046\"><a href=\"https:\/\/cta-na2.hubspot.com\/web-interactives\/public\/v1\/track\/redirect?encryptedPayload=AVxigLJf4HGLXU18h5HBrlQTZuKX4p21iriDX%2FD9Weo1E0jc26wgSp32sJpGF%2FrOb977gqk9Skq%2FVgamhq%2FXvCN0mPQ1dmrdARtcNUH8fV5cFOvngo8qJ8EuMyEq%2Fqu2y51zC2FZUVyu97opP5ixVGCiE%2Bg6BOgTVVDljEMF5hhhXUNpnikrl2UTN%2Bb3TA%3D%3D&amp;webInteractiveContentId=241151160046&amp;portalId=242128791\" target=\"_blank\" rel=\"noopener\"><br \/>\n<img decoding=\"async\" style=\"height: 100%;width: 100%;object-fit: fill\" src=\"https:\/\/hubspot-no-cache-na2-prod.s3.amazonaws.com\/cta\/default\/242128791\/interactive-241151160046.png\" alt=\"SOLUTIONS NETGEAR AV\" \/><br \/>\n<\/a><\/div>\n<p><!-- NETGEAR ACADEMY AV --><\/p>\n<p>Apprenez tout sur les r\u00e9seaux IP gr\u00e2ce \u00e0 la NETGEAR ACADEMY<\/p>\n<div class=\"hs-cta-embed hs-cta-simple-placeholder hs-cta-embed-241151160033\" style=\"max-width: 100%;max-height: 100%;width: 260px;height: 50.390625px\" data-hubspot-wrapper-cta-id=\"241151160033\"><a href=\"https:\/\/cta-na2.hubspot.com\/web-interactives\/public\/v1\/track\/redirect?encryptedPayload=AVxigLJ6zgXxrLVJLagOt9pyIXf5%2FGgh9lUupWJj49Nfcbq71eIrrvJQt9JGeaQwNkTAPTWhI2%2BXk56NQscWP4xOQ7iZrhk6rkBjyO4dBlJGP1gG3BpcrdlgLyF%2F850K2l3xn5kDj5H%2Fur8VO2zJH58QH7by4HFWliY25223Shr3sQx25aCmNBjCDkNwA2WRum67F9fGyQyzoYOn86wAq%2Brw3xzsBDMbyw%3D%3D&amp;webInteractiveContentId=241151160033&amp;portalId=242128791\" target=\"_blank\" rel=\"noopener\"><br \/>\n<img decoding=\"async\" style=\"height: 100%;width: 100%;object-fit: fill\" src=\"https:\/\/hubspot-no-cache-na2-prod.s3.amazonaws.com\/cta\/default\/242128791\/interactive-241151160033.png\" alt=\"NETGEAR ACADEMY\" \/><br \/>\n<\/a><\/div>\n<p><!--CONTACTEZ L'EQUIPE PROAV --><\/p>\n<p>Nos ing\u00e9nieurs vous accompagneront gratuitement dans la r\u00e9alisation de vos projets audiovisuels<\/p>\n<div class=\"hs-cta-embed hs-cta-simple-placeholder hs-cta-embed-241151160055\" style=\"max-width: 100%;max-height: 100%;width: 270px;height: 50.390625px\" data-hubspot-wrapper-cta-id=\"241151160055\"><a href=\"https:\/\/cta-na2.hubspot.com\/web-interactives\/public\/v1\/track\/redirect?encryptedPayload=AVxigLLUG9XShtF2ziGdRlpsMD%2BMJ39t1kFOE7VlHl2HmmlWzlJWH0rsV7f3eoQL53gclcWb0lliiDgK3EAMVvEOcIE7gW9aYOwk1uipv43pSUkBlDtiKJ%2BcB7fopWupnJbggqZWRkNERZkdh1dDGXHHDJX3V0sOA8mbXD%2Fd6QC2XK2OyVtrDNFDHbBoT6b15PyvF4Ca3b6JBNTYdAzYeH790XenlNKBP4OKZqw50t7IGx9DuADFMFlNdg6FWQ%3D%3D&amp;webInteractiveContentId=241151160055&amp;portalId=242128791\" target=\"_blank\" rel=\"noopener\"><br \/>\n<img decoding=\"async\" style=\"height: 100%;width: 100%;object-fit: fill\" src=\"https:\/\/hubspot-no-cache-na2-prod.s3.amazonaws.com\/cta\/default\/242128791\/interactive-241151160055.png\" alt=\"CONTACTEZ L'EQUIPE PROAV\" \/><br \/>\n<\/a><\/div>\n    <\/div>\n        <div id=\"topic5\" class=\"skip-item\">\n                        <p><iframe loading=\"lazy\" src=\"https:\/\/405nrr.share-na2.hsforms.com\/24AR2ZDSmQqWycFqf8q5-eg\" width=\"100%\" height=\"1200px\"><\/iframe><\/p>\n    <\/div>\n    \n","protected":false},"excerpt":{"rendered":"<p>Apr\u00e8s un incendie d\u00e9vastateur qui a d\u00e9truit 90 % de ses installations en 2022, le Centre de Conf\u00e9rence NBC aux Pays-Bas a saisi l\u2019opportunit\u00e9 pour repenser enti\u00e8rement son infrastructure audiovisuelle. En partenariat avec AVEX et gr\u00e2ce \u00e0 la technologie de pointe NETGEAR AV over IP, le lieu compte d\u00e9sormais plus de 1 000 connexions r\u00e9seau [&hellip;]<\/p>\n","protected":false},"author":97,"featured_media":10776,"parent":10498,"menu_order":0,"comment_status":"closed","ping_status":"closed","template":"templates\/blog-wifi.php","meta":{"_acf_changed":false,"content-type":"","footnotes":""},"class_list":["post-10773","page","type-page","status-publish","has-post-thumbnail","hentry"],"acf":[],"yoast_head":"<!-- This site is optimized with the Yoast SEO plugin v27.5 - https:\/\/yoast.com\/product\/yoast-seo-wordpress\/ -->\n<title>Le Centre de Conf\u00e9rence NBC r\u00e9invente la technologie \u00e9v\u00e9nementielle avec NETGEAR AV - NETGEAR Blog<\/title>\n<meta name=\"description\" content=\"L&#039;Or\u00e9al | La beaut\u00e9 rencontre la technologie\" \/>\n<meta name=\"robots\" content=\"index, follow, max-snippet:-1, max-image-preview:large, max-video-preview:-1\" \/>\n<link rel=\"canonical\" href=\"https:\/\/frhub.netgear.com\/fr\/hub\/business\/case-studies\/av-case-studies\/nbc-conference-centre-reinvents-event-tech\/\" \/>\n<meta property=\"og:locale\" content=\"en_US\" \/>\n<meta property=\"og:type\" content=\"article\" \/>\n<meta property=\"og:title\" content=\"Le Centre de Conf\u00e9rence NBC r\u00e9invente la technologie \u00e9v\u00e9nementielle avec NETGEAR AV - NETGEAR Blog\" \/>\n<meta property=\"og:description\" content=\"L&#039;Or\u00e9al | La beaut\u00e9 rencontre la technologie\" \/>\n<meta property=\"og:url\" content=\"https:\/\/frhub.netgear.com\/fr\/hub\/business\/case-studies\/av-case-studies\/nbc-conference-centre-reinvents-event-tech\/\" \/>\n<meta property=\"og:site_name\" content=\"NETGEAR Blog\" \/>\n<meta property=\"article:publisher\" content=\"https:\/\/www.facebook.com\/NetgearAU\/\" \/>\n<meta property=\"article:modified_time\" content=\"2025-11-03T04:23:35+00:00\" \/>\n<meta property=\"og:image\" content=\"https:\/\/frhub.netgear.com\/fr\/hub\/wp-content\/uploads\/2025\/09\/vignette-AVEX-NBC-Event-Hall-stage-3d-projection-decor.webp\" \/>\n\t<meta property=\"og:image:width\" content=\"383\" \/>\n\t<meta property=\"og:image:height\" content=\"288\" \/>\n\t<meta property=\"og:image:type\" content=\"image\/webp\" \/>\n<meta name=\"twitter:card\" content=\"summary_large_image\" \/>\n<meta name=\"twitter:site\" content=\"@NETGEAR\" \/>\n<meta name=\"twitter:label1\" content=\"Est. reading time\" \/>\n\t<meta name=\"twitter:data1\" content=\"1 minute\" \/>\n<script type=\"application\/ld+json\" class=\"yoast-schema-graph\">{\"@context\":\"https:\\\/\\\/schema.org\",\"@graph\":[{\"@type\":\"WebPage\",\"@id\":\"https:\\\/\\\/frhub.netgear.com\\\/fr\\\/hub\\\/business\\\/case-studies\\\/av-case-studies\\\/nbc-conference-centre-reinvents-event-tech\\\/\",\"url\":\"https:\\\/\\\/frhub.netgear.com\\\/fr\\\/hub\\\/business\\\/case-studies\\\/av-case-studies\\\/nbc-conference-centre-reinvents-event-tech\\\/\",\"name\":\"Le Centre de Conf\u00e9rence NBC r\u00e9invente la technologie \u00e9v\u00e9nementielle avec NETGEAR AV - NETGEAR Blog\",\"isPartOf\":{\"@id\":\"https:\\\/\\\/frhub.netgear.com\\\/fr\\\/hub\\\/#website\"},\"primaryImageOfPage\":{\"@id\":\"https:\\\/\\\/frhub.netgear.com\\\/fr\\\/hub\\\/business\\\/case-studies\\\/av-case-studies\\\/nbc-conference-centre-reinvents-event-tech\\\/#primaryimage\"},\"image\":{\"@id\":\"https:\\\/\\\/frhub.netgear.com\\\/fr\\\/hub\\\/business\\\/case-studies\\\/av-case-studies\\\/nbc-conference-centre-reinvents-event-tech\\\/#primaryimage\"},\"thumbnailUrl\":\"https:\\\/\\\/frhub.netgear.com\\\/fr\\\/hub\\\/wp-content\\\/uploads\\\/2025\\\/09\\\/vignette-AVEX-NBC-Event-Hall-stage-3d-projection-decor.webp\",\"datePublished\":\"2025-09-05T14:26:29+00:00\",\"dateModified\":\"2025-11-03T04:23:35+00:00\",\"description\":\"L'Or\u00e9al | La beaut\u00e9 rencontre la technologie\",\"breadcrumb\":{\"@id\":\"https:\\\/\\\/frhub.netgear.com\\\/fr\\\/hub\\\/business\\\/case-studies\\\/av-case-studies\\\/nbc-conference-centre-reinvents-event-tech\\\/#breadcrumb\"},\"inLanguage\":\"en-US\",\"potentialAction\":[{\"@type\":\"ReadAction\",\"target\":[\"https:\\\/\\\/frhub.netgear.com\\\/fr\\\/hub\\\/business\\\/case-studies\\\/av-case-studies\\\/nbc-conference-centre-reinvents-event-tech\\\/\"]}]},{\"@type\":\"ImageObject\",\"inLanguage\":\"en-US\",\"@id\":\"https:\\\/\\\/frhub.netgear.com\\\/fr\\\/hub\\\/business\\\/case-studies\\\/av-case-studies\\\/nbc-conference-centre-reinvents-event-tech\\\/#primaryimage\",\"url\":\"https:\\\/\\\/frhub.netgear.com\\\/fr\\\/hub\\\/wp-content\\\/uploads\\\/2025\\\/09\\\/vignette-AVEX-NBC-Event-Hall-stage-3d-projection-decor.webp\",\"contentUrl\":\"https:\\\/\\\/frhub.netgear.com\\\/fr\\\/hub\\\/wp-content\\\/uploads\\\/2025\\\/09\\\/vignette-AVEX-NBC-Event-Hall-stage-3d-projection-decor.webp\",\"width\":383,\"height\":288},{\"@type\":\"BreadcrumbList\",\"@id\":\"https:\\\/\\\/frhub.netgear.com\\\/fr\\\/hub\\\/business\\\/case-studies\\\/av-case-studies\\\/nbc-conference-centre-reinvents-event-tech\\\/#breadcrumb\",\"itemListElement\":[{\"@type\":\"ListItem\",\"position\":1,\"name\":\"Home\",\"item\":\"https:\\\/\\\/frhub.netgear.com\\\/fr\\\/hub\\\/\"},{\"@type\":\"ListItem\",\"position\":2,\"name\":\"Entreprises\",\"item\":\"https:\\\/\\\/frhub.netgear.com\\\/fr\\\/hub\\\/business\\\/\"},{\"@type\":\"ListItem\",\"position\":3,\"name\":\"All Case Studies &#8211; FR\",\"item\":\"https:\\\/\\\/frhub.netgear.com\\\/fr\\\/hub\\\/business\\\/case-studies\\\/\"},{\"@type\":\"ListItem\",\"position\":4,\"name\":\"Case Studies &#8211; AV &#8211; FR\",\"item\":\"https:\\\/\\\/frhub.netgear.com\\\/fr\\\/hub\\\/business\\\/case-studies\\\/av-case-studies\\\/\"},{\"@type\":\"ListItem\",\"position\":5,\"name\":\"Le Centre de Conf\u00e9rence NBC r\u00e9invente la technologie \u00e9v\u00e9nementielle avec NETGEAR AV\"}]},{\"@type\":\"WebSite\",\"@id\":\"https:\\\/\\\/frhub.netgear.com\\\/fr\\\/hub\\\/#website\",\"url\":\"https:\\\/\\\/frhub.netgear.com\\\/fr\\\/hub\\\/\",\"name\":\"NETGEAR Hub France\",\"description\":\"Explorez les pages de notre blog et parcourez les articles pour en savoir plus sur les produits et la technologie NETGEAR.\",\"publisher\":{\"@id\":\"https:\\\/\\\/frhub.netgear.com\\\/fr\\\/hub\\\/#organization\"},\"potentialAction\":[{\"@type\":\"SearchAction\",\"target\":{\"@type\":\"EntryPoint\",\"urlTemplate\":\"https:\\\/\\\/frhub.netgear.com\\\/fr\\\/hub\\\/?s={search_term_string}\"},\"query-input\":{\"@type\":\"PropertyValueSpecification\",\"valueRequired\":true,\"valueName\":\"search_term_string\"}}],\"inLanguage\":\"en-US\"},{\"@type\":\"Organization\",\"@id\":\"https:\\\/\\\/frhub.netgear.com\\\/fr\\\/hub\\\/#organization\",\"name\":\"NETGEAR\",\"url\":\"https:\\\/\\\/frhub.netgear.com\\\/fr\\\/hub\\\/\",\"logo\":{\"@type\":\"ImageObject\",\"inLanguage\":\"en-US\",\"@id\":\"https:\\\/\\\/frhub.netgear.com\\\/fr\\\/hub\\\/#\\\/schema\\\/logo\\\/image\\\/\",\"url\":\"https:\\\/\\\/www.netgear.com\\\/fr\\\/hub\\\/wp-content\\\/uploads\\\/2019\\\/07\\\/NETGEAR_logo.jpg\",\"contentUrl\":\"https:\\\/\\\/www.netgear.com\\\/fr\\\/hub\\\/wp-content\\\/uploads\\\/2019\\\/07\\\/NETGEAR_logo.jpg\",\"width\":1500,\"height\":501,\"caption\":\"NETGEAR\"},\"image\":{\"@id\":\"https:\\\/\\\/frhub.netgear.com\\\/fr\\\/hub\\\/#\\\/schema\\\/logo\\\/image\\\/\"},\"sameAs\":[\"https:\\\/\\\/www.facebook.com\\\/NetgearAU\\\/\",\"https:\\\/\\\/x.com\\\/NETGEAR\",\"https:\\\/\\\/www.linkedin.com\\\/company\\\/netgear\"]}]}<\/script>\n<!-- \/ Yoast SEO plugin. -->","yoast_head_json":{"title":"Le Centre de Conf\u00e9rence NBC r\u00e9invente la technologie \u00e9v\u00e9nementielle avec NETGEAR AV - NETGEAR Blog","description":"L'Or\u00e9al | La beaut\u00e9 rencontre la technologie","robots":{"index":"index","follow":"follow","max-snippet":"max-snippet:-1","max-image-preview":"max-image-preview:large","max-video-preview":"max-video-preview:-1"},"canonical":"https:\/\/frhub.netgear.com\/fr\/hub\/business\/case-studies\/av-case-studies\/nbc-conference-centre-reinvents-event-tech\/","og_locale":"en_US","og_type":"article","og_title":"Le Centre de Conf\u00e9rence NBC r\u00e9invente la technologie \u00e9v\u00e9nementielle avec NETGEAR AV - NETGEAR Blog","og_description":"L'Or\u00e9al | La beaut\u00e9 rencontre la technologie","og_url":"https:\/\/frhub.netgear.com\/fr\/hub\/business\/case-studies\/av-case-studies\/nbc-conference-centre-reinvents-event-tech\/","og_site_name":"NETGEAR Blog","article_publisher":"https:\/\/www.facebook.com\/NetgearAU\/","article_modified_time":"2025-11-03T04:23:35+00:00","og_image":[{"width":383,"height":288,"url":"https:\/\/frhub.netgear.com\/fr\/hub\/wp-content\/uploads\/2025\/09\/vignette-AVEX-NBC-Event-Hall-stage-3d-projection-decor.webp","type":"image\/webp"}],"twitter_card":"summary_large_image","twitter_site":"@NETGEAR","twitter_misc":{"Est. reading time":"1 minute"},"schema":{"@context":"https:\/\/schema.org","@graph":[{"@type":"WebPage","@id":"https:\/\/frhub.netgear.com\/fr\/hub\/business\/case-studies\/av-case-studies\/nbc-conference-centre-reinvents-event-tech\/","url":"https:\/\/frhub.netgear.com\/fr\/hub\/business\/case-studies\/av-case-studies\/nbc-conference-centre-reinvents-event-tech\/","name":"Le Centre de Conf\u00e9rence NBC r\u00e9invente la technologie \u00e9v\u00e9nementielle avec NETGEAR AV - NETGEAR Blog","isPartOf":{"@id":"https:\/\/frhub.netgear.com\/fr\/hub\/#website"},"primaryImageOfPage":{"@id":"https:\/\/frhub.netgear.com\/fr\/hub\/business\/case-studies\/av-case-studies\/nbc-conference-centre-reinvents-event-tech\/#primaryimage"},"image":{"@id":"https:\/\/frhub.netgear.com\/fr\/hub\/business\/case-studies\/av-case-studies\/nbc-conference-centre-reinvents-event-tech\/#primaryimage"},"thumbnailUrl":"https:\/\/frhub.netgear.com\/fr\/hub\/wp-content\/uploads\/2025\/09\/vignette-AVEX-NBC-Event-Hall-stage-3d-projection-decor.webp","datePublished":"2025-09-05T14:26:29+00:00","dateModified":"2025-11-03T04:23:35+00:00","description":"L'Or\u00e9al | La beaut\u00e9 rencontre la technologie","breadcrumb":{"@id":"https:\/\/frhub.netgear.com\/fr\/hub\/business\/case-studies\/av-case-studies\/nbc-conference-centre-reinvents-event-tech\/#breadcrumb"},"inLanguage":"en-US","potentialAction":[{"@type":"ReadAction","target":["https:\/\/frhub.netgear.com\/fr\/hub\/business\/case-studies\/av-case-studies\/nbc-conference-centre-reinvents-event-tech\/"]}]},{"@type":"ImageObject","inLanguage":"en-US","@id":"https:\/\/frhub.netgear.com\/fr\/hub\/business\/case-studies\/av-case-studies\/nbc-conference-centre-reinvents-event-tech\/#primaryimage","url":"https:\/\/frhub.netgear.com\/fr\/hub\/wp-content\/uploads\/2025\/09\/vignette-AVEX-NBC-Event-Hall-stage-3d-projection-decor.webp","contentUrl":"https:\/\/frhub.netgear.com\/fr\/hub\/wp-content\/uploads\/2025\/09\/vignette-AVEX-NBC-Event-Hall-stage-3d-projection-decor.webp","width":383,"height":288},{"@type":"BreadcrumbList","@id":"https:\/\/frhub.netgear.com\/fr\/hub\/business\/case-studies\/av-case-studies\/nbc-conference-centre-reinvents-event-tech\/#breadcrumb","itemListElement":[{"@type":"ListItem","position":1,"name":"Home","item":"https:\/\/frhub.netgear.com\/fr\/hub\/"},{"@type":"ListItem","position":2,"name":"Entreprises","item":"https:\/\/frhub.netgear.com\/fr\/hub\/business\/"},{"@type":"ListItem","position":3,"name":"All Case Studies &#8211; FR","item":"https:\/\/frhub.netgear.com\/fr\/hub\/business\/case-studies\/"},{"@type":"ListItem","position":4,"name":"Case Studies &#8211; AV &#8211; FR","item":"https:\/\/frhub.netgear.com\/fr\/hub\/business\/case-studies\/av-case-studies\/"},{"@type":"ListItem","position":5,"name":"Le Centre de Conf\u00e9rence NBC r\u00e9invente la technologie \u00e9v\u00e9nementielle avec NETGEAR AV"}]},{"@type":"WebSite","@id":"https:\/\/frhub.netgear.com\/fr\/hub\/#website","url":"https:\/\/frhub.netgear.com\/fr\/hub\/","name":"NETGEAR Hub France","description":"Explorez les pages de notre blog et parcourez les articles pour en savoir plus sur les produits et la technologie NETGEAR.","publisher":{"@id":"https:\/\/frhub.netgear.com\/fr\/hub\/#organization"},"potentialAction":[{"@type":"SearchAction","target":{"@type":"EntryPoint","urlTemplate":"https:\/\/frhub.netgear.com\/fr\/hub\/?s={search_term_string}"},"query-input":{"@type":"PropertyValueSpecification","valueRequired":true,"valueName":"search_term_string"}}],"inLanguage":"en-US"},{"@type":"Organization","@id":"https:\/\/frhub.netgear.com\/fr\/hub\/#organization","name":"NETGEAR","url":"https:\/\/frhub.netgear.com\/fr\/hub\/","logo":{"@type":"ImageObject","inLanguage":"en-US","@id":"https:\/\/frhub.netgear.com\/fr\/hub\/#\/schema\/logo\/image\/","url":"https:\/\/www.netgear.com\/fr\/hub\/wp-content\/uploads\/2019\/07\/NETGEAR_logo.jpg","contentUrl":"https:\/\/www.netgear.com\/fr\/hub\/wp-content\/uploads\/2019\/07\/NETGEAR_logo.jpg","width":1500,"height":501,"caption":"NETGEAR"},"image":{"@id":"https:\/\/frhub.netgear.com\/fr\/hub\/#\/schema\/logo\/image\/"},"sameAs":["https:\/\/www.facebook.com\/NetgearAU\/","https:\/\/x.com\/NETGEAR","https:\/\/www.linkedin.com\/company\/netgear"]}]}},"_links":{"self":[{"href":"https:\/\/frhub.netgear.com\/fr\/hub\/wp-json\/wp\/v2\/pages\/10773","targetHints":{"allow":["GET"]}}],"collection":[{"href":"https:\/\/frhub.netgear.com\/fr\/hub\/wp-json\/wp\/v2\/pages"}],"about":[{"href":"https:\/\/frhub.netgear.com\/fr\/hub\/wp-json\/wp\/v2\/types\/page"}],"author":[{"embeddable":true,"href":"https:\/\/frhub.netgear.com\/fr\/hub\/wp-json\/wp\/v2\/users\/97"}],"replies":[{"embeddable":true,"href":"https:\/\/frhub.netgear.com\/fr\/hub\/wp-json\/wp\/v2\/comments?post=10773"}],"version-history":[{"count":6,"href":"https:\/\/frhub.netgear.com\/fr\/hub\/wp-json\/wp\/v2\/pages\/10773\/revisions"}],"predecessor-version":[{"id":11463,"href":"https:\/\/frhub.netgear.com\/fr\/hub\/wp-json\/wp\/v2\/pages\/10773\/revisions\/11463"}],"up":[{"embeddable":true,"href":"https:\/\/frhub.netgear.com\/fr\/hub\/wp-json\/wp\/v2\/pages\/10498"}],"wp:featuredmedia":[{"embeddable":true,"href":"https:\/\/frhub.netgear.com\/fr\/hub\/wp-json\/wp\/v2\/media\/10776"}],"wp:attachment":[{"href":"https:\/\/frhub.netgear.com\/fr\/hub\/wp-json\/wp\/v2\/media?parent=10773"}],"curies":[{"name":"wp","href":"https:\/\/api.w.org\/{rel}","templated":true}]}}