{"id":10751,"date":"2025-09-05T12:36:54","date_gmt":"2025-09-05T10:36:54","guid":{"rendered":"https:\/\/frhub.netgear.com\/fr\/hub\/business\/av\/the-cloud-revolution-in-professional-av-why-the-future-is-software-defined-2\/"},"modified":"2025-10-03T09:32:32","modified_gmt":"2025-10-03T07:32:32","slug":"netgear-cedia-2025-smart-home-networking","status":"publish","type":"page","link":"https:\/\/frhub.netgear.com\/fr\/hub\/business\/av\/netgear-cedia-2025-smart-home-networking\/","title":{"rendered":"NETGEAR en vedette au CEDIA 2025"},"content":{"rendered":"<p data-start=\"166\" data-end=\"408\">Le march\u00e9 r\u00e9sidentiel professionnel \u00e9volue rapidement, et <strong data-start=\"224\" data-end=\"251\">NETGEAR est \u00e0 la pointe<\/strong> avec des <strong data-start=\"261\" data-end=\"292\">solutions r\u00e9seau innovantes<\/strong> pour les <strong data-start=\"302\" data-end=\"324\">r\u00e9sidences de luxe<\/strong>, les <strong data-start=\"330\" data-end=\"362\">immeubles multi-unit\u00e9s (MDU)<\/strong> et les <strong data-start=\"370\" data-end=\"407\">installations domotiques avanc\u00e9es<\/strong>.<\/p>\n<p data-start=\"410\" data-end=\"595\">\u00c0 l\u2019occasion du <strong data-start=\"426\" data-end=\"449\">CEDIA 2025 \u00e0 Denver<\/strong>, nous pr\u00e9senterons des <strong data-start=\"473\" data-end=\"500\">technologies de rupture<\/strong> qui permettent aux int\u00e9grateurs de proposer des exp\u00e9riences <strong data-start=\"561\" data-end=\"594\">fluides et ultra-performantes<\/strong>.<\/p>\n<p data-start=\"597\" data-end=\"817\">Alors que les projets deviennent de plus en plus complexes, NETGEAR fournit des solutions <strong data-start=\"687\" data-end=\"698\">fiables<\/strong>, <strong data-start=\"700\" data-end=\"722\">faciles \u00e0 d\u00e9ployer<\/strong> et con\u00e7ues pour <strong data-start=\"739\" data-end=\"767\">simplifier l\u2019int\u00e9gration<\/strong> tout en garantissant des r\u00e9sultats exceptionnels.<\/p>\n    <div class=\"table-of-content bg-gray\">\n        <p><strong>IN THIS ARTICLE<\/strong><\/p>\n        <ul>\n                        <li><a href=\"#topic1\">Des solutions r\u00e9volutionnaires pour les installations domotiques professionnelles<\/a><\/li>\n                        <li><a href=\"#topic2\">Pourquoi le cloud change tout<\/a><\/li>\n                        <li><a href=\"#topic3\">Des int\u00e9grateurs au c\u0153ur de la maison connect\u00e9e<\/a><\/li>\n                        <li><a href=\"#topic4\">Nouveaut\u00e9 : d\u00e9couvrez le WAX610W<\/a><\/li>\n                        <li><a href=\"#topic5\">Vivez l\u2019exp\u00e9rience NETGEAR au CEDIA 2025<\/a><\/li>\n                        <li><a href=\"#topic6\">Plus d'informations<\/a><\/li>\n                    <\/ul>\n    <\/div>\n        <div id=\"topic1\" class=\"skip-item\">\n                        <h2>Des solutions r\u00e9volutionnaires pour les installations domotiques professionnelles<\/h2>\n                <p data-start=\"236\" data-end=\"520\">Le march\u00e9 r\u00e9sidentiel professionnel \u00e9volue \u00e0 grande vitesse, et <strong data-start=\"300\" data-end=\"331\">NETGEAR est \u00e0 l\u2019avant-garde<\/strong>, avec des <strong data-start=\"342\" data-end=\"372\">solutions r\u00e9seau de pointe<\/strong> sp\u00e9cialement con\u00e7ues pour les <strong data-start=\"403\" data-end=\"425\">r\u00e9sidences de luxe<\/strong>, les <strong data-start=\"431\" data-end=\"469\">immeubles multi-r\u00e9sidentiels (MDU)<\/strong> et les <strong data-start=\"477\" data-end=\"519\">installations domotiques sophistiqu\u00e9es<\/strong>.<\/p>\n<p data-start=\"522\" data-end=\"777\">En <strong data-start=\"525\" data-end=\"570\">septembre prochain au CEDIA 2025 \u00e0 Denver<\/strong>, nous sommes fiers de pr\u00e9senter nos <strong data-start=\"607\" data-end=\"632\">derni\u00e8res innovations<\/strong>, qui offriront aux int\u00e9grateurs une <strong data-start=\"669\" data-end=\"700\">exp\u00e9rience pratique in\u00e9dite<\/strong> avec des technologies qui red\u00e9finissent les standards du r\u00e9seau r\u00e9sidentiel.<\/p>\n    <\/div>\n        <div id=\"topic2\" class=\"skip-item\">\n                        <h2>Pourquoi le cloud change tout<\/h2>\n                <p data-start=\"1214\" data-end=\"1555\">L&#8217;infrastructure AV <strong data-start=\"1234\" data-end=\"1257\">g\u00e9r\u00e9e dans le cloud<\/strong> rel\u00e8ve ces d\u00e9fis en repensant fondamentalement le fonctionnement des syst\u00e8mes AV.<br data-start=\"1339\" data-end=\"1342\" \/>Au lieu de r\u00e9seaux statiques et d\u00e9finis par le mat\u00e9riel, les plateformes cloud permettent des environnements dynamiques, <strong data-start=\"1463\" data-end=\"1489\">contr\u00f4l\u00e9s par logiciel<\/strong>, capables de s&#8217;adapter en temps r\u00e9el \u00e0 des exigences changeantes.<\/p>\n<p data-start=\"1557\" data-end=\"1593\">Les avantages sont transformateurs :<\/p>\n<ul data-start=\"1595\" data-end=\"2218\">\n<li data-start=\"1595\" data-end=\"1715\">\n<p data-start=\"1597\" data-end=\"1715\">La <strong data-start=\"1600\" data-end=\"1622\">gestion \u00e0 distance<\/strong> \u00e9limine le besoin de visites sur site pour la maintenance, les mises \u00e0 jour ou le d\u00e9pannage.<\/p>\n<\/li>\n<li data-start=\"1716\" data-end=\"1882\">\n<p data-start=\"1718\" data-end=\"1882\">Une <strong data-start=\"1722\" data-end=\"1749\">supervision centralis\u00e9e<\/strong> offre une visibilit\u00e9 compl\u00e8te sur toutes les installations, permettant une maintenance proactive et une r\u00e9duction des interruptions.<\/p>\n<\/li>\n<li data-start=\"1883\" data-end=\"2066\">\n<p data-start=\"1885\" data-end=\"2066\">La <strong data-start=\"1888\" data-end=\"1914\">d\u00e9couverte automatique<\/strong> et la <strong data-start=\"1921\" data-end=\"1951\">configuration intelligente<\/strong> r\u00e9duisent le temps de mise en service de plusieurs jours \u00e0 quelques heures, tout en limitant les erreurs humaines.<\/p>\n<\/li>\n<li data-start=\"2067\" data-end=\"2218\">\n<p data-start=\"2069\" data-end=\"2218\">Les <strong data-start=\"2073\" data-end=\"2089\">API ouvertes<\/strong> et les <strong data-start=\"2097\" data-end=\"2124\">protocoles standardis\u00e9s<\/strong> assurent une int\u00e9gration fluide avec les infrastructures IT existantes et les syst\u00e8mes tiers.<\/p>\n<\/li>\n<\/ul>\n<p data-start=\"2220\" data-end=\"2513\">Peut-\u00eatre plus important encore, les plateformes cloud permettent de passer d\u2019un mod\u00e8le de d\u00e9penses d\u2019investissement (<strong data-start=\"2338\" data-end=\"2347\">CapEx<\/strong>) \u00e0 un mod\u00e8le de d\u00e9penses op\u00e9rationnelles (<strong data-start=\"2390\" data-end=\"2398\">OpEx<\/strong>), <strong data-start=\"2401\" data-end=\"2417\">mieux align\u00e9<\/strong> avec la mani\u00e8re dont les entreprises modernes souhaitent consommer les services technologiques.<\/p>\n    <\/div>\n        <div id=\"topic3\" class=\"skip-item\">\n                        <h2>Des int\u00e9grateurs au c\u0153ur de la maison connect\u00e9e<\/h2>\n                <p data-start=\"840\" data-end=\"1072\">Les <strong data-start=\"844\" data-end=\"875\">int\u00e9grateurs professionnels<\/strong> sont les h\u00e9ros m\u00e9connus de l\u2019\u00e9cosyst\u00e8me domotique.<br data-start=\"926\" data-end=\"929\" \/>Ils orchestrent <strong data-start=\"945\" data-end=\"957\">s\u00e9curit\u00e9<\/strong>, <strong data-start=\"959\" data-end=\"974\">audiovisuel<\/strong>, et <strong data-start=\"979\" data-end=\"1004\">infrastructure r\u00e9seau<\/strong> pour offrir aux propri\u00e9taires une exp\u00e9rience de vie exceptionnelle.<\/p>\n<p data-start=\"1074\" data-end=\"1318\">Avec l\u2019arriv\u00e9e de syst\u00e8mes 8K, de l\u2019automatisation avanc\u00e9e et d\u2019un nombre croissant d\u2019objets connect\u00e9s (IoT), les int\u00e9grateurs ont besoin d\u2019un partenaire <strong data-start=\"1228\" data-end=\"1245\">r\u00e9seau fiable<\/strong>, qui <strong data-start=\"1251\" data-end=\"1281\">comprend leurs contraintes<\/strong> et <strong data-start=\"1285\" data-end=\"1317\">accompagne leur savoir-faire<\/strong>.<\/p>\n<p data-start=\"1320\" data-end=\"1529\">C\u2019est pr\u00e9cis\u00e9ment ce que propose <strong data-start=\"1353\" data-end=\"1364\">NETGEAR<\/strong> : des <strong data-start=\"1371\" data-end=\"1414\">solutions fiables et faciles \u00e0 d\u00e9ployer<\/strong>, qui simplifient le travail des int\u00e9grateurs tout en garantissant une <strong data-start=\"1485\" data-end=\"1528\">performance optimale pour leurs clients<\/strong>.<\/p>\n    <\/div>\n        <div id=\"topic4\" class=\"skip-item\">\n                        <h2>Nouveaut\u00e9 : d\u00e9couvrez le WAX610W<\/h2>\n                <p data-start=\"2329\" data-end=\"2696\">Le <strong data-start=\"2332\" data-end=\"2343\">WAX610W<\/strong> n\u2019est qu\u2019un \u00e9l\u00e9ment de l\u2019offre NETGEAR pour le march\u00e9 r\u00e9sidentiel haut de gamme.<br data-start=\"2424\" data-end=\"2427\" \/>Nos solutions <strong data-start=\"2441\" data-end=\"2452\">AV Line<\/strong>, notamment la <strong data-start=\"2467\" data-end=\"2498\">r\u00e9volutionnaire s\u00e9rie M4350<\/strong> avec identification des ports par couleur et <strong data-start=\"2544\" data-end=\"2585\">syst\u00e8me d\u2019exploitation NETGEAR AV OS\u2122<\/strong>, transforment la mani\u00e8re dont les int\u00e9grateurs con\u00e7oivent et d\u00e9ploient des installations dans toute la maison.<\/p>\n<p data-start=\"2698\" data-end=\"2930\">Gr\u00e2ce \u00e0 des <strong data-start=\"2710\" data-end=\"2745\">profils pr\u00e9configur\u00e9s certifi\u00e9s<\/strong> pour les plateformes les plus utilis\u00e9es (Control4, Crestron, Savant, Sonos\u2026), NETGEAR <strong data-start=\"2832\" data-end=\"2872\">simplifie les int\u00e9grations complexes<\/strong> et <strong data-start=\"2876\" data-end=\"2929\">r\u00e9duit consid\u00e9rablement le temps de configuration<\/strong>.<\/p>\n<p data-start=\"2932\" data-end=\"3026\">C\u2019est la <strong data-start=\"2941\" data-end=\"2977\">performance de niveau entreprise<\/strong>, avec la <strong data-start=\"2987\" data-end=\"3025\">simplicit\u00e9 qu\u2019exige le r\u00e9sidentiel<\/strong>.<\/p>\n<p align=\"center\"><iframe loading=\"lazy\" src=\"https:\/\/www.youtube.com\/embed\/AU8aCvUOfbc?si=xmyaZaY0jJ8Xe6aO\" width=\"560\" height=\"315\" frameborder=\"0\" allowfullscreen=\"allowfullscreen\"><\/iframe><\/p>\n    <\/div>\n        <div id=\"topic5\" class=\"skip-item\">\n                        <h2>Vivez l\u2019exp\u00e9rience NETGEAR au CEDIA 2025<\/h2>\n                <p data-start=\"3085\" data-end=\"3413\"><strong data-start=\"3088\" data-end=\"3112\">Rendez-vous \u00e0 Denver<\/strong>, du <strong data-start=\"3117\" data-end=\"3137\">3 au 6 septembre<\/strong>, sur le <strong data-start=\"3146\" data-end=\"3161\">stand #3143<\/strong><br data-start=\"3161\" data-end=\"3164\" \/>D\u00e9mos exclusives, sessions techniques approfondies, et \u00e9changes directs avec nos \u00e9quipes d\u2019ing\u00e9nierie et de produits.<br data-start=\"3284\" data-end=\"3287\" \/>D\u00e9couvrez comment NETGEAR devient votre <strong data-start=\"3327\" data-end=\"3361\">partenaire r\u00e9seau de confiance<\/strong> pour les installations domotiques professionnelles.<\/p>\n<p data-start=\"3415\" data-end=\"3523\"><strong data-start=\"3418\" data-end=\"3436\">En savoir plus<\/strong> : <a class=\"decorated-link cursor-pointer\" href=\"https:\/\/www.netgear.com\/hub\/event\/cedia-expo\" target=\"_new\" rel=\"noopener\" data-start=\"3439\" data-end=\"3523\">www.netgear.com\/hub\/event\/cedia-expo<\/a><\/p>\n    <\/div>\n        <div id=\"topic6\" class=\"skip-item\">\n                        <h2>Plus d'informations<\/h2>\n                <p>\n<!--SOLUTIONS NETGEAR AV --><\/p>\n<p> Plus d\u2019informations sur nos solutions audiovisuelles<\/p>\n<div class=\"hs-cta-embed hs-cta-simple-placeholder hs-cta-embed-241151160046\" style=\"max-width:100%;max-height:100%;width:260px;height:50.390625px\" data-hubspot-wrapper-cta-id=\"241151160046\"><br \/>\n  <a href=\"https:\/\/cta-na2.hubspot.com\/web-interactives\/public\/v1\/track\/redirect?encryptedPayload=AVxigLJf4HGLXU18h5HBrlQTZuKX4p21iriDX%2FD9Weo1E0jc26wgSp32sJpGF%2FrOb977gqk9Skq%2FVgamhq%2FXvCN0mPQ1dmrdARtcNUH8fV5cFOvngo8qJ8EuMyEq%2Fqu2y51zC2FZUVyu97opP5ixVGCiE%2Bg6BOgTVVDljEMF5hhhXUNpnikrl2UTN%2Bb3TA%3D%3D&#038;webInteractiveContentId=241151160046&#038;portalId=242128791\" target=\"_blank\" rel=\"noopener\"><br \/>\n    <img decoding=\"async\" alt=\"SOLUTIONS NETGEAR AV\" loading=\"lazy\" src=\"https:\/\/hubspot-no-cache-na2-prod.s3.amazonaws.com\/cta\/default\/242128791\/interactive-241151160046.png\" style=\"height: 100%;width: 100%;object-fit: fill\" \/><br \/>\n  <\/a>\n<\/div>\n<\/p>\n<p><!-- NETGEAR ACADEMY AV --><\/p>\n<p> Apprenez tout sur les r\u00e9seaux IP gr\u00e2ce \u00e0 la NETGEAR ACADEMY<\/p>\n<div class=\"hs-cta-embed hs-cta-simple-placeholder hs-cta-embed-241151160033\" style=\"max-width:100%;max-height:100%;width:260px;height:50.390625px\" data-hubspot-wrapper-cta-id=\"241151160033\"><br \/>\n  <a href=\"https:\/\/cta-na2.hubspot.com\/web-interactives\/public\/v1\/track\/redirect?encryptedPayload=AVxigLJ6zgXxrLVJLagOt9pyIXf5%2FGgh9lUupWJj49Nfcbq71eIrrvJQt9JGeaQwNkTAPTWhI2%2BXk56NQscWP4xOQ7iZrhk6rkBjyO4dBlJGP1gG3BpcrdlgLyF%2F850K2l3xn5kDj5H%2Fur8VO2zJH58QH7by4HFWliY25223Shr3sQx25aCmNBjCDkNwA2WRum67F9fGyQyzoYOn86wAq%2Brw3xzsBDMbyw%3D%3D&#038;webInteractiveContentId=241151160033&#038;portalId=242128791\" target=\"_blank\" rel=\"noopener\"><br \/>\n    <img decoding=\"async\" alt=\"NETGEAR ACADEMY\" loading=\"lazy\" src=\"https:\/\/hubspot-no-cache-na2-prod.s3.amazonaws.com\/cta\/default\/242128791\/interactive-241151160033.png\" style=\"height: 100%;width: 100%;object-fit: fill\" \/><br \/>\n  <\/a>\n<\/div>\n<\/p>\n<p><!--CONTACTEZ L'EQUIPE PROAV --><\/p>\n<p>Nos ing\u00e9nieurs vous accompagneront gratuitement dans la r\u00e9alisation de vos projets audiovisuels<\/p>\n<div class=\"hs-cta-embed hs-cta-simple-placeholder hs-cta-embed-241151160055\" style=\"max-width:100%;max-height:100%;width:270px;height:50.390625px\" data-hubspot-wrapper-cta-id=\"241151160055\"><br \/>\n  <a href=\"https:\/\/cta-na2.hubspot.com\/web-interactives\/public\/v1\/track\/redirect?encryptedPayload=AVxigLLUG9XShtF2ziGdRlpsMD%2BMJ39t1kFOE7VlHl2HmmlWzlJWH0rsV7f3eoQL53gclcWb0lliiDgK3EAMVvEOcIE7gW9aYOwk1uipv43pSUkBlDtiKJ%2BcB7fopWupnJbggqZWRkNERZkdh1dDGXHHDJX3V0sOA8mbXD%2Fd6QC2XK2OyVtrDNFDHbBoT6b15PyvF4Ca3b6JBNTYdAzYeH790XenlNKBP4OKZqw50t7IGx9DuADFMFlNdg6FWQ%3D%3D&#038;webInteractiveContentId=241151160055&#038;portalId=242128791\" target=\"_blank\" rel=\"noopener\"><br \/>\n    <img decoding=\"async\" alt=\"CONTACTEZ L'EQUIPE PROAV\" loading=\"lazy\" src=\"https:\/\/hubspot-no-cache-na2-prod.s3.amazonaws.com\/cta\/default\/242128791\/interactive-241151160055.png\" style=\"height: 100%;width: 100%;object-fit: fill\" \/><br \/>\n  <\/a>\n<\/div><\/p>\n    <\/div>\n        <div id=\"topic7\" class=\"skip-item\">\n                        <p><iframe loading=\"lazy\" src=\"https:\/\/405nrr.share-na2.hsforms.com\/24AR2ZDSmQqWycFqf8q5-eg\" width=\"100%\" height=\"1200px\"><\/iframe><\/p>\n    <\/div>\n    \n","protected":false},"excerpt":{"rendered":"<p>Le march\u00e9 r\u00e9sidentiel professionnel \u00e9volue rapidement, et NETGEAR est \u00e0 la pointe avec des solutions r\u00e9seau innovantes pour les r\u00e9sidences de luxe, les immeubles multi-unit\u00e9s (MDU) et les installations domotiques avanc\u00e9es. \u00c0 l\u2019occasion du CEDIA 2025 \u00e0 Denver, nous pr\u00e9senterons des technologies de rupture qui permettent aux int\u00e9grateurs de proposer des exp\u00e9riences fluides et ultra-performantes. [&hellip;]<\/p>\n","protected":false},"author":97,"featured_media":10750,"parent":6754,"menu_order":0,"comment_status":"closed","ping_status":"closed","template":"templates\/blog-wifi.php","meta":{"_acf_changed":false,"content-type":"","footnotes":""},"class_list":["post-10751","page","type-page","status-publish","has-post-thumbnail","hentry"],"acf":[],"yoast_head":"<!-- This site is optimized with the Yoast SEO plugin v27.4 - https:\/\/yoast.com\/product\/yoast-seo-wordpress\/ -->\n<title>NETGEAR en vedette au CEDIA 2025 - NETGEAR Blog<\/title>\n<meta name=\"description\" content=\"NETGEAR Engage : \u00c9volution ou R\u00e9volution ?\" \/>\n<meta name=\"robots\" content=\"index, follow, max-snippet:-1, max-image-preview:large, max-video-preview:-1\" \/>\n<link rel=\"canonical\" href=\"https:\/\/frhub.netgear.com\/fr\/hub\/business\/av\/netgear-cedia-2025-smart-home-networking\/\" \/>\n<meta property=\"og:locale\" content=\"en_US\" \/>\n<meta property=\"og:type\" content=\"article\" \/>\n<meta property=\"og:title\" content=\"NETGEAR en vedette au CEDIA 2025 - NETGEAR Blog\" \/>\n<meta property=\"og:description\" content=\"NETGEAR Engage : \u00c9volution ou R\u00e9volution ?\" \/>\n<meta property=\"og:url\" content=\"https:\/\/frhub.netgear.com\/fr\/hub\/business\/av\/netgear-cedia-2025-smart-home-networking\/\" \/>\n<meta property=\"og:site_name\" content=\"NETGEAR Blog\" \/>\n<meta property=\"article:publisher\" content=\"https:\/\/www.facebook.com\/NetgearAU\/\" \/>\n<meta property=\"article:modified_time\" content=\"2025-10-03T07:32:32+00:00\" \/>\n<meta property=\"og:image\" content=\"https:\/\/frhub.netgear.com\/fr\/hub\/wp-content\/uploads\/2025\/09\/vignetteCEDIA2025.jpeg\" \/>\n\t<meta property=\"og:image:width\" content=\"380\" \/>\n\t<meta property=\"og:image:height\" content=\"288\" \/>\n\t<meta property=\"og:image:type\" content=\"image\/jpeg\" \/>\n<meta name=\"twitter:card\" content=\"summary_large_image\" \/>\n<meta name=\"twitter:site\" content=\"@NETGEAR\" \/>\n<script type=\"application\/ld+json\" class=\"yoast-schema-graph\">{\"@context\":\"https:\\\/\\\/schema.org\",\"@graph\":[{\"@type\":\"WebPage\",\"@id\":\"https:\\\/\\\/frhub.netgear.com\\\/fr\\\/hub\\\/business\\\/av\\\/netgear-cedia-2025-smart-home-networking\\\/\",\"url\":\"https:\\\/\\\/frhub.netgear.com\\\/fr\\\/hub\\\/business\\\/av\\\/netgear-cedia-2025-smart-home-networking\\\/\",\"name\":\"NETGEAR en vedette au CEDIA 2025 - NETGEAR Blog\",\"isPartOf\":{\"@id\":\"https:\\\/\\\/frhub.netgear.com\\\/fr\\\/hub\\\/#website\"},\"primaryImageOfPage\":{\"@id\":\"https:\\\/\\\/frhub.netgear.com\\\/fr\\\/hub\\\/business\\\/av\\\/netgear-cedia-2025-smart-home-networking\\\/#primaryimage\"},\"image\":{\"@id\":\"https:\\\/\\\/frhub.netgear.com\\\/fr\\\/hub\\\/business\\\/av\\\/netgear-cedia-2025-smart-home-networking\\\/#primaryimage\"},\"thumbnailUrl\":\"https:\\\/\\\/frhub.netgear.com\\\/fr\\\/hub\\\/wp-content\\\/uploads\\\/2025\\\/09\\\/vignetteCEDIA2025.jpeg\",\"datePublished\":\"2025-09-05T10:36:54+00:00\",\"dateModified\":\"2025-10-03T07:32:32+00:00\",\"description\":\"NETGEAR Engage : \u00c9volution ou R\u00e9volution ?\",\"breadcrumb\":{\"@id\":\"https:\\\/\\\/frhub.netgear.com\\\/fr\\\/hub\\\/business\\\/av\\\/netgear-cedia-2025-smart-home-networking\\\/#breadcrumb\"},\"inLanguage\":\"en-US\",\"potentialAction\":[{\"@type\":\"ReadAction\",\"target\":[\"https:\\\/\\\/frhub.netgear.com\\\/fr\\\/hub\\\/business\\\/av\\\/netgear-cedia-2025-smart-home-networking\\\/\"]}]},{\"@type\":\"ImageObject\",\"inLanguage\":\"en-US\",\"@id\":\"https:\\\/\\\/frhub.netgear.com\\\/fr\\\/hub\\\/business\\\/av\\\/netgear-cedia-2025-smart-home-networking\\\/#primaryimage\",\"url\":\"https:\\\/\\\/frhub.netgear.com\\\/fr\\\/hub\\\/wp-content\\\/uploads\\\/2025\\\/09\\\/vignetteCEDIA2025.jpeg\",\"contentUrl\":\"https:\\\/\\\/frhub.netgear.com\\\/fr\\\/hub\\\/wp-content\\\/uploads\\\/2025\\\/09\\\/vignetteCEDIA2025.jpeg\",\"width\":380,\"height\":288},{\"@type\":\"BreadcrumbList\",\"@id\":\"https:\\\/\\\/frhub.netgear.com\\\/fr\\\/hub\\\/business\\\/av\\\/netgear-cedia-2025-smart-home-networking\\\/#breadcrumb\",\"itemListElement\":[{\"@type\":\"ListItem\",\"position\":1,\"name\":\"Home\",\"item\":\"https:\\\/\\\/frhub.netgear.com\\\/fr\\\/hub\\\/\"},{\"@type\":\"ListItem\",\"position\":2,\"name\":\"Entreprises\",\"item\":\"https:\\\/\\\/frhub.netgear.com\\\/fr\\\/hub\\\/business\\\/\"},{\"@type\":\"ListItem\",\"position\":3,\"name\":\"Entreprise AV\",\"item\":\"https:\\\/\\\/frhub.netgear.com\\\/fr\\\/hub\\\/business\\\/av\\\/\"},{\"@type\":\"ListItem\",\"position\":4,\"name\":\"NETGEAR en vedette au CEDIA 2025\"}]},{\"@type\":\"WebSite\",\"@id\":\"https:\\\/\\\/frhub.netgear.com\\\/fr\\\/hub\\\/#website\",\"url\":\"https:\\\/\\\/frhub.netgear.com\\\/fr\\\/hub\\\/\",\"name\":\"NETGEAR Hub France\",\"description\":\"Explorez les pages de notre blog et parcourez les articles pour en savoir plus sur les produits et la technologie NETGEAR.\",\"publisher\":{\"@id\":\"https:\\\/\\\/frhub.netgear.com\\\/fr\\\/hub\\\/#organization\"},\"potentialAction\":[{\"@type\":\"SearchAction\",\"target\":{\"@type\":\"EntryPoint\",\"urlTemplate\":\"https:\\\/\\\/frhub.netgear.com\\\/fr\\\/hub\\\/?s={search_term_string}\"},\"query-input\":{\"@type\":\"PropertyValueSpecification\",\"valueRequired\":true,\"valueName\":\"search_term_string\"}}],\"inLanguage\":\"en-US\"},{\"@type\":\"Organization\",\"@id\":\"https:\\\/\\\/frhub.netgear.com\\\/fr\\\/hub\\\/#organization\",\"name\":\"NETGEAR\",\"url\":\"https:\\\/\\\/frhub.netgear.com\\\/fr\\\/hub\\\/\",\"logo\":{\"@type\":\"ImageObject\",\"inLanguage\":\"en-US\",\"@id\":\"https:\\\/\\\/frhub.netgear.com\\\/fr\\\/hub\\\/#\\\/schema\\\/logo\\\/image\\\/\",\"url\":\"https:\\\/\\\/www.netgear.com\\\/fr\\\/hub\\\/wp-content\\\/uploads\\\/2019\\\/07\\\/NETGEAR_logo.jpg\",\"contentUrl\":\"https:\\\/\\\/www.netgear.com\\\/fr\\\/hub\\\/wp-content\\\/uploads\\\/2019\\\/07\\\/NETGEAR_logo.jpg\",\"width\":1500,\"height\":501,\"caption\":\"NETGEAR\"},\"image\":{\"@id\":\"https:\\\/\\\/frhub.netgear.com\\\/fr\\\/hub\\\/#\\\/schema\\\/logo\\\/image\\\/\"},\"sameAs\":[\"https:\\\/\\\/www.facebook.com\\\/NetgearAU\\\/\",\"https:\\\/\\\/x.com\\\/NETGEAR\",\"https:\\\/\\\/www.linkedin.com\\\/company\\\/netgear\"]}]}<\/script>\n<!-- \/ Yoast SEO plugin. -->","yoast_head_json":{"title":"NETGEAR en vedette au CEDIA 2025 - NETGEAR Blog","description":"NETGEAR Engage : \u00c9volution ou R\u00e9volution ?","robots":{"index":"index","follow":"follow","max-snippet":"max-snippet:-1","max-image-preview":"max-image-preview:large","max-video-preview":"max-video-preview:-1"},"canonical":"https:\/\/frhub.netgear.com\/fr\/hub\/business\/av\/netgear-cedia-2025-smart-home-networking\/","og_locale":"en_US","og_type":"article","og_title":"NETGEAR en vedette au CEDIA 2025 - NETGEAR Blog","og_description":"NETGEAR Engage : \u00c9volution ou R\u00e9volution ?","og_url":"https:\/\/frhub.netgear.com\/fr\/hub\/business\/av\/netgear-cedia-2025-smart-home-networking\/","og_site_name":"NETGEAR Blog","article_publisher":"https:\/\/www.facebook.com\/NetgearAU\/","article_modified_time":"2025-10-03T07:32:32+00:00","og_image":[{"width":380,"height":288,"url":"https:\/\/frhub.netgear.com\/fr\/hub\/wp-content\/uploads\/2025\/09\/vignetteCEDIA2025.jpeg","type":"image\/jpeg"}],"twitter_card":"summary_large_image","twitter_site":"@NETGEAR","schema":{"@context":"https:\/\/schema.org","@graph":[{"@type":"WebPage","@id":"https:\/\/frhub.netgear.com\/fr\/hub\/business\/av\/netgear-cedia-2025-smart-home-networking\/","url":"https:\/\/frhub.netgear.com\/fr\/hub\/business\/av\/netgear-cedia-2025-smart-home-networking\/","name":"NETGEAR en vedette au CEDIA 2025 - NETGEAR Blog","isPartOf":{"@id":"https:\/\/frhub.netgear.com\/fr\/hub\/#website"},"primaryImageOfPage":{"@id":"https:\/\/frhub.netgear.com\/fr\/hub\/business\/av\/netgear-cedia-2025-smart-home-networking\/#primaryimage"},"image":{"@id":"https:\/\/frhub.netgear.com\/fr\/hub\/business\/av\/netgear-cedia-2025-smart-home-networking\/#primaryimage"},"thumbnailUrl":"https:\/\/frhub.netgear.com\/fr\/hub\/wp-content\/uploads\/2025\/09\/vignetteCEDIA2025.jpeg","datePublished":"2025-09-05T10:36:54+00:00","dateModified":"2025-10-03T07:32:32+00:00","description":"NETGEAR Engage : \u00c9volution ou R\u00e9volution ?","breadcrumb":{"@id":"https:\/\/frhub.netgear.com\/fr\/hub\/business\/av\/netgear-cedia-2025-smart-home-networking\/#breadcrumb"},"inLanguage":"en-US","potentialAction":[{"@type":"ReadAction","target":["https:\/\/frhub.netgear.com\/fr\/hub\/business\/av\/netgear-cedia-2025-smart-home-networking\/"]}]},{"@type":"ImageObject","inLanguage":"en-US","@id":"https:\/\/frhub.netgear.com\/fr\/hub\/business\/av\/netgear-cedia-2025-smart-home-networking\/#primaryimage","url":"https:\/\/frhub.netgear.com\/fr\/hub\/wp-content\/uploads\/2025\/09\/vignetteCEDIA2025.jpeg","contentUrl":"https:\/\/frhub.netgear.com\/fr\/hub\/wp-content\/uploads\/2025\/09\/vignetteCEDIA2025.jpeg","width":380,"height":288},{"@type":"BreadcrumbList","@id":"https:\/\/frhub.netgear.com\/fr\/hub\/business\/av\/netgear-cedia-2025-smart-home-networking\/#breadcrumb","itemListElement":[{"@type":"ListItem","position":1,"name":"Home","item":"https:\/\/frhub.netgear.com\/fr\/hub\/"},{"@type":"ListItem","position":2,"name":"Entreprises","item":"https:\/\/frhub.netgear.com\/fr\/hub\/business\/"},{"@type":"ListItem","position":3,"name":"Entreprise AV","item":"https:\/\/frhub.netgear.com\/fr\/hub\/business\/av\/"},{"@type":"ListItem","position":4,"name":"NETGEAR en vedette au CEDIA 2025"}]},{"@type":"WebSite","@id":"https:\/\/frhub.netgear.com\/fr\/hub\/#website","url":"https:\/\/frhub.netgear.com\/fr\/hub\/","name":"NETGEAR Hub France","description":"Explorez les pages de notre blog et parcourez les articles pour en savoir plus sur les produits et la technologie NETGEAR.","publisher":{"@id":"https:\/\/frhub.netgear.com\/fr\/hub\/#organization"},"potentialAction":[{"@type":"SearchAction","target":{"@type":"EntryPoint","urlTemplate":"https:\/\/frhub.netgear.com\/fr\/hub\/?s={search_term_string}"},"query-input":{"@type":"PropertyValueSpecification","valueRequired":true,"valueName":"search_term_string"}}],"inLanguage":"en-US"},{"@type":"Organization","@id":"https:\/\/frhub.netgear.com\/fr\/hub\/#organization","name":"NETGEAR","url":"https:\/\/frhub.netgear.com\/fr\/hub\/","logo":{"@type":"ImageObject","inLanguage":"en-US","@id":"https:\/\/frhub.netgear.com\/fr\/hub\/#\/schema\/logo\/image\/","url":"https:\/\/www.netgear.com\/fr\/hub\/wp-content\/uploads\/2019\/07\/NETGEAR_logo.jpg","contentUrl":"https:\/\/www.netgear.com\/fr\/hub\/wp-content\/uploads\/2019\/07\/NETGEAR_logo.jpg","width":1500,"height":501,"caption":"NETGEAR"},"image":{"@id":"https:\/\/frhub.netgear.com\/fr\/hub\/#\/schema\/logo\/image\/"},"sameAs":["https:\/\/www.facebook.com\/NetgearAU\/","https:\/\/x.com\/NETGEAR","https:\/\/www.linkedin.com\/company\/netgear"]}]}},"_links":{"self":[{"href":"https:\/\/frhub.netgear.com\/fr\/hub\/wp-json\/wp\/v2\/pages\/10751","targetHints":{"allow":["GET"]}}],"collection":[{"href":"https:\/\/frhub.netgear.com\/fr\/hub\/wp-json\/wp\/v2\/pages"}],"about":[{"href":"https:\/\/frhub.netgear.com\/fr\/hub\/wp-json\/wp\/v2\/types\/page"}],"author":[{"embeddable":true,"href":"https:\/\/frhub.netgear.com\/fr\/hub\/wp-json\/wp\/v2\/users\/97"}],"replies":[{"embeddable":true,"href":"https:\/\/frhub.netgear.com\/fr\/hub\/wp-json\/wp\/v2\/comments?post=10751"}],"version-history":[{"count":4,"href":"https:\/\/frhub.netgear.com\/fr\/hub\/wp-json\/wp\/v2\/pages\/10751\/revisions"}],"predecessor-version":[{"id":11008,"href":"https:\/\/frhub.netgear.com\/fr\/hub\/wp-json\/wp\/v2\/pages\/10751\/revisions\/11008"}],"up":[{"embeddable":true,"href":"https:\/\/frhub.netgear.com\/fr\/hub\/wp-json\/wp\/v2\/pages\/6754"}],"wp:featuredmedia":[{"embeddable":true,"href":"https:\/\/frhub.netgear.com\/fr\/hub\/wp-json\/wp\/v2\/media\/10750"}],"wp:attachment":[{"href":"https:\/\/frhub.netgear.com\/fr\/hub\/wp-json\/wp\/v2\/media?parent=10751"}],"curies":[{"name":"wp","href":"https:\/\/api.w.org\/{rel}","templated":true}]}}