{"id":10743,"date":"2025-09-05T11:57:46","date_gmt":"2025-09-05T09:57:46","guid":{"rendered":"https:\/\/frhub.netgear.com\/fr\/hub\/business\/av\/the-cloud-revolution-in-professional-av-why-the-future-is-software-defined-2\/"},"modified":"2025-10-03T09:33:12","modified_gmt":"2025-10-03T07:33:12","slug":"netgear-lightware-av-over-ip-partnership","status":"publish","type":"page","link":"https:\/\/frhub.netgear.com\/fr\/hub\/business\/av\/netgear-lightware-av-over-ip-partnership\/","title":{"rendered":"NETGEAR et Lightware red\u00e9finissent l\u2019AV sur IP"},"content":{"rendered":"<p data-start=\"181\" data-end=\"466\">En alliant <strong data-start=\"192\" data-end=\"229\">26 ans d\u2019expertise en audiovisuel<\/strong> \u00e0 une <strong data-start=\"236\" data-end=\"266\">innovation r\u00e9seau \u00e9prouv\u00e9e<\/strong>, NETGEAR et Lightware proposent des solutions <strong data-start=\"313\" data-end=\"342\">\u00e9volutives et pr\u00e9valid\u00e9es<\/strong>, allant de <strong data-start=\"354\" data-end=\"377\">1G \u00e0 10G et au-del\u00e0<\/strong>. Ces solutions simplifient les d\u00e9ploiements tout en garantissant une fiabilit\u00e9 optimale.<\/p>\n<p data-start=\"468\" data-end=\"679\">Ce partenariat s\u2019accompagne \u00e9galement de <strong data-start=\"509\" data-end=\"546\">programmes de formation conjoints<\/strong>, visant \u00e0 doter les professionnels de l\u2019AV des <strong data-start=\"594\" data-end=\"621\">comp\u00e9tences n\u00e9cessaires<\/strong> pour r\u00e9aliser des installations <strong data-start=\"654\" data-end=\"678\">pr\u00eates pour l\u2019avenir<\/strong>.<\/p>\n    <div class=\"table-of-content bg-gray\">\n        <p><strong>IN THIS ARTICLE<\/strong><\/p>\n        <ul>\n                        <li><a href=\"#topic1\">AV \u00e9volu\u00e9 \u2013 Des partenariats nouvelle g\u00e9n\u00e9ration pour un audiovisuel nouvelle g\u00e9n\u00e9ration<\/a><\/li>\n                        <li><a href=\"#topic2\">Des solutions \u00e9volutives et des performances valid\u00e9es<\/a><\/li>\n                        <li><a href=\"#topic3\">Un partenariat aussi dans la formation<\/a><\/li>\n                        <li><a href=\"#topic4\">Plus d'informations<\/a><\/li>\n                    <\/ul>\n    <\/div>\n        <div id=\"topic1\" class=\"skip-item\">\n                        <h2>AV \u00e9volu\u00e9 \u2013 Des partenariats nouvelle g\u00e9n\u00e9ration pour un audiovisuel nouvelle g\u00e9n\u00e9ration<\/h2>\n                <p data-start=\"232\" data-end=\"439\">Les <strong data-start=\"236\" data-end=\"274\">26 ans d\u2019expertise AV de Lightware<\/strong> rencontrent <strong data-start=\"287\" data-end=\"330\">l\u2019innovation r\u00e9seau \u00e9prouv\u00e9e de NETGEAR<\/strong> pour accompagner la transition acc\u00e9l\u00e9r\u00e9e de l\u2019industrie AV professionnelle vers les solutions <strong data-start=\"425\" data-end=\"438\">AV sur IP<\/strong>.<\/p>\n<p data-start=\"441\" data-end=\"900\">Face \u00e0 une demande croissante en solutions <strong data-start=\"484\" data-end=\"511\">flexibles et \u00e9volutives<\/strong>, ce partenariat associe le <strong data-start=\"539\" data-end=\"584\">vaste portefeuille AV sur IP de Lightware<\/strong> \u00e0 l\u2019<strong data-start=\"589\" data-end=\"633\">infrastructure r\u00e9seau robuste de NETGEAR<\/strong>.<br data-start=\"634\" data-end=\"637\" \/>Ensemble, ils proposent des solutions <strong data-start=\"675\" data-end=\"690\">pr\u00e9valid\u00e9es<\/strong>, capables de r\u00e9pondre \u00e0 des besoins de <strong data-start=\"730\" data-end=\"755\">bande passante vari\u00e9s<\/strong>, de <strong data-start=\"760\" data-end=\"783\">1G \u00e0 10G et au-del\u00e0<\/strong>, transformant les d\u00e9ploiements dans les environnements <strong data-start=\"839\" data-end=\"852\">corporate<\/strong>, <strong data-start=\"854\" data-end=\"872\">divertissement<\/strong>, ou \u00e0 <strong data-start=\"879\" data-end=\"899\">enjeux critiques<\/strong>.<\/p>\n    <\/div>\n        <div id=\"topic2\" class=\"skip-item\">\n                        <h2>Des solutions \u00e9volutives et des performances valid\u00e9es<\/h2>\n                <p data-start=\"969\" data-end=\"1065\">La strat\u00e9gie de bande passante de Lightware garantit <strong data-start=\"1022\" data-end=\"1061\">la solution adapt\u00e9e \u00e0 chaque besoin<\/strong> :<\/p>\n<ul data-start=\"1066\" data-end=\"1169\">\n<li data-start=\"1066\" data-end=\"1106\">\n<p data-start=\"1068\" data-end=\"1106\">Des installations <strong data-start=\"1086\" data-end=\"1104\">1G \u00e9conomiques<\/strong><\/p>\n<\/li>\n<li data-start=\"1107\" data-end=\"1169\">\n<p data-start=\"1109\" data-end=\"1169\">Jusqu\u2019aux d\u00e9ploiements <strong data-start=\"1132\" data-end=\"1147\">10G avanc\u00e9s<\/strong> avec la gamme <strong data-start=\"1162\" data-end=\"1169\">TPN<\/strong><\/p>\n<\/li>\n<\/ul>\n<p data-start=\"1171\" data-end=\"1314\">Ces solutions sont <strong data-start=\"1190\" data-end=\"1250\">soutenues par les commutateurs AV NETGEAR M4250 et M4350<\/strong>, offrant une base solide pour la croissance actuelle et future.<\/p>\n<p data-start=\"1316\" data-end=\"1402\">Gr\u00e2ce \u00e0 un <strong data-start=\"1327\" data-end=\"1360\">profil Lightware pr\u00e9configur\u00e9<\/strong>, la configuration complexe est \u00e9limin\u00e9e :<\/p>\n<ul data-start=\"1403\" data-end=\"1480\">\n<li data-start=\"1403\" data-end=\"1434\">\n<p data-start=\"1405\" data-end=\"1434\">D\u00e9ploiement <strong data-start=\"1417\" data-end=\"1434\">plug-and-play<\/strong><\/p>\n<\/li>\n<li data-start=\"1435\" data-end=\"1480\">\n<p data-start=\"1437\" data-end=\"1480\">Configuration <strong data-start=\"1451\" data-end=\"1480\">UBEX AV sur IP en un clic<\/strong><\/p>\n<\/li>\n<\/ul>\n<p data-start=\"1482\" data-end=\"1630\">Les commutateurs NETGEAR sont <strong data-start=\"1512\" data-end=\"1534\">enti\u00e8rement test\u00e9s<\/strong> avec l\u2019ensemble du portefeuille Lightware, assurant des r\u00e9sultats <strong data-start=\"1601\" data-end=\"1629\">constants et performants<\/strong>.<\/p>\n<p data-start=\"1632\" data-end=\"1899\">Le succ\u00e8s ne d\u00e9pend pas seulement de la bande passante, mais aussi de l\u2019<strong data-start=\"1704\" data-end=\"1737\">optimisation de la conception<\/strong> en mati\u00e8re de <strong data-start=\"1752\" data-end=\"1763\">latence<\/strong>, de <strong data-start=\"1768\" data-end=\"1783\">compression<\/strong> et de <strong data-start=\"1790\" data-end=\"1805\">rentabilit\u00e9<\/strong> \u2014 donnant aux int\u00e9grateurs la <strong data-start=\"1836\" data-end=\"1860\">confiance n\u00e9cessaire<\/strong> pour \u00e9quilibrer performance et budget.<\/p>\n    <\/div>\n        <div id=\"topic3\" class=\"skip-item\">\n                        <h2>Un partenariat aussi dans la formation<\/h2>\n                <p data-start=\"1953\" data-end=\"2082\">Au-del\u00e0 de la technologie, cette collaboration s&#8217;\u00e9tend \u00e0 la <strong data-start=\"2013\" data-end=\"2042\">formation professionnelle<\/strong>, au b\u00e9n\u00e9fice de toute la communaut\u00e9 AV.<\/p>\n<ul data-start=\"2084\" data-end=\"2271\">\n<li data-start=\"2084\" data-end=\"2171\">\n<p data-start=\"2086\" data-end=\"2171\">La <strong data-start=\"2089\" data-end=\"2120\">formation UBEX de Lightware<\/strong> est d\u00e9sormais disponible sur <strong data-start=\"2150\" data-end=\"2169\">NETGEAR Academy<\/strong><\/p>\n<\/li>\n<li data-start=\"2172\" data-end=\"2271\">\n<p data-start=\"2174\" data-end=\"2271\">Les <strong data-start=\"2178\" data-end=\"2212\">fondamentaux du r\u00e9seau NETGEAR<\/strong> sont accessibles sur le <strong data-start=\"2237\" data-end=\"2271\">portail de formation Lightware<\/strong><\/p>\n<\/li>\n<\/ul>\n<p data-start=\"2273\" data-end=\"2505\">En <strong data-start=\"2276\" data-end=\"2339\">partageant leur expertise sur leurs plateformes respectives<\/strong>, les deux entreprises <strong data-start=\"2362\" data-end=\"2408\">d\u00e9mocratisent la formation professionnelle<\/strong> et donnent aux int\u00e9grateurs les <strong data-start=\"2441\" data-end=\"2463\">connaissances cl\u00e9s<\/strong> pour r\u00e9ussir leurs projets <strong data-start=\"2491\" data-end=\"2504\">AV sur IP<\/strong>.<\/p>\n<h3 data-start=\"2512\" data-end=\"2535\">En savoir plus :<\/h3>\n<ul data-start=\"2537\" data-end=\"2843\">\n<li data-start=\"2537\" data-end=\"2619\">\n<p data-start=\"2539\" data-end=\"2619\">D\u00e9couvrir les solutions Lightware : <a href=\"https:\/\/www.lightware.com\">lightware.com<\/a><\/p>\n<\/li>\n<li data-start=\"2537\" data-end=\"2619\">\n<p data-start=\"2539\" data-end=\"2619\">Acc\u00e9der \u00e0 la formation UBEX sur NETGEAR Academy : <a href=\"https:\/\/netgear.academy.com\">netgear.academy.com<\/a><\/p>\n<\/li>\n<li data-start=\"2537\" data-end=\"2619\">\n<p data-start=\"2539\" data-end=\"2619\">Suivre la formation r\u00e9seau NETGEAR sur le portail Lightware : <a href=\"https:\/\/academy.lightware.com\">academy.lightware.com<\/a><\/p>\n<\/li>\n<\/ul>\n    <\/div>\n        <div id=\"topic4\" class=\"skip-item\">\n                        <h2>Plus d'informations<\/h2>\n                <p>\n<!--SOLUTIONS NETGEAR AV --><\/p>\n<p> Plus d\u2019informations sur nos solutions audiovisuelles<\/p>\n<div class=\"hs-cta-embed hs-cta-simple-placeholder hs-cta-embed-241151160046\" style=\"max-width:100%;max-height:100%;width:260px;height:50.390625px\" data-hubspot-wrapper-cta-id=\"241151160046\"><br \/>\n  <a href=\"https:\/\/cta-na2.hubspot.com\/web-interactives\/public\/v1\/track\/redirect?encryptedPayload=AVxigLJf4HGLXU18h5HBrlQTZuKX4p21iriDX%2FD9Weo1E0jc26wgSp32sJpGF%2FrOb977gqk9Skq%2FVgamhq%2FXvCN0mPQ1dmrdARtcNUH8fV5cFOvngo8qJ8EuMyEq%2Fqu2y51zC2FZUVyu97opP5ixVGCiE%2Bg6BOgTVVDljEMF5hhhXUNpnikrl2UTN%2Bb3TA%3D%3D&#038;webInteractiveContentId=241151160046&#038;portalId=242128791\" target=\"_blank\" rel=\"noopener\"><br \/>\n    <img decoding=\"async\" alt=\"SOLUTIONS NETGEAR AV\" loading=\"lazy\" src=\"https:\/\/hubspot-no-cache-na2-prod.s3.amazonaws.com\/cta\/default\/242128791\/interactive-241151160046.png\" style=\"height: 100%;width: 100%;object-fit: fill\" \/><br \/>\n  <\/a>\n<\/div>\n<\/p>\n<p><!-- NETGEAR ACADEMY AV --><\/p>\n<p> Apprenez tout sur les r\u00e9seaux IP gr\u00e2ce \u00e0 la NETGEAR ACADEMY<\/p>\n<div class=\"hs-cta-embed hs-cta-simple-placeholder hs-cta-embed-241151160033\" style=\"max-width:100%;max-height:100%;width:260px;height:50.390625px\" data-hubspot-wrapper-cta-id=\"241151160033\"><br \/>\n  <a href=\"https:\/\/cta-na2.hubspot.com\/web-interactives\/public\/v1\/track\/redirect?encryptedPayload=AVxigLJ6zgXxrLVJLagOt9pyIXf5%2FGgh9lUupWJj49Nfcbq71eIrrvJQt9JGeaQwNkTAPTWhI2%2BXk56NQscWP4xOQ7iZrhk6rkBjyO4dBlJGP1gG3BpcrdlgLyF%2F850K2l3xn5kDj5H%2Fur8VO2zJH58QH7by4HFWliY25223Shr3sQx25aCmNBjCDkNwA2WRum67F9fGyQyzoYOn86wAq%2Brw3xzsBDMbyw%3D%3D&#038;webInteractiveContentId=241151160033&#038;portalId=242128791\" target=\"_blank\" rel=\"noopener\"><br \/>\n    <img decoding=\"async\" alt=\"NETGEAR ACADEMY\" loading=\"lazy\" src=\"https:\/\/hubspot-no-cache-na2-prod.s3.amazonaws.com\/cta\/default\/242128791\/interactive-241151160033.png\" style=\"height: 100%;width: 100%;object-fit: fill\" \/><br \/>\n  <\/a>\n<\/div>\n<\/p>\n<p><!--CONTACTEZ L'EQUIPE PROAV --><\/p>\n<p>Nos ing\u00e9nieurs vous accompagneront gratuitement dans la r\u00e9alisation de vos projets audiovisuels<\/p>\n<div class=\"hs-cta-embed hs-cta-simple-placeholder hs-cta-embed-241151160055\" style=\"max-width:100%;max-height:100%;width:270px;height:50.390625px\" data-hubspot-wrapper-cta-id=\"241151160055\"><br \/>\n  <a href=\"https:\/\/cta-na2.hubspot.com\/web-interactives\/public\/v1\/track\/redirect?encryptedPayload=AVxigLLUG9XShtF2ziGdRlpsMD%2BMJ39t1kFOE7VlHl2HmmlWzlJWH0rsV7f3eoQL53gclcWb0lliiDgK3EAMVvEOcIE7gW9aYOwk1uipv43pSUkBlDtiKJ%2BcB7fopWupnJbggqZWRkNERZkdh1dDGXHHDJX3V0sOA8mbXD%2Fd6QC2XK2OyVtrDNFDHbBoT6b15PyvF4Ca3b6JBNTYdAzYeH790XenlNKBP4OKZqw50t7IGx9DuADFMFlNdg6FWQ%3D%3D&#038;webInteractiveContentId=241151160055&#038;portalId=242128791\" target=\"_blank\" rel=\"noopener\"><br \/>\n    <img decoding=\"async\" alt=\"CONTACTEZ L'EQUIPE PROAV\" loading=\"lazy\" src=\"https:\/\/hubspot-no-cache-na2-prod.s3.amazonaws.com\/cta\/default\/242128791\/interactive-241151160055.png\" style=\"height: 100%;width: 100%;object-fit: fill\" \/><br \/>\n  <\/a>\n<\/div><\/p>\n    <\/div>\n        <div id=\"topic5\" class=\"skip-item\">\n                        <p><iframe loading=\"lazy\" src=\"https:\/\/405nrr.share-na2.hsforms.com\/24AR2ZDSmQqWycFqf8q5-eg\" width=\"100%\" height=\"1200px\"><\/iframe><\/p>\n    <\/div>\n    \n","protected":false},"excerpt":{"rendered":"<p>En alliant 26 ans d\u2019expertise en audiovisuel \u00e0 une innovation r\u00e9seau \u00e9prouv\u00e9e, NETGEAR et Lightware proposent des solutions \u00e9volutives et pr\u00e9valid\u00e9es, allant de 1G \u00e0 10G et au-del\u00e0. Ces solutions simplifient les d\u00e9ploiements tout en garantissant une fiabilit\u00e9 optimale. Ce partenariat s\u2019accompagne \u00e9galement de programmes de formation conjoints, visant \u00e0 doter les professionnels de l\u2019AV [&hellip;]<\/p>\n","protected":false},"author":97,"featured_media":10746,"parent":6754,"menu_order":0,"comment_status":"closed","ping_status":"closed","template":"templates\/blog-wifi.php","meta":{"_acf_changed":false,"content-type":"","footnotes":""},"class_list":["post-10743","page","type-page","status-publish","has-post-thumbnail","hentry"],"acf":[],"yoast_head":"<!-- This site is optimized with the Yoast SEO plugin v27.4 - https:\/\/yoast.com\/product\/yoast-seo-wordpress\/ -->\n<title>NETGEAR et Lightware red\u00e9finissent l\u2019AV sur IP - NETGEAR Blog<\/title>\n<meta name=\"description\" content=\"NETGEAR Engage : \u00c9volution ou R\u00e9volution ?\" \/>\n<meta name=\"robots\" content=\"index, follow, max-snippet:-1, max-image-preview:large, max-video-preview:-1\" \/>\n<link rel=\"canonical\" href=\"https:\/\/frhub.netgear.com\/fr\/hub\/business\/av\/netgear-lightware-av-over-ip-partnership\/\" \/>\n<meta property=\"og:locale\" content=\"en_US\" \/>\n<meta property=\"og:type\" content=\"article\" \/>\n<meta property=\"og:title\" content=\"NETGEAR et Lightware red\u00e9finissent l\u2019AV sur IP - NETGEAR Blog\" \/>\n<meta property=\"og:description\" content=\"NETGEAR Engage : \u00c9volution ou R\u00e9volution ?\" \/>\n<meta property=\"og:url\" content=\"https:\/\/frhub.netgear.com\/fr\/hub\/business\/av\/netgear-lightware-av-over-ip-partnership\/\" \/>\n<meta property=\"og:site_name\" content=\"NETGEAR Blog\" \/>\n<meta property=\"article:publisher\" content=\"https:\/\/www.facebook.com\/NetgearAU\/\" \/>\n<meta property=\"article:modified_time\" content=\"2025-10-03T07:33:12+00:00\" \/>\n<meta property=\"og:image\" content=\"https:\/\/frhub.netgear.com\/fr\/hub\/wp-content\/uploads\/2025\/09\/Lightware-logo-1-380x288-1.jpeg\" \/>\n\t<meta property=\"og:image:width\" content=\"380\" \/>\n\t<meta property=\"og:image:height\" content=\"288\" \/>\n\t<meta property=\"og:image:type\" content=\"image\/jpeg\" \/>\n<meta name=\"twitter:card\" content=\"summary_large_image\" \/>\n<meta name=\"twitter:site\" content=\"@NETGEAR\" \/>\n<script type=\"application\/ld+json\" class=\"yoast-schema-graph\">{\"@context\":\"https:\\\/\\\/schema.org\",\"@graph\":[{\"@type\":\"WebPage\",\"@id\":\"https:\\\/\\\/frhub.netgear.com\\\/fr\\\/hub\\\/business\\\/av\\\/netgear-lightware-av-over-ip-partnership\\\/\",\"url\":\"https:\\\/\\\/frhub.netgear.com\\\/fr\\\/hub\\\/business\\\/av\\\/netgear-lightware-av-over-ip-partnership\\\/\",\"name\":\"NETGEAR et Lightware red\u00e9finissent l\u2019AV sur IP - NETGEAR Blog\",\"isPartOf\":{\"@id\":\"https:\\\/\\\/frhub.netgear.com\\\/fr\\\/hub\\\/#website\"},\"primaryImageOfPage\":{\"@id\":\"https:\\\/\\\/frhub.netgear.com\\\/fr\\\/hub\\\/business\\\/av\\\/netgear-lightware-av-over-ip-partnership\\\/#primaryimage\"},\"image\":{\"@id\":\"https:\\\/\\\/frhub.netgear.com\\\/fr\\\/hub\\\/business\\\/av\\\/netgear-lightware-av-over-ip-partnership\\\/#primaryimage\"},\"thumbnailUrl\":\"https:\\\/\\\/frhub.netgear.com\\\/fr\\\/hub\\\/wp-content\\\/uploads\\\/2025\\\/09\\\/Lightware-logo-1-380x288-1.jpeg\",\"datePublished\":\"2025-09-05T09:57:46+00:00\",\"dateModified\":\"2025-10-03T07:33:12+00:00\",\"description\":\"NETGEAR Engage : \u00c9volution ou R\u00e9volution ?\",\"breadcrumb\":{\"@id\":\"https:\\\/\\\/frhub.netgear.com\\\/fr\\\/hub\\\/business\\\/av\\\/netgear-lightware-av-over-ip-partnership\\\/#breadcrumb\"},\"inLanguage\":\"en-US\",\"potentialAction\":[{\"@type\":\"ReadAction\",\"target\":[\"https:\\\/\\\/frhub.netgear.com\\\/fr\\\/hub\\\/business\\\/av\\\/netgear-lightware-av-over-ip-partnership\\\/\"]}]},{\"@type\":\"ImageObject\",\"inLanguage\":\"en-US\",\"@id\":\"https:\\\/\\\/frhub.netgear.com\\\/fr\\\/hub\\\/business\\\/av\\\/netgear-lightware-av-over-ip-partnership\\\/#primaryimage\",\"url\":\"https:\\\/\\\/frhub.netgear.com\\\/fr\\\/hub\\\/wp-content\\\/uploads\\\/2025\\\/09\\\/Lightware-logo-1-380x288-1.jpeg\",\"contentUrl\":\"https:\\\/\\\/frhub.netgear.com\\\/fr\\\/hub\\\/wp-content\\\/uploads\\\/2025\\\/09\\\/Lightware-logo-1-380x288-1.jpeg\",\"width\":380,\"height\":288},{\"@type\":\"BreadcrumbList\",\"@id\":\"https:\\\/\\\/frhub.netgear.com\\\/fr\\\/hub\\\/business\\\/av\\\/netgear-lightware-av-over-ip-partnership\\\/#breadcrumb\",\"itemListElement\":[{\"@type\":\"ListItem\",\"position\":1,\"name\":\"Home\",\"item\":\"https:\\\/\\\/frhub.netgear.com\\\/fr\\\/hub\\\/\"},{\"@type\":\"ListItem\",\"position\":2,\"name\":\"Entreprises\",\"item\":\"https:\\\/\\\/frhub.netgear.com\\\/fr\\\/hub\\\/business\\\/\"},{\"@type\":\"ListItem\",\"position\":3,\"name\":\"Entreprise AV\",\"item\":\"https:\\\/\\\/frhub.netgear.com\\\/fr\\\/hub\\\/business\\\/av\\\/\"},{\"@type\":\"ListItem\",\"position\":4,\"name\":\"NETGEAR et Lightware red\u00e9finissent l\u2019AV sur IP\"}]},{\"@type\":\"WebSite\",\"@id\":\"https:\\\/\\\/frhub.netgear.com\\\/fr\\\/hub\\\/#website\",\"url\":\"https:\\\/\\\/frhub.netgear.com\\\/fr\\\/hub\\\/\",\"name\":\"NETGEAR Hub France\",\"description\":\"Explorez les pages de notre blog et parcourez les articles pour en savoir plus sur les produits et la technologie NETGEAR.\",\"publisher\":{\"@id\":\"https:\\\/\\\/frhub.netgear.com\\\/fr\\\/hub\\\/#organization\"},\"potentialAction\":[{\"@type\":\"SearchAction\",\"target\":{\"@type\":\"EntryPoint\",\"urlTemplate\":\"https:\\\/\\\/frhub.netgear.com\\\/fr\\\/hub\\\/?s={search_term_string}\"},\"query-input\":{\"@type\":\"PropertyValueSpecification\",\"valueRequired\":true,\"valueName\":\"search_term_string\"}}],\"inLanguage\":\"en-US\"},{\"@type\":\"Organization\",\"@id\":\"https:\\\/\\\/frhub.netgear.com\\\/fr\\\/hub\\\/#organization\",\"name\":\"NETGEAR\",\"url\":\"https:\\\/\\\/frhub.netgear.com\\\/fr\\\/hub\\\/\",\"logo\":{\"@type\":\"ImageObject\",\"inLanguage\":\"en-US\",\"@id\":\"https:\\\/\\\/frhub.netgear.com\\\/fr\\\/hub\\\/#\\\/schema\\\/logo\\\/image\\\/\",\"url\":\"https:\\\/\\\/www.netgear.com\\\/fr\\\/hub\\\/wp-content\\\/uploads\\\/2019\\\/07\\\/NETGEAR_logo.jpg\",\"contentUrl\":\"https:\\\/\\\/www.netgear.com\\\/fr\\\/hub\\\/wp-content\\\/uploads\\\/2019\\\/07\\\/NETGEAR_logo.jpg\",\"width\":1500,\"height\":501,\"caption\":\"NETGEAR\"},\"image\":{\"@id\":\"https:\\\/\\\/frhub.netgear.com\\\/fr\\\/hub\\\/#\\\/schema\\\/logo\\\/image\\\/\"},\"sameAs\":[\"https:\\\/\\\/www.facebook.com\\\/NetgearAU\\\/\",\"https:\\\/\\\/x.com\\\/NETGEAR\",\"https:\\\/\\\/www.linkedin.com\\\/company\\\/netgear\"]}]}<\/script>\n<!-- \/ Yoast SEO plugin. -->","yoast_head_json":{"title":"NETGEAR et Lightware red\u00e9finissent l\u2019AV sur IP - NETGEAR Blog","description":"NETGEAR Engage : \u00c9volution ou R\u00e9volution ?","robots":{"index":"index","follow":"follow","max-snippet":"max-snippet:-1","max-image-preview":"max-image-preview:large","max-video-preview":"max-video-preview:-1"},"canonical":"https:\/\/frhub.netgear.com\/fr\/hub\/business\/av\/netgear-lightware-av-over-ip-partnership\/","og_locale":"en_US","og_type":"article","og_title":"NETGEAR et Lightware red\u00e9finissent l\u2019AV sur IP - NETGEAR Blog","og_description":"NETGEAR Engage : \u00c9volution ou R\u00e9volution ?","og_url":"https:\/\/frhub.netgear.com\/fr\/hub\/business\/av\/netgear-lightware-av-over-ip-partnership\/","og_site_name":"NETGEAR Blog","article_publisher":"https:\/\/www.facebook.com\/NetgearAU\/","article_modified_time":"2025-10-03T07:33:12+00:00","og_image":[{"width":380,"height":288,"url":"https:\/\/frhub.netgear.com\/fr\/hub\/wp-content\/uploads\/2025\/09\/Lightware-logo-1-380x288-1.jpeg","type":"image\/jpeg"}],"twitter_card":"summary_large_image","twitter_site":"@NETGEAR","schema":{"@context":"https:\/\/schema.org","@graph":[{"@type":"WebPage","@id":"https:\/\/frhub.netgear.com\/fr\/hub\/business\/av\/netgear-lightware-av-over-ip-partnership\/","url":"https:\/\/frhub.netgear.com\/fr\/hub\/business\/av\/netgear-lightware-av-over-ip-partnership\/","name":"NETGEAR et Lightware red\u00e9finissent l\u2019AV sur IP - NETGEAR Blog","isPartOf":{"@id":"https:\/\/frhub.netgear.com\/fr\/hub\/#website"},"primaryImageOfPage":{"@id":"https:\/\/frhub.netgear.com\/fr\/hub\/business\/av\/netgear-lightware-av-over-ip-partnership\/#primaryimage"},"image":{"@id":"https:\/\/frhub.netgear.com\/fr\/hub\/business\/av\/netgear-lightware-av-over-ip-partnership\/#primaryimage"},"thumbnailUrl":"https:\/\/frhub.netgear.com\/fr\/hub\/wp-content\/uploads\/2025\/09\/Lightware-logo-1-380x288-1.jpeg","datePublished":"2025-09-05T09:57:46+00:00","dateModified":"2025-10-03T07:33:12+00:00","description":"NETGEAR Engage : \u00c9volution ou R\u00e9volution ?","breadcrumb":{"@id":"https:\/\/frhub.netgear.com\/fr\/hub\/business\/av\/netgear-lightware-av-over-ip-partnership\/#breadcrumb"},"inLanguage":"en-US","potentialAction":[{"@type":"ReadAction","target":["https:\/\/frhub.netgear.com\/fr\/hub\/business\/av\/netgear-lightware-av-over-ip-partnership\/"]}]},{"@type":"ImageObject","inLanguage":"en-US","@id":"https:\/\/frhub.netgear.com\/fr\/hub\/business\/av\/netgear-lightware-av-over-ip-partnership\/#primaryimage","url":"https:\/\/frhub.netgear.com\/fr\/hub\/wp-content\/uploads\/2025\/09\/Lightware-logo-1-380x288-1.jpeg","contentUrl":"https:\/\/frhub.netgear.com\/fr\/hub\/wp-content\/uploads\/2025\/09\/Lightware-logo-1-380x288-1.jpeg","width":380,"height":288},{"@type":"BreadcrumbList","@id":"https:\/\/frhub.netgear.com\/fr\/hub\/business\/av\/netgear-lightware-av-over-ip-partnership\/#breadcrumb","itemListElement":[{"@type":"ListItem","position":1,"name":"Home","item":"https:\/\/frhub.netgear.com\/fr\/hub\/"},{"@type":"ListItem","position":2,"name":"Entreprises","item":"https:\/\/frhub.netgear.com\/fr\/hub\/business\/"},{"@type":"ListItem","position":3,"name":"Entreprise AV","item":"https:\/\/frhub.netgear.com\/fr\/hub\/business\/av\/"},{"@type":"ListItem","position":4,"name":"NETGEAR et Lightware red\u00e9finissent l\u2019AV sur IP"}]},{"@type":"WebSite","@id":"https:\/\/frhub.netgear.com\/fr\/hub\/#website","url":"https:\/\/frhub.netgear.com\/fr\/hub\/","name":"NETGEAR Hub France","description":"Explorez les pages de notre blog et parcourez les articles pour en savoir plus sur les produits et la technologie NETGEAR.","publisher":{"@id":"https:\/\/frhub.netgear.com\/fr\/hub\/#organization"},"potentialAction":[{"@type":"SearchAction","target":{"@type":"EntryPoint","urlTemplate":"https:\/\/frhub.netgear.com\/fr\/hub\/?s={search_term_string}"},"query-input":{"@type":"PropertyValueSpecification","valueRequired":true,"valueName":"search_term_string"}}],"inLanguage":"en-US"},{"@type":"Organization","@id":"https:\/\/frhub.netgear.com\/fr\/hub\/#organization","name":"NETGEAR","url":"https:\/\/frhub.netgear.com\/fr\/hub\/","logo":{"@type":"ImageObject","inLanguage":"en-US","@id":"https:\/\/frhub.netgear.com\/fr\/hub\/#\/schema\/logo\/image\/","url":"https:\/\/www.netgear.com\/fr\/hub\/wp-content\/uploads\/2019\/07\/NETGEAR_logo.jpg","contentUrl":"https:\/\/www.netgear.com\/fr\/hub\/wp-content\/uploads\/2019\/07\/NETGEAR_logo.jpg","width":1500,"height":501,"caption":"NETGEAR"},"image":{"@id":"https:\/\/frhub.netgear.com\/fr\/hub\/#\/schema\/logo\/image\/"},"sameAs":["https:\/\/www.facebook.com\/NetgearAU\/","https:\/\/x.com\/NETGEAR","https:\/\/www.linkedin.com\/company\/netgear"]}]}},"_links":{"self":[{"href":"https:\/\/frhub.netgear.com\/fr\/hub\/wp-json\/wp\/v2\/pages\/10743","targetHints":{"allow":["GET"]}}],"collection":[{"href":"https:\/\/frhub.netgear.com\/fr\/hub\/wp-json\/wp\/v2\/pages"}],"about":[{"href":"https:\/\/frhub.netgear.com\/fr\/hub\/wp-json\/wp\/v2\/types\/page"}],"author":[{"embeddable":true,"href":"https:\/\/frhub.netgear.com\/fr\/hub\/wp-json\/wp\/v2\/users\/97"}],"replies":[{"embeddable":true,"href":"https:\/\/frhub.netgear.com\/fr\/hub\/wp-json\/wp\/v2\/comments?post=10743"}],"version-history":[{"count":4,"href":"https:\/\/frhub.netgear.com\/fr\/hub\/wp-json\/wp\/v2\/pages\/10743\/revisions"}],"predecessor-version":[{"id":11009,"href":"https:\/\/frhub.netgear.com\/fr\/hub\/wp-json\/wp\/v2\/pages\/10743\/revisions\/11009"}],"up":[{"embeddable":true,"href":"https:\/\/frhub.netgear.com\/fr\/hub\/wp-json\/wp\/v2\/pages\/6754"}],"wp:featuredmedia":[{"embeddable":true,"href":"https:\/\/frhub.netgear.com\/fr\/hub\/wp-json\/wp\/v2\/media\/10746"}],"wp:attachment":[{"href":"https:\/\/frhub.netgear.com\/fr\/hub\/wp-json\/wp\/v2\/media?parent=10743"}],"curies":[{"name":"wp","href":"https:\/\/api.w.org\/{rel}","templated":true}]}}