{"id":10528,"date":"2025-07-30T15:18:50","date_gmt":"2025-07-30T13:18:06","guid":{"rendered":"https:\/\/frhub.netgear.com\/fr\/hub\/?page_id=10528"},"modified":"2025-11-12T17:10:10","modified_gmt":"2025-11-12T16:10:10","slug":"netgear-enterprise-offrir-des-experiences-extraordinaires-pour-une-nouvelle-ere-de-connectivite","status":"publish","type":"page","link":"https:\/\/frhub.netgear.com\/fr\/hub\/business\/enterprise-it\/netgear-enterprise-offrir-des-experiences-extraordinaires-pour-une-nouvelle-ere-de-connectivite\/","title":{"rendered":"NETGEAR Enterprise : Offrir des exp\u00e9riences extraordinaires pour une nouvelle \u00e8re de connectivit\u00e9"},"content":{"rendered":"<div class=\"blog-single-content\">\n<div class=\"table-of-content bg-gray 19796\">\n<p><strong>DANS CET ARTICLE<\/strong><\/p>\n<ul>\n<li><a href=\"#topic1\">Une vision guid\u00e9e par une mission : pourquoi NETGEAR existe<\/a><\/li>\n<li><a href=\"#topic2\">La r\u00e9alit\u00e9 des PME : une complexit\u00e9 sans la puissance<\/a><\/li>\n<li><a href=\"#topic3\">L\u2019offre globale PME : la simplicit\u00e9 S.T.A.R.<\/a><\/li>\n<li><a href=\"#topic4\">Des choix audacieux : des acquisitions strat\u00e9giques pour stimuler l\u2019innovation<\/a><\/li>\n<li><a href=\"#topic5\">Con\u00e7u pour l\u2019harmonie AV et IT<\/a><\/li>\n<li><a href=\"#topic6\">Histoires de r\u00e9ussite : des r\u00e9sultats concrets, un r\u00e9el impact<\/a><\/li>\n<li><a href=\"#topic7\">Une approche ax\u00e9e sur les partenaires<\/a><\/li>\n<li><a href=\"#topic8\">Et apr\u00e8s ? Transformation de la marque et du marketing<\/a><\/li>\n<li><a href=\"#topic9\">Conclusion : une r\u00e9volution \u00e0 la bonne \u00e9chelle<\/a><\/li>\n<li><a href=\"#topic10\">Plus d&#8217;informations<\/a><\/li>\n<\/ul>\n<\/div>\n<div id=\"topic1\" class=\"skip-item\">\n<h2>Une vision guid\u00e9e par une mission : pourquoi NETGEAR existe<\/h2>\n<p>La mission de NETGEAR est simple mais puissante : permettre des exp\u00e9riences extraordinaires.<\/p>\n<p>Elle impr\u00e8gne tout ce que fait l\u2019entreprise \u2013 de la conception des produits au service client. Au c\u0153ur de la philosophie de NETGEAR se trouvent quatre valeurs cl\u00e9s : Oser transformer, Connecter et ravir, Communiquer avec courage, et Gagner ensemble. Ces valeurs incarnent l\u2019innovation audacieuse, la conception centr\u00e9e sur l\u2019utilisateur, la communication sans peur, et le travail d\u2019\u00e9quipe uni.<\/p>\n<p>La transformation demande du courage. Mais NETGEAR rel\u00e8ve ce d\u00e9fi avec clart\u00e9, rapidit\u00e9, et un engagement \u00e0 fournir des solutions r\u00e9seau intelligentes, s\u00e9curis\u00e9es et adapt\u00e9es aux r\u00e9alit\u00e9s des PME et de leurs partenaires.<\/p>\n<\/div>\n<div id=\"topic2\" class=\"skip-item\">\n<h2>La r\u00e9alit\u00e9 des PME : une complexit\u00e9 sans la puissance<\/h2>\n<p>Les PME modernes sont dans une position d\u00e9licate. Leur activit\u00e9 repose sur la connectivit\u00e9 et la s\u00e9curit\u00e9, mais elles manquent souvent des ressources IT robustes des grandes entreprises. Pire encore, elles sont devenues une cible principale pour les cyberattaques \u2014 60 % des petites entreprises ferment dans les six mois suivant une attaque. Elles d\u00e9pendent de plus en plus des fournisseurs de services manag\u00e9s (MSP), eux-m\u00eames d\u00e9bord\u00e9s. Les solutions d\u2019entreprise sont souvent trop complexes, et les solutions plus simples manquent de puissance, de fiabilit\u00e9 et d\u2019\u00e9volutivit\u00e9.<\/p>\n<p>Coinc\u00e9es entre des outils trop lourds ou trop risqu\u00e9s, les PME ont besoin d\u2019une alternative. C\u2019est l\u00e0 que NETGEAR intervient.<\/p>\n<\/div>\n<div id=\"topic3\" class=\"skip-item\">\n<h2>L\u2019offre globale PME : la simplicit\u00e9 S.T.A.R.<\/h2>\n<p>La proposition globale de NETGEAR pour les PME repr\u00e9sente un changement fondamental. Le mod\u00e8le <strong>STAR<\/strong> (Simple, Fiable, Abordable et Digne de confiance) en est le c\u0153ur. Ce n\u2019est pas du marketing : c\u2019est un \u00e9cosyst\u00e8me complet pens\u00e9 pour la r\u00e9ussite des PME :<\/p>\n<ul>\n<li><strong>Assistance de qualit\u00e9, assist\u00e9e par l\u2019IA<\/strong>, comme un ing\u00e9nieur IT num\u00e9rique, int\u00e9gr\u00e9 au produit.<\/li>\n<li><strong>Services professionnels et expertise AV<\/strong>, pour une int\u00e9gration fluide des r\u00e9seaux audio-visuels et IT.<\/li>\n<li><strong>Licences et tarification simplifi\u00e9es<\/strong>, des solutions de niveau entreprise accessibles sans compromis.<\/li>\n<\/ul>\n<p>Du r\u00e9seau AV pr\u00eat \u00e0 l\u2019emploi au WiFi et aux switchs de classe entreprise, NETGEAR propose une gamme compl\u00e8te r\u00e9pondant aux besoins des PME, sans compromis.<\/p>\n<\/div>\n<div id=\"topic4\" class=\"skip-item\">\n<h2>Des choix audacieux : des acquisitions strat\u00e9giques pour stimuler l\u2019innovation<\/h2>\n<p>La transformation de NETGEAR repose aussi sur des d\u00e9cisions strat\u00e9giques majeures :<\/p>\n<ul>\n<li><strong>VAAG :<\/strong><br \/>\ncette acquisition a apport\u00e9 des talents en ing\u00e9nierie logicielle et IA issus de Qualcomm, Cisco, et MaxLinear. 40 ing\u00e9nieurs d\u00e9j\u00e0 int\u00e9gr\u00e9s, avec un doublement pr\u00e9vu d\u2019ici la fin de l\u2019ann\u00e9e.<\/li>\n<li><strong>Exium :<\/strong><br \/>\nune avanc\u00e9e majeure en cybers\u00e9curit\u00e9. La plateforme SASE d\u2019Exium alimente les offres s\u00e9curit\u00e9 de NETGEAR. Firewalls cloud, acc\u00e8s zero-trust, SD-WAN : tout est l\u00e0, sous une solution unifi\u00e9e et simple \u00e0 g\u00e9rer.<\/li>\n<\/ul>\n<p>Ces int\u00e9grations sont concr\u00e8tes : la s\u00e9curit\u00e9 est int\u00e9gr\u00e9e directement dans les \u00e9quipements r\u00e9seau et les plateformes de gestion.<\/p>\n<\/div>\n<div id=\"topic5\" class=\"skip-item\">\n<h2>Con\u00e7u pour l\u2019harmonie AV et IT<\/h2>\n<p>Dans des secteurs comme la diffusion en direct, l\u2019\u00e9ducation, la sant\u00e9, le commerce ou l\u2019AV d\u2019entreprise, la fiabilit\u00e9 et la simplicit\u00e9 sont essentielles. Les solutions Pro AV de NETGEAR offrent un r\u00e9seau plug-and-play sans effort, pens\u00e9 pour des usages o\u00f9 chaque pixel et chaque seconde comptent.<\/p>\n<p>Des blocs op\u00e9ratoires \u00e0 faible latence aux classes connect\u00e9es, NETGEAR fusionne IT et AV, \u00e9liminant souvent le besoin de configuration sur site \u2014 tout cela sur une plateforme intelligente, pilot\u00e9e par l\u2019IA.<\/p>\n<\/div>\n<div id=\"topic6\" class=\"skip-item\">\n<h2>Histoires de r\u00e9ussite : des r\u00e9sultats concrets, un r\u00e9el impact<\/h2>\n<p>La preuve est dans la performance. Assist Solutions, client japonais, a int\u00e9gr\u00e9 l\u2019API de NETGEAR Insight en deux jours \u2014 doublant sa capacit\u00e9 de support client avec moiti\u00e9 moins de personnel.<br \/>\n<strong>Sony Hawk-Eye Innovations<\/strong> et <strong>Conference Technologies, Inc.<\/strong> ont aussi constat\u00e9 les b\u00e9n\u00e9fices. Ce dernier annonce 2,5 millions de dollars d\u2019\u00e9conomies en main d\u2019\u0153uvre gr\u00e2ce \u00e0 l\u2019interface intuitive AV de NETGEAR.<\/p>\n<p>Ce ne sont pas des cas d\u2019\u00e9cole : ce sont des preuves.<\/p>\n<\/div>\n<div id=\"topic7\" class=\"skip-item\">\n<h2>Une approche ax\u00e9e sur les partenaires<\/h2>\n<p>NETGEAR sait que le succ\u00e8s de ses partenaires est aussi le sien. Le programme NETGEAR DRIVE arrive bient\u00f4t, con\u00e7u pour \u00eatre un moteur de croissance et non une charge. Gestion de compte d\u00e9di\u00e9e, structures simples, incitations VIP, co-investissement MDF, marges transparentes et SLA clairs : NETGEAR devient le partenaire id\u00e9al des MSP et revendeurs.<\/p>\n<p>Et ce n\u2019est pas tout. Des services premium sont inclus : support technique multilingue 24\/7, remplacement express, sans frais cach\u00e9s, ni contrats complexes.<\/p>\n<\/div>\n<div id=\"topic8\" class=\"skip-item\">\n<h2>Et apr\u00e8s ? Transformation de la marque et du marketing<\/h2>\n<p>NETGEAR investit aussi dans sa communication. Une identit\u00e9 visuelle rafra\u00eechie et une nouvelle plateforme de messages seront bient\u00f4t lanc\u00e9es via un nouveau site web, un portail partenaire et un moteur de vente orient\u00e9 solution. Fini le marketing transactionnel, place \u00e0 des r\u00e9cits ax\u00e9s sur les probl\u00e8mes concrets des PME et l\u2019AV sur IP.<\/p>\n<p>En distinguant clairement ses activit\u00e9s professionnelles de ses offres grand public, NETGEAR clarifie sa voix sur les canaux num\u00e9riques, sociaux, et professionnels.<\/p>\n<\/div>\n<div id=\"topic9\" class=\"skip-item\">\n<h2>Conclusion : une r\u00e9volution \u00e0 la bonne \u00e9chelle<\/h2>\n<p>NETGEAR ne cherche pas \u00e0 tout faire pour tout le monde. Elle construit pour ceux qui ont \u00e9t\u00e9 n\u00e9glig\u00e9s trop longtemps. En osant la transformation et en misant sur la simplicit\u00e9 sans sacrifier la puissance, NETGEAR red\u00e9finit le r\u00e9seau d\u2019entreprise pour les PME, les MSP et le monde AV.<\/p>\n<p><strong><em>Ce n\u2019est pas juste une refonte de marque. C\u2019est un nouveau chapitre audacieux. Et ce n\u2019est que le d\u00e9but.<\/em><\/strong><\/p>\n<\/div>\n<div id=\"topic10\" class=\"skip-item\">\n<h2>Plus d&#8217;informations<\/h2>\n<p data-start=\"67\" data-end=\"117\">Plus d&#8217;informations sur nos solutions Entreprises.<\/p>\n<p><a style=\"background-color: #2b3749; border: 0px none #000000; border-radius: 50px; color: #ffffff; font-size: 16px; font-family: Inter,sans-serif; font-style: normal; font-weight: 500; text-decoration: none; width: 100%; padding: 16px 24px 16px 24px;\" href=\"https:\/\/www.netgear.com\/fr\/business\/\" target=\"_blank\" rel=\"noopener\">SOLUTIONS NETGEAR BUSINESS<\/a><\/p>\n<p data-start=\"122\" data-end=\"210\">Apprenez tout ce qu\u2019il faut savoir sur les r\u00e9seaux IP gr\u00e2ce \u00e0 notre NETGEAR ACADEMY.<\/p>\n<p><a style=\"background-color: #2b3749; border: 0px none #000000; border-radius: 50px; color: #ffffff; font-size: 16px; font-family: Inter,sans-serif; font-style: normal; font-weight: 500; text-decoration: none; width: 100%; padding: 16px 24px 16px 24px;\" href=\"https:\/\/academy.netgear.com\/course\/index.php?categoryid=2&amp;hsCtaAttrib=211825855224\" target=\"_blank\" rel=\"noopener\">NETGEAR ACADEMY<\/a><\/p>\n<p data-start=\"215\" data-end=\"296\">Nos ing\u00e9nieurs vous accompagnent gratuitement dans la r\u00e9alisation de vos projets.<\/p>\n<p><a style=\"background-color: #2b3749; border: 0px none #000000; border-radius: 50px; color: #ffffff; font-size: 16px; font-family: Inter,sans-serif; font-style: normal; font-weight: 500; text-decoration: none; width: 100%; padding: 16px 24px 16px 24px;\" href=\"https:\/\/www.netgear.com\/fr\/business\/av\/services\/prowifi-designsupport\/?hsCtaAttrib=211833679597\" target=\"_blank\" rel=\"noopener\">CONTACTEZ L&#8217;EQUIPE PRO-IT DESIGN<\/a><\/p>\n<\/div>\n<\/div>\n","protected":false},"excerpt":{"rendered":"<p>DANS CET ARTICLE Une vision guid\u00e9e par une mission : pourquoi NETGEAR existe La r\u00e9alit\u00e9 des PME : une complexit\u00e9 sans la puissance L\u2019offre globale PME : la simplicit\u00e9 S.T.A.R. Des choix audacieux : des acquisitions strat\u00e9giques pour stimuler l\u2019innovation Con\u00e7u pour l\u2019harmonie AV et IT Histoires de r\u00e9ussite : des r\u00e9sultats concrets, un r\u00e9el [&hellip;]<\/p>\n","protected":false},"author":97,"featured_media":10529,"parent":6714,"menu_order":1,"comment_status":"closed","ping_status":"closed","template":"templates\/mesh-vs-wifi.php","meta":{"_acf_changed":false,"content-type":"","footnotes":""},"class_list":["post-10528","page","type-page","status-publish","has-post-thumbnail","hentry"],"acf":[],"yoast_head":"<!-- This site is optimized with the Yoast SEO plugin v27.4 - https:\/\/yoast.com\/product\/yoast-seo-wordpress\/ -->\n<title>NETGEAR Enterprise : Offrir des exp\u00e9riences extraordinaires pour une nouvelle \u00e8re de connectivit\u00e9 - NETGEAR Blog<\/title>\n<meta name=\"description\" content=\"D\u00e9couvrez comment NETGEAR offre des exp\u00e9riences extraordinaires gr\u00e2ce \u00e0 une connectivit\u00e9 de nouvelle g\u00e9n\u00e9ration pour l&#039;AV professionnel et l&#039;innovation en entreprise.\" \/>\n<meta name=\"robots\" content=\"index, follow, max-snippet:-1, max-image-preview:large, max-video-preview:-1\" \/>\n<link rel=\"canonical\" href=\"https:\/\/frhub.netgear.com\/fr\/hub\/business\/enterprise-it\/netgear-enterprise-offrir-des-experiences-extraordinaires-pour-une-nouvelle-ere-de-connectivite\/\" \/>\n<meta property=\"og:locale\" content=\"en_US\" \/>\n<meta property=\"og:type\" content=\"article\" \/>\n<meta property=\"og:title\" content=\"NETGEAR Enterprise : Offrir des exp\u00e9riences extraordinaires pour une nouvelle \u00e8re de connectivit\u00e9 - NETGEAR Blog\" \/>\n<meta property=\"og:description\" content=\"D\u00e9couvrez comment NETGEAR offre des exp\u00e9riences extraordinaires gr\u00e2ce \u00e0 une connectivit\u00e9 de nouvelle g\u00e9n\u00e9ration pour l&#039;AV professionnel et l&#039;innovation en entreprise.\" \/>\n<meta property=\"og:url\" content=\"https:\/\/frhub.netgear.com\/fr\/hub\/business\/enterprise-it\/netgear-enterprise-offrir-des-experiences-extraordinaires-pour-une-nouvelle-ere-de-connectivite\/\" \/>\n<meta property=\"og:site_name\" content=\"NETGEAR Blog\" \/>\n<meta property=\"article:publisher\" content=\"https:\/\/www.facebook.com\/NetgearAU\/\" \/>\n<meta property=\"article:modified_time\" content=\"2025-11-12T16:10:10+00:00\" \/>\n<meta property=\"og:image\" content=\"https:\/\/frhub.netgear.com\/fr\/hub\/wp-content\/uploads\/2025\/07\/AdobeStock_1278956473-scaled-1-e1753869214719.jpeg\" \/>\n\t<meta property=\"og:image:width\" content=\"1327\" \/>\n\t<meta property=\"og:image:height\" content=\"1216\" \/>\n\t<meta property=\"og:image:type\" content=\"image\/jpeg\" \/>\n<meta name=\"twitter:card\" content=\"summary_large_image\" \/>\n<meta name=\"twitter:site\" content=\"@NETGEAR\" \/>\n<meta name=\"twitter:label1\" content=\"Est. reading time\" \/>\n\t<meta name=\"twitter:data1\" content=\"5 minutes\" \/>\n<script type=\"application\/ld+json\" class=\"yoast-schema-graph\">{\"@context\":\"https:\\\/\\\/schema.org\",\"@graph\":[{\"@type\":\"WebPage\",\"@id\":\"https:\\\/\\\/frhub.netgear.com\\\/fr\\\/hub\\\/business\\\/enterprise-it\\\/netgear-enterprise-offrir-des-experiences-extraordinaires-pour-une-nouvelle-ere-de-connectivite\\\/\",\"url\":\"https:\\\/\\\/frhub.netgear.com\\\/fr\\\/hub\\\/business\\\/enterprise-it\\\/netgear-enterprise-offrir-des-experiences-extraordinaires-pour-une-nouvelle-ere-de-connectivite\\\/\",\"name\":\"NETGEAR Enterprise : Offrir des exp\u00e9riences extraordinaires pour une nouvelle \u00e8re de connectivit\u00e9 - NETGEAR Blog\",\"isPartOf\":{\"@id\":\"https:\\\/\\\/frhub.netgear.com\\\/fr\\\/hub\\\/#website\"},\"primaryImageOfPage\":{\"@id\":\"https:\\\/\\\/frhub.netgear.com\\\/fr\\\/hub\\\/business\\\/enterprise-it\\\/netgear-enterprise-offrir-des-experiences-extraordinaires-pour-une-nouvelle-ere-de-connectivite\\\/#primaryimage\"},\"image\":{\"@id\":\"https:\\\/\\\/frhub.netgear.com\\\/fr\\\/hub\\\/business\\\/enterprise-it\\\/netgear-enterprise-offrir-des-experiences-extraordinaires-pour-une-nouvelle-ere-de-connectivite\\\/#primaryimage\"},\"thumbnailUrl\":\"https:\\\/\\\/frhub.netgear.com\\\/fr\\\/hub\\\/wp-content\\\/uploads\\\/2025\\\/07\\\/AdobeStock_1278956473-scaled-1-e1753869214719.jpeg\",\"datePublished\":\"2025-07-30T13:18:06+00:00\",\"dateModified\":\"2025-11-12T16:10:10+00:00\",\"description\":\"D\u00e9couvrez comment NETGEAR offre des exp\u00e9riences extraordinaires gr\u00e2ce \u00e0 une connectivit\u00e9 de nouvelle g\u00e9n\u00e9ration pour l'AV professionnel et l'innovation en entreprise.\",\"breadcrumb\":{\"@id\":\"https:\\\/\\\/frhub.netgear.com\\\/fr\\\/hub\\\/business\\\/enterprise-it\\\/netgear-enterprise-offrir-des-experiences-extraordinaires-pour-une-nouvelle-ere-de-connectivite\\\/#breadcrumb\"},\"inLanguage\":\"en-US\",\"potentialAction\":[{\"@type\":\"ReadAction\",\"target\":[\"https:\\\/\\\/frhub.netgear.com\\\/fr\\\/hub\\\/business\\\/enterprise-it\\\/netgear-enterprise-offrir-des-experiences-extraordinaires-pour-une-nouvelle-ere-de-connectivite\\\/\"]}]},{\"@type\":\"ImageObject\",\"inLanguage\":\"en-US\",\"@id\":\"https:\\\/\\\/frhub.netgear.com\\\/fr\\\/hub\\\/business\\\/enterprise-it\\\/netgear-enterprise-offrir-des-experiences-extraordinaires-pour-une-nouvelle-ere-de-connectivite\\\/#primaryimage\",\"url\":\"https:\\\/\\\/frhub.netgear.com\\\/fr\\\/hub\\\/wp-content\\\/uploads\\\/2025\\\/07\\\/AdobeStock_1278956473-scaled-1-e1753869214719.jpeg\",\"contentUrl\":\"https:\\\/\\\/frhub.netgear.com\\\/fr\\\/hub\\\/wp-content\\\/uploads\\\/2025\\\/07\\\/AdobeStock_1278956473-scaled-1-e1753869214719.jpeg\",\"width\":1327,\"height\":1216,\"caption\":\"Focused Female Programmer at Work: Coding and Innovation in Tech Industry\"},{\"@type\":\"BreadcrumbList\",\"@id\":\"https:\\\/\\\/frhub.netgear.com\\\/fr\\\/hub\\\/business\\\/enterprise-it\\\/netgear-enterprise-offrir-des-experiences-extraordinaires-pour-une-nouvelle-ere-de-connectivite\\\/#breadcrumb\",\"itemListElement\":[{\"@type\":\"ListItem\",\"position\":1,\"name\":\"Home\",\"item\":\"https:\\\/\\\/frhub.netgear.com\\\/fr\\\/hub\\\/\"},{\"@type\":\"ListItem\",\"position\":2,\"name\":\"Entreprises\",\"item\":\"https:\\\/\\\/frhub.netgear.com\\\/fr\\\/hub\\\/business\\\/\"},{\"@type\":\"ListItem\",\"position\":3,\"name\":\"Business Networking Articles Hub\",\"item\":\"https:\\\/\\\/frhub.netgear.com\\\/fr\\\/hub\\\/business\\\/enterprise-it\\\/\"},{\"@type\":\"ListItem\",\"position\":4,\"name\":\"NETGEAR Enterprise : Offrir des exp\u00e9riences extraordinaires pour une nouvelle \u00e8re de connectivit\u00e9\"}]},{\"@type\":\"WebSite\",\"@id\":\"https:\\\/\\\/frhub.netgear.com\\\/fr\\\/hub\\\/#website\",\"url\":\"https:\\\/\\\/frhub.netgear.com\\\/fr\\\/hub\\\/\",\"name\":\"NETGEAR Hub France\",\"description\":\"Explorez les pages de notre blog et parcourez les articles pour en savoir plus sur les produits et la technologie NETGEAR.\",\"publisher\":{\"@id\":\"https:\\\/\\\/frhub.netgear.com\\\/fr\\\/hub\\\/#organization\"},\"potentialAction\":[{\"@type\":\"SearchAction\",\"target\":{\"@type\":\"EntryPoint\",\"urlTemplate\":\"https:\\\/\\\/frhub.netgear.com\\\/fr\\\/hub\\\/?s={search_term_string}\"},\"query-input\":{\"@type\":\"PropertyValueSpecification\",\"valueRequired\":true,\"valueName\":\"search_term_string\"}}],\"inLanguage\":\"en-US\"},{\"@type\":\"Organization\",\"@id\":\"https:\\\/\\\/frhub.netgear.com\\\/fr\\\/hub\\\/#organization\",\"name\":\"NETGEAR\",\"url\":\"https:\\\/\\\/frhub.netgear.com\\\/fr\\\/hub\\\/\",\"logo\":{\"@type\":\"ImageObject\",\"inLanguage\":\"en-US\",\"@id\":\"https:\\\/\\\/frhub.netgear.com\\\/fr\\\/hub\\\/#\\\/schema\\\/logo\\\/image\\\/\",\"url\":\"https:\\\/\\\/www.netgear.com\\\/fr\\\/hub\\\/wp-content\\\/uploads\\\/2019\\\/07\\\/NETGEAR_logo.jpg\",\"contentUrl\":\"https:\\\/\\\/www.netgear.com\\\/fr\\\/hub\\\/wp-content\\\/uploads\\\/2019\\\/07\\\/NETGEAR_logo.jpg\",\"width\":1500,\"height\":501,\"caption\":\"NETGEAR\"},\"image\":{\"@id\":\"https:\\\/\\\/frhub.netgear.com\\\/fr\\\/hub\\\/#\\\/schema\\\/logo\\\/image\\\/\"},\"sameAs\":[\"https:\\\/\\\/www.facebook.com\\\/NetgearAU\\\/\",\"https:\\\/\\\/x.com\\\/NETGEAR\",\"https:\\\/\\\/www.linkedin.com\\\/company\\\/netgear\"]}]}<\/script>\n<!-- \/ Yoast SEO plugin. -->","yoast_head_json":{"title":"NETGEAR Enterprise : Offrir des exp\u00e9riences extraordinaires pour une nouvelle \u00e8re de connectivit\u00e9 - NETGEAR Blog","description":"D\u00e9couvrez comment NETGEAR offre des exp\u00e9riences extraordinaires gr\u00e2ce \u00e0 une connectivit\u00e9 de nouvelle g\u00e9n\u00e9ration pour l'AV professionnel et l'innovation en entreprise.","robots":{"index":"index","follow":"follow","max-snippet":"max-snippet:-1","max-image-preview":"max-image-preview:large","max-video-preview":"max-video-preview:-1"},"canonical":"https:\/\/frhub.netgear.com\/fr\/hub\/business\/enterprise-it\/netgear-enterprise-offrir-des-experiences-extraordinaires-pour-une-nouvelle-ere-de-connectivite\/","og_locale":"en_US","og_type":"article","og_title":"NETGEAR Enterprise : Offrir des exp\u00e9riences extraordinaires pour une nouvelle \u00e8re de connectivit\u00e9 - NETGEAR Blog","og_description":"D\u00e9couvrez comment NETGEAR offre des exp\u00e9riences extraordinaires gr\u00e2ce \u00e0 une connectivit\u00e9 de nouvelle g\u00e9n\u00e9ration pour l'AV professionnel et l'innovation en entreprise.","og_url":"https:\/\/frhub.netgear.com\/fr\/hub\/business\/enterprise-it\/netgear-enterprise-offrir-des-experiences-extraordinaires-pour-une-nouvelle-ere-de-connectivite\/","og_site_name":"NETGEAR Blog","article_publisher":"https:\/\/www.facebook.com\/NetgearAU\/","article_modified_time":"2025-11-12T16:10:10+00:00","og_image":[{"width":1327,"height":1216,"url":"https:\/\/frhub.netgear.com\/fr\/hub\/wp-content\/uploads\/2025\/07\/AdobeStock_1278956473-scaled-1-e1753869214719.jpeg","type":"image\/jpeg"}],"twitter_card":"summary_large_image","twitter_site":"@NETGEAR","twitter_misc":{"Est. reading time":"5 minutes"},"schema":{"@context":"https:\/\/schema.org","@graph":[{"@type":"WebPage","@id":"https:\/\/frhub.netgear.com\/fr\/hub\/business\/enterprise-it\/netgear-enterprise-offrir-des-experiences-extraordinaires-pour-une-nouvelle-ere-de-connectivite\/","url":"https:\/\/frhub.netgear.com\/fr\/hub\/business\/enterprise-it\/netgear-enterprise-offrir-des-experiences-extraordinaires-pour-une-nouvelle-ere-de-connectivite\/","name":"NETGEAR Enterprise : Offrir des exp\u00e9riences extraordinaires pour une nouvelle \u00e8re de connectivit\u00e9 - NETGEAR Blog","isPartOf":{"@id":"https:\/\/frhub.netgear.com\/fr\/hub\/#website"},"primaryImageOfPage":{"@id":"https:\/\/frhub.netgear.com\/fr\/hub\/business\/enterprise-it\/netgear-enterprise-offrir-des-experiences-extraordinaires-pour-une-nouvelle-ere-de-connectivite\/#primaryimage"},"image":{"@id":"https:\/\/frhub.netgear.com\/fr\/hub\/business\/enterprise-it\/netgear-enterprise-offrir-des-experiences-extraordinaires-pour-une-nouvelle-ere-de-connectivite\/#primaryimage"},"thumbnailUrl":"https:\/\/frhub.netgear.com\/fr\/hub\/wp-content\/uploads\/2025\/07\/AdobeStock_1278956473-scaled-1-e1753869214719.jpeg","datePublished":"2025-07-30T13:18:06+00:00","dateModified":"2025-11-12T16:10:10+00:00","description":"D\u00e9couvrez comment NETGEAR offre des exp\u00e9riences extraordinaires gr\u00e2ce \u00e0 une connectivit\u00e9 de nouvelle g\u00e9n\u00e9ration pour l'AV professionnel et l'innovation en entreprise.","breadcrumb":{"@id":"https:\/\/frhub.netgear.com\/fr\/hub\/business\/enterprise-it\/netgear-enterprise-offrir-des-experiences-extraordinaires-pour-une-nouvelle-ere-de-connectivite\/#breadcrumb"},"inLanguage":"en-US","potentialAction":[{"@type":"ReadAction","target":["https:\/\/frhub.netgear.com\/fr\/hub\/business\/enterprise-it\/netgear-enterprise-offrir-des-experiences-extraordinaires-pour-une-nouvelle-ere-de-connectivite\/"]}]},{"@type":"ImageObject","inLanguage":"en-US","@id":"https:\/\/frhub.netgear.com\/fr\/hub\/business\/enterprise-it\/netgear-enterprise-offrir-des-experiences-extraordinaires-pour-une-nouvelle-ere-de-connectivite\/#primaryimage","url":"https:\/\/frhub.netgear.com\/fr\/hub\/wp-content\/uploads\/2025\/07\/AdobeStock_1278956473-scaled-1-e1753869214719.jpeg","contentUrl":"https:\/\/frhub.netgear.com\/fr\/hub\/wp-content\/uploads\/2025\/07\/AdobeStock_1278956473-scaled-1-e1753869214719.jpeg","width":1327,"height":1216,"caption":"Focused Female Programmer at Work: Coding and Innovation in Tech Industry"},{"@type":"BreadcrumbList","@id":"https:\/\/frhub.netgear.com\/fr\/hub\/business\/enterprise-it\/netgear-enterprise-offrir-des-experiences-extraordinaires-pour-une-nouvelle-ere-de-connectivite\/#breadcrumb","itemListElement":[{"@type":"ListItem","position":1,"name":"Home","item":"https:\/\/frhub.netgear.com\/fr\/hub\/"},{"@type":"ListItem","position":2,"name":"Entreprises","item":"https:\/\/frhub.netgear.com\/fr\/hub\/business\/"},{"@type":"ListItem","position":3,"name":"Business Networking Articles Hub","item":"https:\/\/frhub.netgear.com\/fr\/hub\/business\/enterprise-it\/"},{"@type":"ListItem","position":4,"name":"NETGEAR Enterprise : Offrir des exp\u00e9riences extraordinaires pour une nouvelle \u00e8re de connectivit\u00e9"}]},{"@type":"WebSite","@id":"https:\/\/frhub.netgear.com\/fr\/hub\/#website","url":"https:\/\/frhub.netgear.com\/fr\/hub\/","name":"NETGEAR Hub France","description":"Explorez les pages de notre blog et parcourez les articles pour en savoir plus sur les produits et la technologie NETGEAR.","publisher":{"@id":"https:\/\/frhub.netgear.com\/fr\/hub\/#organization"},"potentialAction":[{"@type":"SearchAction","target":{"@type":"EntryPoint","urlTemplate":"https:\/\/frhub.netgear.com\/fr\/hub\/?s={search_term_string}"},"query-input":{"@type":"PropertyValueSpecification","valueRequired":true,"valueName":"search_term_string"}}],"inLanguage":"en-US"},{"@type":"Organization","@id":"https:\/\/frhub.netgear.com\/fr\/hub\/#organization","name":"NETGEAR","url":"https:\/\/frhub.netgear.com\/fr\/hub\/","logo":{"@type":"ImageObject","inLanguage":"en-US","@id":"https:\/\/frhub.netgear.com\/fr\/hub\/#\/schema\/logo\/image\/","url":"https:\/\/www.netgear.com\/fr\/hub\/wp-content\/uploads\/2019\/07\/NETGEAR_logo.jpg","contentUrl":"https:\/\/www.netgear.com\/fr\/hub\/wp-content\/uploads\/2019\/07\/NETGEAR_logo.jpg","width":1500,"height":501,"caption":"NETGEAR"},"image":{"@id":"https:\/\/frhub.netgear.com\/fr\/hub\/#\/schema\/logo\/image\/"},"sameAs":["https:\/\/www.facebook.com\/NetgearAU\/","https:\/\/x.com\/NETGEAR","https:\/\/www.linkedin.com\/company\/netgear"]}]}},"_links":{"self":[{"href":"https:\/\/frhub.netgear.com\/fr\/hub\/wp-json\/wp\/v2\/pages\/10528","targetHints":{"allow":["GET"]}}],"collection":[{"href":"https:\/\/frhub.netgear.com\/fr\/hub\/wp-json\/wp\/v2\/pages"}],"about":[{"href":"https:\/\/frhub.netgear.com\/fr\/hub\/wp-json\/wp\/v2\/types\/page"}],"author":[{"embeddable":true,"href":"https:\/\/frhub.netgear.com\/fr\/hub\/wp-json\/wp\/v2\/users\/97"}],"replies":[{"embeddable":true,"href":"https:\/\/frhub.netgear.com\/fr\/hub\/wp-json\/wp\/v2\/comments?post=10528"}],"version-history":[{"count":14,"href":"https:\/\/frhub.netgear.com\/fr\/hub\/wp-json\/wp\/v2\/pages\/10528\/revisions"}],"predecessor-version":[{"id":10798,"href":"https:\/\/frhub.netgear.com\/fr\/hub\/wp-json\/wp\/v2\/pages\/10528\/revisions\/10798"}],"up":[{"embeddable":true,"href":"https:\/\/frhub.netgear.com\/fr\/hub\/wp-json\/wp\/v2\/pages\/6714"}],"wp:featuredmedia":[{"embeddable":true,"href":"https:\/\/frhub.netgear.com\/fr\/hub\/wp-json\/wp\/v2\/media\/10529"}],"wp:attachment":[{"href":"https:\/\/frhub.netgear.com\/fr\/hub\/wp-json\/wp\/v2\/media?parent=10528"}],"curies":[{"name":"wp","href":"https:\/\/api.w.org\/{rel}","templated":true}]}}