{"id":10458,"date":"2025-06-25T14:42:49","date_gmt":"2025-06-25T12:42:49","guid":{"rendered":"https:\/\/frhub.netgear.com\/fr\/hub\/business\/av\/lightware-netgear-annoncent-un-partenariat-de-haut-niveau-2\/"},"modified":"2025-10-03T09:41:50","modified_gmt":"2025-10-03T07:41:50","slug":"mmg-global-hybrid-events-netgear-axis","status":"publish","type":"page","link":"https:\/\/frhub.netgear.com\/fr\/hub\/business\/av\/mmg-global-hybrid-events-netgear-axis\/","title":{"rendered":"Les switches M4250 de NETGEAR et la plateforme Axis ont permis de garantir un \u00e9v\u00e9nement virtuel fluide dans 26 pays"},"content":{"rendered":"<p>Le nouveau partenaire industriel NETGEAR AV    <div class=\"table-of-content bg-gray\">\n        <p><strong>IN THIS ARTICLE<\/strong><\/p>\n        <ul>\n                        <li><a href=\"#topic1\">AV SUR IP SANS FAILLE : LA GAMME AV M4250 NETGEAR<\/a><\/li>\n                        <li><a href=\"#topic2\">MMG EVENTS : UNE LE\u00c7ON DE MA\u00ceTRE EN DIFFUSION HYBRIDE<\/a><\/li>\n                        <li><a href=\"#topic3\">AXIS : LE MOTEUR CENTRAL<\/a><\/li>\n                        <li><a href=\"#topic4\">POURQUOI CETTE COLLABORATION COMPTE<\/a><\/li>\n                        <li><a href=\"#topic5\"> VID\u00c9O EXPLICATIVE<\/a><\/li>\n                        <li><a href=\"#topic6\">RESSOURCES<\/a><\/li>\n                        <li><a href=\"#topic7\">PLUS D'INFORMATIONS<\/a><\/li>\n                    <\/ul>\n    <\/div>\n        <div id=\"topic1\" class=\"skip-item\">\n                <div class=\"skip-ftr-img\">\n            <img decoding=\"async\" src=\"https:\/\/frhub.netgear.com\/fr\/hub\/wp-content\/uploads\/2025\/06\/MMC_Axis.webp\" alt=\"\">\n        <\/div>\n                        <h2>AV SUR IP SANS FAILLE : LA GAMME AV M4250 NETGEAR<\/h2>\n                <p>La collaboration entre NETGEAR AV et MMG Events d\u00e9montre comment des \u00e9quipements r\u00e9seau con\u00e7us sur mesure peuvent r\u00e9volutionner la production d\u2019\u00e9v\u00e9nements \u00e0 l\u2019\u00e9chelle mondiale. Au c\u0153ur de cette collaboration se trouve la gamme de switches AV NETGEAR M4250. Con\u00e7us sp\u00e9cialement pour l\u2019AV sur IP, ces switches offrent des fonctionnalit\u00e9s essentielles telles que des profils pr\u00e9configur\u00e9s pour Dante, NDI, AES67, Q-SYS et AVB. Gr\u00e2ce \u00e0 IGMP Plus\u2122 de NETGEAR pour une configuration multicast instantan\u00e9e, \u00e0 des ports orient\u00e9s vers l\u2019arri\u00e8re pour une installation en rack plus propre, et \u00e0 un design silencieux sans ventilateur, les M4250 conviennent parfaitement aux environnements \u00e9v\u00e9nementiels mobiles ou fixes.<\/p>\n    <\/div>\n        <div id=\"topic2\" class=\"skip-item\">\n                        <h2>MMG EVENTS : UNE LE\u00c7ON DE MA\u00ceTRE EN DIFFUSION HYBRIDE<\/h2>\n                <p>MMG Events a repouss\u00e9 les limites en organisant un festival mondial de quatre jours dans 26 pays et r\u00e9unissant plus de 60000 participants. La production s\u2019est appuy\u00e9e sur plus de 200 signaux vid\u00e9o NDI, tous centralement rout\u00e9s et surveill\u00e9s pour garantir qualit\u00e9 et performance. Leur infrastructure incluait une triple redondance pour l\u2019alimentation, l\u2019Internet et les protocoles de streaming (dont SRT, RTMP et Microsoft Teams), assurant une disponibilit\u00e9 de service proche de 100%. Sur 150 sessions, seules deux ont connu de l\u00e9gers retards \u2014 tous deux r\u00e9solus en moins d\u2019une minute.<\/p>\n    <\/div>\n        <div id=\"topic3\" class=\"skip-item\">\n                        <h2>AXIS : LE MOTEUR CENTRAL<\/h2>\n                <p>La plateforme Axis a jou\u00e9 un r\u00f4le crucial dans le succ\u00e8s de cet \u00e9v\u00e9nement. En tant que puissant convertisseur de signaux AV et concentrateur, Axis a permis \u00e0 MMG de faire \u00e9voluer ses flux de travail avec fluidit\u00e9. Elle a offert une expansion massive des entr\u00e9es\/sorties et une conversion de protocoles transparente, tout en s\u2019int\u00e9grant nativement \u00e0 vMix pour la production de contenu. Selon l\u2019\u00e9quipe de MMG, Axis a offert \u00ab une libert\u00e9 totale pour la conversion de signaux, une multitude de sorties, et vMix fonctionnait directement dessus. \u00bb Ses performances sur le terrain ont fait d\u2019Axis la pierre angulaire d\u2019une infrastructure AV performante, \u00e0 faible latence et hautement \u00e9volutive.<\/p>\n    <\/div>\n        <div id=\"topic4\" class=\"skip-item\">\n                        <h2>POURQUOI CETTE COLLABORATION COMPTE<\/h2>\n                <p>Ce partenariat illustre ce qui est possible lorsque les outils AV sont con\u00e7us sur mesure et parfaitement int\u00e9gr\u00e9s. En utilisant les switches M4250 de NETGEAR et la plateforme Axis, MMG a pu :<\/p>\n<ul>\n<li>D\u00e9ployer rapidement un r\u00e9seau AV complexe \u00e0 l\u2019\u00e9chelle mondiale<\/li>\n<li>G\u00e9rer plus de 200 signaux NDI sans difficult\u00e9<\/li>\n<li>R\u00e9duire les risques gr\u00e2ce \u00e0 une redondance robuste<\/li>\n<li>Offrir une exp\u00e9rience fluide et de haute qualit\u00e9 \u00e0 des dizaines de milliers de participants dans le monde<\/li>\n<\/ul>\n<p>Comme l\u2019a d\u00e9clar\u00e9 Ryan Majchrowski, PDG de MMG : <em>\u00ab Le direct ne se reproduit pas \u2014 la redondance est essentielle. \u00bb<\/em><\/p>\n<p>Avec Axis, NDI et NETGEAR, MMG a prouv\u00e9 que m\u00eame les \u00e9v\u00e9nements les plus exigeants peuvent \u00eatre r\u00e9alis\u00e9s sans faille.<\/p>\n<p>Cette collaboration \u00e9tablit une nouvelle r\u00e9f\u00e9rence pour les \u00e9v\u00e9nements hybrides et virtuels. C\u2019est une \u00e9tude de cas sur la mani\u00e8re dont la bonne infrastructure r\u00e9seau et les bonnes plateformes AV permettent aux professionnels cr\u00e9atifs de repousser les limites sans compromettre ni la fiabilit\u00e9 ni les performances.<\/p>\n<p>Retrouvez NETGEAR \u00e0 l\u2019IBC, Amsterdam, en septembre 2025, pour une d\u00e9monstration en direct.<\/p>\n    <\/div>\n        <div id=\"topic5\" class=\"skip-item\">\n                        <h2> VID\u00c9O EXPLICATIVE<\/h2>\n                <p align=\"center\"><iframe loading=\"lazy\" src=\"https:\/\/www.youtube.com\/embed\/LfUauYQJzL4?si=pgRo1FACytWbEH7y\" width=\"560\" height=\"315\" frameborder=\"0\" allowfullscreen=\"allowfullscreen\"><\/iframe><\/p>\n    <\/div>\n        <div id=\"topic6\" class=\"skip-item\">\n                        <h2>RESSOURCES<\/h2>\n                <p>NDI \u2013 Contexte : <a href=\"https:\/\/ndi.video\/stories\/the-fabric-of-global-hybrid-and-virtual-live-events\/\" target=\"_blank\" rel=\"noopener\">https:\/\/ndi.video\/stories\/the-fabric-of-global-hybrid-and-virtual-live-events\/<\/a><br \/>\nMMG Axis Appliance : <a href=\"https:\/\/mmgaxis.io\/\" target=\"_blank\" rel=\"noopener\">https:\/\/mmgaxis.io\/<\/a><br \/>\nNETGEAR AV pour NDI : <a href=\"https:\/\/www.netgear.com\/hub\/business\/av\/switches-streaming-av-over-ip\/\">https:\/\/www.netgear.com\/hub\/business\/av\/switches-streaming-av-over-ip\/<\/a><\/p>\n    <\/div>\n        <div id=\"topic7\" class=\"skip-item\">\n                        <h2>PLUS D'INFORMATIONS<\/h2>\n                <p><!--SOLUTIONS NETGEAR AV --><\/p>\n<p>Plus d\u2019informations sur nos solutions audiovisuelles<\/p>\n<div class=\"hs-cta-embed hs-cta-simple-placeholder hs-cta-embed-241151160046\" style=\"max-width: 100%;max-height: 100%;width: 260px;height: 50.390625px\" data-hubspot-wrapper-cta-id=\"241151160046\"><a href=\"https:\/\/cta-na2.hubspot.com\/web-interactives\/public\/v1\/track\/redirect?encryptedPayload=AVxigLJf4HGLXU18h5HBrlQTZuKX4p21iriDX%2FD9Weo1E0jc26wgSp32sJpGF%2FrOb977gqk9Skq%2FVgamhq%2FXvCN0mPQ1dmrdARtcNUH8fV5cFOvngo8qJ8EuMyEq%2Fqu2y51zC2FZUVyu97opP5ixVGCiE%2Bg6BOgTVVDljEMF5hhhXUNpnikrl2UTN%2Bb3TA%3D%3D&amp;webInteractiveContentId=241151160046&amp;portalId=242128791\" target=\"_blank\" rel=\"noopener\"><br \/>\n<img decoding=\"async\" style=\"height: 100%;width: 100%;object-fit: fill\" src=\"https:\/\/hubspot-no-cache-na2-prod.s3.amazonaws.com\/cta\/default\/242128791\/interactive-241151160046.png\" alt=\"SOLUTIONS NETGEAR AV\" \/><br \/>\n<\/a><\/div>\n<p><!-- NETGEAR ACADEMY AV --><\/p>\n<p>Apprenez tout sur les r\u00e9seaux IP gr\u00e2ce \u00e0 la NETGEAR ACADEMY<\/p>\n<div class=\"hs-cta-embed hs-cta-simple-placeholder hs-cta-embed-241151160033\" style=\"max-width: 100%;max-height: 100%;width: 260px;height: 50.390625px\" data-hubspot-wrapper-cta-id=\"241151160033\"><a href=\"https:\/\/cta-na2.hubspot.com\/web-interactives\/public\/v1\/track\/redirect?encryptedPayload=AVxigLJ6zgXxrLVJLagOt9pyIXf5%2FGgh9lUupWJj49Nfcbq71eIrrvJQt9JGeaQwNkTAPTWhI2%2BXk56NQscWP4xOQ7iZrhk6rkBjyO4dBlJGP1gG3BpcrdlgLyF%2F850K2l3xn5kDj5H%2Fur8VO2zJH58QH7by4HFWliY25223Shr3sQx25aCmNBjCDkNwA2WRum67F9fGyQyzoYOn86wAq%2Brw3xzsBDMbyw%3D%3D&amp;webInteractiveContentId=241151160033&amp;portalId=242128791\" target=\"_blank\" rel=\"noopener\"><br \/>\n<img decoding=\"async\" style=\"height: 100%;width: 100%;object-fit: fill\" src=\"https:\/\/hubspot-no-cache-na2-prod.s3.amazonaws.com\/cta\/default\/242128791\/interactive-241151160033.png\" alt=\"NETGEAR ACADEMY\" \/><br \/>\n<\/a><\/div>\n<p><!--CONTACTEZ L'EQUIPE PROAV --><\/p>\n<p>Nos ing\u00e9nieurs vous accompagneront gratuitement dans la r\u00e9alisation de vos projets audiovisuels<\/p>\n<div class=\"hs-cta-embed hs-cta-simple-placeholder hs-cta-embed-241151160055\" style=\"max-width: 100%;max-height: 100%;width: 270px;height: 50.390625px\" data-hubspot-wrapper-cta-id=\"241151160055\"><a href=\"https:\/\/cta-na2.hubspot.com\/web-interactives\/public\/v1\/track\/redirect?encryptedPayload=AVxigLLUG9XShtF2ziGdRlpsMD%2BMJ39t1kFOE7VlHl2HmmlWzlJWH0rsV7f3eoQL53gclcWb0lliiDgK3EAMVvEOcIE7gW9aYOwk1uipv43pSUkBlDtiKJ%2BcB7fopWupnJbggqZWRkNERZkdh1dDGXHHDJX3V0sOA8mbXD%2Fd6QC2XK2OyVtrDNFDHbBoT6b15PyvF4Ca3b6JBNTYdAzYeH790XenlNKBP4OKZqw50t7IGx9DuADFMFlNdg6FWQ%3D%3D&amp;webInteractiveContentId=241151160055&amp;portalId=242128791\" target=\"_blank\" rel=\"noopener\"><br \/>\n<img decoding=\"async\" style=\"height: 100%;width: 100%;object-fit: fill\" src=\"https:\/\/hubspot-no-cache-na2-prod.s3.amazonaws.com\/cta\/default\/242128791\/interactive-241151160055.png\" alt=\"CONTACTEZ L'EQUIPE PROAV\" \/><br \/>\n<\/a><\/div>\n    <\/div>\n        <div id=\"topic8\" class=\"skip-item\">\n                        <p><iframe loading=\"lazy\" src=\"https:\/\/405nrr.share-na2.hsforms.com\/24AR2ZDSmQqWycFqf8q5-eg\" width=\"100%\" height=\"1200px\"><\/iframe><\/p>\n    <\/div>\n    <\/p>\n","protected":false},"excerpt":{"rendered":"<p>Le nouveau partenaire industriel NETGEAR AV<\/p>\n","protected":false},"author":92,"featured_media":10461,"parent":6754,"menu_order":20,"comment_status":"closed","ping_status":"closed","template":"templates\/blog-wifi.php","meta":{"_acf_changed":false,"content-type":"","footnotes":""},"class_list":["post-10458","page","type-page","status-publish","has-post-thumbnail","hentry"],"acf":[],"yoast_head":"<!-- This site is optimized with the Yoast SEO plugin v27.4 - https:\/\/yoast.com\/product\/yoast-seo-wordpress\/ -->\n<title>Les switches M4250 de NETGEAR et la plateforme Axis ont permis de garantir un \u00e9v\u00e9nement virtuel fluide dans 26 pays - NETGEAR Blog<\/title>\n<meta name=\"description\" content=\"NETGEAR et la plateforme Axis ont permis de garantir un \u00e9v\u00e9nement virtuel fluide dans 26 pays.\" \/>\n<meta name=\"robots\" content=\"index, follow, max-snippet:-1, max-image-preview:large, max-video-preview:-1\" \/>\n<link rel=\"canonical\" href=\"https:\/\/frhub.netgear.com\/fr\/hub\/business\/av\/mmg-global-hybrid-events-netgear-axis\/\" \/>\n<meta property=\"og:locale\" content=\"en_US\" \/>\n<meta property=\"og:type\" content=\"article\" \/>\n<meta property=\"og:title\" content=\"Les switches M4250 de NETGEAR et la plateforme Axis ont permis de garantir un \u00e9v\u00e9nement virtuel fluide dans 26 pays - NETGEAR Blog\" \/>\n<meta property=\"og:description\" content=\"NETGEAR et la plateforme Axis ont permis de garantir un \u00e9v\u00e9nement virtuel fluide dans 26 pays.\" \/>\n<meta property=\"og:url\" content=\"https:\/\/frhub.netgear.com\/fr\/hub\/business\/av\/mmg-global-hybrid-events-netgear-axis\/\" \/>\n<meta property=\"og:site_name\" content=\"NETGEAR Blog\" \/>\n<meta property=\"article:publisher\" content=\"https:\/\/www.facebook.com\/NetgearAU\/\" \/>\n<meta property=\"article:modified_time\" content=\"2025-10-03T07:41:50+00:00\" \/>\n<meta property=\"og:image\" content=\"https:\/\/frhub.netgear.com\/fr\/hub\/wp-content\/uploads\/2025\/06\/axiS-M4250.png\" \/>\n\t<meta property=\"og:image:width\" content=\"383\" \/>\n\t<meta property=\"og:image:height\" content=\"288\" \/>\n\t<meta property=\"og:image:type\" content=\"image\/png\" \/>\n<meta name=\"twitter:card\" content=\"summary_large_image\" \/>\n<meta name=\"twitter:site\" content=\"@NETGEAR\" \/>\n<script type=\"application\/ld+json\" class=\"yoast-schema-graph\">{\"@context\":\"https:\\\/\\\/schema.org\",\"@graph\":[{\"@type\":\"WebPage\",\"@id\":\"https:\\\/\\\/frhub.netgear.com\\\/fr\\\/hub\\\/business\\\/av\\\/mmg-global-hybrid-events-netgear-axis\\\/\",\"url\":\"https:\\\/\\\/frhub.netgear.com\\\/fr\\\/hub\\\/business\\\/av\\\/mmg-global-hybrid-events-netgear-axis\\\/\",\"name\":\"Les switches M4250 de NETGEAR et la plateforme Axis ont permis de garantir un \u00e9v\u00e9nement virtuel fluide dans 26 pays - NETGEAR Blog\",\"isPartOf\":{\"@id\":\"https:\\\/\\\/frhub.netgear.com\\\/fr\\\/hub\\\/#website\"},\"primaryImageOfPage\":{\"@id\":\"https:\\\/\\\/frhub.netgear.com\\\/fr\\\/hub\\\/business\\\/av\\\/mmg-global-hybrid-events-netgear-axis\\\/#primaryimage\"},\"image\":{\"@id\":\"https:\\\/\\\/frhub.netgear.com\\\/fr\\\/hub\\\/business\\\/av\\\/mmg-global-hybrid-events-netgear-axis\\\/#primaryimage\"},\"thumbnailUrl\":\"https:\\\/\\\/frhub.netgear.com\\\/fr\\\/hub\\\/wp-content\\\/uploads\\\/2025\\\/06\\\/axiS-M4250.png\",\"datePublished\":\"2025-06-25T12:42:49+00:00\",\"dateModified\":\"2025-10-03T07:41:50+00:00\",\"description\":\"NETGEAR et la plateforme Axis ont permis de garantir un \u00e9v\u00e9nement virtuel fluide dans 26 pays.\",\"breadcrumb\":{\"@id\":\"https:\\\/\\\/frhub.netgear.com\\\/fr\\\/hub\\\/business\\\/av\\\/mmg-global-hybrid-events-netgear-axis\\\/#breadcrumb\"},\"inLanguage\":\"en-US\",\"potentialAction\":[{\"@type\":\"ReadAction\",\"target\":[\"https:\\\/\\\/frhub.netgear.com\\\/fr\\\/hub\\\/business\\\/av\\\/mmg-global-hybrid-events-netgear-axis\\\/\"]}]},{\"@type\":\"ImageObject\",\"inLanguage\":\"en-US\",\"@id\":\"https:\\\/\\\/frhub.netgear.com\\\/fr\\\/hub\\\/business\\\/av\\\/mmg-global-hybrid-events-netgear-axis\\\/#primaryimage\",\"url\":\"https:\\\/\\\/frhub.netgear.com\\\/fr\\\/hub\\\/wp-content\\\/uploads\\\/2025\\\/06\\\/axiS-M4250.png\",\"contentUrl\":\"https:\\\/\\\/frhub.netgear.com\\\/fr\\\/hub\\\/wp-content\\\/uploads\\\/2025\\\/06\\\/axiS-M4250.png\",\"width\":383,\"height\":288},{\"@type\":\"BreadcrumbList\",\"@id\":\"https:\\\/\\\/frhub.netgear.com\\\/fr\\\/hub\\\/business\\\/av\\\/mmg-global-hybrid-events-netgear-axis\\\/#breadcrumb\",\"itemListElement\":[{\"@type\":\"ListItem\",\"position\":1,\"name\":\"Home\",\"item\":\"https:\\\/\\\/frhub.netgear.com\\\/fr\\\/hub\\\/\"},{\"@type\":\"ListItem\",\"position\":2,\"name\":\"Entreprises\",\"item\":\"https:\\\/\\\/frhub.netgear.com\\\/fr\\\/hub\\\/business\\\/\"},{\"@type\":\"ListItem\",\"position\":3,\"name\":\"Entreprise AV\",\"item\":\"https:\\\/\\\/frhub.netgear.com\\\/fr\\\/hub\\\/business\\\/av\\\/\"},{\"@type\":\"ListItem\",\"position\":4,\"name\":\"Les switches M4250 de NETGEAR et la plateforme Axis ont permis de garantir un \u00e9v\u00e9nement virtuel fluide dans 26 pays\"}]},{\"@type\":\"WebSite\",\"@id\":\"https:\\\/\\\/frhub.netgear.com\\\/fr\\\/hub\\\/#website\",\"url\":\"https:\\\/\\\/frhub.netgear.com\\\/fr\\\/hub\\\/\",\"name\":\"NETGEAR Hub France\",\"description\":\"Explorez les pages de notre blog et parcourez les articles pour en savoir plus sur les produits et la technologie NETGEAR.\",\"publisher\":{\"@id\":\"https:\\\/\\\/frhub.netgear.com\\\/fr\\\/hub\\\/#organization\"},\"potentialAction\":[{\"@type\":\"SearchAction\",\"target\":{\"@type\":\"EntryPoint\",\"urlTemplate\":\"https:\\\/\\\/frhub.netgear.com\\\/fr\\\/hub\\\/?s={search_term_string}\"},\"query-input\":{\"@type\":\"PropertyValueSpecification\",\"valueRequired\":true,\"valueName\":\"search_term_string\"}}],\"inLanguage\":\"en-US\"},{\"@type\":\"Organization\",\"@id\":\"https:\\\/\\\/frhub.netgear.com\\\/fr\\\/hub\\\/#organization\",\"name\":\"NETGEAR\",\"url\":\"https:\\\/\\\/frhub.netgear.com\\\/fr\\\/hub\\\/\",\"logo\":{\"@type\":\"ImageObject\",\"inLanguage\":\"en-US\",\"@id\":\"https:\\\/\\\/frhub.netgear.com\\\/fr\\\/hub\\\/#\\\/schema\\\/logo\\\/image\\\/\",\"url\":\"https:\\\/\\\/www.netgear.com\\\/fr\\\/hub\\\/wp-content\\\/uploads\\\/2019\\\/07\\\/NETGEAR_logo.jpg\",\"contentUrl\":\"https:\\\/\\\/www.netgear.com\\\/fr\\\/hub\\\/wp-content\\\/uploads\\\/2019\\\/07\\\/NETGEAR_logo.jpg\",\"width\":1500,\"height\":501,\"caption\":\"NETGEAR\"},\"image\":{\"@id\":\"https:\\\/\\\/frhub.netgear.com\\\/fr\\\/hub\\\/#\\\/schema\\\/logo\\\/image\\\/\"},\"sameAs\":[\"https:\\\/\\\/www.facebook.com\\\/NetgearAU\\\/\",\"https:\\\/\\\/x.com\\\/NETGEAR\",\"https:\\\/\\\/www.linkedin.com\\\/company\\\/netgear\"]}]}<\/script>\n<!-- \/ Yoast SEO plugin. -->","yoast_head_json":{"title":"Les switches M4250 de NETGEAR et la plateforme Axis ont permis de garantir un \u00e9v\u00e9nement virtuel fluide dans 26 pays - NETGEAR Blog","description":"NETGEAR et la plateforme Axis ont permis de garantir un \u00e9v\u00e9nement virtuel fluide dans 26 pays.","robots":{"index":"index","follow":"follow","max-snippet":"max-snippet:-1","max-image-preview":"max-image-preview:large","max-video-preview":"max-video-preview:-1"},"canonical":"https:\/\/frhub.netgear.com\/fr\/hub\/business\/av\/mmg-global-hybrid-events-netgear-axis\/","og_locale":"en_US","og_type":"article","og_title":"Les switches M4250 de NETGEAR et la plateforme Axis ont permis de garantir un \u00e9v\u00e9nement virtuel fluide dans 26 pays - NETGEAR Blog","og_description":"NETGEAR et la plateforme Axis ont permis de garantir un \u00e9v\u00e9nement virtuel fluide dans 26 pays.","og_url":"https:\/\/frhub.netgear.com\/fr\/hub\/business\/av\/mmg-global-hybrid-events-netgear-axis\/","og_site_name":"NETGEAR Blog","article_publisher":"https:\/\/www.facebook.com\/NetgearAU\/","article_modified_time":"2025-10-03T07:41:50+00:00","og_image":[{"width":383,"height":288,"url":"https:\/\/frhub.netgear.com\/fr\/hub\/wp-content\/uploads\/2025\/06\/axiS-M4250.png","type":"image\/png"}],"twitter_card":"summary_large_image","twitter_site":"@NETGEAR","schema":{"@context":"https:\/\/schema.org","@graph":[{"@type":"WebPage","@id":"https:\/\/frhub.netgear.com\/fr\/hub\/business\/av\/mmg-global-hybrid-events-netgear-axis\/","url":"https:\/\/frhub.netgear.com\/fr\/hub\/business\/av\/mmg-global-hybrid-events-netgear-axis\/","name":"Les switches M4250 de NETGEAR et la plateforme Axis ont permis de garantir un \u00e9v\u00e9nement virtuel fluide dans 26 pays - NETGEAR Blog","isPartOf":{"@id":"https:\/\/frhub.netgear.com\/fr\/hub\/#website"},"primaryImageOfPage":{"@id":"https:\/\/frhub.netgear.com\/fr\/hub\/business\/av\/mmg-global-hybrid-events-netgear-axis\/#primaryimage"},"image":{"@id":"https:\/\/frhub.netgear.com\/fr\/hub\/business\/av\/mmg-global-hybrid-events-netgear-axis\/#primaryimage"},"thumbnailUrl":"https:\/\/frhub.netgear.com\/fr\/hub\/wp-content\/uploads\/2025\/06\/axiS-M4250.png","datePublished":"2025-06-25T12:42:49+00:00","dateModified":"2025-10-03T07:41:50+00:00","description":"NETGEAR et la plateforme Axis ont permis de garantir un \u00e9v\u00e9nement virtuel fluide dans 26 pays.","breadcrumb":{"@id":"https:\/\/frhub.netgear.com\/fr\/hub\/business\/av\/mmg-global-hybrid-events-netgear-axis\/#breadcrumb"},"inLanguage":"en-US","potentialAction":[{"@type":"ReadAction","target":["https:\/\/frhub.netgear.com\/fr\/hub\/business\/av\/mmg-global-hybrid-events-netgear-axis\/"]}]},{"@type":"ImageObject","inLanguage":"en-US","@id":"https:\/\/frhub.netgear.com\/fr\/hub\/business\/av\/mmg-global-hybrid-events-netgear-axis\/#primaryimage","url":"https:\/\/frhub.netgear.com\/fr\/hub\/wp-content\/uploads\/2025\/06\/axiS-M4250.png","contentUrl":"https:\/\/frhub.netgear.com\/fr\/hub\/wp-content\/uploads\/2025\/06\/axiS-M4250.png","width":383,"height":288},{"@type":"BreadcrumbList","@id":"https:\/\/frhub.netgear.com\/fr\/hub\/business\/av\/mmg-global-hybrid-events-netgear-axis\/#breadcrumb","itemListElement":[{"@type":"ListItem","position":1,"name":"Home","item":"https:\/\/frhub.netgear.com\/fr\/hub\/"},{"@type":"ListItem","position":2,"name":"Entreprises","item":"https:\/\/frhub.netgear.com\/fr\/hub\/business\/"},{"@type":"ListItem","position":3,"name":"Entreprise AV","item":"https:\/\/frhub.netgear.com\/fr\/hub\/business\/av\/"},{"@type":"ListItem","position":4,"name":"Les switches M4250 de NETGEAR et la plateforme Axis ont permis de garantir un \u00e9v\u00e9nement virtuel fluide dans 26 pays"}]},{"@type":"WebSite","@id":"https:\/\/frhub.netgear.com\/fr\/hub\/#website","url":"https:\/\/frhub.netgear.com\/fr\/hub\/","name":"NETGEAR Hub France","description":"Explorez les pages de notre blog et parcourez les articles pour en savoir plus sur les produits et la technologie NETGEAR.","publisher":{"@id":"https:\/\/frhub.netgear.com\/fr\/hub\/#organization"},"potentialAction":[{"@type":"SearchAction","target":{"@type":"EntryPoint","urlTemplate":"https:\/\/frhub.netgear.com\/fr\/hub\/?s={search_term_string}"},"query-input":{"@type":"PropertyValueSpecification","valueRequired":true,"valueName":"search_term_string"}}],"inLanguage":"en-US"},{"@type":"Organization","@id":"https:\/\/frhub.netgear.com\/fr\/hub\/#organization","name":"NETGEAR","url":"https:\/\/frhub.netgear.com\/fr\/hub\/","logo":{"@type":"ImageObject","inLanguage":"en-US","@id":"https:\/\/frhub.netgear.com\/fr\/hub\/#\/schema\/logo\/image\/","url":"https:\/\/www.netgear.com\/fr\/hub\/wp-content\/uploads\/2019\/07\/NETGEAR_logo.jpg","contentUrl":"https:\/\/www.netgear.com\/fr\/hub\/wp-content\/uploads\/2019\/07\/NETGEAR_logo.jpg","width":1500,"height":501,"caption":"NETGEAR"},"image":{"@id":"https:\/\/frhub.netgear.com\/fr\/hub\/#\/schema\/logo\/image\/"},"sameAs":["https:\/\/www.facebook.com\/NetgearAU\/","https:\/\/x.com\/NETGEAR","https:\/\/www.linkedin.com\/company\/netgear"]}]}},"_links":{"self":[{"href":"https:\/\/frhub.netgear.com\/fr\/hub\/wp-json\/wp\/v2\/pages\/10458","targetHints":{"allow":["GET"]}}],"collection":[{"href":"https:\/\/frhub.netgear.com\/fr\/hub\/wp-json\/wp\/v2\/pages"}],"about":[{"href":"https:\/\/frhub.netgear.com\/fr\/hub\/wp-json\/wp\/v2\/types\/page"}],"author":[{"embeddable":true,"href":"https:\/\/frhub.netgear.com\/fr\/hub\/wp-json\/wp\/v2\/users\/92"}],"replies":[{"embeddable":true,"href":"https:\/\/frhub.netgear.com\/fr\/hub\/wp-json\/wp\/v2\/comments?post=10458"}],"version-history":[{"count":7,"href":"https:\/\/frhub.netgear.com\/fr\/hub\/wp-json\/wp\/v2\/pages\/10458\/revisions"}],"predecessor-version":[{"id":11014,"href":"https:\/\/frhub.netgear.com\/fr\/hub\/wp-json\/wp\/v2\/pages\/10458\/revisions\/11014"}],"up":[{"embeddable":true,"href":"https:\/\/frhub.netgear.com\/fr\/hub\/wp-json\/wp\/v2\/pages\/6754"}],"wp:featuredmedia":[{"embeddable":true,"href":"https:\/\/frhub.netgear.com\/fr\/hub\/wp-json\/wp\/v2\/media\/10461"}],"wp:attachment":[{"href":"https:\/\/frhub.netgear.com\/fr\/hub\/wp-json\/wp\/v2\/media?parent=10458"}],"curies":[{"name":"wp","href":"https:\/\/api.w.org\/{rel}","templated":true}]}}