{"id":10442,"date":"2025-06-04T11:18:20","date_gmt":"2025-06-04T09:18:20","guid":{"rendered":"https:\/\/frhub.netgear.com\/fr\/hub\/business\/av\/projet-gpa-episode-3-2\/"},"modified":"2025-10-03T09:44:22","modified_gmt":"2025-10-03T07:44:22","slug":"netgear-et-titlis-unissent-leurs-forces-pour-revolutionner-les-solutions-av-over-ip","status":"publish","type":"page","link":"https:\/\/frhub.netgear.com\/fr\/hub\/business\/av\/netgear-et-titlis-unissent-leurs-forces-pour-revolutionner-les-solutions-av-over-ip\/","title":{"rendered":"NETGEAR et TiTLIS unissent leurs forces pour r\u00e9volutionner les solutions AV-over-IP"},"content":{"rendered":"<p>Chez NETGEAR, nous adorons collaborer avec des partenaires innovants afin de cr\u00e9er des solutions puissantes qui r\u00e9volutionnent l\u2019audiovisuel. Notre toute derni\u00e8re alliance strat\u00e9gique avec TiTLIS repr\u00e9sente une \u00e9tape majeure dans le domaine des r\u00e9seaux AV.     <div class=\"table-of-content bg-gray\">\n        <p><strong>IN THIS ARTICLE<\/strong><\/p>\n        <ul>\n                        <li><a href=\"#topic1\">Une alliance strat\u00e9gique fond\u00e9e sur l\u2019innovation<\/a><\/li>\n                        <li><a href=\"#topic2\">Technologies compl\u00e9mentaires pour cr\u00e9er un \u00e9cosyst\u00e8me puissant<\/a><\/li>\n                        <li><a href=\"#topic3\">Acc\u00e9l\u00e9rer l\u2019adoption mondiale de l\u2019AV-over-IP<\/a><\/li>\n                        <li><a href=\"#topic4\">Perspectives : construire l\u2019avenir de l\u2019AV intelligent<\/a><\/li>\n                        <li><a href=\"#topic5\">Plus d'informations<\/a><\/li>\n                    <\/ul>\n    <\/div>\n        <div id=\"topic1\" class=\"skip-item\">\n                        <h2>Une alliance strat\u00e9gique fond\u00e9e sur l\u2019innovation<\/h2>\n                <p>NETGEAR est fier d\u2019annoncer un partenariat strat\u00e9gique avec TiTLIS, un fournisseur mondial de solutions sp\u00e9cialis\u00e9es dans les consoles de contr\u00f4le intelligentes et les syst\u00e8mes audiovisuels num\u00e9riques pour les centres de contr\u00f4le. Cette collaboration marque un jalon important dans notre engagement \u00e0 faire progresser la technologie AV-over-IP et \u00e0 offrir des solutions compl\u00e8tes aux entreprises du monde entier.<\/p>\n<p>Ce partenariat int\u00e8gre la Smart Control Console et le syst\u00e8me num\u00e9rique AV HYAVC de TiTLIS aux technologies AV-over-IP de pointe de NETGEAR, cr\u00e9ant ainsi une combinaison puissante qui d\u00e9livre des solutions intelligentes int\u00e9gr\u00e9es r\u00e9pondant aux besoins \u00e9volutifs des entreprises modernes.<\/p>\n    <\/div>\n        <div id=\"topic2\" class=\"skip-item\">\n                        <h2>Technologies compl\u00e9mentaires pour cr\u00e9er un \u00e9cosyst\u00e8me puissant<\/h2>\n                <p>Cette alliance r\u00e9unit les forces compl\u00e9mentaires des deux entreprises pour b\u00e2tir un \u00e9cosyst\u00e8me AV intelligent et complet. Les switches AV-over-IP de NETGEAR servent de hub central, acheminant les signaux audio et vid\u00e9o entre les sources et les \u00e9crans via des c\u00e2bles Ethernet standards. Cela permet de d\u00e9ployer des syst\u00e8mes AV intelligents avec une flexibilit\u00e9 et une \u00e9volutivit\u00e9 accrues, tout en r\u00e9duisant significativement les co\u00fbts de c\u00e2blage et en am\u00e9liorant l\u2019efficacit\u00e9 de la maintenance.<\/p>\n<p>TiTLIS apporte son expertise dans les consoles de contr\u00f4le des centres de commande et les solutions audiovisuelles \u00e0 travers ses marques TiTLIS Smart Control Console et HYAVC Digital AV System. Ces solutions sont reconnues pour leur qualit\u00e9 haute d\u00e9finition sans perte, leurs capacit\u00e9s de transmission s\u00e9curis\u00e9e et leur int\u00e9gration logicielle intelligente.<\/p>\n<p>\u00ab En combinant nos forces technologiques, nous cr\u00e9ons un \u00e9cosyst\u00e8me AV intelligent complet qui offre des exp\u00e9riences audiovisuelles fluides et performantes aux clients du monde entier \u00bb, d\u00e9clare Lefroy Wu, Directeur de la Division Internationale chez TiTLIS.<\/p>\n    <\/div>\n        <div id=\"topic3\" class=\"skip-item\">\n                        <h2>Acc\u00e9l\u00e9rer l\u2019adoption mondiale de l\u2019AV-over-IP<\/h2>\n                <p><img loading=\"lazy\" decoding=\"async\" class=\"size-medium wp-image-10445 alignleft\" src=\"https:\/\/frhub.netgear.com\/fr\/hub\/wp-content\/uploads\/2025\/06\/Image-Titlis2-300x201.png\" alt=\"\" width=\"300\" height=\"201\" srcset=\"https:\/\/frhub.netgear.com\/fr\/hub\/wp-content\/uploads\/2025\/06\/Image-Titlis2-300x201.png 300w, https:\/\/frhub.netgear.com\/fr\/hub\/wp-content\/uploads\/2025\/06\/Image-Titlis2.png 415w\" sizes=\"auto, (max-width: 300px) 100vw, 300px\" \/>Cette nouvelle collaboration avec TiTLIS vise \u00e0 acc\u00e9l\u00e9rer l\u2019adoption mondiale de la technologie AV-over-IP. Alors que les entreprises demandent de plus en plus des syst\u00e8mes audiovisuels intelligents et efficaces, nos solutions communes offriront la performance, la fiabilit\u00e9 et la simplicit\u00e9 d\u2019utilisation n\u00e9cessaires \u00e0 une mise en \u0153uvre r\u00e9ussie.<\/p>\n<p>Les switches AV NETGEAR des s\u00e9ries populaires M4250, M4300, M4350 et M4500 \u2013 tous certifi\u00e9s pour divers protocoles AV \u2013 constitueront l\u2019\u00e9pine dorsale de ces solutions int\u00e9gr\u00e9es, garantissant une interop\u00e9rabilit\u00e9 parfaite et des performances sup\u00e9rieures.<\/p>\n    <\/div>\n        <div id=\"topic4\" class=\"skip-item\">\n                        <h2>Perspectives : construire l\u2019avenir de l\u2019AV intelligent<\/h2>\n                <p>\u00c0 l\u2019avenir, NETGEAR et TiTLIS approfondiront leur coop\u00e9ration pour explorer les technologies \u00e9mergentes et les nouvelles applications dans le domaine de l\u2019AV intelligent. Guid\u00e9es par des principes d\u2019ouverture, de collaboration et de succ\u00e8s partag\u00e9, nos deux entreprises ont pour objectif de fournir des solutions sup\u00e9rieures \u00e0 leurs clients partout dans le monde.<\/p>\n<p>Ensemble, nous construisons une nouvelle \u00e8re d\u2019\u00e9cosyst\u00e8mes audiovisuels intelligents qui accompagnent les entreprises dans leur transformation num\u00e9rique. Ce partenariat refl\u00e8te l\u2019engagement continu de NETGEAR envers l\u2019innovation et l\u2019excellence dans le domaine des r\u00e9seaux AV, garantissant \u00e0 nos clients l\u2019acc\u00e8s aux solutions les plus avanc\u00e9es, fiables et conviviales du march\u00e9.<\/p>\n<p>Pour en savoir plus sur NETGEAR AV : <a href=\"https:\/\/www.netgear.com\/fr\/av\/\" target=\"_blank\" rel=\"noopener\">netgear.com\/av<\/a><\/p>\n<p>Pour en savoir plus sur TiTLIS : <a href=\"https:\/\/www.mttitlis.com\" target=\"_blank\" rel=\"noopener\">mttitlis.com<\/a><\/p>\n<p><img loading=\"lazy\" decoding=\"async\" class=\"size-medium wp-image-10446 aligncenter\" src=\"https:\/\/frhub.netgear.com\/fr\/hub\/wp-content\/uploads\/2025\/06\/logo-netgear-av-300x169.png\" alt=\"\" width=\"300\" height=\"169\" srcset=\"https:\/\/frhub.netgear.com\/fr\/hub\/wp-content\/uploads\/2025\/06\/logo-netgear-av-300x169.png 300w, https:\/\/frhub.netgear.com\/fr\/hub\/wp-content\/uploads\/2025\/06\/logo-netgear-av-768x433.png 768w, https:\/\/frhub.netgear.com\/fr\/hub\/wp-content\/uploads\/2025\/06\/logo-netgear-av.png 1024w\" sizes=\"auto, (max-width: 300px) 100vw, 300px\" \/><\/p>\n    <\/div>\n        <div id=\"topic5\" class=\"skip-item\">\n                        <h2>Plus d'informations<\/h2>\n                <p>\n<!--SOLUTIONS NETGEAR AV --><\/p>\n<p> Plus d\u2019informations sur nos solutions audiovisuelles<\/p>\n<div class=\"hs-cta-embed hs-cta-simple-placeholder hs-cta-embed-241151160046\" style=\"max-width:100%;max-height:100%;width:260px;height:50.390625px\" data-hubspot-wrapper-cta-id=\"241151160046\"><br \/>\n  <a href=\"https:\/\/cta-na2.hubspot.com\/web-interactives\/public\/v1\/track\/redirect?encryptedPayload=AVxigLJf4HGLXU18h5HBrlQTZuKX4p21iriDX%2FD9Weo1E0jc26wgSp32sJpGF%2FrOb977gqk9Skq%2FVgamhq%2FXvCN0mPQ1dmrdARtcNUH8fV5cFOvngo8qJ8EuMyEq%2Fqu2y51zC2FZUVyu97opP5ixVGCiE%2Bg6BOgTVVDljEMF5hhhXUNpnikrl2UTN%2Bb3TA%3D%3D&#038;webInteractiveContentId=241151160046&#038;portalId=242128791\" target=\"_blank\" rel=\"noopener\"><br \/>\n    <img decoding=\"async\" alt=\"SOLUTIONS NETGEAR AV\" loading=\"lazy\" src=\"https:\/\/hubspot-no-cache-na2-prod.s3.amazonaws.com\/cta\/default\/242128791\/interactive-241151160046.png\" style=\"height: 100%;width: 100%;object-fit: fill\" \/><br \/>\n  <\/a>\n<\/div>\n<\/p>\n<p><!-- NETGEAR ACADEMY AV --><\/p>\n<p> Apprenez tout sur les r\u00e9seaux IP gr\u00e2ce \u00e0 la NETGEAR ACADEMY<\/p>\n<div class=\"hs-cta-embed hs-cta-simple-placeholder hs-cta-embed-241151160033\" style=\"max-width:100%;max-height:100%;width:260px;height:50.390625px\" data-hubspot-wrapper-cta-id=\"241151160033\"><br \/>\n  <a href=\"https:\/\/cta-na2.hubspot.com\/web-interactives\/public\/v1\/track\/redirect?encryptedPayload=AVxigLJ6zgXxrLVJLagOt9pyIXf5%2FGgh9lUupWJj49Nfcbq71eIrrvJQt9JGeaQwNkTAPTWhI2%2BXk56NQscWP4xOQ7iZrhk6rkBjyO4dBlJGP1gG3BpcrdlgLyF%2F850K2l3xn5kDj5H%2Fur8VO2zJH58QH7by4HFWliY25223Shr3sQx25aCmNBjCDkNwA2WRum67F9fGyQyzoYOn86wAq%2Brw3xzsBDMbyw%3D%3D&#038;webInteractiveContentId=241151160033&#038;portalId=242128791\" target=\"_blank\" rel=\"noopener\"><br \/>\n    <img decoding=\"async\" alt=\"NETGEAR ACADEMY\" loading=\"lazy\" src=\"https:\/\/hubspot-no-cache-na2-prod.s3.amazonaws.com\/cta\/default\/242128791\/interactive-241151160033.png\" style=\"height: 100%;width: 100%;object-fit: fill\" \/><br \/>\n  <\/a>\n<\/div>\n<\/p>\n<p><!--CONTACTEZ L'EQUIPE PROAV --><\/p>\n<p>Nos ing\u00e9nieurs vous accompagneront gratuitement dans la r\u00e9alisation de vos projets audiovisuels<\/p>\n<div class=\"hs-cta-embed hs-cta-simple-placeholder hs-cta-embed-241151160055\" style=\"max-width:100%;max-height:100%;width:270px;height:50.390625px\" data-hubspot-wrapper-cta-id=\"241151160055\"><br \/>\n  <a href=\"https:\/\/cta-na2.hubspot.com\/web-interactives\/public\/v1\/track\/redirect?encryptedPayload=AVxigLLUG9XShtF2ziGdRlpsMD%2BMJ39t1kFOE7VlHl2HmmlWzlJWH0rsV7f3eoQL53gclcWb0lliiDgK3EAMVvEOcIE7gW9aYOwk1uipv43pSUkBlDtiKJ%2BcB7fopWupnJbggqZWRkNERZkdh1dDGXHHDJX3V0sOA8mbXD%2Fd6QC2XK2OyVtrDNFDHbBoT6b15PyvF4Ca3b6JBNTYdAzYeH790XenlNKBP4OKZqw50t7IGx9DuADFMFlNdg6FWQ%3D%3D&#038;webInteractiveContentId=241151160055&#038;portalId=242128791\" target=\"_blank\" rel=\"noopener\"><br \/>\n    <img decoding=\"async\" alt=\"CONTACTEZ L'EQUIPE PROAV\" loading=\"lazy\" src=\"https:\/\/hubspot-no-cache-na2-prod.s3.amazonaws.com\/cta\/default\/242128791\/interactive-241151160055.png\" style=\"height: 100%;width: 100%;object-fit: fill\" \/><br \/>\n  <\/a>\n<\/div><\/p>\n    <\/div>\n        <div id=\"topic6\" class=\"skip-item\">\n                        <p><iframe loading=\"lazy\" src=\"https:\/\/405nrr.share-na2.hsforms.com\/24AR2ZDSmQqWycFqf8q5-eg\" width=\"100%\" height=\"1200px\"><\/iframe><\/p>\n    <\/div>\n    <\/p>\n","protected":false},"excerpt":{"rendered":"<p>Chez NETGEAR, nous adorons collaborer avec des partenaires innovants afin de cr\u00e9er des solutions puissantes qui r\u00e9volutionnent l\u2019audiovisuel. Notre toute derni\u00e8re alliance strat\u00e9gique avec TiTLIS repr\u00e9sente une \u00e9tape majeure dans le domaine des r\u00e9seaux AV.<\/p>\n","protected":false},"author":92,"featured_media":10447,"parent":6754,"menu_order":18,"comment_status":"closed","ping_status":"closed","template":"templates\/blog-wifi.php","meta":{"_acf_changed":false,"content-type":"","footnotes":""},"class_list":["post-10442","page","type-page","status-publish","has-post-thumbnail","hentry"],"acf":[],"yoast_head":"<!-- This site is optimized with the Yoast SEO plugin v27.4 - https:\/\/yoast.com\/product\/yoast-seo-wordpress\/ -->\n<title>NETGEAR et TiTLIS unissent leurs forces pour r\u00e9volutionner les solutions AV-over-IP - NETGEAR Blog<\/title>\n<meta name=\"description\" content=\"NETGEAR et TiTLIS unissent leurs forces pour r\u00e9volutionner les solutions AV-over-IP\" \/>\n<meta name=\"robots\" content=\"index, follow, max-snippet:-1, max-image-preview:large, max-video-preview:-1\" \/>\n<link rel=\"canonical\" href=\"https:\/\/frhub.netgear.com\/fr\/hub\/business\/av\/netgear-et-titlis-unissent-leurs-forces-pour-revolutionner-les-solutions-av-over-ip\/\" \/>\n<meta property=\"og:locale\" content=\"en_US\" \/>\n<meta property=\"og:type\" content=\"article\" \/>\n<meta property=\"og:title\" content=\"NETGEAR et TiTLIS unissent leurs forces pour r\u00e9volutionner les solutions AV-over-IP - NETGEAR Blog\" \/>\n<meta property=\"og:description\" content=\"NETGEAR et TiTLIS unissent leurs forces pour r\u00e9volutionner les solutions AV-over-IP\" \/>\n<meta property=\"og:url\" content=\"https:\/\/frhub.netgear.com\/fr\/hub\/business\/av\/netgear-et-titlis-unissent-leurs-forces-pour-revolutionner-les-solutions-av-over-ip\/\" \/>\n<meta property=\"og:site_name\" content=\"NETGEAR Blog\" \/>\n<meta property=\"article:publisher\" content=\"https:\/\/www.facebook.com\/NetgearAU\/\" \/>\n<meta property=\"article:modified_time\" content=\"2025-10-03T07:44:22+00:00\" \/>\n<meta property=\"og:image\" content=\"https:\/\/frhub.netgear.com\/fr\/hub\/wp-content\/uploads\/2025\/06\/vignette-Titlis3-383x288-1.jpg\" \/>\n\t<meta property=\"og:image:width\" content=\"383\" \/>\n\t<meta property=\"og:image:height\" content=\"288\" \/>\n\t<meta property=\"og:image:type\" content=\"image\/jpeg\" \/>\n<meta name=\"twitter:card\" content=\"summary_large_image\" \/>\n<meta name=\"twitter:site\" content=\"@NETGEAR\" \/>\n<script type=\"application\/ld+json\" class=\"yoast-schema-graph\">{\"@context\":\"https:\\\/\\\/schema.org\",\"@graph\":[{\"@type\":\"WebPage\",\"@id\":\"https:\\\/\\\/frhub.netgear.com\\\/fr\\\/hub\\\/business\\\/av\\\/netgear-et-titlis-unissent-leurs-forces-pour-revolutionner-les-solutions-av-over-ip\\\/\",\"url\":\"https:\\\/\\\/frhub.netgear.com\\\/fr\\\/hub\\\/business\\\/av\\\/netgear-et-titlis-unissent-leurs-forces-pour-revolutionner-les-solutions-av-over-ip\\\/\",\"name\":\"NETGEAR et TiTLIS unissent leurs forces pour r\u00e9volutionner les solutions AV-over-IP - NETGEAR Blog\",\"isPartOf\":{\"@id\":\"https:\\\/\\\/frhub.netgear.com\\\/fr\\\/hub\\\/#website\"},\"primaryImageOfPage\":{\"@id\":\"https:\\\/\\\/frhub.netgear.com\\\/fr\\\/hub\\\/business\\\/av\\\/netgear-et-titlis-unissent-leurs-forces-pour-revolutionner-les-solutions-av-over-ip\\\/#primaryimage\"},\"image\":{\"@id\":\"https:\\\/\\\/frhub.netgear.com\\\/fr\\\/hub\\\/business\\\/av\\\/netgear-et-titlis-unissent-leurs-forces-pour-revolutionner-les-solutions-av-over-ip\\\/#primaryimage\"},\"thumbnailUrl\":\"https:\\\/\\\/frhub.netgear.com\\\/fr\\\/hub\\\/wp-content\\\/uploads\\\/2025\\\/06\\\/vignette-Titlis3-383x288-1.jpg\",\"datePublished\":\"2025-06-04T09:18:20+00:00\",\"dateModified\":\"2025-10-03T07:44:22+00:00\",\"description\":\"NETGEAR et TiTLIS unissent leurs forces pour r\u00e9volutionner les solutions AV-over-IP\",\"breadcrumb\":{\"@id\":\"https:\\\/\\\/frhub.netgear.com\\\/fr\\\/hub\\\/business\\\/av\\\/netgear-et-titlis-unissent-leurs-forces-pour-revolutionner-les-solutions-av-over-ip\\\/#breadcrumb\"},\"inLanguage\":\"en-US\",\"potentialAction\":[{\"@type\":\"ReadAction\",\"target\":[\"https:\\\/\\\/frhub.netgear.com\\\/fr\\\/hub\\\/business\\\/av\\\/netgear-et-titlis-unissent-leurs-forces-pour-revolutionner-les-solutions-av-over-ip\\\/\"]}]},{\"@type\":\"ImageObject\",\"inLanguage\":\"en-US\",\"@id\":\"https:\\\/\\\/frhub.netgear.com\\\/fr\\\/hub\\\/business\\\/av\\\/netgear-et-titlis-unissent-leurs-forces-pour-revolutionner-les-solutions-av-over-ip\\\/#primaryimage\",\"url\":\"https:\\\/\\\/frhub.netgear.com\\\/fr\\\/hub\\\/wp-content\\\/uploads\\\/2025\\\/06\\\/vignette-Titlis3-383x288-1.jpg\",\"contentUrl\":\"https:\\\/\\\/frhub.netgear.com\\\/fr\\\/hub\\\/wp-content\\\/uploads\\\/2025\\\/06\\\/vignette-Titlis3-383x288-1.jpg\",\"width\":383,\"height\":288},{\"@type\":\"BreadcrumbList\",\"@id\":\"https:\\\/\\\/frhub.netgear.com\\\/fr\\\/hub\\\/business\\\/av\\\/netgear-et-titlis-unissent-leurs-forces-pour-revolutionner-les-solutions-av-over-ip\\\/#breadcrumb\",\"itemListElement\":[{\"@type\":\"ListItem\",\"position\":1,\"name\":\"Home\",\"item\":\"https:\\\/\\\/frhub.netgear.com\\\/fr\\\/hub\\\/\"},{\"@type\":\"ListItem\",\"position\":2,\"name\":\"Entreprises\",\"item\":\"https:\\\/\\\/frhub.netgear.com\\\/fr\\\/hub\\\/business\\\/\"},{\"@type\":\"ListItem\",\"position\":3,\"name\":\"Entreprise AV\",\"item\":\"https:\\\/\\\/frhub.netgear.com\\\/fr\\\/hub\\\/business\\\/av\\\/\"},{\"@type\":\"ListItem\",\"position\":4,\"name\":\"NETGEAR et TiTLIS unissent leurs forces pour r\u00e9volutionner les solutions AV-over-IP\"}]},{\"@type\":\"WebSite\",\"@id\":\"https:\\\/\\\/frhub.netgear.com\\\/fr\\\/hub\\\/#website\",\"url\":\"https:\\\/\\\/frhub.netgear.com\\\/fr\\\/hub\\\/\",\"name\":\"NETGEAR Hub France\",\"description\":\"Explorez les pages de notre blog et parcourez les articles pour en savoir plus sur les produits et la technologie NETGEAR.\",\"publisher\":{\"@id\":\"https:\\\/\\\/frhub.netgear.com\\\/fr\\\/hub\\\/#organization\"},\"potentialAction\":[{\"@type\":\"SearchAction\",\"target\":{\"@type\":\"EntryPoint\",\"urlTemplate\":\"https:\\\/\\\/frhub.netgear.com\\\/fr\\\/hub\\\/?s={search_term_string}\"},\"query-input\":{\"@type\":\"PropertyValueSpecification\",\"valueRequired\":true,\"valueName\":\"search_term_string\"}}],\"inLanguage\":\"en-US\"},{\"@type\":\"Organization\",\"@id\":\"https:\\\/\\\/frhub.netgear.com\\\/fr\\\/hub\\\/#organization\",\"name\":\"NETGEAR\",\"url\":\"https:\\\/\\\/frhub.netgear.com\\\/fr\\\/hub\\\/\",\"logo\":{\"@type\":\"ImageObject\",\"inLanguage\":\"en-US\",\"@id\":\"https:\\\/\\\/frhub.netgear.com\\\/fr\\\/hub\\\/#\\\/schema\\\/logo\\\/image\\\/\",\"url\":\"https:\\\/\\\/www.netgear.com\\\/fr\\\/hub\\\/wp-content\\\/uploads\\\/2019\\\/07\\\/NETGEAR_logo.jpg\",\"contentUrl\":\"https:\\\/\\\/www.netgear.com\\\/fr\\\/hub\\\/wp-content\\\/uploads\\\/2019\\\/07\\\/NETGEAR_logo.jpg\",\"width\":1500,\"height\":501,\"caption\":\"NETGEAR\"},\"image\":{\"@id\":\"https:\\\/\\\/frhub.netgear.com\\\/fr\\\/hub\\\/#\\\/schema\\\/logo\\\/image\\\/\"},\"sameAs\":[\"https:\\\/\\\/www.facebook.com\\\/NetgearAU\\\/\",\"https:\\\/\\\/x.com\\\/NETGEAR\",\"https:\\\/\\\/www.linkedin.com\\\/company\\\/netgear\"]}]}<\/script>\n<!-- \/ Yoast SEO plugin. -->","yoast_head_json":{"title":"NETGEAR et TiTLIS unissent leurs forces pour r\u00e9volutionner les solutions AV-over-IP - NETGEAR Blog","description":"NETGEAR et TiTLIS unissent leurs forces pour r\u00e9volutionner les solutions AV-over-IP","robots":{"index":"index","follow":"follow","max-snippet":"max-snippet:-1","max-image-preview":"max-image-preview:large","max-video-preview":"max-video-preview:-1"},"canonical":"https:\/\/frhub.netgear.com\/fr\/hub\/business\/av\/netgear-et-titlis-unissent-leurs-forces-pour-revolutionner-les-solutions-av-over-ip\/","og_locale":"en_US","og_type":"article","og_title":"NETGEAR et TiTLIS unissent leurs forces pour r\u00e9volutionner les solutions AV-over-IP - NETGEAR Blog","og_description":"NETGEAR et TiTLIS unissent leurs forces pour r\u00e9volutionner les solutions AV-over-IP","og_url":"https:\/\/frhub.netgear.com\/fr\/hub\/business\/av\/netgear-et-titlis-unissent-leurs-forces-pour-revolutionner-les-solutions-av-over-ip\/","og_site_name":"NETGEAR Blog","article_publisher":"https:\/\/www.facebook.com\/NetgearAU\/","article_modified_time":"2025-10-03T07:44:22+00:00","og_image":[{"width":383,"height":288,"url":"https:\/\/frhub.netgear.com\/fr\/hub\/wp-content\/uploads\/2025\/06\/vignette-Titlis3-383x288-1.jpg","type":"image\/jpeg"}],"twitter_card":"summary_large_image","twitter_site":"@NETGEAR","schema":{"@context":"https:\/\/schema.org","@graph":[{"@type":"WebPage","@id":"https:\/\/frhub.netgear.com\/fr\/hub\/business\/av\/netgear-et-titlis-unissent-leurs-forces-pour-revolutionner-les-solutions-av-over-ip\/","url":"https:\/\/frhub.netgear.com\/fr\/hub\/business\/av\/netgear-et-titlis-unissent-leurs-forces-pour-revolutionner-les-solutions-av-over-ip\/","name":"NETGEAR et TiTLIS unissent leurs forces pour r\u00e9volutionner les solutions AV-over-IP - NETGEAR Blog","isPartOf":{"@id":"https:\/\/frhub.netgear.com\/fr\/hub\/#website"},"primaryImageOfPage":{"@id":"https:\/\/frhub.netgear.com\/fr\/hub\/business\/av\/netgear-et-titlis-unissent-leurs-forces-pour-revolutionner-les-solutions-av-over-ip\/#primaryimage"},"image":{"@id":"https:\/\/frhub.netgear.com\/fr\/hub\/business\/av\/netgear-et-titlis-unissent-leurs-forces-pour-revolutionner-les-solutions-av-over-ip\/#primaryimage"},"thumbnailUrl":"https:\/\/frhub.netgear.com\/fr\/hub\/wp-content\/uploads\/2025\/06\/vignette-Titlis3-383x288-1.jpg","datePublished":"2025-06-04T09:18:20+00:00","dateModified":"2025-10-03T07:44:22+00:00","description":"NETGEAR et TiTLIS unissent leurs forces pour r\u00e9volutionner les solutions AV-over-IP","breadcrumb":{"@id":"https:\/\/frhub.netgear.com\/fr\/hub\/business\/av\/netgear-et-titlis-unissent-leurs-forces-pour-revolutionner-les-solutions-av-over-ip\/#breadcrumb"},"inLanguage":"en-US","potentialAction":[{"@type":"ReadAction","target":["https:\/\/frhub.netgear.com\/fr\/hub\/business\/av\/netgear-et-titlis-unissent-leurs-forces-pour-revolutionner-les-solutions-av-over-ip\/"]}]},{"@type":"ImageObject","inLanguage":"en-US","@id":"https:\/\/frhub.netgear.com\/fr\/hub\/business\/av\/netgear-et-titlis-unissent-leurs-forces-pour-revolutionner-les-solutions-av-over-ip\/#primaryimage","url":"https:\/\/frhub.netgear.com\/fr\/hub\/wp-content\/uploads\/2025\/06\/vignette-Titlis3-383x288-1.jpg","contentUrl":"https:\/\/frhub.netgear.com\/fr\/hub\/wp-content\/uploads\/2025\/06\/vignette-Titlis3-383x288-1.jpg","width":383,"height":288},{"@type":"BreadcrumbList","@id":"https:\/\/frhub.netgear.com\/fr\/hub\/business\/av\/netgear-et-titlis-unissent-leurs-forces-pour-revolutionner-les-solutions-av-over-ip\/#breadcrumb","itemListElement":[{"@type":"ListItem","position":1,"name":"Home","item":"https:\/\/frhub.netgear.com\/fr\/hub\/"},{"@type":"ListItem","position":2,"name":"Entreprises","item":"https:\/\/frhub.netgear.com\/fr\/hub\/business\/"},{"@type":"ListItem","position":3,"name":"Entreprise AV","item":"https:\/\/frhub.netgear.com\/fr\/hub\/business\/av\/"},{"@type":"ListItem","position":4,"name":"NETGEAR et TiTLIS unissent leurs forces pour r\u00e9volutionner les solutions AV-over-IP"}]},{"@type":"WebSite","@id":"https:\/\/frhub.netgear.com\/fr\/hub\/#website","url":"https:\/\/frhub.netgear.com\/fr\/hub\/","name":"NETGEAR Hub France","description":"Explorez les pages de notre blog et parcourez les articles pour en savoir plus sur les produits et la technologie NETGEAR.","publisher":{"@id":"https:\/\/frhub.netgear.com\/fr\/hub\/#organization"},"potentialAction":[{"@type":"SearchAction","target":{"@type":"EntryPoint","urlTemplate":"https:\/\/frhub.netgear.com\/fr\/hub\/?s={search_term_string}"},"query-input":{"@type":"PropertyValueSpecification","valueRequired":true,"valueName":"search_term_string"}}],"inLanguage":"en-US"},{"@type":"Organization","@id":"https:\/\/frhub.netgear.com\/fr\/hub\/#organization","name":"NETGEAR","url":"https:\/\/frhub.netgear.com\/fr\/hub\/","logo":{"@type":"ImageObject","inLanguage":"en-US","@id":"https:\/\/frhub.netgear.com\/fr\/hub\/#\/schema\/logo\/image\/","url":"https:\/\/www.netgear.com\/fr\/hub\/wp-content\/uploads\/2019\/07\/NETGEAR_logo.jpg","contentUrl":"https:\/\/www.netgear.com\/fr\/hub\/wp-content\/uploads\/2019\/07\/NETGEAR_logo.jpg","width":1500,"height":501,"caption":"NETGEAR"},"image":{"@id":"https:\/\/frhub.netgear.com\/fr\/hub\/#\/schema\/logo\/image\/"},"sameAs":["https:\/\/www.facebook.com\/NetgearAU\/","https:\/\/x.com\/NETGEAR","https:\/\/www.linkedin.com\/company\/netgear"]}]}},"_links":{"self":[{"href":"https:\/\/frhub.netgear.com\/fr\/hub\/wp-json\/wp\/v2\/pages\/10442","targetHints":{"allow":["GET"]}}],"collection":[{"href":"https:\/\/frhub.netgear.com\/fr\/hub\/wp-json\/wp\/v2\/pages"}],"about":[{"href":"https:\/\/frhub.netgear.com\/fr\/hub\/wp-json\/wp\/v2\/types\/page"}],"author":[{"embeddable":true,"href":"https:\/\/frhub.netgear.com\/fr\/hub\/wp-json\/wp\/v2\/users\/92"}],"replies":[{"embeddable":true,"href":"https:\/\/frhub.netgear.com\/fr\/hub\/wp-json\/wp\/v2\/comments?post=10442"}],"version-history":[{"count":4,"href":"https:\/\/frhub.netgear.com\/fr\/hub\/wp-json\/wp\/v2\/pages\/10442\/revisions"}],"predecessor-version":[{"id":11017,"href":"https:\/\/frhub.netgear.com\/fr\/hub\/wp-json\/wp\/v2\/pages\/10442\/revisions\/11017"}],"up":[{"embeddable":true,"href":"https:\/\/frhub.netgear.com\/fr\/hub\/wp-json\/wp\/v2\/pages\/6754"}],"wp:featuredmedia":[{"embeddable":true,"href":"https:\/\/frhub.netgear.com\/fr\/hub\/wp-json\/wp\/v2\/media\/10447"}],"wp:attachment":[{"href":"https:\/\/frhub.netgear.com\/fr\/hub\/wp-json\/wp\/v2\/media?parent=10442"}],"curies":[{"name":"wp","href":"https:\/\/api.w.org\/{rel}","templated":true}]}}