{"id":10416,"date":"2025-06-04T08:38:54","date_gmt":"2025-06-04T06:38:54","guid":{"rendered":"https:\/\/frhub.netgear.com\/fr\/hub\/business\/av\/projet-gpa-episode-3-2\/"},"modified":"2025-10-03T13:19:10","modified_gmt":"2025-10-03T11:19:10","slug":"projet-gpa-episode-1","status":"publish","type":"page","link":"https:\/\/frhub.netgear.com\/fr\/hub\/business\/case-studies\/av-case-studies\/projet-gpa-episode-1\/","title":{"rendered":"GPA Project Profiles \u2013 \u00c9pisode 1 : ESCO pr\u00e9sente des projets avec NETGEAR AV chez Global Foundries, CBRE et Applied Materials"},"content":{"rendered":"<p>Fond\u00e9e en 2008, la Global Presence Alliance (GPA) est un groupement de principaux int\u00e9grateurs audiovisuels professionnels (ProAV).     <div class=\"table-of-content bg-gray\">\n        <p><strong>IN THIS ARTICLE<\/strong><\/p>\n        <ul>\n                        <li><a href=\"#topic1\">GLOBAL PRESENCE ALLIANCE<\/a><\/li>\n                        <li><a href=\"#topic2\">S\u00c9RIE DE WEBINAIRES<\/a><\/li>\n                        <li><a href=\"#topic3\">\u00c9PISODE 1<\/a><\/li>\n                        <li><a href=\"#topic4\">VID\u00c9O<\/a><\/li>\n                        <li><a href=\"#topic5\">PLUS D'INFORMATIONS<\/a><\/li>\n                    <\/ul>\n    <\/div>\n        <div id=\"topic1\" class=\"skip-item\">\n                        <h2>GLOBAL PRESENCE ALLIANCE<\/h2>\n                <p>Fond\u00e9e en 2008, la Global Presence Alliance (GPA) est un groupement de principaux int\u00e9grateurs audiovisuels professionnels (ProAV). En pla\u00e7ant l\u2019humain au c\u0153ur de l\u2019innovation technologique, la GPA accompagne les entreprises vers des r\u00e9sultats commerciaux concrets et durables. Forte de plus de 15 ans d\u2019exp\u00e9rience, l\u2019\u00e9quipe est reconnue pour son expertise en audiovisuel (AV) et en communications unifi\u00e9es (UC) \u00e0 l\u2019\u00e9chelle mondiale. Elle dispose d\u2019un r\u00e9seau de plus de 170 bureaux \u00e0 travers le monde, compos\u00e9s d\u2019\u00e9quipes pleinement op\u00e9rationnelles. Avec la force combin\u00e9e de plus de 6 000 professionnels partageant la m\u00eame passion, la m\u00eame culture et la m\u00eame vision d\u2019innovation, la GPA garantit l\u2019excellence \u00e0 l\u2019\u00e9chelle mondiale.<\/p>\n    <\/div>\n        <div id=\"topic2\" class=\"skip-item\">\n                        <h2>S\u00c9RIE DE WEBINAIRES<\/h2>\n                <p>Dans cette s\u00e9rie de webinaires intitul\u00e9e Project Profiles, les \u00e9quipes GPA de ESCO (Asie du Sud-Est), AVEX (Pays-Bas) et Fort\u00e9 (\u00c9tats-Unis) expliquent pourquoi elles ont choisi les solutions de commutation AV-over-IP de NETGEAR pour plusieurs projets d\u2019envergure r\u00e9alis\u00e9s avec des entreprises multinationales.<br \/>\nAu fil de trois \u00e9pisodes, les experts de la GPA pr\u00e9sentent des projets d\u2019int\u00e9gration men\u00e9s chez <strong>Global Foundries, CBRE, Nieuwegein Business Centre, Mayo Clinic et Applied Materials.<\/strong><\/p>\n    <\/div>\n        <div id=\"topic3\" class=\"skip-item\">\n                        <h2>\u00c9PISODE 1<\/h2>\n                <p>\u00c9coutez les concepteurs vous expliquer leurs choix techniques, les bonnes pratiques et pourquoi ces projets ont rencontr\u00e9 un tel succ\u00e8s.<\/p>\n<p>Vos h\u00f4tes pour cet \u00e9pisode :<\/p>\n<ul>\n<li>Greg Holt (GPA)<\/li>\n<li>Richard Jonker (NETGEAR)<\/li>\n<li>Et pour ESCO, pr\u00e9sentation par Sofyan Bin Sofwan, Concepteur Syst\u00e8me Senior chez ESCO Singapour<\/li>\n<\/ul>\n<p>Au programme de l\u2019\u00e9pisode 1 :<\/p>\n<p>Salle de r\u00e9union chez Global Foundries, \u00e9quip\u00e9e de QSys, QLan, Dante et de switches NETGEAR AV pr\u00e9configur\u00e9s, avec alimentation PoE+ pour chaque point de terminaison.<\/p>\n<p>Configuration multifonctionnelle de deux salles chez CBRE, pouvant \u00eatre automatiquement r\u00e9unies en une seule pi\u00e8ce (ou s\u00e9par\u00e9es), gr\u00e2ce \u00e0 des \u00e9quipements Crestron NVX et des microphones Shure MXA, utilisant les profils pr\u00e9d\u00e9finis NETGEAR pour ces protocoles.<\/p>\n<p>Ensemble d\u2019espaces publics chez Applied Materials, incluant une caf\u00e9t\u00e9ria, une salle de formation et un espace de type \u201ctown hall\u201d.<\/p>\n    <\/div>\n        <div id=\"topic4\" class=\"skip-item\">\n                        <h2>VID\u00c9O<\/h2>\n                <div class=\"video\" style=\"opacity: 1;text-align: center\"><iframe loading=\"lazy\" src=\"https:\/\/242128791.fs1.hubspotusercontent-na2.net\/hubfs\/242128791\/ESCO%20GPA%20NETGEAR%20AV%20-%203%20project%20profiles%20Global%20Foundries%2c%20CBRE%2c%20Applied%20Materials.mp4\" width=\"853\" height=\"505\" frameborder=\"0\" allowfullscreen=\"allowfullscreen\"><span data-mce-type=\"bookmark\" style=\"width: 0px;overflow: hidden;line-height: 0\" class=\"mce_SELRES_start\">\ufeff<\/span><span data-mce-type=\"bookmark\" style=\"width: 0px;overflow: hidden;line-height: 0\" class=\"mce_SELRES_start\">\ufeff<\/span><span data-mce-type=\"bookmark\" style=\"width: 0px;overflow: hidden;line-height: 0\" class=\"mce_SELRES_start\">\ufeff<\/span><\/iframe><\/div>\n    <\/div>\n        <div id=\"topic5\" class=\"skip-item\">\n                        <h2>PLUS D'INFORMATIONS<\/h2>\n                <p>\n<!--SOLUTIONS NETGEAR AV --><\/p>\n<p> Plus d\u2019informations sur nos solutions audiovisuelles<\/p>\n<div class=\"hs-cta-embed hs-cta-simple-placeholder hs-cta-embed-241151160046\" style=\"max-width:100%;max-height:100%;width:260px;height:50.390625px\" data-hubspot-wrapper-cta-id=\"241151160046\"><br \/>\n  <a href=\"https:\/\/cta-na2.hubspot.com\/web-interactives\/public\/v1\/track\/redirect?encryptedPayload=AVxigLJf4HGLXU18h5HBrlQTZuKX4p21iriDX%2FD9Weo1E0jc26wgSp32sJpGF%2FrOb977gqk9Skq%2FVgamhq%2FXvCN0mPQ1dmrdARtcNUH8fV5cFOvngo8qJ8EuMyEq%2Fqu2y51zC2FZUVyu97opP5ixVGCiE%2Bg6BOgTVVDljEMF5hhhXUNpnikrl2UTN%2Bb3TA%3D%3D&#038;webInteractiveContentId=241151160046&#038;portalId=242128791\" target=\"_blank\" rel=\"noopener\"><br \/>\n    <img decoding=\"async\" alt=\"SOLUTIONS NETGEAR AV\" loading=\"lazy\" src=\"https:\/\/hubspot-no-cache-na2-prod.s3.amazonaws.com\/cta\/default\/242128791\/interactive-241151160046.png\" style=\"height: 100%;width: 100%;object-fit: fill\" \/><br \/>\n  <\/a>\n<\/div>\n<\/p>\n<p><!-- NETGEAR ACADEMY AV --><\/p>\n<p> Apprenez tout sur les r\u00e9seaux IP gr\u00e2ce \u00e0 la NETGEAR ACADEMY<\/p>\n<div class=\"hs-cta-embed hs-cta-simple-placeholder hs-cta-embed-241151160033\" style=\"max-width:100%;max-height:100%;width:260px;height:50.390625px\" data-hubspot-wrapper-cta-id=\"241151160033\"><br \/>\n  <a href=\"https:\/\/cta-na2.hubspot.com\/web-interactives\/public\/v1\/track\/redirect?encryptedPayload=AVxigLJ6zgXxrLVJLagOt9pyIXf5%2FGgh9lUupWJj49Nfcbq71eIrrvJQt9JGeaQwNkTAPTWhI2%2BXk56NQscWP4xOQ7iZrhk6rkBjyO4dBlJGP1gG3BpcrdlgLyF%2F850K2l3xn5kDj5H%2Fur8VO2zJH58QH7by4HFWliY25223Shr3sQx25aCmNBjCDkNwA2WRum67F9fGyQyzoYOn86wAq%2Brw3xzsBDMbyw%3D%3D&#038;webInteractiveContentId=241151160033&#038;portalId=242128791\" target=\"_blank\" rel=\"noopener\"><br \/>\n    <img decoding=\"async\" alt=\"NETGEAR ACADEMY\" loading=\"lazy\" src=\"https:\/\/hubspot-no-cache-na2-prod.s3.amazonaws.com\/cta\/default\/242128791\/interactive-241151160033.png\" style=\"height: 100%;width: 100%;object-fit: fill\" \/><br \/>\n  <\/a>\n<\/div>\n<\/p>\n<p><!--CONTACTEZ L'EQUIPE PROAV --><\/p>\n<p>Nos ing\u00e9nieurs vous accompagneront gratuitement dans la r\u00e9alisation de vos projets audiovisuels<\/p>\n<div class=\"hs-cta-embed hs-cta-simple-placeholder hs-cta-embed-241151160055\" style=\"max-width:100%;max-height:100%;width:270px;height:50.390625px\" data-hubspot-wrapper-cta-id=\"241151160055\"><br \/>\n  <a href=\"https:\/\/cta-na2.hubspot.com\/web-interactives\/public\/v1\/track\/redirect?encryptedPayload=AVxigLLUG9XShtF2ziGdRlpsMD%2BMJ39t1kFOE7VlHl2HmmlWzlJWH0rsV7f3eoQL53gclcWb0lliiDgK3EAMVvEOcIE7gW9aYOwk1uipv43pSUkBlDtiKJ%2BcB7fopWupnJbggqZWRkNERZkdh1dDGXHHDJX3V0sOA8mbXD%2Fd6QC2XK2OyVtrDNFDHbBoT6b15PyvF4Ca3b6JBNTYdAzYeH790XenlNKBP4OKZqw50t7IGx9DuADFMFlNdg6FWQ%3D%3D&#038;webInteractiveContentId=241151160055&#038;portalId=242128791\" target=\"_blank\" rel=\"noopener\"><br \/>\n    <img decoding=\"async\" alt=\"CONTACTEZ L'EQUIPE PROAV\" loading=\"lazy\" src=\"https:\/\/hubspot-no-cache-na2-prod.s3.amazonaws.com\/cta\/default\/242128791\/interactive-241151160055.png\" style=\"height: 100%;width: 100%;object-fit: fill\" \/><br \/>\n  <\/a>\n<\/div><\/p>\n    <\/div>\n        <div id=\"topic6\" class=\"skip-item\">\n                        <p><iframe loading=\"lazy\" src=\"https:\/\/405nrr.share-na2.hsforms.com\/24AR2ZDSmQqWycFqf8q5-eg\" width=\"100%\" height=\"1200px\"><\/iframe><\/p>\n    <\/div>\n    <\/p>\n","protected":false},"excerpt":{"rendered":"<p>Fond\u00e9e en 2008, la Global Presence Alliance (GPA) est un groupement de principaux int\u00e9grateurs audiovisuels professionnels (ProAV).<\/p>\n","protected":false},"author":92,"featured_media":10418,"parent":10498,"menu_order":13,"comment_status":"closed","ping_status":"closed","template":"templates\/blog-wifi.php","meta":{"_acf_changed":false,"content-type":"","footnotes":""},"class_list":["post-10416","page","type-page","status-publish","has-post-thumbnail","hentry"],"acf":[],"yoast_head":"<!-- This site is optimized with the Yoast SEO plugin v27.4 - https:\/\/yoast.com\/product\/yoast-seo-wordpress\/ -->\n<title>GPA Project Profiles \u2013 \u00c9pisode 1 : ESCO pr\u00e9sente des projets avec NETGEAR AV chez Global Foundries, CBRE et Applied Materials - NETGEAR Blog<\/title>\n<meta name=\"description\" content=\"GPA Project Profiles \u2013 \u00c9pisode 1 : ESCO pr\u00e9sente des projets avec NETGEAR AV chez Global Foundries, CBRE et Applied Materials\" \/>\n<meta name=\"robots\" content=\"index, follow, max-snippet:-1, max-image-preview:large, max-video-preview:-1\" \/>\n<link rel=\"canonical\" href=\"https:\/\/frhub.netgear.com\/fr\/hub\/business\/case-studies\/av-case-studies\/projet-gpa-episode-1\/\" \/>\n<meta property=\"og:locale\" content=\"en_US\" \/>\n<meta property=\"og:type\" content=\"article\" \/>\n<meta property=\"og:title\" content=\"GPA Project Profiles \u2013 \u00c9pisode 1 : ESCO pr\u00e9sente des projets avec NETGEAR AV chez Global Foundries, CBRE et Applied Materials - NETGEAR Blog\" \/>\n<meta property=\"og:description\" content=\"GPA Project Profiles \u2013 \u00c9pisode 1 : ESCO pr\u00e9sente des projets avec NETGEAR AV chez Global Foundries, CBRE et Applied Materials\" \/>\n<meta property=\"og:url\" content=\"https:\/\/frhub.netgear.com\/fr\/hub\/business\/case-studies\/av-case-studies\/projet-gpa-episode-1\/\" \/>\n<meta property=\"og:site_name\" content=\"NETGEAR Blog\" \/>\n<meta property=\"article:publisher\" content=\"https:\/\/www.facebook.com\/NetgearAU\/\" \/>\n<meta property=\"article:modified_time\" content=\"2025-10-03T11:19:10+00:00\" \/>\n<meta property=\"og:image\" content=\"https:\/\/frhub.netgear.com\/fr\/hub\/wp-content\/uploads\/2025\/06\/vignette-Mayo-Clinic-Logo-383x288-ep1.jpg\" \/>\n\t<meta property=\"og:image:width\" content=\"383\" \/>\n\t<meta property=\"og:image:height\" content=\"288\" \/>\n\t<meta property=\"og:image:type\" content=\"image\/jpeg\" \/>\n<meta name=\"twitter:card\" content=\"summary_large_image\" \/>\n<meta name=\"twitter:site\" content=\"@NETGEAR\" \/>\n<script type=\"application\/ld+json\" class=\"yoast-schema-graph\">{\"@context\":\"https:\\\/\\\/schema.org\",\"@graph\":[{\"@type\":\"WebPage\",\"@id\":\"https:\\\/\\\/frhub.netgear.com\\\/fr\\\/hub\\\/business\\\/case-studies\\\/av-case-studies\\\/projet-gpa-episode-1\\\/\",\"url\":\"https:\\\/\\\/frhub.netgear.com\\\/fr\\\/hub\\\/business\\\/case-studies\\\/av-case-studies\\\/projet-gpa-episode-1\\\/\",\"name\":\"GPA Project Profiles \u2013 \u00c9pisode 1 : ESCO pr\u00e9sente des projets avec NETGEAR AV chez Global Foundries, CBRE et Applied Materials - NETGEAR Blog\",\"isPartOf\":{\"@id\":\"https:\\\/\\\/frhub.netgear.com\\\/fr\\\/hub\\\/#website\"},\"primaryImageOfPage\":{\"@id\":\"https:\\\/\\\/frhub.netgear.com\\\/fr\\\/hub\\\/business\\\/case-studies\\\/av-case-studies\\\/projet-gpa-episode-1\\\/#primaryimage\"},\"image\":{\"@id\":\"https:\\\/\\\/frhub.netgear.com\\\/fr\\\/hub\\\/business\\\/case-studies\\\/av-case-studies\\\/projet-gpa-episode-1\\\/#primaryimage\"},\"thumbnailUrl\":\"https:\\\/\\\/frhub.netgear.com\\\/fr\\\/hub\\\/wp-content\\\/uploads\\\/2025\\\/06\\\/vignette-Mayo-Clinic-Logo-383x288-ep1.jpg\",\"datePublished\":\"2025-06-04T06:38:54+00:00\",\"dateModified\":\"2025-10-03T11:19:10+00:00\",\"description\":\"GPA Project Profiles \u2013 \u00c9pisode 1 : ESCO pr\u00e9sente des projets avec NETGEAR AV chez Global Foundries, CBRE et Applied Materials\",\"breadcrumb\":{\"@id\":\"https:\\\/\\\/frhub.netgear.com\\\/fr\\\/hub\\\/business\\\/case-studies\\\/av-case-studies\\\/projet-gpa-episode-1\\\/#breadcrumb\"},\"inLanguage\":\"en-US\",\"potentialAction\":[{\"@type\":\"ReadAction\",\"target\":[\"https:\\\/\\\/frhub.netgear.com\\\/fr\\\/hub\\\/business\\\/case-studies\\\/av-case-studies\\\/projet-gpa-episode-1\\\/\"]}]},{\"@type\":\"ImageObject\",\"inLanguage\":\"en-US\",\"@id\":\"https:\\\/\\\/frhub.netgear.com\\\/fr\\\/hub\\\/business\\\/case-studies\\\/av-case-studies\\\/projet-gpa-episode-1\\\/#primaryimage\",\"url\":\"https:\\\/\\\/frhub.netgear.com\\\/fr\\\/hub\\\/wp-content\\\/uploads\\\/2025\\\/06\\\/vignette-Mayo-Clinic-Logo-383x288-ep1.jpg\",\"contentUrl\":\"https:\\\/\\\/frhub.netgear.com\\\/fr\\\/hub\\\/wp-content\\\/uploads\\\/2025\\\/06\\\/vignette-Mayo-Clinic-Logo-383x288-ep1.jpg\",\"width\":383,\"height\":288,\"caption\":\"Screenshot\"},{\"@type\":\"BreadcrumbList\",\"@id\":\"https:\\\/\\\/frhub.netgear.com\\\/fr\\\/hub\\\/business\\\/case-studies\\\/av-case-studies\\\/projet-gpa-episode-1\\\/#breadcrumb\",\"itemListElement\":[{\"@type\":\"ListItem\",\"position\":1,\"name\":\"Home\",\"item\":\"https:\\\/\\\/frhub.netgear.com\\\/fr\\\/hub\\\/\"},{\"@type\":\"ListItem\",\"position\":2,\"name\":\"Entreprises\",\"item\":\"https:\\\/\\\/frhub.netgear.com\\\/fr\\\/hub\\\/business\\\/\"},{\"@type\":\"ListItem\",\"position\":3,\"name\":\"All Case Studies &#8211; FR\",\"item\":\"https:\\\/\\\/frhub.netgear.com\\\/fr\\\/hub\\\/business\\\/case-studies\\\/\"},{\"@type\":\"ListItem\",\"position\":4,\"name\":\"Case Studies &#8211; AV &#8211; FR\",\"item\":\"https:\\\/\\\/frhub.netgear.com\\\/fr\\\/hub\\\/business\\\/case-studies\\\/av-case-studies\\\/\"},{\"@type\":\"ListItem\",\"position\":5,\"name\":\"GPA Project Profiles \u2013 \u00c9pisode 1 : ESCO pr\u00e9sente des projets avec NETGEAR AV chez Global Foundries, CBRE et Applied Materials\"}]},{\"@type\":\"WebSite\",\"@id\":\"https:\\\/\\\/frhub.netgear.com\\\/fr\\\/hub\\\/#website\",\"url\":\"https:\\\/\\\/frhub.netgear.com\\\/fr\\\/hub\\\/\",\"name\":\"NETGEAR Hub France\",\"description\":\"Explorez les pages de notre blog et parcourez les articles pour en savoir plus sur les produits et la technologie NETGEAR.\",\"publisher\":{\"@id\":\"https:\\\/\\\/frhub.netgear.com\\\/fr\\\/hub\\\/#organization\"},\"potentialAction\":[{\"@type\":\"SearchAction\",\"target\":{\"@type\":\"EntryPoint\",\"urlTemplate\":\"https:\\\/\\\/frhub.netgear.com\\\/fr\\\/hub\\\/?s={search_term_string}\"},\"query-input\":{\"@type\":\"PropertyValueSpecification\",\"valueRequired\":true,\"valueName\":\"search_term_string\"}}],\"inLanguage\":\"en-US\"},{\"@type\":\"Organization\",\"@id\":\"https:\\\/\\\/frhub.netgear.com\\\/fr\\\/hub\\\/#organization\",\"name\":\"NETGEAR\",\"url\":\"https:\\\/\\\/frhub.netgear.com\\\/fr\\\/hub\\\/\",\"logo\":{\"@type\":\"ImageObject\",\"inLanguage\":\"en-US\",\"@id\":\"https:\\\/\\\/frhub.netgear.com\\\/fr\\\/hub\\\/#\\\/schema\\\/logo\\\/image\\\/\",\"url\":\"https:\\\/\\\/www.netgear.com\\\/fr\\\/hub\\\/wp-content\\\/uploads\\\/2019\\\/07\\\/NETGEAR_logo.jpg\",\"contentUrl\":\"https:\\\/\\\/www.netgear.com\\\/fr\\\/hub\\\/wp-content\\\/uploads\\\/2019\\\/07\\\/NETGEAR_logo.jpg\",\"width\":1500,\"height\":501,\"caption\":\"NETGEAR\"},\"image\":{\"@id\":\"https:\\\/\\\/frhub.netgear.com\\\/fr\\\/hub\\\/#\\\/schema\\\/logo\\\/image\\\/\"},\"sameAs\":[\"https:\\\/\\\/www.facebook.com\\\/NetgearAU\\\/\",\"https:\\\/\\\/x.com\\\/NETGEAR\",\"https:\\\/\\\/www.linkedin.com\\\/company\\\/netgear\"]}]}<\/script>\n<!-- \/ Yoast SEO plugin. -->","yoast_head_json":{"title":"GPA Project Profiles \u2013 \u00c9pisode 1 : ESCO pr\u00e9sente des projets avec NETGEAR AV chez Global Foundries, CBRE et Applied Materials - NETGEAR Blog","description":"GPA Project Profiles \u2013 \u00c9pisode 1 : ESCO pr\u00e9sente des projets avec NETGEAR AV chez Global Foundries, CBRE et Applied Materials","robots":{"index":"index","follow":"follow","max-snippet":"max-snippet:-1","max-image-preview":"max-image-preview:large","max-video-preview":"max-video-preview:-1"},"canonical":"https:\/\/frhub.netgear.com\/fr\/hub\/business\/case-studies\/av-case-studies\/projet-gpa-episode-1\/","og_locale":"en_US","og_type":"article","og_title":"GPA Project Profiles \u2013 \u00c9pisode 1 : ESCO pr\u00e9sente des projets avec NETGEAR AV chez Global Foundries, CBRE et Applied Materials - NETGEAR Blog","og_description":"GPA Project Profiles \u2013 \u00c9pisode 1 : ESCO pr\u00e9sente des projets avec NETGEAR AV chez Global Foundries, CBRE et Applied Materials","og_url":"https:\/\/frhub.netgear.com\/fr\/hub\/business\/case-studies\/av-case-studies\/projet-gpa-episode-1\/","og_site_name":"NETGEAR Blog","article_publisher":"https:\/\/www.facebook.com\/NetgearAU\/","article_modified_time":"2025-10-03T11:19:10+00:00","og_image":[{"width":383,"height":288,"url":"https:\/\/frhub.netgear.com\/fr\/hub\/wp-content\/uploads\/2025\/06\/vignette-Mayo-Clinic-Logo-383x288-ep1.jpg","type":"image\/jpeg"}],"twitter_card":"summary_large_image","twitter_site":"@NETGEAR","schema":{"@context":"https:\/\/schema.org","@graph":[{"@type":"WebPage","@id":"https:\/\/frhub.netgear.com\/fr\/hub\/business\/case-studies\/av-case-studies\/projet-gpa-episode-1\/","url":"https:\/\/frhub.netgear.com\/fr\/hub\/business\/case-studies\/av-case-studies\/projet-gpa-episode-1\/","name":"GPA Project Profiles \u2013 \u00c9pisode 1 : ESCO pr\u00e9sente des projets avec NETGEAR AV chez Global Foundries, CBRE et Applied Materials - NETGEAR Blog","isPartOf":{"@id":"https:\/\/frhub.netgear.com\/fr\/hub\/#website"},"primaryImageOfPage":{"@id":"https:\/\/frhub.netgear.com\/fr\/hub\/business\/case-studies\/av-case-studies\/projet-gpa-episode-1\/#primaryimage"},"image":{"@id":"https:\/\/frhub.netgear.com\/fr\/hub\/business\/case-studies\/av-case-studies\/projet-gpa-episode-1\/#primaryimage"},"thumbnailUrl":"https:\/\/frhub.netgear.com\/fr\/hub\/wp-content\/uploads\/2025\/06\/vignette-Mayo-Clinic-Logo-383x288-ep1.jpg","datePublished":"2025-06-04T06:38:54+00:00","dateModified":"2025-10-03T11:19:10+00:00","description":"GPA Project Profiles \u2013 \u00c9pisode 1 : ESCO pr\u00e9sente des projets avec NETGEAR AV chez Global Foundries, CBRE et Applied Materials","breadcrumb":{"@id":"https:\/\/frhub.netgear.com\/fr\/hub\/business\/case-studies\/av-case-studies\/projet-gpa-episode-1\/#breadcrumb"},"inLanguage":"en-US","potentialAction":[{"@type":"ReadAction","target":["https:\/\/frhub.netgear.com\/fr\/hub\/business\/case-studies\/av-case-studies\/projet-gpa-episode-1\/"]}]},{"@type":"ImageObject","inLanguage":"en-US","@id":"https:\/\/frhub.netgear.com\/fr\/hub\/business\/case-studies\/av-case-studies\/projet-gpa-episode-1\/#primaryimage","url":"https:\/\/frhub.netgear.com\/fr\/hub\/wp-content\/uploads\/2025\/06\/vignette-Mayo-Clinic-Logo-383x288-ep1.jpg","contentUrl":"https:\/\/frhub.netgear.com\/fr\/hub\/wp-content\/uploads\/2025\/06\/vignette-Mayo-Clinic-Logo-383x288-ep1.jpg","width":383,"height":288,"caption":"Screenshot"},{"@type":"BreadcrumbList","@id":"https:\/\/frhub.netgear.com\/fr\/hub\/business\/case-studies\/av-case-studies\/projet-gpa-episode-1\/#breadcrumb","itemListElement":[{"@type":"ListItem","position":1,"name":"Home","item":"https:\/\/frhub.netgear.com\/fr\/hub\/"},{"@type":"ListItem","position":2,"name":"Entreprises","item":"https:\/\/frhub.netgear.com\/fr\/hub\/business\/"},{"@type":"ListItem","position":3,"name":"All Case Studies &#8211; FR","item":"https:\/\/frhub.netgear.com\/fr\/hub\/business\/case-studies\/"},{"@type":"ListItem","position":4,"name":"Case Studies &#8211; AV &#8211; FR","item":"https:\/\/frhub.netgear.com\/fr\/hub\/business\/case-studies\/av-case-studies\/"},{"@type":"ListItem","position":5,"name":"GPA Project Profiles \u2013 \u00c9pisode 1 : ESCO pr\u00e9sente des projets avec NETGEAR AV chez Global Foundries, CBRE et Applied Materials"}]},{"@type":"WebSite","@id":"https:\/\/frhub.netgear.com\/fr\/hub\/#website","url":"https:\/\/frhub.netgear.com\/fr\/hub\/","name":"NETGEAR Hub France","description":"Explorez les pages de notre blog et parcourez les articles pour en savoir plus sur les produits et la technologie NETGEAR.","publisher":{"@id":"https:\/\/frhub.netgear.com\/fr\/hub\/#organization"},"potentialAction":[{"@type":"SearchAction","target":{"@type":"EntryPoint","urlTemplate":"https:\/\/frhub.netgear.com\/fr\/hub\/?s={search_term_string}"},"query-input":{"@type":"PropertyValueSpecification","valueRequired":true,"valueName":"search_term_string"}}],"inLanguage":"en-US"},{"@type":"Organization","@id":"https:\/\/frhub.netgear.com\/fr\/hub\/#organization","name":"NETGEAR","url":"https:\/\/frhub.netgear.com\/fr\/hub\/","logo":{"@type":"ImageObject","inLanguage":"en-US","@id":"https:\/\/frhub.netgear.com\/fr\/hub\/#\/schema\/logo\/image\/","url":"https:\/\/www.netgear.com\/fr\/hub\/wp-content\/uploads\/2019\/07\/NETGEAR_logo.jpg","contentUrl":"https:\/\/www.netgear.com\/fr\/hub\/wp-content\/uploads\/2019\/07\/NETGEAR_logo.jpg","width":1500,"height":501,"caption":"NETGEAR"},"image":{"@id":"https:\/\/frhub.netgear.com\/fr\/hub\/#\/schema\/logo\/image\/"},"sameAs":["https:\/\/www.facebook.com\/NetgearAU\/","https:\/\/x.com\/NETGEAR","https:\/\/www.linkedin.com\/company\/netgear"]}]}},"_links":{"self":[{"href":"https:\/\/frhub.netgear.com\/fr\/hub\/wp-json\/wp\/v2\/pages\/10416","targetHints":{"allow":["GET"]}}],"collection":[{"href":"https:\/\/frhub.netgear.com\/fr\/hub\/wp-json\/wp\/v2\/pages"}],"about":[{"href":"https:\/\/frhub.netgear.com\/fr\/hub\/wp-json\/wp\/v2\/types\/page"}],"author":[{"embeddable":true,"href":"https:\/\/frhub.netgear.com\/fr\/hub\/wp-json\/wp\/v2\/users\/92"}],"replies":[{"embeddable":true,"href":"https:\/\/frhub.netgear.com\/fr\/hub\/wp-json\/wp\/v2\/comments?post=10416"}],"version-history":[{"count":4,"href":"https:\/\/frhub.netgear.com\/fr\/hub\/wp-json\/wp\/v2\/pages\/10416\/revisions"}],"predecessor-version":[{"id":11040,"href":"https:\/\/frhub.netgear.com\/fr\/hub\/wp-json\/wp\/v2\/pages\/10416\/revisions\/11040"}],"up":[{"embeddable":true,"href":"https:\/\/frhub.netgear.com\/fr\/hub\/wp-json\/wp\/v2\/pages\/10498"}],"wp:featuredmedia":[{"embeddable":true,"href":"https:\/\/frhub.netgear.com\/fr\/hub\/wp-json\/wp\/v2\/media\/10418"}],"wp:attachment":[{"href":"https:\/\/frhub.netgear.com\/fr\/hub\/wp-json\/wp\/v2\/media?parent=10416"}],"curies":[{"name":"wp","href":"https:\/\/api.w.org\/{rel}","templated":true}]}}