{"id":10410,"date":"2025-06-04T08:28:02","date_gmt":"2025-06-04T06:28:02","guid":{"rendered":"https:\/\/frhub.netgear.com\/fr\/hub\/business\/av\/projet-gpa-episode-3-2\/"},"modified":"2025-10-03T13:19:57","modified_gmt":"2025-10-03T11:19:57","slug":"projet-gpa-episode-2","status":"publish","type":"page","link":"https:\/\/frhub.netgear.com\/fr\/hub\/business\/case-studies\/av-case-studies\/projet-gpa-episode-2\/","title":{"rendered":"GPA Project Profiles \u2013 \u00c9pisode 2 : Projet prim\u00e9 avec le Centre de Conf\u00e9rences NBC"},"content":{"rendered":"<p>Fond\u00e9e en 2008, la Global Presence Alliance (GPA) est un groupement de principaux int\u00e9grateurs audiovisuels professionnels (ProAV).     <div class=\"table-of-content bg-gray\">\n        <p><strong>IN THIS ARTICLE<\/strong><\/p>\n        <ul>\n                        <li><a href=\"#topic1\">GLOBAL PRESENCE ALLIANCE<\/a><\/li>\n                        <li><a href=\"#topic2\">S\u00c9RIE DE WEBINAIRES<\/a><\/li>\n                        <li><a href=\"#topic3\">\u00c9PISODE DEUX<\/a><\/li>\n                        <li><a href=\"#topic4\">NBC CONFERENCE CENTER<\/a><\/li>\n                        <li><a href=\"#topic5\">VID\u00c9O<\/a><\/li>\n                        <li><a href=\"#topic6\"> NETGEAR AV<\/a><\/li>\n                        <li><a href=\"#topic7\">PLUS D'INFORMATIONS<\/a><\/li>\n                    <\/ul>\n    <\/div>\n        <div id=\"topic1\" class=\"skip-item\">\n                        <h2>GLOBAL PRESENCE ALLIANCE<\/h2>\n                <p>Fond\u00e9e en 2008, la Global Presence Alliance (GPA) est un groupement de principaux int\u00e9grateurs audiovisuels professionnels (ProAV). En pla\u00e7ant l\u2019humain au c\u0153ur de l\u2019innovation technologique, la GPA accompagne les entreprises vers des r\u00e9sultats commerciaux concrets et durables. Forte de plus de 15 ans d\u2019exp\u00e9rience, l\u2019\u00e9quipe est reconnue pour son expertise en audiovisuel (AV) et en communications unifi\u00e9es (UC) \u00e0 l\u2019\u00e9chelle mondiale. Elle dispose d\u2019un r\u00e9seau de plus de 170 bureaux \u00e0 travers le monde, compos\u00e9s d\u2019\u00e9quipes pleinement op\u00e9rationnelles. Avec la force combin\u00e9e de plus de 6 000 professionnels partageant la m\u00eame passion, la m\u00eame culture et la m\u00eame vision d\u2019innovation, la GPA garantit l\u2019excellence \u00e0 l\u2019\u00e9chelle mondiale.<\/p>\n    <\/div>\n        <div id=\"topic2\" class=\"skip-item\">\n                        <h2>S\u00c9RIE DE WEBINAIRES<\/h2>\n                <p>Dans cette s\u00e9rie de webinaires intitul\u00e9e \u00ab Project Profiles \u00bb, les \u00e9quipes GPA de ESCO (Asie du Sud-Est), AVEX (Pays-Bas) et Fort\u00e9 (\u00c9tats-Unis) discutent des raisons pour lesquelles elles ont choisi les switches AV-over-IP de NETGEAR pour plusieurs projets de grande envergure avec des multinationales. En trois \u00e9pisodes, les experts GPA aborderont des projets d\u2019int\u00e9gration chez Global Foundries, CBRE, Nieuwegein Business Centre, Mayo Clinic et Applied Materials.<\/p>\n<p>D\u00e9couvrez les explications des concepteurs quant aux choix techniques qu\u2019ils ont faits. Ils partagent les bonnes pratiques et nous disent pourquoi ces projets ont rencontr\u00e9 un tel succ\u00e8s.<\/p>\n<p>Vos h\u00f4tes pour cet \u00e9pisode :<\/p>\n<ul>\n<li>Meche V\u00e1zquez (Coordinatrice Partenaires, GPA)<\/li>\n<li>Richard Jonker (VP Marketing &amp; D\u00e9veloppement Commercial, NETGEAR)<\/li>\n<li>Pour AVEX : Jeroen Labots, Responsable du Portefeuille Produits, et Vincent Claes, Architecte de Solutions chez AVEX Group<\/li>\n<\/ul>\n    <\/div>\n        <div id=\"topic3\" class=\"skip-item\">\n                        <h2>\u00c9PISODE DEUX<\/h2>\n                <p>Dans l\u2019\u00e9pisode 2, les intervenants d\u00e9crivent les choix de conception effectu\u00e9s dans le cadre de l\u2019une des plus grandes installations AV-over-IP au monde, avec plus de 1 300 terminaux sur un seul r\u00e9seau. Ce projet a remport\u00e9 le Prix de l\u2019Innovation 2025 pour les lieux et espaces \u00e9v\u00e9nementiels lors du salon ISE 2025.<\/p>\n    <\/div>\n        <div id=\"topic4\" class=\"skip-item\">\n                        <h2>NBC CONFERENCE CENTER<\/h2>\n                <p>En septembre 2022, le Centre de conf\u00e9rences NBC \u00e0 Nieuwegein (Pays-Bas) a \u00e9t\u00e9 ravag\u00e9 par un incendie d\u00e9vastateur. Suite \u00e0 cela, NBC et AVEX ont uni leurs forces non seulement pour reconstruire le centre, mais aussi pour le transformer en un lieu \u00e9v\u00e9nementiel ultra-moderne, gr\u00e2ce \u00e0 la technologie audiovisuelle.<\/p>\n<p>L\u2019un des \u00e9l\u00e9ments les plus remarquables du nouveau NBC est le plus grand syst\u00e8me de projection 3D des Pays-Bas, couvrant une sc\u00e8ne de plus de 45 m\u00e8tres de large. Le projet a \u00e9galement inclus la conception et la mise en \u0153uvre d\u2019un syst\u00e8me AV-over-IP avanc\u00e9 d\u00e9velopp\u00e9 en interne par AVEX. Ce syst\u00e8me permet un r\u00e9seau de connexions audiovisuelles dans tout le b\u00e2timent. Chaque port r\u00e9seau devient une connexion AV potentielle, offrant \u00e0 NBC une flexibilit\u00e9 et un contr\u00f4le in\u00e9gal\u00e9s. Depuis une salle de contr\u00f4le centrale, l\u2019\u00e9quipe audiovisuelle du NBC peut facilement g\u00e9rer les \u00e9quipements dans la zone d\u2019accueil, les 22 sous-salles et les deux grandes salles d\u2019\u00e9v\u00e9nements, y compris la gestion des contenus (pr\u00e9sentations, affichage dynamique, branding client).<br \/>\nCes innovations ont non seulement am\u00e9lior\u00e9 l\u2019efficacit\u00e9 op\u00e9rationnelle de NBC, mais ont \u00e9galement \u00e9lev\u00e9 l\u2019exp\u00e9rience utilisateur pour les invit\u00e9s comme pour les employ\u00e9s.<\/p>\n    <\/div>\n        <div id=\"topic5\" class=\"skip-item\">\n                        <h2>VID\u00c9O<\/h2>\n                <div class=\"video\" style=\"opacity: 1;text-align: center\"><iframe loading=\"lazy\" src=\"https:\/\/242128791.fs1.hubspotusercontent-na2.net\/hubfs\/242128791\/AVEX%20GPA%20NETGEAR%20AV%20NBC%20Project.mp4\" width=\"853\" height=\"505\" frameborder=\"0\" allowfullscreen=\"allowfullscreen\"><span data-mce-type=\"bookmark\" style=\"width: 0px;overflow: hidden;line-height: 0\" class=\"mce_SELRES_start\">\ufeff<\/span><span data-mce-type=\"bookmark\" style=\"width: 0px;overflow: hidden;line-height: 0\" class=\"mce_SELRES_start\">\ufeff<\/span><\/iframe><\/div>\n    <\/div>\n        <div id=\"topic6\" class=\"skip-item\">\n                        <h2> NETGEAR AV<\/h2>\n                <p data-start=\"3604\" data-end=\"4001\">Toute l\u2019installation repose sur un <strong data-start=\"3639\" data-end=\"3660\">r\u00e9seau AV NETGEAR<\/strong> comprenant un c\u0153ur de <strong data-start=\"3683\" data-end=\"3707\">2 switches M4500<\/strong>, reli\u00e9s par un <strong data-start=\"3723\" data-end=\"3755\">interconnect MLAG de 800 GbE<\/strong>, ainsi que <strong data-start=\"3767\" data-end=\"3796\">35 switches GSM4248UX<\/strong>, chacun dot\u00e9 de <strong data-start=\"3813\" data-end=\"3831\">40 ports PoE++<\/strong>, permettant un total de <strong data-start=\"3856\" data-end=\"3889\">1 400 connexions potentielles<\/strong>.<br data-start=\"3890\" data-end=\"3893\" \/>Jeroen et Vincent livrent tous les d\u00e9tails techniques du projet \u2013 une v\u00e9ritable plong\u00e9e dans les coulisses !<\/p>\n<p data-start=\"4003\" data-end=\"4158\">En savoir plus sur ce projet ici : <a class=\"\" href=\"https:\/\/www.avex-int.com\/en\/en\/nbc-innovation-and-experience-come-together\/\" target=\"_new\" rel=\"noopener\" data-start=\"4041\" data-end=\"4158\">NBC \u2013 Innovation et exp\u00e9rience r\u00e9unies<\/a><\/p>\n    <\/div>\n        <div id=\"topic7\" class=\"skip-item\">\n                        <h2>PLUS D'INFORMATIONS<\/h2>\n                <p>\n<!--SOLUTIONS NETGEAR AV --><\/p>\n<p> Plus d\u2019informations sur nos solutions audiovisuelles<\/p>\n<div class=\"hs-cta-embed hs-cta-simple-placeholder hs-cta-embed-241151160046\" style=\"max-width:100%;max-height:100%;width:260px;height:50.390625px\" data-hubspot-wrapper-cta-id=\"241151160046\"><br \/>\n  <a href=\"https:\/\/cta-na2.hubspot.com\/web-interactives\/public\/v1\/track\/redirect?encryptedPayload=AVxigLJf4HGLXU18h5HBrlQTZuKX4p21iriDX%2FD9Weo1E0jc26wgSp32sJpGF%2FrOb977gqk9Skq%2FVgamhq%2FXvCN0mPQ1dmrdARtcNUH8fV5cFOvngo8qJ8EuMyEq%2Fqu2y51zC2FZUVyu97opP5ixVGCiE%2Bg6BOgTVVDljEMF5hhhXUNpnikrl2UTN%2Bb3TA%3D%3D&#038;webInteractiveContentId=241151160046&#038;portalId=242128791\" target=\"_blank\" rel=\"noopener\"><br \/>\n    <img decoding=\"async\" alt=\"SOLUTIONS NETGEAR AV\" loading=\"lazy\" src=\"https:\/\/hubspot-no-cache-na2-prod.s3.amazonaws.com\/cta\/default\/242128791\/interactive-241151160046.png\" style=\"height: 100%;width: 100%;object-fit: fill\" \/><br \/>\n  <\/a>\n<\/div>\n<\/p>\n<p><!-- NETGEAR ACADEMY AV --><\/p>\n<p> Apprenez tout sur les r\u00e9seaux IP gr\u00e2ce \u00e0 la NETGEAR ACADEMY<\/p>\n<div class=\"hs-cta-embed hs-cta-simple-placeholder hs-cta-embed-241151160033\" style=\"max-width:100%;max-height:100%;width:260px;height:50.390625px\" data-hubspot-wrapper-cta-id=\"241151160033\"><br \/>\n  <a href=\"https:\/\/cta-na2.hubspot.com\/web-interactives\/public\/v1\/track\/redirect?encryptedPayload=AVxigLJ6zgXxrLVJLagOt9pyIXf5%2FGgh9lUupWJj49Nfcbq71eIrrvJQt9JGeaQwNkTAPTWhI2%2BXk56NQscWP4xOQ7iZrhk6rkBjyO4dBlJGP1gG3BpcrdlgLyF%2F850K2l3xn5kDj5H%2Fur8VO2zJH58QH7by4HFWliY25223Shr3sQx25aCmNBjCDkNwA2WRum67F9fGyQyzoYOn86wAq%2Brw3xzsBDMbyw%3D%3D&#038;webInteractiveContentId=241151160033&#038;portalId=242128791\" target=\"_blank\" rel=\"noopener\"><br \/>\n    <img decoding=\"async\" alt=\"NETGEAR ACADEMY\" loading=\"lazy\" src=\"https:\/\/hubspot-no-cache-na2-prod.s3.amazonaws.com\/cta\/default\/242128791\/interactive-241151160033.png\" style=\"height: 100%;width: 100%;object-fit: fill\" \/><br \/>\n  <\/a>\n<\/div>\n<\/p>\n<p><!--CONTACTEZ L'EQUIPE PROAV --><\/p>\n<p>Nos ing\u00e9nieurs vous accompagneront gratuitement dans la r\u00e9alisation de vos projets audiovisuels<\/p>\n<div class=\"hs-cta-embed hs-cta-simple-placeholder hs-cta-embed-241151160055\" style=\"max-width:100%;max-height:100%;width:270px;height:50.390625px\" data-hubspot-wrapper-cta-id=\"241151160055\"><br \/>\n  <a href=\"https:\/\/cta-na2.hubspot.com\/web-interactives\/public\/v1\/track\/redirect?encryptedPayload=AVxigLLUG9XShtF2ziGdRlpsMD%2BMJ39t1kFOE7VlHl2HmmlWzlJWH0rsV7f3eoQL53gclcWb0lliiDgK3EAMVvEOcIE7gW9aYOwk1uipv43pSUkBlDtiKJ%2BcB7fopWupnJbggqZWRkNERZkdh1dDGXHHDJX3V0sOA8mbXD%2Fd6QC2XK2OyVtrDNFDHbBoT6b15PyvF4Ca3b6JBNTYdAzYeH790XenlNKBP4OKZqw50t7IGx9DuADFMFlNdg6FWQ%3D%3D&#038;webInteractiveContentId=241151160055&#038;portalId=242128791\" target=\"_blank\" rel=\"noopener\"><br \/>\n    <img decoding=\"async\" alt=\"CONTACTEZ L'EQUIPE PROAV\" loading=\"lazy\" src=\"https:\/\/hubspot-no-cache-na2-prod.s3.amazonaws.com\/cta\/default\/242128791\/interactive-241151160055.png\" style=\"height: 100%;width: 100%;object-fit: fill\" \/><br \/>\n  <\/a>\n<\/div><\/p>\n    <\/div>\n        <div id=\"topic8\" class=\"skip-item\">\n                        <p><iframe loading=\"lazy\" src=\"https:\/\/405nrr.share-na2.hsforms.com\/24AR2ZDSmQqWycFqf8q5-eg\" width=\"100%\" height=\"1200px\"><\/iframe><\/p>\n    <\/div>\n    <\/p>\n","protected":false},"excerpt":{"rendered":"<p>Fond\u00e9e en 2008, la Global Presence Alliance (GPA) est un groupement de principaux int\u00e9grateurs audiovisuels professionnels (ProAV).<\/p>\n","protected":false},"author":92,"featured_media":10414,"parent":10498,"menu_order":12,"comment_status":"closed","ping_status":"closed","template":"templates\/blog-wifi.php","meta":{"_acf_changed":false,"content-type":"","footnotes":""},"class_list":["post-10410","page","type-page","status-publish","has-post-thumbnail","hentry"],"acf":[],"yoast_head":"<!-- This site is optimized with the Yoast SEO plugin v27.4 - https:\/\/yoast.com\/product\/yoast-seo-wordpress\/ -->\n<title>GPA Project Profiles \u2013 \u00c9pisode 2 : Projet prim\u00e9 avec le Centre de Conf\u00e9rences NBC - NETGEAR Blog<\/title>\n<meta name=\"description\" content=\"GPA Project Profiles \u2013 \u00c9pisode 2 : Projet prim\u00e9 avec le Centre de Conf\u00e9rences NBC\" \/>\n<meta name=\"robots\" content=\"index, follow, max-snippet:-1, max-image-preview:large, max-video-preview:-1\" \/>\n<link rel=\"canonical\" href=\"https:\/\/frhub.netgear.com\/fr\/hub\/business\/case-studies\/av-case-studies\/projet-gpa-episode-2\/\" \/>\n<meta property=\"og:locale\" content=\"en_US\" \/>\n<meta property=\"og:type\" content=\"article\" \/>\n<meta property=\"og:title\" content=\"GPA Project Profiles \u2013 \u00c9pisode 2 : Projet prim\u00e9 avec le Centre de Conf\u00e9rences NBC - NETGEAR Blog\" \/>\n<meta property=\"og:description\" content=\"GPA Project Profiles \u2013 \u00c9pisode 2 : Projet prim\u00e9 avec le Centre de Conf\u00e9rences NBC\" \/>\n<meta property=\"og:url\" content=\"https:\/\/frhub.netgear.com\/fr\/hub\/business\/case-studies\/av-case-studies\/projet-gpa-episode-2\/\" \/>\n<meta property=\"og:site_name\" content=\"NETGEAR Blog\" \/>\n<meta property=\"article:publisher\" content=\"https:\/\/www.facebook.com\/NetgearAU\/\" \/>\n<meta property=\"article:modified_time\" content=\"2025-10-03T11:19:57+00:00\" \/>\n<meta property=\"og:image\" content=\"https:\/\/frhub.netgear.com\/fr\/hub\/wp-content\/uploads\/2025\/06\/vignette-Clinic-Mayo-Ep2-1.png\" \/>\n\t<meta property=\"og:image:width\" content=\"383\" \/>\n\t<meta property=\"og:image:height\" content=\"288\" \/>\n\t<meta property=\"og:image:type\" content=\"image\/png\" \/>\n<meta name=\"twitter:card\" content=\"summary_large_image\" \/>\n<meta name=\"twitter:site\" content=\"@NETGEAR\" \/>\n<script type=\"application\/ld+json\" class=\"yoast-schema-graph\">{\"@context\":\"https:\\\/\\\/schema.org\",\"@graph\":[{\"@type\":\"WebPage\",\"@id\":\"https:\\\/\\\/frhub.netgear.com\\\/fr\\\/hub\\\/business\\\/case-studies\\\/av-case-studies\\\/projet-gpa-episode-2\\\/\",\"url\":\"https:\\\/\\\/frhub.netgear.com\\\/fr\\\/hub\\\/business\\\/case-studies\\\/av-case-studies\\\/projet-gpa-episode-2\\\/\",\"name\":\"GPA Project Profiles \u2013 \u00c9pisode 2 : Projet prim\u00e9 avec le Centre de Conf\u00e9rences NBC - NETGEAR Blog\",\"isPartOf\":{\"@id\":\"https:\\\/\\\/frhub.netgear.com\\\/fr\\\/hub\\\/#website\"},\"primaryImageOfPage\":{\"@id\":\"https:\\\/\\\/frhub.netgear.com\\\/fr\\\/hub\\\/business\\\/case-studies\\\/av-case-studies\\\/projet-gpa-episode-2\\\/#primaryimage\"},\"image\":{\"@id\":\"https:\\\/\\\/frhub.netgear.com\\\/fr\\\/hub\\\/business\\\/case-studies\\\/av-case-studies\\\/projet-gpa-episode-2\\\/#primaryimage\"},\"thumbnailUrl\":\"https:\\\/\\\/frhub.netgear.com\\\/fr\\\/hub\\\/wp-content\\\/uploads\\\/2025\\\/06\\\/vignette-Clinic-Mayo-Ep2-1.png\",\"datePublished\":\"2025-06-04T06:28:02+00:00\",\"dateModified\":\"2025-10-03T11:19:57+00:00\",\"description\":\"GPA Project Profiles \u2013 \u00c9pisode 2 : Projet prim\u00e9 avec le Centre de Conf\u00e9rences NBC\",\"breadcrumb\":{\"@id\":\"https:\\\/\\\/frhub.netgear.com\\\/fr\\\/hub\\\/business\\\/case-studies\\\/av-case-studies\\\/projet-gpa-episode-2\\\/#breadcrumb\"},\"inLanguage\":\"en-US\",\"potentialAction\":[{\"@type\":\"ReadAction\",\"target\":[\"https:\\\/\\\/frhub.netgear.com\\\/fr\\\/hub\\\/business\\\/case-studies\\\/av-case-studies\\\/projet-gpa-episode-2\\\/\"]}]},{\"@type\":\"ImageObject\",\"inLanguage\":\"en-US\",\"@id\":\"https:\\\/\\\/frhub.netgear.com\\\/fr\\\/hub\\\/business\\\/case-studies\\\/av-case-studies\\\/projet-gpa-episode-2\\\/#primaryimage\",\"url\":\"https:\\\/\\\/frhub.netgear.com\\\/fr\\\/hub\\\/wp-content\\\/uploads\\\/2025\\\/06\\\/vignette-Clinic-Mayo-Ep2-1.png\",\"contentUrl\":\"https:\\\/\\\/frhub.netgear.com\\\/fr\\\/hub\\\/wp-content\\\/uploads\\\/2025\\\/06\\\/vignette-Clinic-Mayo-Ep2-1.png\",\"width\":383,\"height\":288},{\"@type\":\"BreadcrumbList\",\"@id\":\"https:\\\/\\\/frhub.netgear.com\\\/fr\\\/hub\\\/business\\\/case-studies\\\/av-case-studies\\\/projet-gpa-episode-2\\\/#breadcrumb\",\"itemListElement\":[{\"@type\":\"ListItem\",\"position\":1,\"name\":\"Home\",\"item\":\"https:\\\/\\\/frhub.netgear.com\\\/fr\\\/hub\\\/\"},{\"@type\":\"ListItem\",\"position\":2,\"name\":\"Entreprises\",\"item\":\"https:\\\/\\\/frhub.netgear.com\\\/fr\\\/hub\\\/business\\\/\"},{\"@type\":\"ListItem\",\"position\":3,\"name\":\"All Case Studies &#8211; FR\",\"item\":\"https:\\\/\\\/frhub.netgear.com\\\/fr\\\/hub\\\/business\\\/case-studies\\\/\"},{\"@type\":\"ListItem\",\"position\":4,\"name\":\"Case Studies &#8211; AV &#8211; FR\",\"item\":\"https:\\\/\\\/frhub.netgear.com\\\/fr\\\/hub\\\/business\\\/case-studies\\\/av-case-studies\\\/\"},{\"@type\":\"ListItem\",\"position\":5,\"name\":\"GPA Project Profiles \u2013 \u00c9pisode 2 : Projet prim\u00e9 avec le Centre de Conf\u00e9rences NBC\"}]},{\"@type\":\"WebSite\",\"@id\":\"https:\\\/\\\/frhub.netgear.com\\\/fr\\\/hub\\\/#website\",\"url\":\"https:\\\/\\\/frhub.netgear.com\\\/fr\\\/hub\\\/\",\"name\":\"NETGEAR Hub France\",\"description\":\"Explorez les pages de notre blog et parcourez les articles pour en savoir plus sur les produits et la technologie NETGEAR.\",\"publisher\":{\"@id\":\"https:\\\/\\\/frhub.netgear.com\\\/fr\\\/hub\\\/#organization\"},\"potentialAction\":[{\"@type\":\"SearchAction\",\"target\":{\"@type\":\"EntryPoint\",\"urlTemplate\":\"https:\\\/\\\/frhub.netgear.com\\\/fr\\\/hub\\\/?s={search_term_string}\"},\"query-input\":{\"@type\":\"PropertyValueSpecification\",\"valueRequired\":true,\"valueName\":\"search_term_string\"}}],\"inLanguage\":\"en-US\"},{\"@type\":\"Organization\",\"@id\":\"https:\\\/\\\/frhub.netgear.com\\\/fr\\\/hub\\\/#organization\",\"name\":\"NETGEAR\",\"url\":\"https:\\\/\\\/frhub.netgear.com\\\/fr\\\/hub\\\/\",\"logo\":{\"@type\":\"ImageObject\",\"inLanguage\":\"en-US\",\"@id\":\"https:\\\/\\\/frhub.netgear.com\\\/fr\\\/hub\\\/#\\\/schema\\\/logo\\\/image\\\/\",\"url\":\"https:\\\/\\\/www.netgear.com\\\/fr\\\/hub\\\/wp-content\\\/uploads\\\/2019\\\/07\\\/NETGEAR_logo.jpg\",\"contentUrl\":\"https:\\\/\\\/www.netgear.com\\\/fr\\\/hub\\\/wp-content\\\/uploads\\\/2019\\\/07\\\/NETGEAR_logo.jpg\",\"width\":1500,\"height\":501,\"caption\":\"NETGEAR\"},\"image\":{\"@id\":\"https:\\\/\\\/frhub.netgear.com\\\/fr\\\/hub\\\/#\\\/schema\\\/logo\\\/image\\\/\"},\"sameAs\":[\"https:\\\/\\\/www.facebook.com\\\/NetgearAU\\\/\",\"https:\\\/\\\/x.com\\\/NETGEAR\",\"https:\\\/\\\/www.linkedin.com\\\/company\\\/netgear\"]}]}<\/script>\n<!-- \/ Yoast SEO plugin. -->","yoast_head_json":{"title":"GPA Project Profiles \u2013 \u00c9pisode 2 : Projet prim\u00e9 avec le Centre de Conf\u00e9rences NBC - NETGEAR Blog","description":"GPA Project Profiles \u2013 \u00c9pisode 2 : Projet prim\u00e9 avec le Centre de Conf\u00e9rences NBC","robots":{"index":"index","follow":"follow","max-snippet":"max-snippet:-1","max-image-preview":"max-image-preview:large","max-video-preview":"max-video-preview:-1"},"canonical":"https:\/\/frhub.netgear.com\/fr\/hub\/business\/case-studies\/av-case-studies\/projet-gpa-episode-2\/","og_locale":"en_US","og_type":"article","og_title":"GPA Project Profiles \u2013 \u00c9pisode 2 : Projet prim\u00e9 avec le Centre de Conf\u00e9rences NBC - NETGEAR Blog","og_description":"GPA Project Profiles \u2013 \u00c9pisode 2 : Projet prim\u00e9 avec le Centre de Conf\u00e9rences NBC","og_url":"https:\/\/frhub.netgear.com\/fr\/hub\/business\/case-studies\/av-case-studies\/projet-gpa-episode-2\/","og_site_name":"NETGEAR Blog","article_publisher":"https:\/\/www.facebook.com\/NetgearAU\/","article_modified_time":"2025-10-03T11:19:57+00:00","og_image":[{"width":383,"height":288,"url":"https:\/\/frhub.netgear.com\/fr\/hub\/wp-content\/uploads\/2025\/06\/vignette-Clinic-Mayo-Ep2-1.png","type":"image\/png"}],"twitter_card":"summary_large_image","twitter_site":"@NETGEAR","schema":{"@context":"https:\/\/schema.org","@graph":[{"@type":"WebPage","@id":"https:\/\/frhub.netgear.com\/fr\/hub\/business\/case-studies\/av-case-studies\/projet-gpa-episode-2\/","url":"https:\/\/frhub.netgear.com\/fr\/hub\/business\/case-studies\/av-case-studies\/projet-gpa-episode-2\/","name":"GPA Project Profiles \u2013 \u00c9pisode 2 : Projet prim\u00e9 avec le Centre de Conf\u00e9rences NBC - NETGEAR Blog","isPartOf":{"@id":"https:\/\/frhub.netgear.com\/fr\/hub\/#website"},"primaryImageOfPage":{"@id":"https:\/\/frhub.netgear.com\/fr\/hub\/business\/case-studies\/av-case-studies\/projet-gpa-episode-2\/#primaryimage"},"image":{"@id":"https:\/\/frhub.netgear.com\/fr\/hub\/business\/case-studies\/av-case-studies\/projet-gpa-episode-2\/#primaryimage"},"thumbnailUrl":"https:\/\/frhub.netgear.com\/fr\/hub\/wp-content\/uploads\/2025\/06\/vignette-Clinic-Mayo-Ep2-1.png","datePublished":"2025-06-04T06:28:02+00:00","dateModified":"2025-10-03T11:19:57+00:00","description":"GPA Project Profiles \u2013 \u00c9pisode 2 : Projet prim\u00e9 avec le Centre de Conf\u00e9rences NBC","breadcrumb":{"@id":"https:\/\/frhub.netgear.com\/fr\/hub\/business\/case-studies\/av-case-studies\/projet-gpa-episode-2\/#breadcrumb"},"inLanguage":"en-US","potentialAction":[{"@type":"ReadAction","target":["https:\/\/frhub.netgear.com\/fr\/hub\/business\/case-studies\/av-case-studies\/projet-gpa-episode-2\/"]}]},{"@type":"ImageObject","inLanguage":"en-US","@id":"https:\/\/frhub.netgear.com\/fr\/hub\/business\/case-studies\/av-case-studies\/projet-gpa-episode-2\/#primaryimage","url":"https:\/\/frhub.netgear.com\/fr\/hub\/wp-content\/uploads\/2025\/06\/vignette-Clinic-Mayo-Ep2-1.png","contentUrl":"https:\/\/frhub.netgear.com\/fr\/hub\/wp-content\/uploads\/2025\/06\/vignette-Clinic-Mayo-Ep2-1.png","width":383,"height":288},{"@type":"BreadcrumbList","@id":"https:\/\/frhub.netgear.com\/fr\/hub\/business\/case-studies\/av-case-studies\/projet-gpa-episode-2\/#breadcrumb","itemListElement":[{"@type":"ListItem","position":1,"name":"Home","item":"https:\/\/frhub.netgear.com\/fr\/hub\/"},{"@type":"ListItem","position":2,"name":"Entreprises","item":"https:\/\/frhub.netgear.com\/fr\/hub\/business\/"},{"@type":"ListItem","position":3,"name":"All Case Studies &#8211; FR","item":"https:\/\/frhub.netgear.com\/fr\/hub\/business\/case-studies\/"},{"@type":"ListItem","position":4,"name":"Case Studies &#8211; AV &#8211; FR","item":"https:\/\/frhub.netgear.com\/fr\/hub\/business\/case-studies\/av-case-studies\/"},{"@type":"ListItem","position":5,"name":"GPA Project Profiles \u2013 \u00c9pisode 2 : Projet prim\u00e9 avec le Centre de Conf\u00e9rences NBC"}]},{"@type":"WebSite","@id":"https:\/\/frhub.netgear.com\/fr\/hub\/#website","url":"https:\/\/frhub.netgear.com\/fr\/hub\/","name":"NETGEAR Hub France","description":"Explorez les pages de notre blog et parcourez les articles pour en savoir plus sur les produits et la technologie NETGEAR.","publisher":{"@id":"https:\/\/frhub.netgear.com\/fr\/hub\/#organization"},"potentialAction":[{"@type":"SearchAction","target":{"@type":"EntryPoint","urlTemplate":"https:\/\/frhub.netgear.com\/fr\/hub\/?s={search_term_string}"},"query-input":{"@type":"PropertyValueSpecification","valueRequired":true,"valueName":"search_term_string"}}],"inLanguage":"en-US"},{"@type":"Organization","@id":"https:\/\/frhub.netgear.com\/fr\/hub\/#organization","name":"NETGEAR","url":"https:\/\/frhub.netgear.com\/fr\/hub\/","logo":{"@type":"ImageObject","inLanguage":"en-US","@id":"https:\/\/frhub.netgear.com\/fr\/hub\/#\/schema\/logo\/image\/","url":"https:\/\/www.netgear.com\/fr\/hub\/wp-content\/uploads\/2019\/07\/NETGEAR_logo.jpg","contentUrl":"https:\/\/www.netgear.com\/fr\/hub\/wp-content\/uploads\/2019\/07\/NETGEAR_logo.jpg","width":1500,"height":501,"caption":"NETGEAR"},"image":{"@id":"https:\/\/frhub.netgear.com\/fr\/hub\/#\/schema\/logo\/image\/"},"sameAs":["https:\/\/www.facebook.com\/NetgearAU\/","https:\/\/x.com\/NETGEAR","https:\/\/www.linkedin.com\/company\/netgear"]}]}},"_links":{"self":[{"href":"https:\/\/frhub.netgear.com\/fr\/hub\/wp-json\/wp\/v2\/pages\/10410","targetHints":{"allow":["GET"]}}],"collection":[{"href":"https:\/\/frhub.netgear.com\/fr\/hub\/wp-json\/wp\/v2\/pages"}],"about":[{"href":"https:\/\/frhub.netgear.com\/fr\/hub\/wp-json\/wp\/v2\/types\/page"}],"author":[{"embeddable":true,"href":"https:\/\/frhub.netgear.com\/fr\/hub\/wp-json\/wp\/v2\/users\/92"}],"replies":[{"embeddable":true,"href":"https:\/\/frhub.netgear.com\/fr\/hub\/wp-json\/wp\/v2\/comments?post=10410"}],"version-history":[{"count":3,"href":"https:\/\/frhub.netgear.com\/fr\/hub\/wp-json\/wp\/v2\/pages\/10410\/revisions"}],"predecessor-version":[{"id":11041,"href":"https:\/\/frhub.netgear.com\/fr\/hub\/wp-json\/wp\/v2\/pages\/10410\/revisions\/11041"}],"up":[{"embeddable":true,"href":"https:\/\/frhub.netgear.com\/fr\/hub\/wp-json\/wp\/v2\/pages\/10498"}],"wp:featuredmedia":[{"embeddable":true,"href":"https:\/\/frhub.netgear.com\/fr\/hub\/wp-json\/wp\/v2\/media\/10414"}],"wp:attachment":[{"href":"https:\/\/frhub.netgear.com\/fr\/hub\/wp-json\/wp\/v2\/media?parent=10410"}],"curies":[{"name":"wp","href":"https:\/\/api.w.org\/{rel}","templated":true}]}}