{"id":10404,"date":"2025-06-04T07:46:44","date_gmt":"2025-06-04T05:46:44","guid":{"rendered":"https:\/\/frhub.netgear.com\/fr\/hub\/business\/av\/vizrt-presente-ses-innovations-pour-simplifier-la-production-avec-netgearav-2\/"},"modified":"2025-10-03T13:20:43","modified_gmt":"2025-10-03T11:20:43","slug":"projet-gpa-episode-3","status":"publish","type":"page","link":"https:\/\/frhub.netgear.com\/fr\/hub\/business\/case-studies\/av-case-studies\/projet-gpa-episode-3\/","title":{"rendered":"Projet GPA \u00c9pisode 3 \u2013 Forte \/ AVI Systems pr\u00e9sente le projet IEBR de la Mayo Clinic"},"content":{"rendered":"<p>Fond\u00e9e en 2008, la Global Presence Alliance (GPA) est un groupement de principaux int\u00e9grateurs audiovisuels professionnels (ProAV).     <div class=\"table-of-content bg-gray\">\n        <p><strong>IN THIS ARTICLE<\/strong><\/p>\n        <ul>\n                        <li><a href=\"#topic1\">GLOBAL PRESENCE ALLIANCE<\/a><\/li>\n                        <li><a href=\"#topic2\">\u00c9PISODE TROIS<\/a><\/li>\n                        <li><a href=\"#topic3\">MAYO CLINIC<\/a><\/li>\n                        <li><a href=\"#topic4\">VID\u00c9O<\/a><\/li>\n                        <li><a href=\"#topic5\">EDUCATION<\/a><\/li>\n                        <li><a href=\"#topic6\">RECHERCHE<\/a><\/li>\n                        <li><a href=\"#topic7\">PLUS D'INFORMATIONS<\/a><\/li>\n                    <\/ul>\n    <\/div>\n        <div id=\"topic1\" class=\"skip-item\">\n                        <h2>GLOBAL PRESENCE ALLIANCE<\/h2>\n                <p>Fond\u00e9e en 2008, la Global Presence Alliance (GPA) est un groupement de principaux int\u00e9grateurs audiovisuels professionnels (ProAV). En pla\u00e7ant l\u2019humain au c\u0153ur de l\u2019innovation technologique, la GPA accompagne les entreprises vers des r\u00e9sultats commerciaux concrets et durables. Forte de plus de 15 ans d\u2019exp\u00e9rience, l\u2019\u00e9quipe est reconnue pour son expertise en audiovisuel (AV) et en communications unifi\u00e9es (UC) \u00e0 l\u2019\u00e9chelle mondiale. Elle dispose d\u2019un r\u00e9seau de plus de 170 bureaux \u00e0 travers le monde, compos\u00e9s d\u2019\u00e9quipes pleinement op\u00e9rationnelles. Avec la force combin\u00e9e de plus de 6 000 professionnels partageant la m\u00eame passion, la m\u00eame culture et la m\u00eame vision d\u2019innovation, la GPA garantit l\u2019excellence \u00e0 l\u2019\u00e9chelle mondiale.<\/p>\n    <\/div>\n        <div id=\"topic2\" class=\"skip-item\">\n                        <h2>\u00c9PISODE TROIS<\/h2>\n                <p>Dans cette s\u00e9rie de webinaires intitul\u00e9e \u00ab Project Profiles \u00bb, les \u00e9quipes GPA de ESCO (Asie du Sud-Est), AVEX (Pays-Bas) et Fort\u00e9 (\u00c9tats-Unis) discutent des raisons pour lesquelles elles ont choisi les switches AV-over-IP de NETGEAR pour plusieurs projets de grande envergure avec des multinationales. En trois \u00e9pisodes, les experts GPA aborderont des projets d\u2019int\u00e9gration chez Global Foundries, CBRE, Nieuwegein Business Centre, Mayo Clinic et Applied Materials.<\/p>\n<p>D\u00e9couvrez les explications des concepteurs quant aux choix techniques qu\u2019ils ont faits. Ils partagent les bonnes pratiques et nous disent pourquoi ces projets ont rencontr\u00e9 un tel succ\u00e8s.<\/p>\n<p>Vos h\u00f4tes pour cet \u00e9pisode sont :<\/p>\n<ul>\n<li>Meche V\u00e1zquez (Coordinatrice Partenaires, GPA)<\/li>\n<li>Richard Jonker (VP Marketing &amp; D\u00e9veloppement Commercial, NETGEAR)<\/li>\n<\/ul>\n<p>Pour Fort\u00e9 (AVI Systems) :<\/p>\n<ul>\n<li>Mike Wallin, CTS-D, Ing\u00e9nieur Principal Conception<\/li>\n<li>Shawn Wallin, Ing\u00e9nieur D\u00e9ploiement UC chez AVI Systems<\/li>\n<\/ul>\n    <\/div>\n        <div id=\"topic3\" class=\"skip-item\">\n                        <h2>MAYO CLINIC<\/h2>\n                <p>Le Integrated Education and Research Building (IERB) constitue le plus grand et le plus visionnaire des projets d\u2019expansion du campus de la Mayo Clinic. Il marque l\u2019aboutissement d\u2019un vaste programme d\u2019investissement qui a plus que doubl\u00e9 la superficie du campus, tout en offrant de nouvelles capacit\u00e9s et un espace \u00e9largi. L\u2019\u00e9l\u00e9ment phare est ce b\u00e2timent de 14 000 m\u00b2, qui incarne l\u2019ing\u00e9niosit\u00e9 du travail d\u2019\u00e9quipe, pilier de la Mayo Clinic depuis sa cr\u00e9ation.<\/p>\n<p>Situ\u00e9 sur le campus de Phoenix, ce b\u00e2timent augmente consid\u00e9rablement l\u2019espace d\u00e9di\u00e9 \u00e0 l\u2019\u00e9ducation et \u00e0 la recherche pour permettre une transition fluide entre la formation biom\u00e9dicale, la recherche et les soins aux patients. Les \u00e9tudiants et stagiaires y apprendront aux c\u00f4t\u00e9s de m\u00e9decins et de chercheurs, b\u00e9n\u00e9ficieront d\u2019exp\u00e9riences pratiques et d\u00e9velopperont leur r\u00e9seau professionnel. Chercheurs, \u00e9tudiants et stagiaires sont encourag\u00e9s \u00e0 explorer de nouvelles d\u00e9couvertes scientifiques, avec l\u2019acc\u00e8s aux ressources n\u00e9cessaires pour y parvenir. Les d\u00e9couvertes issues de cette approche int\u00e9gr\u00e9e am\u00e9lioreront l\u2019exp\u00e9rience des soins \u00e0 la Mayo Clinic, que ce soit sur place ou \u00e0 distance.<\/p>\n<p>Ce site unifi\u00e9 favorise la collaboration entre les \u00e9quipes ainsi qu\u2019avec de nouveaux ou anciens partenaires, comme l\u2019Arizona State University. Le b\u00e2timent de trois \u00e9tages renforce la coop\u00e9ration entre les pratiques cliniques, l\u2019enseignement et la recherche pour mieux r\u00e9pondre aux besoins complexes et non satisfaits des patients.<\/p>\n    <\/div>\n        <div id=\"topic4\" class=\"skip-item\">\n                        <h2>VID\u00c9O<\/h2>\n                <div class=\"video\" style=\"opacity: 1;text-align: center\"><iframe loading=\"lazy\" src=\"https:\/\/242128791.fs1.hubspotusercontent-na2.net\/hubfs\/242128791\/Customer%20Cases\/FORTE%20GPA%20NETGEAR%20AV%20MAYO%20CLINIC.mp4\" width=\"853\" height=\"505\" frameborder=\"0\" allowfullscreen=\"allowfullscreen\"><span data-mce-type=\"bookmark\" style=\"width: 0px;overflow: hidden;line-height: 0\" class=\"mce_SELRES_start\"><\/span><span data-mce-type=\"bookmark\" style=\"width: 0px;overflow: hidden;line-height: 0\" class=\"mce_SELRES_start\"><\/span><span data-mce-type=\"bookmark\" style=\"width: 0px;overflow: hidden;line-height: 0\" class=\"mce_SELRES_start\"><\/span><\/iframe><\/div>\n    <\/div>\n        <div id=\"topic5\" class=\"skip-item\">\n                        <h2>EDUCATION<\/h2>\n                <p>L\u2019IERB abrite le Coll\u00e8ge de M\u00e9decine et des Sciences de la Mayo Clinic et ses cinq \u00e9coles : Mayo Clinic Alix School of Medicine, Mayo Clinic School of Graduate Medical Education, Mayo Clinic School of Health Sciences, Mayo Clinic School of Biomedical Sciences, Mayo Clinic School of Continuous Professional Development<\/p>\n<p>Environ 4 200 m\u00b2 sont d\u00e9di\u00e9s \u00e0 l\u2019enseignement, avec :<\/p>\n<ul>\n<li>Deux salles de classe de 60 personnes et deux de 30 personnes<\/li>\n<li>Six petites salles (capacit\u00e9 de 10 personnes)<\/li>\n<li>Une suite d\u2019examen clinique structur\u00e9 avec six salles d\u2019examen simul\u00e9<\/li>\n<li>La biblioth\u00e8que comprenant :<\/li>\n<li>10 salles d\u2019\u00e9tude individuelles<\/li>\n<li>4 salles de travail en groupe<\/li>\n<li>Une table d\u2019anatomie Sectra<\/li>\n<li>Des mod\u00e8les anatomiques<\/li>\n<li>Des ressources physiques et num\u00e9riques (e-books)<\/li>\n<li>Plus d\u2019une douzaine de salles de conf\u00e9rence<\/li>\n<li>Un petit centre d\u2019\u00e9v\u00e9nement (capacit\u00e9 : 120 personnes)<\/li>\n<li>Un laboratoire du Centre pour l\u2019Innovation Proc\u00e9durale avec salle de classe de 60 personnes<\/li>\n<li>20 laboratoires humides \u00e0 disposition des \u00e9tudiants de la Graduate School of Biomedical Sciences<\/li>\n<\/ul>\n    <\/div>\n        <div id=\"topic6\" class=\"skip-item\">\n                        <h2>RECHERCHE<\/h2>\n                <p>Les installations de recherche de la Mayo Clinic sont parmi les plus vastes et avanc\u00e9es au monde :<\/p>\n<ul>\n<li>4 200 m\u00b2 de nouveaux laboratoires pour la Mayo Clinic Arizona<\/li>\n<li>Capacit\u00e9 pour accueillir 25 \u00e0 30 chercheurs, incluant scientifiques de carri\u00e8re, cliniciens chercheurs, etc.<\/li>\n<li>Espaces sp\u00e9cialis\u00e9s pour la cytom\u00e9trie en flux, l\u2019analyse cellulaire individuelle et l\u2019analyse g\u00e9nomique<\/li>\n<li>\u00c9quipements d\u2019imagerie de pointe : microscopie \u00e0 deux photons, imagerie cellulaire en direct, microscopie confocale \u00e0 disque tournant, microscopie \u00e0 feuillet de lumi\u00e8re<\/li>\n<li>Int\u00e9gration avec les \u00e9tudiants de la Mayo Graduate School of Biomedical Sciences et de l\u2019Alix School of Medicine, permettant aux doctorants, m\u00e9decins et double cursus (M.D.\/Ph.D.) de travailler directement avec les chercheurs de la Mayo Clinic<\/li>\n<li>Infrastructures de conf\u00e9rence de pointe pour favoriser les collaborations internes et internationales<\/li>\n<\/ul>\n<p>Fort\u00e9 a \u00e9t\u00e9 sollicit\u00e9 pour concevoir et construire une salle de formation divisible pour 60 personnes, destin\u00e9e \u00e0 accueillir des formations de groupe, des r\u00e9unions Teams avec 12 cam\u00e9ras, 19 espaces de travail en sous-groupes, une diffusion en surplus depuis l\u2019espace \u00e9v\u00e9nementiel, et une flexibilit\u00e9 totale avec des changements de configuration \u00e0 la vol\u00e9e. Le projet fonctionne int\u00e9gralement sur des switches AV NETGEAR. Dans l\u2019enregistrement du webinaire, Mike Wallin et Shawn Wallin vous pr\u00e9sentent le processus de conception et expliquent pourquoi ils ont choisi les switches AV de NETGEAR.<\/p>\n    <\/div>\n        <div id=\"topic7\" class=\"skip-item\">\n                        <h2>PLUS D'INFORMATIONS<\/h2>\n                <p>\n<!--SOLUTIONS NETGEAR AV --><\/p>\n<p> Plus d\u2019informations sur nos solutions audiovisuelles<\/p>\n<div class=\"hs-cta-embed hs-cta-simple-placeholder hs-cta-embed-241151160046\" style=\"max-width:100%;max-height:100%;width:260px;height:50.390625px\" data-hubspot-wrapper-cta-id=\"241151160046\"><br \/>\n  <a href=\"https:\/\/cta-na2.hubspot.com\/web-interactives\/public\/v1\/track\/redirect?encryptedPayload=AVxigLJf4HGLXU18h5HBrlQTZuKX4p21iriDX%2FD9Weo1E0jc26wgSp32sJpGF%2FrOb977gqk9Skq%2FVgamhq%2FXvCN0mPQ1dmrdARtcNUH8fV5cFOvngo8qJ8EuMyEq%2Fqu2y51zC2FZUVyu97opP5ixVGCiE%2Bg6BOgTVVDljEMF5hhhXUNpnikrl2UTN%2Bb3TA%3D%3D&#038;webInteractiveContentId=241151160046&#038;portalId=242128791\" target=\"_blank\" rel=\"noopener\"><br \/>\n    <img decoding=\"async\" alt=\"SOLUTIONS NETGEAR AV\" loading=\"lazy\" src=\"https:\/\/hubspot-no-cache-na2-prod.s3.amazonaws.com\/cta\/default\/242128791\/interactive-241151160046.png\" style=\"height: 100%;width: 100%;object-fit: fill\" \/><br \/>\n  <\/a>\n<\/div>\n<\/p>\n<p><!-- NETGEAR ACADEMY AV --><\/p>\n<p> Apprenez tout sur les r\u00e9seaux IP gr\u00e2ce \u00e0 la NETGEAR ACADEMY<\/p>\n<div class=\"hs-cta-embed hs-cta-simple-placeholder hs-cta-embed-241151160033\" style=\"max-width:100%;max-height:100%;width:260px;height:50.390625px\" data-hubspot-wrapper-cta-id=\"241151160033\"><br \/>\n  <a href=\"https:\/\/cta-na2.hubspot.com\/web-interactives\/public\/v1\/track\/redirect?encryptedPayload=AVxigLJ6zgXxrLVJLagOt9pyIXf5%2FGgh9lUupWJj49Nfcbq71eIrrvJQt9JGeaQwNkTAPTWhI2%2BXk56NQscWP4xOQ7iZrhk6rkBjyO4dBlJGP1gG3BpcrdlgLyF%2F850K2l3xn5kDj5H%2Fur8VO2zJH58QH7by4HFWliY25223Shr3sQx25aCmNBjCDkNwA2WRum67F9fGyQyzoYOn86wAq%2Brw3xzsBDMbyw%3D%3D&#038;webInteractiveContentId=241151160033&#038;portalId=242128791\" target=\"_blank\" rel=\"noopener\"><br \/>\n    <img decoding=\"async\" alt=\"NETGEAR ACADEMY\" loading=\"lazy\" src=\"https:\/\/hubspot-no-cache-na2-prod.s3.amazonaws.com\/cta\/default\/242128791\/interactive-241151160033.png\" style=\"height: 100%;width: 100%;object-fit: fill\" \/><br \/>\n  <\/a>\n<\/div>\n<\/p>\n<p><!--CONTACTEZ L'EQUIPE PROAV --><\/p>\n<p>Nos ing\u00e9nieurs vous accompagneront gratuitement dans la r\u00e9alisation de vos projets audiovisuels<\/p>\n<div class=\"hs-cta-embed hs-cta-simple-placeholder hs-cta-embed-241151160055\" style=\"max-width:100%;max-height:100%;width:270px;height:50.390625px\" data-hubspot-wrapper-cta-id=\"241151160055\"><br \/>\n  <a href=\"https:\/\/cta-na2.hubspot.com\/web-interactives\/public\/v1\/track\/redirect?encryptedPayload=AVxigLLUG9XShtF2ziGdRlpsMD%2BMJ39t1kFOE7VlHl2HmmlWzlJWH0rsV7f3eoQL53gclcWb0lliiDgK3EAMVvEOcIE7gW9aYOwk1uipv43pSUkBlDtiKJ%2BcB7fopWupnJbggqZWRkNERZkdh1dDGXHHDJX3V0sOA8mbXD%2Fd6QC2XK2OyVtrDNFDHbBoT6b15PyvF4Ca3b6JBNTYdAzYeH790XenlNKBP4OKZqw50t7IGx9DuADFMFlNdg6FWQ%3D%3D&#038;webInteractiveContentId=241151160055&#038;portalId=242128791\" target=\"_blank\" rel=\"noopener\"><br \/>\n    <img decoding=\"async\" alt=\"CONTACTEZ L'EQUIPE PROAV\" loading=\"lazy\" src=\"https:\/\/hubspot-no-cache-na2-prod.s3.amazonaws.com\/cta\/default\/242128791\/interactive-241151160055.png\" style=\"height: 100%;width: 100%;object-fit: fill\" \/><br \/>\n  <\/a>\n<\/div><\/p>\n    <\/div>\n        <div id=\"topic8\" class=\"skip-item\">\n                        <p><iframe loading=\"lazy\" src=\"https:\/\/405nrr.share-na2.hsforms.com\/24AR2ZDSmQqWycFqf8q5-eg\" width=\"100%\" height=\"1200px\"><\/iframe><\/p>\n    <\/div>\n    <\/p>\n","protected":false},"excerpt":{"rendered":"<p>Fond\u00e9e en 2008, la Global Presence Alliance (GPA) est un groupement de principaux int\u00e9grateurs audiovisuels professionnels (ProAV).<\/p>\n","protected":false},"author":92,"featured_media":10407,"parent":10498,"menu_order":11,"comment_status":"closed","ping_status":"closed","template":"templates\/blog-wifi.php","meta":{"_acf_changed":false,"content-type":"","footnotes":""},"class_list":["post-10404","page","type-page","status-publish","has-post-thumbnail","hentry"],"acf":[],"yoast_head":"<!-- This site is optimized with the Yoast SEO plugin v27.4 - https:\/\/yoast.com\/product\/yoast-seo-wordpress\/ -->\n<title>Projet GPA \u00c9pisode 3 \u2013 Forte \/ AVI Systems pr\u00e9sente le projet IEBR de la Mayo Clinic - NETGEAR Blog<\/title>\n<meta name=\"description\" content=\"Projet GPA \u00c9pisode 3 \u2013 Forte &amp; AVI Systems pr\u00e9sente le projet IEBR de la Mayo Clinic\" \/>\n<meta name=\"robots\" content=\"index, follow, max-snippet:-1, max-image-preview:large, max-video-preview:-1\" \/>\n<link rel=\"canonical\" href=\"https:\/\/frhub.netgear.com\/fr\/hub\/business\/case-studies\/av-case-studies\/projet-gpa-episode-3\/\" \/>\n<meta property=\"og:locale\" content=\"en_US\" \/>\n<meta property=\"og:type\" content=\"article\" \/>\n<meta property=\"og:title\" content=\"Projet GPA \u00c9pisode 3 \u2013 Forte \/ AVI Systems pr\u00e9sente le projet IEBR de la Mayo Clinic - NETGEAR Blog\" \/>\n<meta property=\"og:description\" content=\"Projet GPA \u00c9pisode 3 \u2013 Forte &amp; AVI Systems pr\u00e9sente le projet IEBR de la Mayo Clinic\" \/>\n<meta property=\"og:url\" content=\"https:\/\/frhub.netgear.com\/fr\/hub\/business\/case-studies\/av-case-studies\/projet-gpa-episode-3\/\" \/>\n<meta property=\"og:site_name\" content=\"NETGEAR Blog\" \/>\n<meta property=\"article:publisher\" content=\"https:\/\/www.facebook.com\/NetgearAU\/\" \/>\n<meta property=\"article:modified_time\" content=\"2025-10-03T11:20:43+00:00\" \/>\n<meta property=\"og:image\" content=\"https:\/\/frhub.netgear.com\/fr\/hub\/wp-content\/uploads\/2025\/06\/vignette-Mayo-Clinic-Logo-383x288-ep3.png\" \/>\n\t<meta property=\"og:image:width\" content=\"383\" \/>\n\t<meta property=\"og:image:height\" content=\"288\" \/>\n\t<meta property=\"og:image:type\" content=\"image\/png\" \/>\n<meta name=\"twitter:card\" content=\"summary_large_image\" \/>\n<meta name=\"twitter:site\" content=\"@NETGEAR\" \/>\n<script type=\"application\/ld+json\" class=\"yoast-schema-graph\">{\"@context\":\"https:\\\/\\\/schema.org\",\"@graph\":[{\"@type\":\"WebPage\",\"@id\":\"https:\\\/\\\/frhub.netgear.com\\\/fr\\\/hub\\\/business\\\/case-studies\\\/av-case-studies\\\/projet-gpa-episode-3\\\/\",\"url\":\"https:\\\/\\\/frhub.netgear.com\\\/fr\\\/hub\\\/business\\\/case-studies\\\/av-case-studies\\\/projet-gpa-episode-3\\\/\",\"name\":\"Projet GPA \u00c9pisode 3 \u2013 Forte \\\/ AVI Systems pr\u00e9sente le projet IEBR de la Mayo Clinic - NETGEAR Blog\",\"isPartOf\":{\"@id\":\"https:\\\/\\\/frhub.netgear.com\\\/fr\\\/hub\\\/#website\"},\"primaryImageOfPage\":{\"@id\":\"https:\\\/\\\/frhub.netgear.com\\\/fr\\\/hub\\\/business\\\/case-studies\\\/av-case-studies\\\/projet-gpa-episode-3\\\/#primaryimage\"},\"image\":{\"@id\":\"https:\\\/\\\/frhub.netgear.com\\\/fr\\\/hub\\\/business\\\/case-studies\\\/av-case-studies\\\/projet-gpa-episode-3\\\/#primaryimage\"},\"thumbnailUrl\":\"https:\\\/\\\/frhub.netgear.com\\\/fr\\\/hub\\\/wp-content\\\/uploads\\\/2025\\\/06\\\/vignette-Mayo-Clinic-Logo-383x288-ep3.png\",\"datePublished\":\"2025-06-04T05:46:44+00:00\",\"dateModified\":\"2025-10-03T11:20:43+00:00\",\"description\":\"Projet GPA \u00c9pisode 3 \u2013 Forte & AVI Systems pr\u00e9sente le projet IEBR de la Mayo Clinic\",\"breadcrumb\":{\"@id\":\"https:\\\/\\\/frhub.netgear.com\\\/fr\\\/hub\\\/business\\\/case-studies\\\/av-case-studies\\\/projet-gpa-episode-3\\\/#breadcrumb\"},\"inLanguage\":\"en-US\",\"potentialAction\":[{\"@type\":\"ReadAction\",\"target\":[\"https:\\\/\\\/frhub.netgear.com\\\/fr\\\/hub\\\/business\\\/case-studies\\\/av-case-studies\\\/projet-gpa-episode-3\\\/\"]}]},{\"@type\":\"ImageObject\",\"inLanguage\":\"en-US\",\"@id\":\"https:\\\/\\\/frhub.netgear.com\\\/fr\\\/hub\\\/business\\\/case-studies\\\/av-case-studies\\\/projet-gpa-episode-3\\\/#primaryimage\",\"url\":\"https:\\\/\\\/frhub.netgear.com\\\/fr\\\/hub\\\/wp-content\\\/uploads\\\/2025\\\/06\\\/vignette-Mayo-Clinic-Logo-383x288-ep3.png\",\"contentUrl\":\"https:\\\/\\\/frhub.netgear.com\\\/fr\\\/hub\\\/wp-content\\\/uploads\\\/2025\\\/06\\\/vignette-Mayo-Clinic-Logo-383x288-ep3.png\",\"width\":383,\"height\":288},{\"@type\":\"BreadcrumbList\",\"@id\":\"https:\\\/\\\/frhub.netgear.com\\\/fr\\\/hub\\\/business\\\/case-studies\\\/av-case-studies\\\/projet-gpa-episode-3\\\/#breadcrumb\",\"itemListElement\":[{\"@type\":\"ListItem\",\"position\":1,\"name\":\"Home\",\"item\":\"https:\\\/\\\/frhub.netgear.com\\\/fr\\\/hub\\\/\"},{\"@type\":\"ListItem\",\"position\":2,\"name\":\"Entreprises\",\"item\":\"https:\\\/\\\/frhub.netgear.com\\\/fr\\\/hub\\\/business\\\/\"},{\"@type\":\"ListItem\",\"position\":3,\"name\":\"All Case Studies &#8211; FR\",\"item\":\"https:\\\/\\\/frhub.netgear.com\\\/fr\\\/hub\\\/business\\\/case-studies\\\/\"},{\"@type\":\"ListItem\",\"position\":4,\"name\":\"Case Studies &#8211; AV &#8211; FR\",\"item\":\"https:\\\/\\\/frhub.netgear.com\\\/fr\\\/hub\\\/business\\\/case-studies\\\/av-case-studies\\\/\"},{\"@type\":\"ListItem\",\"position\":5,\"name\":\"Projet GPA \u00c9pisode 3 \u2013 Forte \\\/ AVI Systems pr\u00e9sente le projet IEBR de la Mayo Clinic\"}]},{\"@type\":\"WebSite\",\"@id\":\"https:\\\/\\\/frhub.netgear.com\\\/fr\\\/hub\\\/#website\",\"url\":\"https:\\\/\\\/frhub.netgear.com\\\/fr\\\/hub\\\/\",\"name\":\"NETGEAR Hub France\",\"description\":\"Explorez les pages de notre blog et parcourez les articles pour en savoir plus sur les produits et la technologie NETGEAR.\",\"publisher\":{\"@id\":\"https:\\\/\\\/frhub.netgear.com\\\/fr\\\/hub\\\/#organization\"},\"potentialAction\":[{\"@type\":\"SearchAction\",\"target\":{\"@type\":\"EntryPoint\",\"urlTemplate\":\"https:\\\/\\\/frhub.netgear.com\\\/fr\\\/hub\\\/?s={search_term_string}\"},\"query-input\":{\"@type\":\"PropertyValueSpecification\",\"valueRequired\":true,\"valueName\":\"search_term_string\"}}],\"inLanguage\":\"en-US\"},{\"@type\":\"Organization\",\"@id\":\"https:\\\/\\\/frhub.netgear.com\\\/fr\\\/hub\\\/#organization\",\"name\":\"NETGEAR\",\"url\":\"https:\\\/\\\/frhub.netgear.com\\\/fr\\\/hub\\\/\",\"logo\":{\"@type\":\"ImageObject\",\"inLanguage\":\"en-US\",\"@id\":\"https:\\\/\\\/frhub.netgear.com\\\/fr\\\/hub\\\/#\\\/schema\\\/logo\\\/image\\\/\",\"url\":\"https:\\\/\\\/www.netgear.com\\\/fr\\\/hub\\\/wp-content\\\/uploads\\\/2019\\\/07\\\/NETGEAR_logo.jpg\",\"contentUrl\":\"https:\\\/\\\/www.netgear.com\\\/fr\\\/hub\\\/wp-content\\\/uploads\\\/2019\\\/07\\\/NETGEAR_logo.jpg\",\"width\":1500,\"height\":501,\"caption\":\"NETGEAR\"},\"image\":{\"@id\":\"https:\\\/\\\/frhub.netgear.com\\\/fr\\\/hub\\\/#\\\/schema\\\/logo\\\/image\\\/\"},\"sameAs\":[\"https:\\\/\\\/www.facebook.com\\\/NetgearAU\\\/\",\"https:\\\/\\\/x.com\\\/NETGEAR\",\"https:\\\/\\\/www.linkedin.com\\\/company\\\/netgear\"]}]}<\/script>\n<!-- \/ Yoast SEO plugin. -->","yoast_head_json":{"title":"Projet GPA \u00c9pisode 3 \u2013 Forte \/ AVI Systems pr\u00e9sente le projet IEBR de la Mayo Clinic - NETGEAR Blog","description":"Projet GPA \u00c9pisode 3 \u2013 Forte & AVI Systems pr\u00e9sente le projet IEBR de la Mayo Clinic","robots":{"index":"index","follow":"follow","max-snippet":"max-snippet:-1","max-image-preview":"max-image-preview:large","max-video-preview":"max-video-preview:-1"},"canonical":"https:\/\/frhub.netgear.com\/fr\/hub\/business\/case-studies\/av-case-studies\/projet-gpa-episode-3\/","og_locale":"en_US","og_type":"article","og_title":"Projet GPA \u00c9pisode 3 \u2013 Forte \/ AVI Systems pr\u00e9sente le projet IEBR de la Mayo Clinic - NETGEAR Blog","og_description":"Projet GPA \u00c9pisode 3 \u2013 Forte & AVI Systems pr\u00e9sente le projet IEBR de la Mayo Clinic","og_url":"https:\/\/frhub.netgear.com\/fr\/hub\/business\/case-studies\/av-case-studies\/projet-gpa-episode-3\/","og_site_name":"NETGEAR Blog","article_publisher":"https:\/\/www.facebook.com\/NetgearAU\/","article_modified_time":"2025-10-03T11:20:43+00:00","og_image":[{"width":383,"height":288,"url":"https:\/\/frhub.netgear.com\/fr\/hub\/wp-content\/uploads\/2025\/06\/vignette-Mayo-Clinic-Logo-383x288-ep3.png","type":"image\/png"}],"twitter_card":"summary_large_image","twitter_site":"@NETGEAR","schema":{"@context":"https:\/\/schema.org","@graph":[{"@type":"WebPage","@id":"https:\/\/frhub.netgear.com\/fr\/hub\/business\/case-studies\/av-case-studies\/projet-gpa-episode-3\/","url":"https:\/\/frhub.netgear.com\/fr\/hub\/business\/case-studies\/av-case-studies\/projet-gpa-episode-3\/","name":"Projet GPA \u00c9pisode 3 \u2013 Forte \/ AVI Systems pr\u00e9sente le projet IEBR de la Mayo Clinic - NETGEAR Blog","isPartOf":{"@id":"https:\/\/frhub.netgear.com\/fr\/hub\/#website"},"primaryImageOfPage":{"@id":"https:\/\/frhub.netgear.com\/fr\/hub\/business\/case-studies\/av-case-studies\/projet-gpa-episode-3\/#primaryimage"},"image":{"@id":"https:\/\/frhub.netgear.com\/fr\/hub\/business\/case-studies\/av-case-studies\/projet-gpa-episode-3\/#primaryimage"},"thumbnailUrl":"https:\/\/frhub.netgear.com\/fr\/hub\/wp-content\/uploads\/2025\/06\/vignette-Mayo-Clinic-Logo-383x288-ep3.png","datePublished":"2025-06-04T05:46:44+00:00","dateModified":"2025-10-03T11:20:43+00:00","description":"Projet GPA \u00c9pisode 3 \u2013 Forte & AVI Systems pr\u00e9sente le projet IEBR de la Mayo Clinic","breadcrumb":{"@id":"https:\/\/frhub.netgear.com\/fr\/hub\/business\/case-studies\/av-case-studies\/projet-gpa-episode-3\/#breadcrumb"},"inLanguage":"en-US","potentialAction":[{"@type":"ReadAction","target":["https:\/\/frhub.netgear.com\/fr\/hub\/business\/case-studies\/av-case-studies\/projet-gpa-episode-3\/"]}]},{"@type":"ImageObject","inLanguage":"en-US","@id":"https:\/\/frhub.netgear.com\/fr\/hub\/business\/case-studies\/av-case-studies\/projet-gpa-episode-3\/#primaryimage","url":"https:\/\/frhub.netgear.com\/fr\/hub\/wp-content\/uploads\/2025\/06\/vignette-Mayo-Clinic-Logo-383x288-ep3.png","contentUrl":"https:\/\/frhub.netgear.com\/fr\/hub\/wp-content\/uploads\/2025\/06\/vignette-Mayo-Clinic-Logo-383x288-ep3.png","width":383,"height":288},{"@type":"BreadcrumbList","@id":"https:\/\/frhub.netgear.com\/fr\/hub\/business\/case-studies\/av-case-studies\/projet-gpa-episode-3\/#breadcrumb","itemListElement":[{"@type":"ListItem","position":1,"name":"Home","item":"https:\/\/frhub.netgear.com\/fr\/hub\/"},{"@type":"ListItem","position":2,"name":"Entreprises","item":"https:\/\/frhub.netgear.com\/fr\/hub\/business\/"},{"@type":"ListItem","position":3,"name":"All Case Studies &#8211; FR","item":"https:\/\/frhub.netgear.com\/fr\/hub\/business\/case-studies\/"},{"@type":"ListItem","position":4,"name":"Case Studies &#8211; AV &#8211; FR","item":"https:\/\/frhub.netgear.com\/fr\/hub\/business\/case-studies\/av-case-studies\/"},{"@type":"ListItem","position":5,"name":"Projet GPA \u00c9pisode 3 \u2013 Forte \/ AVI Systems pr\u00e9sente le projet IEBR de la Mayo Clinic"}]},{"@type":"WebSite","@id":"https:\/\/frhub.netgear.com\/fr\/hub\/#website","url":"https:\/\/frhub.netgear.com\/fr\/hub\/","name":"NETGEAR Hub France","description":"Explorez les pages de notre blog et parcourez les articles pour en savoir plus sur les produits et la technologie NETGEAR.","publisher":{"@id":"https:\/\/frhub.netgear.com\/fr\/hub\/#organization"},"potentialAction":[{"@type":"SearchAction","target":{"@type":"EntryPoint","urlTemplate":"https:\/\/frhub.netgear.com\/fr\/hub\/?s={search_term_string}"},"query-input":{"@type":"PropertyValueSpecification","valueRequired":true,"valueName":"search_term_string"}}],"inLanguage":"en-US"},{"@type":"Organization","@id":"https:\/\/frhub.netgear.com\/fr\/hub\/#organization","name":"NETGEAR","url":"https:\/\/frhub.netgear.com\/fr\/hub\/","logo":{"@type":"ImageObject","inLanguage":"en-US","@id":"https:\/\/frhub.netgear.com\/fr\/hub\/#\/schema\/logo\/image\/","url":"https:\/\/www.netgear.com\/fr\/hub\/wp-content\/uploads\/2019\/07\/NETGEAR_logo.jpg","contentUrl":"https:\/\/www.netgear.com\/fr\/hub\/wp-content\/uploads\/2019\/07\/NETGEAR_logo.jpg","width":1500,"height":501,"caption":"NETGEAR"},"image":{"@id":"https:\/\/frhub.netgear.com\/fr\/hub\/#\/schema\/logo\/image\/"},"sameAs":["https:\/\/www.facebook.com\/NetgearAU\/","https:\/\/x.com\/NETGEAR","https:\/\/www.linkedin.com\/company\/netgear"]}]}},"_links":{"self":[{"href":"https:\/\/frhub.netgear.com\/fr\/hub\/wp-json\/wp\/v2\/pages\/10404","targetHints":{"allow":["GET"]}}],"collection":[{"href":"https:\/\/frhub.netgear.com\/fr\/hub\/wp-json\/wp\/v2\/pages"}],"about":[{"href":"https:\/\/frhub.netgear.com\/fr\/hub\/wp-json\/wp\/v2\/types\/page"}],"author":[{"embeddable":true,"href":"https:\/\/frhub.netgear.com\/fr\/hub\/wp-json\/wp\/v2\/users\/92"}],"replies":[{"embeddable":true,"href":"https:\/\/frhub.netgear.com\/fr\/hub\/wp-json\/wp\/v2\/comments?post=10404"}],"version-history":[{"count":4,"href":"https:\/\/frhub.netgear.com\/fr\/hub\/wp-json\/wp\/v2\/pages\/10404\/revisions"}],"predecessor-version":[{"id":11042,"href":"https:\/\/frhub.netgear.com\/fr\/hub\/wp-json\/wp\/v2\/pages\/10404\/revisions\/11042"}],"up":[{"embeddable":true,"href":"https:\/\/frhub.netgear.com\/fr\/hub\/wp-json\/wp\/v2\/pages\/10498"}],"wp:featuredmedia":[{"embeddable":true,"href":"https:\/\/frhub.netgear.com\/fr\/hub\/wp-json\/wp\/v2\/media\/10407"}],"wp:attachment":[{"href":"https:\/\/frhub.netgear.com\/fr\/hub\/wp-json\/wp\/v2\/media?parent=10404"}],"curies":[{"name":"wp","href":"https:\/\/api.w.org\/{rel}","templated":true}]}}