{"id":10378,"date":"2025-05-27T09:55:58","date_gmt":"2025-05-27T07:55:58","guid":{"rendered":"https:\/\/frhub.netgear.com\/fr\/hub\/business\/av\/vizrt-presente-ses-innovations-pour-simplifier-la-production-avec-netgearav-2\/"},"modified":"2025-10-03T09:54:03","modified_gmt":"2025-10-03T07:54:03","slug":"lightware-netgear-annoncent-un-partenariat-de-haut-niveau","status":"publish","type":"page","link":"https:\/\/frhub.netgear.com\/fr\/hub\/business\/av\/lightware-netgear-annoncent-un-partenariat-de-haut-niveau\/","title":{"rendered":"Lightware et NETGEAR annoncent un partenariat de haut niveau"},"content":{"rendered":"<p>Lightware et NETGEAR annoncent un partenariat de haut niveau pour offrir des d\u00e9ploiements AV-over-IP (AVoIP) transparents dans tous les environnements audiovisuels professionnels.    <div class=\"table-of-content bg-gray\">\n        <p><strong>IN THIS ARTICLE<\/strong><\/p>\n        <ul>\n                        <li><a href=\"#topic1\">Partenariat LIGHTWARE - NETGEAR<\/a><\/li>\n                        <li><a href=\"#topic2\">Pour un AVoIP sans faille<\/a><\/li>\n                        <li><a href=\"#topic3\">Avantages<\/a><\/li>\n                        <li><a href=\"#topic4\">Comment commencer<\/a><\/li>\n                        <li><a href=\"#topic5\">Plus d'informations <\/a><\/li>\n                    <\/ul>\n    <\/div>\n        <div id=\"topic1\" class=\"skip-item\">\n                        <h2>Partenariat LIGHTWARE - NETGEAR<\/h2>\n                <p>Des switches haute performance con\u00e7us pour les flux de travail AV de Lightware<\/p>\n<p>Aujourd&#8217;hui, nous annon\u00e7ons un partenariat de haut niveau avec Lightware afin de proposer des d\u00e9ploiements AV-over-IP (AVoIP) transparents dans une grande vari\u00e9t\u00e9 d&#8217;environnements AV professionnels.<\/p>\n<p>Con\u00e7u pour r\u00e9pondre aux besoins sp\u00e9cifiques des utilisateurs AV professionnels, ce partenariat permet aux int\u00e9grateurs de cr\u00e9er des r\u00e9seaux AV d\u00e9di\u00e9s plus faciles \u00e0 d\u00e9ployer, \u00e0 g\u00e9rer et \u00e0 faire \u00e9voluer, tout en offrant aux \u00e9quipes informatiques la tranquillit\u00e9 d&#8217;esprit d&#8217;une solution \u00e9prouv\u00e9e et pr\u00e9-valid\u00e9e.<\/p>\n<p>Les dispositifs Lightware sont utilis\u00e9s avec confiance dans divers secteurs pour des applications AV vari\u00e9es. Ils offrent des solutions fiables pour relever des d\u00e9fis uniques. D\u00e9couvrez comment notre technologie soutient et am\u00e9liore les d\u00e9ploiements dans de multiples environnements.<\/p>\n    <\/div>\n        <div id=\"topic2\" class=\"skip-item\">\n                        <h2>Pour un AVoIP sans faille<\/h2>\n                <p>La gamme de switches NETGEAR AV et les appareils Lightware sont d\u00e9sormais propos\u00e9s dans le cadre d&#8217;une solution tout-en-un par Lightware, pr\u00e9charg\u00e9e avec un profil de configuration Lightware. Ce profil, d\u00e9velopp\u00e9 en collaboration avec les ing\u00e9nieurs Lightware, \u00e9limine le temps et la complexit\u00e9 d&#8217;une configuration manuelle, permettant aux int\u00e9grateurs syst\u00e8mes et aux \u00e9quipes IT de cr\u00e9er des r\u00e9seaux AV optimis\u00e9s et performants rapidement.<\/p>\n<p>Les switches NETGEAR AV, notamment les mod\u00e8les GVN-LWS-1G-26G4F-P (M4250-26G4F-PoE+) et TPN-LWS-10G-24X4V-P (M4350-24X4V), ont \u00e9t\u00e9 test\u00e9s et v\u00e9rifi\u00e9s pour leur compatibilit\u00e9 totale avec les produits AVoIP de Lightware comme UBEX, GEMINI GVN et l\u2019\u00e9cosyst\u00e8me TPN, incluant les produits Taurus TPN et HDMI-TPN. Le r\u00e9sultat est un chemin simplifi\u00e9 vers une infrastructure AV robuste et \u00e9volutive, capable de r\u00e9pondre \u00e0 des cas d\u2019usage exigeants, allant des salles de conf\u00e9rence et productions d\u2019\u00e9v\u00e9nements en direct \u00e0 l&#8217;affichage num\u00e9rique et aux syst\u00e8mes audiovisuels dans l\u2019h\u00f4tellerie.<\/p>\n    <\/div>\n        <div id=\"topic3\" class=\"skip-item\">\n                        <h2>Avantages<\/h2>\n                <p>Pour les utilisateurs, la solution propose une configuration plug &amp; play pour les produits Gemini GVN et TPN. Quant au produit AV-over-IP UBEX, une simple action de type \u00ab un clic \u00bb suffit pour charger le profil Lightware.<\/p>\n<p>NETGEAR propose une garantie mat\u00e9rielle \u00e0 vie limit\u00e9e ProSAFE, 90 jours de support technique par t\u00e9l\u00e9phone et email, un support technique \u00e0 vie via le chat en ligne, ainsi qu\u2019un remplacement du mat\u00e9riel le jour ouvr\u00e9 suivant \u00e0 vie pour les switches manageables achet\u00e9s via Lightware.<\/p>\n<p>Qu\u2019il s\u2019agisse de diffusion vid\u00e9o critique lors d\u2019\u00e9v\u00e9nements en direct, d\u2019affichage dynamique fiable dans le commerce, de partage de contenu en entreprise ou de distribution de contenu simplifi\u00e9e pour les h\u00f4tels, stades, l\u2019expertise combin\u00e9e de Lightware et NETGEAR permet aux utilisateurs de tirer pleinement parti de l\u2019AV-over-IP, sans la complexit\u00e9 des solutions traditionnelles.<\/p>\n<p><em><img loading=\"lazy\" decoding=\"async\" class=\" wp-image-10381 alignleft\" src=\"https:\/\/frhub.netgear.com\/fr\/hub\/wp-content\/uploads\/2025\/05\/Gergely-Vida-CEO-of-Lightware-300x300.webp\" alt=\"\" width=\"143\" height=\"135\" \/>\u00ab L\u2019AV-over-IP continue de transformer la mani\u00e8re dont les organisations envisagent la connectivit\u00e9 et la distribution de signaux. En nous associant \u00e0 NETGEAR, nous \u00e9liminons l\u2019un des plus grands obstacles \u00e0 la conception de r\u00e9seaux AV, en permettant \u00e0 nos clients de d\u00e9ployer facilement des syst\u00e8mes puissants et pr\u00eats pour l\u2019avenir, en toute confiance. \u00bb<\/em><br \/>\n\u2014 Gergely Vida, PDG de Lightware<\/p>\n    <\/div>\n        <div id=\"topic4\" class=\"skip-item\">\n                        <h2>Comment commencer<\/h2>\n                <p>Choisissez votre switch NETGEAR AV Line \u2013 parmi les mod\u00e8les valid\u00e9s (M4250, M4350), sp\u00e9cialement con\u00e7us pour les applications AVoIP.<\/p>\n<p>Chargez le profil Lightware \u2013 aucun guide d&#8217;utilisation n\u00e9cessaire.<\/p>\n<p>Profitez d\u2019un r\u00e9seau AV fluide \u2013 d\u00e9ployez un syst\u00e8me AV haute performance, enti\u00e8rement pris en charge, en toute confiance.<\/p>\n    <\/div>\n        <div id=\"topic5\" class=\"skip-item\">\n                        <h2>Plus d'informations <\/h2>\n                <p><!--SOLUTIONS NETGEAR AV --><\/p>\n<p>Plus d\u2019informations sur nos solutions audiovisuelles<\/p>\n<div class=\"hs-cta-embed hs-cta-simple-placeholder hs-cta-embed-241151160046\" style=\"max-width: 100%;max-height: 100%;width: 260px;height: 50.390625px\" data-hubspot-wrapper-cta-id=\"241151160046\"><a href=\"https:\/\/cta-na2.hubspot.com\/web-interactives\/public\/v1\/track\/redirect?encryptedPayload=AVxigLJf4HGLXU18h5HBrlQTZuKX4p21iriDX%2FD9Weo1E0jc26wgSp32sJpGF%2FrOb977gqk9Skq%2FVgamhq%2FXvCN0mPQ1dmrdARtcNUH8fV5cFOvngo8qJ8EuMyEq%2Fqu2y51zC2FZUVyu97opP5ixVGCiE%2Bg6BOgTVVDljEMF5hhhXUNpnikrl2UTN%2Bb3TA%3D%3D&amp;webInteractiveContentId=241151160046&amp;portalId=242128791\" target=\"_blank\" rel=\"noopener\"><br \/>\n<img decoding=\"async\" style=\"height: 100%;width: 100%;object-fit: fill\" src=\"https:\/\/hubspot-no-cache-na2-prod.s3.amazonaws.com\/cta\/default\/242128791\/interactive-241151160046.png\" alt=\"SOLUTIONS NETGEAR AV\" \/><br \/>\n<\/a><\/div>\n<p><!-- NETGEAR ACADEMY AV --><\/p>\n<p>Apprenez tout sur les r\u00e9seaux IP gr\u00e2ce \u00e0 la NETGEAR ACADEMY<\/p>\n<div class=\"hs-cta-embed hs-cta-simple-placeholder hs-cta-embed-241151160033\" style=\"max-width: 100%;max-height: 100%;width: 260px;height: 50.390625px\" data-hubspot-wrapper-cta-id=\"241151160033\"><a href=\"https:\/\/cta-na2.hubspot.com\/web-interactives\/public\/v1\/track\/redirect?encryptedPayload=AVxigLJ6zgXxrLVJLagOt9pyIXf5%2FGgh9lUupWJj49Nfcbq71eIrrvJQt9JGeaQwNkTAPTWhI2%2BXk56NQscWP4xOQ7iZrhk6rkBjyO4dBlJGP1gG3BpcrdlgLyF%2F850K2l3xn5kDj5H%2Fur8VO2zJH58QH7by4HFWliY25223Shr3sQx25aCmNBjCDkNwA2WRum67F9fGyQyzoYOn86wAq%2Brw3xzsBDMbyw%3D%3D&amp;webInteractiveContentId=241151160033&amp;portalId=242128791\" target=\"_blank\" rel=\"noopener\"><br \/>\n<img decoding=\"async\" style=\"height: 100%;width: 100%;object-fit: fill\" src=\"https:\/\/hubspot-no-cache-na2-prod.s3.amazonaws.com\/cta\/default\/242128791\/interactive-241151160033.png\" alt=\"NETGEAR ACADEMY\" \/><br \/>\n<\/a><\/div>\n<p><!--CONTACTEZ L'EQUIPE PROAV --><\/p>\n<p>Nos ing\u00e9nieurs vous accompagneront gratuitement dans la r\u00e9alisation de vos projets audiovisuels<\/p>\n<div class=\"hs-cta-embed hs-cta-simple-placeholder hs-cta-embed-241151160055\" style=\"max-width: 100%;max-height: 100%;width: 270px;height: 50.390625px\" data-hubspot-wrapper-cta-id=\"241151160055\"><a href=\"https:\/\/cta-na2.hubspot.com\/web-interactives\/public\/v1\/track\/redirect?encryptedPayload=AVxigLLUG9XShtF2ziGdRlpsMD%2BMJ39t1kFOE7VlHl2HmmlWzlJWH0rsV7f3eoQL53gclcWb0lliiDgK3EAMVvEOcIE7gW9aYOwk1uipv43pSUkBlDtiKJ%2BcB7fopWupnJbggqZWRkNERZkdh1dDGXHHDJX3V0sOA8mbXD%2Fd6QC2XK2OyVtrDNFDHbBoT6b15PyvF4Ca3b6JBNTYdAzYeH790XenlNKBP4OKZqw50t7IGx9DuADFMFlNdg6FWQ%3D%3D&amp;webInteractiveContentId=241151160055&amp;portalId=242128791\" target=\"_blank\" rel=\"noopener\"><br \/>\n<img decoding=\"async\" style=\"height: 100%;width: 100%;object-fit: fill\" src=\"https:\/\/hubspot-no-cache-na2-prod.s3.amazonaws.com\/cta\/default\/242128791\/interactive-241151160055.png\" alt=\"CONTACTEZ L'EQUIPE PROAV\" \/><br \/>\n<\/a><\/div>\n    <\/div>\n        <div id=\"topic6\" class=\"skip-item\">\n                        <p><iframe loading=\"lazy\" src=\"https:\/\/405nrr.share-na2.hsforms.com\/24AR2ZDSmQqWycFqf8q5-eg\" width=\"100%\" height=\"1200px\"><\/iframe><\/p>\n    <\/div>\n    <\/p>\n","protected":false},"excerpt":{"rendered":"<p>Lightware et NETGEAR annoncent un partenariat de haut niveau pour offrir des d\u00e9ploiements AV-over-IP (AVoIP) transparents dans tous les environnements audiovisuels professionnels.<\/p>\n","protected":false},"author":92,"featured_media":10380,"parent":6754,"menu_order":1,"comment_status":"closed","ping_status":"closed","template":"templates\/blog-wifi.php","meta":{"_acf_changed":false,"content-type":"","footnotes":""},"class_list":["post-10378","page","type-page","status-publish","has-post-thumbnail","hentry"],"acf":[],"yoast_head":"<!-- This site is optimized with the Yoast SEO plugin v27.4 - https:\/\/yoast.com\/product\/yoast-seo-wordpress\/ -->\n<title>Lightware et NETGEAR annoncent un partenariat de haut niveau - NETGEAR Blog<\/title>\n<meta name=\"description\" content=\"Lightware et NETGEAR annoncent un partenariat de haut niveau\" \/>\n<meta name=\"robots\" content=\"index, follow, max-snippet:-1, max-image-preview:large, max-video-preview:-1\" \/>\n<link rel=\"canonical\" href=\"https:\/\/frhub.netgear.com\/fr\/hub\/business\/av\/lightware-netgear-annoncent-un-partenariat-de-haut-niveau\/\" \/>\n<meta property=\"og:locale\" content=\"en_US\" \/>\n<meta property=\"og:type\" content=\"article\" \/>\n<meta property=\"og:title\" content=\"Lightware et NETGEAR annoncent un partenariat de haut niveau - NETGEAR Blog\" \/>\n<meta property=\"og:description\" content=\"Lightware et NETGEAR annoncent un partenariat de haut niveau\" \/>\n<meta property=\"og:url\" content=\"https:\/\/frhub.netgear.com\/fr\/hub\/business\/av\/lightware-netgear-annoncent-un-partenariat-de-haut-niveau\/\" \/>\n<meta property=\"og:site_name\" content=\"NETGEAR Blog\" \/>\n<meta property=\"article:publisher\" content=\"https:\/\/www.facebook.com\/NetgearAU\/\" \/>\n<meta property=\"article:modified_time\" content=\"2025-10-03T07:54:03+00:00\" \/>\n<meta property=\"og:image\" content=\"https:\/\/frhub.netgear.com\/fr\/hub\/wp-content\/uploads\/2025\/05\/vignette-lightware-AV.jpg\" \/>\n\t<meta property=\"og:image:width\" content=\"383\" \/>\n\t<meta property=\"og:image:height\" content=\"288\" \/>\n\t<meta property=\"og:image:type\" content=\"image\/jpeg\" \/>\n<meta name=\"twitter:card\" content=\"summary_large_image\" \/>\n<meta name=\"twitter:site\" content=\"@NETGEAR\" \/>\n<script type=\"application\/ld+json\" class=\"yoast-schema-graph\">{\"@context\":\"https:\\\/\\\/schema.org\",\"@graph\":[{\"@type\":\"WebPage\",\"@id\":\"https:\\\/\\\/frhub.netgear.com\\\/fr\\\/hub\\\/business\\\/av\\\/lightware-netgear-annoncent-un-partenariat-de-haut-niveau\\\/\",\"url\":\"https:\\\/\\\/frhub.netgear.com\\\/fr\\\/hub\\\/business\\\/av\\\/lightware-netgear-annoncent-un-partenariat-de-haut-niveau\\\/\",\"name\":\"Lightware et NETGEAR annoncent un partenariat de haut niveau - NETGEAR Blog\",\"isPartOf\":{\"@id\":\"https:\\\/\\\/frhub.netgear.com\\\/fr\\\/hub\\\/#website\"},\"primaryImageOfPage\":{\"@id\":\"https:\\\/\\\/frhub.netgear.com\\\/fr\\\/hub\\\/business\\\/av\\\/lightware-netgear-annoncent-un-partenariat-de-haut-niveau\\\/#primaryimage\"},\"image\":{\"@id\":\"https:\\\/\\\/frhub.netgear.com\\\/fr\\\/hub\\\/business\\\/av\\\/lightware-netgear-annoncent-un-partenariat-de-haut-niveau\\\/#primaryimage\"},\"thumbnailUrl\":\"https:\\\/\\\/frhub.netgear.com\\\/fr\\\/hub\\\/wp-content\\\/uploads\\\/2025\\\/05\\\/vignette-lightware-AV.jpg\",\"datePublished\":\"2025-05-27T07:55:58+00:00\",\"dateModified\":\"2025-10-03T07:54:03+00:00\",\"description\":\"Lightware et NETGEAR annoncent un partenariat de haut niveau\",\"breadcrumb\":{\"@id\":\"https:\\\/\\\/frhub.netgear.com\\\/fr\\\/hub\\\/business\\\/av\\\/lightware-netgear-annoncent-un-partenariat-de-haut-niveau\\\/#breadcrumb\"},\"inLanguage\":\"en-US\",\"potentialAction\":[{\"@type\":\"ReadAction\",\"target\":[\"https:\\\/\\\/frhub.netgear.com\\\/fr\\\/hub\\\/business\\\/av\\\/lightware-netgear-annoncent-un-partenariat-de-haut-niveau\\\/\"]}]},{\"@type\":\"ImageObject\",\"inLanguage\":\"en-US\",\"@id\":\"https:\\\/\\\/frhub.netgear.com\\\/fr\\\/hub\\\/business\\\/av\\\/lightware-netgear-annoncent-un-partenariat-de-haut-niveau\\\/#primaryimage\",\"url\":\"https:\\\/\\\/frhub.netgear.com\\\/fr\\\/hub\\\/wp-content\\\/uploads\\\/2025\\\/05\\\/vignette-lightware-AV.jpg\",\"contentUrl\":\"https:\\\/\\\/frhub.netgear.com\\\/fr\\\/hub\\\/wp-content\\\/uploads\\\/2025\\\/05\\\/vignette-lightware-AV.jpg\",\"width\":383,\"height\":288},{\"@type\":\"BreadcrumbList\",\"@id\":\"https:\\\/\\\/frhub.netgear.com\\\/fr\\\/hub\\\/business\\\/av\\\/lightware-netgear-annoncent-un-partenariat-de-haut-niveau\\\/#breadcrumb\",\"itemListElement\":[{\"@type\":\"ListItem\",\"position\":1,\"name\":\"Home\",\"item\":\"https:\\\/\\\/frhub.netgear.com\\\/fr\\\/hub\\\/\"},{\"@type\":\"ListItem\",\"position\":2,\"name\":\"Entreprises\",\"item\":\"https:\\\/\\\/frhub.netgear.com\\\/fr\\\/hub\\\/business\\\/\"},{\"@type\":\"ListItem\",\"position\":3,\"name\":\"Entreprise AV\",\"item\":\"https:\\\/\\\/frhub.netgear.com\\\/fr\\\/hub\\\/business\\\/av\\\/\"},{\"@type\":\"ListItem\",\"position\":4,\"name\":\"Lightware et NETGEAR annoncent un partenariat de haut niveau\"}]},{\"@type\":\"WebSite\",\"@id\":\"https:\\\/\\\/frhub.netgear.com\\\/fr\\\/hub\\\/#website\",\"url\":\"https:\\\/\\\/frhub.netgear.com\\\/fr\\\/hub\\\/\",\"name\":\"NETGEAR Hub France\",\"description\":\"Explorez les pages de notre blog et parcourez les articles pour en savoir plus sur les produits et la technologie NETGEAR.\",\"publisher\":{\"@id\":\"https:\\\/\\\/frhub.netgear.com\\\/fr\\\/hub\\\/#organization\"},\"potentialAction\":[{\"@type\":\"SearchAction\",\"target\":{\"@type\":\"EntryPoint\",\"urlTemplate\":\"https:\\\/\\\/frhub.netgear.com\\\/fr\\\/hub\\\/?s={search_term_string}\"},\"query-input\":{\"@type\":\"PropertyValueSpecification\",\"valueRequired\":true,\"valueName\":\"search_term_string\"}}],\"inLanguage\":\"en-US\"},{\"@type\":\"Organization\",\"@id\":\"https:\\\/\\\/frhub.netgear.com\\\/fr\\\/hub\\\/#organization\",\"name\":\"NETGEAR\",\"url\":\"https:\\\/\\\/frhub.netgear.com\\\/fr\\\/hub\\\/\",\"logo\":{\"@type\":\"ImageObject\",\"inLanguage\":\"en-US\",\"@id\":\"https:\\\/\\\/frhub.netgear.com\\\/fr\\\/hub\\\/#\\\/schema\\\/logo\\\/image\\\/\",\"url\":\"https:\\\/\\\/www.netgear.com\\\/fr\\\/hub\\\/wp-content\\\/uploads\\\/2019\\\/07\\\/NETGEAR_logo.jpg\",\"contentUrl\":\"https:\\\/\\\/www.netgear.com\\\/fr\\\/hub\\\/wp-content\\\/uploads\\\/2019\\\/07\\\/NETGEAR_logo.jpg\",\"width\":1500,\"height\":501,\"caption\":\"NETGEAR\"},\"image\":{\"@id\":\"https:\\\/\\\/frhub.netgear.com\\\/fr\\\/hub\\\/#\\\/schema\\\/logo\\\/image\\\/\"},\"sameAs\":[\"https:\\\/\\\/www.facebook.com\\\/NetgearAU\\\/\",\"https:\\\/\\\/x.com\\\/NETGEAR\",\"https:\\\/\\\/www.linkedin.com\\\/company\\\/netgear\"]}]}<\/script>\n<!-- \/ Yoast SEO plugin. -->","yoast_head_json":{"title":"Lightware et NETGEAR annoncent un partenariat de haut niveau - NETGEAR Blog","description":"Lightware et NETGEAR annoncent un partenariat de haut niveau","robots":{"index":"index","follow":"follow","max-snippet":"max-snippet:-1","max-image-preview":"max-image-preview:large","max-video-preview":"max-video-preview:-1"},"canonical":"https:\/\/frhub.netgear.com\/fr\/hub\/business\/av\/lightware-netgear-annoncent-un-partenariat-de-haut-niveau\/","og_locale":"en_US","og_type":"article","og_title":"Lightware et NETGEAR annoncent un partenariat de haut niveau - NETGEAR Blog","og_description":"Lightware et NETGEAR annoncent un partenariat de haut niveau","og_url":"https:\/\/frhub.netgear.com\/fr\/hub\/business\/av\/lightware-netgear-annoncent-un-partenariat-de-haut-niveau\/","og_site_name":"NETGEAR Blog","article_publisher":"https:\/\/www.facebook.com\/NetgearAU\/","article_modified_time":"2025-10-03T07:54:03+00:00","og_image":[{"width":383,"height":288,"url":"https:\/\/frhub.netgear.com\/fr\/hub\/wp-content\/uploads\/2025\/05\/vignette-lightware-AV.jpg","type":"image\/jpeg"}],"twitter_card":"summary_large_image","twitter_site":"@NETGEAR","schema":{"@context":"https:\/\/schema.org","@graph":[{"@type":"WebPage","@id":"https:\/\/frhub.netgear.com\/fr\/hub\/business\/av\/lightware-netgear-annoncent-un-partenariat-de-haut-niveau\/","url":"https:\/\/frhub.netgear.com\/fr\/hub\/business\/av\/lightware-netgear-annoncent-un-partenariat-de-haut-niveau\/","name":"Lightware et NETGEAR annoncent un partenariat de haut niveau - NETGEAR Blog","isPartOf":{"@id":"https:\/\/frhub.netgear.com\/fr\/hub\/#website"},"primaryImageOfPage":{"@id":"https:\/\/frhub.netgear.com\/fr\/hub\/business\/av\/lightware-netgear-annoncent-un-partenariat-de-haut-niveau\/#primaryimage"},"image":{"@id":"https:\/\/frhub.netgear.com\/fr\/hub\/business\/av\/lightware-netgear-annoncent-un-partenariat-de-haut-niveau\/#primaryimage"},"thumbnailUrl":"https:\/\/frhub.netgear.com\/fr\/hub\/wp-content\/uploads\/2025\/05\/vignette-lightware-AV.jpg","datePublished":"2025-05-27T07:55:58+00:00","dateModified":"2025-10-03T07:54:03+00:00","description":"Lightware et NETGEAR annoncent un partenariat de haut niveau","breadcrumb":{"@id":"https:\/\/frhub.netgear.com\/fr\/hub\/business\/av\/lightware-netgear-annoncent-un-partenariat-de-haut-niveau\/#breadcrumb"},"inLanguage":"en-US","potentialAction":[{"@type":"ReadAction","target":["https:\/\/frhub.netgear.com\/fr\/hub\/business\/av\/lightware-netgear-annoncent-un-partenariat-de-haut-niveau\/"]}]},{"@type":"ImageObject","inLanguage":"en-US","@id":"https:\/\/frhub.netgear.com\/fr\/hub\/business\/av\/lightware-netgear-annoncent-un-partenariat-de-haut-niveau\/#primaryimage","url":"https:\/\/frhub.netgear.com\/fr\/hub\/wp-content\/uploads\/2025\/05\/vignette-lightware-AV.jpg","contentUrl":"https:\/\/frhub.netgear.com\/fr\/hub\/wp-content\/uploads\/2025\/05\/vignette-lightware-AV.jpg","width":383,"height":288},{"@type":"BreadcrumbList","@id":"https:\/\/frhub.netgear.com\/fr\/hub\/business\/av\/lightware-netgear-annoncent-un-partenariat-de-haut-niveau\/#breadcrumb","itemListElement":[{"@type":"ListItem","position":1,"name":"Home","item":"https:\/\/frhub.netgear.com\/fr\/hub\/"},{"@type":"ListItem","position":2,"name":"Entreprises","item":"https:\/\/frhub.netgear.com\/fr\/hub\/business\/"},{"@type":"ListItem","position":3,"name":"Entreprise AV","item":"https:\/\/frhub.netgear.com\/fr\/hub\/business\/av\/"},{"@type":"ListItem","position":4,"name":"Lightware et NETGEAR annoncent un partenariat de haut niveau"}]},{"@type":"WebSite","@id":"https:\/\/frhub.netgear.com\/fr\/hub\/#website","url":"https:\/\/frhub.netgear.com\/fr\/hub\/","name":"NETGEAR Hub France","description":"Explorez les pages de notre blog et parcourez les articles pour en savoir plus sur les produits et la technologie NETGEAR.","publisher":{"@id":"https:\/\/frhub.netgear.com\/fr\/hub\/#organization"},"potentialAction":[{"@type":"SearchAction","target":{"@type":"EntryPoint","urlTemplate":"https:\/\/frhub.netgear.com\/fr\/hub\/?s={search_term_string}"},"query-input":{"@type":"PropertyValueSpecification","valueRequired":true,"valueName":"search_term_string"}}],"inLanguage":"en-US"},{"@type":"Organization","@id":"https:\/\/frhub.netgear.com\/fr\/hub\/#organization","name":"NETGEAR","url":"https:\/\/frhub.netgear.com\/fr\/hub\/","logo":{"@type":"ImageObject","inLanguage":"en-US","@id":"https:\/\/frhub.netgear.com\/fr\/hub\/#\/schema\/logo\/image\/","url":"https:\/\/www.netgear.com\/fr\/hub\/wp-content\/uploads\/2019\/07\/NETGEAR_logo.jpg","contentUrl":"https:\/\/www.netgear.com\/fr\/hub\/wp-content\/uploads\/2019\/07\/NETGEAR_logo.jpg","width":1500,"height":501,"caption":"NETGEAR"},"image":{"@id":"https:\/\/frhub.netgear.com\/fr\/hub\/#\/schema\/logo\/image\/"},"sameAs":["https:\/\/www.facebook.com\/NetgearAU\/","https:\/\/x.com\/NETGEAR","https:\/\/www.linkedin.com\/company\/netgear"]}]}},"_links":{"self":[{"href":"https:\/\/frhub.netgear.com\/fr\/hub\/wp-json\/wp\/v2\/pages\/10378","targetHints":{"allow":["GET"]}}],"collection":[{"href":"https:\/\/frhub.netgear.com\/fr\/hub\/wp-json\/wp\/v2\/pages"}],"about":[{"href":"https:\/\/frhub.netgear.com\/fr\/hub\/wp-json\/wp\/v2\/types\/page"}],"author":[{"embeddable":true,"href":"https:\/\/frhub.netgear.com\/fr\/hub\/wp-json\/wp\/v2\/users\/92"}],"replies":[{"embeddable":true,"href":"https:\/\/frhub.netgear.com\/fr\/hub\/wp-json\/wp\/v2\/comments?post=10378"}],"version-history":[{"count":3,"href":"https:\/\/frhub.netgear.com\/fr\/hub\/wp-json\/wp\/v2\/pages\/10378\/revisions"}],"predecessor-version":[{"id":11027,"href":"https:\/\/frhub.netgear.com\/fr\/hub\/wp-json\/wp\/v2\/pages\/10378\/revisions\/11027"}],"up":[{"embeddable":true,"href":"https:\/\/frhub.netgear.com\/fr\/hub\/wp-json\/wp\/v2\/pages\/6754"}],"wp:featuredmedia":[{"embeddable":true,"href":"https:\/\/frhub.netgear.com\/fr\/hub\/wp-json\/wp\/v2\/media\/10380"}],"wp:attachment":[{"href":"https:\/\/frhub.netgear.com\/fr\/hub\/wp-json\/wp\/v2\/media?parent=10378"}],"curies":[{"name":"wp","href":"https:\/\/api.w.org\/{rel}","templated":true}]}}