{"id":10282,"date":"2025-04-02T18:12:53","date_gmt":"2025-04-02T16:12:53","guid":{"rendered":"https:\/\/frhub.netgear.com\/fr\/hub\/business\/av\/battlebots-solutionsav-2\/"},"modified":"2025-10-03T09:59:35","modified_gmt":"2025-10-03T07:59:35","slug":"espace-evenementiel-hautes-performances","status":"publish","type":"page","link":"https:\/\/frhub.netgear.com\/fr\/hub\/business\/case-studies\/av-case-studies\/espace-evenementiel-hautes-performances\/","title":{"rendered":"ESS Audio | Un espace hautes performances pour diff\u00e9rents \u00e9v\u00e9nements."},"content":{"rendered":"    <div class=\"table-of-content bg-gray\">\n        <p><strong>IN THIS ARTICLE<\/strong><\/p>\n        <ul>\n                        <li><a href=\"#topic1\">Le contexte<\/a><\/li>\n                        <li><a href=\"#topic2\">La solution<\/a><\/li>\n                        <li><a href=\"#topic3\">Le r\u00e9sultat<\/a><\/li>\n                        <li><a href=\"#topic4\">Pour plus d'information<\/a><\/li>\n                    <\/ul>\n    <\/div>\n        <div id=\"topic1\" class=\"skip-item\">\n                        <h2>Le contexte<\/h2>\n                <p><strong>Th\u00e9\u00e2tre, Salle philharmonique, Centre Culturel : Un espace hautes performances pour diff\u00e9rents \u00e9v\u00e9nements.<\/strong><\/p>\n<div style=\"background-color: #eeeeee;padding: 20px;width: 33%;float: right\">\n<p><strong>Soci\u00e9t\u00e9 : <\/strong><br \/>\nESS Audio sp. z o.o.Industry<\/p>\n<p><strong>Secteur :<\/strong><br \/>\nInt\u00e9gration AV<\/p>\n<p><strong>Site Web :<\/strong><br \/>\n<a href=\"https:\/\/essaudio.pl\/\/\">essaudio.pl\/<\/a><\/p>\n<p><strong>Lieu :<\/strong><br \/>\n\u0141omianki, Poland<\/p>\n<\/div>\n<p>Le centre culturel municipal de la ville de \u0141omianki en Pologne, a subi une modernisation compl\u00e8te, avec l&#8217;int\u00e9gration de solutions audiovisuelles de pointe propos\u00e9es par Harman Professional Solutions. Ce projet a transform\u00e9 le lieu en un espace hautes performances pour divers \u00e9v\u00e9nements, en \u00e9quipant l&#8217;auditorium principal et la salle de musique de syst\u00e8mes sonores, de contr\u00f4le et de projection de derni\u00e8re g\u00e9n\u00e9ration. Cet investissement met en \u00e9vidence l&#8217;importance d&#8217;une planification r\u00e9fl\u00e9chie lors de la modernisation de lieux culturels.<\/p>\n<p>Le contexte<br \/>\nLe centre culturel municipal est un lieu cl\u00e9 pour les \u00e9v\u00e9nements culturels et artistiques. \u00c0 mesure que la technologie \u00e9volue, le besoin de moderniser les \u00e9quipements de sc\u00e8ne, les syst\u00e8mes audio et la gestion audiovisuelle est devenu une imp\u00e9ratif. Un investissement strat\u00e9gique a \u00e9t\u00e9 r\u00e9alis\u00e9 pour moderniser l&#8217;installation avec les derni\u00e8res technologies audiovisuelles, afin d&#8217;am\u00e9liorer les capacit\u00e9s et de suivre les exigences modernes en mati\u00e8re de performances.<\/p>\n<p>Le d\u00e9fi<br \/>\nLe principal d\u00e9fi \u00e9tait de garantir que le d\u00e9roulement de divers \u00e9v\u00e9nements professionnels aux activit\u00e9s communautaires, tout en maintenant une flexibilit\u00e9 et une facilit\u00e9 d\u2019utilisation. Les syst\u00e8mes de sonorisation et de contr\u00f4le existants \u00e9taient obsol\u00e8tes, limitant la capacit\u00e9 du lieu \u00e0 offrir des exp\u00e9riences de haute qualit\u00e9 tant pour les artistes que pour le public. De plus, la solution devait \u00eatre \u00e9volutive afin d\u2019\u00e9viter la n\u00e9cessit\u00e9 de remplacements ou de mises \u00e0 jour fr\u00e9quentes.<\/p>\n    <\/div>\n        <div id=\"topic2\" class=\"skip-item\">\n                        <h2>La solution<\/h2>\n                <p>Pour relever ces d\u00e9fis, un syst\u00e8me audiovisuel de pointe a \u00e9t\u00e9 install\u00e9 :<\/p>\n<p>Auditorium :<\/p>\n<ul>\n<li>Enceintes lin\u00e9aires JBL Professional VTX A8 (6 de chaque c\u00f4t\u00e9)<\/li>\n<li>Caissons de basses JBL ASB6128 (4 unit\u00e9s)<\/li>\n<li>Amplificateurs Crown iTech Series et XTi 2002<\/li>\n<li>Console num\u00e9rique Soundcraft Vi3000 avec expansion ViO\/D21 Cat5 MADI<\/li>\n<li>Soundcraft Ui16 pour un mixage sans fil via tablette ou smartphone<\/li>\n<li>Haut-parleurs de cin\u00e9ma JBL Professional 9300 et 9310 avec un haut-parleur JBL 4739 derri\u00e8re l&#8217;\u00e9cran<\/li>\n<li>Amplificateurs Crown DCi 4|1250N pour le son de cin\u00e9ma<\/li>\n<li>Processeurs audio BSS et contr\u00f4leurs muraux pour une gestion fluide du syst\u00e8me<\/li>\n<li>Haut-parleurs JBL Control 23-1 pour la surveillance de sc\u00e8ne et microphones \u00e0 col de cygne AKG CK49 pour une reproduction claire de la parole<\/li>\n<\/ul>\n<p>Salle de musique :<\/p>\n<ul>\n<li>Haut-parleurs JBL EON 712 (4 unit\u00e9s)<\/li>\n<li>Set vocal AKG WMS470 D5 (4 unit\u00e9s) et Set pr\u00e9sentateur WMS470 (4 unit\u00e9s)<\/li>\n<li>Mixeurs num\u00e9riques Soundcraft Ui24R et Ui12<\/li>\n<\/ul>\n<p>Contr\u00f4le du syst\u00e8me :<\/p>\n<ul>\n<li>Syst\u00e8me de contr\u00f4le AMX avec matrice DVX-3266-4K, \u00e9metteurs DX-TX-DWP-4K-BL et DXL-TX-4K60, et un panneau tactile de 10 pouces<\/li>\n<li>Switches NETGEAR GSM4248PX pour assurer des connexions stables<\/li>\n<\/ul>\n<p>De plus, la modernisation a inclus un nouveau syst\u00e8me d&#8217;\u00e9clairage et de projection LED install\u00e9 par des professionnels qualifi\u00e9s de Stage Source et Perfect Display.<\/p>\n    <\/div>\n        <div id=\"topic3\" class=\"skip-item\">\n                        <h2>Le r\u00e9sultat<\/h2>\n                <p><img loading=\"lazy\" decoding=\"async\" class=\"size-medium wp-image-10286 alignleft\" src=\"https:\/\/frhub.netgear.com\/fr\/hub\/wp-content\/uploads\/2025\/04\/visuel-theatre-pologne-200x300.jpg\" alt=\"\" width=\"200\" height=\"300\" srcset=\"https:\/\/frhub.netgear.com\/fr\/hub\/wp-content\/uploads\/2025\/04\/visuel-theatre-pologne-200x300.jpg 200w, https:\/\/frhub.netgear.com\/fr\/hub\/wp-content\/uploads\/2025\/04\/visuel-theatre-pologne-768x1152.jpg 768w, https:\/\/frhub.netgear.com\/fr\/hub\/wp-content\/uploads\/2025\/04\/visuel-theatre-pologne.jpg 800w\" sizes=\"auto, (max-width: 200px) 100vw, 200px\" \/>La modernisation a consid\u00e9rablement am\u00e9lior\u00e9 les capacit\u00e9s de l&#8217;installation, lui permettant d&#8217;accueillir une plus large gamme d&#8217;\u00e9v\u00e9nements avec un son et des diffusions de qualit\u00e9 professionnelle. Le lieu peut d\u00e9sormais facilement accueillir de petits \u00e9v\u00e8nements professionnels et des productions de plus grande envergure. Les nouveaux syst\u00e8mes de contr\u00f4le garantissent une utilisation intuitive, r\u00e9duisant ainsi les barri\u00e8res techniques pour les utilisateurs. En cons\u00e9quence, le lieu s&#8217;est impos\u00e9 comme un p\u00f4le culturel comp\u00e9titif, rivalisant avec ceux des grandes villes comme Szczecin.<\/p>\n<p>S\u0142awomir Tomanek, ing\u00e9nieur du son du centre, a soulign\u00e9 l&#8217;importance de cet investissement strat\u00e9gique pour sublimer la technologie destin\u00e9e \u00e0 la sc\u00e8ne :<\/p>\n<p>&#8220;L&#8217;\u00e9volution rapide de la technologie de sc\u00e8ne oblige les institutions \u00e0 investir dans les bonnes solutions qui permettent de garantir les meilleurs r\u00e9sultats sur le long terme. Un responsable de projet comp\u00e9tent peut aider \u00e0 maximiser l&#8217;impact de ces investissements.&#8221;<\/p>\n    <\/div>\n        <div id=\"topic4\" class=\"skip-item\">\n                        <h2>Pour plus d'information<\/h2>\n                <p>Ce projet t\u00e9moigne une fois de plus de la polyvalence de Harman Professional Solutions, illustrant sa capacit\u00e9 \u00e0 am\u00e9liorer tous les types d&#8217;espaces culturels.<\/p>\n<p>Pour plus d&#8217;informations sur les solutions de Harman destin\u00e9es aux th\u00e9\u00e2tres, aux salles de concert et aux centres culturels, veuillez visiter Harman Professional Solutions. Pour plus d&#8217;informations concernant ESS Audio, veuillez visiter leur site web \u00e0 l&#8217;adresse suivante : <a href=\"https:\/\/essaudio.pl\/\" target=\"_blank\" rel=\"noopener\">essaudio.pl\/<\/a>.<\/p>\n<p>\n<!--SOLUTIONS NETGEAR AV --><\/p>\n<p> Plus d\u2019informations sur nos solutions audiovisuelles<\/p>\n<div class=\"hs-cta-embed hs-cta-simple-placeholder hs-cta-embed-241151160046\" style=\"max-width:100%;max-height:100%;width:260px;height:50.390625px\" data-hubspot-wrapper-cta-id=\"241151160046\"><br \/>\n  <a href=\"https:\/\/cta-na2.hubspot.com\/web-interactives\/public\/v1\/track\/redirect?encryptedPayload=AVxigLJf4HGLXU18h5HBrlQTZuKX4p21iriDX%2FD9Weo1E0jc26wgSp32sJpGF%2FrOb977gqk9Skq%2FVgamhq%2FXvCN0mPQ1dmrdARtcNUH8fV5cFOvngo8qJ8EuMyEq%2Fqu2y51zC2FZUVyu97opP5ixVGCiE%2Bg6BOgTVVDljEMF5hhhXUNpnikrl2UTN%2Bb3TA%3D%3D&#038;webInteractiveContentId=241151160046&#038;portalId=242128791\" target=\"_blank\" rel=\"noopener\"><br \/>\n    <img decoding=\"async\" alt=\"SOLUTIONS NETGEAR AV\" loading=\"lazy\" src=\"https:\/\/hubspot-no-cache-na2-prod.s3.amazonaws.com\/cta\/default\/242128791\/interactive-241151160046.png\" style=\"height: 100%;width: 100%;object-fit: fill\" \/><br \/>\n  <\/a>\n<\/div>\n<\/p>\n<p><!-- NETGEAR ACADEMY AV --><\/p>\n<p> Apprenez tout sur les r\u00e9seaux IP gr\u00e2ce \u00e0 la NETGEAR ACADEMY<\/p>\n<div class=\"hs-cta-embed hs-cta-simple-placeholder hs-cta-embed-241151160033\" style=\"max-width:100%;max-height:100%;width:260px;height:50.390625px\" data-hubspot-wrapper-cta-id=\"241151160033\"><br \/>\n  <a href=\"https:\/\/cta-na2.hubspot.com\/web-interactives\/public\/v1\/track\/redirect?encryptedPayload=AVxigLJ6zgXxrLVJLagOt9pyIXf5%2FGgh9lUupWJj49Nfcbq71eIrrvJQt9JGeaQwNkTAPTWhI2%2BXk56NQscWP4xOQ7iZrhk6rkBjyO4dBlJGP1gG3BpcrdlgLyF%2F850K2l3xn5kDj5H%2Fur8VO2zJH58QH7by4HFWliY25223Shr3sQx25aCmNBjCDkNwA2WRum67F9fGyQyzoYOn86wAq%2Brw3xzsBDMbyw%3D%3D&#038;webInteractiveContentId=241151160033&#038;portalId=242128791\" target=\"_blank\" rel=\"noopener\"><br \/>\n    <img decoding=\"async\" alt=\"NETGEAR ACADEMY\" loading=\"lazy\" src=\"https:\/\/hubspot-no-cache-na2-prod.s3.amazonaws.com\/cta\/default\/242128791\/interactive-241151160033.png\" style=\"height: 100%;width: 100%;object-fit: fill\" \/><br \/>\n  <\/a>\n<\/div>\n<\/p>\n<p><!--CONTACTEZ L'EQUIPE PROAV --><\/p>\n<p>Nos ing\u00e9nieurs vous accompagneront gratuitement dans la r\u00e9alisation de vos projets audiovisuels<\/p>\n<div class=\"hs-cta-embed hs-cta-simple-placeholder hs-cta-embed-241151160055\" style=\"max-width:100%;max-height:100%;width:270px;height:50.390625px\" data-hubspot-wrapper-cta-id=\"241151160055\"><br \/>\n  <a href=\"https:\/\/cta-na2.hubspot.com\/web-interactives\/public\/v1\/track\/redirect?encryptedPayload=AVxigLLUG9XShtF2ziGdRlpsMD%2BMJ39t1kFOE7VlHl2HmmlWzlJWH0rsV7f3eoQL53gclcWb0lliiDgK3EAMVvEOcIE7gW9aYOwk1uipv43pSUkBlDtiKJ%2BcB7fopWupnJbggqZWRkNERZkdh1dDGXHHDJX3V0sOA8mbXD%2Fd6QC2XK2OyVtrDNFDHbBoT6b15PyvF4Ca3b6JBNTYdAzYeH790XenlNKBP4OKZqw50t7IGx9DuADFMFlNdg6FWQ%3D%3D&#038;webInteractiveContentId=241151160055&#038;portalId=242128791\" target=\"_blank\" rel=\"noopener\"><br \/>\n    <img decoding=\"async\" alt=\"CONTACTEZ L'EQUIPE PROAV\" loading=\"lazy\" src=\"https:\/\/hubspot-no-cache-na2-prod.s3.amazonaws.com\/cta\/default\/242128791\/interactive-241151160055.png\" style=\"height: 100%;width: 100%;object-fit: fill\" \/><br \/>\n  <\/a>\n<\/div>\n<\/p>\n<p><iframe loading=\"lazy\" src=\"https:\/\/405nrr.share-na2.hsforms.com\/24AR2ZDSmQqWycFqf8q5-eg\" width=\"100%\" height=\"1200px\"><\/iframe><\/p>\n    <\/div>\n    \n","protected":false},"excerpt":{"rendered":"","protected":false},"author":92,"featured_media":10314,"parent":10498,"menu_order":2,"comment_status":"closed","ping_status":"closed","template":"templates\/blog-wifi.php","meta":{"_acf_changed":false,"content-type":"","footnotes":""},"class_list":["post-10282","page","type-page","status-publish","has-post-thumbnail","hentry"],"acf":[],"yoast_head":"<!-- This site is optimized with the Yoast SEO plugin v27.4 - https:\/\/yoast.com\/product\/yoast-seo-wordpress\/ -->\n<title>ESS Audio | Un espace hautes performances pour diff\u00e9rents \u00e9v\u00e9nements. - NETGEAR Blog<\/title>\n<meta name=\"description\" content=\"Un espace hautes performances pour diff\u00e9rents \u00e9v\u00e9nements.\" \/>\n<meta name=\"robots\" content=\"index, follow, max-snippet:-1, max-image-preview:large, max-video-preview:-1\" \/>\n<link rel=\"canonical\" href=\"https:\/\/frhub.netgear.com\/fr\/hub\/business\/case-studies\/av-case-studies\/espace-evenementiel-hautes-performances\/\" \/>\n<meta property=\"og:locale\" content=\"en_US\" \/>\n<meta property=\"og:type\" content=\"article\" \/>\n<meta property=\"og:title\" content=\"ESS Audio | Un espace hautes performances pour diff\u00e9rents \u00e9v\u00e9nements. - NETGEAR Blog\" \/>\n<meta property=\"og:description\" content=\"Un espace hautes performances pour diff\u00e9rents \u00e9v\u00e9nements.\" \/>\n<meta property=\"og:url\" content=\"https:\/\/frhub.netgear.com\/fr\/hub\/business\/case-studies\/av-case-studies\/espace-evenementiel-hautes-performances\/\" \/>\n<meta property=\"og:site_name\" content=\"NETGEAR Blog\" \/>\n<meta property=\"article:publisher\" content=\"https:\/\/www.facebook.com\/NetgearAU\/\" \/>\n<meta property=\"article:modified_time\" content=\"2025-10-03T07:59:35+00:00\" \/>\n<meta property=\"og:image\" content=\"https:\/\/frhub.netgear.com\/fr\/hub\/wp-content\/uploads\/2025\/05\/vignette-theatre-pologne-resize.jpg\" \/>\n\t<meta property=\"og:image:width\" content=\"383\" \/>\n\t<meta property=\"og:image:height\" content=\"288\" \/>\n\t<meta property=\"og:image:type\" content=\"image\/jpeg\" \/>\n<meta name=\"twitter:card\" content=\"summary_large_image\" \/>\n<meta name=\"twitter:site\" content=\"@NETGEAR\" \/>\n<script type=\"application\/ld+json\" class=\"yoast-schema-graph\">{\"@context\":\"https:\\\/\\\/schema.org\",\"@graph\":[{\"@type\":\"WebPage\",\"@id\":\"https:\\\/\\\/frhub.netgear.com\\\/fr\\\/hub\\\/business\\\/case-studies\\\/av-case-studies\\\/espace-evenementiel-hautes-performances\\\/\",\"url\":\"https:\\\/\\\/frhub.netgear.com\\\/fr\\\/hub\\\/business\\\/case-studies\\\/av-case-studies\\\/espace-evenementiel-hautes-performances\\\/\",\"name\":\"ESS Audio | Un espace hautes performances pour diff\u00e9rents \u00e9v\u00e9nements. - NETGEAR Blog\",\"isPartOf\":{\"@id\":\"https:\\\/\\\/frhub.netgear.com\\\/fr\\\/hub\\\/#website\"},\"primaryImageOfPage\":{\"@id\":\"https:\\\/\\\/frhub.netgear.com\\\/fr\\\/hub\\\/business\\\/case-studies\\\/av-case-studies\\\/espace-evenementiel-hautes-performances\\\/#primaryimage\"},\"image\":{\"@id\":\"https:\\\/\\\/frhub.netgear.com\\\/fr\\\/hub\\\/business\\\/case-studies\\\/av-case-studies\\\/espace-evenementiel-hautes-performances\\\/#primaryimage\"},\"thumbnailUrl\":\"https:\\\/\\\/frhub.netgear.com\\\/fr\\\/hub\\\/wp-content\\\/uploads\\\/2025\\\/05\\\/vignette-theatre-pologne-resize.jpg\",\"datePublished\":\"2025-04-02T16:12:53+00:00\",\"dateModified\":\"2025-10-03T07:59:35+00:00\",\"description\":\"Un espace hautes performances pour diff\u00e9rents \u00e9v\u00e9nements.\",\"breadcrumb\":{\"@id\":\"https:\\\/\\\/frhub.netgear.com\\\/fr\\\/hub\\\/business\\\/case-studies\\\/av-case-studies\\\/espace-evenementiel-hautes-performances\\\/#breadcrumb\"},\"inLanguage\":\"en-US\",\"potentialAction\":[{\"@type\":\"ReadAction\",\"target\":[\"https:\\\/\\\/frhub.netgear.com\\\/fr\\\/hub\\\/business\\\/case-studies\\\/av-case-studies\\\/espace-evenementiel-hautes-performances\\\/\"]}]},{\"@type\":\"ImageObject\",\"inLanguage\":\"en-US\",\"@id\":\"https:\\\/\\\/frhub.netgear.com\\\/fr\\\/hub\\\/business\\\/case-studies\\\/av-case-studies\\\/espace-evenementiel-hautes-performances\\\/#primaryimage\",\"url\":\"https:\\\/\\\/frhub.netgear.com\\\/fr\\\/hub\\\/wp-content\\\/uploads\\\/2025\\\/05\\\/vignette-theatre-pologne-resize.jpg\",\"contentUrl\":\"https:\\\/\\\/frhub.netgear.com\\\/fr\\\/hub\\\/wp-content\\\/uploads\\\/2025\\\/05\\\/vignette-theatre-pologne-resize.jpg\",\"width\":383,\"height\":288},{\"@type\":\"BreadcrumbList\",\"@id\":\"https:\\\/\\\/frhub.netgear.com\\\/fr\\\/hub\\\/business\\\/case-studies\\\/av-case-studies\\\/espace-evenementiel-hautes-performances\\\/#breadcrumb\",\"itemListElement\":[{\"@type\":\"ListItem\",\"position\":1,\"name\":\"Home\",\"item\":\"https:\\\/\\\/frhub.netgear.com\\\/fr\\\/hub\\\/\"},{\"@type\":\"ListItem\",\"position\":2,\"name\":\"Entreprises\",\"item\":\"https:\\\/\\\/frhub.netgear.com\\\/fr\\\/hub\\\/business\\\/\"},{\"@type\":\"ListItem\",\"position\":3,\"name\":\"All Case Studies &#8211; FR\",\"item\":\"https:\\\/\\\/frhub.netgear.com\\\/fr\\\/hub\\\/business\\\/case-studies\\\/\"},{\"@type\":\"ListItem\",\"position\":4,\"name\":\"Case Studies &#8211; AV &#8211; FR\",\"item\":\"https:\\\/\\\/frhub.netgear.com\\\/fr\\\/hub\\\/business\\\/case-studies\\\/av-case-studies\\\/\"},{\"@type\":\"ListItem\",\"position\":5,\"name\":\"ESS Audio | Un espace hautes performances pour diff\u00e9rents \u00e9v\u00e9nements.\"}]},{\"@type\":\"WebSite\",\"@id\":\"https:\\\/\\\/frhub.netgear.com\\\/fr\\\/hub\\\/#website\",\"url\":\"https:\\\/\\\/frhub.netgear.com\\\/fr\\\/hub\\\/\",\"name\":\"NETGEAR Hub France\",\"description\":\"Explorez les pages de notre blog et parcourez les articles pour en savoir plus sur les produits et la technologie NETGEAR.\",\"publisher\":{\"@id\":\"https:\\\/\\\/frhub.netgear.com\\\/fr\\\/hub\\\/#organization\"},\"potentialAction\":[{\"@type\":\"SearchAction\",\"target\":{\"@type\":\"EntryPoint\",\"urlTemplate\":\"https:\\\/\\\/frhub.netgear.com\\\/fr\\\/hub\\\/?s={search_term_string}\"},\"query-input\":{\"@type\":\"PropertyValueSpecification\",\"valueRequired\":true,\"valueName\":\"search_term_string\"}}],\"inLanguage\":\"en-US\"},{\"@type\":\"Organization\",\"@id\":\"https:\\\/\\\/frhub.netgear.com\\\/fr\\\/hub\\\/#organization\",\"name\":\"NETGEAR\",\"url\":\"https:\\\/\\\/frhub.netgear.com\\\/fr\\\/hub\\\/\",\"logo\":{\"@type\":\"ImageObject\",\"inLanguage\":\"en-US\",\"@id\":\"https:\\\/\\\/frhub.netgear.com\\\/fr\\\/hub\\\/#\\\/schema\\\/logo\\\/image\\\/\",\"url\":\"https:\\\/\\\/www.netgear.com\\\/fr\\\/hub\\\/wp-content\\\/uploads\\\/2019\\\/07\\\/NETGEAR_logo.jpg\",\"contentUrl\":\"https:\\\/\\\/www.netgear.com\\\/fr\\\/hub\\\/wp-content\\\/uploads\\\/2019\\\/07\\\/NETGEAR_logo.jpg\",\"width\":1500,\"height\":501,\"caption\":\"NETGEAR\"},\"image\":{\"@id\":\"https:\\\/\\\/frhub.netgear.com\\\/fr\\\/hub\\\/#\\\/schema\\\/logo\\\/image\\\/\"},\"sameAs\":[\"https:\\\/\\\/www.facebook.com\\\/NetgearAU\\\/\",\"https:\\\/\\\/x.com\\\/NETGEAR\",\"https:\\\/\\\/www.linkedin.com\\\/company\\\/netgear\"]}]}<\/script>\n<!-- \/ Yoast SEO plugin. -->","yoast_head_json":{"title":"ESS Audio | Un espace hautes performances pour diff\u00e9rents \u00e9v\u00e9nements. - NETGEAR Blog","description":"Un espace hautes performances pour diff\u00e9rents \u00e9v\u00e9nements.","robots":{"index":"index","follow":"follow","max-snippet":"max-snippet:-1","max-image-preview":"max-image-preview:large","max-video-preview":"max-video-preview:-1"},"canonical":"https:\/\/frhub.netgear.com\/fr\/hub\/business\/case-studies\/av-case-studies\/espace-evenementiel-hautes-performances\/","og_locale":"en_US","og_type":"article","og_title":"ESS Audio | Un espace hautes performances pour diff\u00e9rents \u00e9v\u00e9nements. - NETGEAR Blog","og_description":"Un espace hautes performances pour diff\u00e9rents \u00e9v\u00e9nements.","og_url":"https:\/\/frhub.netgear.com\/fr\/hub\/business\/case-studies\/av-case-studies\/espace-evenementiel-hautes-performances\/","og_site_name":"NETGEAR Blog","article_publisher":"https:\/\/www.facebook.com\/NetgearAU\/","article_modified_time":"2025-10-03T07:59:35+00:00","og_image":[{"width":383,"height":288,"url":"https:\/\/frhub.netgear.com\/fr\/hub\/wp-content\/uploads\/2025\/05\/vignette-theatre-pologne-resize.jpg","type":"image\/jpeg"}],"twitter_card":"summary_large_image","twitter_site":"@NETGEAR","schema":{"@context":"https:\/\/schema.org","@graph":[{"@type":"WebPage","@id":"https:\/\/frhub.netgear.com\/fr\/hub\/business\/case-studies\/av-case-studies\/espace-evenementiel-hautes-performances\/","url":"https:\/\/frhub.netgear.com\/fr\/hub\/business\/case-studies\/av-case-studies\/espace-evenementiel-hautes-performances\/","name":"ESS Audio | Un espace hautes performances pour diff\u00e9rents \u00e9v\u00e9nements. - NETGEAR Blog","isPartOf":{"@id":"https:\/\/frhub.netgear.com\/fr\/hub\/#website"},"primaryImageOfPage":{"@id":"https:\/\/frhub.netgear.com\/fr\/hub\/business\/case-studies\/av-case-studies\/espace-evenementiel-hautes-performances\/#primaryimage"},"image":{"@id":"https:\/\/frhub.netgear.com\/fr\/hub\/business\/case-studies\/av-case-studies\/espace-evenementiel-hautes-performances\/#primaryimage"},"thumbnailUrl":"https:\/\/frhub.netgear.com\/fr\/hub\/wp-content\/uploads\/2025\/05\/vignette-theatre-pologne-resize.jpg","datePublished":"2025-04-02T16:12:53+00:00","dateModified":"2025-10-03T07:59:35+00:00","description":"Un espace hautes performances pour diff\u00e9rents \u00e9v\u00e9nements.","breadcrumb":{"@id":"https:\/\/frhub.netgear.com\/fr\/hub\/business\/case-studies\/av-case-studies\/espace-evenementiel-hautes-performances\/#breadcrumb"},"inLanguage":"en-US","potentialAction":[{"@type":"ReadAction","target":["https:\/\/frhub.netgear.com\/fr\/hub\/business\/case-studies\/av-case-studies\/espace-evenementiel-hautes-performances\/"]}]},{"@type":"ImageObject","inLanguage":"en-US","@id":"https:\/\/frhub.netgear.com\/fr\/hub\/business\/case-studies\/av-case-studies\/espace-evenementiel-hautes-performances\/#primaryimage","url":"https:\/\/frhub.netgear.com\/fr\/hub\/wp-content\/uploads\/2025\/05\/vignette-theatre-pologne-resize.jpg","contentUrl":"https:\/\/frhub.netgear.com\/fr\/hub\/wp-content\/uploads\/2025\/05\/vignette-theatre-pologne-resize.jpg","width":383,"height":288},{"@type":"BreadcrumbList","@id":"https:\/\/frhub.netgear.com\/fr\/hub\/business\/case-studies\/av-case-studies\/espace-evenementiel-hautes-performances\/#breadcrumb","itemListElement":[{"@type":"ListItem","position":1,"name":"Home","item":"https:\/\/frhub.netgear.com\/fr\/hub\/"},{"@type":"ListItem","position":2,"name":"Entreprises","item":"https:\/\/frhub.netgear.com\/fr\/hub\/business\/"},{"@type":"ListItem","position":3,"name":"All Case Studies &#8211; FR","item":"https:\/\/frhub.netgear.com\/fr\/hub\/business\/case-studies\/"},{"@type":"ListItem","position":4,"name":"Case Studies &#8211; AV &#8211; FR","item":"https:\/\/frhub.netgear.com\/fr\/hub\/business\/case-studies\/av-case-studies\/"},{"@type":"ListItem","position":5,"name":"ESS Audio | Un espace hautes performances pour diff\u00e9rents \u00e9v\u00e9nements."}]},{"@type":"WebSite","@id":"https:\/\/frhub.netgear.com\/fr\/hub\/#website","url":"https:\/\/frhub.netgear.com\/fr\/hub\/","name":"NETGEAR Hub France","description":"Explorez les pages de notre blog et parcourez les articles pour en savoir plus sur les produits et la technologie NETGEAR.","publisher":{"@id":"https:\/\/frhub.netgear.com\/fr\/hub\/#organization"},"potentialAction":[{"@type":"SearchAction","target":{"@type":"EntryPoint","urlTemplate":"https:\/\/frhub.netgear.com\/fr\/hub\/?s={search_term_string}"},"query-input":{"@type":"PropertyValueSpecification","valueRequired":true,"valueName":"search_term_string"}}],"inLanguage":"en-US"},{"@type":"Organization","@id":"https:\/\/frhub.netgear.com\/fr\/hub\/#organization","name":"NETGEAR","url":"https:\/\/frhub.netgear.com\/fr\/hub\/","logo":{"@type":"ImageObject","inLanguage":"en-US","@id":"https:\/\/frhub.netgear.com\/fr\/hub\/#\/schema\/logo\/image\/","url":"https:\/\/www.netgear.com\/fr\/hub\/wp-content\/uploads\/2019\/07\/NETGEAR_logo.jpg","contentUrl":"https:\/\/www.netgear.com\/fr\/hub\/wp-content\/uploads\/2019\/07\/NETGEAR_logo.jpg","width":1500,"height":501,"caption":"NETGEAR"},"image":{"@id":"https:\/\/frhub.netgear.com\/fr\/hub\/#\/schema\/logo\/image\/"},"sameAs":["https:\/\/www.facebook.com\/NetgearAU\/","https:\/\/x.com\/NETGEAR","https:\/\/www.linkedin.com\/company\/netgear"]}]}},"_links":{"self":[{"href":"https:\/\/frhub.netgear.com\/fr\/hub\/wp-json\/wp\/v2\/pages\/10282","targetHints":{"allow":["GET"]}}],"collection":[{"href":"https:\/\/frhub.netgear.com\/fr\/hub\/wp-json\/wp\/v2\/pages"}],"about":[{"href":"https:\/\/frhub.netgear.com\/fr\/hub\/wp-json\/wp\/v2\/types\/page"}],"author":[{"embeddable":true,"href":"https:\/\/frhub.netgear.com\/fr\/hub\/wp-json\/wp\/v2\/users\/92"}],"replies":[{"embeddable":true,"href":"https:\/\/frhub.netgear.com\/fr\/hub\/wp-json\/wp\/v2\/comments?post=10282"}],"version-history":[{"count":4,"href":"https:\/\/frhub.netgear.com\/fr\/hub\/wp-json\/wp\/v2\/pages\/10282\/revisions"}],"predecessor-version":[{"id":11033,"href":"https:\/\/frhub.netgear.com\/fr\/hub\/wp-json\/wp\/v2\/pages\/10282\/revisions\/11033"}],"up":[{"embeddable":true,"href":"https:\/\/frhub.netgear.com\/fr\/hub\/wp-json\/wp\/v2\/pages\/10498"}],"wp:featuredmedia":[{"embeddable":true,"href":"https:\/\/frhub.netgear.com\/fr\/hub\/wp-json\/wp\/v2\/media\/10314"}],"wp:attachment":[{"href":"https:\/\/frhub.netgear.com\/fr\/hub\/wp-json\/wp\/v2\/media?parent=10282"}],"curies":[{"name":"wp","href":"https:\/\/api.w.org\/{rel}","templated":true}]}}