{"id":10239,"date":"2025-03-27T11:39:09","date_gmt":"2025-03-27T10:39:13","guid":{"rendered":"https:\/\/frhub.netgear.com\/fr\/hub\/business\/av\/systeme-audiovisuel-remarquable-2\/"},"modified":"2025-10-03T13:24:51","modified_gmt":"2025-10-03T11:24:51","slug":"loreal-la-beauterencontre-la-technologie","status":"publish","type":"page","link":"https:\/\/frhub.netgear.com\/fr\/hub\/business\/case-studies\/av-case-studies\/loreal-la-beauterencontre-la-technologie\/","title":{"rendered":"L&#8217;Or\u00e9al | La beaut\u00e9 rencontre la technologie"},"content":{"rendered":"    <div class=\"table-of-content bg-gray\">\n        <p><strong>IN THIS ARTICLE<\/strong><\/p>\n        <ul>\n                        <li><a href=\"#topic1\">La beaut\u00e9 rencontre la technologie<\/a><\/li>\n                        <li><a href=\"#topic2\">Le d\u00e9fi<\/a><\/li>\n                        <li><a href=\"#topic3\">NETGEAR : au c\u0153ur de la solution<\/a><\/li>\n                        <li><a href=\"#topic4\">Des r\u00e9sultats probants<\/a><\/li>\n                        <li><a href=\"#topic5\">D\u00e9couvrez l\u2019histoire compl\u00e8te<\/a><\/li>\n                        <li><a href=\"#topic6\">Plus d'informations<\/a><\/li>\n                    <\/ul>\n    <\/div>\n        <div id=\"topic1\" class=\"skip-item\">\n                        <h2>La beaut\u00e9 rencontre la technologie<\/h2>\n                <div style=\"background-color: #eeeeee;padding: 20px;width: 33%;float: right\">\n<p><strong>Soci\u00e9t\u00e9 : <\/strong><br \/>\nL&#8217;Or\u00e9al<\/p>\n<p><strong>Secteur :<\/strong><br \/>\nBeaut\u00e9<\/p>\n<p><strong>Site Web :<\/strong><br \/>\n<a href=\"https:\/\/www.loreal.com\/\">loreal.com<\/a><\/p>\n<p><strong>Lieu :<\/strong><br \/>\nBruxelles<\/p>\n<\/div>\n<p>Au c\u0153ur de Bruxelles, L\u2019Or\u00e9al a repens\u00e9 ce que devait \u00eatre un espace de travail moderne. Leurs nouveaux bureaux dans le prestigieux b\u00e2timent Quatuor allient expertise en beaut\u00e9 et technologie de pointe gr\u00e2ce aux solutions r\u00e9seau Pro AV de NETGEAR.<\/p>\n    <\/div>\n        <div id=\"topic2\" class=\"skip-item\">\n                        <h2>Le d\u00e9fi<\/h2>\n                <p>L\u2019Or\u00e9al devait cr\u00e9er des espaces \u00e0 fort impact sur plusieurs \u00e9tages, o\u00f9 les \u00e9quipes pouvaient collaborer en toute fluidit\u00e9, que ce soit en pr\u00e9sentiel ou \u00e0 distance. La vision : un environnement immersif dot\u00e9 de syst\u00e8mes vid\u00e9o intelligents qui favorisent la communication tout en conservant l&#8217;esth\u00e9tique.<\/p>\n<p>\u00ab Dans notre m\u00e9tier, il est essentiel de pouvoir communiquer avec tout le monde : les employ\u00e9s, les clients et les partenaires. Nous ne pouvons \u00eatre les meilleurs qu\u2019en utilisant les meilleures technologies \u00bb, explique Olivier van Twembeke, Responsable des services g\u00e9n\u00e9raux Benelux chez L\u2019Or\u00e9al.<\/p>\n    <\/div>\n        <div id=\"topic3\" class=\"skip-item\">\n                        <h2>NETGEAR : au c\u0153ur de la solution<\/h2>\n                <p>L\u2019installation repose sur deux switches NETGEAR M4250-40G8XF-PoE+ d\u00e9ploy\u00e9s de mani\u00e8re strat\u00e9gique. L\u2019un est d\u00e9di\u00e9 \u00e0 la gestion du trafic vid\u00e9o multicast, tandis que l\u2019autre prend en charge toutes les donn\u00e9es non multicast. L\u2019\u00e9l\u00e9ment technologique cl\u00e9 est la fonctionnalit\u00e9 IGMP Plus, qui permet d\u2019\u00e9viter les goulets d\u2019\u00e9tranglement en ma\u00eetrisant efficacement le trafic multicast.<\/p>\n<p>\u00ab En utilisant les switches NETGEAR, nous avons \u00e9vit\u00e9 la saturation du trafic vid\u00e9o sur le r\u00e9seau \u00bb, explique Jordi Bonte d\u2019AV Challenges. \u00ab La technologie IGMP Plus est l\u2019une des raisons pour lesquelles je suis un fan de NETGEAR. \u00bb<\/p>\n    <\/div>\n        <div id=\"topic4\" class=\"skip-item\">\n                        <h2>Des r\u00e9sultats probants<\/h2>\n                <p>Depuis son ach\u00e8vement fin 2024, l\u2019installation fonctionne parfaitement, sans aucun appel au support technique, preuve de la robustesse et de la simplicit\u00e9 d\u2019utilisation de la solution.<\/p>\n<p>\u00ab C\u2019est facile \u00e0 utiliser, vraiment simple pour les employ\u00e9s de se connecter \u00bb, confirme Olivier Van Twembeke.<\/p>\n    <\/div>\n        <div id=\"topic5\" class=\"skip-item\">\n                        <h2>D\u00e9couvrez l\u2019histoire compl\u00e8te<\/h2>\n                <p>Qu\u2019est-ce qui rend cette mise en \u0153uvre si sp\u00e9ciale ? Comment l\u2019acad\u00e9mie de formation modulaire utilise-t-elle la technologie NETGEAR pour les formations produits \u00e0 l\u2019\u00e9chelle mondiale ? Quel r\u00f4le a jou\u00e9 le support technique de NETGEAR dans la r\u00e9ussite du projet ?<\/p>\n<p>Regardez l\u2019\u00e9tude de cas compl\u00e8te en vid\u00e9o pour d\u00e9couvrir comment les solutions Pro AV de NETGEAR accompagnent la transformation num\u00e9rique de L\u2019Or\u00e9al.<\/p>\n<div align=\"center\"><iframe loading=\"lazy\" src=\"https:\/\/www.youtube.com\/embed\/YgbKP-_dJkE?si=vs6NFIVcr-hPJhp4\" width=\"560\" height=\"315\" frameborder=\"0\" allowfullscreen=\"allowfullscreen\"><\/iframe><\/div>\n    <\/div>\n        <div id=\"topic6\" class=\"skip-item\">\n                        <h2>Plus d'informations<\/h2>\n                <p>\n<!--SOLUTIONS NETGEAR AV --><\/p>\n<p> Plus d\u2019informations sur nos solutions audiovisuelles<\/p>\n<div class=\"hs-cta-embed hs-cta-simple-placeholder hs-cta-embed-241151160046\" style=\"max-width:100%;max-height:100%;width:260px;height:50.390625px\" data-hubspot-wrapper-cta-id=\"241151160046\"><br \/>\n  <a href=\"https:\/\/cta-na2.hubspot.com\/web-interactives\/public\/v1\/track\/redirect?encryptedPayload=AVxigLJf4HGLXU18h5HBrlQTZuKX4p21iriDX%2FD9Weo1E0jc26wgSp32sJpGF%2FrOb977gqk9Skq%2FVgamhq%2FXvCN0mPQ1dmrdARtcNUH8fV5cFOvngo8qJ8EuMyEq%2Fqu2y51zC2FZUVyu97opP5ixVGCiE%2Bg6BOgTVVDljEMF5hhhXUNpnikrl2UTN%2Bb3TA%3D%3D&#038;webInteractiveContentId=241151160046&#038;portalId=242128791\" target=\"_blank\" rel=\"noopener\"><br \/>\n    <img decoding=\"async\" alt=\"SOLUTIONS NETGEAR AV\" loading=\"lazy\" src=\"https:\/\/hubspot-no-cache-na2-prod.s3.amazonaws.com\/cta\/default\/242128791\/interactive-241151160046.png\" style=\"height: 100%;width: 100%;object-fit: fill\" \/><br \/>\n  <\/a>\n<\/div>\n<\/p>\n<p><!-- NETGEAR ACADEMY AV --><\/p>\n<p> Apprenez tout sur les r\u00e9seaux IP gr\u00e2ce \u00e0 la NETGEAR ACADEMY<\/p>\n<div class=\"hs-cta-embed hs-cta-simple-placeholder hs-cta-embed-241151160033\" style=\"max-width:100%;max-height:100%;width:260px;height:50.390625px\" data-hubspot-wrapper-cta-id=\"241151160033\"><br \/>\n  <a href=\"https:\/\/cta-na2.hubspot.com\/web-interactives\/public\/v1\/track\/redirect?encryptedPayload=AVxigLJ6zgXxrLVJLagOt9pyIXf5%2FGgh9lUupWJj49Nfcbq71eIrrvJQt9JGeaQwNkTAPTWhI2%2BXk56NQscWP4xOQ7iZrhk6rkBjyO4dBlJGP1gG3BpcrdlgLyF%2F850K2l3xn5kDj5H%2Fur8VO2zJH58QH7by4HFWliY25223Shr3sQx25aCmNBjCDkNwA2WRum67F9fGyQyzoYOn86wAq%2Brw3xzsBDMbyw%3D%3D&#038;webInteractiveContentId=241151160033&#038;portalId=242128791\" target=\"_blank\" rel=\"noopener\"><br \/>\n    <img decoding=\"async\" alt=\"NETGEAR ACADEMY\" loading=\"lazy\" src=\"https:\/\/hubspot-no-cache-na2-prod.s3.amazonaws.com\/cta\/default\/242128791\/interactive-241151160033.png\" style=\"height: 100%;width: 100%;object-fit: fill\" \/><br \/>\n  <\/a>\n<\/div>\n<\/p>\n<p><!--CONTACTEZ L'EQUIPE PROAV --><\/p>\n<p>Nos ing\u00e9nieurs vous accompagneront gratuitement dans la r\u00e9alisation de vos projets audiovisuels<\/p>\n<div class=\"hs-cta-embed hs-cta-simple-placeholder hs-cta-embed-241151160055\" style=\"max-width:100%;max-height:100%;width:270px;height:50.390625px\" data-hubspot-wrapper-cta-id=\"241151160055\"><br \/>\n  <a href=\"https:\/\/cta-na2.hubspot.com\/web-interactives\/public\/v1\/track\/redirect?encryptedPayload=AVxigLLUG9XShtF2ziGdRlpsMD%2BMJ39t1kFOE7VlHl2HmmlWzlJWH0rsV7f3eoQL53gclcWb0lliiDgK3EAMVvEOcIE7gW9aYOwk1uipv43pSUkBlDtiKJ%2BcB7fopWupnJbggqZWRkNERZkdh1dDGXHHDJX3V0sOA8mbXD%2Fd6QC2XK2OyVtrDNFDHbBoT6b15PyvF4Ca3b6JBNTYdAzYeH790XenlNKBP4OKZqw50t7IGx9DuADFMFlNdg6FWQ%3D%3D&#038;webInteractiveContentId=241151160055&#038;portalId=242128791\" target=\"_blank\" rel=\"noopener\"><br \/>\n    <img decoding=\"async\" alt=\"CONTACTEZ L'EQUIPE PROAV\" loading=\"lazy\" src=\"https:\/\/hubspot-no-cache-na2-prod.s3.amazonaws.com\/cta\/default\/242128791\/interactive-241151160055.png\" style=\"height: 100%;width: 100%;object-fit: fill\" \/><br \/>\n  <\/a>\n<\/div><\/p>\n    <\/div>\n        <div id=\"topic7\" class=\"skip-item\">\n                        <p><iframe loading=\"lazy\" src=\"https:\/\/405nrr.share-na2.hsforms.com\/24AR2ZDSmQqWycFqf8q5-eg\" width=\"100%\" height=\"1200px\"><\/iframe><\/p>\n    <\/div>\n    \n","protected":false},"excerpt":{"rendered":"","protected":false},"author":97,"featured_media":10307,"parent":10498,"menu_order":0,"comment_status":"closed","ping_status":"closed","template":"templates\/blog-wifi.php","meta":{"_acf_changed":false,"content-type":"","footnotes":""},"class_list":["post-10239","page","type-page","status-publish","has-post-thumbnail","hentry"],"acf":[],"yoast_head":"<!-- This site is optimized with the Yoast SEO plugin v27.4 - https:\/\/yoast.com\/product\/yoast-seo-wordpress\/ -->\n<title>L&#039;Or\u00e9al | La beaut\u00e9 rencontre la technologie - NETGEAR Blog<\/title>\n<meta name=\"description\" content=\"L&#039;Or\u00e9al | La beaut\u00e9 rencontre la technologie\" \/>\n<meta name=\"robots\" content=\"index, follow, max-snippet:-1, max-image-preview:large, max-video-preview:-1\" \/>\n<link rel=\"canonical\" href=\"https:\/\/frhub.netgear.com\/fr\/hub\/business\/case-studies\/av-case-studies\/loreal-la-beauterencontre-la-technologie\/\" \/>\n<meta property=\"og:locale\" content=\"en_US\" \/>\n<meta property=\"og:type\" content=\"article\" \/>\n<meta property=\"og:title\" content=\"L&#039;Or\u00e9al | La beaut\u00e9 rencontre la technologie - NETGEAR Blog\" \/>\n<meta property=\"og:description\" content=\"L&#039;Or\u00e9al | La beaut\u00e9 rencontre la technologie\" \/>\n<meta property=\"og:url\" content=\"https:\/\/frhub.netgear.com\/fr\/hub\/business\/case-studies\/av-case-studies\/loreal-la-beauterencontre-la-technologie\/\" \/>\n<meta property=\"og:site_name\" content=\"NETGEAR Blog\" \/>\n<meta property=\"article:publisher\" content=\"https:\/\/www.facebook.com\/NetgearAU\/\" \/>\n<meta property=\"article:modified_time\" content=\"2025-10-03T11:24:51+00:00\" \/>\n<meta property=\"og:image\" content=\"https:\/\/frhub.netgear.com\/fr\/hub\/wp-content\/uploads\/2025\/05\/vignette-loreal.webp\" \/>\n\t<meta property=\"og:image:width\" content=\"383\" \/>\n\t<meta property=\"og:image:height\" content=\"288\" \/>\n\t<meta property=\"og:image:type\" content=\"image\/webp\" \/>\n<meta name=\"twitter:card\" content=\"summary_large_image\" \/>\n<meta name=\"twitter:site\" content=\"@NETGEAR\" \/>\n<script type=\"application\/ld+json\" class=\"yoast-schema-graph\">{\"@context\":\"https:\\\/\\\/schema.org\",\"@graph\":[{\"@type\":\"WebPage\",\"@id\":\"https:\\\/\\\/frhub.netgear.com\\\/fr\\\/hub\\\/business\\\/case-studies\\\/av-case-studies\\\/loreal-la-beauterencontre-la-technologie\\\/\",\"url\":\"https:\\\/\\\/frhub.netgear.com\\\/fr\\\/hub\\\/business\\\/case-studies\\\/av-case-studies\\\/loreal-la-beauterencontre-la-technologie\\\/\",\"name\":\"L'Or\u00e9al | La beaut\u00e9 rencontre la technologie - NETGEAR Blog\",\"isPartOf\":{\"@id\":\"https:\\\/\\\/frhub.netgear.com\\\/fr\\\/hub\\\/#website\"},\"primaryImageOfPage\":{\"@id\":\"https:\\\/\\\/frhub.netgear.com\\\/fr\\\/hub\\\/business\\\/case-studies\\\/av-case-studies\\\/loreal-la-beauterencontre-la-technologie\\\/#primaryimage\"},\"image\":{\"@id\":\"https:\\\/\\\/frhub.netgear.com\\\/fr\\\/hub\\\/business\\\/case-studies\\\/av-case-studies\\\/loreal-la-beauterencontre-la-technologie\\\/#primaryimage\"},\"thumbnailUrl\":\"https:\\\/\\\/frhub.netgear.com\\\/fr\\\/hub\\\/wp-content\\\/uploads\\\/2025\\\/05\\\/vignette-loreal.webp\",\"datePublished\":\"2025-03-27T10:39:13+00:00\",\"dateModified\":\"2025-10-03T11:24:51+00:00\",\"description\":\"L'Or\u00e9al | La beaut\u00e9 rencontre la technologie\",\"breadcrumb\":{\"@id\":\"https:\\\/\\\/frhub.netgear.com\\\/fr\\\/hub\\\/business\\\/case-studies\\\/av-case-studies\\\/loreal-la-beauterencontre-la-technologie\\\/#breadcrumb\"},\"inLanguage\":\"en-US\",\"potentialAction\":[{\"@type\":\"ReadAction\",\"target\":[\"https:\\\/\\\/frhub.netgear.com\\\/fr\\\/hub\\\/business\\\/case-studies\\\/av-case-studies\\\/loreal-la-beauterencontre-la-technologie\\\/\"]}]},{\"@type\":\"ImageObject\",\"inLanguage\":\"en-US\",\"@id\":\"https:\\\/\\\/frhub.netgear.com\\\/fr\\\/hub\\\/business\\\/case-studies\\\/av-case-studies\\\/loreal-la-beauterencontre-la-technologie\\\/#primaryimage\",\"url\":\"https:\\\/\\\/frhub.netgear.com\\\/fr\\\/hub\\\/wp-content\\\/uploads\\\/2025\\\/05\\\/vignette-loreal.webp\",\"contentUrl\":\"https:\\\/\\\/frhub.netgear.com\\\/fr\\\/hub\\\/wp-content\\\/uploads\\\/2025\\\/05\\\/vignette-loreal.webp\",\"width\":383,\"height\":288},{\"@type\":\"BreadcrumbList\",\"@id\":\"https:\\\/\\\/frhub.netgear.com\\\/fr\\\/hub\\\/business\\\/case-studies\\\/av-case-studies\\\/loreal-la-beauterencontre-la-technologie\\\/#breadcrumb\",\"itemListElement\":[{\"@type\":\"ListItem\",\"position\":1,\"name\":\"Home\",\"item\":\"https:\\\/\\\/frhub.netgear.com\\\/fr\\\/hub\\\/\"},{\"@type\":\"ListItem\",\"position\":2,\"name\":\"Entreprises\",\"item\":\"https:\\\/\\\/frhub.netgear.com\\\/fr\\\/hub\\\/business\\\/\"},{\"@type\":\"ListItem\",\"position\":3,\"name\":\"All Case Studies &#8211; FR\",\"item\":\"https:\\\/\\\/frhub.netgear.com\\\/fr\\\/hub\\\/business\\\/case-studies\\\/\"},{\"@type\":\"ListItem\",\"position\":4,\"name\":\"Case Studies &#8211; AV &#8211; FR\",\"item\":\"https:\\\/\\\/frhub.netgear.com\\\/fr\\\/hub\\\/business\\\/case-studies\\\/av-case-studies\\\/\"},{\"@type\":\"ListItem\",\"position\":5,\"name\":\"L&#8217;Or\u00e9al | La beaut\u00e9 rencontre la technologie\"}]},{\"@type\":\"WebSite\",\"@id\":\"https:\\\/\\\/frhub.netgear.com\\\/fr\\\/hub\\\/#website\",\"url\":\"https:\\\/\\\/frhub.netgear.com\\\/fr\\\/hub\\\/\",\"name\":\"NETGEAR Hub France\",\"description\":\"Explorez les pages de notre blog et parcourez les articles pour en savoir plus sur les produits et la technologie NETGEAR.\",\"publisher\":{\"@id\":\"https:\\\/\\\/frhub.netgear.com\\\/fr\\\/hub\\\/#organization\"},\"potentialAction\":[{\"@type\":\"SearchAction\",\"target\":{\"@type\":\"EntryPoint\",\"urlTemplate\":\"https:\\\/\\\/frhub.netgear.com\\\/fr\\\/hub\\\/?s={search_term_string}\"},\"query-input\":{\"@type\":\"PropertyValueSpecification\",\"valueRequired\":true,\"valueName\":\"search_term_string\"}}],\"inLanguage\":\"en-US\"},{\"@type\":\"Organization\",\"@id\":\"https:\\\/\\\/frhub.netgear.com\\\/fr\\\/hub\\\/#organization\",\"name\":\"NETGEAR\",\"url\":\"https:\\\/\\\/frhub.netgear.com\\\/fr\\\/hub\\\/\",\"logo\":{\"@type\":\"ImageObject\",\"inLanguage\":\"en-US\",\"@id\":\"https:\\\/\\\/frhub.netgear.com\\\/fr\\\/hub\\\/#\\\/schema\\\/logo\\\/image\\\/\",\"url\":\"https:\\\/\\\/www.netgear.com\\\/fr\\\/hub\\\/wp-content\\\/uploads\\\/2019\\\/07\\\/NETGEAR_logo.jpg\",\"contentUrl\":\"https:\\\/\\\/www.netgear.com\\\/fr\\\/hub\\\/wp-content\\\/uploads\\\/2019\\\/07\\\/NETGEAR_logo.jpg\",\"width\":1500,\"height\":501,\"caption\":\"NETGEAR\"},\"image\":{\"@id\":\"https:\\\/\\\/frhub.netgear.com\\\/fr\\\/hub\\\/#\\\/schema\\\/logo\\\/image\\\/\"},\"sameAs\":[\"https:\\\/\\\/www.facebook.com\\\/NetgearAU\\\/\",\"https:\\\/\\\/x.com\\\/NETGEAR\",\"https:\\\/\\\/www.linkedin.com\\\/company\\\/netgear\"]}]}<\/script>\n<!-- \/ Yoast SEO plugin. -->","yoast_head_json":{"title":"L'Or\u00e9al | La beaut\u00e9 rencontre la technologie - NETGEAR Blog","description":"L'Or\u00e9al | La beaut\u00e9 rencontre la technologie","robots":{"index":"index","follow":"follow","max-snippet":"max-snippet:-1","max-image-preview":"max-image-preview:large","max-video-preview":"max-video-preview:-1"},"canonical":"https:\/\/frhub.netgear.com\/fr\/hub\/business\/case-studies\/av-case-studies\/loreal-la-beauterencontre-la-technologie\/","og_locale":"en_US","og_type":"article","og_title":"L'Or\u00e9al | La beaut\u00e9 rencontre la technologie - NETGEAR Blog","og_description":"L'Or\u00e9al | La beaut\u00e9 rencontre la technologie","og_url":"https:\/\/frhub.netgear.com\/fr\/hub\/business\/case-studies\/av-case-studies\/loreal-la-beauterencontre-la-technologie\/","og_site_name":"NETGEAR Blog","article_publisher":"https:\/\/www.facebook.com\/NetgearAU\/","article_modified_time":"2025-10-03T11:24:51+00:00","og_image":[{"width":383,"height":288,"url":"https:\/\/frhub.netgear.com\/fr\/hub\/wp-content\/uploads\/2025\/05\/vignette-loreal.webp","type":"image\/webp"}],"twitter_card":"summary_large_image","twitter_site":"@NETGEAR","schema":{"@context":"https:\/\/schema.org","@graph":[{"@type":"WebPage","@id":"https:\/\/frhub.netgear.com\/fr\/hub\/business\/case-studies\/av-case-studies\/loreal-la-beauterencontre-la-technologie\/","url":"https:\/\/frhub.netgear.com\/fr\/hub\/business\/case-studies\/av-case-studies\/loreal-la-beauterencontre-la-technologie\/","name":"L'Or\u00e9al | La beaut\u00e9 rencontre la technologie - NETGEAR Blog","isPartOf":{"@id":"https:\/\/frhub.netgear.com\/fr\/hub\/#website"},"primaryImageOfPage":{"@id":"https:\/\/frhub.netgear.com\/fr\/hub\/business\/case-studies\/av-case-studies\/loreal-la-beauterencontre-la-technologie\/#primaryimage"},"image":{"@id":"https:\/\/frhub.netgear.com\/fr\/hub\/business\/case-studies\/av-case-studies\/loreal-la-beauterencontre-la-technologie\/#primaryimage"},"thumbnailUrl":"https:\/\/frhub.netgear.com\/fr\/hub\/wp-content\/uploads\/2025\/05\/vignette-loreal.webp","datePublished":"2025-03-27T10:39:13+00:00","dateModified":"2025-10-03T11:24:51+00:00","description":"L'Or\u00e9al | La beaut\u00e9 rencontre la technologie","breadcrumb":{"@id":"https:\/\/frhub.netgear.com\/fr\/hub\/business\/case-studies\/av-case-studies\/loreal-la-beauterencontre-la-technologie\/#breadcrumb"},"inLanguage":"en-US","potentialAction":[{"@type":"ReadAction","target":["https:\/\/frhub.netgear.com\/fr\/hub\/business\/case-studies\/av-case-studies\/loreal-la-beauterencontre-la-technologie\/"]}]},{"@type":"ImageObject","inLanguage":"en-US","@id":"https:\/\/frhub.netgear.com\/fr\/hub\/business\/case-studies\/av-case-studies\/loreal-la-beauterencontre-la-technologie\/#primaryimage","url":"https:\/\/frhub.netgear.com\/fr\/hub\/wp-content\/uploads\/2025\/05\/vignette-loreal.webp","contentUrl":"https:\/\/frhub.netgear.com\/fr\/hub\/wp-content\/uploads\/2025\/05\/vignette-loreal.webp","width":383,"height":288},{"@type":"BreadcrumbList","@id":"https:\/\/frhub.netgear.com\/fr\/hub\/business\/case-studies\/av-case-studies\/loreal-la-beauterencontre-la-technologie\/#breadcrumb","itemListElement":[{"@type":"ListItem","position":1,"name":"Home","item":"https:\/\/frhub.netgear.com\/fr\/hub\/"},{"@type":"ListItem","position":2,"name":"Entreprises","item":"https:\/\/frhub.netgear.com\/fr\/hub\/business\/"},{"@type":"ListItem","position":3,"name":"All Case Studies &#8211; FR","item":"https:\/\/frhub.netgear.com\/fr\/hub\/business\/case-studies\/"},{"@type":"ListItem","position":4,"name":"Case Studies &#8211; AV &#8211; FR","item":"https:\/\/frhub.netgear.com\/fr\/hub\/business\/case-studies\/av-case-studies\/"},{"@type":"ListItem","position":5,"name":"L&#8217;Or\u00e9al | La beaut\u00e9 rencontre la technologie"}]},{"@type":"WebSite","@id":"https:\/\/frhub.netgear.com\/fr\/hub\/#website","url":"https:\/\/frhub.netgear.com\/fr\/hub\/","name":"NETGEAR Hub France","description":"Explorez les pages de notre blog et parcourez les articles pour en savoir plus sur les produits et la technologie NETGEAR.","publisher":{"@id":"https:\/\/frhub.netgear.com\/fr\/hub\/#organization"},"potentialAction":[{"@type":"SearchAction","target":{"@type":"EntryPoint","urlTemplate":"https:\/\/frhub.netgear.com\/fr\/hub\/?s={search_term_string}"},"query-input":{"@type":"PropertyValueSpecification","valueRequired":true,"valueName":"search_term_string"}}],"inLanguage":"en-US"},{"@type":"Organization","@id":"https:\/\/frhub.netgear.com\/fr\/hub\/#organization","name":"NETGEAR","url":"https:\/\/frhub.netgear.com\/fr\/hub\/","logo":{"@type":"ImageObject","inLanguage":"en-US","@id":"https:\/\/frhub.netgear.com\/fr\/hub\/#\/schema\/logo\/image\/","url":"https:\/\/www.netgear.com\/fr\/hub\/wp-content\/uploads\/2019\/07\/NETGEAR_logo.jpg","contentUrl":"https:\/\/www.netgear.com\/fr\/hub\/wp-content\/uploads\/2019\/07\/NETGEAR_logo.jpg","width":1500,"height":501,"caption":"NETGEAR"},"image":{"@id":"https:\/\/frhub.netgear.com\/fr\/hub\/#\/schema\/logo\/image\/"},"sameAs":["https:\/\/www.facebook.com\/NetgearAU\/","https:\/\/x.com\/NETGEAR","https:\/\/www.linkedin.com\/company\/netgear"]}]}},"_links":{"self":[{"href":"https:\/\/frhub.netgear.com\/fr\/hub\/wp-json\/wp\/v2\/pages\/10239","targetHints":{"allow":["GET"]}}],"collection":[{"href":"https:\/\/frhub.netgear.com\/fr\/hub\/wp-json\/wp\/v2\/pages"}],"about":[{"href":"https:\/\/frhub.netgear.com\/fr\/hub\/wp-json\/wp\/v2\/types\/page"}],"author":[{"embeddable":true,"href":"https:\/\/frhub.netgear.com\/fr\/hub\/wp-json\/wp\/v2\/users\/97"}],"replies":[{"embeddable":true,"href":"https:\/\/frhub.netgear.com\/fr\/hub\/wp-json\/wp\/v2\/comments?post=10239"}],"version-history":[{"count":9,"href":"https:\/\/frhub.netgear.com\/fr\/hub\/wp-json\/wp\/v2\/pages\/10239\/revisions"}],"predecessor-version":[{"id":11047,"href":"https:\/\/frhub.netgear.com\/fr\/hub\/wp-json\/wp\/v2\/pages\/10239\/revisions\/11047"}],"up":[{"embeddable":true,"href":"https:\/\/frhub.netgear.com\/fr\/hub\/wp-json\/wp\/v2\/pages\/10498"}],"wp:featuredmedia":[{"embeddable":true,"href":"https:\/\/frhub.netgear.com\/fr\/hub\/wp-json\/wp\/v2\/media\/10307"}],"wp:attachment":[{"href":"https:\/\/frhub.netgear.com\/fr\/hub\/wp-json\/wp\/v2\/media?parent=10239"}],"curies":[{"name":"wp","href":"https:\/\/api.w.org\/{rel}","templated":true}]}}