{"id":10033,"date":"2024-12-30T01:34:27","date_gmt":"2024-12-30T00:34:27","guid":{"rendered":"https:\/\/frhub.netgear.com\/fr\/hub\/?page_id=10033"},"modified":"2025-02-18T01:13:15","modified_gmt":"2025-02-18T00:13:15","slug":"wifi-mesh-ou-routeur","status":"publish","type":"page","link":"https:\/\/frhub.netgear.com\/fr\/hub\/network\/wifi-mesh-ou-routeur\/","title":{"rendered":"WiFi Mesh vs routeur : quelle est la meilleure solution pour votre domicile ?"},"content":{"rendered":"    <div class=\"table-of-content bg-gray\">\n        <p><strong>IN THIS ARTICLE<\/strong><\/p>\n        <ul>\n                        <li><a href=\"#topic1\">Qu\u2019est-ce que le WiFi Mesh et comment fonctionne-t-il ?<\/a><\/li>\n                        <li><a href=\"#topic2\">Les avantages du WiFi Mesh  pour les grandes maisons<\/a><\/li>\n                        <li><a href=\"#topic3\">Quand choisir un routeur traditionnel ?<\/a><\/li>\n                        <li><a href=\"#topic4\">WiFi Mesh  vs routeur : quelle solution est id\u00e9ale pour une maison fran\u00e7aise ?<\/a><\/li>\n                        <li><a href=\"#topic5\">Les meilleurs routeurs et syst\u00e8mes Mesh en France :<\/a><\/li>\n                        <li><a href=\"#topic6\">Couverture WiFi \u00e0 domicile dans des environnements difficiles<\/a><\/li>\n                        <li><a href=\"#topic7\">Check list pour choisir le meilleur syst\u00e8me WiFi pour votre domicile<\/a><\/li>\n                        <li><a href=\"#topic8\">Pourquoi choisir NETGEAR ?<\/a><\/li>\n                    <\/ul>\n    <\/div>\n        <div id=\"topic1\" class=\"skip-item\">\n                        <h2>Qu\u2019est-ce que le WiFi Mesh et comment fonctionne-t-il ?<\/h2>\n                <p>Les syst\u00e8mes de routeurs WiFi Mesh ont gagn\u00e9 en popularit\u00e9 au cours de la derni\u00e8re d\u00e9cennie. Ces syst\u00e8mes comprennent un point d\u2019acc\u00e8s principal (routeur) et un ou plusieurs satellites WiFi. Contrairement aux amplificateurs WiFi, les syst\u00e8mes Mesh garantissent des vitesses constantes et fiables sur l\u2019ensemble du r\u00e9seau, quelle que soit la distance par rapport au routeur principal. Cela signifie que vous pouvez profiter d\u2019une latence ultra-faible et d\u2019un acc\u00e8s internet fluide dans toute la maison, m\u00eame dans les zones auparavant sans couverture WiFi. Que vous soyez en train de regarder un streaming dans le salon, de travailler dans un bureau \u00e0 domicile, ou de passer du temps \u00e0 l\u2019ext\u00e9rieur, un syst\u00e8me Mesh vous garantit une connexion optimale.<\/p>\n    <\/div>\n        <div id=\"topic2\" class=\"skip-item\">\n                        <h2>Les avantages du WiFi Mesh  pour les grandes maisons<\/h2>\n                <p>Les syst\u00e8mes Mesh WiFi utilisent un seul SSID (nom de r\u00e9seau unique) et sont con\u00e7us pour \u00e9liminer les zones mortes en assurant un d\u00e9bit WiFi fort et une liaison entre le routeur et les satellites. Les satellites peuvent \u00eatre plac\u00e9s strat\u00e9giquement pour contourner les murs \u00e9pais et autres obstacles. Les appareils se connectent automatiquement au satellite avec le signal le plus puissant, vous permettant de vous d\u00e9placer dans votre maison avec des ordinateurs portables, iPads, smartphones et autres appareils sans perdre la connexion internet. Un syst\u00e8me Mesh WiFi peut \u00eatre adapt\u00e9 \u00e0 la taille et \u00e0 la disposition de votre maison. Le WiFi Mesh est consid\u00e9r\u00e9 comme la solution WiFi la plus \u00e9volu\u00e9e et la plus performante pour les foyers en France.<\/p>\n    <\/div>\n        <div id=\"topic3\" class=\"skip-item\">\n                        <h2>Quand choisir un routeur traditionnel ?<\/h2>\n                <p>Les routeurs traditionnels offrent une puissance de signal WiFi fiable dans une port\u00e9e limit\u00e9e, ce qui les rend adapt\u00e9s aux petites maisons et aux appartements. De nombreux routeurs WiFi sont int\u00e9gr\u00e9s dans un modem\/routeur fourni par le fournisseur d\u2019acc\u00e8s internet (FAI). De nombreux utilisateurs choisissent d\u2019am\u00e9liorer leur WiFi en rempla\u00e7ant l\u2019appareil de leur FAI par un routeur <a href=\"https:\/\/frhub.netgear.com\/fr\/hub\/technology\/wifi7-disponibilite-france\/\">WiFi 7<\/a> ind\u00e9pendant. Le signal d\u2019un routeur autonome diminue avec la distance et peut \u00eatre perturb\u00e9 par la disposition de votre maison. Cela entra\u00eene souvent des zones mortes o\u00f9 le signal WiFi est faible ou inexistant. Bien que les routeurs traditionnels des FAI fonctionnent bien pour les petites maisons avec peu d\u2019appareils connect\u00e9s, ils pr\u00e9sentent certaines limitations.<\/p>\n    <\/div>\n        <div id=\"topic4\" class=\"skip-item\">\n                        <h2>WiFi Mesh  vs routeur : quelle solution est id\u00e9ale pour une maison fran\u00e7aise ?<\/h2>\n                <p><img loading=\"lazy\" decoding=\"async\" class=\" wp-image-8704 aligncenter\" src=\"https:\/\/frhub.netgear.com\/fr\/hub\/wp-content\/uploads\/2023\/07\/BenefitsWiFi-1-Desktop1_tcm148-135440-300x128.png\" alt=\"WIFI DESKTOP\" width=\"511\" height=\"218\" srcset=\"https:\/\/frhub.netgear.com\/fr\/hub\/wp-content\/uploads\/2023\/07\/BenefitsWiFi-1-Desktop1_tcm148-135440-300x128.png 300w, https:\/\/frhub.netgear.com\/fr\/hub\/wp-content\/uploads\/2023\/07\/BenefitsWiFi-1-Desktop1_tcm148-135440.png 736w\" sizes=\"auto, (max-width: 511px) 100vw, 511px\" \/><\/p>\n<p>Il est utile de comparer le WiFi Mesh aux routeurs traditionnels. Si vous vivez dans un espace restreint ou avez uniquement besoin du WiFi dans une zone sp\u00e9cifique de votre domicile, votre routeur actuel peut suffire \u00e0 couvrir vos besoins en WiFi. Cependant, si vous habitez dans une grande maison, un routeur traditionnel pourrait avoir du mal \u00e0 fournir une couverture WiFi ad\u00e9quate. Si votre maison ou votre propri\u00e9t\u00e9 fait plus de 300 m\u00b2 ou si vous \u00eates dans un environnement difficile pour le WiFi, envisagez un syst\u00e8me <a href=\"https:\/\/frhub.netgear.com\/fr\/hub\/technology\/what-is-mesh-wifi\/\">Mesh WiFi<\/a> pour toute la maison afin de pouvoir vous d\u00e9placer librement dans votre propri\u00e9t\u00e9 et vous connecter \u00e0 internet sans latence ni interruptions. M\u00eame les maisons de plus petite taille peuvent tirer profit des syst\u00e8mes de r\u00e9seau Mesh , qui offrent un signal fiable et de haute qualit\u00e9.<\/p>\n<div class=\"explore-btn-area\"><a class=\"explore-btn\" href=\"https:\/\/www.netgear.com\/fr\/home\/discover\/mesh-wifi\/\">DECOUVRIR LE WIFI MESH<\/a><\/div>\n    <\/div>\n        <div id=\"topic5\" class=\"skip-item\">\n                        <h2>Les meilleurs routeurs et syst\u00e8mes Mesh en France :<\/h2>\n                <p><span style=\"font-weight: 400\">Routeur WiFi NETGEAR Nighthawk RS700S \u2013 19 Gbit\/s et jusqu\u2019\u00e0 300 m\u00b2 de couverture. Le Nighthawk RS700S tri-bande est consid\u00e9r\u00e9 par beaucoup comme le meilleur routeur WiFi pour les gamers et les amateurs de streaming. Ce routeur WiFi 7 \u00ab traditionnel \u00bb offre des vitesses jusqu\u2019\u00e0 2,4 fois plus rapides que celles des routeurs WiFi 6 comparables. Il est \u00e9quip\u00e9 d\u2019un port internet de 10 Gbit, d\u2019un port LAN de 10 Gbit et de quatre ports LAN de 1 Gbit pour des connexions filaires ultra-rapides.<\/span><\/p>\n<div class=\"explore-btn-area\"><a class=\"explore-btn\" href=\"https:\/\/www.netgear.com\/fr\/home\/wifi\/routers\/rs700s\/\">DECOUVRIR LE ROUTEUR RS700S<\/a><\/div>\n<p>&nbsp;<\/p>\n<p><span style=\"font-weight: 400\">Syst\u00e8me <\/span><span style=\"font-weight: 400\">Mesh <\/span><span style=\"font-weight: 400\">WiFi Orbi 970 WiFi 7 pour toute la maison \u2013 27 Gbit\/s et jusqu\u2019\u00e0 930 m\u00b2 de couverture pour un pack de 3, extensible pour une couverture encore plus large avec des satellites Orbi suppl\u00e9mentaires. L\u2019Orbi 970 est l\u2019un des meilleurs produits de r\u00e9seau <\/span><span style=\"font-weight: 400\">Mesh <\/span><span style=\"font-weight: 400\">WiFi au monde pour les grandes maisons. Ce syst\u00e8me WiFi ultra-moderne offre une couverture r\u00e9seau WiFi \u00e0 360\u00b0 avec antennes satellites pour jusqu\u2019\u00e0 200 appareils connect\u00e9s en simultan\u00e9. Le routeur <\/span><span style=\"font-weight: 400\">Mesh <\/span><span style=\"font-weight: 400\">\u00a0principal comprend un port internet de 10 Gbit, un port Ethernet de 10 Gbit, et quatre ports Ethernet de 2,5 Gbit. Chaque satellite Orbi 970 dispose d\u2019un port Ethernet de 10 Gbit et de deux ports Ethernet de 2,5 Gbit pour une backhaul d\u00e9di\u00e9e am\u00e9lior\u00e9e entre le routeur et les satellites.<\/span><\/p>\n<div class=\"explore-btn-area\"><a class=\"explore-btn\" href=\"https:\/\/www.netgear.com\/fr\/home\/wifi\/mesh\/rbe973sb\/\">DECOUVRIR ORBI MESH SERIE 970<\/a><\/div>\n    <\/div>\n        <div id=\"topic6\" class=\"skip-item\">\n                        <h2>Couverture WiFi \u00e0 domicile dans des environnements difficiles<\/h2>\n                <p><span style=\"font-weight: 400\">Certaines zones de votre maison peuvent poser des d\u00e9fis importants pour maintenir une connexion WiFi forte. Les zones et obstacles qui impactent les performances WiFi comprennent :<\/span><\/p>\n<ul>\n<li><span style=\"font-weight: 400\"><strong>Garages et ateliers<\/strong> :<\/span><span style=\"font-weight: 400\"> Les portes coupe-feu en m\u00e9tal, les grandes portes de garage en aluminium et les outils lourds peuvent r\u00e9fl\u00e9chir et affaiblir les signaux WiFi.<\/span><\/li>\n<li><span style=\"font-weight: 400\"><strong>Emplacement du point de connexion FAI<\/strong> :<\/span><span style=\"font-weight: 400\"> Les modems ou routeurs enferm\u00e9s ou plac\u00e9s dans un coin de la maison peuvent compromettre les performances WiFi. Id\u00e9alement, le routeur devrait \u00eatre dans un endroit ouvert et central.<\/span><\/li>\n<li><span style=\"font-weight: 400\"><strong>Sous-sols, greniers et salles de bains<\/strong> :<\/span><span style=\"font-weight: 400\"> Les signaux des routeurs sans fil peinent \u00e0 traverser plusieurs plafonds, murs et mat\u00e9riaux comme le carrelage et les baignoires.<\/span><\/li>\n<li><span style=\"font-weight: 400\"><strong>Espaces ext\u00e9rieurs et unit\u00e9s s\u00e9par\u00e9es<\/strong> :<\/span><span style=\"font-weight: 400\"> La couverture est difficile dans les zones \u00e9loign\u00e9es \u00e0 l&#8217;extr\u00e9mit\u00e9 du signal WiFi. Un routeur autonome peut \u00e9mettre un signal faible ou inexistant dans la cour, le garage ou une d\u00e9pendance attenante.<\/span><\/li>\n<li><span style=\"font-weight: 400\"><strong>Maisons grandes et fortement construites<\/strong> :<\/span><span style=\"font-weight: 400\"> Un seul routeur aura du mal \u00e0 fournir un WiFi puissant dans une maison au plan \u00e9tendu. Les obstructions denses comme les murs en brique et en b\u00e9ton freinent consid\u00e9rablement les signaux WiFi.<\/span><\/li>\n<\/ul>\n<p><span style=\"font-weight: 400\">Un syst\u00e8me <\/span><span style=\"font-weight: 400\">Mesh <\/span><span style=\"font-weight: 400\">WiFi peut surmonter ces d\u00e9fis en offrant une couverture WiFi fluide et fiable pour les grandes maisons, avec des vitesses internet multi-gigabit dans toute votre propri\u00e9t\u00e9.<\/span><\/p>\n    <\/div>\n        <div id=\"topic7\" class=\"skip-item\">\n                        <h2>Check list pour choisir le meilleur syst\u00e8me WiFi pour votre domicile<\/h2>\n                <p><img loading=\"lazy\" decoding=\"async\" class=\" wp-image-9818 aligncenter\" src=\"https:\/\/frhub.netgear.com\/fr\/hub\/wp-content\/uploads\/2024\/11\/gettyimages-1022891462-612x612-1-300x200.jpg\" alt=\"DOGS AND KIDS\" width=\"476\" height=\"317\" srcset=\"https:\/\/frhub.netgear.com\/fr\/hub\/wp-content\/uploads\/2024\/11\/gettyimages-1022891462-612x612-1-300x200.jpg 300w, https:\/\/frhub.netgear.com\/fr\/hub\/wp-content\/uploads\/2024\/11\/gettyimages-1022891462-612x612-1.jpg 612w\" sizes=\"auto, (max-width: 476px) 100vw, 476px\" \/><\/p>\n<p><span style=\"font-weight: 400\">Savoir choisir entre un routeur et un syst\u00e8me <\/span><span style=\"font-weight: 400\">Mesh <\/span><span style=\"font-weight: 400\">\u00a0est essentiel. Voici quelques questions \u00e0 se poser avant de prendre une d\u00e9cision :<\/span><\/p>\n<ul>\n<li style=\"font-weight: 400\"><span style=\"font-weight: 400\">Combien de personnes vivent dans votre maison ?<\/span><\/li>\n<li style=\"font-weight: 400\"><span style=\"font-weight: 400\">Est-ce que tout le monde et tous les appareils se connectent \u00e0 internet en m\u00eame temps ?<\/span><\/li>\n<li style=\"font-weight: 400\"><span style=\"font-weight: 400\">Appr\u00e9ciez-vous les jeux en haute d\u00e9finition et le streaming vid\u00e9o 4K\/8K n\u00e9cessitant beaucoup de donn\u00e9es ?<\/span><\/li>\n<li style=\"font-weight: 400\"><span style=\"font-weight: 400\">Avez-vous de nombreux appareils IoT (appareils connect\u00e9s), comme Amazon Alexa, des t\u00e9l\u00e9viseurs intelligents et des cam\u00e9ras de s\u00e9curit\u00e9 ?<\/span><\/li>\n<li style=\"font-weight: 400\"><span style=\"font-weight: 400\">La disposition ou les mat\u00e9riaux de construction de votre maison g\u00eanent-ils vos connexions sans fil ?<\/span><\/li>\n<li style=\"font-weight: 400\"><span style=\"font-weight: 400\">Avez-vous un abonnement internet rapide chez votre FAI, mais sans obtenir les performances attendues ?<\/span><\/li>\n<\/ul>\n<p><span style=\"font-weight: 400\">Bien qu\u2019un routeur traditionnel puisse offrir des performances solides et stables, surtout si vous vivez seul, les risques de latence augmentent lorsque de nombreux appareils sont connect\u00e9s simultan\u00e9ment ou si vous \u00eates trop \u00e9loign\u00e9 du routeur. Les routeurs WiFi 5 et WiFi 6 plus anciens ne sont pas toujours con\u00e7us pour g\u00e9rer la vitesse \u00e9lev\u00e9e et la bande passante requises dans les maisons intelligentes d\u2019aujourd\u2019hui. Les syst\u00e8mes <\/span><span style=\"font-weight: 400\">Mesh<\/span><span style=\"font-weight: 400\"> sont la solution WiFi id\u00e9ale pour les grandes maisons \u00e0 plusieurs \u00e9tages.<\/span><\/p>\n    <\/div>\n        <div id=\"topic8\" class=\"skip-item\">\n                        <h2>Pourquoi choisir NETGEAR ?<\/h2>\n                <p>Les foyers fran\u00e7ais d\u2019aujourd\u2019hui peuvent comprendre des dizaines d\u2019appareils WiFi, tous en qu\u00eate d\u2019une connexion internet puissante. NETGEAR est un leader en technologie WiFi depuis les ann\u00e9es 1990, lorsque le WiFi a \u00e9t\u00e9 introduit \u00e0 l\u2019\u00e9chelle commerciale. NETGEAR continue de montrer la voie avec les derniers routeurs et syst\u00e8mes Mesh WiFi 7, con\u00e7us pour tous types de r\u00e9seaux domestiques, utilisateurs internet, et budgets. Les syst\u00e8mes WiFi 7 de NETGEAR sont con\u00e7us pour \u00e9voluer avec les applications WiFi \u00e9mergentes d\u2019aujourd\u2019hui et de demain. Avec NETGEAR, faites un bond quantique vers l\u2019avenir du r\u00e9seau.<\/p>\n    <\/div>\n    \n","protected":false},"excerpt":{"rendered":"","protected":false},"author":68,"featured_media":9817,"parent":6081,"menu_order":4,"comment_status":"closed","ping_status":"closed","template":"templates\/mesh-vs-wifi.php","meta":{"_acf_changed":false,"content-type":"","footnotes":""},"class_list":["post-10033","page","type-page","status-publish","has-post-thumbnail","hentry"],"acf":[],"yoast_head":"<!-- This site is optimized with the Yoast SEO plugin v27.4 - https:\/\/yoast.com\/product\/yoast-seo-wordpress\/ -->\n<title>WiFi Mesh vs Routeur : Quelle Solution pour Votre Maison ?<\/title>\n<meta name=\"description\" content=\"D\u00e9couvrez les diff\u00e9rences entre WiFi Mesh et routeurs traditionnels. Trouvez la meilleure solution pour une couverture et des performances optimales chez vous.\" \/>\n<meta name=\"robots\" content=\"index, follow, max-snippet:-1, max-image-preview:large, max-video-preview:-1\" \/>\n<link rel=\"canonical\" href=\"https:\/\/frhub.netgear.com\/fr\/hub\/network\/wifi-mesh-ou-routeur\/\" \/>\n<meta property=\"og:locale\" content=\"en_US\" \/>\n<meta property=\"og:type\" content=\"article\" \/>\n<meta property=\"og:title\" content=\"WiFi Mesh vs Routeur : Quelle Solution pour Votre Maison ?\" \/>\n<meta property=\"og:description\" content=\"D\u00e9couvrez les diff\u00e9rences entre WiFi Mesh et routeurs traditionnels. Trouvez la meilleure solution pour une couverture et des performances optimales chez vous.\" \/>\n<meta property=\"og:url\" content=\"https:\/\/frhub.netgear.com\/fr\/hub\/network\/wifi-mesh-ou-routeur\/\" \/>\n<meta property=\"og:site_name\" content=\"NETGEAR Blog\" \/>\n<meta property=\"article:publisher\" content=\"https:\/\/www.facebook.com\/NetgearAU\/\" \/>\n<meta property=\"article:modified_time\" content=\"2025-02-18T00:13:15+00:00\" \/>\n<meta property=\"og:image\" content=\"https:\/\/frhub.netgear.com\/fr\/hub\/wp-content\/uploads\/2024\/11\/gettyimages-687690089-612x612-1.jpg\" \/>\n\t<meta property=\"og:image:width\" content=\"612\" \/>\n\t<meta property=\"og:image:height\" content=\"408\" \/>\n\t<meta property=\"og:image:type\" content=\"image\/jpeg\" \/>\n<meta name=\"twitter:card\" content=\"summary_large_image\" \/>\n<meta name=\"twitter:site\" content=\"@NETGEAR\" \/>\n<script type=\"application\/ld+json\" class=\"yoast-schema-graph\">{\"@context\":\"https:\\\/\\\/schema.org\",\"@graph\":[{\"@type\":\"WebPage\",\"@id\":\"https:\\\/\\\/frhub.netgear.com\\\/fr\\\/hub\\\/network\\\/wifi-mesh-ou-routeur\\\/\",\"url\":\"https:\\\/\\\/frhub.netgear.com\\\/fr\\\/hub\\\/network\\\/wifi-mesh-ou-routeur\\\/\",\"name\":\"WiFi Mesh vs Routeur : Quelle Solution pour Votre Maison ?\",\"isPartOf\":{\"@id\":\"https:\\\/\\\/frhub.netgear.com\\\/fr\\\/hub\\\/#website\"},\"primaryImageOfPage\":{\"@id\":\"https:\\\/\\\/frhub.netgear.com\\\/fr\\\/hub\\\/network\\\/wifi-mesh-ou-routeur\\\/#primaryimage\"},\"image\":{\"@id\":\"https:\\\/\\\/frhub.netgear.com\\\/fr\\\/hub\\\/network\\\/wifi-mesh-ou-routeur\\\/#primaryimage\"},\"thumbnailUrl\":\"https:\\\/\\\/frhub.netgear.com\\\/fr\\\/hub\\\/wp-content\\\/uploads\\\/2024\\\/11\\\/gettyimages-687690089-612x612-1.jpg\",\"datePublished\":\"2024-12-30T00:34:27+00:00\",\"dateModified\":\"2025-02-18T00:13:15+00:00\",\"description\":\"D\u00e9couvrez les diff\u00e9rences entre WiFi Mesh et routeurs traditionnels. Trouvez la meilleure solution pour une couverture et des performances optimales chez vous.\",\"breadcrumb\":{\"@id\":\"https:\\\/\\\/frhub.netgear.com\\\/fr\\\/hub\\\/network\\\/wifi-mesh-ou-routeur\\\/#breadcrumb\"},\"inLanguage\":\"en-US\",\"potentialAction\":[{\"@type\":\"ReadAction\",\"target\":[\"https:\\\/\\\/frhub.netgear.com\\\/fr\\\/hub\\\/network\\\/wifi-mesh-ou-routeur\\\/\"]}]},{\"@type\":\"ImageObject\",\"inLanguage\":\"en-US\",\"@id\":\"https:\\\/\\\/frhub.netgear.com\\\/fr\\\/hub\\\/network\\\/wifi-mesh-ou-routeur\\\/#primaryimage\",\"url\":\"https:\\\/\\\/frhub.netgear.com\\\/fr\\\/hub\\\/wp-content\\\/uploads\\\/2024\\\/11\\\/gettyimages-687690089-612x612-1.jpg\",\"contentUrl\":\"https:\\\/\\\/frhub.netgear.com\\\/fr\\\/hub\\\/wp-content\\\/uploads\\\/2024\\\/11\\\/gettyimages-687690089-612x612-1.jpg\",\"width\":612,\"height\":408,\"caption\":\"Happy couple video chatting on digital tablet. Mid adult man and woman are sitting on sofa. They are resting at home.\"},{\"@type\":\"BreadcrumbList\",\"@id\":\"https:\\\/\\\/frhub.netgear.com\\\/fr\\\/hub\\\/network\\\/wifi-mesh-ou-routeur\\\/#breadcrumb\",\"itemListElement\":[{\"@type\":\"ListItem\",\"position\":1,\"name\":\"Home\",\"item\":\"https:\\\/\\\/frhub.netgear.com\\\/fr\\\/hub\\\/\"},{\"@type\":\"ListItem\",\"position\":2,\"name\":\"Maison connect\u00e9e\",\"item\":\"https:\\\/\\\/frhub.netgear.com\\\/fr\\\/hub\\\/network\\\/\"},{\"@type\":\"ListItem\",\"position\":3,\"name\":\"WiFi Mesh vs routeur : quelle est la meilleure solution pour votre domicile ?\"}]},{\"@type\":\"WebSite\",\"@id\":\"https:\\\/\\\/frhub.netgear.com\\\/fr\\\/hub\\\/#website\",\"url\":\"https:\\\/\\\/frhub.netgear.com\\\/fr\\\/hub\\\/\",\"name\":\"NETGEAR Hub France\",\"description\":\"Explorez les pages de notre blog et parcourez les articles pour en savoir plus sur les produits et la technologie NETGEAR.\",\"publisher\":{\"@id\":\"https:\\\/\\\/frhub.netgear.com\\\/fr\\\/hub\\\/#organization\"},\"potentialAction\":[{\"@type\":\"SearchAction\",\"target\":{\"@type\":\"EntryPoint\",\"urlTemplate\":\"https:\\\/\\\/frhub.netgear.com\\\/fr\\\/hub\\\/?s={search_term_string}\"},\"query-input\":{\"@type\":\"PropertyValueSpecification\",\"valueRequired\":true,\"valueName\":\"search_term_string\"}}],\"inLanguage\":\"en-US\"},{\"@type\":\"Organization\",\"@id\":\"https:\\\/\\\/frhub.netgear.com\\\/fr\\\/hub\\\/#organization\",\"name\":\"NETGEAR\",\"url\":\"https:\\\/\\\/frhub.netgear.com\\\/fr\\\/hub\\\/\",\"logo\":{\"@type\":\"ImageObject\",\"inLanguage\":\"en-US\",\"@id\":\"https:\\\/\\\/frhub.netgear.com\\\/fr\\\/hub\\\/#\\\/schema\\\/logo\\\/image\\\/\",\"url\":\"https:\\\/\\\/www.netgear.com\\\/fr\\\/hub\\\/wp-content\\\/uploads\\\/2019\\\/07\\\/NETGEAR_logo.jpg\",\"contentUrl\":\"https:\\\/\\\/www.netgear.com\\\/fr\\\/hub\\\/wp-content\\\/uploads\\\/2019\\\/07\\\/NETGEAR_logo.jpg\",\"width\":1500,\"height\":501,\"caption\":\"NETGEAR\"},\"image\":{\"@id\":\"https:\\\/\\\/frhub.netgear.com\\\/fr\\\/hub\\\/#\\\/schema\\\/logo\\\/image\\\/\"},\"sameAs\":[\"https:\\\/\\\/www.facebook.com\\\/NetgearAU\\\/\",\"https:\\\/\\\/x.com\\\/NETGEAR\",\"https:\\\/\\\/www.linkedin.com\\\/company\\\/netgear\"]}]}<\/script>\n<!-- \/ Yoast SEO plugin. -->","yoast_head_json":{"title":"WiFi Mesh vs Routeur : Quelle Solution pour Votre Maison ?","description":"D\u00e9couvrez les diff\u00e9rences entre WiFi Mesh et routeurs traditionnels. Trouvez la meilleure solution pour une couverture et des performances optimales chez vous.","robots":{"index":"index","follow":"follow","max-snippet":"max-snippet:-1","max-image-preview":"max-image-preview:large","max-video-preview":"max-video-preview:-1"},"canonical":"https:\/\/frhub.netgear.com\/fr\/hub\/network\/wifi-mesh-ou-routeur\/","og_locale":"en_US","og_type":"article","og_title":"WiFi Mesh vs Routeur : Quelle Solution pour Votre Maison ?","og_description":"D\u00e9couvrez les diff\u00e9rences entre WiFi Mesh et routeurs traditionnels. Trouvez la meilleure solution pour une couverture et des performances optimales chez vous.","og_url":"https:\/\/frhub.netgear.com\/fr\/hub\/network\/wifi-mesh-ou-routeur\/","og_site_name":"NETGEAR Blog","article_publisher":"https:\/\/www.facebook.com\/NetgearAU\/","article_modified_time":"2025-02-18T00:13:15+00:00","og_image":[{"width":612,"height":408,"url":"https:\/\/frhub.netgear.com\/fr\/hub\/wp-content\/uploads\/2024\/11\/gettyimages-687690089-612x612-1.jpg","type":"image\/jpeg"}],"twitter_card":"summary_large_image","twitter_site":"@NETGEAR","schema":{"@context":"https:\/\/schema.org","@graph":[{"@type":"WebPage","@id":"https:\/\/frhub.netgear.com\/fr\/hub\/network\/wifi-mesh-ou-routeur\/","url":"https:\/\/frhub.netgear.com\/fr\/hub\/network\/wifi-mesh-ou-routeur\/","name":"WiFi Mesh vs Routeur : Quelle Solution pour Votre Maison ?","isPartOf":{"@id":"https:\/\/frhub.netgear.com\/fr\/hub\/#website"},"primaryImageOfPage":{"@id":"https:\/\/frhub.netgear.com\/fr\/hub\/network\/wifi-mesh-ou-routeur\/#primaryimage"},"image":{"@id":"https:\/\/frhub.netgear.com\/fr\/hub\/network\/wifi-mesh-ou-routeur\/#primaryimage"},"thumbnailUrl":"https:\/\/frhub.netgear.com\/fr\/hub\/wp-content\/uploads\/2024\/11\/gettyimages-687690089-612x612-1.jpg","datePublished":"2024-12-30T00:34:27+00:00","dateModified":"2025-02-18T00:13:15+00:00","description":"D\u00e9couvrez les diff\u00e9rences entre WiFi Mesh et routeurs traditionnels. Trouvez la meilleure solution pour une couverture et des performances optimales chez vous.","breadcrumb":{"@id":"https:\/\/frhub.netgear.com\/fr\/hub\/network\/wifi-mesh-ou-routeur\/#breadcrumb"},"inLanguage":"en-US","potentialAction":[{"@type":"ReadAction","target":["https:\/\/frhub.netgear.com\/fr\/hub\/network\/wifi-mesh-ou-routeur\/"]}]},{"@type":"ImageObject","inLanguage":"en-US","@id":"https:\/\/frhub.netgear.com\/fr\/hub\/network\/wifi-mesh-ou-routeur\/#primaryimage","url":"https:\/\/frhub.netgear.com\/fr\/hub\/wp-content\/uploads\/2024\/11\/gettyimages-687690089-612x612-1.jpg","contentUrl":"https:\/\/frhub.netgear.com\/fr\/hub\/wp-content\/uploads\/2024\/11\/gettyimages-687690089-612x612-1.jpg","width":612,"height":408,"caption":"Happy couple video chatting on digital tablet. Mid adult man and woman are sitting on sofa. They are resting at home."},{"@type":"BreadcrumbList","@id":"https:\/\/frhub.netgear.com\/fr\/hub\/network\/wifi-mesh-ou-routeur\/#breadcrumb","itemListElement":[{"@type":"ListItem","position":1,"name":"Home","item":"https:\/\/frhub.netgear.com\/fr\/hub\/"},{"@type":"ListItem","position":2,"name":"Maison connect\u00e9e","item":"https:\/\/frhub.netgear.com\/fr\/hub\/network\/"},{"@type":"ListItem","position":3,"name":"WiFi Mesh vs routeur : quelle est la meilleure solution pour votre domicile ?"}]},{"@type":"WebSite","@id":"https:\/\/frhub.netgear.com\/fr\/hub\/#website","url":"https:\/\/frhub.netgear.com\/fr\/hub\/","name":"NETGEAR Hub France","description":"Explorez les pages de notre blog et parcourez les articles pour en savoir plus sur les produits et la technologie NETGEAR.","publisher":{"@id":"https:\/\/frhub.netgear.com\/fr\/hub\/#organization"},"potentialAction":[{"@type":"SearchAction","target":{"@type":"EntryPoint","urlTemplate":"https:\/\/frhub.netgear.com\/fr\/hub\/?s={search_term_string}"},"query-input":{"@type":"PropertyValueSpecification","valueRequired":true,"valueName":"search_term_string"}}],"inLanguage":"en-US"},{"@type":"Organization","@id":"https:\/\/frhub.netgear.com\/fr\/hub\/#organization","name":"NETGEAR","url":"https:\/\/frhub.netgear.com\/fr\/hub\/","logo":{"@type":"ImageObject","inLanguage":"en-US","@id":"https:\/\/frhub.netgear.com\/fr\/hub\/#\/schema\/logo\/image\/","url":"https:\/\/www.netgear.com\/fr\/hub\/wp-content\/uploads\/2019\/07\/NETGEAR_logo.jpg","contentUrl":"https:\/\/www.netgear.com\/fr\/hub\/wp-content\/uploads\/2019\/07\/NETGEAR_logo.jpg","width":1500,"height":501,"caption":"NETGEAR"},"image":{"@id":"https:\/\/frhub.netgear.com\/fr\/hub\/#\/schema\/logo\/image\/"},"sameAs":["https:\/\/www.facebook.com\/NetgearAU\/","https:\/\/x.com\/NETGEAR","https:\/\/www.linkedin.com\/company\/netgear"]}]}},"_links":{"self":[{"href":"https:\/\/frhub.netgear.com\/fr\/hub\/wp-json\/wp\/v2\/pages\/10033","targetHints":{"allow":["GET"]}}],"collection":[{"href":"https:\/\/frhub.netgear.com\/fr\/hub\/wp-json\/wp\/v2\/pages"}],"about":[{"href":"https:\/\/frhub.netgear.com\/fr\/hub\/wp-json\/wp\/v2\/types\/page"}],"author":[{"embeddable":true,"href":"https:\/\/frhub.netgear.com\/fr\/hub\/wp-json\/wp\/v2\/users\/68"}],"replies":[{"embeddable":true,"href":"https:\/\/frhub.netgear.com\/fr\/hub\/wp-json\/wp\/v2\/comments?post=10033"}],"version-history":[{"count":7,"href":"https:\/\/frhub.netgear.com\/fr\/hub\/wp-json\/wp\/v2\/pages\/10033\/revisions"}],"predecessor-version":[{"id":10071,"href":"https:\/\/frhub.netgear.com\/fr\/hub\/wp-json\/wp\/v2\/pages\/10033\/revisions\/10071"}],"up":[{"embeddable":true,"href":"https:\/\/frhub.netgear.com\/fr\/hub\/wp-json\/wp\/v2\/pages\/6081"}],"wp:featuredmedia":[{"embeddable":true,"href":"https:\/\/frhub.netgear.com\/fr\/hub\/wp-json\/wp\/v2\/media\/9817"}],"wp:attachment":[{"href":"https:\/\/frhub.netgear.com\/fr\/hub\/wp-json\/wp\/v2\/media?parent=10033"}],"curies":[{"name":"wp","href":"https:\/\/api.w.org\/{rel}","templated":true}]}}