{"id":9959,"date":"2024-12-10T07:56:44","date_gmt":"2024-12-10T06:56:44","guid":{"rendered":"https:\/\/dehub.netgear.com\/de\/hub\/?page_id=9959"},"modified":"2024-12-28T06:44:48","modified_gmt":"2024-12-28T05:44:48","slug":"technik-upgrades-wifi7-geschenke","status":"publish","type":"page","link":"https:\/\/dehub.netgear.com\/de\/hub\/network\/technik-upgrades-wifi7-geschenke\/","title":{"rendered":"Ist Ihr WLAN bereit f\u00fcr die Top-Technik-Geschenke?"},"content":{"rendered":"    <div class=\"table-of-content bg-gray\">\n        <p><strong>IN THIS ARTICLE<\/strong><\/p>\n        <ul>\n                        <li><a href=\"#topic1\">Technik f\u00fcr die Feiertagssaison in deutschen Smart Homes<\/a><\/li>\n                        <li><a href=\"#topic2\">Die hei\u00dfesten WLAN-f\u00e4higen Technik-Geschenke der Saison<\/a><\/li>\n                        <li><a href=\"#topic3\">Die WLAN-Herausforderung: Ist Ihr Netzwerk bereit daf\u00fcr?<\/a><\/li>\n                        <li><a href=\"#topic4\">Warum ein WLAN-Upgrade unverzichtbar ist<\/a><\/li>\n                        <li><a href=\"#topic5\">Lassen Sie sich nicht von veraltetem WLAN ausbremsen<\/a><\/li>\n                    <\/ul>\n    <\/div>\n        <div id=\"topic1\" class=\"skip-item\">\n                        <h2>Technik f\u00fcr die Feiertagssaison in deutschen Smart Homes<\/h2>\n                <p>Die Feiertage stehen vor der T\u00fcr, und WLAN-Technikgeschenke stehen bei Menschen aller Altersgruppen ganz oben auf der Wunschliste. Kabellose Technologie ist in diesem Jahr der gro\u00dfe Renner, insbesondere Ger\u00e4te mit WiFi 7 und Smart-Home-Gadgets, die das Schenken auf ein neues Level heben. Im Durchschnitt gibt es heute in einem deutschen Haushalt mehr als 20 verbundene Ger\u00e4te \u2013 daher ist der erste Schritt beim Verschenken von Technik ein robustes WLAN-System. Ist Ihr aktuelles WLAN-Netzwerk bereit, die besten neuen Technikger\u00e4te des Jahres 2024 zu unterst\u00fctzen? Wenn ja, dann k\u00f6nnen Sie sich auf tolle Geschenke freuen. Wenn nicht, dann wird es Zeit, aufzur\u00fcsten.<\/p>\n    <\/div>\n        <div id=\"topic2\" class=\"skip-item\">\n                        <h2>Die hei\u00dfesten WLAN-f\u00e4higen Technik-Geschenke der Saison<\/h2>\n                <h3>Neueste Smartphones<\/h3>\n<ul>\n<li><strong>iPhone 16 Serie<\/strong> \u2013 Das immer beliebte iPhone wird 2025 noch besser. Das iPhone 16 verbessert die \u00dcbertragungsgeschwindigkeiten f\u00fcr nahtlose Bearbeitung von 48-MP-Fotos, ultraschnelle 4K-Video-Uploads, Cloud-Gaming und Echtzeit-Streaming von HD-Inhalten \u2013 alles mit WiFi 7-F\u00e4higkeit.<\/li>\n<li><strong>Android-Smartphones<\/strong> \u2013 Die Auswahl an Android-Smartphones ist riesig, und die Samsung Galaxy S24-Serie setzt Ma\u00dfst\u00e4be. Dieses f\u00fchrende Smartphone ist WiFi 7-f\u00e4hig und bietet fortschrittliche Konnektivit\u00e4t f\u00fcr flexible hochaufl\u00f6sende Kameras, Galaxy-KI-Funktionen und kraftvolle Lautsprecher, gesch\u00fctzt durch eine Titanh\u00fclle und Gorilla Armor f\u00fcr hohe Widerstandsf\u00e4higkeit.<\/li>\n<\/ul>\n<h3>Tablets und Laptops<\/h3>\n<ul>\n<li style=\"list-style-type: none\">\n<ul>\n<li><strong>MacBooks und iPads<\/strong> \u2013 Diese ultra-praktischen und tragbaren Ger\u00e4te erm\u00f6glichen nahezu alles online. Verbessern Sie das Erlebnis, indem Sie Ihr Ger\u00e4t mit einem WiFi 7-Router verbinden, um Produktivit\u00e4t und Unterhaltung auf das n\u00e4chste Level zu heben.<\/li>\n<\/ul>\n<\/li>\n<\/ul>\n<p>&lt;li<strong>&gt;Windows-Laptops<\/strong> \u2013 Eine vielseitige und zuverl\u00e4ssige Wahl. Die besten Laptops f\u00fcr Gaming und Arbeit kombinieren Leistung und Mobilit\u00e4t. Top-Empfehlungen sind der Dell XPS 15 mit dem neuesten i9-Prozessor, NVIDIA GeForce RTX 4070 GPU und 32 GB RAM.<\/p>\n<h3>Gaming-Konsolen<\/h3>\n<ul>\n<li><strong>PlayStation 5 Pro<\/strong> \u2013 Mit unglaublich schneller Reaktionszeit, einem innovativen DualSense-Controller und exklusiven Spielen ist die PS5 Pro 2024 ein Muss f\u00fcr PlayStation-Fans. Erleben Sie 4K\/8K-Streaming auf dem n\u00e4chsten Level mit PlayStation 5 und WiFi 7 \u2013 dem besten WLAN f\u00fcr Spielkonsolen.<\/li>\n<li><strong>Xbox Series X\/S<\/strong> \u2013 Die Xbox Series X\/S ist Microsofts bisher leistungsst\u00e4rkstes Spielsystem, mit nativen 4K-HDR-Grafiken und einer SSD f\u00fcr blitzschnelle Ladezeiten. Dank starker R\u00fcckw\u00e4rtskompatibilit\u00e4t ist sie optimal mit WiFi 7 verbunden.<\/li>\n<li><strong>Nintendo Switch<\/strong> \u2013 Halb Handheld, halb Heimkonsole, k\u00f6nnte die Nintendo Switch das einzige Ger\u00e4t sein, das Sie zum Spielen \u00fcberall ben\u00f6tigen. Die Hybrid-Konsole bietet herausragende Grafikqualit\u00e4t im Handheld-Modus und wechselt nahtlos in eine<br \/>\nHeimkonsole.<\/li>\n<\/ul>\n<h3>Smart-TVs und Streaming-Ger\u00e4te<\/h3>\n<ul>\n<li><strong>Samsung und LG<\/strong> \u2013 Die TV-Technologie hat sich so stark verbessert, dass Samsung und LG ihre eigenen, hochmodernen QLED-Modelle mit einem breiteren Farbspektrum f\u00fcr 8K-Streaming und Smart-Home-Integration anbieten. WiFi 7-Router sind die besten WLAN-Router f\u00fcr Smart-TVs.<\/li>\n<li><strong>Streaming-Sticks<\/strong> \u2013 Ein Streaming-Stick ist ein winziger Mediaplayer, der etwas gr\u00f6\u00dfer als ein USB-Stick ist. Ein Streaming-Stick wie der Google TV Streamer erm\u00f6glicht in Kombination mit einem leistungsstarken WLAN-Router die nahtlose Bereitstellung von 4K-Inhalten.<\/li>\n<\/ul>\n<h3>Virtual-Reality- und Augmented-Reality-Ger\u00e4te<\/h3>\n<ul>\n<li><strong>VR-Headsets<\/strong> \u2013 Die besten VR-Headsets sind mit WiFi 7 kompatibel, um mit niedriger Latenz ein noch intensiveres Eintauchen zu erm\u00f6glichen. F\u00fchrende VR-Headsets wie META Quest 3 bieten ein v\u00f6llig neues Spielerlebnis.<\/li>\n<li><strong>AR-Brillen<\/strong> \u2013 Auch wenn sie noch nicht kommerziell verf\u00fcgbar sind, handelt es sich um eine aufkommende Technologie, die innerhalb der n\u00e4chsten 3-5 Jahre auf den Markt kommen soll. Prototypen wie die ORION AR-Brille werden bereits vorgestellt und bieten nahtlose Konnektivit\u00e4t mit WiFi 7.<\/li>\n<\/ul>\n<h3>Smart-Home-Ger\u00e4te<\/h3>\n<ul>\n<li><strong>Smarte Thermostate und Schl\u00f6sser<\/strong> \u2013 Zu den besten Smart-Home-Geschenken im Jahr 2024 geh\u00f6ren praktische, intelligente T\u00fcrschl\u00f6sser und Thermostate mit der Option auf WiFi 7 Target Wake Time f\u00fcr eine freih\u00e4ndige, automatische Bedienung. WiFi 7 ist das beste WLAN f\u00fcr Smart-Home-Ger\u00e4te.<\/li>\n<li><strong>Heimsicherheitssysteme<\/strong> \u2013 Festverdrahtete und komplexe Sicherheitssysteme wurden von WiFi-7-basierten Smart-Home-Sicherheitssystemen mit drahtloser Konnektivit\u00e4t abgel\u00f6st. Sie lassen sich schnell einrichten und aus der Ferne steuern und bieten durchg\u00e4ngige Konnektivit\u00e4t und 24\/7-\u00dcberwachung.<\/li>\n<\/ul>\n<p><img loading=\"lazy\" decoding=\"async\" class=\"wp-image-10021 aligncenter\" src=\"https:\/\/dehub.netgear.com\/de\/hub\/wp-content\/uploads\/2024\/12\/gettyimages-1280571352-612x612-1-300x200.jpg\" alt=\"\" width=\"708\" height=\"472\" srcset=\"https:\/\/dehub.netgear.com\/de\/hub\/wp-content\/uploads\/2024\/12\/gettyimages-1280571352-612x612-1-300x200.jpg 300w, https:\/\/dehub.netgear.com\/de\/hub\/wp-content\/uploads\/2024\/12\/gettyimages-1280571352-612x612-1.jpg 612w\" sizes=\"auto, (max-width: 708px) 100vw, 708px\" \/><\/p>\n    <\/div>\n        <div id=\"topic3\" class=\"skip-item\">\n                        <h2>Die WLAN-Herausforderung: Ist Ihr Netzwerk bereit daf\u00fcr?<\/h2>\n                <p>Heimnetzwerke wachsen, und die Ger\u00e4te verlangen nach mehr Bandbreite und h\u00f6heren Geschwindigkeiten ohne Pufferungen, Verz\u00f6gerungen oder Verbindungsabbr\u00fcche \u2013 ob f\u00fcr Gaming, Streaming, Virtual Reality und mehr. \u00c4ltere WLAN-Netzwerke und veraltete Ger\u00e4te riskieren Sicherheitsl\u00fccken und Leistungseinbu\u00dfen. Ist Ihr Netzwerk bereit f\u00fcr die Zukunft? WiFi 7, auch als EHT (Extremely High Throughput) bekannt, ist das Geheimnis hinter den besten Mesh-WLAN-Systemen f\u00fcr 2025 und dar\u00fcber hinaus.<\/p>\n<div class=\"explore-btn-area\"><a class=\"explore-btn\" href=\"https:\/\/www.netgear.com\/de\/home\/wifi\/mesh\/\">JETZT KAUFEN ORBI MESH-WLAN<\/a><\/div>\n    <\/div>\n        <div id=\"topic4\" class=\"skip-item\">\n                        <h2>Warum ein WLAN-Upgrade unverzichtbar ist<\/h2>\n                <p>Ein regelm\u00e4\u00dfiges Upgrade des WLAN-Netzwerks ist entscheidend, um optimale Geschwindigkeit, bessere Abdeckung und eine sichere Internetverbindung zu gew\u00e4hrleisten. Die WLAN-Technologie hat sich in den letzten zehn Jahren rasant entwickelt. Dazu geh\u00f6ren WiFi 7-Router und Mesh-Systeme f\u00fcr das gesamte Zuhause, die mit WiFi 7-Mesh-Satelliten bis zu 200 Ger\u00e4te gleichzeitig verbinden k\u00f6nnen und eine reale Geschwindigkeit von 27 Gbit\/s sowie eine Abdeckung von bis zu 930 m\u00b2 bieten.<\/p>\n<p>WiFi 7 ist abw\u00e4rtskompatibel mit \u00e4lteren WLAN-Ger\u00e4ten. Dennoch wird das volle Potenzial von WiFi 7 erst sp\u00fcrbar, wenn Sie Ihr Netzwerk nach und nach mit WiFi-7-zertifizierten Ger\u00e4ten ausstatten. Zu den Vorteilen geh\u00f6ren:<\/p>\n<ul>\n<li><strong>Zukunftssicherheit f\u00fcr Ihr Zuhause<\/strong> \u2013 WiFi 7 bietet erhebliche Verbesserungen gegen\u00fcber WiFi 5, WiFi 6 und WiFi 6E. Es ist das zukunftssicherste Netzwerk und bietet Gigabit-Geschwindigkeiten f\u00fcr alle Ihre verbundenen Ger\u00e4te.<\/li>\n<li><strong>Verbesserte Sicherheit und Datenschutz<\/strong> \u2013 Die besten WiFi 7-Router und Mesh-Systeme verf\u00fcgen \u00fcber starke Sicherheitsma\u00dfnahmen wie WPA3-Verschl\u00fcsselung, VPN, automatische Firmware-Updates, Endger\u00e4teschutz, Qualcomm-Chips\u00e4tze und mehr.<\/li>\n<\/ul>\n<div class=\"explore-btn-area\"><a class=\"explore-btn\" href=\"https:\/\/www.netgear.com\/de\/home\/wifi\/routers\/\">JETZT KAUFEN NIGHTHAWK WLAN-ROUTER<\/a><\/div>\n<div class=\"explore-btn-area\"><a class=\"explore-btn\" href=\"https:\/\/www.netgear.com\/de\/home\/wifi\/mesh\/\">JETZT KAUFEN ORBI MESH-WLAN<\/a><\/div>\n    <\/div>\n        <div id=\"topic5\" class=\"skip-item\">\n                        <h2>Lassen Sie sich nicht von veraltetem WLAN ausbremsen<\/h2>\n                <p>Wenn Ihr WLAN-Router schon einige Jahre alt ist oder Sie zu denjenigen geh\u00f6ren, die 2025 die besten WiFi 7-Ger\u00e4te besitzen m\u00f6chten, ist jetzt der richtige Zeitpunkt f\u00fcr ein Upgrade von Tri-Band WiFi 6\/6E auf das latenzarme Quad-Band WiFi 7 f\u00fcr ein verbessertes drahtloses Netzwerk-Erlebnis. Quad-Band WiFi 7 nutzt die 2,4-GHz-, 5-GHz- und 6-GHz-B\u00e4nder f\u00fcr ein reibungsloseres und nahtloseres Netzwerk-Erlebnis. Zu den neuen Standardverbesserungen bei WiFi 7-Routern geh\u00f6ren:<\/p>\n<ul>\n<li>4K-QAM (Quadratur-Amplitudenmodulation)<\/li>\n<li>320-MHz-Kan\u00e4le<\/li>\n<li>Multi-Link Operation (MLO)<\/li>\n<\/ul>\n<p><img loading=\"lazy\" decoding=\"async\" class=\"wp-image-10022 aligncenter\" src=\"https:\/\/dehub.netgear.com\/de\/hub\/wp-content\/uploads\/2024\/12\/gettyimages-1806114406-612x612-1-300x200.jpg\" alt=\"\" width=\"554\" height=\"369\" srcset=\"https:\/\/dehub.netgear.com\/de\/hub\/wp-content\/uploads\/2024\/12\/gettyimages-1806114406-612x612-1-300x200.jpg 300w, https:\/\/dehub.netgear.com\/de\/hub\/wp-content\/uploads\/2024\/12\/gettyimages-1806114406-612x612-1.jpg 612w\" sizes=\"auto, (max-width: 554px) 100vw, 554px\" \/><\/p>\n<p>Lassen Sie sich nicht von veraltetem WLAN ausbremsen. Machen Sie einen Quantensprung in die Zukunft des Netzwerkens mit branchenf\u00fchrenden WLAN-Routern, Mesh-Systemen f\u00fcr das gesamte Zuhause und mobilen <a href=\"https:\/\/dehub.netgear.com\/de\/hub\/wifi\/mobile\/router-auswahl-tipps\/\">5G-WLAN-Routern<\/a> f\u00fcr jedes Budget. W\u00e4hlen Sie WiFi 7-Ger\u00e4te, um das volle Potenzial der Technologie auszusch\u00f6pfen, und machen Sie 2025 zu einem Jahr au\u00dfergew\u00f6hnlicher Netzwerkerlebnisse \u2013 zu Hause, bei der Arbeit und unterwegs.<\/p>\n<div class=\"explore-btn-area\"><a class=\"explore-btn\" href=\"https:\/\/www.netgear.com\/de\/home\/mobile-wifi\/hotspots\/\">MEHR ERFAHREN NIGHTHAWK WLAN-ROUTER<\/a><\/div>\n    <\/div>\n    \n","protected":false},"excerpt":{"rendered":"","protected":false},"author":68,"featured_media":9981,"parent":6081,"menu_order":9,"comment_status":"closed","ping_status":"closed","template":"templates\/mesh-vs-wifi.php","meta":{"_acf_changed":false,"footnotes":""},"class_list":["post-9959","page","type-page","status-publish","has-post-thumbnail","hentry"],"acf":[],"yoast_head":"<!-- This site is optimized with the Yoast SEO plugin v27.3 - https:\/\/yoast.com\/product\/yoast-seo-wordpress\/ -->\n<title>Sind Sie bereit f\u00fcr Technik-Geschenke 2024? WiFi 7 Upgrades<\/title>\n<meta name=\"description\" content=\"Entdecken Sie die besten Technik-Geschenke 2024. Von Smartphones bis Smart-Home-Gadgets \u2013 erfahren Sie, warum WiFi 7-Upgrades f\u00fcr optimale Leistung unerl\u00e4sslich sind!\" \/>\n<meta name=\"robots\" content=\"index, follow, max-snippet:-1, max-image-preview:large, max-video-preview:-1\" \/>\n<link rel=\"canonical\" href=\"https:\/\/dehub.netgear.com\/de\/hub\/network\/technik-upgrades-wifi7-geschenke\/\" \/>\n<meta property=\"og:locale\" content=\"de_DE\" \/>\n<meta property=\"og:type\" content=\"article\" \/>\n<meta property=\"og:title\" content=\"Sind Sie bereit f\u00fcr Technik-Geschenke 2024? WiFi 7 Upgrades\" \/>\n<meta property=\"og:description\" content=\"Entdecken Sie die besten Technik-Geschenke 2024. Von Smartphones bis Smart-Home-Gadgets \u2013 erfahren Sie, warum WiFi 7-Upgrades f\u00fcr optimale Leistung unerl\u00e4sslich sind!\" \/>\n<meta property=\"og:url\" content=\"https:\/\/dehub.netgear.com\/de\/hub\/network\/technik-upgrades-wifi7-geschenke\/\" \/>\n<meta property=\"og:site_name\" content=\"NETGEAR Hub\" \/>\n<meta property=\"article:publisher\" content=\"https:\/\/www.facebook.com\/NetgearAU\/\" \/>\n<meta property=\"article:modified_time\" content=\"2024-12-28T05:44:48+00:00\" \/>\n<meta property=\"og:image\" content=\"https:\/\/dehub.netgear.com\/de\/hub\/wp-content\/uploads\/2024\/12\/gettyimages-471122955-612x612-1.jpg\" \/>\n\t<meta property=\"og:image:width\" content=\"612\" \/>\n\t<meta property=\"og:image:height\" content=\"410\" \/>\n\t<meta property=\"og:image:type\" content=\"image\/jpeg\" \/>\n<meta name=\"twitter:card\" content=\"summary_large_image\" \/>\n<meta name=\"twitter:site\" content=\"@NETGEAR\" \/>\n<script type=\"application\/ld+json\" class=\"yoast-schema-graph\">{\"@context\":\"https:\\\/\\\/schema.org\",\"@graph\":[{\"@type\":\"WebPage\",\"@id\":\"https:\\\/\\\/dehub.netgear.com\\\/de\\\/hub\\\/network\\\/technik-upgrades-wifi7-geschenke\\\/\",\"url\":\"https:\\\/\\\/dehub.netgear.com\\\/de\\\/hub\\\/network\\\/technik-upgrades-wifi7-geschenke\\\/\",\"name\":\"Sind Sie bereit f\u00fcr Technik-Geschenke 2024? WiFi 7 Upgrades\",\"isPartOf\":{\"@id\":\"https:\\\/\\\/dehub.netgear.com\\\/de\\\/hub\\\/#website\"},\"primaryImageOfPage\":{\"@id\":\"https:\\\/\\\/dehub.netgear.com\\\/de\\\/hub\\\/network\\\/technik-upgrades-wifi7-geschenke\\\/#primaryimage\"},\"image\":{\"@id\":\"https:\\\/\\\/dehub.netgear.com\\\/de\\\/hub\\\/network\\\/technik-upgrades-wifi7-geschenke\\\/#primaryimage\"},\"thumbnailUrl\":\"https:\\\/\\\/dehub.netgear.com\\\/de\\\/hub\\\/wp-content\\\/uploads\\\/2024\\\/12\\\/gettyimages-471122955-612x612-1.jpg\",\"datePublished\":\"2024-12-10T06:56:44+00:00\",\"dateModified\":\"2024-12-28T05:44:48+00:00\",\"description\":\"Entdecken Sie die besten Technik-Geschenke 2024. Von Smartphones bis Smart-Home-Gadgets \u2013 erfahren Sie, warum WiFi 7-Upgrades f\u00fcr optimale Leistung unerl\u00e4sslich sind!\",\"breadcrumb\":{\"@id\":\"https:\\\/\\\/dehub.netgear.com\\\/de\\\/hub\\\/network\\\/technik-upgrades-wifi7-geschenke\\\/#breadcrumb\"},\"inLanguage\":\"de\",\"potentialAction\":[{\"@type\":\"ReadAction\",\"target\":[\"https:\\\/\\\/dehub.netgear.com\\\/de\\\/hub\\\/network\\\/technik-upgrades-wifi7-geschenke\\\/\"]}]},{\"@type\":\"ImageObject\",\"inLanguage\":\"de\",\"@id\":\"https:\\\/\\\/dehub.netgear.com\\\/de\\\/hub\\\/network\\\/technik-upgrades-wifi7-geschenke\\\/#primaryimage\",\"url\":\"https:\\\/\\\/dehub.netgear.com\\\/de\\\/hub\\\/wp-content\\\/uploads\\\/2024\\\/12\\\/gettyimages-471122955-612x612-1.jpg\",\"contentUrl\":\"https:\\\/\\\/dehub.netgear.com\\\/de\\\/hub\\\/wp-content\\\/uploads\\\/2024\\\/12\\\/gettyimages-471122955-612x612-1.jpg\",\"width\":612,\"height\":410,\"caption\":\"A happy blond woman holding a new laptop computer for Christmas, wearing a festive sweater and winter cap.\"},{\"@type\":\"BreadcrumbList\",\"@id\":\"https:\\\/\\\/dehub.netgear.com\\\/de\\\/hub\\\/network\\\/technik-upgrades-wifi7-geschenke\\\/#breadcrumb\",\"itemListElement\":[{\"@type\":\"ListItem\",\"position\":1,\"name\":\"Home\",\"item\":\"https:\\\/\\\/dehub.netgear.com\\\/de\\\/hub\\\/\"},{\"@type\":\"ListItem\",\"position\":2,\"name\":\"Heimnetzwerk Artikel\",\"item\":\"https:\\\/\\\/dehub.netgear.com\\\/de\\\/hub\\\/network\\\/\"},{\"@type\":\"ListItem\",\"position\":3,\"name\":\"Ist Ihr WLAN bereit f\u00fcr die Top-Technik-Geschenke?\"}]},{\"@type\":\"WebSite\",\"@id\":\"https:\\\/\\\/dehub.netgear.com\\\/de\\\/hub\\\/#website\",\"url\":\"https:\\\/\\\/dehub.netgear.com\\\/de\\\/hub\\\/\",\"name\":\"NETGEAR\",\"description\":\"Erkunden Sie unsere Hub-Seiten und st\u00f6bern Sie in Artikeln, um mehr \u00fcber NETGEAR Produkte und Technologien zu erfahren.\",\"publisher\":{\"@id\":\"https:\\\/\\\/dehub.netgear.com\\\/de\\\/hub\\\/#organization\"},\"potentialAction\":[{\"@type\":\"SearchAction\",\"target\":{\"@type\":\"EntryPoint\",\"urlTemplate\":\"https:\\\/\\\/dehub.netgear.com\\\/de\\\/hub\\\/?s={search_term_string}\"},\"query-input\":{\"@type\":\"PropertyValueSpecification\",\"valueRequired\":true,\"valueName\":\"search_term_string\"}}],\"inLanguage\":\"de\"},{\"@type\":\"Organization\",\"@id\":\"https:\\\/\\\/dehub.netgear.com\\\/de\\\/hub\\\/#organization\",\"name\":\"NETGEAR\",\"url\":\"https:\\\/\\\/dehub.netgear.com\\\/de\\\/hub\\\/\",\"logo\":{\"@type\":\"ImageObject\",\"inLanguage\":\"de\",\"@id\":\"https:\\\/\\\/dehub.netgear.com\\\/de\\\/hub\\\/#\\\/schema\\\/logo\\\/image\\\/\",\"url\":\"https:\\\/\\\/www.dehub.netgear.com\\\/de\\\/hub\\\/wp-content\\\/uploads\\\/2019\\\/07\\\/NETGEAR_logo.jpg\",\"contentUrl\":\"https:\\\/\\\/www.dehub.netgear.com\\\/de\\\/hub\\\/wp-content\\\/uploads\\\/2019\\\/07\\\/NETGEAR_logo.jpg\",\"width\":1500,\"height\":501,\"caption\":\"NETGEAR\"},\"image\":{\"@id\":\"https:\\\/\\\/dehub.netgear.com\\\/de\\\/hub\\\/#\\\/schema\\\/logo\\\/image\\\/\"},\"sameAs\":[\"https:\\\/\\\/www.facebook.com\\\/NetgearAU\\\/\",\"https:\\\/\\\/x.com\\\/NETGEAR\",\"https:\\\/\\\/www.linkedin.com\\\/company\\\/netgear\"]}]}<\/script>\n<!-- \/ Yoast SEO plugin. -->","yoast_head_json":{"title":"Sind Sie bereit f\u00fcr Technik-Geschenke 2024? WiFi 7 Upgrades","description":"Entdecken Sie die besten Technik-Geschenke 2024. Von Smartphones bis Smart-Home-Gadgets \u2013 erfahren Sie, warum WiFi 7-Upgrades f\u00fcr optimale Leistung unerl\u00e4sslich sind!","robots":{"index":"index","follow":"follow","max-snippet":"max-snippet:-1","max-image-preview":"max-image-preview:large","max-video-preview":"max-video-preview:-1"},"canonical":"https:\/\/dehub.netgear.com\/de\/hub\/network\/technik-upgrades-wifi7-geschenke\/","og_locale":"de_DE","og_type":"article","og_title":"Sind Sie bereit f\u00fcr Technik-Geschenke 2024? WiFi 7 Upgrades","og_description":"Entdecken Sie die besten Technik-Geschenke 2024. Von Smartphones bis Smart-Home-Gadgets \u2013 erfahren Sie, warum WiFi 7-Upgrades f\u00fcr optimale Leistung unerl\u00e4sslich sind!","og_url":"https:\/\/dehub.netgear.com\/de\/hub\/network\/technik-upgrades-wifi7-geschenke\/","og_site_name":"NETGEAR Hub","article_publisher":"https:\/\/www.facebook.com\/NetgearAU\/","article_modified_time":"2024-12-28T05:44:48+00:00","og_image":[{"width":612,"height":410,"url":"https:\/\/dehub.netgear.com\/de\/hub\/wp-content\/uploads\/2024\/12\/gettyimages-471122955-612x612-1.jpg","type":"image\/jpeg"}],"twitter_card":"summary_large_image","twitter_site":"@NETGEAR","schema":{"@context":"https:\/\/schema.org","@graph":[{"@type":"WebPage","@id":"https:\/\/dehub.netgear.com\/de\/hub\/network\/technik-upgrades-wifi7-geschenke\/","url":"https:\/\/dehub.netgear.com\/de\/hub\/network\/technik-upgrades-wifi7-geschenke\/","name":"Sind Sie bereit f\u00fcr Technik-Geschenke 2024? WiFi 7 Upgrades","isPartOf":{"@id":"https:\/\/dehub.netgear.com\/de\/hub\/#website"},"primaryImageOfPage":{"@id":"https:\/\/dehub.netgear.com\/de\/hub\/network\/technik-upgrades-wifi7-geschenke\/#primaryimage"},"image":{"@id":"https:\/\/dehub.netgear.com\/de\/hub\/network\/technik-upgrades-wifi7-geschenke\/#primaryimage"},"thumbnailUrl":"https:\/\/dehub.netgear.com\/de\/hub\/wp-content\/uploads\/2024\/12\/gettyimages-471122955-612x612-1.jpg","datePublished":"2024-12-10T06:56:44+00:00","dateModified":"2024-12-28T05:44:48+00:00","description":"Entdecken Sie die besten Technik-Geschenke 2024. Von Smartphones bis Smart-Home-Gadgets \u2013 erfahren Sie, warum WiFi 7-Upgrades f\u00fcr optimale Leistung unerl\u00e4sslich sind!","breadcrumb":{"@id":"https:\/\/dehub.netgear.com\/de\/hub\/network\/technik-upgrades-wifi7-geschenke\/#breadcrumb"},"inLanguage":"de","potentialAction":[{"@type":"ReadAction","target":["https:\/\/dehub.netgear.com\/de\/hub\/network\/technik-upgrades-wifi7-geschenke\/"]}]},{"@type":"ImageObject","inLanguage":"de","@id":"https:\/\/dehub.netgear.com\/de\/hub\/network\/technik-upgrades-wifi7-geschenke\/#primaryimage","url":"https:\/\/dehub.netgear.com\/de\/hub\/wp-content\/uploads\/2024\/12\/gettyimages-471122955-612x612-1.jpg","contentUrl":"https:\/\/dehub.netgear.com\/de\/hub\/wp-content\/uploads\/2024\/12\/gettyimages-471122955-612x612-1.jpg","width":612,"height":410,"caption":"A happy blond woman holding a new laptop computer for Christmas, wearing a festive sweater and winter cap."},{"@type":"BreadcrumbList","@id":"https:\/\/dehub.netgear.com\/de\/hub\/network\/technik-upgrades-wifi7-geschenke\/#breadcrumb","itemListElement":[{"@type":"ListItem","position":1,"name":"Home","item":"https:\/\/dehub.netgear.com\/de\/hub\/"},{"@type":"ListItem","position":2,"name":"Heimnetzwerk Artikel","item":"https:\/\/dehub.netgear.com\/de\/hub\/network\/"},{"@type":"ListItem","position":3,"name":"Ist Ihr WLAN bereit f\u00fcr die Top-Technik-Geschenke?"}]},{"@type":"WebSite","@id":"https:\/\/dehub.netgear.com\/de\/hub\/#website","url":"https:\/\/dehub.netgear.com\/de\/hub\/","name":"NETGEAR","description":"Erkunden Sie unsere Hub-Seiten und st\u00f6bern Sie in Artikeln, um mehr \u00fcber NETGEAR Produkte und Technologien zu erfahren.","publisher":{"@id":"https:\/\/dehub.netgear.com\/de\/hub\/#organization"},"potentialAction":[{"@type":"SearchAction","target":{"@type":"EntryPoint","urlTemplate":"https:\/\/dehub.netgear.com\/de\/hub\/?s={search_term_string}"},"query-input":{"@type":"PropertyValueSpecification","valueRequired":true,"valueName":"search_term_string"}}],"inLanguage":"de"},{"@type":"Organization","@id":"https:\/\/dehub.netgear.com\/de\/hub\/#organization","name":"NETGEAR","url":"https:\/\/dehub.netgear.com\/de\/hub\/","logo":{"@type":"ImageObject","inLanguage":"de","@id":"https:\/\/dehub.netgear.com\/de\/hub\/#\/schema\/logo\/image\/","url":"https:\/\/www.dehub.netgear.com\/de\/hub\/wp-content\/uploads\/2019\/07\/NETGEAR_logo.jpg","contentUrl":"https:\/\/www.dehub.netgear.com\/de\/hub\/wp-content\/uploads\/2019\/07\/NETGEAR_logo.jpg","width":1500,"height":501,"caption":"NETGEAR"},"image":{"@id":"https:\/\/dehub.netgear.com\/de\/hub\/#\/schema\/logo\/image\/"},"sameAs":["https:\/\/www.facebook.com\/NetgearAU\/","https:\/\/x.com\/NETGEAR","https:\/\/www.linkedin.com\/company\/netgear"]}]}},"_links":{"self":[{"href":"https:\/\/dehub.netgear.com\/de\/hub\/wp-json\/wp\/v2\/pages\/9959","targetHints":{"allow":["GET"]}}],"collection":[{"href":"https:\/\/dehub.netgear.com\/de\/hub\/wp-json\/wp\/v2\/pages"}],"about":[{"href":"https:\/\/dehub.netgear.com\/de\/hub\/wp-json\/wp\/v2\/types\/page"}],"author":[{"embeddable":true,"href":"https:\/\/dehub.netgear.com\/de\/hub\/wp-json\/wp\/v2\/users\/68"}],"replies":[{"embeddable":true,"href":"https:\/\/dehub.netgear.com\/de\/hub\/wp-json\/wp\/v2\/comments?post=9959"}],"version-history":[{"count":5,"href":"https:\/\/dehub.netgear.com\/de\/hub\/wp-json\/wp\/v2\/pages\/9959\/revisions"}],"predecessor-version":[{"id":10058,"href":"https:\/\/dehub.netgear.com\/de\/hub\/wp-json\/wp\/v2\/pages\/9959\/revisions\/10058"}],"up":[{"embeddable":true,"href":"https:\/\/dehub.netgear.com\/de\/hub\/wp-json\/wp\/v2\/pages\/6081"}],"wp:featuredmedia":[{"embeddable":true,"href":"https:\/\/dehub.netgear.com\/de\/hub\/wp-json\/wp\/v2\/media\/9981"}],"wp:attachment":[{"href":"https:\/\/dehub.netgear.com\/de\/hub\/wp-json\/wp\/v2\/media?parent=9959"}],"curies":[{"name":"wp","href":"https:\/\/api.w.org\/{rel}","templated":true}]}}