{"id":9954,"date":"2024-12-10T07:56:42","date_gmt":"2024-12-10T06:56:42","guid":{"rendered":"https:\/\/dehub.netgear.com\/de\/hub\/?page_id=9954"},"modified":"2024-12-28T07:15:36","modified_gmt":"2024-12-28T06:15:36","slug":"geschenk-guide-reisende-gamer-tech","status":"publish","type":"page","link":"https:\/\/dehub.netgear.com\/de\/hub\/network\/geschenk-guide-reisende-gamer-tech\/","title":{"rendered":"Der ultimative Geschenk-Guide 2024 f\u00fcr Reisende, Gamer und Technikliebhaber"},"content":{"rendered":"    <div class=\"table-of-content bg-gray\">\n        <p><strong>IN THIS ARTICLE<\/strong><\/p>\n        <ul>\n                        <li><a href=\"#topic1\">Geschenke f\u00fcr Technikliebhaber: Ist Ihr WLAN bereit?<\/a><\/li>\n                        <li><a href=\"#topic2\">Geschenke f\u00fcr Gamer: Warum der richtige Router den Unterschied macht<\/a><\/li>\n                        <li><a href=\"#topic3\">Top-Gaming-Konsolen und PCs<\/a><\/li>\n                        <li><a href=\"#topic4\">Geschenke f\u00fcr Reisende: \u00dcberall verbunden bleiben<\/a><\/li>\n                        <li><a href=\"#topic5\">Weitere Geschenkideen f\u00fcr Reisende<\/a><\/li>\n                        <li><a href=\"#topic6\">Das Jahr der Technik-Geschenke \u2013 2024<\/a><\/li>\n                    <\/ul>\n    <\/div>\n        <div id=\"topic1\" class=\"skip-item\">\n                        <h2>Geschenke f\u00fcr Technikliebhaber: Ist Ihr WLAN bereit?<\/h2>\n                <p>Technikbegeisterte leben in einer vernetzten Welt, die WLAN, Bluetooth, Ethernet und drahtlose Mesh-Netzwerke nutzt, um nahtlose Heim- und Firmennetzwerke zu erreichen. WiFi 7 hat v\u00f6llig neue M\u00f6glichkeiten f\u00fcr Heimnetzwerke er\u00f6ffnet, in denen jeder seinen eigenen Raum f\u00fcr Gaming, Streaming und Videokonferenzen f\u00fcr Arbeit und Freizeit haben kann. Hunderte neue Technik-Gadgets eignen sich perfekt als kleine Weihnachtsgeschenke, w\u00e4hrend die hei\u00dfesten Technik-Geschenke des Jahres 2024 auch einige beliebte Klassiker umfassen.<\/p>\n<h3>Smart-TVs<\/h3>\n<p>\u25cb Samsung Neo QLED 8K; LG OLED Evo G3; Sony Bravia XR<br \/>\nDie neueste Generation des kristallklaren Heimkino-Erlebnisses bietet atemberaubende visuelle Effekte und viele smarte Funktionen. In Kombination mit einem ultraschnellen WiFi 7-Router wird das Streamen von 8K-Inhalten und die Integration ins Smart Home zum Kinderspiel.<\/p>\n<h3>Laptops und Tablets<\/h3>\n<p>\u25cb Apple MacBook Pro M3; Microsoft Surface Laptop 6; Samsung Galaxy Tab S9 Ultra<br \/>\nDiese neuesten Ger\u00e4te sind f\u00fcr Produktivit\u00e4t und Unterhaltung konzipiert. Ihr Potenzial ist nahezu unbegrenzt, doch die Leistung h\u00e4ngt von einer starken WLAN-Verbindung ab, insbesondere f\u00fcr Cloud-Arbeit und Streaming.<\/p>\n<h3>Smart Home Devices<\/h3>\n<p>\u25cb Google Nest Thermostat; August Smart Lock Pro; Arlo Ultra 2 Sicherheitskamera<br \/>\nDas durchschnittliche Smart Home in Deutschland verf\u00fcgt heute \u00fcber mehr als 24 Ger\u00e4te, die um eine schnelle und stabile Internetverbindung konkurrieren. Smart-Home-Ger\u00e4te sind auf ein stabiles WLAN f\u00fcr Echtzeit-Updates, Sicherheits\u00fcberwachung und Fernzugriff angewiesen..<\/p>\n<h3>VR-Headsets<\/h3>\n<p>\u25cb Meta Quest 3; HTC Vive XR Elite<br \/>\nVirtual Reality erfordert ein latenzarmes und hochschnelles WiFi 7, um ein immersives und unterbrechungsfreies Erlebnis zu bieten. Die besten VR-Headsets bieten Hunderte von Anwendungen f\u00fcr Unterhaltung und Lernen f\u00fcr alle Altersgruppen.<\/p>\n<p><img loading=\"lazy\" decoding=\"async\" class=\" wp-image-10015 aligncenter\" src=\"https:\/\/dehub.netgear.com\/de\/hub\/wp-content\/uploads\/2024\/12\/gettyimages-1345886628-612x612-1-300x200.jpg\" alt=\"\" width=\"524\" height=\"349\" srcset=\"https:\/\/dehub.netgear.com\/de\/hub\/wp-content\/uploads\/2024\/12\/gettyimages-1345886628-612x612-1-300x200.jpg 300w, https:\/\/dehub.netgear.com\/de\/hub\/wp-content\/uploads\/2024\/12\/gettyimages-1345886628-612x612-1.jpg 612w\" sizes=\"auto, (max-width: 524px) 100vw, 524px\" \/><\/p>\n    <\/div>\n        <div id=\"topic2\" class=\"skip-item\">\n                        <h2>Geschenke f\u00fcr Gamer: Warum der richtige Router den Unterschied macht<\/h2>\n                <p>Lags, Latenzen und Verbindungsabbr\u00fcche sind der schlimmste Albtraum eines Gamers. In unserer schnelllebigen Welt f\u00fchrt ein veralteter, langsamer Router zu einem schlechten Gaming-Erlebnis. Schenken Sie die n\u00e4chste Generation der WLAN-Leistung mit einem NETGEAR Nighthawk WiFi 7-Router, der speziell f\u00fcr Gaming entwickelt wurde \u2013 mit ultraniedriger Latenz,<br \/>\nHochgeschwindigkeitsverbindungen und fortschrittlichem QoS (Quality of Service) zur Priorisierung von Gaming-Traffic. Um die ganze Familie einzubeziehen, beginnt der Feiertagszauber mit erstklassigem WLAN im ganzen Haus. F\u00fcr eine vollst\u00e4ndige Abdeckung des ganzen Hauses k\u00f6nnen NETGEAR Orbi-Mesh-Systeme schnelles Internet mit jedem Gamer im Haushalt verbinden.<\/p>\n<div class=\"explore-btn-area\"><a class=\"explore-btn\" href=\"https:\/\/www.netgear.com\/de\/home\/discover\/wifi7\/\">MEHR ERFAHREN WiFi 7<\/a><\/div>\n    <\/div>\n        <div id=\"topic3\" class=\"skip-item\">\n                        <h2>Top-Gaming-Konsolen und PCs<\/h2>\n                <h3>Konsolen<\/h3>\n<p>\u25cb PlayStation 5; Xbox Series X und Series S; Nintendo Switch OLED<br \/>\nDiese Konsolen sind f\u00fcr Hochleistungs- und professionelles Gaming ausgelegt. Eine starke WiFi 7-Verbindung mit niedriger Latenz kann Ihnen in Online-Multiplayer-Spielen einen entscheidenden Vorteil verschaffen.<\/p>\n<h3>Gaming-PCs und Laptops<\/h3>\n<p>\u25cb Alienware Aurora R15; Razer Blade 15; MSI GE76 Raider; Asus ROG Strix Scar 15; HP Omen 30L<br \/>\nDie besten Gaming-Systeme haben die Leistung und die F\u00e4higkeiten, die neuesten KI-, Virtual-Reality- und Augmented-Reality-Programme zu bew\u00e4ltigen. In Kombination mit einer robusten und zuverl\u00e4ssigen WiFi 7-Verbindung kann ein vielseitiger Gaming-PC oder Laptop gro\u00dfe Spieledownloads und HD-Streaming problemlos meistern.<\/p>\n<h2>Weitere Geschenkideen f\u00fcr Gamer<\/h2>\n<h3>Gaming-Zubeh\u00f6r<\/h3>\n<p>\u25cb Logitech G Pro X Wireless Headset; Razer Huntsman V2 Analog Gaming-Tastatur<br \/>\nGaming ist ein immersives Erlebnis, das mit dem richtigen Zubeh\u00f6r noch intensiver wird. Echtzeit-Reaktionen liegen in greifbarer N\u00e4he, wenn all Ihr Gaming-Zubeh\u00f6r synchron l\u00e4uft \u2013 unterst\u00fctzt durch einen leistungsstarken Gaming-Router, der f\u00fcr schnelles Cloud-Syncing von Profilen und Einstellungen entscheidend ist.<\/p>\n<h3>VR-Gaming<\/h3>\n<p>\u25cb Meta Quest 3; HTC Vive XR Elite<br \/>\nVirtual Reality ist die Zukunft des Gamings und er\u00f6ffnet v\u00f6llig neue Welten und Erlebnisse. Ein NETGEAR Nighthawk- oder Orbi WiFi 7-Router macht Ihr Gaming-Netzwerk zukunftssicher f\u00fcr die kommenden Jahre.<\/p>\n<p><img loading=\"lazy\" decoding=\"async\" class=\" wp-image-9977 aligncenter\" src=\"https:\/\/dehub.netgear.com\/de\/hub\/wp-content\/uploads\/2024\/12\/gettyimages-854206604-612x612-1-300x200.jpg\" alt=\"\" width=\"485\" height=\"323\" srcset=\"https:\/\/dehub.netgear.com\/de\/hub\/wp-content\/uploads\/2024\/12\/gettyimages-854206604-612x612-1-300x200.jpg 300w, https:\/\/dehub.netgear.com\/de\/hub\/wp-content\/uploads\/2024\/12\/gettyimages-854206604-612x612-1.jpg 612w\" sizes=\"auto, (max-width: 485px) 100vw, 485px\" \/><\/p>\n    <\/div>\n        <div id=\"topic4\" class=\"skip-item\">\n                        <h2>Geschenke f\u00fcr Reisende: \u00dcberall verbunden bleiben<\/h2>\n                <h3>Warum ein mobiler Hotspot das perfekte Geschenk ist<\/h3>\n<p>Beim Verlassen auf \u00f6ffentliches WLAN in Hotels, Flugh\u00e4fen und Caf\u00e9s gibt es Risiken und Einschr\u00e4nkungen. Das gr\u00f6\u00dfte Problem sind Sicherheitsl\u00fccken in ungesicherten \u00f6ffentlichen Netzwerken. Der Schutz wichtiger Informationen hat h\u00f6chste Priorit\u00e4t, und f\u00fchrende mobile Hotspot-Router bieten genau das. Die besten mobilen Hotspots sind \u00e4u\u00dferst praktisch mit einem gro\u00dfen Touchscreen f\u00fcr die einfache Steuerung sowie Ethernet- und USB-C-Ports f\u00fcr zus\u00e4tzliche Netzwerkger\u00e4te.<\/p>\n<p>\u2022 Klein, aber stark: Leistungsstarkes WLAN \u00fcberall und jederzeit<\/p>\n<h3>NETGEAR Nighthawk M6 Pro, M6, M3<\/h3>\n<p>Diese f\u00fchrenden mobilen <a href=\"https:\/\/dehub.netgear.com\/de\/hub\/wifi\/mobile\/international-wifi-hotspot\/\">Hotspots von NETGEAR<\/a> bieten eine sichere, schnelle und zuverl\u00e4ssige Internetverbindung, egal wohin Ihre Reisen f\u00fchren \u2013 das perfekte Geschenk f\u00fcr alle, die unterwegs verbunden bleiben m\u00fcssen. NETGEAR Mobile Hotspots k\u00f6nnen in 150 L\u00e4ndern weltweit entsperrt werden und bieten Ihre Wahl eines Datenplans, robuste Sicherheit und benutzerfreundliche Funktionen f\u00fcr die Verbindung mehrerer Ger\u00e4te gleichzeitig. Kaufen Sie eine zweite Batterie oder einen tragbaren Ladeger\u00e4t, um 24\/7 verbunden zu bleiben.<\/p>\n<div class=\"explore-btn-area\"><a class=\"explore-btn\" href=\"https:\/\/www.netgear.com\/de\/home\/mobile-wifi\/hotspots\/\">JETZT KAUFEN NIGHTHAWK WLAN-ROUTER<\/a><\/div>\n    <\/div>\n        <div id=\"topic5\" class=\"skip-item\">\n                        <h2>Weitere Geschenkideen f\u00fcr Reisende<\/h2>\n                <h3>Smartes Gep\u00e4ck<\/h3>\n<p>\u25cb Koffer mit WLAN-Tracker<br \/>\nWir reisen mehr als je zuvor, besonders in der Weihnachtszeit. Die Bequemlichkeit und Sicherheit eines WLAN-Gep\u00e4cktrackers macht sich perfekt als Geschenk im Weihnachtsstrumpf.<\/p>\n<h3>Tragbare Technik<\/h3>\n<p>\u25cb Samsung Galaxy Z Fold 5; iPad Mini 6<br \/>\nReisende lieben tragbare Ger\u00e4te, die f\u00fcr Unterhaltung und Produktivit\u00e4t unterwegs konzipiert sind. Ein mobiler Hotspot von NETGEAR sorgt daf\u00fcr, dass Sie mit allen Ger\u00e4ten in Ihrem mobilen Netzwerk verbunden bleiben.<img loading=\"lazy\" decoding=\"async\" class=\" wp-image-10014 aligncenter\" src=\"https:\/\/dehub.netgear.com\/de\/hub\/wp-content\/uploads\/2024\/12\/gettyimages-634474779-612x612-1-300x225.jpg\" alt=\"\" width=\"499\" height=\"374\" srcset=\"https:\/\/dehub.netgear.com\/de\/hub\/wp-content\/uploads\/2024\/12\/gettyimages-634474779-612x612-1-300x225.jpg 300w, https:\/\/dehub.netgear.com\/de\/hub\/wp-content\/uploads\/2024\/12\/gettyimages-634474779-612x612-1.jpg 612w\" sizes=\"auto, (max-width: 499px) 100vw, 499px\" \/><\/p>\n    <\/div>\n        <div id=\"topic6\" class=\"skip-item\">\n                        <h2>Das Jahr der Technik-Geschenke \u2013 2024<\/h2>\n                <p>2024 ist das Jahr f\u00fcr die besten Technik-Geschenke aller Zeiten. Tolle Geschenkideen umfassen ger\u00e4uschunterdr\u00fcckende Kopfh\u00f6rer, Apple AirPods Pro, Bluetooth-Lautsprecher, Amazon Alexa, Kindle, iPhone 16, Apple- und Android-Smartwatches, kabellose Ohrh\u00f6rer, Apple Airtag, smarte LED-Lichter, WLAN-Wecker, Fitbit, tragbare Powerbanks, Ladestationen f\u00fcr Ger\u00e4te und vieles mehr. Die M\u00f6glichkeiten sind endlos, wenn man die beste Technik von 2024 mit WiFi 7 kombiniert.<\/p>\n<h2>Technische H\u00f6chstleistung mit NETGEAR WiFi 7<\/h2>\n<p>Egal, ob Sie f\u00fcr einen Technikliebhaber, einen Gamer oder einen Vielreisenden einkaufen \u2013 damit die neuen Ger\u00e4te ihr volles Potenzial entfalten, braucht es mehr als nur die neuesten Gadgets. Ein leistungsstarkes und zuverl\u00e4ssiges WLAN-Netzwerk ist unerl\u00e4sslich. Ein WiFi 7-Router wie Nighthawk oder Orbi ist entscheidend, um das volle Potenzial ihrer Ger\u00e4te freizusetzen. F\u00fcr Gamer ist die Investition in einen leistungsstarken Gaming-Router unerl\u00e4sslich. Schenken Sie au\u00dfergew\u00f6hnliches WLAN im Jahr 2024.<\/p>\n<p>F\u00fcr Reisende bieten mobile Hotspots die Flexibilit\u00e4t und Sicherheit, die sie ben\u00f6tigen, um rund um die Uhr verbunden zu bleiben. Schnelles, stabiles und sicheres WLAN ist eine gemeinsame Anforderung all dieser neuesten Technik-Gadgets. Indem Sie den richtigen Router w\u00e4hlen, schenken Sie nicht nur einem Freund oder geliebten Menschen etwas \u2013 Sie sorgen auch f\u00fcr das ultimative Technik-Erlebnis.<\/p>\n    <\/div>\n    \n","protected":false},"excerpt":{"rendered":"","protected":false},"author":68,"featured_media":9989,"parent":6081,"menu_order":7,"comment_status":"closed","ping_status":"closed","template":"templates\/mesh-vs-wifi.php","meta":{"_acf_changed":false,"footnotes":""},"class_list":["post-9954","page","type-page","status-publish","has-post-thumbnail","hentry"],"acf":[],"yoast_head":"<!-- This site is optimized with the Yoast SEO plugin v27.5 - https:\/\/yoast.com\/product\/yoast-seo-wordpress\/ -->\n<title>Geschenk-Guide 2024: Top Ideen f\u00fcr Reisende, Gamer &amp; Tech-Fans<\/title>\n<meta name=\"description\" content=\"Entdecken Sie die besten Technik-Geschenke 2024 f\u00fcr Gamer, Reisende und Technikliebhaber. Von WiFi 7-Routern bis mobilen Hotspots \u2013 jetzt inspirieren lassen!\" \/>\n<meta name=\"robots\" content=\"index, follow, max-snippet:-1, max-image-preview:large, max-video-preview:-1\" \/>\n<link rel=\"canonical\" href=\"https:\/\/dehub.netgear.com\/de\/hub\/network\/geschenk-guide-reisende-gamer-tech\/\" \/>\n<meta property=\"og:locale\" content=\"de_DE\" \/>\n<meta property=\"og:type\" content=\"article\" \/>\n<meta property=\"og:title\" content=\"Geschenk-Guide 2024: Top Ideen f\u00fcr Reisende, Gamer &amp; Tech-Fans\" \/>\n<meta property=\"og:description\" content=\"Entdecken Sie die besten Technik-Geschenke 2024 f\u00fcr Gamer, Reisende und Technikliebhaber. Von WiFi 7-Routern bis mobilen Hotspots \u2013 jetzt inspirieren lassen!\" \/>\n<meta property=\"og:url\" content=\"https:\/\/dehub.netgear.com\/de\/hub\/network\/geschenk-guide-reisende-gamer-tech\/\" \/>\n<meta property=\"og:site_name\" content=\"NETGEAR Hub\" \/>\n<meta property=\"article:publisher\" content=\"https:\/\/www.facebook.com\/NetgearAU\/\" \/>\n<meta property=\"article:modified_time\" content=\"2024-12-28T06:15:36+00:00\" \/>\n<meta property=\"og:image\" content=\"https:\/\/dehub.netgear.com\/de\/hub\/wp-content\/uploads\/2024\/12\/gettyimages-1359045248-612x612-1.jpg\" \/>\n\t<meta property=\"og:image:width\" content=\"612\" \/>\n\t<meta property=\"og:image:height\" content=\"408\" \/>\n\t<meta property=\"og:image:type\" content=\"image\/jpeg\" \/>\n<meta name=\"twitter:card\" content=\"summary_large_image\" \/>\n<meta name=\"twitter:site\" content=\"@NETGEAR\" \/>\n<script type=\"application\/ld+json\" class=\"yoast-schema-graph\">{\"@context\":\"https:\\\/\\\/schema.org\",\"@graph\":[{\"@type\":\"WebPage\",\"@id\":\"https:\\\/\\\/dehub.netgear.com\\\/de\\\/hub\\\/network\\\/geschenk-guide-reisende-gamer-tech\\\/\",\"url\":\"https:\\\/\\\/dehub.netgear.com\\\/de\\\/hub\\\/network\\\/geschenk-guide-reisende-gamer-tech\\\/\",\"name\":\"Geschenk-Guide 2024: Top Ideen f\u00fcr Reisende, Gamer & Tech-Fans\",\"isPartOf\":{\"@id\":\"https:\\\/\\\/dehub.netgear.com\\\/de\\\/hub\\\/#website\"},\"primaryImageOfPage\":{\"@id\":\"https:\\\/\\\/dehub.netgear.com\\\/de\\\/hub\\\/network\\\/geschenk-guide-reisende-gamer-tech\\\/#primaryimage\"},\"image\":{\"@id\":\"https:\\\/\\\/dehub.netgear.com\\\/de\\\/hub\\\/network\\\/geschenk-guide-reisende-gamer-tech\\\/#primaryimage\"},\"thumbnailUrl\":\"https:\\\/\\\/dehub.netgear.com\\\/de\\\/hub\\\/wp-content\\\/uploads\\\/2024\\\/12\\\/gettyimages-1359045248-612x612-1.jpg\",\"datePublished\":\"2024-12-10T06:56:42+00:00\",\"dateModified\":\"2024-12-28T06:15:36+00:00\",\"description\":\"Entdecken Sie die besten Technik-Geschenke 2024 f\u00fcr Gamer, Reisende und Technikliebhaber. Von WiFi 7-Routern bis mobilen Hotspots \u2013 jetzt inspirieren lassen!\",\"breadcrumb\":{\"@id\":\"https:\\\/\\\/dehub.netgear.com\\\/de\\\/hub\\\/network\\\/geschenk-guide-reisende-gamer-tech\\\/#breadcrumb\"},\"inLanguage\":\"de\",\"potentialAction\":[{\"@type\":\"ReadAction\",\"target\":[\"https:\\\/\\\/dehub.netgear.com\\\/de\\\/hub\\\/network\\\/geschenk-guide-reisende-gamer-tech\\\/\"]}]},{\"@type\":\"ImageObject\",\"inLanguage\":\"de\",\"@id\":\"https:\\\/\\\/dehub.netgear.com\\\/de\\\/hub\\\/network\\\/geschenk-guide-reisende-gamer-tech\\\/#primaryimage\",\"url\":\"https:\\\/\\\/dehub.netgear.com\\\/de\\\/hub\\\/wp-content\\\/uploads\\\/2024\\\/12\\\/gettyimages-1359045248-612x612-1.jpg\",\"contentUrl\":\"https:\\\/\\\/dehub.netgear.com\\\/de\\\/hub\\\/wp-content\\\/uploads\\\/2024\\\/12\\\/gettyimages-1359045248-612x612-1.jpg\",\"width\":612,\"height\":408},{\"@type\":\"BreadcrumbList\",\"@id\":\"https:\\\/\\\/dehub.netgear.com\\\/de\\\/hub\\\/network\\\/geschenk-guide-reisende-gamer-tech\\\/#breadcrumb\",\"itemListElement\":[{\"@type\":\"ListItem\",\"position\":1,\"name\":\"Home\",\"item\":\"https:\\\/\\\/dehub.netgear.com\\\/de\\\/hub\\\/\"},{\"@type\":\"ListItem\",\"position\":2,\"name\":\"Heimnetzwerk Artikel\",\"item\":\"https:\\\/\\\/dehub.netgear.com\\\/de\\\/hub\\\/network\\\/\"},{\"@type\":\"ListItem\",\"position\":3,\"name\":\"Der ultimative Geschenk-Guide 2024 f\u00fcr Reisende, Gamer und Technikliebhaber\"}]},{\"@type\":\"WebSite\",\"@id\":\"https:\\\/\\\/dehub.netgear.com\\\/de\\\/hub\\\/#website\",\"url\":\"https:\\\/\\\/dehub.netgear.com\\\/de\\\/hub\\\/\",\"name\":\"NETGEAR\",\"description\":\"Erkunden Sie unsere Hub-Seiten und st\u00f6bern Sie in Artikeln, um mehr \u00fcber NETGEAR Produkte und Technologien zu erfahren.\",\"publisher\":{\"@id\":\"https:\\\/\\\/dehub.netgear.com\\\/de\\\/hub\\\/#organization\"},\"potentialAction\":[{\"@type\":\"SearchAction\",\"target\":{\"@type\":\"EntryPoint\",\"urlTemplate\":\"https:\\\/\\\/dehub.netgear.com\\\/de\\\/hub\\\/?s={search_term_string}\"},\"query-input\":{\"@type\":\"PropertyValueSpecification\",\"valueRequired\":true,\"valueName\":\"search_term_string\"}}],\"inLanguage\":\"de\"},{\"@type\":\"Organization\",\"@id\":\"https:\\\/\\\/dehub.netgear.com\\\/de\\\/hub\\\/#organization\",\"name\":\"NETGEAR\",\"url\":\"https:\\\/\\\/dehub.netgear.com\\\/de\\\/hub\\\/\",\"logo\":{\"@type\":\"ImageObject\",\"inLanguage\":\"de\",\"@id\":\"https:\\\/\\\/dehub.netgear.com\\\/de\\\/hub\\\/#\\\/schema\\\/logo\\\/image\\\/\",\"url\":\"https:\\\/\\\/www.dehub.netgear.com\\\/de\\\/hub\\\/wp-content\\\/uploads\\\/2019\\\/07\\\/NETGEAR_logo.jpg\",\"contentUrl\":\"https:\\\/\\\/www.dehub.netgear.com\\\/de\\\/hub\\\/wp-content\\\/uploads\\\/2019\\\/07\\\/NETGEAR_logo.jpg\",\"width\":1500,\"height\":501,\"caption\":\"NETGEAR\"},\"image\":{\"@id\":\"https:\\\/\\\/dehub.netgear.com\\\/de\\\/hub\\\/#\\\/schema\\\/logo\\\/image\\\/\"},\"sameAs\":[\"https:\\\/\\\/www.facebook.com\\\/NetgearAU\\\/\",\"https:\\\/\\\/x.com\\\/NETGEAR\",\"https:\\\/\\\/www.linkedin.com\\\/company\\\/netgear\"]}]}<\/script>\n<!-- \/ Yoast SEO plugin. -->","yoast_head_json":{"title":"Geschenk-Guide 2024: Top Ideen f\u00fcr Reisende, Gamer & Tech-Fans","description":"Entdecken Sie die besten Technik-Geschenke 2024 f\u00fcr Gamer, Reisende und Technikliebhaber. Von WiFi 7-Routern bis mobilen Hotspots \u2013 jetzt inspirieren lassen!","robots":{"index":"index","follow":"follow","max-snippet":"max-snippet:-1","max-image-preview":"max-image-preview:large","max-video-preview":"max-video-preview:-1"},"canonical":"https:\/\/dehub.netgear.com\/de\/hub\/network\/geschenk-guide-reisende-gamer-tech\/","og_locale":"de_DE","og_type":"article","og_title":"Geschenk-Guide 2024: Top Ideen f\u00fcr Reisende, Gamer & Tech-Fans","og_description":"Entdecken Sie die besten Technik-Geschenke 2024 f\u00fcr Gamer, Reisende und Technikliebhaber. Von WiFi 7-Routern bis mobilen Hotspots \u2013 jetzt inspirieren lassen!","og_url":"https:\/\/dehub.netgear.com\/de\/hub\/network\/geschenk-guide-reisende-gamer-tech\/","og_site_name":"NETGEAR Hub","article_publisher":"https:\/\/www.facebook.com\/NetgearAU\/","article_modified_time":"2024-12-28T06:15:36+00:00","og_image":[{"width":612,"height":408,"url":"https:\/\/dehub.netgear.com\/de\/hub\/wp-content\/uploads\/2024\/12\/gettyimages-1359045248-612x612-1.jpg","type":"image\/jpeg"}],"twitter_card":"summary_large_image","twitter_site":"@NETGEAR","schema":{"@context":"https:\/\/schema.org","@graph":[{"@type":"WebPage","@id":"https:\/\/dehub.netgear.com\/de\/hub\/network\/geschenk-guide-reisende-gamer-tech\/","url":"https:\/\/dehub.netgear.com\/de\/hub\/network\/geschenk-guide-reisende-gamer-tech\/","name":"Geschenk-Guide 2024: Top Ideen f\u00fcr Reisende, Gamer & Tech-Fans","isPartOf":{"@id":"https:\/\/dehub.netgear.com\/de\/hub\/#website"},"primaryImageOfPage":{"@id":"https:\/\/dehub.netgear.com\/de\/hub\/network\/geschenk-guide-reisende-gamer-tech\/#primaryimage"},"image":{"@id":"https:\/\/dehub.netgear.com\/de\/hub\/network\/geschenk-guide-reisende-gamer-tech\/#primaryimage"},"thumbnailUrl":"https:\/\/dehub.netgear.com\/de\/hub\/wp-content\/uploads\/2024\/12\/gettyimages-1359045248-612x612-1.jpg","datePublished":"2024-12-10T06:56:42+00:00","dateModified":"2024-12-28T06:15:36+00:00","description":"Entdecken Sie die besten Technik-Geschenke 2024 f\u00fcr Gamer, Reisende und Technikliebhaber. Von WiFi 7-Routern bis mobilen Hotspots \u2013 jetzt inspirieren lassen!","breadcrumb":{"@id":"https:\/\/dehub.netgear.com\/de\/hub\/network\/geschenk-guide-reisende-gamer-tech\/#breadcrumb"},"inLanguage":"de","potentialAction":[{"@type":"ReadAction","target":["https:\/\/dehub.netgear.com\/de\/hub\/network\/geschenk-guide-reisende-gamer-tech\/"]}]},{"@type":"ImageObject","inLanguage":"de","@id":"https:\/\/dehub.netgear.com\/de\/hub\/network\/geschenk-guide-reisende-gamer-tech\/#primaryimage","url":"https:\/\/dehub.netgear.com\/de\/hub\/wp-content\/uploads\/2024\/12\/gettyimages-1359045248-612x612-1.jpg","contentUrl":"https:\/\/dehub.netgear.com\/de\/hub\/wp-content\/uploads\/2024\/12\/gettyimages-1359045248-612x612-1.jpg","width":612,"height":408},{"@type":"BreadcrumbList","@id":"https:\/\/dehub.netgear.com\/de\/hub\/network\/geschenk-guide-reisende-gamer-tech\/#breadcrumb","itemListElement":[{"@type":"ListItem","position":1,"name":"Home","item":"https:\/\/dehub.netgear.com\/de\/hub\/"},{"@type":"ListItem","position":2,"name":"Heimnetzwerk Artikel","item":"https:\/\/dehub.netgear.com\/de\/hub\/network\/"},{"@type":"ListItem","position":3,"name":"Der ultimative Geschenk-Guide 2024 f\u00fcr Reisende, Gamer und Technikliebhaber"}]},{"@type":"WebSite","@id":"https:\/\/dehub.netgear.com\/de\/hub\/#website","url":"https:\/\/dehub.netgear.com\/de\/hub\/","name":"NETGEAR","description":"Erkunden Sie unsere Hub-Seiten und st\u00f6bern Sie in Artikeln, um mehr \u00fcber NETGEAR Produkte und Technologien zu erfahren.","publisher":{"@id":"https:\/\/dehub.netgear.com\/de\/hub\/#organization"},"potentialAction":[{"@type":"SearchAction","target":{"@type":"EntryPoint","urlTemplate":"https:\/\/dehub.netgear.com\/de\/hub\/?s={search_term_string}"},"query-input":{"@type":"PropertyValueSpecification","valueRequired":true,"valueName":"search_term_string"}}],"inLanguage":"de"},{"@type":"Organization","@id":"https:\/\/dehub.netgear.com\/de\/hub\/#organization","name":"NETGEAR","url":"https:\/\/dehub.netgear.com\/de\/hub\/","logo":{"@type":"ImageObject","inLanguage":"de","@id":"https:\/\/dehub.netgear.com\/de\/hub\/#\/schema\/logo\/image\/","url":"https:\/\/www.dehub.netgear.com\/de\/hub\/wp-content\/uploads\/2019\/07\/NETGEAR_logo.jpg","contentUrl":"https:\/\/www.dehub.netgear.com\/de\/hub\/wp-content\/uploads\/2019\/07\/NETGEAR_logo.jpg","width":1500,"height":501,"caption":"NETGEAR"},"image":{"@id":"https:\/\/dehub.netgear.com\/de\/hub\/#\/schema\/logo\/image\/"},"sameAs":["https:\/\/www.facebook.com\/NetgearAU\/","https:\/\/x.com\/NETGEAR","https:\/\/www.linkedin.com\/company\/netgear"]}]}},"_links":{"self":[{"href":"https:\/\/dehub.netgear.com\/de\/hub\/wp-json\/wp\/v2\/pages\/9954","targetHints":{"allow":["GET"]}}],"collection":[{"href":"https:\/\/dehub.netgear.com\/de\/hub\/wp-json\/wp\/v2\/pages"}],"about":[{"href":"https:\/\/dehub.netgear.com\/de\/hub\/wp-json\/wp\/v2\/types\/page"}],"author":[{"embeddable":true,"href":"https:\/\/dehub.netgear.com\/de\/hub\/wp-json\/wp\/v2\/users\/68"}],"replies":[{"embeddable":true,"href":"https:\/\/dehub.netgear.com\/de\/hub\/wp-json\/wp\/v2\/comments?post=9954"}],"version-history":[{"count":6,"href":"https:\/\/dehub.netgear.com\/de\/hub\/wp-json\/wp\/v2\/pages\/9954\/revisions"}],"predecessor-version":[{"id":10060,"href":"https:\/\/dehub.netgear.com\/de\/hub\/wp-json\/wp\/v2\/pages\/9954\/revisions\/10060"}],"up":[{"embeddable":true,"href":"https:\/\/dehub.netgear.com\/de\/hub\/wp-json\/wp\/v2\/pages\/6081"}],"wp:featuredmedia":[{"embeddable":true,"href":"https:\/\/dehub.netgear.com\/de\/hub\/wp-json\/wp\/v2\/media\/9989"}],"wp:attachment":[{"href":"https:\/\/dehub.netgear.com\/de\/hub\/wp-json\/wp\/v2\/media?parent=9954"}],"curies":[{"name":"wp","href":"https:\/\/api.w.org\/{rel}","templated":true}]}}