{"id":9951,"date":"2024-12-10T07:56:40","date_gmt":"2024-12-10T06:56:40","guid":{"rendered":"https:\/\/dehub.netgear.com\/de\/hub\/?page_id=9951"},"modified":"2024-12-28T06:52:19","modified_gmt":"2024-12-28T05:52:19","slug":"gamer-geschenk-guide","status":"publish","type":"page","link":"https:\/\/dehub.netgear.com\/de\/hub\/network\/gamer-geschenk-guide\/","title":{"rendered":"Der ultimative Gamer-Geschenk-Guide 2024 f\u00fcr Weihnachten"},"content":{"rendered":"    <div class=\"table-of-content bg-gray\">\n        <p><strong>IN THIS ARTICLE<\/strong><\/p>\n        <ul>\n                        <li><a href=\"#topic1\">Lassen Sie uns diesen Gamer-Geschenk-Guide 2024 enth\u00fcllen!<\/a><\/li>\n                        <li><a href=\"#topic2\">Die hei\u00dfesten Spielekonsolen der Weihnachtssaison 2024<\/a><\/li>\n                        <li><a href=\"#topic3\">Die Bedeutung von erstklassigem WLAN f\u00fcr Gaming<\/a><\/li>\n                        <li><a href=\"#topic4\">Ethernet vs. WLAN: Was ist besser f\u00fcr Gaming?<\/a><\/li>\n                        <li><a href=\"#topic5\">Gaming-Netzwerke mit NETGEAR Switches verbessern<\/a><\/li>\n                        <li><a href=\"#topic6\">Spiel-Streaming und Datenmengen beim Download<\/a><\/li>\n                        <li><a href=\"#topic7\">NETGEAR: Die besten L\u00f6sungen f\u00fcr alle Gaming-Bed\u00fcrfnisse<\/a><\/li>\n                        <li><a href=\"#topic8\">Zus\u00e4tzliche Tipps f\u00fcr das ultimative Gaming-Setup<\/a><\/li>\n                        <li><a href=\"#topic9\">Ihre Spielekonsole mit NETGEAR WiFi 7 verbinden<\/a><\/li>\n                    <\/ul>\n    <\/div>\n        <div id=\"topic1\" class=\"skip-item\">\n                        <h2>Lassen Sie uns diesen Gamer-Geschenk-Guide 2024 enth\u00fcllen!<\/h2>\n                <p>Nichts \u00fcbertrifft die Freude des Schenkens w\u00e4hrend der Feiertage \u2013 vor allem, wenn Sie wissen, dass das Geschenk den Beschenkten \u00fcberraschen und begeistern wird. Die Gaming-Industrie boomt mit Innovationen wie KI, virtueller Realit\u00e4t und erweiterter Realit\u00e4t, die ein immersives Spielerlebnis erm\u00f6glichen.<\/p>\n<p>Datenintensives Gaming, Streaming und HD-Konferenzen erfordern alle die Bandbreite von WiFi 7 f\u00fcr optimale Leistung. Die besten Gaming-Router k\u00f6nnen Multi-Gigabit-Ethernet oder drahtlose Konnektivit\u00e4t mit niedriger Latenz und stabiler Leistung bew\u00e4ltigen und bieten so ein lebensechtes Spielerlebnis und einen Wettbewerbsvorteil gegen\u00fcber der Konkurrenz.<\/p>\n<div class=\"explore-btn-area\"><a class=\"explore-btn\" href=\"https:\/\/www.netgear.com\/de\/home\/discover\/wifi7\/\">MEHR ERFAHREN WiFi 7<\/a><\/div>\n    <\/div>\n        <div id=\"topic2\" class=\"skip-item\">\n                        <h2>Die hei\u00dfesten Spielekonsolen der Weihnachtssaison 2024<\/h2>\n                <p>Gaming-Router und Konsolen mit WiFi 7 sind 2024 sehr gefragt. Dieser Trend wird sich fortsetzen, da der WiFi 7-Standard ein gro\u00dfes Upgrade gegen\u00fcber Dual-Band WiFi 5, WiFi 6 und WiFi 6E darstellt. Die neuesten Spielekonsolen und Gaming-Router sind f\u00fcr optimale Leistung mit WiFi 7 optimiert und bieten Funktionen, die auf der Wunschliste vieler Gamer stehen. Zu den beliebtesten Spielekonsolen und Headsets 2024 geh\u00f6ren:<\/p>\n<ul>\n<li><strong>PlayStation\u00ae5 Pro (PS5 Pro)<\/strong> \u2013 Die Tradition der PlayStation setzt sich fort, und einige der weltweit besten Spieleentwickler bereichern ihre neuesten Titel mit beeindruckenden Features, 4K-Streaming, gestochen scharfer Bildqualit\u00e4t und hohen Bildwiederholraten f\u00fcr fortgeschrittene Gamer. F\u00fcr PlayStation-Fans hebt die PlayStation 5 Pro das Schenken auf die n\u00e4chste Stufe. Jetzt mit WiFi 7-Konnektivit\u00e4t f\u00fcr die schnellsten Downloads und das fl\u00fcssigste Game-Streaming.<\/li>\n<li><strong>Steam Deck OLED<\/strong> \u2013 Diese tragbare Konsole ist klar und scharf und ideal f\u00fcr lange Spielsessions. Zu den Funktionen geh\u00f6ren ein gro\u00dfes OLED-Display mit tiefen Farben, eine l\u00e4ngere Akkulaufzeit sowie vollwertige Daumensticks, Tasten und Trigger f\u00fcr einfache Bedienung. Die perfekte tragbare High-Definition-Gaming-Konsole f\u00fcr unterwegs.<\/li>\n<li><strong>Meta Quest 3 VR-Headset<\/strong> \u2013 Virtual-Reality-Headsets bieten jede Menge Spa\u00df, und 2024 hat das VR-Erlebnis gerade erst begonnen. Das Meta Quest 3 VR-Headset verwandelt alles, was Sie sehen, in ein Mixed-Reality-Erlebnis mit Unterhaltung, Performance und Spielen in unglaublicher Detailgenauigkeit. Enth\u00e4lt 6-GHz-WiFi 6E f\u00fcr schnelle Downloads und geringe Latenzzeiten.<\/li>\n<\/ul>\n<p><img loading=\"lazy\" decoding=\"async\" class=\"aligncenter wp-image-9974\" src=\"https:\/\/dehub.netgear.com\/de\/hub\/wp-content\/uploads\/2024\/12\/gettyimages-1281498733-612x612-1-300x200.jpg\" alt=\"\" width=\"593\" height=\"395\" srcset=\"https:\/\/dehub.netgear.com\/de\/hub\/wp-content\/uploads\/2024\/12\/gettyimages-1281498733-612x612-1-300x200.jpg 300w, https:\/\/dehub.netgear.com\/de\/hub\/wp-content\/uploads\/2024\/12\/gettyimages-1281498733-612x612-1.jpg 612w\" sizes=\"auto, (max-width: 593px) 100vw, 593px\" \/><\/p>\n    <\/div>\n        <div id=\"topic3\" class=\"skip-item\">\n                        <h2>Die Bedeutung von erstklassigem WLAN f\u00fcr Gaming<\/h2>\n                <p>Die fortschrittlichsten Gaming- und Streaming-Ger\u00e4te setzen auf WiFi 7 f\u00fcr die schnellstm\u00f6glichen Geschwindigkeiten. NETGEAR WiFi 7-Router nutzen das 2,4-GHz-, 5-GHz- und 6-GHz-Band, um un\u00fcbertroffene Tri-Band- oder Quad-Band-WLAN-Konnektivit\u00e4t f\u00fcr Gaming-Router und Mesh-WLAN-Systeme zu bieten.<\/p>\n<p>Haben Sie genug von Verz\u00f6gerungen, Latenz und Verbindungsproblemen? Erstklassiges WiFi 7 verschafft Ihnen einen Vorteil und erm\u00f6glicht es, gleichzeitig Hunderte von WLAN-Ger\u00e4ten zu verbinden. Die NETGEAR Nighthawk WiFi 7-Router und NETGEAR Orbi WiFi 7-Mesh-Systeme bieten nahtlose Konnektivit\u00e4t f\u00fcr Smart Homes und die n\u00e4chste Generation von Gaming-Ger\u00e4ten, sowohl drahtlos als auch \u00fcber Kabel.<\/p>\n    <\/div>\n        <div id=\"topic4\" class=\"skip-item\">\n                        <h2>Ethernet vs. WLAN: Was ist besser f\u00fcr Gaming?<\/h2>\n                <p>Ethernet-Kabelverbindungen bieten Zuverl\u00e4ssigkeit und ultraschnelle Geschwindigkeiten mit geringer Latenz. Doch die Zeiten \u00e4ndern sich, und die heutigen besten drahtlosen Router k\u00f6nnen F\u00e4higkeiten bieten, die mit Ethernet vergleichbar sind. NETGEAR WiFi 7 vereint das Beste aus beiden Welten mit Multi-Gigabit-Geschwindigkeiten \u00fcber kabelgebundene und drahtlose Verbindungen im gesamten Netzwerk.<\/p>\n<p>Viele professionelle Gamer nutzen dedizierte Ethernet-Anschl\u00fcsse f\u00fcr ihre Spielkonsolen. Die <a href=\"https:\/\/www.netgear.com\/de\/home\/wifi\/routers\/\">NETGEAR Nighthawk<\/a><br \/>\n&#8211; und <a href=\"https:\/\/www.netgear.com\/de\/home\/wifi\/mesh\/\">Orbi-WLAN-Systeme<\/a> bieten mehrere High-Speed-LAN-Ports mit 2,5 Gbit\/s und 10 Gbit\/s, leistungsstarke drahtlose Verbindungen und Router-Satelliten mit Beamforming-Antennen f\u00fcr eine erweiterte WLAN-Abdeckung im ganzen Haus. In den meisten F\u00e4llen bieten WLAN-Extender nur begrenzten Nutzen f\u00fcr Gamer, die hohe Bandbreiten ben\u00f6tigen.<\/p>\n<p><img loading=\"lazy\" decoding=\"async\" class=\" wp-image-9978 aligncenter\" src=\"https:\/\/dehub.netgear.com\/de\/hub\/wp-content\/uploads\/2024\/12\/gettyimages-1280414849-612x612-1-300x200.jpg\" alt=\"\" width=\"455\" height=\"303\" srcset=\"https:\/\/dehub.netgear.com\/de\/hub\/wp-content\/uploads\/2024\/12\/gettyimages-1280414849-612x612-1-300x200.jpg 300w, https:\/\/dehub.netgear.com\/de\/hub\/wp-content\/uploads\/2024\/12\/gettyimages-1280414849-612x612-1.jpg 612w\" sizes=\"auto, (max-width: 455px) 100vw, 455px\" \/><\/p>\n    <\/div>\n        <div id=\"topic5\" class=\"skip-item\">\n                        <h2>Gaming-Netzwerke mit NETGEAR Switches verbessern<\/h2>\n                <p>Die Anzahl der Online-Gaming-Ger\u00e4te, einschlie\u00dflich Gaming-PCs und Laptops mit Multi-Gigabit-Ethernet-F\u00e4higkeiten, w\u00e4chst stetig. Anwendungen mit hoher Bandbreite sind beliebt, sodass ein Upgrade auf WiFi 7 in dieser Weihnachtszeit eine kluge Entscheidung ist. Um dem wachsenden Bedarf an zus\u00e4tzlichen Ethernet-Anschl\u00fcssen gerecht zu werden, umfasst das NETGEAR-Portfolio nun den Next-Gen 2.5G MS308 Multi-Gig-Switch. Dieser Switch-Adapter bietet acht 2,5-Gbit\/s-Ports, sodass mehrere Spieler gleichzeitig ein beeindruckendes Gaming-Erlebnis genie\u00dfen k\u00f6nnen. NETGEAR Switches machen die Anpassung von Gaming-Netzwerken einfach.<\/p>\n    <\/div>\n        <div id=\"topic6\" class=\"skip-item\">\n                        <h2>Spiel-Streaming und Datenmengen beim Download<\/h2>\n                <p>Die Grafik in Spielen wird immer realistischer, was mit gro\u00dfen Download-Gr\u00f6\u00dfen einhergeht. Cloud Gaming bietet hier eine innovative L\u00f6sung, da Spiele direkt aus der Cloud auf Ger\u00e4te wie Laptops, Smartphones oder Gaming-Setups gestreamt werden, ohne gro\u00dfe Downloads. Plattformen wie NVIDIA GeForce NOW, Xbox Cloud Gaming und PlayStation Now erm\u00f6glichen hochaufl\u00f6sende Gaming-Erlebnisse, wobei eine stabile und schnelle Verbindung essenziell ist. Hochleistungsrouter von NETGEAR sorgen f\u00fcr reibungsloses Streaming mit niedriger Latenz f\u00fcr all diese Ger\u00e4te. Gamer auf jedem Level profitieren in der Weihnachtssaison 2024 von der beeindruckenden WiFi 7-Router-Technologie von NETGEAR.<a href=\"https:\/\/dehub.netgear.com\/de\/hub\/technology\/wifi-7-vs-wifi-6\/\"> WiFi 7 baut auf den WiFi 5-, WiFi 6- und WiFi 6E<\/a>-Routern auf und f\u00fchrt revolution\u00e4re neue Technologien ein, darunter:<\/p>\n<ul>\n<li>Multi-Link Operation (MLO)<\/li>\n<li>320 MHz-Kan\u00e4le<\/li>\n<li>Preamble Puncturing<\/li>\n<li>Armor Security mit WPA3-Verschl\u00fcsselung, VPN und Smart Parental Controls<\/li>\n<li>4096 QAM (4K-QAM)<\/li>\n<li>Automatische Firmware-Updates (bei ausgew\u00e4hlten Modellen)<\/li>\n<\/ul>\n<p>WiFi 7, auch als Extremely High Throughput bekannt, bietet die Gbit\/s-Geschwindigkeiten, die Sie f\u00fcr erfolgreiches Cloud-basiertes Multiplayer-Gaming ben\u00f6tigen.<\/p>\n    <\/div>\n        <div id=\"topic7\" class=\"skip-item\">\n                        <h2>NETGEAR: Die besten L\u00f6sungen f\u00fcr alle Gaming-Bed\u00fcrfnisse<\/h2>\n                <p><strong>NETGEAR: Die besten L\u00f6sungen f\u00fcr alle Gaming-Bed\u00fcrfnisse<\/strong><br \/>\nNETGEAR Nighthawk-Router sind seit Jahren bei Gamern beliebt. Mit der Einf\u00fchrung von WiFi 7 wurden Geschwindigkeit, Zuverl\u00e4ssigkeit und Netzwerksicherheit der NETGEAR-Router weiter optimiert. Das Engagement von NETGEAR f\u00fcr hochwertiges Networking-Equipment bleibt ungebrochen und umfasst die besten Quad-Band-Router und Mesh-Systeme mit WiFi 7 f\u00fcr Gaming, Streaming, Home-Office und Unterhaltung. Hier sind einige unschlagbare NETGEAR-Produkte f\u00fcr jede Gaming-Wunschliste 2024.<\/p>\n<h3>Beste Networking-Geschenke f\u00fcr Gamer<\/h3>\n<ul>\n<li>Nighthawk RS700S-Router \u2013 Hochmoderne WiFi 7-Funktionen und Gaming-Optimierungen. Bis zu 19 Gbit\/s, ein 10-Gigabit-Port f\u00fcr priorisierte Verbindungen und Quad-Core-Prozessor von Bitdefender.<\/li>\n<li>Nighthawk RS300-Router \u2013 Bis zu 9,3 Gbit\/s und Abdeckung von bis zu 185 m\u00b2. Die perfekte Kombination aus Leistung und Preis-Leistungs-Verh\u00e4ltnis.<\/li>\n<li>Orbi 970-Mesh-Systeme \u2013 Drahtlose Abdeckung f\u00fcr das gesamte Zuhause, sodass jeder unter einem Dach seinen eigenen Online-Bereich hat. WLAN-Geschwindigkeiten bis zu 27 Gbit\/s f\u00fcr mehr als 200 Ger\u00e4te.<\/li>\n<li>Orbi 770-Mesh-Systeme \u2013 Beseitigen Sie Funkl\u00f6cher und erstellen Sie ein Heimnetzwerk, ein Gastnetzwerk und ein Smart-Home-IoT-Netzwerk. WLAN-Geschwindigkeiten bis zu 11 Gbit\/s f\u00fcr 100 gleichzeitige Ger\u00e4te.<\/li>\n<li>M6 &amp; M6 Pro Mobile Hotspots \u2013 5G-Hotspot-Router, die in \u00fcber 125 L\u00e4ndern freigeschaltet sind. Unschlagbare Mobilit\u00e4t und ein gro\u00dfartiges Geschenk, um auch unterwegs mobil zu spielen.<\/li>\n<\/ul>\n<div class=\"explore-btn-area\"><a class=\"explore-btn\" href=\"https:\/\/www.netgear.com\/de\/home\/wifi\/routers\/\">JETZT KAUFEN NIGHTHAWK WLAN-ROUTER<\/a><\/div>\n<div class=\"explore-btn-area\"><a class=\"explore-btn\" href=\"https:\/\/www.netgear.com\/de\/home\/wifi\/mesh\/\">JETZT KAUFEN ORBI MESH-WLAN<\/a><\/div>\n    <\/div>\n        <div id=\"topic8\" class=\"skip-item\">\n                        <h2>Zus\u00e4tzliche Tipps f\u00fcr das ultimative Gaming-Setup<\/h2>\n                <p>Gaming ist heute ein gro\u00dfes Gesch\u00e4ft in Deutschland. Die Entwicklung der WLAN-Technologie parallel zu Animation und Computertechnologie hat v\u00f6llig neue, immersive Erlebnisse er\u00f6ffnet. Der Einsatz von High-Definition-Headsets zeigt, dass KI gro\u00dfe Fortschritte macht und Virtual Reality gekommen ist, um zu bleiben.<\/p>\n<p>Ein voll ausgestatteter Gaming-Bereich kann einen hochaufl\u00f6senden Monitor, smarte Lautsprecher, einen ergonomischen Gaming-Stuhl, Stimmungsbeleuchtung, eine hochwertige Kamera und USB 3.0-Hub-Verbindungen umfassen.<br \/>\nDie <a href=\"https:\/\/dehub.netgear.com\/de\/hub\/technology\/wifi-7-im-vergleich-zu-wifi-6\/\">NETGEAR WiFi 7-Router<\/a> und Mesh-WLAN-Systeme werden Ihren Gaming-Stil f\u00fcr die kommenden Jahre zukunftssicher machen. Zu den Funktionen geh\u00f6ren 10-Gaming-Ports und eine Kanalbreite von 320 MHz f\u00fcr Multi-Gigabit-Internetverbindungen f\u00fcr jedes Ger\u00e4t im Netzwerk.<\/p>\n    <\/div>\n        <div id=\"topic9\" class=\"skip-item\">\n                        <h2>Ihre Spielekonsole mit NETGEAR WiFi 7 verbinden<\/h2>\n                <p>Nicht alle WLAN-Router sind f\u00fcr Gaming-Traffic gleicherma\u00dfen geeignet. Gamer ben\u00f6tigen Router, die Hochgeschwindigkeitsverbindungen, niedrige Latenz und stabile WLAN-Signale bew\u00e4ltigen k\u00f6nnen, um ein nahtloses Spielerlebnis zu gew\u00e4hrleisten. NETGEAR-Produkte k\u00f6nnen einen gro\u00dfen Unterschied f\u00fcr das Leben eines Gamers machen. Die NETGEAR WiFi 7-Router lassen sich perfekt mit f\u00fchrenden Spielekonsolen konfigurieren, sodass es 2024 reichlich Optionen f\u00fcr eine technikbegeisterte Einkaufsliste gibt.<\/p>\n    <\/div>\n    \n","protected":false},"excerpt":{"rendered":"","protected":false},"author":68,"featured_media":9976,"parent":6081,"menu_order":6,"comment_status":"closed","ping_status":"closed","template":"templates\/mesh-vs-wifi.php","meta":{"_acf_changed":false,"footnotes":""},"class_list":["post-9951","page","type-page","status-publish","has-post-thumbnail","hentry"],"acf":[],"yoast_head":"<!-- This site is optimized with the Yoast SEO plugin v27.5 - https:\/\/yoast.com\/product\/yoast-seo-wordpress\/ -->\n<title>Der ultimative Gamer-Geschenk-Guide 2024 \u2013 Top Weihnachtsideen<\/title>\n<meta name=\"description\" content=\"Schenken Sie Gaming-Fans Freude! Entdecken Sie die besten Gaming-Geschenke 2024, inklusive WiFi 7-Router, Konsolen und VR-Headsets f\u00fcr maximale Leistung.\" \/>\n<meta name=\"robots\" content=\"index, follow, max-snippet:-1, max-image-preview:large, max-video-preview:-1\" \/>\n<link rel=\"canonical\" href=\"https:\/\/dehub.netgear.com\/de\/hub\/network\/gamer-geschenk-guide\/\" \/>\n<meta property=\"og:locale\" content=\"de_DE\" \/>\n<meta property=\"og:type\" content=\"article\" \/>\n<meta property=\"og:title\" content=\"Der ultimative Gamer-Geschenk-Guide 2024 \u2013 Top Weihnachtsideen\" \/>\n<meta property=\"og:description\" content=\"Schenken Sie Gaming-Fans Freude! Entdecken Sie die besten Gaming-Geschenke 2024, inklusive WiFi 7-Router, Konsolen und VR-Headsets f\u00fcr maximale Leistung.\" \/>\n<meta property=\"og:url\" content=\"https:\/\/dehub.netgear.com\/de\/hub\/network\/gamer-geschenk-guide\/\" \/>\n<meta property=\"og:site_name\" content=\"NETGEAR Hub\" \/>\n<meta property=\"article:publisher\" content=\"https:\/\/www.facebook.com\/NetgearAU\/\" \/>\n<meta property=\"article:modified_time\" content=\"2024-12-28T05:52:19+00:00\" \/>\n<meta property=\"og:image\" content=\"https:\/\/dehub.netgear.com\/de\/hub\/wp-content\/uploads\/2024\/12\/gettyimages-1424097655-612x612-1.jpg\" \/>\n\t<meta property=\"og:image:width\" content=\"612\" \/>\n\t<meta property=\"og:image:height\" content=\"408\" \/>\n\t<meta property=\"og:image:type\" content=\"image\/jpeg\" \/>\n<meta name=\"twitter:card\" content=\"summary_large_image\" \/>\n<meta name=\"twitter:site\" content=\"@NETGEAR\" \/>\n<script type=\"application\/ld+json\" class=\"yoast-schema-graph\">{\"@context\":\"https:\\\/\\\/schema.org\",\"@graph\":[{\"@type\":\"WebPage\",\"@id\":\"https:\\\/\\\/dehub.netgear.com\\\/de\\\/hub\\\/network\\\/gamer-geschenk-guide\\\/\",\"url\":\"https:\\\/\\\/dehub.netgear.com\\\/de\\\/hub\\\/network\\\/gamer-geschenk-guide\\\/\",\"name\":\"Der ultimative Gamer-Geschenk-Guide 2024 \u2013 Top Weihnachtsideen\",\"isPartOf\":{\"@id\":\"https:\\\/\\\/dehub.netgear.com\\\/de\\\/hub\\\/#website\"},\"primaryImageOfPage\":{\"@id\":\"https:\\\/\\\/dehub.netgear.com\\\/de\\\/hub\\\/network\\\/gamer-geschenk-guide\\\/#primaryimage\"},\"image\":{\"@id\":\"https:\\\/\\\/dehub.netgear.com\\\/de\\\/hub\\\/network\\\/gamer-geschenk-guide\\\/#primaryimage\"},\"thumbnailUrl\":\"https:\\\/\\\/dehub.netgear.com\\\/de\\\/hub\\\/wp-content\\\/uploads\\\/2024\\\/12\\\/gettyimages-1424097655-612x612-1.jpg\",\"datePublished\":\"2024-12-10T06:56:40+00:00\",\"dateModified\":\"2024-12-28T05:52:19+00:00\",\"description\":\"Schenken Sie Gaming-Fans Freude! Entdecken Sie die besten Gaming-Geschenke 2024, inklusive WiFi 7-Router, Konsolen und VR-Headsets f\u00fcr maximale Leistung.\",\"breadcrumb\":{\"@id\":\"https:\\\/\\\/dehub.netgear.com\\\/de\\\/hub\\\/network\\\/gamer-geschenk-guide\\\/#breadcrumb\"},\"inLanguage\":\"de\",\"potentialAction\":[{\"@type\":\"ReadAction\",\"target\":[\"https:\\\/\\\/dehub.netgear.com\\\/de\\\/hub\\\/network\\\/gamer-geschenk-guide\\\/\"]}]},{\"@type\":\"ImageObject\",\"inLanguage\":\"de\",\"@id\":\"https:\\\/\\\/dehub.netgear.com\\\/de\\\/hub\\\/network\\\/gamer-geschenk-guide\\\/#primaryimage\",\"url\":\"https:\\\/\\\/dehub.netgear.com\\\/de\\\/hub\\\/wp-content\\\/uploads\\\/2024\\\/12\\\/gettyimages-1424097655-612x612-1.jpg\",\"contentUrl\":\"https:\\\/\\\/dehub.netgear.com\\\/de\\\/hub\\\/wp-content\\\/uploads\\\/2024\\\/12\\\/gettyimages-1424097655-612x612-1.jpg\",\"width\":612,\"height\":408,\"caption\":\"gamer holiday\"},{\"@type\":\"BreadcrumbList\",\"@id\":\"https:\\\/\\\/dehub.netgear.com\\\/de\\\/hub\\\/network\\\/gamer-geschenk-guide\\\/#breadcrumb\",\"itemListElement\":[{\"@type\":\"ListItem\",\"position\":1,\"name\":\"Home\",\"item\":\"https:\\\/\\\/dehub.netgear.com\\\/de\\\/hub\\\/\"},{\"@type\":\"ListItem\",\"position\":2,\"name\":\"Heimnetzwerk Artikel\",\"item\":\"https:\\\/\\\/dehub.netgear.com\\\/de\\\/hub\\\/network\\\/\"},{\"@type\":\"ListItem\",\"position\":3,\"name\":\"Der ultimative Gamer-Geschenk-Guide 2024 f\u00fcr Weihnachten\"}]},{\"@type\":\"WebSite\",\"@id\":\"https:\\\/\\\/dehub.netgear.com\\\/de\\\/hub\\\/#website\",\"url\":\"https:\\\/\\\/dehub.netgear.com\\\/de\\\/hub\\\/\",\"name\":\"NETGEAR\",\"description\":\"Erkunden Sie unsere Hub-Seiten und st\u00f6bern Sie in Artikeln, um mehr \u00fcber NETGEAR Produkte und Technologien zu erfahren.\",\"publisher\":{\"@id\":\"https:\\\/\\\/dehub.netgear.com\\\/de\\\/hub\\\/#organization\"},\"potentialAction\":[{\"@type\":\"SearchAction\",\"target\":{\"@type\":\"EntryPoint\",\"urlTemplate\":\"https:\\\/\\\/dehub.netgear.com\\\/de\\\/hub\\\/?s={search_term_string}\"},\"query-input\":{\"@type\":\"PropertyValueSpecification\",\"valueRequired\":true,\"valueName\":\"search_term_string\"}}],\"inLanguage\":\"de\"},{\"@type\":\"Organization\",\"@id\":\"https:\\\/\\\/dehub.netgear.com\\\/de\\\/hub\\\/#organization\",\"name\":\"NETGEAR\",\"url\":\"https:\\\/\\\/dehub.netgear.com\\\/de\\\/hub\\\/\",\"logo\":{\"@type\":\"ImageObject\",\"inLanguage\":\"de\",\"@id\":\"https:\\\/\\\/dehub.netgear.com\\\/de\\\/hub\\\/#\\\/schema\\\/logo\\\/image\\\/\",\"url\":\"https:\\\/\\\/www.dehub.netgear.com\\\/de\\\/hub\\\/wp-content\\\/uploads\\\/2019\\\/07\\\/NETGEAR_logo.jpg\",\"contentUrl\":\"https:\\\/\\\/www.dehub.netgear.com\\\/de\\\/hub\\\/wp-content\\\/uploads\\\/2019\\\/07\\\/NETGEAR_logo.jpg\",\"width\":1500,\"height\":501,\"caption\":\"NETGEAR\"},\"image\":{\"@id\":\"https:\\\/\\\/dehub.netgear.com\\\/de\\\/hub\\\/#\\\/schema\\\/logo\\\/image\\\/\"},\"sameAs\":[\"https:\\\/\\\/www.facebook.com\\\/NetgearAU\\\/\",\"https:\\\/\\\/x.com\\\/NETGEAR\",\"https:\\\/\\\/www.linkedin.com\\\/company\\\/netgear\"]}]}<\/script>\n<!-- \/ Yoast SEO plugin. -->","yoast_head_json":{"title":"Der ultimative Gamer-Geschenk-Guide 2024 \u2013 Top Weihnachtsideen","description":"Schenken Sie Gaming-Fans Freude! Entdecken Sie die besten Gaming-Geschenke 2024, inklusive WiFi 7-Router, Konsolen und VR-Headsets f\u00fcr maximale Leistung.","robots":{"index":"index","follow":"follow","max-snippet":"max-snippet:-1","max-image-preview":"max-image-preview:large","max-video-preview":"max-video-preview:-1"},"canonical":"https:\/\/dehub.netgear.com\/de\/hub\/network\/gamer-geschenk-guide\/","og_locale":"de_DE","og_type":"article","og_title":"Der ultimative Gamer-Geschenk-Guide 2024 \u2013 Top Weihnachtsideen","og_description":"Schenken Sie Gaming-Fans Freude! Entdecken Sie die besten Gaming-Geschenke 2024, inklusive WiFi 7-Router, Konsolen und VR-Headsets f\u00fcr maximale Leistung.","og_url":"https:\/\/dehub.netgear.com\/de\/hub\/network\/gamer-geschenk-guide\/","og_site_name":"NETGEAR Hub","article_publisher":"https:\/\/www.facebook.com\/NetgearAU\/","article_modified_time":"2024-12-28T05:52:19+00:00","og_image":[{"width":612,"height":408,"url":"https:\/\/dehub.netgear.com\/de\/hub\/wp-content\/uploads\/2024\/12\/gettyimages-1424097655-612x612-1.jpg","type":"image\/jpeg"}],"twitter_card":"summary_large_image","twitter_site":"@NETGEAR","schema":{"@context":"https:\/\/schema.org","@graph":[{"@type":"WebPage","@id":"https:\/\/dehub.netgear.com\/de\/hub\/network\/gamer-geschenk-guide\/","url":"https:\/\/dehub.netgear.com\/de\/hub\/network\/gamer-geschenk-guide\/","name":"Der ultimative Gamer-Geschenk-Guide 2024 \u2013 Top Weihnachtsideen","isPartOf":{"@id":"https:\/\/dehub.netgear.com\/de\/hub\/#website"},"primaryImageOfPage":{"@id":"https:\/\/dehub.netgear.com\/de\/hub\/network\/gamer-geschenk-guide\/#primaryimage"},"image":{"@id":"https:\/\/dehub.netgear.com\/de\/hub\/network\/gamer-geschenk-guide\/#primaryimage"},"thumbnailUrl":"https:\/\/dehub.netgear.com\/de\/hub\/wp-content\/uploads\/2024\/12\/gettyimages-1424097655-612x612-1.jpg","datePublished":"2024-12-10T06:56:40+00:00","dateModified":"2024-12-28T05:52:19+00:00","description":"Schenken Sie Gaming-Fans Freude! Entdecken Sie die besten Gaming-Geschenke 2024, inklusive WiFi 7-Router, Konsolen und VR-Headsets f\u00fcr maximale Leistung.","breadcrumb":{"@id":"https:\/\/dehub.netgear.com\/de\/hub\/network\/gamer-geschenk-guide\/#breadcrumb"},"inLanguage":"de","potentialAction":[{"@type":"ReadAction","target":["https:\/\/dehub.netgear.com\/de\/hub\/network\/gamer-geschenk-guide\/"]}]},{"@type":"ImageObject","inLanguage":"de","@id":"https:\/\/dehub.netgear.com\/de\/hub\/network\/gamer-geschenk-guide\/#primaryimage","url":"https:\/\/dehub.netgear.com\/de\/hub\/wp-content\/uploads\/2024\/12\/gettyimages-1424097655-612x612-1.jpg","contentUrl":"https:\/\/dehub.netgear.com\/de\/hub\/wp-content\/uploads\/2024\/12\/gettyimages-1424097655-612x612-1.jpg","width":612,"height":408,"caption":"gamer holiday"},{"@type":"BreadcrumbList","@id":"https:\/\/dehub.netgear.com\/de\/hub\/network\/gamer-geschenk-guide\/#breadcrumb","itemListElement":[{"@type":"ListItem","position":1,"name":"Home","item":"https:\/\/dehub.netgear.com\/de\/hub\/"},{"@type":"ListItem","position":2,"name":"Heimnetzwerk Artikel","item":"https:\/\/dehub.netgear.com\/de\/hub\/network\/"},{"@type":"ListItem","position":3,"name":"Der ultimative Gamer-Geschenk-Guide 2024 f\u00fcr Weihnachten"}]},{"@type":"WebSite","@id":"https:\/\/dehub.netgear.com\/de\/hub\/#website","url":"https:\/\/dehub.netgear.com\/de\/hub\/","name":"NETGEAR","description":"Erkunden Sie unsere Hub-Seiten und st\u00f6bern Sie in Artikeln, um mehr \u00fcber NETGEAR Produkte und Technologien zu erfahren.","publisher":{"@id":"https:\/\/dehub.netgear.com\/de\/hub\/#organization"},"potentialAction":[{"@type":"SearchAction","target":{"@type":"EntryPoint","urlTemplate":"https:\/\/dehub.netgear.com\/de\/hub\/?s={search_term_string}"},"query-input":{"@type":"PropertyValueSpecification","valueRequired":true,"valueName":"search_term_string"}}],"inLanguage":"de"},{"@type":"Organization","@id":"https:\/\/dehub.netgear.com\/de\/hub\/#organization","name":"NETGEAR","url":"https:\/\/dehub.netgear.com\/de\/hub\/","logo":{"@type":"ImageObject","inLanguage":"de","@id":"https:\/\/dehub.netgear.com\/de\/hub\/#\/schema\/logo\/image\/","url":"https:\/\/www.dehub.netgear.com\/de\/hub\/wp-content\/uploads\/2019\/07\/NETGEAR_logo.jpg","contentUrl":"https:\/\/www.dehub.netgear.com\/de\/hub\/wp-content\/uploads\/2019\/07\/NETGEAR_logo.jpg","width":1500,"height":501,"caption":"NETGEAR"},"image":{"@id":"https:\/\/dehub.netgear.com\/de\/hub\/#\/schema\/logo\/image\/"},"sameAs":["https:\/\/www.facebook.com\/NetgearAU\/","https:\/\/x.com\/NETGEAR","https:\/\/www.linkedin.com\/company\/netgear"]}]}},"_links":{"self":[{"href":"https:\/\/dehub.netgear.com\/de\/hub\/wp-json\/wp\/v2\/pages\/9951","targetHints":{"allow":["GET"]}}],"collection":[{"href":"https:\/\/dehub.netgear.com\/de\/hub\/wp-json\/wp\/v2\/pages"}],"about":[{"href":"https:\/\/dehub.netgear.com\/de\/hub\/wp-json\/wp\/v2\/types\/page"}],"author":[{"embeddable":true,"href":"https:\/\/dehub.netgear.com\/de\/hub\/wp-json\/wp\/v2\/users\/68"}],"replies":[{"embeddable":true,"href":"https:\/\/dehub.netgear.com\/de\/hub\/wp-json\/wp\/v2\/comments?post=9951"}],"version-history":[{"count":9,"href":"https:\/\/dehub.netgear.com\/de\/hub\/wp-json\/wp\/v2\/pages\/9951\/revisions"}],"predecessor-version":[{"id":10059,"href":"https:\/\/dehub.netgear.com\/de\/hub\/wp-json\/wp\/v2\/pages\/9951\/revisions\/10059"}],"up":[{"embeddable":true,"href":"https:\/\/dehub.netgear.com\/de\/hub\/wp-json\/wp\/v2\/pages\/6081"}],"wp:featuredmedia":[{"embeddable":true,"href":"https:\/\/dehub.netgear.com\/de\/hub\/wp-json\/wp\/v2\/media\/9976"}],"wp:attachment":[{"href":"https:\/\/dehub.netgear.com\/de\/hub\/wp-json\/wp\/v2\/media?parent=9951"}],"curies":[{"name":"wp","href":"https:\/\/api.w.org\/{rel}","templated":true}]}}