{"id":9749,"date":"2024-10-28T17:43:30","date_gmt":"2024-10-28T16:43:30","guid":{"rendered":"https:\/\/www.dehub.netgear.com\/de\/hub\/?page_id=9749"},"modified":"2025-10-30T12:02:28","modified_gmt":"2025-10-30T11:02:28","slug":"mobiles-internet-wohnwagen-camping","status":"publish","type":"page","link":"https:\/\/dehub.netgear.com\/de\/hub\/wifi\/mobile\/mobiles-internet-wohnwagen-camping\/","title":{"rendered":"Wie bleibt man unterwegs online im Wohnwagen?"},"content":{"rendered":"<p>Wenn das Internet ausf\u00e4llt &#8211; Das Horrorszenario unterwegs<br \/>\nF\u00fcr Camper, Van-Lifer und alle sonstigen digitalen Nomaden, die von unterwegs aus arbeiten, geht der smarte Lifestyle allerdings nur solange gut, wie eine funktionierende Internetverbindung vorhanden und nutzbar ist. Bricht das Internet unterwegs aus verschiedensten Gr\u00fcnden ab &#8211; kurz gesagt: Filmriss &#8211; oder ist es dauerhaft zu schwach, sodass man bei jedem neuen Campingplatz \u201cWLAN-Roulette\u201d spielen muss, kann dies relativ schnell zu einem existenziellen Problem werden\u2026<\/p>\n<p>Auf Reisen sein, sich auf Abenteuer begeben und trotzdem online seine Arbeit erledigen\u2026 Das ist nicht nur eine Wunschvorstellung, sondern ein Lifestyle, den immer mehr Menschen aktiv leben, dank mobilem Internet f\u00fcr unterwegs! In der heutigen digitalisierten und eben auch gut vernetzten Welt gibt es zahlreiche individuelle Lebenskonzepte f\u00fcr abenteuerlustige Menschen, die pl\u00f6tzlich eine echte Alternative zu &#8222;9-to-5-Jobs&#8220; darstellen. Sind auch Sie einer dieser Gl\u00fcckspilze, die von unterwegs aus arbeiten d\u00fcrfen?<\/p>\n<p>Ob das Reisen im Wohnmobil, im Gel\u00e4ndewagen oder auf dem Motorrad stattfindet &#8211; wer fremde L\u00e4ndern erkunden will, sich auf einen Selbstfindungstrip begeben m\u00f6chte oder sogar ehrenamtliche Auslandseins\u00e4tze plant, kann diese bewusst gew\u00e4hlte Work-Life-Balance jetzt nachhaltiger gestalten als je zuvor: Online-Arbeit und WLAN-Reise-Routern sei dank. Dass Online-Arbeitspl\u00e4tze heutzutage tats\u00e4chlich ein regelm\u00e4\u00dfiges Einkommen erm\u00f6glichen, liegt zum einen an einer immer vernetzteren Welt, die \u00fcberall Internet bietet und zum anderen an einer zunehmenden Beliebtheit und Akzeptanz von Remote-Work bzw. Home-Office, sowohl bei Arbeitnehmern als auch Arbeitgebern.<br \/>\n    <div class=\"table-of-content bg-gray\">\n        <p><strong>IN THIS ARTICLE<\/strong><\/p>\n        <ul>\n                        <li><a href=\"#topic1\">Die vier Methoden f\u00fcr drahtloses Internet im Wohnmobil<\/a><\/li>\n                        <li><a href=\"#topic2\">Favorit f\u00fcr Camping &amp; mehr: der mobile WLAN-Router<\/a><\/li>\n                        <li><a href=\"#topic3\">Mobile Router von NETGEAR: beste mobile Hotspots f\u00fcr Reisen<\/a><\/li>\n                    <\/ul>\n    <\/div>\n        <div id=\"topic1\" class=\"skip-item\">\n                        <h2>Die vier Methoden f\u00fcr drahtloses Internet im Wohnmobil<\/h2>\n                <p>Um unn\u00f6tigen Internet-Stress zu vermeiden, sollten sich alle Reiselustigen in Sachen Internet auf Reisen im Voraus klar machen, wie a b h \u00e4 n g i g sie und ihr \u00f6rtlich ungebundenes Leben tats\u00e4chlich von einer guten Internetverbindung sind! Deswegen lautet die Devise: Netztechnisch sollte man sich vor einer l\u00e4ngeren Reise unbedingt rechtzeitig professionell aufstellen, sodass man im Zweifelsfall eine Alternative parat hat. Es gibt vier Methoden f\u00fcr drahtloses <a href=\"https:\/\/www.dehub.netgear.com\/de\/hub\/wifi\/mobile\/mobiles-internet-fur-wohnwagen\/\">Internet im Wohnmobil<\/a>:<\/p>\n<ul>\n<li><strong>Smartphone als Hotspot nutzen<\/strong> \u2013 Praktisch, aber beansprucht schnell Akku und Nerven.<\/li>\n<li><strong>\u00d6ffentliche WLAN-Netzwerke<\/strong> \u2013 Mit Verst\u00e4rker m\u00f6glich, aber oft instabil und unsicher f\u00fcr pers\u00f6nliche Daten.<\/li>\n<li><strong>Satellitensch\u00fcssel<\/strong> \u2013 Leistungsstark, jedoch teuer und nur f\u00fcr abgelegene Orte oder spezielle Reisen geeignet.<\/li>\n<li><strong>Mobiler WLAN-Router<\/strong> \u2013 Die beste Option: stabil, flexibel mit SIM-Karte, volle Kostenkontrolle und ohne Roaming-Probleme.<\/li>\n<\/ul>\n    <\/div>\n        <div id=\"topic2\" class=\"skip-item\">\n                        <h2>Favorit f\u00fcr Camping &amp; mehr: der mobile WLAN-Router<\/h2>\n                <p>Die beste Option f\u00fcr drahtloses Internet auf Reisen, ist und bleibt der mobile WLAN-Router, auch bekannt als Reise-Router. Warum sind mobile WLAN-Router tats\u00e4chlich die unterm Strich beste Wireless-Option, um auf Reisen und im Wohnmobil online zu gehen? Zun\u00e4chst einmal garantieren <a href=\"https:\/\/www.dehub.netgear.com\/de\/hub\/wifi\/mobile\/router-auswahl-tipps\/\">WLAN-Router<\/a>, ob f\u00fcr zu Hause oder f\u00fcr unterwegs, grunds\u00e4tzlich eine schnelle, stabile und private Internetverbindung im Gegensatz zu \u00f6ffentlichen Netzwerken. Dann haben <a href=\"https:\/\/www.dehub.netgear.com\/de\/hub\/wifi\/mobile\/sicheres-wlan-mit-mobilen-routern\/\">WLAN-Router<\/a> in ihrer Wireless-Version den Vorteil, dass sie den Mobilfunk nutzen, was bedeutet, dass sie sich \u00e4u\u00dferst praktisch \u00fcber eine SIM-Karte des jeweiligen Landes, in dem man sich befindet, bedienen lassen. So bleibt man weltweit flexibel bei der Wahl seines bevorzugten Datentarifs. In Form einer Prepaid-SIM-Karte haben Nutzer eines drahtlosen Wifi-Routers au\u00dferdem die volle Kostenkontrolle, eine bessere \u00dcbersicht \u00fcber den eigenen Datenverbrauch und m\u00fcssen sich dar\u00fcber hinaus nicht mit Roaming-Kontingenten jonglieren.<\/p>\n<p><img loading=\"lazy\" decoding=\"async\" class=\"wp-image-9671 aligncenter\" src=\"https:\/\/www.dehub.netgear.com\/de\/hub\/wp-content\/uploads\/2024\/10\/gettyimages-613668362-612x612-1-300x200.jpg\" alt=\"\" width=\"641\" height=\"427\" srcset=\"https:\/\/dehub.netgear.com\/de\/hub\/wp-content\/uploads\/2024\/10\/gettyimages-613668362-612x612-1-300x200.jpg 300w, https:\/\/dehub.netgear.com\/de\/hub\/wp-content\/uploads\/2024\/10\/gettyimages-613668362-612x612-1.jpg 612w\" sizes=\"auto, (max-width: 641px) 100vw, 641px\" \/><\/p>\n    <\/div>\n        <div id=\"topic3\" class=\"skip-item\">\n                        <h2>Mobile Router von NETGEAR: beste mobile Hotspots f\u00fcr Reisen<\/h2>\n                <p>WLAN on the Go: Seri\u00f6ses, tragbares WLAN f\u00fcr unterwegs kann also so einfach sein: mobilen Router kaufen, SIM-Karte einstecken und lossurfen! Vorausgesetzt nat\u00fcrlich, man entscheidet sich von Anfang an f\u00fcr ein hochwertiges Produkt. Mit einem mobilen Hotspot-Router von NETGEAR sind Sie auf jeden Fall bestens ger\u00fcstet und auf der sicheren Seite. Auf der Webseite In der Sparte mobiles WLAN pr\u00e4sentiert NETGEAR seine state-of-the-art 4G\/5G Drahtlos-Router f\u00fcr unterwegs https:\/\/www.dehub.netgear.com\/de\/home\/mobile-wifi\/routers\/. Die technisch ausgereiften und speziell f\u00fcr den mobilen Einsatz konzipierten NIGHTHAWK-Modelle M6 und <a href=\"https:\/\/www.dehub.netgear.com\/de\/hub\/wifi\/mobile\/unterwegs-vernetzt\/\">M6Pro<\/a> f\u00fchren die Liga leistungsf\u00e4higer, moderner, mobiler Drahtlos-Router an und stehen daher seit Jahren an der Spitze der Beliebtheitsskala bei digitalen Nomaden und Abenteurern im Bereich WLAN-Camping.<\/p>\n<h2><img loading=\"lazy\" decoding=\"async\" class=\" wp-image-9760 aligncenter\" src=\"https:\/\/www.dehub.netgear.com\/de\/hub\/wp-content\/uploads\/2024\/10\/M6-PRO-300x300.png\" alt=\"m6Pro\" width=\"419\" height=\"419\" srcset=\"https:\/\/dehub.netgear.com\/de\/hub\/wp-content\/uploads\/2024\/10\/M6-PRO-300x300.png 300w, https:\/\/dehub.netgear.com\/de\/hub\/wp-content\/uploads\/2024\/10\/M6-PRO-150x150.png 150w, https:\/\/dehub.netgear.com\/de\/hub\/wp-content\/uploads\/2024\/10\/M6-PRO-425x425.png 425w, https:\/\/dehub.netgear.com\/de\/hub\/wp-content\/uploads\/2024\/10\/M6-PRO.png 600w\" sizes=\"auto, (max-width: 419px) 100vw, 419px\" \/><\/h2>\n<p>&nbsp;<\/p>\n<h2>FAZIT<\/h2>\n<p>Unterwegs und vernetzt mit der Welt &#8211; ein voller Erfolg dank NETGEAR-Nighthawk<br \/>\nOb Sie mit der Familie campen gehen, mit Freunden oder solo Outdoor-Abenteuer wahr werden lassen, oder aber als klassischer digitaler Nomade durch die Welt ziehen- mit einem <a href=\"https:\/\/www.dehub.netgear.com\/de\/hub\/wifi\/routers\/mobilen-hotspots-wohnwagen\/\">Nighthawk-Router<\/a> von NETGEAR in der Tasche, bewegen Sie sich immer auf der sicheren Seite! NETGEAR lohnt sich. Weltweit.<br \/>\nWir beraten Sie gerne.<\/p>\n<div class=\"explore-btn-area\"><a class=\"explore-btn\" href=\"https:\/\/www.netgear.com\/de\/home\/mobile-wifi\/hotspots\/\">MEHR ERFAHREN NIGHTHAWK WLAN-ROUTER<\/a><\/div>\n    <\/div>\n    <\/p>\n","protected":false},"excerpt":{"rendered":"<p>Wenn das Internet ausf\u00e4llt &#8211; Das Horrorszenario unterwegs F\u00fcr Camper, Van-Lifer und alle sonstigen digitalen Nomaden, die von unterwegs aus arbeiten, geht der smarte Lifestyle allerdings nur solange gut, wie eine funktionierende Internetverbindung vorhanden und nutzbar ist. Bricht das Internet unterwegs aus verschiedensten Gr\u00fcnden ab &#8211; kurz gesagt: Filmriss &#8211; oder ist es dauerhaft zu [&hellip;]<\/p>\n","protected":false},"author":68,"featured_media":9800,"parent":6701,"menu_order":1,"comment_status":"closed","ping_status":"closed","template":"templates\/mesh-vs-wifi.php","meta":{"_acf_changed":false,"footnotes":""},"class_list":["post-9749","page","type-page","status-publish","has-post-thumbnail","hentry"],"acf":[],"yoast_head":"<!-- This site is optimized with the Yoast SEO plugin v27.5 - https:\/\/yoast.com\/product\/yoast-seo-wordpress\/ -->\n<title>Mobiles Internet f\u00fcr Wohnwagen: So bleiben Sie online unterwegs<\/title>\n<meta name=\"description\" content=\"Entdecken Sie die besten Methoden f\u00fcr mobiles Internet im Wohnwagen, von WLAN-Routern bis Hotspots. Ideal f\u00fcr Remote-Arbeit und Abenteuer on the go.\" \/>\n<meta name=\"robots\" content=\"index, follow, max-snippet:-1, max-image-preview:large, max-video-preview:-1\" \/>\n<link rel=\"canonical\" href=\"https:\/\/dehub.netgear.com\/de\/hub\/wifi\/mobile\/mobiles-internet-wohnwagen-camping\/\" \/>\n<meta property=\"og:locale\" content=\"de_DE\" \/>\n<meta property=\"og:type\" content=\"article\" \/>\n<meta property=\"og:title\" content=\"Mobiles Internet f\u00fcr Wohnwagen: So bleiben Sie online unterwegs\" \/>\n<meta property=\"og:description\" content=\"Entdecken Sie die besten Methoden f\u00fcr mobiles Internet im Wohnwagen, von WLAN-Routern bis Hotspots. Ideal f\u00fcr Remote-Arbeit und Abenteuer on the go.\" \/>\n<meta property=\"og:url\" content=\"https:\/\/dehub.netgear.com\/de\/hub\/wifi\/mobile\/mobiles-internet-wohnwagen-camping\/\" \/>\n<meta property=\"og:site_name\" content=\"NETGEAR Hub\" \/>\n<meta property=\"article:publisher\" content=\"https:\/\/www.facebook.com\/NetgearAU\/\" \/>\n<meta property=\"article:modified_time\" content=\"2025-10-30T11:02:28+00:00\" \/>\n<meta property=\"og:image\" content=\"https:\/\/dehub.netgear.com\/de\/hub\/wp-content\/uploads\/2024\/10\/gettyimages-2162571493-612x612-2.jpg\" \/>\n\t<meta property=\"og:image:width\" content=\"612\" \/>\n\t<meta property=\"og:image:height\" content=\"407\" \/>\n\t<meta property=\"og:image:type\" content=\"image\/jpeg\" \/>\n<meta name=\"twitter:card\" content=\"summary_large_image\" \/>\n<meta name=\"twitter:site\" content=\"@NETGEAR\" \/>\n<meta name=\"twitter:label1\" content=\"Gesch\u00e4tzte Lesezeit\" \/>\n\t<meta name=\"twitter:data1\" content=\"1\u00a0Minute\" \/>\n<script type=\"application\/ld+json\" class=\"yoast-schema-graph\">{\"@context\":\"https:\\\/\\\/schema.org\",\"@graph\":[{\"@type\":\"WebPage\",\"@id\":\"https:\\\/\\\/dehub.netgear.com\\\/de\\\/hub\\\/wifi\\\/mobile\\\/mobiles-internet-wohnwagen-camping\\\/\",\"url\":\"https:\\\/\\\/dehub.netgear.com\\\/de\\\/hub\\\/wifi\\\/mobile\\\/mobiles-internet-wohnwagen-camping\\\/\",\"name\":\"Mobiles Internet f\u00fcr Wohnwagen: So bleiben Sie online unterwegs\",\"isPartOf\":{\"@id\":\"https:\\\/\\\/dehub.netgear.com\\\/de\\\/hub\\\/#website\"},\"primaryImageOfPage\":{\"@id\":\"https:\\\/\\\/dehub.netgear.com\\\/de\\\/hub\\\/wifi\\\/mobile\\\/mobiles-internet-wohnwagen-camping\\\/#primaryimage\"},\"image\":{\"@id\":\"https:\\\/\\\/dehub.netgear.com\\\/de\\\/hub\\\/wifi\\\/mobile\\\/mobiles-internet-wohnwagen-camping\\\/#primaryimage\"},\"thumbnailUrl\":\"https:\\\/\\\/dehub.netgear.com\\\/de\\\/hub\\\/wp-content\\\/uploads\\\/2024\\\/10\\\/gettyimages-2162571493-612x612-2.jpg\",\"datePublished\":\"2024-10-28T16:43:30+00:00\",\"dateModified\":\"2025-10-30T11:02:28+00:00\",\"description\":\"Entdecken Sie die besten Methoden f\u00fcr mobiles Internet im Wohnwagen, von WLAN-Routern bis Hotspots. Ideal f\u00fcr Remote-Arbeit und Abenteuer on the go.\",\"breadcrumb\":{\"@id\":\"https:\\\/\\\/dehub.netgear.com\\\/de\\\/hub\\\/wifi\\\/mobile\\\/mobiles-internet-wohnwagen-camping\\\/#breadcrumb\"},\"inLanguage\":\"de\",\"potentialAction\":[{\"@type\":\"ReadAction\",\"target\":[\"https:\\\/\\\/dehub.netgear.com\\\/de\\\/hub\\\/wifi\\\/mobile\\\/mobiles-internet-wohnwagen-camping\\\/\"]}]},{\"@type\":\"ImageObject\",\"inLanguage\":\"de\",\"@id\":\"https:\\\/\\\/dehub.netgear.com\\\/de\\\/hub\\\/wifi\\\/mobile\\\/mobiles-internet-wohnwagen-camping\\\/#primaryimage\",\"url\":\"https:\\\/\\\/dehub.netgear.com\\\/de\\\/hub\\\/wp-content\\\/uploads\\\/2024\\\/10\\\/gettyimages-2162571493-612x612-2.jpg\",\"contentUrl\":\"https:\\\/\\\/dehub.netgear.com\\\/de\\\/hub\\\/wp-content\\\/uploads\\\/2024\\\/10\\\/gettyimages-2162571493-612x612-2.jpg\",\"width\":612,\"height\":407},{\"@type\":\"BreadcrumbList\",\"@id\":\"https:\\\/\\\/dehub.netgear.com\\\/de\\\/hub\\\/wifi\\\/mobile\\\/mobiles-internet-wohnwagen-camping\\\/#breadcrumb\",\"itemListElement\":[{\"@type\":\"ListItem\",\"position\":1,\"name\":\"Home\",\"item\":\"https:\\\/\\\/dehub.netgear.com\\\/de\\\/hub\\\/\"},{\"@type\":\"ListItem\",\"position\":2,\"name\":\"WiFi Tech Articles Hub\",\"item\":\"https:\\\/\\\/dehub.netgear.com\\\/de\\\/hub\\\/wifi\\\/\"},{\"@type\":\"ListItem\",\"position\":3,\"name\":\"Mobiler WLAN-Artikel-Hub\",\"item\":\"https:\\\/\\\/dehub.netgear.com\\\/de\\\/hub\\\/wifi\\\/mobile\\\/\"},{\"@type\":\"ListItem\",\"position\":4,\"name\":\"Wie bleibt man unterwegs online im Wohnwagen?\"}]},{\"@type\":\"WebSite\",\"@id\":\"https:\\\/\\\/dehub.netgear.com\\\/de\\\/hub\\\/#website\",\"url\":\"https:\\\/\\\/dehub.netgear.com\\\/de\\\/hub\\\/\",\"name\":\"NETGEAR\",\"description\":\"Erkunden Sie unsere Hub-Seiten und st\u00f6bern Sie in Artikeln, um mehr \u00fcber NETGEAR Produkte und Technologien zu erfahren.\",\"publisher\":{\"@id\":\"https:\\\/\\\/dehub.netgear.com\\\/de\\\/hub\\\/#organization\"},\"potentialAction\":[{\"@type\":\"SearchAction\",\"target\":{\"@type\":\"EntryPoint\",\"urlTemplate\":\"https:\\\/\\\/dehub.netgear.com\\\/de\\\/hub\\\/?s={search_term_string}\"},\"query-input\":{\"@type\":\"PropertyValueSpecification\",\"valueRequired\":true,\"valueName\":\"search_term_string\"}}],\"inLanguage\":\"de\"},{\"@type\":\"Organization\",\"@id\":\"https:\\\/\\\/dehub.netgear.com\\\/de\\\/hub\\\/#organization\",\"name\":\"NETGEAR\",\"url\":\"https:\\\/\\\/dehub.netgear.com\\\/de\\\/hub\\\/\",\"logo\":{\"@type\":\"ImageObject\",\"inLanguage\":\"de\",\"@id\":\"https:\\\/\\\/dehub.netgear.com\\\/de\\\/hub\\\/#\\\/schema\\\/logo\\\/image\\\/\",\"url\":\"https:\\\/\\\/www.dehub.netgear.com\\\/de\\\/hub\\\/wp-content\\\/uploads\\\/2019\\\/07\\\/NETGEAR_logo.jpg\",\"contentUrl\":\"https:\\\/\\\/www.dehub.netgear.com\\\/de\\\/hub\\\/wp-content\\\/uploads\\\/2019\\\/07\\\/NETGEAR_logo.jpg\",\"width\":1500,\"height\":501,\"caption\":\"NETGEAR\"},\"image\":{\"@id\":\"https:\\\/\\\/dehub.netgear.com\\\/de\\\/hub\\\/#\\\/schema\\\/logo\\\/image\\\/\"},\"sameAs\":[\"https:\\\/\\\/www.facebook.com\\\/NetgearAU\\\/\",\"https:\\\/\\\/x.com\\\/NETGEAR\",\"https:\\\/\\\/www.linkedin.com\\\/company\\\/netgear\"]}]}<\/script>\n<!-- \/ Yoast SEO plugin. -->","yoast_head_json":{"title":"Mobiles Internet f\u00fcr Wohnwagen: So bleiben Sie online unterwegs","description":"Entdecken Sie die besten Methoden f\u00fcr mobiles Internet im Wohnwagen, von WLAN-Routern bis Hotspots. Ideal f\u00fcr Remote-Arbeit und Abenteuer on the go.","robots":{"index":"index","follow":"follow","max-snippet":"max-snippet:-1","max-image-preview":"max-image-preview:large","max-video-preview":"max-video-preview:-1"},"canonical":"https:\/\/dehub.netgear.com\/de\/hub\/wifi\/mobile\/mobiles-internet-wohnwagen-camping\/","og_locale":"de_DE","og_type":"article","og_title":"Mobiles Internet f\u00fcr Wohnwagen: So bleiben Sie online unterwegs","og_description":"Entdecken Sie die besten Methoden f\u00fcr mobiles Internet im Wohnwagen, von WLAN-Routern bis Hotspots. Ideal f\u00fcr Remote-Arbeit und Abenteuer on the go.","og_url":"https:\/\/dehub.netgear.com\/de\/hub\/wifi\/mobile\/mobiles-internet-wohnwagen-camping\/","og_site_name":"NETGEAR Hub","article_publisher":"https:\/\/www.facebook.com\/NetgearAU\/","article_modified_time":"2025-10-30T11:02:28+00:00","og_image":[{"width":612,"height":407,"url":"https:\/\/dehub.netgear.com\/de\/hub\/wp-content\/uploads\/2024\/10\/gettyimages-2162571493-612x612-2.jpg","type":"image\/jpeg"}],"twitter_card":"summary_large_image","twitter_site":"@NETGEAR","twitter_misc":{"Gesch\u00e4tzte Lesezeit":"1\u00a0Minute"},"schema":{"@context":"https:\/\/schema.org","@graph":[{"@type":"WebPage","@id":"https:\/\/dehub.netgear.com\/de\/hub\/wifi\/mobile\/mobiles-internet-wohnwagen-camping\/","url":"https:\/\/dehub.netgear.com\/de\/hub\/wifi\/mobile\/mobiles-internet-wohnwagen-camping\/","name":"Mobiles Internet f\u00fcr Wohnwagen: So bleiben Sie online unterwegs","isPartOf":{"@id":"https:\/\/dehub.netgear.com\/de\/hub\/#website"},"primaryImageOfPage":{"@id":"https:\/\/dehub.netgear.com\/de\/hub\/wifi\/mobile\/mobiles-internet-wohnwagen-camping\/#primaryimage"},"image":{"@id":"https:\/\/dehub.netgear.com\/de\/hub\/wifi\/mobile\/mobiles-internet-wohnwagen-camping\/#primaryimage"},"thumbnailUrl":"https:\/\/dehub.netgear.com\/de\/hub\/wp-content\/uploads\/2024\/10\/gettyimages-2162571493-612x612-2.jpg","datePublished":"2024-10-28T16:43:30+00:00","dateModified":"2025-10-30T11:02:28+00:00","description":"Entdecken Sie die besten Methoden f\u00fcr mobiles Internet im Wohnwagen, von WLAN-Routern bis Hotspots. Ideal f\u00fcr Remote-Arbeit und Abenteuer on the go.","breadcrumb":{"@id":"https:\/\/dehub.netgear.com\/de\/hub\/wifi\/mobile\/mobiles-internet-wohnwagen-camping\/#breadcrumb"},"inLanguage":"de","potentialAction":[{"@type":"ReadAction","target":["https:\/\/dehub.netgear.com\/de\/hub\/wifi\/mobile\/mobiles-internet-wohnwagen-camping\/"]}]},{"@type":"ImageObject","inLanguage":"de","@id":"https:\/\/dehub.netgear.com\/de\/hub\/wifi\/mobile\/mobiles-internet-wohnwagen-camping\/#primaryimage","url":"https:\/\/dehub.netgear.com\/de\/hub\/wp-content\/uploads\/2024\/10\/gettyimages-2162571493-612x612-2.jpg","contentUrl":"https:\/\/dehub.netgear.com\/de\/hub\/wp-content\/uploads\/2024\/10\/gettyimages-2162571493-612x612-2.jpg","width":612,"height":407},{"@type":"BreadcrumbList","@id":"https:\/\/dehub.netgear.com\/de\/hub\/wifi\/mobile\/mobiles-internet-wohnwagen-camping\/#breadcrumb","itemListElement":[{"@type":"ListItem","position":1,"name":"Home","item":"https:\/\/dehub.netgear.com\/de\/hub\/"},{"@type":"ListItem","position":2,"name":"WiFi Tech Articles Hub","item":"https:\/\/dehub.netgear.com\/de\/hub\/wifi\/"},{"@type":"ListItem","position":3,"name":"Mobiler WLAN-Artikel-Hub","item":"https:\/\/dehub.netgear.com\/de\/hub\/wifi\/mobile\/"},{"@type":"ListItem","position":4,"name":"Wie bleibt man unterwegs online im Wohnwagen?"}]},{"@type":"WebSite","@id":"https:\/\/dehub.netgear.com\/de\/hub\/#website","url":"https:\/\/dehub.netgear.com\/de\/hub\/","name":"NETGEAR","description":"Erkunden Sie unsere Hub-Seiten und st\u00f6bern Sie in Artikeln, um mehr \u00fcber NETGEAR Produkte und Technologien zu erfahren.","publisher":{"@id":"https:\/\/dehub.netgear.com\/de\/hub\/#organization"},"potentialAction":[{"@type":"SearchAction","target":{"@type":"EntryPoint","urlTemplate":"https:\/\/dehub.netgear.com\/de\/hub\/?s={search_term_string}"},"query-input":{"@type":"PropertyValueSpecification","valueRequired":true,"valueName":"search_term_string"}}],"inLanguage":"de"},{"@type":"Organization","@id":"https:\/\/dehub.netgear.com\/de\/hub\/#organization","name":"NETGEAR","url":"https:\/\/dehub.netgear.com\/de\/hub\/","logo":{"@type":"ImageObject","inLanguage":"de","@id":"https:\/\/dehub.netgear.com\/de\/hub\/#\/schema\/logo\/image\/","url":"https:\/\/www.dehub.netgear.com\/de\/hub\/wp-content\/uploads\/2019\/07\/NETGEAR_logo.jpg","contentUrl":"https:\/\/www.dehub.netgear.com\/de\/hub\/wp-content\/uploads\/2019\/07\/NETGEAR_logo.jpg","width":1500,"height":501,"caption":"NETGEAR"},"image":{"@id":"https:\/\/dehub.netgear.com\/de\/hub\/#\/schema\/logo\/image\/"},"sameAs":["https:\/\/www.facebook.com\/NetgearAU\/","https:\/\/x.com\/NETGEAR","https:\/\/www.linkedin.com\/company\/netgear"]}]}},"_links":{"self":[{"href":"https:\/\/dehub.netgear.com\/de\/hub\/wp-json\/wp\/v2\/pages\/9749","targetHints":{"allow":["GET"]}}],"collection":[{"href":"https:\/\/dehub.netgear.com\/de\/hub\/wp-json\/wp\/v2\/pages"}],"about":[{"href":"https:\/\/dehub.netgear.com\/de\/hub\/wp-json\/wp\/v2\/types\/page"}],"author":[{"embeddable":true,"href":"https:\/\/dehub.netgear.com\/de\/hub\/wp-json\/wp\/v2\/users\/68"}],"replies":[{"embeddable":true,"href":"https:\/\/dehub.netgear.com\/de\/hub\/wp-json\/wp\/v2\/comments?post=9749"}],"version-history":[{"count":11,"href":"https:\/\/dehub.netgear.com\/de\/hub\/wp-json\/wp\/v2\/pages\/9749\/revisions"}],"predecessor-version":[{"id":9941,"href":"https:\/\/dehub.netgear.com\/de\/hub\/wp-json\/wp\/v2\/pages\/9749\/revisions\/9941"}],"up":[{"embeddable":true,"href":"https:\/\/dehub.netgear.com\/de\/hub\/wp-json\/wp\/v2\/pages\/6701"}],"wp:featuredmedia":[{"embeddable":true,"href":"https:\/\/dehub.netgear.com\/de\/hub\/wp-json\/wp\/v2\/media\/9800"}],"wp:attachment":[{"href":"https:\/\/dehub.netgear.com\/de\/hub\/wp-json\/wp\/v2\/media?parent=9749"}],"curies":[{"name":"wp","href":"https:\/\/api.w.org\/{rel}","templated":true}]}}