{"id":9724,"date":"2024-10-19T08:27:28","date_gmt":"2024-10-19T06:27:28","guid":{"rendered":"https:\/\/www.dehub.netgear.com\/de\/hub\/?page_id=9724"},"modified":"2024-12-10T06:51:42","modified_gmt":"2024-12-10T05:51:42","slug":"unterwegs-vernetzt","status":"publish","type":"page","link":"https:\/\/dehub.netgear.com\/de\/hub\/wifi\/mobile\/unterwegs-vernetzt\/","title":{"rendered":"\u00dcberblick: Unterwegs gut vernetzt sein"},"content":{"rendered":"<h5>TEASER: Alle, die unterwegs zuverl\u00e4ssig, sicher und privat online gehen wollen.<\/h5>\n<p>Wer mit Wohnmobil &amp; Co. unterwegs ist und online gehen m\u00f6chte, wer die Welt bereist und dabei sein Geld durch Remote-Work verdient, wer sich auf Outdoor-Abenteuer oder sogar Expeditionen begibt und trotzdem eine solide Back-up-L\u00f6sung f\u00fcr die eigene Sicherheit oder die der anderen Teilnehmer ben\u00f6tigt, wer im Familienurlaub einfach nur daf\u00fcr sorgen will, dass alle zufrieden sind und ein gut funktionierende und sichere Internetverbindung zur Verf\u00fcgung haben, (ob f\u00fcr YouTube, Filme, Social Media, Blogging oder Gaming) &#8211; der wird nicht darum herum kommen, einen hochwertigen mobilen Router von NETGEAR zumindest in Betracht zu ziehen: Alle NETGEAR Nighthawk Modelle M3, M6 und M6 Pro zeichnen sich durch ultraschnelle Datenraten und \u00fcberzeugen auch bei vielen weiteren Parametern mit dem neuesten Stand der Technik.<br \/>\n    <div class=\"table-of-content bg-gray\">\n        <p><strong>IN THIS ARTICLE<\/strong><\/p>\n        <ul>\n                        <li><a href=\"#topic2\">Warum lohnt es sich, in einen Nighthawk-Router von NETGEAR mit der neuesten WLAN-Technologie zu investieren?<\/a><\/li>\n                        <li><a href=\"#topic3\">Mobiler WLAN-Router von NETGEAR als beste Alternative, um unterwegs gut vernetzt zu sein<\/a><\/li>\n                        <li><a href=\"#topic4\">Netgear Nighthawk M6 und M6 Pro - f\u00fcr Anspruchsvolle<\/a><\/li>\n                    <\/ul>\n    <\/div>\n        <div id=\"topic1\" class=\"skip-item\">\n                        <p><strong>Die mobilen Reise-Router von NETGEAR punkten bei allen wichtigen Leistungsparametern: <\/strong><br \/>\n1. Nahtlose und ultraschnelle Down- und Uploadgeschwindigkeit (auch beim Anschluss von mehreren Ger\u00e4ten)<\/p>\n<p>2. Gro\u00dfe Reichweite (eventuell durch eine Zusatzantenne erweiterbar)<\/p>\n<p>3. Hohe Sicherheit dank Cyber-Security Software und Parental Controls<\/p>\n<p>4. Einzigartiger Komfort durch eine benutzerfreundliche Installation, die Ausstattung mit zahlreichen Zusatz-Funktionen, ein praktisches, handliches Format und ein ansprechendes, modernes Design<\/p>\n<p>5. Ausgezeichneter Support durch NETGEAR selber, Community-Foren und unterschiedlichsten Reviews auf Webseiten und YouTube<\/p>\n    <\/div>\n        <div id=\"topic2\" class=\"skip-item\">\n                        <h2>Warum lohnt es sich, in einen Nighthawk-Router von NETGEAR mit der neuesten WLAN-Technologie zu investieren?<\/h2>\n                <p>Mobile Router, die die neueste Mobiltfunkechnologie unterst\u00fctzen, garantieren, dass Sie perfekt f\u00fcr die Zukunft aufgestellt sind &#8211; zumindest f\u00fcr die n\u00e4chsten Jahre! Konkret bedeutet das: Wenn Sie sich in den n\u00e4chsten Jahren ein Smartphone, Tablet oder Laptop der neuesten 5G-f\u00e4higen Generation zulegen, k\u00f6nnen Sie alle Vorteile und die Leistung Ihres 5G-Routers voll aussch\u00f6pfen &#8211; im Gegensatz zu einem \u00e4lteren Routermodell, das Ihren neuen Endger\u00e4ten hinterherhinken und diese nicht optimal bedienen w\u00fcrde. Die 5G Router von NETGEAR sind der <a href=\"https:\/\/www.dehub.netgear.com\/de\/home\/mobile-wifi\/hotspots\/mr6150\/\">Nighthawk M6<\/a> und <a href=\"https:\/\/www.dehub.netgear.com\/de\/home\/mobile-wifi\/hotspots\/mr6450\/\">M6 Pro<\/a>. Und selbst wenn Sie in Zukunft haupts\u00e4chlich 4G LTE nutzen m\u00f6chten, w\u00e4re dies mit einem 5G-Router problemlos m\u00f6glich, da alle NETGEAR-Router immer abw\u00e4rtskompatibel sind, das hei\u00dft: Ein 5G-Router kann auch in Regionen genutzt werden, in denen nur eine 3G-Verbindung verf\u00fcgbar ist.<\/p>\n    <\/div>\n        <div id=\"topic3\" class=\"skip-item\">\n                        <h2>Mobiler WLAN-Router von NETGEAR als beste Alternative, um unterwegs gut vernetzt zu sein<\/h2>\n                <p>WLAN f\u00fcr Wohnmobil &amp; Co l\u00e4sst sich auf verschiedene Arten empfangen:<\/p>\n<ul>\n<li>\u00fcber einen mobilen Hotspot mit dem Smartphone<\/li>\n<li>\u00fcber einen \u00f6ffentlichen WLAN-Hotspot wie zum Beispiel auf einem Campingplatz<\/li>\n<li>\u00fcber eine Satellitensch\u00fcssel<\/li>\n<li>\u00fcber einen mobilen Router<\/li>\n<\/ul>\n<p><img loading=\"lazy\" decoding=\"async\" class=\" wp-image-9728\" src=\"https:\/\/www.dehub.netgear.com\/de\/hub\/wp-content\/uploads\/2024\/10\/gettyimages-1348055885-612x612-1-300x200.jpg\" alt=\"\" width=\"585\" height=\"390\" srcset=\"https:\/\/dehub.netgear.com\/de\/hub\/wp-content\/uploads\/2024\/10\/gettyimages-1348055885-612x612-1-300x200.jpg 300w, https:\/\/dehub.netgear.com\/de\/hub\/wp-content\/uploads\/2024\/10\/gettyimages-1348055885-612x612-1.jpg 612w\" sizes=\"auto, (max-width: 585px) 100vw, 585px\" \/><\/p>\n<p>Die Verwendung eines Mobiltelefons als Hotspot kann zwar eine schnelle L\u00f6sung sein, aber auch den Akku Ihres Mobiltelefons schnell entladen. Dar\u00fcber hinaus kann st\u00e4ndiges Tethering den Datenverbrauch in die H\u00f6he treiben, was je nach Vertrag zu zus\u00e4tzlichen Kosten f\u00fchrt.<br \/>\nDie Nutzung von \u00f6ffentlichen WLAN-Hotspots ist bekannterweise unzuverl\u00e4ssig und riskant. WLAN-Netzwerke auf Campingpl\u00e4tzen oder auch in Hotels und Hostels sind oft sehr langsam oder die Verbindung kommt zu Sto\u00dfzeiten nur m\u00e4\u00dfig bis gar nicht zustande. Wer unterwegs nicht st\u00e4ndig \u201cWlan-Roulette\u201d mit \u00f6ffentlichen Netzwerken spielen m\u00f6chte, der legt sich mobiles Internet f\u00fcr unterwegs zu &#8211; am besten einen <a href=\"https:\/\/www.dehub.netgear.com\/de\/home\/mobile-wifi\/hotspots\/\">mobilen Hotspot<\/a> von Netgear.<\/p>\n<p><strong>Die Netgear-Nighthawk mobilen Reise-Router als zukunftssichere Investition<\/strong><br \/>\nSchnell, schneller, am schnellsten. So lassen sich die NETGEAR mobilen Nighthawk-Router-Modelle M6 und M6 Pro beschreiben. Die jeweils neuere Version macht alles immer noch ein bisschen besser und schneller als die Vorg\u00e4nger. Nat\u00fcrlich hat dies seinen Preis.<\/p>\n<p><strong>Lohnt sich der Kauf eines Nighthawk?<\/strong><br \/>\nOb sich ein <a href=\"https:\/\/www.netgear.com\/de\/home\/mobile-wifi\/hotspots\/\">Nighthawk-WLAN-Router<\/a> lohnt, h\u00e4ngt immer auch von den individuellen Bed\u00fcrfnissen und technischen Anspr\u00fcchen der Reise ab. Deswegen empfehlen wir Interessenten einen Besuch unserer <a href=\"https:\/\/community.netgear.com\/t5\/NETGEAR-Forum\/ct-p\/de-netgear\">Netgear Community-Seite<\/a>, der <a href=\"https:\/\/www.dehub.netgear.com\/de\/support\/\">Netgear-Support-Seite<\/a> und unseren Produktseiten, damit Sie sich ausf\u00fchrlich informieren k\u00f6nnen und genau das erhalten, was Sie ben\u00f6tigen.<\/p>\n<p>Beim Kauf eines NETGEAR Reiserouters gibt es einige Faktoren zu ber\u00fccksichtigen. Erstens, die Datenmenge: Wie viel Internet brauchen Sie wirklich? Manch ein Reisender braucht nur gelegentlich Zugang, um E-Mails zu lesen oder nach interessanten Orten und Sehensw\u00fcrdigkeiten zu suchen, w\u00e4hrend andere, wie Gesch\u00e4ftsreisende, digitale Nomaden und eventuell auch Familien oder Kleingruppen einen konstanten, stabilen Datenstrom f\u00fcr die Arbeit oder zur Unterhaltung ben\u00f6tigen.<\/p>\n    <\/div>\n        <div id=\"topic4\" class=\"skip-item\">\n                        <h2>Netgear Nighthawk M6 und M6 Pro - f\u00fcr Anspruchsvolle<\/h2>\n                <p>Der Nighthawk M6 oder <a href=\"https:\/\/www.dehub.netgear.com\/de\/home\/mobile-wifi\/hotspots\/mr6450\/\">M6 Pro<\/a> lohnt sich deshalb besonders f\u00fcr alle, die 5G nutzen k\u00f6nnen und zudem einen unbegrenzten Datentarif haben, der eine hohe Bandbreite erlaubt. So kann sich auch ein <a href=\"https:\/\/www.dehub.netgear.com\/de\/hub\/wifi\/mobile\/mobiles-internet-fur-wohnwagen\/\">Wohnmobil-WLAN-Router<\/a> der h\u00f6heren Preisklasse schnell bezahlt machen, wenn man die maximal erreichbare Bandbreite tats\u00e4chlich voll aussch\u00f6pfen kann. Die neuesten Modelle der Nighthawk-Serie f\u00fcr Internet auf Reisen (M6 und M6E) lohnen sich besonders f\u00fcr diejenigen, die mobil arbeiten, oft in Gebieten mit schlechter Netzabdeckung unterwegs sind und dennoch auf gutes und schnelles Internet im Wohnmobil im Hotel und unterwegs angewiesen sind. Hier machen sich die St\u00e4rken der NETGEAR Technologie in jedem Fall bemerkbar und zahlen sich aus: Mit Top-Geschwindigkeiten und einem deutlich besseren Empfang als viele andere Router der Konkurrenz. Dank der Performance und Ausfallsicherheit der Nighthawk-Router M6 und M6 Pro ist volle Flexibilit\u00e4t auf Reisen und bei der Arbeit unterwegs gew\u00e4hrleistet &#8211; und rettet dem ein oder anderen vielleicht sogar den Urlaub.<\/p>\n<p><img loading=\"lazy\" decoding=\"async\" class=\"wp-image-9733 aligncenter\" src=\"https:\/\/www.dehub.netgear.com\/de\/hub\/wp-content\/uploads\/2024\/10\/gettyimages-1450997562-612x612-1-300x200.jpg\" alt=\"\" width=\"585\" height=\"390\" srcset=\"https:\/\/dehub.netgear.com\/de\/hub\/wp-content\/uploads\/2024\/10\/gettyimages-1450997562-612x612-1-300x200.jpg 300w, https:\/\/dehub.netgear.com\/de\/hub\/wp-content\/uploads\/2024\/10\/gettyimages-1450997562-612x612-1.jpg 612w\" sizes=\"auto, (max-width: 585px) 100vw, 585px\" \/><\/p>\n<h2>FAZIT<\/h2>\n<h5>Unterwegs gut vernetzt sein<\/h5>\n<p>Wer m\u00f6chte heutzutage auf Reisen im In- und Ausland noch auf einen privaten mobilen Router verzichten, der das LTE- oder 5G-Signal in einen WLAN-Hotspot verwandelt?<\/p>\n<p>F\u00fcr zuverl\u00e4ssiges WLAN in <a href=\"https:\/\/www.dehub.netgear.com\/de\/hub\/wifi\/routers\/mobilen-hotspots-wohnwagen\/\">Wohnmobil<\/a> &amp; Co ist die beste, sicherste und unterm Strich auch g\u00fcnstigste Variante ein eigener mobiler Router, in den einfach eine SIM-Karte mit einem lokalen Datentarif f\u00fcr das jeweilige Reiseland eingelegt wird, sodass alle, die unterwegs sind, reisen und arbeiten, immer eine schnelle und sichere Internetverbindung haben und nicht auf \u00f6ffentliche WLAN-Hotspots angewiesen sind.<\/p>\n<p>Ziehen Sie f\u00fcr Ihre n\u00e4chste Gesch\u00e4ftsreise, Ihren Wohnmobilurlaub, Ihr Abenteuer im Gel\u00e4ndewagen oder auf dem Bike einfach einen mobilen Hotspot von NETGEAR in Betracht. Mit einem Nighthawk-Router von NETGEAR in der Tasche, bewegen Sie sich immer auf der sicheren Seite! NETGEAR lohnt sich. Weltweit.<br \/>\nWir beraten Sie gerne.<\/p>\n<div class=\"explore-btn-area\"><a class=\"explore-btn\" href=\"https:\/\/www.dehub.netgear.com\/de\/home\/mobile-wifi\/hotspots\/mr6450\/\">JETZT KAUFEN Nighthawk M6 PRO<\/a><\/div>\n<div class=\"explore-btn-area\"><a class=\"explore-btn\" href=\"https:\/\/www.dehub.netgear.com\/de\/home\/mobile-wifi\/hotspots\/mr6150\/\">JETZT KAUFEN Nighthawk M6<\/a><\/div>\n    <\/div>\n    <\/p>\n","protected":false},"excerpt":{"rendered":"<p>TEASER: Alle, die unterwegs zuverl\u00e4ssig, sicher und privat online gehen wollen. Wer mit Wohnmobil &amp; Co. unterwegs ist und online gehen m\u00f6chte, wer die Welt bereist und dabei sein Geld durch Remote-Work verdient, wer sich auf Outdoor-Abenteuer oder sogar Expeditionen begibt und trotzdem eine solide Back-up-L\u00f6sung f\u00fcr die eigene Sicherheit oder die der anderen Teilnehmer [&hellip;]<\/p>\n","protected":false},"author":68,"featured_media":9732,"parent":6701,"menu_order":12,"comment_status":"closed","ping_status":"closed","template":"templates\/mesh-vs-wifi.php","meta":{"_acf_changed":false,"footnotes":""},"class_list":["post-9724","page","type-page","status-publish","has-post-thumbnail","hentry"],"acf":[],"yoast_head":"<!-- This site is optimized with the Yoast SEO plugin v27.5 - https:\/\/yoast.com\/product\/yoast-seo-wordpress\/ -->\n<title>Unterwegs vernetzt: Vorteile der mobilen NETGEAR Router<\/title>\n<meta name=\"description\" content=\"Entdecken Sie, wie NETGEAR Nighthawk Router schnelles, sicheres WLAN f\u00fcr Wohnmobile und Reisende bieten. Ideal f\u00fcr Camper und digitale Nomaden \u2013 stets verbunden unterwegs.\" \/>\n<meta name=\"robots\" content=\"index, follow, max-snippet:-1, max-image-preview:large, max-video-preview:-1\" \/>\n<link rel=\"canonical\" href=\"https:\/\/dehub.netgear.com\/de\/hub\/wifi\/mobile\/unterwegs-vernetzt\/\" \/>\n<meta property=\"og:locale\" content=\"de_DE\" \/>\n<meta property=\"og:type\" content=\"article\" \/>\n<meta property=\"og:title\" content=\"Unterwegs vernetzt: Vorteile der mobilen NETGEAR Router\" \/>\n<meta property=\"og:description\" content=\"Entdecken Sie, wie NETGEAR Nighthawk Router schnelles, sicheres WLAN f\u00fcr Wohnmobile und Reisende bieten. Ideal f\u00fcr Camper und digitale Nomaden \u2013 stets verbunden unterwegs.\" \/>\n<meta property=\"og:url\" content=\"https:\/\/dehub.netgear.com\/de\/hub\/wifi\/mobile\/unterwegs-vernetzt\/\" \/>\n<meta property=\"og:site_name\" content=\"NETGEAR Hub\" \/>\n<meta property=\"article:publisher\" content=\"https:\/\/www.facebook.com\/NetgearAU\/\" \/>\n<meta property=\"article:modified_time\" content=\"2024-12-10T05:51:42+00:00\" \/>\n<meta property=\"og:image\" content=\"https:\/\/dehub.netgear.com\/de\/hub\/wp-content\/uploads\/2024\/10\/gettyimages-1480144544-612x612-1.jpg\" \/>\n\t<meta property=\"og:image:width\" content=\"612\" \/>\n\t<meta property=\"og:image:height\" content=\"408\" \/>\n\t<meta property=\"og:image:type\" content=\"image\/jpeg\" \/>\n<meta name=\"twitter:card\" content=\"summary_large_image\" \/>\n<meta name=\"twitter:site\" content=\"@NETGEAR\" \/>\n<meta name=\"twitter:label1\" content=\"Gesch\u00e4tzte Lesezeit\" \/>\n\t<meta name=\"twitter:data1\" content=\"1\u00a0Minute\" \/>\n<script type=\"application\/ld+json\" class=\"yoast-schema-graph\">{\"@context\":\"https:\\\/\\\/schema.org\",\"@graph\":[{\"@type\":\"WebPage\",\"@id\":\"https:\\\/\\\/dehub.netgear.com\\\/de\\\/hub\\\/wifi\\\/mobile\\\/unterwegs-vernetzt\\\/\",\"url\":\"https:\\\/\\\/dehub.netgear.com\\\/de\\\/hub\\\/wifi\\\/mobile\\\/unterwegs-vernetzt\\\/\",\"name\":\"Unterwegs vernetzt: Vorteile der mobilen NETGEAR Router\",\"isPartOf\":{\"@id\":\"https:\\\/\\\/dehub.netgear.com\\\/de\\\/hub\\\/#website\"},\"primaryImageOfPage\":{\"@id\":\"https:\\\/\\\/dehub.netgear.com\\\/de\\\/hub\\\/wifi\\\/mobile\\\/unterwegs-vernetzt\\\/#primaryimage\"},\"image\":{\"@id\":\"https:\\\/\\\/dehub.netgear.com\\\/de\\\/hub\\\/wifi\\\/mobile\\\/unterwegs-vernetzt\\\/#primaryimage\"},\"thumbnailUrl\":\"https:\\\/\\\/dehub.netgear.com\\\/de\\\/hub\\\/wp-content\\\/uploads\\\/2024\\\/10\\\/gettyimages-1480144544-612x612-1.jpg\",\"datePublished\":\"2024-10-19T06:27:28+00:00\",\"dateModified\":\"2024-12-10T05:51:42+00:00\",\"description\":\"Entdecken Sie, wie NETGEAR Nighthawk Router schnelles, sicheres WLAN f\u00fcr Wohnmobile und Reisende bieten. Ideal f\u00fcr Camper und digitale Nomaden \u2013 stets verbunden unterwegs.\",\"breadcrumb\":{\"@id\":\"https:\\\/\\\/dehub.netgear.com\\\/de\\\/hub\\\/wifi\\\/mobile\\\/unterwegs-vernetzt\\\/#breadcrumb\"},\"inLanguage\":\"de\",\"potentialAction\":[{\"@type\":\"ReadAction\",\"target\":[\"https:\\\/\\\/dehub.netgear.com\\\/de\\\/hub\\\/wifi\\\/mobile\\\/unterwegs-vernetzt\\\/\"]}]},{\"@type\":\"ImageObject\",\"inLanguage\":\"de\",\"@id\":\"https:\\\/\\\/dehub.netgear.com\\\/de\\\/hub\\\/wifi\\\/mobile\\\/unterwegs-vernetzt\\\/#primaryimage\",\"url\":\"https:\\\/\\\/dehub.netgear.com\\\/de\\\/hub\\\/wp-content\\\/uploads\\\/2024\\\/10\\\/gettyimages-1480144544-612x612-1.jpg\",\"contentUrl\":\"https:\\\/\\\/dehub.netgear.com\\\/de\\\/hub\\\/wp-content\\\/uploads\\\/2024\\\/10\\\/gettyimages-1480144544-612x612-1.jpg\",\"width\":612,\"height\":408,\"caption\":\"Little daughter hugs her father from behind, who is working on a laptop while sitting on the threshold of a camper. Selective focus.\"},{\"@type\":\"BreadcrumbList\",\"@id\":\"https:\\\/\\\/dehub.netgear.com\\\/de\\\/hub\\\/wifi\\\/mobile\\\/unterwegs-vernetzt\\\/#breadcrumb\",\"itemListElement\":[{\"@type\":\"ListItem\",\"position\":1,\"name\":\"Home\",\"item\":\"https:\\\/\\\/dehub.netgear.com\\\/de\\\/hub\\\/\"},{\"@type\":\"ListItem\",\"position\":2,\"name\":\"WiFi Tech Articles Hub\",\"item\":\"https:\\\/\\\/dehub.netgear.com\\\/de\\\/hub\\\/wifi\\\/\"},{\"@type\":\"ListItem\",\"position\":3,\"name\":\"Mobiler WLAN-Artikel-Hub\",\"item\":\"https:\\\/\\\/dehub.netgear.com\\\/de\\\/hub\\\/wifi\\\/mobile\\\/\"},{\"@type\":\"ListItem\",\"position\":4,\"name\":\"\u00dcberblick: Unterwegs gut vernetzt sein\"}]},{\"@type\":\"WebSite\",\"@id\":\"https:\\\/\\\/dehub.netgear.com\\\/de\\\/hub\\\/#website\",\"url\":\"https:\\\/\\\/dehub.netgear.com\\\/de\\\/hub\\\/\",\"name\":\"NETGEAR\",\"description\":\"Erkunden Sie unsere Hub-Seiten und st\u00f6bern Sie in Artikeln, um mehr \u00fcber NETGEAR Produkte und Technologien zu erfahren.\",\"publisher\":{\"@id\":\"https:\\\/\\\/dehub.netgear.com\\\/de\\\/hub\\\/#organization\"},\"potentialAction\":[{\"@type\":\"SearchAction\",\"target\":{\"@type\":\"EntryPoint\",\"urlTemplate\":\"https:\\\/\\\/dehub.netgear.com\\\/de\\\/hub\\\/?s={search_term_string}\"},\"query-input\":{\"@type\":\"PropertyValueSpecification\",\"valueRequired\":true,\"valueName\":\"search_term_string\"}}],\"inLanguage\":\"de\"},{\"@type\":\"Organization\",\"@id\":\"https:\\\/\\\/dehub.netgear.com\\\/de\\\/hub\\\/#organization\",\"name\":\"NETGEAR\",\"url\":\"https:\\\/\\\/dehub.netgear.com\\\/de\\\/hub\\\/\",\"logo\":{\"@type\":\"ImageObject\",\"inLanguage\":\"de\",\"@id\":\"https:\\\/\\\/dehub.netgear.com\\\/de\\\/hub\\\/#\\\/schema\\\/logo\\\/image\\\/\",\"url\":\"https:\\\/\\\/www.dehub.netgear.com\\\/de\\\/hub\\\/wp-content\\\/uploads\\\/2019\\\/07\\\/NETGEAR_logo.jpg\",\"contentUrl\":\"https:\\\/\\\/www.dehub.netgear.com\\\/de\\\/hub\\\/wp-content\\\/uploads\\\/2019\\\/07\\\/NETGEAR_logo.jpg\",\"width\":1500,\"height\":501,\"caption\":\"NETGEAR\"},\"image\":{\"@id\":\"https:\\\/\\\/dehub.netgear.com\\\/de\\\/hub\\\/#\\\/schema\\\/logo\\\/image\\\/\"},\"sameAs\":[\"https:\\\/\\\/www.facebook.com\\\/NetgearAU\\\/\",\"https:\\\/\\\/x.com\\\/NETGEAR\",\"https:\\\/\\\/www.linkedin.com\\\/company\\\/netgear\"]}]}<\/script>\n<!-- \/ Yoast SEO plugin. -->","yoast_head_json":{"title":"Unterwegs vernetzt: Vorteile der mobilen NETGEAR Router","description":"Entdecken Sie, wie NETGEAR Nighthawk Router schnelles, sicheres WLAN f\u00fcr Wohnmobile und Reisende bieten. Ideal f\u00fcr Camper und digitale Nomaden \u2013 stets verbunden unterwegs.","robots":{"index":"index","follow":"follow","max-snippet":"max-snippet:-1","max-image-preview":"max-image-preview:large","max-video-preview":"max-video-preview:-1"},"canonical":"https:\/\/dehub.netgear.com\/de\/hub\/wifi\/mobile\/unterwegs-vernetzt\/","og_locale":"de_DE","og_type":"article","og_title":"Unterwegs vernetzt: Vorteile der mobilen NETGEAR Router","og_description":"Entdecken Sie, wie NETGEAR Nighthawk Router schnelles, sicheres WLAN f\u00fcr Wohnmobile und Reisende bieten. Ideal f\u00fcr Camper und digitale Nomaden \u2013 stets verbunden unterwegs.","og_url":"https:\/\/dehub.netgear.com\/de\/hub\/wifi\/mobile\/unterwegs-vernetzt\/","og_site_name":"NETGEAR Hub","article_publisher":"https:\/\/www.facebook.com\/NetgearAU\/","article_modified_time":"2024-12-10T05:51:42+00:00","og_image":[{"width":612,"height":408,"url":"https:\/\/dehub.netgear.com\/de\/hub\/wp-content\/uploads\/2024\/10\/gettyimages-1480144544-612x612-1.jpg","type":"image\/jpeg"}],"twitter_card":"summary_large_image","twitter_site":"@NETGEAR","twitter_misc":{"Gesch\u00e4tzte Lesezeit":"1\u00a0Minute"},"schema":{"@context":"https:\/\/schema.org","@graph":[{"@type":"WebPage","@id":"https:\/\/dehub.netgear.com\/de\/hub\/wifi\/mobile\/unterwegs-vernetzt\/","url":"https:\/\/dehub.netgear.com\/de\/hub\/wifi\/mobile\/unterwegs-vernetzt\/","name":"Unterwegs vernetzt: Vorteile der mobilen NETGEAR Router","isPartOf":{"@id":"https:\/\/dehub.netgear.com\/de\/hub\/#website"},"primaryImageOfPage":{"@id":"https:\/\/dehub.netgear.com\/de\/hub\/wifi\/mobile\/unterwegs-vernetzt\/#primaryimage"},"image":{"@id":"https:\/\/dehub.netgear.com\/de\/hub\/wifi\/mobile\/unterwegs-vernetzt\/#primaryimage"},"thumbnailUrl":"https:\/\/dehub.netgear.com\/de\/hub\/wp-content\/uploads\/2024\/10\/gettyimages-1480144544-612x612-1.jpg","datePublished":"2024-10-19T06:27:28+00:00","dateModified":"2024-12-10T05:51:42+00:00","description":"Entdecken Sie, wie NETGEAR Nighthawk Router schnelles, sicheres WLAN f\u00fcr Wohnmobile und Reisende bieten. Ideal f\u00fcr Camper und digitale Nomaden \u2013 stets verbunden unterwegs.","breadcrumb":{"@id":"https:\/\/dehub.netgear.com\/de\/hub\/wifi\/mobile\/unterwegs-vernetzt\/#breadcrumb"},"inLanguage":"de","potentialAction":[{"@type":"ReadAction","target":["https:\/\/dehub.netgear.com\/de\/hub\/wifi\/mobile\/unterwegs-vernetzt\/"]}]},{"@type":"ImageObject","inLanguage":"de","@id":"https:\/\/dehub.netgear.com\/de\/hub\/wifi\/mobile\/unterwegs-vernetzt\/#primaryimage","url":"https:\/\/dehub.netgear.com\/de\/hub\/wp-content\/uploads\/2024\/10\/gettyimages-1480144544-612x612-1.jpg","contentUrl":"https:\/\/dehub.netgear.com\/de\/hub\/wp-content\/uploads\/2024\/10\/gettyimages-1480144544-612x612-1.jpg","width":612,"height":408,"caption":"Little daughter hugs her father from behind, who is working on a laptop while sitting on the threshold of a camper. Selective focus."},{"@type":"BreadcrumbList","@id":"https:\/\/dehub.netgear.com\/de\/hub\/wifi\/mobile\/unterwegs-vernetzt\/#breadcrumb","itemListElement":[{"@type":"ListItem","position":1,"name":"Home","item":"https:\/\/dehub.netgear.com\/de\/hub\/"},{"@type":"ListItem","position":2,"name":"WiFi Tech Articles Hub","item":"https:\/\/dehub.netgear.com\/de\/hub\/wifi\/"},{"@type":"ListItem","position":3,"name":"Mobiler WLAN-Artikel-Hub","item":"https:\/\/dehub.netgear.com\/de\/hub\/wifi\/mobile\/"},{"@type":"ListItem","position":4,"name":"\u00dcberblick: Unterwegs gut vernetzt sein"}]},{"@type":"WebSite","@id":"https:\/\/dehub.netgear.com\/de\/hub\/#website","url":"https:\/\/dehub.netgear.com\/de\/hub\/","name":"NETGEAR","description":"Erkunden Sie unsere Hub-Seiten und st\u00f6bern Sie in Artikeln, um mehr \u00fcber NETGEAR Produkte und Technologien zu erfahren.","publisher":{"@id":"https:\/\/dehub.netgear.com\/de\/hub\/#organization"},"potentialAction":[{"@type":"SearchAction","target":{"@type":"EntryPoint","urlTemplate":"https:\/\/dehub.netgear.com\/de\/hub\/?s={search_term_string}"},"query-input":{"@type":"PropertyValueSpecification","valueRequired":true,"valueName":"search_term_string"}}],"inLanguage":"de"},{"@type":"Organization","@id":"https:\/\/dehub.netgear.com\/de\/hub\/#organization","name":"NETGEAR","url":"https:\/\/dehub.netgear.com\/de\/hub\/","logo":{"@type":"ImageObject","inLanguage":"de","@id":"https:\/\/dehub.netgear.com\/de\/hub\/#\/schema\/logo\/image\/","url":"https:\/\/www.dehub.netgear.com\/de\/hub\/wp-content\/uploads\/2019\/07\/NETGEAR_logo.jpg","contentUrl":"https:\/\/www.dehub.netgear.com\/de\/hub\/wp-content\/uploads\/2019\/07\/NETGEAR_logo.jpg","width":1500,"height":501,"caption":"NETGEAR"},"image":{"@id":"https:\/\/dehub.netgear.com\/de\/hub\/#\/schema\/logo\/image\/"},"sameAs":["https:\/\/www.facebook.com\/NetgearAU\/","https:\/\/x.com\/NETGEAR","https:\/\/www.linkedin.com\/company\/netgear"]}]}},"_links":{"self":[{"href":"https:\/\/dehub.netgear.com\/de\/hub\/wp-json\/wp\/v2\/pages\/9724","targetHints":{"allow":["GET"]}}],"collection":[{"href":"https:\/\/dehub.netgear.com\/de\/hub\/wp-json\/wp\/v2\/pages"}],"about":[{"href":"https:\/\/dehub.netgear.com\/de\/hub\/wp-json\/wp\/v2\/types\/page"}],"author":[{"embeddable":true,"href":"https:\/\/dehub.netgear.com\/de\/hub\/wp-json\/wp\/v2\/users\/68"}],"replies":[{"embeddable":true,"href":"https:\/\/dehub.netgear.com\/de\/hub\/wp-json\/wp\/v2\/comments?post=9724"}],"version-history":[{"count":7,"href":"https:\/\/dehub.netgear.com\/de\/hub\/wp-json\/wp\/v2\/pages\/9724\/revisions"}],"predecessor-version":[{"id":9946,"href":"https:\/\/dehub.netgear.com\/de\/hub\/wp-json\/wp\/v2\/pages\/9724\/revisions\/9946"}],"up":[{"embeddable":true,"href":"https:\/\/dehub.netgear.com\/de\/hub\/wp-json\/wp\/v2\/pages\/6701"}],"wp:featuredmedia":[{"embeddable":true,"href":"https:\/\/dehub.netgear.com\/de\/hub\/wp-json\/wp\/v2\/media\/9732"}],"wp:attachment":[{"href":"https:\/\/dehub.netgear.com\/de\/hub\/wp-json\/wp\/v2\/media?parent=9724"}],"curies":[{"name":"wp","href":"https:\/\/api.w.org\/{rel}","templated":true}]}}