{"id":9713,"date":"2024-10-19T07:17:51","date_gmt":"2024-10-19T05:17:51","guid":{"rendered":"https:\/\/www.dehub.netgear.com\/de\/hub\/?page_id=9713"},"modified":"2024-12-10T06:18:57","modified_gmt":"2024-12-10T05:18:57","slug":"mobiles-internet-fur-wohnwagen","status":"publish","type":"page","link":"https:\/\/dehub.netgear.com\/de\/hub\/wifi\/mobile\/mobiles-internet-fur-wohnwagen\/","title":{"rendered":"Mobiles Internet f\u00fcr Wohnwagen &#038; Co"},"content":{"rendered":"<p>Auf Reisen sein, sich auf Abenteuer begeben und trotzdem online seine Arbeit erledigen\u2026 Das ist nicht nur eine Wunschvorstellung, sondern ein Lifestyle, den immer mehr Menschen aktiv leben, dank mobilem Internet f\u00fcr unterwegs! In der heutigen digitalisierten und eben auch gut vernetzten Welt gibt es zahlreiche individuelle Lebenskonzepte f\u00fcr abenteuerlustige Menschen, die pl\u00f6tzlich eine echte Alternative zu &#8222;9-to-5-Jobs&#8220; darstellen. Sind auch Sie einer dieser Gl\u00fcckspilze, die von unterwegs aus arbeiten d\u00fcrfen?<\/p>\n<p>Ob das Reisen im Wohnmobil, im Gel\u00e4ndewagen oder auf dem Motorrad stattfindet &#8211; wer fremde L\u00e4ndern erkunden will, sich auf einen Selbstfindungstrip begeben m\u00f6chte oder sogar ehrenamtliche Auslandseins\u00e4tze plant, kann diese bewusst gew\u00e4hlte Work-Life-Balance jetzt nachhaltiger gestalten als je zuvor: Online-Arbeit und WLAN-Reise-Routern sei dank. Dass Online-Arbeitspl\u00e4tze heutzutage tats\u00e4chlich ein regelm\u00e4\u00dfiges Einkommen erm\u00f6glichen, liegt zum einen an einer immer vernetzteren Welt, die \u00fcberall Internet bietet und zum anderen an einer zunehmenden Beliebtheit und Akzeptanz von Remote-Work bzw. Home-Office, sowohl bei Arbeitnehmern als auch Arbeitgebern.<br \/>\n    <div class=\"table-of-content bg-gray\">\n        <p><strong>IN THIS ARTICLE<\/strong><\/p>\n        <ul>\n                        <li><a href=\"#topic1\">Wenn das Internet ausf\u00e4llt - Das Horrorszenario unterwegs<\/a><\/li>\n                        <li><a href=\"#topic2\">Die vier Methoden f\u00fcr drahtloses Internet im Wohnmobil<\/a><\/li>\n                        <li><a href=\"#topic3\">Favorit f\u00fcr Camping &amp; mehr: der mobile WLAN-Router<\/a><\/li>\n                        <li><a href=\"#topic4\">Mobile Router von NETGEAR: beste mobile Hotspots f\u00fcr Reisen<\/a><\/li>\n                    <\/ul>\n    <\/div>\n        <div id=\"topic1\" class=\"skip-item\">\n                        <h2>Wenn das Internet ausf\u00e4llt - Das Horrorszenario unterwegs<\/h2>\n                <p>F\u00fcr Camper, Van-Lifer und alle sonstigen digitalen Nomaden, die von unterwegs aus arbeiten, geht der smarte Lifestyle allerdings nur solange gut, wie eine funktionierende Internetverbindung vorhanden und nutzbar ist. Bricht das Internet <a href=\"https:\/\/www.dehub.netgear.com\/de\/hub\/wifi\/mobile\/router-auswahl-tipps\/\">unterwegs<\/a> aus verschiedensten Gr\u00fcnden ab &#8211; kurz gesagt: Filmriss &#8211; oder ist es dauerhaft zu schwach, sodass man bei jedem neuen Campingplatz \u201cWLAN-Roulette\u201d spielen muss, kann dies relativ schnell zu einem existenziellen Problem werden\u2026<\/p>\n    <\/div>\n        <div id=\"topic2\" class=\"skip-item\">\n                        <h2>Die vier Methoden f\u00fcr drahtloses Internet im Wohnmobil<\/h2>\n                <p>Um unn\u00f6tigen Internet-Stress zu vermeiden, sollten sich alle Reiselustigen in Sachen Internet auf Reisen im Voraus klar machen, wie a b h \u00e4 n g i g sie und ihr \u00f6rtlich ungebundenes Leben tats\u00e4chlich von einer guten Internetverbindung sind! Deswegen lautet die Devise: Netztechnisch sollte man sich vor einer l\u00e4ngeren Reise unbedingt rechtzeitig professionell aufstellen, sodass man im Zweifelsfall eine Alternative parat hat. Es gibt vier Methoden f\u00fcr drahtloses Internet im Wohnmobil:<\/p>\n<p><strong>Methode #1:<\/strong> Nutzung des eigenen Smartphones als Hotspot, (was schnell Handyakkus und Nerven verschlei\u00dft).<\/p>\n<p><strong>Methode #2:<\/strong> Nutzung von \u00f6ffentlichen WLAN-Netzwerken + evtl. Verst\u00e4rker, (was gro\u00dfe Risiken f\u00fcr die eigenen pers\u00f6nlichen Daten birgt und nicht selten instabil und unzuverl\u00e4ssig ist).<\/p>\n<p><strong>Methode #3:<\/strong> Internetempfang \u00fcber die Satellitensch\u00fcssel, (was zwar leistungsstark und exklusiv ist, aber sehr teuer werden kann, sodass diese Methode im Prinzip nur f\u00fcr besonders abgelegene Regionen und anspruchsvolle, risikoreiche Unternehmungen eine angemessene Wahl darstellt).<\/p>\n<p><img loading=\"lazy\" decoding=\"async\" class=\"wp-image-9675 aligncenter\" src=\"https:\/\/www.dehub.netgear.com\/de\/hub\/wp-content\/uploads\/2024\/10\/gettyimages-1291772961-612x612-1-300x200.jpg\" alt=\"\" width=\"593\" height=\"395\" srcset=\"https:\/\/dehub.netgear.com\/de\/hub\/wp-content\/uploads\/2024\/10\/gettyimages-1291772961-612x612-1-300x200.jpg 300w, https:\/\/dehub.netgear.com\/de\/hub\/wp-content\/uploads\/2024\/10\/gettyimages-1291772961-612x612-1.jpg 612w\" sizes=\"auto, (max-width: 593px) 100vw, 593px\" \/><\/p>\n    <\/div>\n        <div id=\"topic3\" class=\"skip-item\">\n                        <h2>Favorit f\u00fcr Camping &amp; mehr: der mobile WLAN-Router<\/h2>\n                <p>Die beste Option f\u00fcr drahtloses Internet auf Reisen, Methode #4, ist und bleibt der <a href=\"https:\/\/www.dehub.netgear.com\/de\/hub\/wifi\/mobile\/mobiler-wlan-router-reisen-ausland\/\">mobile WLAN-Router<\/a>, auch bekannt als Reise-Router. Warum sind mobile WLAN-Router tats\u00e4chlich die unterm Strich beste Wireless-Option, um auf Reisen und im Wohnmobil online zu gehen? Zun\u00e4chst einmal garantieren WLAN-Router, ob f\u00fcr zu Hause oder f\u00fcr unterwegs, grunds\u00e4tzlich eine schnelle, stabile und private Internetverbindung im Gegensatz zu \u00f6ffentlichen Netzwerken. Dann haben WLAN-Router in ihrer Wireless-Version den Vorteil, dass sie den Mobilfunk nutzen, was bedeutet, dass sie sich \u00e4u\u00dferst praktisch \u00fcber eine SIM-Karte des jeweiligen Landes, in dem man sich befindet, bedienen lassen. So bleibt man weltweit flexibel bei der Wahl seines bevorzugten Datentarifs. In Form einer Prepaid-SIM-Karte haben Nutzer eines drahtlosen Wifi-Routers au\u00dferdem die volle Kostenkontrolle, eine bessere \u00dcbersicht \u00fcber den eigenen Datenverbrauch und m\u00fcssen sich dar\u00fcber hinaus nicht mit Roaming-Kontingenten jonglieren.<\/p>\n<div class=\"explore-btn-area\"><a class=\"explore-btn\" href=\"https:\/\/www.netgear.com\/de\/home\/mobile-wifi\/hotspots\/\">MEHR ERFAHREN NIGHTHAWK WLAN-ROUTER<\/a><\/div>\n    <\/div>\n        <div id=\"topic4\" class=\"skip-item\">\n                        <h2>Mobile Router von NETGEAR: beste mobile Hotspots f\u00fcr Reisen<\/h2>\n                <p>WLAN on the Go: Seri\u00f6ses, tragbares WLAN f\u00fcr unterwegs kann also so einfach sein: <a href=\"https:\/\/www.dehub.netgear.com\/de\/hub\/wifi\/mobile\/mobile-router-vorteile\/\">mobilen Router<\/a> kaufen, SIM-Karte einstecken und lossurfen! Vorausgesetzt nat\u00fcrlich, man entscheidet sich von Anfang an f\u00fcr ein hochwertiges Produkt. Mit einem mobilen Hotspot-Router von NETGEAR sind Sie auf jeden Fall bestens ger\u00fcstet und auf der sicheren Seite. Auf der Webseite In der Sparte mobiles WLAN pr\u00e4sentiert NETGEAR seine state-of-the-art 4G\/5G Drahtlos-<a href=\"https:\/\/www.dehub.netgear.com\/de\/home\/mobile-wifi\/routers\/\">Router f\u00fcr unterwegs<\/a>. Die technisch ausgereiften und speziell f\u00fcr den mobilen Einsatz konzipierten NIGHTHAWK-Modelle <a href=\"https:\/\/www.netgear.com\/de\/home\/mobile-wifi\/hotspots\/\">M3, M6 und M6Pro<\/a> f\u00fchren die Liga leistungsf\u00e4higer, moderner, mobiler Drahtlos-Router an und stehen daher seit Jahren an der Spitze der Beliebtheitsskala bei digitalen Nomaden und Abenteurern im Bereich WLAN-Camping. Entdecken Sie hier unsere NETGEAR Nighthawk-Serie &#8211; die f\u00fcr jeden Bedarf und jede technische <a href=\"https:\/\/www.dehub.netgear.com\/de\/home\/mobile-wifi\/business-travel-hotspot-4\/\">Anforderung etwas bereith\u00e4lt.<\/a><\/p>\n<p><img loading=\"lazy\" decoding=\"async\" class=\"wp-image-9698 aligncenter\" src=\"https:\/\/www.dehub.netgear.com\/de\/hub\/wp-content\/uploads\/2024\/10\/gettyimages-1476134897-612x612-2-300x200.jpg\" alt=\"\" width=\"599\" height=\"399\" srcset=\"https:\/\/dehub.netgear.com\/de\/hub\/wp-content\/uploads\/2024\/10\/gettyimages-1476134897-612x612-2-300x200.jpg 300w, https:\/\/dehub.netgear.com\/de\/hub\/wp-content\/uploads\/2024\/10\/gettyimages-1476134897-612x612-2.jpg 612w\" sizes=\"auto, (max-width: 599px) 100vw, 599px\" \/><\/p>\n<h2>FAZIT<\/h2>\n<p>Unterwegs und vernetzt mit der Welt &#8211; ein voller Erfolg dank <a href=\"https:\/\/www.netgear.com\/de\/home\/mobile-wifi\/portable-wifi\/\">NETGEAR-Nighthawk<\/a><\/p>\n<p>Ob Sie mit der Familie campen gehen, mit Freunden oder solo Outdoor-Abenteuer wahr werden lassen, oder aber als klassischer digitaler Nomade durch die Welt ziehen- mit einem Nighthawk-Router von NETGEAR in der Tasche, bewegen Sie sich immer auf der sicheren Seite! NETGEAR lohnt sich. Weltweit.<br \/>\nWir beraten Sie gerne.<\/p>\n    <\/div>\n    <\/p>\n","protected":false},"excerpt":{"rendered":"<p>Auf Reisen sein, sich auf Abenteuer begeben und trotzdem online seine Arbeit erledigen\u2026 Das ist nicht nur eine Wunschvorstellung, sondern ein Lifestyle, den immer mehr Menschen aktiv leben, dank mobilem Internet f\u00fcr unterwegs! In der heutigen digitalisierten und eben auch gut vernetzten Welt gibt es zahlreiche individuelle Lebenskonzepte f\u00fcr abenteuerlustige Menschen, die pl\u00f6tzlich eine echte [&hellip;]<\/p>\n","protected":false},"author":68,"featured_media":9699,"parent":6701,"menu_order":11,"comment_status":"closed","ping_status":"closed","template":"templates\/mesh-vs-wifi.php","meta":{"_acf_changed":false,"footnotes":""},"class_list":["post-9713","page","type-page","status-publish","has-post-thumbnail","hentry"],"acf":[],"yoast_head":"<!-- This site is optimized with the Yoast SEO plugin v27.5 - https:\/\/yoast.com\/product\/yoast-seo-wordpress\/ -->\n<title>Mobiles Internet f\u00fcr Wohnwagen &amp; Reisen: WLAN-Router L\u00f6sungen<\/title>\n<meta name=\"description\" content=\"Erfahren Sie, wie mobiles Internet im Wohnmobil funktioniert. Entdecken Sie NETGEAR WLAN-Router f\u00fcr stabile Verbindungen unterwegs. Ideal f\u00fcr Camper &amp; digitale Nomaden.\" \/>\n<meta name=\"robots\" content=\"index, follow, max-snippet:-1, max-image-preview:large, max-video-preview:-1\" \/>\n<link rel=\"canonical\" href=\"https:\/\/dehub.netgear.com\/de\/hub\/wifi\/mobile\/mobiles-internet-fur-wohnwagen\/\" \/>\n<meta property=\"og:locale\" content=\"de_DE\" \/>\n<meta property=\"og:type\" content=\"article\" \/>\n<meta property=\"og:title\" content=\"Mobiles Internet f\u00fcr Wohnwagen &amp; Reisen: WLAN-Router L\u00f6sungen\" \/>\n<meta property=\"og:description\" content=\"Erfahren Sie, wie mobiles Internet im Wohnmobil funktioniert. Entdecken Sie NETGEAR WLAN-Router f\u00fcr stabile Verbindungen unterwegs. Ideal f\u00fcr Camper &amp; digitale Nomaden.\" \/>\n<meta property=\"og:url\" content=\"https:\/\/dehub.netgear.com\/de\/hub\/wifi\/mobile\/mobiles-internet-fur-wohnwagen\/\" \/>\n<meta property=\"og:site_name\" content=\"NETGEAR Hub\" \/>\n<meta property=\"article:publisher\" content=\"https:\/\/www.facebook.com\/NetgearAU\/\" \/>\n<meta property=\"article:modified_time\" content=\"2024-12-10T05:18:57+00:00\" \/>\n<meta property=\"og:image\" content=\"https:\/\/dehub.netgear.com\/de\/hub\/wp-content\/uploads\/2024\/10\/gettyimages-88090660-612x612-2.jpg\" \/>\n\t<meta property=\"og:image:width\" content=\"612\" \/>\n\t<meta property=\"og:image:height\" content=\"458\" \/>\n\t<meta property=\"og:image:type\" content=\"image\/jpeg\" \/>\n<meta name=\"twitter:card\" content=\"summary_large_image\" \/>\n<meta name=\"twitter:site\" content=\"@NETGEAR\" \/>\n<meta name=\"twitter:label1\" content=\"Gesch\u00e4tzte Lesezeit\" \/>\n\t<meta name=\"twitter:data1\" content=\"1\u00a0Minute\" \/>\n<script type=\"application\/ld+json\" class=\"yoast-schema-graph\">{\"@context\":\"https:\\\/\\\/schema.org\",\"@graph\":[{\"@type\":\"WebPage\",\"@id\":\"https:\\\/\\\/dehub.netgear.com\\\/de\\\/hub\\\/wifi\\\/mobile\\\/mobiles-internet-fur-wohnwagen\\\/\",\"url\":\"https:\\\/\\\/dehub.netgear.com\\\/de\\\/hub\\\/wifi\\\/mobile\\\/mobiles-internet-fur-wohnwagen\\\/\",\"name\":\"Mobiles Internet f\u00fcr Wohnwagen & Reisen: WLAN-Router L\u00f6sungen\",\"isPartOf\":{\"@id\":\"https:\\\/\\\/dehub.netgear.com\\\/de\\\/hub\\\/#website\"},\"primaryImageOfPage\":{\"@id\":\"https:\\\/\\\/dehub.netgear.com\\\/de\\\/hub\\\/wifi\\\/mobile\\\/mobiles-internet-fur-wohnwagen\\\/#primaryimage\"},\"image\":{\"@id\":\"https:\\\/\\\/dehub.netgear.com\\\/de\\\/hub\\\/wifi\\\/mobile\\\/mobiles-internet-fur-wohnwagen\\\/#primaryimage\"},\"thumbnailUrl\":\"https:\\\/\\\/dehub.netgear.com\\\/de\\\/hub\\\/wp-content\\\/uploads\\\/2024\\\/10\\\/gettyimages-88090660-612x612-2.jpg\",\"datePublished\":\"2024-10-19T05:17:51+00:00\",\"dateModified\":\"2024-12-10T05:18:57+00:00\",\"description\":\"Erfahren Sie, wie mobiles Internet im Wohnmobil funktioniert. Entdecken Sie NETGEAR WLAN-Router f\u00fcr stabile Verbindungen unterwegs. Ideal f\u00fcr Camper & digitale Nomaden.\",\"breadcrumb\":{\"@id\":\"https:\\\/\\\/dehub.netgear.com\\\/de\\\/hub\\\/wifi\\\/mobile\\\/mobiles-internet-fur-wohnwagen\\\/#breadcrumb\"},\"inLanguage\":\"de\",\"potentialAction\":[{\"@type\":\"ReadAction\",\"target\":[\"https:\\\/\\\/dehub.netgear.com\\\/de\\\/hub\\\/wifi\\\/mobile\\\/mobiles-internet-fur-wohnwagen\\\/\"]}]},{\"@type\":\"ImageObject\",\"inLanguage\":\"de\",\"@id\":\"https:\\\/\\\/dehub.netgear.com\\\/de\\\/hub\\\/wifi\\\/mobile\\\/mobiles-internet-fur-wohnwagen\\\/#primaryimage\",\"url\":\"https:\\\/\\\/dehub.netgear.com\\\/de\\\/hub\\\/wp-content\\\/uploads\\\/2024\\\/10\\\/gettyimages-88090660-612x612-2.jpg\",\"contentUrl\":\"https:\\\/\\\/dehub.netgear.com\\\/de\\\/hub\\\/wp-content\\\/uploads\\\/2024\\\/10\\\/gettyimages-88090660-612x612-2.jpg\",\"width\":612,\"height\":458,\"caption\":\"Young man using laptop and drinking from a cup in Camper van in an idyllic location.\"},{\"@type\":\"BreadcrumbList\",\"@id\":\"https:\\\/\\\/dehub.netgear.com\\\/de\\\/hub\\\/wifi\\\/mobile\\\/mobiles-internet-fur-wohnwagen\\\/#breadcrumb\",\"itemListElement\":[{\"@type\":\"ListItem\",\"position\":1,\"name\":\"Home\",\"item\":\"https:\\\/\\\/dehub.netgear.com\\\/de\\\/hub\\\/\"},{\"@type\":\"ListItem\",\"position\":2,\"name\":\"WiFi Tech Articles Hub\",\"item\":\"https:\\\/\\\/dehub.netgear.com\\\/de\\\/hub\\\/wifi\\\/\"},{\"@type\":\"ListItem\",\"position\":3,\"name\":\"Mobiler WLAN-Artikel-Hub\",\"item\":\"https:\\\/\\\/dehub.netgear.com\\\/de\\\/hub\\\/wifi\\\/mobile\\\/\"},{\"@type\":\"ListItem\",\"position\":4,\"name\":\"Mobiles Internet f\u00fcr Wohnwagen &#038; Co\"}]},{\"@type\":\"WebSite\",\"@id\":\"https:\\\/\\\/dehub.netgear.com\\\/de\\\/hub\\\/#website\",\"url\":\"https:\\\/\\\/dehub.netgear.com\\\/de\\\/hub\\\/\",\"name\":\"NETGEAR\",\"description\":\"Erkunden Sie unsere Hub-Seiten und st\u00f6bern Sie in Artikeln, um mehr \u00fcber NETGEAR Produkte und Technologien zu erfahren.\",\"publisher\":{\"@id\":\"https:\\\/\\\/dehub.netgear.com\\\/de\\\/hub\\\/#organization\"},\"potentialAction\":[{\"@type\":\"SearchAction\",\"target\":{\"@type\":\"EntryPoint\",\"urlTemplate\":\"https:\\\/\\\/dehub.netgear.com\\\/de\\\/hub\\\/?s={search_term_string}\"},\"query-input\":{\"@type\":\"PropertyValueSpecification\",\"valueRequired\":true,\"valueName\":\"search_term_string\"}}],\"inLanguage\":\"de\"},{\"@type\":\"Organization\",\"@id\":\"https:\\\/\\\/dehub.netgear.com\\\/de\\\/hub\\\/#organization\",\"name\":\"NETGEAR\",\"url\":\"https:\\\/\\\/dehub.netgear.com\\\/de\\\/hub\\\/\",\"logo\":{\"@type\":\"ImageObject\",\"inLanguage\":\"de\",\"@id\":\"https:\\\/\\\/dehub.netgear.com\\\/de\\\/hub\\\/#\\\/schema\\\/logo\\\/image\\\/\",\"url\":\"https:\\\/\\\/www.dehub.netgear.com\\\/de\\\/hub\\\/wp-content\\\/uploads\\\/2019\\\/07\\\/NETGEAR_logo.jpg\",\"contentUrl\":\"https:\\\/\\\/www.dehub.netgear.com\\\/de\\\/hub\\\/wp-content\\\/uploads\\\/2019\\\/07\\\/NETGEAR_logo.jpg\",\"width\":1500,\"height\":501,\"caption\":\"NETGEAR\"},\"image\":{\"@id\":\"https:\\\/\\\/dehub.netgear.com\\\/de\\\/hub\\\/#\\\/schema\\\/logo\\\/image\\\/\"},\"sameAs\":[\"https:\\\/\\\/www.facebook.com\\\/NetgearAU\\\/\",\"https:\\\/\\\/x.com\\\/NETGEAR\",\"https:\\\/\\\/www.linkedin.com\\\/company\\\/netgear\"]}]}<\/script>\n<!-- \/ Yoast SEO plugin. -->","yoast_head_json":{"title":"Mobiles Internet f\u00fcr Wohnwagen & Reisen: WLAN-Router L\u00f6sungen","description":"Erfahren Sie, wie mobiles Internet im Wohnmobil funktioniert. Entdecken Sie NETGEAR WLAN-Router f\u00fcr stabile Verbindungen unterwegs. Ideal f\u00fcr Camper & digitale Nomaden.","robots":{"index":"index","follow":"follow","max-snippet":"max-snippet:-1","max-image-preview":"max-image-preview:large","max-video-preview":"max-video-preview:-1"},"canonical":"https:\/\/dehub.netgear.com\/de\/hub\/wifi\/mobile\/mobiles-internet-fur-wohnwagen\/","og_locale":"de_DE","og_type":"article","og_title":"Mobiles Internet f\u00fcr Wohnwagen & Reisen: WLAN-Router L\u00f6sungen","og_description":"Erfahren Sie, wie mobiles Internet im Wohnmobil funktioniert. Entdecken Sie NETGEAR WLAN-Router f\u00fcr stabile Verbindungen unterwegs. Ideal f\u00fcr Camper & digitale Nomaden.","og_url":"https:\/\/dehub.netgear.com\/de\/hub\/wifi\/mobile\/mobiles-internet-fur-wohnwagen\/","og_site_name":"NETGEAR Hub","article_publisher":"https:\/\/www.facebook.com\/NetgearAU\/","article_modified_time":"2024-12-10T05:18:57+00:00","og_image":[{"width":612,"height":458,"url":"https:\/\/dehub.netgear.com\/de\/hub\/wp-content\/uploads\/2024\/10\/gettyimages-88090660-612x612-2.jpg","type":"image\/jpeg"}],"twitter_card":"summary_large_image","twitter_site":"@NETGEAR","twitter_misc":{"Gesch\u00e4tzte Lesezeit":"1\u00a0Minute"},"schema":{"@context":"https:\/\/schema.org","@graph":[{"@type":"WebPage","@id":"https:\/\/dehub.netgear.com\/de\/hub\/wifi\/mobile\/mobiles-internet-fur-wohnwagen\/","url":"https:\/\/dehub.netgear.com\/de\/hub\/wifi\/mobile\/mobiles-internet-fur-wohnwagen\/","name":"Mobiles Internet f\u00fcr Wohnwagen & Reisen: WLAN-Router L\u00f6sungen","isPartOf":{"@id":"https:\/\/dehub.netgear.com\/de\/hub\/#website"},"primaryImageOfPage":{"@id":"https:\/\/dehub.netgear.com\/de\/hub\/wifi\/mobile\/mobiles-internet-fur-wohnwagen\/#primaryimage"},"image":{"@id":"https:\/\/dehub.netgear.com\/de\/hub\/wifi\/mobile\/mobiles-internet-fur-wohnwagen\/#primaryimage"},"thumbnailUrl":"https:\/\/dehub.netgear.com\/de\/hub\/wp-content\/uploads\/2024\/10\/gettyimages-88090660-612x612-2.jpg","datePublished":"2024-10-19T05:17:51+00:00","dateModified":"2024-12-10T05:18:57+00:00","description":"Erfahren Sie, wie mobiles Internet im Wohnmobil funktioniert. Entdecken Sie NETGEAR WLAN-Router f\u00fcr stabile Verbindungen unterwegs. Ideal f\u00fcr Camper & digitale Nomaden.","breadcrumb":{"@id":"https:\/\/dehub.netgear.com\/de\/hub\/wifi\/mobile\/mobiles-internet-fur-wohnwagen\/#breadcrumb"},"inLanguage":"de","potentialAction":[{"@type":"ReadAction","target":["https:\/\/dehub.netgear.com\/de\/hub\/wifi\/mobile\/mobiles-internet-fur-wohnwagen\/"]}]},{"@type":"ImageObject","inLanguage":"de","@id":"https:\/\/dehub.netgear.com\/de\/hub\/wifi\/mobile\/mobiles-internet-fur-wohnwagen\/#primaryimage","url":"https:\/\/dehub.netgear.com\/de\/hub\/wp-content\/uploads\/2024\/10\/gettyimages-88090660-612x612-2.jpg","contentUrl":"https:\/\/dehub.netgear.com\/de\/hub\/wp-content\/uploads\/2024\/10\/gettyimages-88090660-612x612-2.jpg","width":612,"height":458,"caption":"Young man using laptop and drinking from a cup in Camper van in an idyllic location."},{"@type":"BreadcrumbList","@id":"https:\/\/dehub.netgear.com\/de\/hub\/wifi\/mobile\/mobiles-internet-fur-wohnwagen\/#breadcrumb","itemListElement":[{"@type":"ListItem","position":1,"name":"Home","item":"https:\/\/dehub.netgear.com\/de\/hub\/"},{"@type":"ListItem","position":2,"name":"WiFi Tech Articles Hub","item":"https:\/\/dehub.netgear.com\/de\/hub\/wifi\/"},{"@type":"ListItem","position":3,"name":"Mobiler WLAN-Artikel-Hub","item":"https:\/\/dehub.netgear.com\/de\/hub\/wifi\/mobile\/"},{"@type":"ListItem","position":4,"name":"Mobiles Internet f\u00fcr Wohnwagen &#038; Co"}]},{"@type":"WebSite","@id":"https:\/\/dehub.netgear.com\/de\/hub\/#website","url":"https:\/\/dehub.netgear.com\/de\/hub\/","name":"NETGEAR","description":"Erkunden Sie unsere Hub-Seiten und st\u00f6bern Sie in Artikeln, um mehr \u00fcber NETGEAR Produkte und Technologien zu erfahren.","publisher":{"@id":"https:\/\/dehub.netgear.com\/de\/hub\/#organization"},"potentialAction":[{"@type":"SearchAction","target":{"@type":"EntryPoint","urlTemplate":"https:\/\/dehub.netgear.com\/de\/hub\/?s={search_term_string}"},"query-input":{"@type":"PropertyValueSpecification","valueRequired":true,"valueName":"search_term_string"}}],"inLanguage":"de"},{"@type":"Organization","@id":"https:\/\/dehub.netgear.com\/de\/hub\/#organization","name":"NETGEAR","url":"https:\/\/dehub.netgear.com\/de\/hub\/","logo":{"@type":"ImageObject","inLanguage":"de","@id":"https:\/\/dehub.netgear.com\/de\/hub\/#\/schema\/logo\/image\/","url":"https:\/\/www.dehub.netgear.com\/de\/hub\/wp-content\/uploads\/2019\/07\/NETGEAR_logo.jpg","contentUrl":"https:\/\/www.dehub.netgear.com\/de\/hub\/wp-content\/uploads\/2019\/07\/NETGEAR_logo.jpg","width":1500,"height":501,"caption":"NETGEAR"},"image":{"@id":"https:\/\/dehub.netgear.com\/de\/hub\/#\/schema\/logo\/image\/"},"sameAs":["https:\/\/www.facebook.com\/NetgearAU\/","https:\/\/x.com\/NETGEAR","https:\/\/www.linkedin.com\/company\/netgear"]}]}},"_links":{"self":[{"href":"https:\/\/dehub.netgear.com\/de\/hub\/wp-json\/wp\/v2\/pages\/9713","targetHints":{"allow":["GET"]}}],"collection":[{"href":"https:\/\/dehub.netgear.com\/de\/hub\/wp-json\/wp\/v2\/pages"}],"about":[{"href":"https:\/\/dehub.netgear.com\/de\/hub\/wp-json\/wp\/v2\/types\/page"}],"author":[{"embeddable":true,"href":"https:\/\/dehub.netgear.com\/de\/hub\/wp-json\/wp\/v2\/users\/68"}],"replies":[{"embeddable":true,"href":"https:\/\/dehub.netgear.com\/de\/hub\/wp-json\/wp\/v2\/comments?post=9713"}],"version-history":[{"count":6,"href":"https:\/\/dehub.netgear.com\/de\/hub\/wp-json\/wp\/v2\/pages\/9713\/revisions"}],"predecessor-version":[{"id":9942,"href":"https:\/\/dehub.netgear.com\/de\/hub\/wp-json\/wp\/v2\/pages\/9713\/revisions\/9942"}],"up":[{"embeddable":true,"href":"https:\/\/dehub.netgear.com\/de\/hub\/wp-json\/wp\/v2\/pages\/6701"}],"wp:featuredmedia":[{"embeddable":true,"href":"https:\/\/dehub.netgear.com\/de\/hub\/wp-json\/wp\/v2\/media\/9699"}],"wp:attachment":[{"href":"https:\/\/dehub.netgear.com\/de\/hub\/wp-json\/wp\/v2\/media?parent=9713"}],"curies":[{"name":"wp","href":"https:\/\/api.w.org\/{rel}","templated":true}]}}