{"id":9707,"date":"2024-10-19T06:57:11","date_gmt":"2024-10-19T04:57:11","guid":{"rendered":"https:\/\/www.dehub.netgear.com\/de\/hub\/?page_id=9707"},"modified":"2024-12-10T06:57:35","modified_gmt":"2024-12-10T05:57:35","slug":"wlan-abdeckung-erweitern-zuhause","status":"publish","type":"page","link":"https:\/\/dehub.netgear.com\/de\/hub\/wifi\/extenders\/wlan-abdeckung-erweitern-zuhause\/","title":{"rendered":"So erweitern Sie die WLAN-Abdeckung in Ihrem Zuhause"},"content":{"rendered":"    <div class=\"table-of-content bg-gray\">\n        <p><strong>IN THIS ARTICLE<\/strong><\/p>\n        <ul>\n                        <li><a href=\"#topic1\">Der zunehmende Bedarf an zuverl\u00e4ssiger WLAN-Abdeckung<\/a><\/li>\n                        <li><a href=\"#topic2\">Methoden zur Erweiterung der WLAN-Abdeckung<\/a><\/li>\n                        <li><a href=\"#topic3\">Einf\u00fchrung der WiFi 7-Technologie<\/a><\/li>\n                        <li><a href=\"#topic4\">\u00dcbersicht zu WiFi 7<\/a><\/li>\n                        <li><a href=\"#topic5\">Wie die Orbi Mesh-Technologie Ihr Netzwerk vereinfacht<\/a><\/li>\n                        <li><a href=\"#topic6\">Nutzen Sie Ihre erweiterte WLAN-Abdeckung<\/a><\/li>\n                        <li><a href=\"#topic7\">Warum NETGEAR f\u00fcr Heim-WLAN w\u00e4hlen?<\/a><\/li>\n                    <\/ul>\n    <\/div>\n        <div id=\"topic1\" class=\"skip-item\">\n                        <h2>Der zunehmende Bedarf an zuverl\u00e4ssiger WLAN-Abdeckung<\/h2>\n                <p>Eine schnelle und best\u00e4ndige WLAN-Abdeckung ist f\u00fcr die Arbeit, zu Hause und in der Freizeit unerl\u00e4sslich. In deutschen Haushalten k\u00f6nnen heutzutage Dutzende von Ger\u00e4ten angeschlossen sein, die alle zugleich um das WLAN-Netzwerksignal konkurrieren. Die WLAN-Standards haben sich schnell von WiFi 6 zu WiFi 7 weiterentwickelt, sodass Sie unter Umst\u00e4nden den \u00e4lteren Router Ihres Internetanbieters (ISP) aufr\u00fcsten m\u00fcssen, um die Leistung von WiFi 7 zu erreichen.<\/p>\n<p><img loading=\"lazy\" decoding=\"async\" class=\"wp-image-10122 aligncenter\" src=\"https:\/\/www.dehub.netgear.com\/uk\/hub\/wp-content\/uploads\/2024\/08\/webimage-89fdcab5-d4ca-45a0-a1dd-0d19dc69a89e-300x151.png\" alt=\"\" width=\"1057\" height=\"532\" \/><\/p>\n    <\/div>\n        <div id=\"topic2\" class=\"skip-item\">\n                        <h2>Methoden zur Erweiterung der WLAN-Abdeckung<\/h2>\n                <p>Zur Verbesserung eines drahtlosen Netzwerks gibt es mehrere n\u00fctzliche Wege. <a href=\"https:\/\/www.dehub.netgear.com\/de\/home\/wifi\/range-extenders\/\">WLAN-Repeater<\/a>, WLAN-Router und WLAN-Mesh-Systeme werden eingesetzt, um bessere Internetverbindungen und eine h\u00f6here Signalst\u00e4rke zu erzielen. Hir sind drei M\u00f6glichkeiten zur Aufr\u00fcstung Ihres WLAN-Systems:<\/p>\n<h5>1. Installation eines WLAN-Repeaters<\/h5>\n<p>Koppeln Sie Ihren Router mit einem WLAN-Repeater oder WLAN-Booster und erweitern Sie so Ihre Reichweite. Verschaffen Sie sich WLAN dort, wo Sie es ben\u00f6tigen, und verabschieden Sie sich von Funkl\u00f6chern und Verbindungsabbr\u00fcchen. Der erste Schritt ist das Wissen, wie man einen Repeater einrichtet. Ein solcher Repeater sollte in der Mitte zwischen Ihrem Router und dem Bereich, den Sie verbinden m\u00f6chten, aufgestellt werden. Die WLAN-Abdeckung wird erweitert, wodurch Sie an Ihrem bevorzugten Platz mit WLAN-Zugang im Internet surfen k\u00f6nnen.<\/p>\n<div class=\"explore-btn-area\"><a class=\"explore-btn\" href=\"https:\/\/www.dehub.netgear.com\/de\/hub\/technology\/wifi-extender-vs-mesh-wifi-which-is-better\/\">Mehr Erfahren<\/a><\/div>\n<h5>2. Vorhandenen Router ersetzen<\/h5>\n<p>Die Nighthawk-App ist der einfachste Weg, Ihren neuen NETGEAR-Router einzurichten. Au\u00dferdem k\u00f6nnen Sie mit der Nighthawk-App die Ger\u00e4te in Ihrem Netzwerk anzeigen, Geschwindigkeitstests durchf\u00fchren und Ihre WLAN-Einstellungen verwalten. Falls Sie es vorziehen, Ihren Router mit einem Computer zu installieren, oder falls Ihr Produkt nicht unterst\u00fctzt wird, k\u00f6nnen Sie Ihren Router auch \u00fcber die Web-Oberfl\u00e4che des Routers einrichten. Erfahren Sie, welche Produkte die Nighthawk-App unterst\u00fctzen und wie Sie Ihren Router \u00fcber die Web-Oberfl\u00e4che einrichten k\u00f6nnen.<\/p>\n<h5>3.Die \u00fcberlegene L\u00f6sung: WLAN-Mesh-Systeme<\/h5>\n<p>Zweifellos sind WLAN-Mesh-Systeme in Haushalten auf dem Vormarsch, da die Nachfrage nach einer fl\u00e4chendeckenden WLAN-Abdeckung exponentiell steigt. Dies gilt auch f\u00fcr Deutschland, wo Verbraucher schnellere Geschwindigkeiten und ein stabiles WLAN erwarten, um ein zuverl\u00e4ssiges Netzwerk f\u00fcr eine st\u00e4ndig wachsende Anzahl von angeschlossenen Ger\u00e4ten bereitzustellen. Die <a href=\"https:\/\/www.dehub.netgear.com\/uk\/home\/wifi\/mesh\/rbe973s\/\">NETGEAR Orbi 970 WiFi 7<\/a>Mesh-Technologie umfasst einen Hauptrouter und mehrere Satelliten, die synchron als ein gemeinsames Netzwerk arbeiten. Jeder Satellit fungiert als drahtloser Plug-in-Router mit kabelgebundenen oder drahtlosen Verbindungsoptionen f\u00fcr die schnellsten Multi-Gigabit-Internetgeschwindigkeiten von bis zu 27 Gbit\/s.<\/p>\n    <\/div>\n        <div id=\"topic3\" class=\"skip-item\">\n                        <h2>Einf\u00fchrung der WiFi 7-Technologie<\/h2>\n                <p>WiFi 7 ist der neueste WLAN-Standard, der gegen\u00fcber WiFi 6\/6E erhebliche Optimierungen und Erweiterungen bietet. Zu den unmittelbaren Vorz\u00fcgen geh\u00f6ren:<\/p>\n<p><u><strong>H\u00f6here Geschwindigkeiten:<\/strong><\/u> WiFi 7 ist bei gleicher WLAN-Funkkonfiguration 2,4-mal schneller als WiFi 6. Selbst ein herk\u00f6mmliches Mobiltelefon kann maximale Geschwindigkeiten von bis zu 5 Gbps erreichen, und Home-Mesh-Systeme k\u00f6nnen bis zu 27 Gbps nutzen.<\/p>\n<p><u><strong>Doppelte WLAN-Bandbreite:<\/strong><\/u> Jedes WLAN-Frequenzband arbeitet f\u00fcr die Verbindung zu einzelnen Ger\u00e4ten in kleineren B\u00e4ndern von 20\/40\/80\/160MHz. WiFi 7 verdoppelt die Bandbreite auf 320 MHz. So k\u00f6nnen die WLAN-Geschwindigkeiten f\u00fcr Ihre Ger\u00e4te effektiv verdoppelt werden.<\/p>\n<p><u><strong>Mehr Datendichte:<\/strong><\/u> WiFi 7 erh\u00f6ht die in einem Funksignal kodierbare Datenmenge. Gemessen wird dies durch einen Standard, der als Quadraturamplitudenmodulation (QAM) bekannt ist. WiFi 6 ist auf 1024 QAM begrenzt, w\u00e4hrend WiFi 7 beeindruckende 4096 QAM bietet, um den Datendurchsatz zu erh\u00f6hen und die Spitzenraten um 20 % steigern.<\/p>\n<p><img loading=\"lazy\" decoding=\"async\" class=\" wp-image-9975 aligncenter\" src=\"https:\/\/www.dehub.netgear.com\/uk\/hub\/wp-content\/uploads\/2024\/06\/preamble-puncturing_tcm148-153096-cropped-300x179.jpg\" alt=\"\" width=\"630\" height=\"376\" \/><\/p>\n    <\/div>\n        <div id=\"topic4\" class=\"skip-item\">\n                        <h2>\u00dcbersicht zu WiFi 7<\/h2>\n                <p>WiFi 7-Router und WLAN-Mesh-Systeme f\u00fcr zu Hause sind ideal f\u00fcr gro\u00dfe H\u00e4user mit mehreren angeschlossenen Ger\u00e4ten und R\u00e4umen. Mit WiFi 7 erfahren Sie aus erster Hand, wie Sie die WLAN-Abdeckung in einem gro\u00dfen Haus erweitern k\u00f6nnen. Sie k\u00f6nnen ein Heim- und G\u00e4stenetzwerk aber auch ein Smart Home Internet of Things (IoT)-Netzwerk erstellen. Die Fortschritte von <a href=\"https:\/\/www.dehub.netgear.com\/de\/hub\/wifi\/mesh\/orbi-970-wifi-7\/\/\">WiFi 7<\/a> umfassen alle Aspekte, von WLAN-Internet und Smartphones bis hin zu Amazon Alexa-Soundsystemen, \u00dcberwachungskameras, Smart-TVs, Thermostaten, Bluetooth und mehr. WiFi 7 erm\u00f6glicht eine einfache Heimvernetzung f\u00fcr Arbeit und Freizeit. Mit <a href=\"https:\/\/www.dehub.netgear.com\/de\/hub\/technology\/wifi-7-vs-wifi-6\/\">WiFi 7<\/a> verf\u00fcgt jeder unter einem Dach \u00fcber seinen eigenen Bereich f\u00fcr Videokonferenzen, Streaming, Spiele und Surfen.<\/p>\n    <\/div>\n        <div id=\"topic5\" class=\"skip-item\">\n                        <h2>Wie die Orbi Mesh-Technologie Ihr Netzwerk vereinfacht<\/h2>\n                <p>So komplex Mesh-Systeme auf den ersten Blick erscheinen m\u00f6gen &#8211; sie vereinfachen das Leben zu Hause im Jahr 2024 in Deutschland. NETGEAR Orbi Mesh-Systeme lassen sich mit einer einzigen Anmeldung am Netzwerknamen system\u00fcbergreifend betreiben und bieten eine nahtlose WLAN-Abdeckung, w\u00e4hrend man sich von Raum zu Raum bewegt. WLAN-Funkl\u00f6cher geh\u00f6ren der Vergangenheit an und werden durch starke WLAN-Signale und zuverl\u00e4ssige WLAN-Verbindungen ersetzt. Die Einstellungen des Orbi 970 WLAN-Netzwerkes, wie z.B. die strikte Kindersicherung und Ziel-Weckzeit, k\u00f6nnen f\u00fcr einzelne Ger\u00e4te festgelegt werden und gew\u00e4hrleisten so, dass jeder in Ihrem Netzwerk gesch\u00fctzt ist. Das System umfasst NETGEAR Armor Security, WPA3-Verschl\u00fcsselung und VPN, und die gesamte WLAN-Einrichtung zu Hause kann in wenigen Minuten mit der Orbi-App abgeschlossen werden.<\/p>\n    <\/div>\n        <div id=\"topic6\" class=\"skip-item\">\n                        <h2>Nutzen Sie Ihre erweiterte WLAN-Abdeckung<\/h2>\n                <p>Die WLAN-Abdeckung l\u00e4sst sich auf verschiedene Arten erweitern. Eigenst\u00e4ndige Router, externe Antennen und die besten WLAN-Repeater eignen sich f\u00fcr diverse Szenarien. Jedoch bietet lediglich die WiFi 7-Technologie Zukunftssicherheit f\u00fcr das Heim-WLAN der n\u00e4chsten Generation. Beim Vergleich von Mesh-WLAN und herk\u00f6mmlichen Routern gibt es einen klaren Sieger. NETGEAR Orbi WiFi 7 Mesh-Systeme sind abw\u00e4rtskompatibel, sodass Ihre \u00e4lteren WiFi 5 und WiFi 6-Ger\u00e4te weiterhin optimal funktionieren. Mit einem Upgrade auf WiFi 7-Ger\u00e4te k\u00f6nnen Sie die Vorteile von WLAN-Mesh-Systemen vollst\u00e4ndig aussch\u00f6pfen. Die Firmware f\u00fcr Orbi 970 WiFi 7 wird automatisch heruntergeladen, und jeder WiFi 7-Satellit verf\u00fcgt \u00fcber Ethernet-Kabelanschl\u00fcsse f\u00fcr vorrangige Ger\u00e4teverbindungen.<\/p>\n<div class=\"explore-btn-area\"><a class=\"explore-btn\" href=\"https:\/\/www.netgear.com\/de\/home\/wifi\/mesh\/rbe973sb\/\">JETZT KAUFEN ORBI 970<\/a><\/div>\n<p><img loading=\"lazy\" decoding=\"async\" class=\"wp-image-9973 aligncenter\" src=\"https:\/\/www.dehub.netgear.com\/uk\/hub\/wp-content\/uploads\/2024\/06\/buyer-guide-new-orbi-rings2_tcm148-140759-300x164.jpg\" alt=\"\" width=\"821\" height=\"449\" \/><\/p>\n    <\/div>\n        <div id=\"topic7\" class=\"skip-item\">\n                        <h2>Warum NETGEAR f\u00fcr Heim-WLAN w\u00e4hlen?<\/h2>\n                <p>NETGEAR ist bereits seit den 1990er Jahren f\u00fchrend in der WLAN-Branche &#8211; zu dieser Zeit wurden drahtlose Netzwerke erstmals im gro\u00dfen Stil eingef\u00fchrt. Seither hat NETGEAR mit seiner beispiellosen Mesh-WLAN-Systemtechnologie die Grenzen kontinuierlich \u00fcberschritten. WiFi 7 f\u00fcr Heimnetzwerke bringt zahlreiche Vorteile mit sich.F\u00fcr moderne Haushalte und Unternehmen gibt es nun tragf\u00e4hige Netzwerkoptionen, darunter NETGEAR Orbi, das beste WLAN-System f\u00fcr nahtlose Abdeckung. Sollte Ihr \u00e4lterer Router Sie ausbremsen und Sie m\u00f6chten die WLAN-Abdeckung erweitern, ist es an der Zeit, auf NETGEAR Orbi oder NETGEAR Nighthawk WiFi 7-Systeme aufzur\u00fcsten, um einen Quantensprung in die Zukunft der Vernetzung zu vollziehen.<\/p>\n    <\/div>\n    \n","protected":false},"excerpt":{"rendered":"","protected":false},"author":68,"featured_media":9117,"parent":6709,"menu_order":1,"comment_status":"closed","ping_status":"closed","template":"templates\/mesh-vs-wifi.php","meta":{"_acf_changed":false,"footnotes":""},"class_list":["post-9707","page","type-page","status-publish","has-post-thumbnail","hentry"],"acf":[],"yoast_head":"<!-- This site is optimized with the Yoast SEO plugin v27.4 - https:\/\/yoast.com\/product\/yoast-seo-wordpress\/ -->\n<title>WLAN-Abdeckung zuhause verbessern: Mesh, Repeater &amp; Router<\/title>\n<meta name=\"description\" content=\"Erweitern Sie Ihre WLAN-Abdeckung mit Mesh-Systemen, Repeatern oder neuen Routern. Entdecken Sie, wie NETGEAR-L\u00f6sungen f\u00fcr stabiles Internet sorgen.\" \/>\n<meta name=\"robots\" content=\"index, follow, max-snippet:-1, max-image-preview:large, max-video-preview:-1\" \/>\n<link rel=\"canonical\" href=\"https:\/\/dehub.netgear.com\/de\/hub\/wifi\/extenders\/wlan-abdeckung-erweitern-zuhause\/\" \/>\n<meta property=\"og:locale\" content=\"de_DE\" \/>\n<meta property=\"og:type\" content=\"article\" \/>\n<meta property=\"og:title\" content=\"WLAN-Abdeckung zuhause verbessern: Mesh, Repeater &amp; Router\" \/>\n<meta property=\"og:description\" content=\"Erweitern Sie Ihre WLAN-Abdeckung mit Mesh-Systemen, Repeatern oder neuen Routern. Entdecken Sie, wie NETGEAR-L\u00f6sungen f\u00fcr stabiles Internet sorgen.\" \/>\n<meta property=\"og:url\" content=\"https:\/\/dehub.netgear.com\/de\/hub\/wifi\/extenders\/wlan-abdeckung-erweitern-zuhause\/\" \/>\n<meta property=\"og:site_name\" content=\"NETGEAR Hub\" \/>\n<meta property=\"article:publisher\" content=\"https:\/\/www.facebook.com\/NetgearAU\/\" \/>\n<meta property=\"article:modified_time\" content=\"2024-12-10T05:57:35+00:00\" \/>\n<meta property=\"og:image\" content=\"https:\/\/dehub.netgear.com\/de\/hub\/wp-content\/uploads\/2023\/09\/MicrosoftTeams-image-5.jpg\" \/>\n\t<meta property=\"og:image:width\" content=\"300\" \/>\n\t<meta property=\"og:image:height\" content=\"211\" \/>\n\t<meta property=\"og:image:type\" content=\"image\/jpeg\" \/>\n<meta name=\"twitter:card\" content=\"summary_large_image\" \/>\n<meta name=\"twitter:site\" content=\"@NETGEAR\" \/>\n<script type=\"application\/ld+json\" class=\"yoast-schema-graph\">{\"@context\":\"https:\\\/\\\/schema.org\",\"@graph\":[{\"@type\":\"WebPage\",\"@id\":\"https:\\\/\\\/dehub.netgear.com\\\/de\\\/hub\\\/wifi\\\/extenders\\\/wlan-abdeckung-erweitern-zuhause\\\/\",\"url\":\"https:\\\/\\\/dehub.netgear.com\\\/de\\\/hub\\\/wifi\\\/extenders\\\/wlan-abdeckung-erweitern-zuhause\\\/\",\"name\":\"WLAN-Abdeckung zuhause verbessern: Mesh, Repeater & Router\",\"isPartOf\":{\"@id\":\"https:\\\/\\\/dehub.netgear.com\\\/de\\\/hub\\\/#website\"},\"primaryImageOfPage\":{\"@id\":\"https:\\\/\\\/dehub.netgear.com\\\/de\\\/hub\\\/wifi\\\/extenders\\\/wlan-abdeckung-erweitern-zuhause\\\/#primaryimage\"},\"image\":{\"@id\":\"https:\\\/\\\/dehub.netgear.com\\\/de\\\/hub\\\/wifi\\\/extenders\\\/wlan-abdeckung-erweitern-zuhause\\\/#primaryimage\"},\"thumbnailUrl\":\"https:\\\/\\\/dehub.netgear.com\\\/de\\\/hub\\\/wp-content\\\/uploads\\\/2023\\\/09\\\/MicrosoftTeams-image-5.jpg\",\"datePublished\":\"2024-10-19T04:57:11+00:00\",\"dateModified\":\"2024-12-10T05:57:35+00:00\",\"description\":\"Erweitern Sie Ihre WLAN-Abdeckung mit Mesh-Systemen, Repeatern oder neuen Routern. Entdecken Sie, wie NETGEAR-L\u00f6sungen f\u00fcr stabiles Internet sorgen.\",\"breadcrumb\":{\"@id\":\"https:\\\/\\\/dehub.netgear.com\\\/de\\\/hub\\\/wifi\\\/extenders\\\/wlan-abdeckung-erweitern-zuhause\\\/#breadcrumb\"},\"inLanguage\":\"de\",\"potentialAction\":[{\"@type\":\"ReadAction\",\"target\":[\"https:\\\/\\\/dehub.netgear.com\\\/de\\\/hub\\\/wifi\\\/extenders\\\/wlan-abdeckung-erweitern-zuhause\\\/\"]}]},{\"@type\":\"ImageObject\",\"inLanguage\":\"de\",\"@id\":\"https:\\\/\\\/dehub.netgear.com\\\/de\\\/hub\\\/wifi\\\/extenders\\\/wlan-abdeckung-erweitern-zuhause\\\/#primaryimage\",\"url\":\"https:\\\/\\\/dehub.netgear.com\\\/de\\\/hub\\\/wp-content\\\/uploads\\\/2023\\\/09\\\/MicrosoftTeams-image-5.jpg\",\"contentUrl\":\"https:\\\/\\\/dehub.netgear.com\\\/de\\\/hub\\\/wp-content\\\/uploads\\\/2023\\\/09\\\/MicrosoftTeams-image-5.jpg\",\"width\":300,\"height\":211},{\"@type\":\"BreadcrumbList\",\"@id\":\"https:\\\/\\\/dehub.netgear.com\\\/de\\\/hub\\\/wifi\\\/extenders\\\/wlan-abdeckung-erweitern-zuhause\\\/#breadcrumb\",\"itemListElement\":[{\"@type\":\"ListItem\",\"position\":1,\"name\":\"Home\",\"item\":\"https:\\\/\\\/dehub.netgear.com\\\/de\\\/hub\\\/\"},{\"@type\":\"ListItem\",\"position\":2,\"name\":\"WiFi Tech Articles Hub\",\"item\":\"https:\\\/\\\/dehub.netgear.com\\\/de\\\/hub\\\/wifi\\\/\"},{\"@type\":\"ListItem\",\"position\":3,\"name\":\"WLAN-Repeater\",\"item\":\"https:\\\/\\\/dehub.netgear.com\\\/de\\\/hub\\\/wifi\\\/extenders\\\/\"},{\"@type\":\"ListItem\",\"position\":4,\"name\":\"So erweitern Sie die WLAN-Abdeckung in Ihrem Zuhause\"}]},{\"@type\":\"WebSite\",\"@id\":\"https:\\\/\\\/dehub.netgear.com\\\/de\\\/hub\\\/#website\",\"url\":\"https:\\\/\\\/dehub.netgear.com\\\/de\\\/hub\\\/\",\"name\":\"NETGEAR\",\"description\":\"Erkunden Sie unsere Hub-Seiten und st\u00f6bern Sie in Artikeln, um mehr \u00fcber NETGEAR Produkte und Technologien zu erfahren.\",\"publisher\":{\"@id\":\"https:\\\/\\\/dehub.netgear.com\\\/de\\\/hub\\\/#organization\"},\"potentialAction\":[{\"@type\":\"SearchAction\",\"target\":{\"@type\":\"EntryPoint\",\"urlTemplate\":\"https:\\\/\\\/dehub.netgear.com\\\/de\\\/hub\\\/?s={search_term_string}\"},\"query-input\":{\"@type\":\"PropertyValueSpecification\",\"valueRequired\":true,\"valueName\":\"search_term_string\"}}],\"inLanguage\":\"de\"},{\"@type\":\"Organization\",\"@id\":\"https:\\\/\\\/dehub.netgear.com\\\/de\\\/hub\\\/#organization\",\"name\":\"NETGEAR\",\"url\":\"https:\\\/\\\/dehub.netgear.com\\\/de\\\/hub\\\/\",\"logo\":{\"@type\":\"ImageObject\",\"inLanguage\":\"de\",\"@id\":\"https:\\\/\\\/dehub.netgear.com\\\/de\\\/hub\\\/#\\\/schema\\\/logo\\\/image\\\/\",\"url\":\"https:\\\/\\\/www.dehub.netgear.com\\\/de\\\/hub\\\/wp-content\\\/uploads\\\/2019\\\/07\\\/NETGEAR_logo.jpg\",\"contentUrl\":\"https:\\\/\\\/www.dehub.netgear.com\\\/de\\\/hub\\\/wp-content\\\/uploads\\\/2019\\\/07\\\/NETGEAR_logo.jpg\",\"width\":1500,\"height\":501,\"caption\":\"NETGEAR\"},\"image\":{\"@id\":\"https:\\\/\\\/dehub.netgear.com\\\/de\\\/hub\\\/#\\\/schema\\\/logo\\\/image\\\/\"},\"sameAs\":[\"https:\\\/\\\/www.facebook.com\\\/NetgearAU\\\/\",\"https:\\\/\\\/x.com\\\/NETGEAR\",\"https:\\\/\\\/www.linkedin.com\\\/company\\\/netgear\"]}]}<\/script>\n<!-- \/ Yoast SEO plugin. -->","yoast_head_json":{"title":"WLAN-Abdeckung zuhause verbessern: Mesh, Repeater & Router","description":"Erweitern Sie Ihre WLAN-Abdeckung mit Mesh-Systemen, Repeatern oder neuen Routern. Entdecken Sie, wie NETGEAR-L\u00f6sungen f\u00fcr stabiles Internet sorgen.","robots":{"index":"index","follow":"follow","max-snippet":"max-snippet:-1","max-image-preview":"max-image-preview:large","max-video-preview":"max-video-preview:-1"},"canonical":"https:\/\/dehub.netgear.com\/de\/hub\/wifi\/extenders\/wlan-abdeckung-erweitern-zuhause\/","og_locale":"de_DE","og_type":"article","og_title":"WLAN-Abdeckung zuhause verbessern: Mesh, Repeater & Router","og_description":"Erweitern Sie Ihre WLAN-Abdeckung mit Mesh-Systemen, Repeatern oder neuen Routern. Entdecken Sie, wie NETGEAR-L\u00f6sungen f\u00fcr stabiles Internet sorgen.","og_url":"https:\/\/dehub.netgear.com\/de\/hub\/wifi\/extenders\/wlan-abdeckung-erweitern-zuhause\/","og_site_name":"NETGEAR Hub","article_publisher":"https:\/\/www.facebook.com\/NetgearAU\/","article_modified_time":"2024-12-10T05:57:35+00:00","og_image":[{"width":300,"height":211,"url":"https:\/\/dehub.netgear.com\/de\/hub\/wp-content\/uploads\/2023\/09\/MicrosoftTeams-image-5.jpg","type":"image\/jpeg"}],"twitter_card":"summary_large_image","twitter_site":"@NETGEAR","schema":{"@context":"https:\/\/schema.org","@graph":[{"@type":"WebPage","@id":"https:\/\/dehub.netgear.com\/de\/hub\/wifi\/extenders\/wlan-abdeckung-erweitern-zuhause\/","url":"https:\/\/dehub.netgear.com\/de\/hub\/wifi\/extenders\/wlan-abdeckung-erweitern-zuhause\/","name":"WLAN-Abdeckung zuhause verbessern: Mesh, Repeater & Router","isPartOf":{"@id":"https:\/\/dehub.netgear.com\/de\/hub\/#website"},"primaryImageOfPage":{"@id":"https:\/\/dehub.netgear.com\/de\/hub\/wifi\/extenders\/wlan-abdeckung-erweitern-zuhause\/#primaryimage"},"image":{"@id":"https:\/\/dehub.netgear.com\/de\/hub\/wifi\/extenders\/wlan-abdeckung-erweitern-zuhause\/#primaryimage"},"thumbnailUrl":"https:\/\/dehub.netgear.com\/de\/hub\/wp-content\/uploads\/2023\/09\/MicrosoftTeams-image-5.jpg","datePublished":"2024-10-19T04:57:11+00:00","dateModified":"2024-12-10T05:57:35+00:00","description":"Erweitern Sie Ihre WLAN-Abdeckung mit Mesh-Systemen, Repeatern oder neuen Routern. Entdecken Sie, wie NETGEAR-L\u00f6sungen f\u00fcr stabiles Internet sorgen.","breadcrumb":{"@id":"https:\/\/dehub.netgear.com\/de\/hub\/wifi\/extenders\/wlan-abdeckung-erweitern-zuhause\/#breadcrumb"},"inLanguage":"de","potentialAction":[{"@type":"ReadAction","target":["https:\/\/dehub.netgear.com\/de\/hub\/wifi\/extenders\/wlan-abdeckung-erweitern-zuhause\/"]}]},{"@type":"ImageObject","inLanguage":"de","@id":"https:\/\/dehub.netgear.com\/de\/hub\/wifi\/extenders\/wlan-abdeckung-erweitern-zuhause\/#primaryimage","url":"https:\/\/dehub.netgear.com\/de\/hub\/wp-content\/uploads\/2023\/09\/MicrosoftTeams-image-5.jpg","contentUrl":"https:\/\/dehub.netgear.com\/de\/hub\/wp-content\/uploads\/2023\/09\/MicrosoftTeams-image-5.jpg","width":300,"height":211},{"@type":"BreadcrumbList","@id":"https:\/\/dehub.netgear.com\/de\/hub\/wifi\/extenders\/wlan-abdeckung-erweitern-zuhause\/#breadcrumb","itemListElement":[{"@type":"ListItem","position":1,"name":"Home","item":"https:\/\/dehub.netgear.com\/de\/hub\/"},{"@type":"ListItem","position":2,"name":"WiFi Tech Articles Hub","item":"https:\/\/dehub.netgear.com\/de\/hub\/wifi\/"},{"@type":"ListItem","position":3,"name":"WLAN-Repeater","item":"https:\/\/dehub.netgear.com\/de\/hub\/wifi\/extenders\/"},{"@type":"ListItem","position":4,"name":"So erweitern Sie die WLAN-Abdeckung in Ihrem Zuhause"}]},{"@type":"WebSite","@id":"https:\/\/dehub.netgear.com\/de\/hub\/#website","url":"https:\/\/dehub.netgear.com\/de\/hub\/","name":"NETGEAR","description":"Erkunden Sie unsere Hub-Seiten und st\u00f6bern Sie in Artikeln, um mehr \u00fcber NETGEAR Produkte und Technologien zu erfahren.","publisher":{"@id":"https:\/\/dehub.netgear.com\/de\/hub\/#organization"},"potentialAction":[{"@type":"SearchAction","target":{"@type":"EntryPoint","urlTemplate":"https:\/\/dehub.netgear.com\/de\/hub\/?s={search_term_string}"},"query-input":{"@type":"PropertyValueSpecification","valueRequired":true,"valueName":"search_term_string"}}],"inLanguage":"de"},{"@type":"Organization","@id":"https:\/\/dehub.netgear.com\/de\/hub\/#organization","name":"NETGEAR","url":"https:\/\/dehub.netgear.com\/de\/hub\/","logo":{"@type":"ImageObject","inLanguage":"de","@id":"https:\/\/dehub.netgear.com\/de\/hub\/#\/schema\/logo\/image\/","url":"https:\/\/www.dehub.netgear.com\/de\/hub\/wp-content\/uploads\/2019\/07\/NETGEAR_logo.jpg","contentUrl":"https:\/\/www.dehub.netgear.com\/de\/hub\/wp-content\/uploads\/2019\/07\/NETGEAR_logo.jpg","width":1500,"height":501,"caption":"NETGEAR"},"image":{"@id":"https:\/\/dehub.netgear.com\/de\/hub\/#\/schema\/logo\/image\/"},"sameAs":["https:\/\/www.facebook.com\/NetgearAU\/","https:\/\/x.com\/NETGEAR","https:\/\/www.linkedin.com\/company\/netgear"]}]}},"_links":{"self":[{"href":"https:\/\/dehub.netgear.com\/de\/hub\/wp-json\/wp\/v2\/pages\/9707","targetHints":{"allow":["GET"]}}],"collection":[{"href":"https:\/\/dehub.netgear.com\/de\/hub\/wp-json\/wp\/v2\/pages"}],"about":[{"href":"https:\/\/dehub.netgear.com\/de\/hub\/wp-json\/wp\/v2\/types\/page"}],"author":[{"embeddable":true,"href":"https:\/\/dehub.netgear.com\/de\/hub\/wp-json\/wp\/v2\/users\/68"}],"replies":[{"embeddable":true,"href":"https:\/\/dehub.netgear.com\/de\/hub\/wp-json\/wp\/v2\/comments?post=9707"}],"version-history":[{"count":6,"href":"https:\/\/dehub.netgear.com\/de\/hub\/wp-json\/wp\/v2\/pages\/9707\/revisions"}],"predecessor-version":[{"id":9948,"href":"https:\/\/dehub.netgear.com\/de\/hub\/wp-json\/wp\/v2\/pages\/9707\/revisions\/9948"}],"up":[{"embeddable":true,"href":"https:\/\/dehub.netgear.com\/de\/hub\/wp-json\/wp\/v2\/pages\/6709"}],"wp:featuredmedia":[{"embeddable":true,"href":"https:\/\/dehub.netgear.com\/de\/hub\/wp-json\/wp\/v2\/media\/9117"}],"wp:attachment":[{"href":"https:\/\/dehub.netgear.com\/de\/hub\/wp-json\/wp\/v2\/media?parent=9707"}],"curies":[{"name":"wp","href":"https:\/\/api.w.org\/{rel}","templated":true}]}}