{"id":9667,"date":"2024-10-19T06:29:40","date_gmt":"2024-10-19T04:29:40","guid":{"rendered":"https:\/\/www.dehub.netgear.com\/de\/hub\/?page_id=9667"},"modified":"2024-12-04T05:45:24","modified_gmt":"2024-12-04T04:45:24","slug":"mobiler-wlan-unterwegs","status":"publish","type":"page","link":"https:\/\/dehub.netgear.com\/de\/hub\/wifi\/mobile\/mobiler-wlan-unterwegs\/","title":{"rendered":"Auch unterwegs mit einem WLAN-Router online bleiben"},"content":{"rendered":"    <div class=\"table-of-content bg-gray\">\n        <p><strong>IN THIS ARTICLE<\/strong><\/p>\n        <ul>\n                        <li><a href=\"#topic1\">Warum wird ein mobiler WLAN-Hotspot ben\u00f6tigt?<\/a><\/li>\n                        <li><a href=\"#topic2\">Weshalb sollten Sie 5G-Router NETGEAR Nighthawk M6 Pro f\u00fcr mobile Hotspots w\u00e4hlen?<\/a><\/li>\n                        <li><a href=\"#topic3\">FAQs<\/a><\/li>\n                    <\/ul>\n    <\/div>\n        <div id=\"topic1\" class=\"skip-item\">\n                        <h2>Warum wird ein mobiler WLAN-Hotspot ben\u00f6tigt?<\/h2>\n                <p>F\u00fcr viele ist es wichtig, auf Reisen im In- und <a href=\"https:\/\/www.dehub.netgear.com\/de\/hub\/wifi\/mobile\/mobiler-wlan-router-reisen-ausland\/\">Ausland<\/a> auch einen st\u00e4ndigen Zugang zum Internet zu haben und daf\u00fcr ist ein mobiler WLAN-Router genau das Richtige. F\u00fcr alle anderen ist das Mitf\u00fchren eines pers\u00f6nlichen und tragbaren Hotspot-Ger\u00e4ts eine M\u00f6glichkeit, unzuverl\u00e4ssiges Hotel-WiFi, teure Daten-Roaming-Geb\u00fchren oder die frustrierende Suche nach einem geeigneten \u00f6ffentlichen Hotspot zu vermeiden.<\/p>\n<p>Der mobile 5G-Router NETGEAR Nighthawk M6 Pro ist klein genug, um ihn in der Tasche oder im Rucksack mit sich zu f\u00fchren, und dennoch leistungsf\u00e4hig genug, um eine starke WIFI-Verbindung f\u00fcr bis zu 32 Endger\u00e4te gleichzeitig bereitzustellen und kann zudem problemlos gro\u00dfe Datenvolumen \u00fcbertragen. Werfen wir einen Blick auf 5 Szenarien, in denen ein mobiler WLAN-Router unglaublich n\u00fctzlich f\u00fcr das Internet unterwegs sind.<\/p>\n<h3>1. Camping<\/h3>\n<p>Der Campingurlaub ist ein beliebter Familienausflug f\u00fcr ein paar Tage oder Wochen weg von zu Hause, mit wertvollen Erinnerungen, die ein Leben lang halten. Doch nicht alle Familien sind gleich, und manche Kinder m\u00f6chten nicht auf ihre gewohnte Online-Unterhaltung verzichten. Der Traum, sich unter dem Sternenhimmel zur\u00fcckzulehnen und die Ruhe zu genie\u00dfen, kann Wirklichkeit werden, und hier kommt Ihr robuster, zuverl\u00e4ssiger, Outdoor-freundlicher 5G-Router NETGEAR <a href=\"https:\/\/www.dehub.netgear.com\/de\/home\/mobile-wifi\/hotspots\/mr6150\/\">Nighthawk M6<\/a> oder 5G-Router NETGEAR Nighthawk M6 Pro ins Spiel, denn dieser erm\u00f6glicht Ihnen:<\/p>\n<ul>\n<li>Kinder zu unterhalten, ohne die Daten Ihres Telefons zu verbrauchen.<\/li>\n<li>Die Gelassenheit ohne Stress zu genie\u00dfen<\/li>\n<li>Bei Nachrichten auf dem Laufenden zu bleiben<\/li>\n<li>Filme zu streamen<\/li>\n<li>Video-Chat mit Freunden und Familie zu halten<\/li>\n<\/ul>\n<p><img loading=\"lazy\" decoding=\"async\" class=\" wp-image-9704 aligncenter\" src=\"https:\/\/www.dehub.netgear.com\/de\/hub\/wp-content\/uploads\/2024\/10\/file-18-300x157.jpg\" alt=\"\" width=\"487\" height=\"255\" srcset=\"https:\/\/dehub.netgear.com\/de\/hub\/wp-content\/uploads\/2024\/10\/file-18-300x157.jpg 300w, https:\/\/dehub.netgear.com\/de\/hub\/wp-content\/uploads\/2024\/10\/file-18-1024x537.jpg 1024w, https:\/\/dehub.netgear.com\/de\/hub\/wp-content\/uploads\/2024\/10\/file-18-768x402.jpg 768w, https:\/\/dehub.netgear.com\/de\/hub\/wp-content\/uploads\/2024\/10\/file-18.jpg 1080w\" sizes=\"auto, (max-width: 487px) 100vw, 487px\" \/><\/p>\n<h3>2. Caravaning<\/h3>\n<p>Was gibt es Sch\u00f6neres, als das Landesinnere mit einem Wohnmobil oder Wohnwagen zu erkunden? Es erm\u00f6glicht Ihnen, zu abgelegenen Orten zu fahren, die Sehensw\u00fcrdigkeiten auf dem Weg zu besichtigen und an Campingpl\u00e4tzen und Attraktionen zu halten, um die Reise zu unterbrechen. Ein 5G-Router, wie der <a href=\"https:\/\/www.dehub.netgear.com\/de\/home\/mobile-wifi\/hotspots\/mr6450\/\">NETGEAR Nighthawk M6 Pro<\/a>, bietet viele Vorteile, wenn Sie unterwegs online bleiben wollen und bietet Ihnen die M\u00f6glichkeit f\u00fcr:<\/p>\n<ul>\n<li>Streamen von Musik, Filmen oder Online-Gaming w\u00e4hrend der Fahrt<\/li>\n<li>Genaue Planung der Reiseroute und m\u00f6glichen Aktivit\u00e4ten<\/li>\n<li>Informationen \u00fcber m\u00f6gliche Campingpl\u00e4tze finden<\/li>\n<li>Urlaubs-Updates und Bilder an Familie und Freunde senden<\/li>\n<\/ul>\n<h3>3. Bootausflug<\/h3>\n<p>Nichts vermittelt ein besseres Gef\u00fchl von Freiheit als ein Aufenthalt auf dem Wasser, weit weg von allen Sorgen und N\u00f6ten. Aber Ozeane, Seen und Fl\u00fcsse sind keine Orte, an denen man es mit Sicherheit und Kommunikationssystemen leicht nimmt. Es gibt viele praktische Gr\u00fcnde, warum man auf See Zugang zum Internet braucht und der Zugang zum Internet viele Aspekte des Lebens auf hoher See erleichtern:<\/p>\n<ul>\n<li>Abrufen von Navigationsinformationen und Einsehen in Karten<\/li>\n<li>Aktuelle Wetterinformationen einholen<\/li>\n<li>Informationen zur Wassersicherheit abrufen und Notrufe absenden<\/li>\n<\/ul>\n<h3>4. Reisen<\/h3>\n<p>Es stellt sich die Frage, ob sich der Kauf eines Reiserouters \u00fcberhaupt lohnt, denn die meisten Smartphones bieten heutzutage Hotspot-Optionen. Wir w\u00fcrden vorschlagen, dass Reiserouter eine bessere Option f\u00fcr diejenigen sind, die den Akku ihres Telefons schonen, h\u00f6here WLAN-Geschwindigkeiten erzielen und mehrere Ger\u00e4te gleichzeitig verbinden m\u00f6chten. Mit einem 5G-Router NETGEAR Nighthawk M6 Pro k\u00f6nnen sie folgende Vorteile genie\u00dfen:<\/p>\n<ul>\n<li>Kompatibilit\u00e4t mit WiFi-Netzen in 125 L\u00e4ndern<\/li>\n<li>Sparen von internationale Roaming-Kosten<\/li>\n<li>Nicht auf Hotel-WiFi angewiesen<\/li>\n<li>Verschl\u00fcsselte Ger\u00e4tesicherheit f\u00fcr absoluten Seelenfrieden unterwegs<\/li>\n<\/ul>\n<p>Warum jeder Reisende ein mobiles WLAN-Hotspot-Ger\u00e4t besitzen sollte<br \/>\nMit einem mobilen WLAN-Hotsopt haben Sie die M\u00f6glichkeit, rund um die Uhr mit den Menschen zu Hause in Kontakt zu bleiben. In der heutigen vernetzten Welt spielen tragbare Hotspots eine wichtige Rolle bei der Kommunikation, auf Reisen, bei der Arbeit und bei einer Vielzahl von Freizeitaktivit\u00e4ten. Hier sind einige der wichtigsten Vorteile der mobilen NETGEAR Nighthawk-Hotspots.<\/p>\n<p><img loading=\"lazy\" decoding=\"async\" class=\" wp-image-9705 aligncenter\" src=\"https:\/\/www.dehub.netgear.com\/de\/hub\/wp-content\/uploads\/2024\/10\/file-19-300x157.jpg\" alt=\"\" width=\"568\" height=\"297\" srcset=\"https:\/\/dehub.netgear.com\/de\/hub\/wp-content\/uploads\/2024\/10\/file-19-300x157.jpg 300w, https:\/\/dehub.netgear.com\/de\/hub\/wp-content\/uploads\/2024\/10\/file-19-1024x537.jpg 1024w, https:\/\/dehub.netgear.com\/de\/hub\/wp-content\/uploads\/2024\/10\/file-19-768x402.jpg 768w, https:\/\/dehub.netgear.com\/de\/hub\/wp-content\/uploads\/2024\/10\/file-19.jpg 1080w\" sizes=\"auto, (max-width: 568px) 100vw, 568px\" \/><\/p>\n<p><strong>Kosteng\u00fcnstig<\/strong> &#8211; Es ist m\u00f6glich, Prepaid-Datentarife f\u00fcr mobile Router zu erwerben, die einen ununterbrochenen Service bieten, w\u00e4hrend Sie roamen, ohne Vertragsbindung.<\/p>\n<p><strong>Konnektivit\u00e4t<\/strong> &#8211; Im Gegensatz zu einer WIFI-Verbindung via Mobiltelefon k\u00f6nnen die <a href=\"https:\/\/www.dehub.netgear.com\/de\/hub\/wifi\/mobile\/international-wifi-hotspot\/\">WLAN-Hotspots von Nighthawk<\/a> eine Verbindung mit mehr als 30 Ger\u00e4ten gleichzeitig herstellen, ohne Ihr WLAN-Signal zu beeintr\u00e4chtigen.<br \/>\nSignalreichweite &#8211; Tragbare WLAN-Router haben viel gr\u00f6\u00dfere Antennen als Mobiltelefone, sodass das Signal den n\u00e4chstgelegenen Mobilfunknetz-Sendemasten mit einer st\u00e4rkeren Verbindung erreichen kann.<\/p>\n<p><strong>Energieeffizienz<\/strong> &#8211; Die lange Akkulaufzeit eines mobilen WLAN-Hotspots von NETGEAR bietet Ihnen bis zu 13 Stunden ununterbrochene Konnektivit\u00e4t. Au\u00dferdem wird der Akku Ihres Telefons nicht entladen.<\/p>\n<p><strong>Komfort<\/strong> &#8211; Verwenden Sie Ihr Telefon f\u00fcr Anrufe und SMS-Nachrichten und Ihr mobiler WLAN-Router kann alle anderen Ger\u00e4teverbindungen herstellen.<\/p>\n<p><strong>Vielseitigkeit<\/strong> &#8211; Der mobile Hotspot kann \u00fcberallhin mitgenommen werden, um den Internetzugang zu nutzen, sogar auf internationalen Reisen.<\/p>\n<p><strong>Benutzerfreundlich<\/strong> &#8211; Vermeiden Sie Hardwareprobleme und instabile Verbindungen. Schalten Sie einfach Ihren NETGEAR-Hotspot ein, und das Ger\u00e4t findet die n\u00e4chstgelegene WiFi-Verbindung f\u00fcr Sie.<\/p>\n<p><strong>Gemeinsame Nutzung<\/strong> &#8211; Sie k\u00f6nnen Familie, Freunde und Kollegen in Ihr Hotspot-Netzwerk einbeziehen und gleichzeitig eine Verbindung zu Tablets, Laptops, iPads, Spielkonsolen und mehr herstellen.<\/p>\n<p><strong>Flexibilit\u00e4t<\/strong> &#8211; Mit dem mobilen WLAN-Router von NETGEAR k\u00f6nnen Sie einen Zahlungsplan und Datenlimits w\u00e4hlen, die zu Ihrem Lebensstil und Ihrem Budget passen.<\/p>\n<p><strong>Geschwindigkeit<\/strong> &#8211; Ein mobiler Hotspot bietet garantiert viel schnellere Mbit\/s- oder Gbit\/s-Datenraten als bei einer Verbindung \u00fcber das Mobiltelefon.<\/p>\n    <\/div>\n        <div id=\"topic2\" class=\"skip-item\">\n                        <h2>Weshalb sollten Sie 5G-Router NETGEAR Nighthawk M6 Pro f\u00fcr mobile Hotspots w\u00e4hlen?<\/h2>\n                <p>Der 5G-Router NETGEAR Nighthawk M6 Pro ist ein hochmodernes Ger\u00e4t, das f\u00fcr rasend schnelle Internetgeschwindigkeiten, stabile Verbindungen und sichere Netzwerke entwickelt wurden. Diese leistungsstarken Ger\u00e4te nutzen die neueste WiFi-Technologie, die das mobile WiFi-Erlebnis auf ein neues Niveau hebt. Ein NETGEAR Nighthawk Hotspot unterst\u00fctzt bis zu 32 Ger\u00e4te, verf\u00fcgt \u00fcber eine lange Akkulaufzeit und ist f\u00fcr den Einsatz auf Reisen konzipiert. Hier sind zwei der beliebtesten mobilen Hotspots von NETGEAR, die derzeit auf dem Markt sind.<\/p>\n<h3>5G-Router NETGEAR Nighthawk M6 Pro:<\/h3>\n<ul>\n<li style=\"list-style-type: none\">\n<ul>\n<li>Schnelle 5G-Geschwindigkeiten von bis zu 8 Gbit\/s, selbst in \u00fcberf\u00fcllten Gebieten.<\/li>\n<li>Ein perfekter Reisebegleiter f\u00fcr Gesch\u00e4ft und Freizeit.<\/li>\n<li>Unlocked &#8211; Sie k\u00f6nnen SIM-Karten und Datentarife in 125 L\u00e4ndern austauschen.<\/li>\n<li>Nahtlose und sichere Konnektivit\u00e4t f\u00fcr bis zu 32 Ger\u00e4te im gleichzeitigen Betrieb.<\/li>\n<li>Ultraschneller 2,5-Gigahertz-Ethernet-Anschluss f\u00fcr spezielle Anwendungen mit hoher Bandbreite.<\/li>\n<li>Bis zu 93 m\u00b2 WiFi-Abdeckung, plus Plug-in-Abdeckungspotenzial bis zu 186 m\u00b2.<\/li>\n<li>Verschl\u00fcsselte Sicherheit f\u00fcr absoluten Seelenfrieden.<\/li>\n<li>Intuitiver Touchscreen f\u00fcr m\u00fcheloses Einrichten, Aktivieren und \u00dcberwachen.<\/li>\n<li>Schnelles Ladeger\u00e4t und bis zu 13 Stunden Akkulaufzeit.<\/li>\n<li>Angetrieben durch das Qualcomm\u00ae Snapdragon\u2122 X65 5G Modem-RF System.<\/li>\n<li>Omnidirektionale Antenne f\u00fcr eine beeindruckende Leistungssteigerung.<\/li>\n<\/ul>\n<\/li>\n<\/ul>\n<div class=\"explore-btn-area\"><a class=\"explore-btn\" href=\"https:\/\/www.dehub.netgear.com\/de\/home\/mobile-wifi\/hotspots\/mr6150\/\">MEHR \u00dcBER NIGHTHAWK M6<\/a><\/div>\n<h3>Der 5G-Router NETGEAR Nighthawk M6 bietet:<\/h3>\n<ul>\n<li style=\"list-style-type: none\">\n<ul>\n<li style=\"list-style-type: none\">\n<ul>\n<li>Rasend schnelle 5G-WiFi-Geschwindigkeiten von bis zu 2,5 Gbit\/s.<\/li>\n<li>Ungesperrtes Ger\u00e4t, das f\u00fcr die wichtigsten internationalen Netzbetreiber zertifiziert ist.<\/li>\n<li>Eine sichere Alternative zu \u00f6ffentlichen WiFi-Verbindungen.<\/li>\n<li>Verbinden Sie bis zu 32 Ger\u00e4te gleichzeitig.<\/li>\n<li>Bis zu 93 m\u00b2 Abdeckung oder 186 m\u00b2 mit dem In-Home Performance Modus.<\/li>\n<li>1 Gig-Ethernet-Anschluss f\u00fcr vorrangige Verbindungen.<\/li>\n<li>M\u00fchelose Einrichtung und \u00dcberwachung \u00fcber den LCD-Farb-Touchscreen.<\/li>\n<\/ul>\n<\/li>\n<\/ul>\n<\/li>\n<\/ul>\n<div class=\"explore-btn-area\"><a class=\"explore-btn\" href=\"\">MEHR \u00dcBER NIGHTHAWK M6 PRO<\/a><\/div>\n    <\/div>\n        <div id=\"topic3\" class=\"skip-item\">\n                        <h2>FAQs<\/h2>\n                <div class=\"toggle-area\">\n        <div class=\"toggle-cont-area\">\n                <h5>Wie funktionieren mobile WLAN-Hotspots?<\/h5>\n                <div class=\"toggle-cont\">\n            <p>Ein mobiler Hotspot zapft das WiFi-Mobilfunknetz an, um Hochgeschwindigkeitsdaten f\u00fcr die Nutzung mit Laptops, Tablets, Spielkonsolen usw. bereitzustellen. Zus\u00e4tzlich k\u00f6nnen Sie Ihren Mitreisenden Zugang gew\u00e4hren und ein privates, verschl\u00fcsseltes WLAN-Netzwerk einrichten.<\/p>\n        <\/div>\n    <\/div>\n        <div class=\"toggle-cont-area\">\n                <h5>Verbrauchen mobile WLAN-Hotspots Daten?<\/h5>\n                <div class=\"toggle-cont\">\n            <p>Ja, das tun sie. Mobilfunk-Hotspots stellen eine Verbindung zu Mobilfunknetzen her, um eine Internetverbindung zu erm\u00f6glichen. Mit NETGEAR-Hotspots k\u00f6nnen Sie einen Datentarif w\u00e4hlen, der Ihren speziellen Anforderungen entspricht.<\/p>\n        <\/div>\n    <\/div>\n        <div class=\"toggle-cont-area\">\n                <h5>Wie kann ich meinen mobilen WLAN-Hotspot in einem anderen Land verbinden?<\/h5>\n                <div class=\"toggle-cont\">\n            <p>Falls Ihr Hotspot-Tarif an einen bestimmten Anbieter gebunden ist, m\u00fcssen Sie sich vergewissern, dass Ihr Anbieter einen internationalen Tarif anbietet. Mit einem NETGEAR Nighthawk k\u00f6nnen Sie Ihr Ger\u00e4t einfach einschalten und automatisch eine Verbindung zu einem lokalen Mobilfunknetz herstellen lassen. Als Alternative k\u00f6nnen Sie auch eine lokale SIM-Karte w\u00e4hlen, die Ihren Bed\u00fcrfnissen entspricht, sobald Sie Ihr Ziel erreichen.<\/p>\n        <\/div>\n    <\/div>\n    <\/div>\n\n    <\/div>\n    \n","protected":false},"excerpt":{"rendered":"","protected":false},"author":68,"featured_media":9673,"parent":6701,"menu_order":9,"comment_status":"closed","ping_status":"closed","template":"templates\/mesh-vs-wifi.php","meta":{"_acf_changed":false,"footnotes":""},"class_list":["post-9667","page","type-page","status-publish","has-post-thumbnail","hentry"],"acf":[],"yoast_head":"<!-- This site is optimized with the Yoast SEO plugin v27.5 - https:\/\/yoast.com\/product\/yoast-seo-wordpress\/ -->\n<title>Online bleiben unterwegs mit einem mobilen WLAN-Router<\/title>\n<meta name=\"description\" content=\"Mit einem mobilen Hotspot von NETGEAR bleiben Sie auch auf Reisen, beim Camping oder Bootfahren stets online und teilen das WLAN mit bis zu 32 Ger\u00e4ten.\" \/>\n<meta name=\"robots\" content=\"index, follow, max-snippet:-1, max-image-preview:large, max-video-preview:-1\" \/>\n<link rel=\"canonical\" href=\"https:\/\/dehub.netgear.com\/de\/hub\/wifi\/mobile\/mobiler-wlan-unterwegs\/\" \/>\n<meta property=\"og:locale\" content=\"de_DE\" \/>\n<meta property=\"og:type\" content=\"article\" \/>\n<meta property=\"og:title\" content=\"Online bleiben unterwegs mit einem mobilen WLAN-Router\" \/>\n<meta property=\"og:description\" content=\"Mit einem mobilen Hotspot von NETGEAR bleiben Sie auch auf Reisen, beim Camping oder Bootfahren stets online und teilen das WLAN mit bis zu 32 Ger\u00e4ten.\" \/>\n<meta property=\"og:url\" content=\"https:\/\/dehub.netgear.com\/de\/hub\/wifi\/mobile\/mobiler-wlan-unterwegs\/\" \/>\n<meta property=\"og:site_name\" content=\"NETGEAR Hub\" \/>\n<meta property=\"article:publisher\" content=\"https:\/\/www.facebook.com\/NetgearAU\/\" \/>\n<meta property=\"article:modified_time\" content=\"2024-12-04T04:45:24+00:00\" \/>\n<meta property=\"og:image\" content=\"https:\/\/dehub.netgear.com\/de\/hub\/wp-content\/uploads\/2024\/10\/gettyimages-1023296456-612x612-1.jpg\" \/>\n\t<meta property=\"og:image:width\" content=\"612\" \/>\n\t<meta property=\"og:image:height\" content=\"460\" \/>\n\t<meta property=\"og:image:type\" content=\"image\/jpeg\" \/>\n<meta name=\"twitter:card\" content=\"summary_large_image\" \/>\n<meta name=\"twitter:site\" content=\"@NETGEAR\" \/>\n<script type=\"application\/ld+json\" class=\"yoast-schema-graph\">{\"@context\":\"https:\\\/\\\/schema.org\",\"@graph\":[{\"@type\":\"WebPage\",\"@id\":\"https:\\\/\\\/dehub.netgear.com\\\/de\\\/hub\\\/wifi\\\/mobile\\\/mobiler-wlan-unterwegs\\\/\",\"url\":\"https:\\\/\\\/dehub.netgear.com\\\/de\\\/hub\\\/wifi\\\/mobile\\\/mobiler-wlan-unterwegs\\\/\",\"name\":\"Online bleiben unterwegs mit einem mobilen WLAN-Router\",\"isPartOf\":{\"@id\":\"https:\\\/\\\/dehub.netgear.com\\\/de\\\/hub\\\/#website\"},\"primaryImageOfPage\":{\"@id\":\"https:\\\/\\\/dehub.netgear.com\\\/de\\\/hub\\\/wifi\\\/mobile\\\/mobiler-wlan-unterwegs\\\/#primaryimage\"},\"image\":{\"@id\":\"https:\\\/\\\/dehub.netgear.com\\\/de\\\/hub\\\/wifi\\\/mobile\\\/mobiler-wlan-unterwegs\\\/#primaryimage\"},\"thumbnailUrl\":\"https:\\\/\\\/dehub.netgear.com\\\/de\\\/hub\\\/wp-content\\\/uploads\\\/2024\\\/10\\\/gettyimages-1023296456-612x612-1.jpg\",\"datePublished\":\"2024-10-19T04:29:40+00:00\",\"dateModified\":\"2024-12-04T04:45:24+00:00\",\"description\":\"Mit einem mobilen Hotspot von NETGEAR bleiben Sie auch auf Reisen, beim Camping oder Bootfahren stets online und teilen das WLAN mit bis zu 32 Ger\u00e4ten.\",\"breadcrumb\":{\"@id\":\"https:\\\/\\\/dehub.netgear.com\\\/de\\\/hub\\\/wifi\\\/mobile\\\/mobiler-wlan-unterwegs\\\/#breadcrumb\"},\"inLanguage\":\"de\",\"potentialAction\":[{\"@type\":\"ReadAction\",\"target\":[\"https:\\\/\\\/dehub.netgear.com\\\/de\\\/hub\\\/wifi\\\/mobile\\\/mobiler-wlan-unterwegs\\\/\"]}]},{\"@type\":\"ImageObject\",\"inLanguage\":\"de\",\"@id\":\"https:\\\/\\\/dehub.netgear.com\\\/de\\\/hub\\\/wifi\\\/mobile\\\/mobiler-wlan-unterwegs\\\/#primaryimage\",\"url\":\"https:\\\/\\\/dehub.netgear.com\\\/de\\\/hub\\\/wp-content\\\/uploads\\\/2024\\\/10\\\/gettyimages-1023296456-612x612-1.jpg\",\"contentUrl\":\"https:\\\/\\\/dehub.netgear.com\\\/de\\\/hub\\\/wp-content\\\/uploads\\\/2024\\\/10\\\/gettyimages-1023296456-612x612-1.jpg\",\"width\":612,\"height\":460},{\"@type\":\"BreadcrumbList\",\"@id\":\"https:\\\/\\\/dehub.netgear.com\\\/de\\\/hub\\\/wifi\\\/mobile\\\/mobiler-wlan-unterwegs\\\/#breadcrumb\",\"itemListElement\":[{\"@type\":\"ListItem\",\"position\":1,\"name\":\"Home\",\"item\":\"https:\\\/\\\/dehub.netgear.com\\\/de\\\/hub\\\/\"},{\"@type\":\"ListItem\",\"position\":2,\"name\":\"WiFi Tech Articles Hub\",\"item\":\"https:\\\/\\\/dehub.netgear.com\\\/de\\\/hub\\\/wifi\\\/\"},{\"@type\":\"ListItem\",\"position\":3,\"name\":\"Mobiler WLAN-Artikel-Hub\",\"item\":\"https:\\\/\\\/dehub.netgear.com\\\/de\\\/hub\\\/wifi\\\/mobile\\\/\"},{\"@type\":\"ListItem\",\"position\":4,\"name\":\"Auch unterwegs mit einem WLAN-Router online bleiben\"}]},{\"@type\":\"WebSite\",\"@id\":\"https:\\\/\\\/dehub.netgear.com\\\/de\\\/hub\\\/#website\",\"url\":\"https:\\\/\\\/dehub.netgear.com\\\/de\\\/hub\\\/\",\"name\":\"NETGEAR\",\"description\":\"Erkunden Sie unsere Hub-Seiten und st\u00f6bern Sie in Artikeln, um mehr \u00fcber NETGEAR Produkte und Technologien zu erfahren.\",\"publisher\":{\"@id\":\"https:\\\/\\\/dehub.netgear.com\\\/de\\\/hub\\\/#organization\"},\"potentialAction\":[{\"@type\":\"SearchAction\",\"target\":{\"@type\":\"EntryPoint\",\"urlTemplate\":\"https:\\\/\\\/dehub.netgear.com\\\/de\\\/hub\\\/?s={search_term_string}\"},\"query-input\":{\"@type\":\"PropertyValueSpecification\",\"valueRequired\":true,\"valueName\":\"search_term_string\"}}],\"inLanguage\":\"de\"},{\"@type\":\"Organization\",\"@id\":\"https:\\\/\\\/dehub.netgear.com\\\/de\\\/hub\\\/#organization\",\"name\":\"NETGEAR\",\"url\":\"https:\\\/\\\/dehub.netgear.com\\\/de\\\/hub\\\/\",\"logo\":{\"@type\":\"ImageObject\",\"inLanguage\":\"de\",\"@id\":\"https:\\\/\\\/dehub.netgear.com\\\/de\\\/hub\\\/#\\\/schema\\\/logo\\\/image\\\/\",\"url\":\"https:\\\/\\\/www.dehub.netgear.com\\\/de\\\/hub\\\/wp-content\\\/uploads\\\/2019\\\/07\\\/NETGEAR_logo.jpg\",\"contentUrl\":\"https:\\\/\\\/www.dehub.netgear.com\\\/de\\\/hub\\\/wp-content\\\/uploads\\\/2019\\\/07\\\/NETGEAR_logo.jpg\",\"width\":1500,\"height\":501,\"caption\":\"NETGEAR\"},\"image\":{\"@id\":\"https:\\\/\\\/dehub.netgear.com\\\/de\\\/hub\\\/#\\\/schema\\\/logo\\\/image\\\/\"},\"sameAs\":[\"https:\\\/\\\/www.facebook.com\\\/NetgearAU\\\/\",\"https:\\\/\\\/x.com\\\/NETGEAR\",\"https:\\\/\\\/www.linkedin.com\\\/company\\\/netgear\"]}]}<\/script>\n<!-- \/ Yoast SEO plugin. -->","yoast_head_json":{"title":"Online bleiben unterwegs mit einem mobilen WLAN-Router","description":"Mit einem mobilen Hotspot von NETGEAR bleiben Sie auch auf Reisen, beim Camping oder Bootfahren stets online und teilen das WLAN mit bis zu 32 Ger\u00e4ten.","robots":{"index":"index","follow":"follow","max-snippet":"max-snippet:-1","max-image-preview":"max-image-preview:large","max-video-preview":"max-video-preview:-1"},"canonical":"https:\/\/dehub.netgear.com\/de\/hub\/wifi\/mobile\/mobiler-wlan-unterwegs\/","og_locale":"de_DE","og_type":"article","og_title":"Online bleiben unterwegs mit einem mobilen WLAN-Router","og_description":"Mit einem mobilen Hotspot von NETGEAR bleiben Sie auch auf Reisen, beim Camping oder Bootfahren stets online und teilen das WLAN mit bis zu 32 Ger\u00e4ten.","og_url":"https:\/\/dehub.netgear.com\/de\/hub\/wifi\/mobile\/mobiler-wlan-unterwegs\/","og_site_name":"NETGEAR Hub","article_publisher":"https:\/\/www.facebook.com\/NetgearAU\/","article_modified_time":"2024-12-04T04:45:24+00:00","og_image":[{"width":612,"height":460,"url":"https:\/\/dehub.netgear.com\/de\/hub\/wp-content\/uploads\/2024\/10\/gettyimages-1023296456-612x612-1.jpg","type":"image\/jpeg"}],"twitter_card":"summary_large_image","twitter_site":"@NETGEAR","schema":{"@context":"https:\/\/schema.org","@graph":[{"@type":"WebPage","@id":"https:\/\/dehub.netgear.com\/de\/hub\/wifi\/mobile\/mobiler-wlan-unterwegs\/","url":"https:\/\/dehub.netgear.com\/de\/hub\/wifi\/mobile\/mobiler-wlan-unterwegs\/","name":"Online bleiben unterwegs mit einem mobilen WLAN-Router","isPartOf":{"@id":"https:\/\/dehub.netgear.com\/de\/hub\/#website"},"primaryImageOfPage":{"@id":"https:\/\/dehub.netgear.com\/de\/hub\/wifi\/mobile\/mobiler-wlan-unterwegs\/#primaryimage"},"image":{"@id":"https:\/\/dehub.netgear.com\/de\/hub\/wifi\/mobile\/mobiler-wlan-unterwegs\/#primaryimage"},"thumbnailUrl":"https:\/\/dehub.netgear.com\/de\/hub\/wp-content\/uploads\/2024\/10\/gettyimages-1023296456-612x612-1.jpg","datePublished":"2024-10-19T04:29:40+00:00","dateModified":"2024-12-04T04:45:24+00:00","description":"Mit einem mobilen Hotspot von NETGEAR bleiben Sie auch auf Reisen, beim Camping oder Bootfahren stets online und teilen das WLAN mit bis zu 32 Ger\u00e4ten.","breadcrumb":{"@id":"https:\/\/dehub.netgear.com\/de\/hub\/wifi\/mobile\/mobiler-wlan-unterwegs\/#breadcrumb"},"inLanguage":"de","potentialAction":[{"@type":"ReadAction","target":["https:\/\/dehub.netgear.com\/de\/hub\/wifi\/mobile\/mobiler-wlan-unterwegs\/"]}]},{"@type":"ImageObject","inLanguage":"de","@id":"https:\/\/dehub.netgear.com\/de\/hub\/wifi\/mobile\/mobiler-wlan-unterwegs\/#primaryimage","url":"https:\/\/dehub.netgear.com\/de\/hub\/wp-content\/uploads\/2024\/10\/gettyimages-1023296456-612x612-1.jpg","contentUrl":"https:\/\/dehub.netgear.com\/de\/hub\/wp-content\/uploads\/2024\/10\/gettyimages-1023296456-612x612-1.jpg","width":612,"height":460},{"@type":"BreadcrumbList","@id":"https:\/\/dehub.netgear.com\/de\/hub\/wifi\/mobile\/mobiler-wlan-unterwegs\/#breadcrumb","itemListElement":[{"@type":"ListItem","position":1,"name":"Home","item":"https:\/\/dehub.netgear.com\/de\/hub\/"},{"@type":"ListItem","position":2,"name":"WiFi Tech Articles Hub","item":"https:\/\/dehub.netgear.com\/de\/hub\/wifi\/"},{"@type":"ListItem","position":3,"name":"Mobiler WLAN-Artikel-Hub","item":"https:\/\/dehub.netgear.com\/de\/hub\/wifi\/mobile\/"},{"@type":"ListItem","position":4,"name":"Auch unterwegs mit einem WLAN-Router online bleiben"}]},{"@type":"WebSite","@id":"https:\/\/dehub.netgear.com\/de\/hub\/#website","url":"https:\/\/dehub.netgear.com\/de\/hub\/","name":"NETGEAR","description":"Erkunden Sie unsere Hub-Seiten und st\u00f6bern Sie in Artikeln, um mehr \u00fcber NETGEAR Produkte und Technologien zu erfahren.","publisher":{"@id":"https:\/\/dehub.netgear.com\/de\/hub\/#organization"},"potentialAction":[{"@type":"SearchAction","target":{"@type":"EntryPoint","urlTemplate":"https:\/\/dehub.netgear.com\/de\/hub\/?s={search_term_string}"},"query-input":{"@type":"PropertyValueSpecification","valueRequired":true,"valueName":"search_term_string"}}],"inLanguage":"de"},{"@type":"Organization","@id":"https:\/\/dehub.netgear.com\/de\/hub\/#organization","name":"NETGEAR","url":"https:\/\/dehub.netgear.com\/de\/hub\/","logo":{"@type":"ImageObject","inLanguage":"de","@id":"https:\/\/dehub.netgear.com\/de\/hub\/#\/schema\/logo\/image\/","url":"https:\/\/www.dehub.netgear.com\/de\/hub\/wp-content\/uploads\/2019\/07\/NETGEAR_logo.jpg","contentUrl":"https:\/\/www.dehub.netgear.com\/de\/hub\/wp-content\/uploads\/2019\/07\/NETGEAR_logo.jpg","width":1500,"height":501,"caption":"NETGEAR"},"image":{"@id":"https:\/\/dehub.netgear.com\/de\/hub\/#\/schema\/logo\/image\/"},"sameAs":["https:\/\/www.facebook.com\/NetgearAU\/","https:\/\/x.com\/NETGEAR","https:\/\/www.linkedin.com\/company\/netgear"]}]}},"_links":{"self":[{"href":"https:\/\/dehub.netgear.com\/de\/hub\/wp-json\/wp\/v2\/pages\/9667","targetHints":{"allow":["GET"]}}],"collection":[{"href":"https:\/\/dehub.netgear.com\/de\/hub\/wp-json\/wp\/v2\/pages"}],"about":[{"href":"https:\/\/dehub.netgear.com\/de\/hub\/wp-json\/wp\/v2\/types\/page"}],"author":[{"embeddable":true,"href":"https:\/\/dehub.netgear.com\/de\/hub\/wp-json\/wp\/v2\/users\/68"}],"replies":[{"embeddable":true,"href":"https:\/\/dehub.netgear.com\/de\/hub\/wp-json\/wp\/v2\/comments?post=9667"}],"version-history":[{"count":5,"href":"https:\/\/dehub.netgear.com\/de\/hub\/wp-json\/wp\/v2\/pages\/9667\/revisions"}],"predecessor-version":[{"id":9928,"href":"https:\/\/dehub.netgear.com\/de\/hub\/wp-json\/wp\/v2\/pages\/9667\/revisions\/9928"}],"up":[{"embeddable":true,"href":"https:\/\/dehub.netgear.com\/de\/hub\/wp-json\/wp\/v2\/pages\/6701"}],"wp:featuredmedia":[{"embeddable":true,"href":"https:\/\/dehub.netgear.com\/de\/hub\/wp-json\/wp\/v2\/media\/9673"}],"wp:attachment":[{"href":"https:\/\/dehub.netgear.com\/de\/hub\/wp-json\/wp\/v2\/media?parent=9667"}],"curies":[{"name":"wp","href":"https:\/\/api.w.org\/{rel}","templated":true}]}}