{"id":9589,"date":"2024-07-29T03:49:11","date_gmt":"2024-07-29T01:49:11","guid":{"rendered":"https:\/\/www.dehub.netgear.com\/de\/hub\/?page_id=9589"},"modified":"2024-12-10T06:29:13","modified_gmt":"2024-12-10T05:29:13","slug":"akkulaufzeit-maximieren-tipps","status":"publish","type":"page","link":"https:\/\/dehub.netgear.com\/de\/hub\/wifi\/mobile\/akkulaufzeit-maximieren-tipps\/","title":{"rendered":"Empfehlungen zur Maximierung der Akkulaufzeit von mobilen Routern f\u00fcr unterwegs"},"content":{"rendered":"    <div class=\"table-of-content bg-gray\">\n        <p><strong>IN THIS ARTICLE<\/strong><\/p>\n        <ul>\n                        <li><a href=\"#topic1\">Verst\u00e4ndnis der Batterieentladung<\/a><\/li>\n                        <li><a href=\"#topic2\">Tipp 1: Router-Einstellungen optimieren<\/a><\/li>\n                        <li><a href=\"#topic3\">Tipp 2: Energiesparende Zubeh\u00f6rteile verwenden<\/a><\/li>\n                        <li><a href=\"#topic4\">Tipp 3: Minimieren Sie verbundene Ger\u00e4te<\/a><\/li>\n                        <li><a href=\"#topic5\">Tipp 4: Regelm\u00e4\u00dfige Pausen einplanen<\/a><\/li>\n                        <li><a href=\"#topic6\">Tipp 5: K\u00fchlung des Routers<\/a><\/li>\n                        <li><a href=\"#topic7\">NETGEAR Produkte hervorheben<\/a><\/li>\n                        <li><a href=\"#topic8\">Fazit<\/a><\/li>\n                    <\/ul>\n    <\/div>\n        <div id=\"topic1\" class=\"skip-item\">\n                        <h2>Verst\u00e4ndnis der Batterieentladung<\/h2>\n                <p><span style=\"font-weight: 400\">Die mobiler Router Akkulaufzeit wird durch diverse Faktoren beeintr\u00e4chtigt. Ein Verst\u00e4ndnis dieser ist von daher unabdingbar. Wenn Sie sich mit diesen vertraut machen, k\u00f6nnen Sie die notwendigen Schritte einleiten, um sie zu mindern und die Effizienz Ihres mobilen Routers zu verbessern.<\/span><\/p>\n<h3><span style=\"font-weight: 400\">Faktoren, die die Akkulaufzeit beeinflussen<\/span><\/h3>\n<p><img loading=\"lazy\" decoding=\"async\" class=\" wp-image-9457 alignright\" src=\"https:\/\/www.dehub.netgear.com\/de\/hub\/wp-content\/uploads\/2024\/05\/MR6500_business_construction-300x204.jpg\" alt=\"\" width=\"463\" height=\"315\" srcset=\"https:\/\/dehub.netgear.com\/de\/hub\/wp-content\/uploads\/2024\/05\/MR6500_business_construction-300x204.jpg 300w, https:\/\/dehub.netgear.com\/de\/hub\/wp-content\/uploads\/2024\/05\/MR6500_business_construction-1024x696.jpg 1024w, https:\/\/dehub.netgear.com\/de\/hub\/wp-content\/uploads\/2024\/05\/MR6500_business_construction-768x522.jpg 768w, https:\/\/dehub.netgear.com\/de\/hub\/wp-content\/uploads\/2024\/05\/MR6500_business_construction-1536x1045.jpg 1536w, https:\/\/dehub.netgear.com\/de\/hub\/wp-content\/uploads\/2024\/05\/MR6500_business_construction-2048x1393.jpg 2048w\" sizes=\"auto, (max-width: 463px) 100vw, 463px\" \/><\/p>\n<p><span style=\"font-weight: 400\">Gemeinsame Faktoren, die zu einer schnellen Batterieentladung bei mobilen Routern f\u00fchren, umfassen:<\/span><\/p>\n<p><b>Signalst\u00e4rke<\/b><span style=\"font-weight: 400\">: Schwache Signale zwingen den Router, h\u00e4rter zu arbeiten und <\/span><span style=\"font-weight: 400\">mehr Energie zu verbrauchen.<\/span><\/p>\n<p><b>Anzahl der verbundenen Ger\u00e4te<\/b><span style=\"font-weight: 400\">: Mehrere verbundene Ger\u00e4te beeinflussen ebenfalls die <\/span><b>Energieeffizienz mobiler Router<\/b><span style=\"font-weight: 400\">.<\/span><\/p>\n<p><b>Nutzungsmuster<\/b><span style=\"font-weight: 400\">: Dauerhafte intensive Nutzung, wie Streaming und gro\u00dfe Downloads, entladen den Akku schneller.<\/span><\/p>\n<p><b>Umgebungsbedingungen<\/b><span style=\"font-weight: 400\">: Extreme Temperaturen k\u00f6nnen die Batterieleistung negativ beeinflussen.<\/span><\/p>\n    <\/div>\n        <div id=\"topic2\" class=\"skip-item\">\n                        <h2>Tipp 1: Router-Einstellungen optimieren<\/h2>\n                <p><span style=\"font-weight: 400\">Die Optimierung Ihrer Router-Einstellungen ist eine der effektivsten Methoden, um die Router Batterie verl\u00e4ngern<\/span> <span style=\"font-weight: 400\">zu k\u00f6nnen. Durch das Anpassen bestimmter Einstellung kann der Energieverbrauch erheblich reduziert und die Effizienz Ihres Routers verbessert werden.\u00a0<\/span><\/p>\n<h3><span style=\"font-weight: 400\">Anpassung der Signalst\u00e4rke und Energieeinstellungen<\/span><\/h3>\n<p><span style=\"font-weight: 400\">Im Folgenden finden Sie einige Tipps, wie Sie die Einstellungen Ihres Routers anpassen k\u00f6nnen, um die Akkulaufzeit zu verbessern:<\/span><\/p>\n<ul>\n<li style=\"font-weight: 400\"><b>Signalst\u00e4rke<\/b><span style=\"font-weight: 400\">: Stellen Sie Ihren Router auf eine mittlere Signalst\u00e4rke ein, um Strom zu sparen.\u00a0<\/span><\/li>\n<li style=\"font-weight: 400\"><b>Energiesparmodus<\/b><span style=\"font-weight: 400\">: Aktivieren Sie alle verf\u00fcgbaren Energiesparmodi auf Ihrem Router, um den Energieverbrauch zu senken.<\/span><\/li>\n<\/ul>\n<p><b>Automatischer Ruhemodus<\/b><span style=\"font-weight: 400\">: Konfigurieren Sie Ihren Router so, dass er in den Ruhemodus wechselt, wenn er nicht verwendet wird, um den Akku zu schonen.<\/span><\/p>\n    <\/div>\n        <div id=\"topic3\" class=\"skip-item\">\n                        <h2>Tipp 2: Energiesparende Zubeh\u00f6rteile verwenden<\/h2>\n                <p><span style=\"font-weight: 400\">Die Verwendung von energiesparendem Zubeh\u00f6r kann die Akkulaufzeit Ihres Routers erheblich verl\u00e4ngern, insbesondere wenn Sie unterwegs sind und eventuell keinen Zugang zu einer Stromquelle haben.<\/span><\/p>\n<h3><span style=\"font-weight: 400\">Solar-Ladeger\u00e4te und Powerbanks<\/span><\/h3>\n<p><span style=\"font-weight: 400\">Investieren Sie in das richtige Zubeh\u00f6r, um einen Unterschied zu machen:<\/span><\/p>\n<ul>\n<li style=\"font-weight: 400\"><b>Solar-Ladeger\u00e4te<\/b><span style=\"font-weight: 400\">: Ideal f\u00fcr Outdoor- und abgelegene Standorte, bieten Solar-Ladeger\u00e4te eine nachhaltige M\u00f6glichkeit, Ihren Router mit Strom zu versorgen. Sie sind perfekt f\u00fcr lange Reisen, bei denen traditionelle Stromquellen nicht verf\u00fcgbar sind.<\/span><\/li>\n<li style=\"font-weight: 400\"><b>Hochkapazit\u00e4ts-Powerbanks<\/b>: Diese sind unerl\u00e4sslich, um Ihren Router unterwegs aufzuladen. Ein tragbarer Router Akku bietet hierbei Aushilfe. Achten Sie auf Powerbanks mit Schnellladefunktionen und hoher Kapazit\u00e4t, um Ihren Router l\u00e4nger am Laufen zu halten.<\/li>\n<\/ul>\n    <\/div>\n        <div id=\"topic4\" class=\"skip-item\">\n                        <h2>Tipp 3: Minimieren Sie verbundene Ger\u00e4te<\/h2>\n                <p><span style=\"font-weight: 400\">Die Anzahl der an den Router angeschlossenen Ger\u00e4te kann die Lebensdauer des Akkus erheblich beeintr\u00e4chtigen. Durch die Verwaltung der Ger\u00e4tekonnektivit\u00e4t k\u00f6nnen Sie die Belastung des Routers verringern und seine Akkulaufzeit verl\u00e4ngern.\u00a0<\/span><\/p>\n<h3><span style=\"font-weight: 400\">Verwalten der Ger\u00e4tekonnektivit\u00e4t<\/span><\/h3>\n<p><span style=\"font-weight: 400\">\u00a0<\/span><\/p>\n<p><img loading=\"lazy\" decoding=\"async\" class=\"size-medium wp-image-9455 alignleft\" src=\"https:\/\/www.dehub.netgear.com\/de\/hub\/wp-content\/uploads\/2024\/05\/MR6500_business_12-300x204.jpg\" alt=\"\" width=\"300\" height=\"204\" srcset=\"https:\/\/dehub.netgear.com\/de\/hub\/wp-content\/uploads\/2024\/05\/MR6500_business_12-300x204.jpg 300w, https:\/\/dehub.netgear.com\/de\/hub\/wp-content\/uploads\/2024\/05\/MR6500_business_12-1024x696.jpg 1024w, https:\/\/dehub.netgear.com\/de\/hub\/wp-content\/uploads\/2024\/05\/MR6500_business_12-768x522.jpg 768w, https:\/\/dehub.netgear.com\/de\/hub\/wp-content\/uploads\/2024\/05\/MR6500_business_12-1536x1044.jpg 1536w, https:\/\/dehub.netgear.com\/de\/hub\/wp-content\/uploads\/2024\/05\/MR6500_business_12.jpg 1903w\" sizes=\"auto, (max-width: 300px) 100vw, 300px\" \/><\/p>\n<p><span style=\"font-weight: 400\">Beachten Sie die folgenden Punkte, um die Belastung des Akkus durch angeschlossene Ger\u00e4te zu minimieren:<\/span><span style=\"font-weight: 400\"><br \/>\n<\/span><\/p>\n<ul>\n<li style=\"font-weight: 400\"><b>Verbindungen begrenzen<\/b><span style=\"font-weight: 400\">: Trennen Sie ger\u00e4te, die nicht verwendet werden, um die Batterie des Routers zu entlasten.<\/span><\/li>\n<li style=\"font-weight: 400\"><b>Verbindungen planen<\/b><span style=\"font-weight: 400\">: Planen Sie Verbindungen f\u00fcr nicht ben\u00f6tigte Ger\u00e4te in den Nebenzeiten, um Strom zu sparen.<\/span><\/li>\n<li style=\"font-weight: 400\"><b>Ger\u00e4tepriorit\u00e4t<\/b>: Legen Sie Priorit\u00e4ten f\u00fcr wichtige Ger\u00e4te fest, um sicherzustellen, dass sie die beste Verbindung erhalten, ohne den Router zu \u00fcberlasten.<\/li>\n<\/ul>\n    <\/div>\n        <div id=\"topic5\" class=\"skip-item\">\n                        <h2>Tipp 4: Regelm\u00e4\u00dfige Pausen einplanen<\/h2>\n                <p><span style=\"font-weight: 400\">Regelm\u00e4\u00dfige Verbindungspausen sind eine einfache, aber wirksame Methode, um den Akku Ihres Routers zu schonen. Dieser Ansatz ist besonders n\u00fctzlich, wenn ein st\u00e4ndiger Internetzugang nicht unbedingt erforderlich ist.<\/span><\/p>\n<h3><span style=\"font-weight: 400\">Vorteile einer unterbrochenen Verbindung<\/span><\/h3>\n<p><span style=\"font-weight: 400\">Pausen k\u00f6nnen dazu beitragen, eine langlebige Router-Batterie<\/span> <span style=\"font-weight: 400\">bieten zu k\u00f6nnen:<\/span><\/p>\n<ul>\n<li style=\"font-weight: 400\"><b>Intermittierende Konnektivit\u00e4t<\/b><span style=\"font-weight: 400\">: Schalten Sie den Router zu inaktiven Zeiten aus, z.B. w\u00e4hrend Mahlzeiten oder in Besprechungen, um Energie zu sparen.<\/span><\/li>\n<li style=\"font-weight: 400\"><b>Nutzungsmuster<\/b>: Planen Sie Ihre Internetnutzung in Intervallen, um die Akkulaufzeit Ihres Routers zu maximieren. So k\u00f6nnen Sie beispielsweise Downloads oder Aktualisierungen in Zeiten planen, in denen der Router eingesteckt sein kann.<\/li>\n<\/ul>\n    <\/div>\n        <div id=\"topic6\" class=\"skip-item\">\n                        <h2>Tipp 5: K\u00fchlung des Routers<\/h2>\n                <p><span style=\"font-weight: 400\">Das Temperaturmanagement ist ein oft \u00fcbersehener Faktor, wenn es darum geht, die Gesundheit und Effizienz des Router-Akkus zu erhalten. Wenn Sie Ihren Router k\u00fchl halten, verhindern Sie eine \u00dcberhitzung, die sich wiederum negativ auf die Lebensdauer des Akkus auswirkt.<\/span><\/p>\n<h3><span style=\"font-weight: 400\">Vermeiden von \u00dcberhitzung<\/span><\/h3>\n<p><span style=\"font-weight: 400\">Hier sind einige Tipps, um \u00dcberhitzung zu vermeiden:<\/span><\/p>\n<ul>\n<li style=\"font-weight: 400\"><b>Richtige Bel\u00fcftung<\/b><span style=\"font-weight: 400\">: Stellen Sie Ihren Router an einem gut bel\u00fcfteten Ort auf, um eine \u00dcberhitzung zu vermeiden. Vermeiden Sie es, ihn in engen R\u00e4umen oder direkt in der Sonne aufzustellen.<\/span><\/li>\n<li style=\"font-weight: 400\"><b>Schattige und k\u00fchle Lagerung<\/b><span style=\"font-weight: 400\">: Sch\u00fctzen Sie Ihren Router vor direkter Sonneneinstrahlung und bewahren Sie ihn an einem k\u00fchlen Ort auf, wenn er nicht in Gebrauch ist, um eine langlebige Router-Batterie zu erhalten.<\/span><\/li>\n<\/ul>\n<p><b>K\u00fchlendes Zubeh\u00f6r<\/b><span style=\"font-weight: 400\">: Erw\u00e4gen Sie die Verwendung von K\u00fchlpads oder- st\u00e4ndern, um die W\u00e4rme bei intensiver Nutzung abzuleiten.<\/span><\/p>\n    <\/div>\n        <div id=\"topic7\" class=\"skip-item\">\n                        <h2>NETGEAR Produkte hervorheben<\/h2>\n                <p><span style=\"font-weight: 400\">\u00a0<\/span><\/p>\n<p><img loading=\"lazy\" decoding=\"async\" class=\" wp-image-9458 alignright\" src=\"https:\/\/www.dehub.netgear.com\/de\/hub\/wp-content\/uploads\/2024\/05\/MR6500_construction_3_1920x1080-2-300x169.jpg\" alt=\"\" width=\"422\" height=\"238\" srcset=\"https:\/\/dehub.netgear.com\/de\/hub\/wp-content\/uploads\/2024\/05\/MR6500_construction_3_1920x1080-2-300x169.jpg 300w, https:\/\/dehub.netgear.com\/de\/hub\/wp-content\/uploads\/2024\/05\/MR6500_construction_3_1920x1080-2-1024x576.jpg 1024w, https:\/\/dehub.netgear.com\/de\/hub\/wp-content\/uploads\/2024\/05\/MR6500_construction_3_1920x1080-2-768x432.jpg 768w, https:\/\/dehub.netgear.com\/de\/hub\/wp-content\/uploads\/2024\/05\/MR6500_construction_3_1920x1080-2-1536x863.jpg 1536w, https:\/\/dehub.netgear.com\/de\/hub\/wp-content\/uploads\/2024\/05\/MR6500_construction_3_1920x1080-2.jpg 1866w\" sizes=\"auto, (max-width: 422px) 100vw, 422px\" \/><\/p>\n<p><span style=\"font-weight: 400\">NETGEAR bietet eine F\u00fclle an mobilen Routern, die mit au\u00dfergew\u00f6hnlicher Akkulaufzeit und ennergieeffizienten Technologien ausgestattet sind. Diese Router sind darauf ausgelegt, zuverl\u00e4ssige Konnektivit\u00e4t und eine stabile Internetverbindung zu bieten und gleichzeitig energieeffizient zu sein. Dies macht sie ideal f\u00fcr Reisende.<\/span><\/p>\n<p><span style=\"font-weight: 400\"><a href=\"https:\/\/www.netgear.com\/de\/home\/mobile-wifi\/portable-wifi\/\">NETGEAR mobiler Router<\/a> wie der M6 Pro sind bekannt f\u00fcr ihre Haltbarkeit und Energieeffizienz. Sie verf\u00fcgen \u00fcber Funktionen wie Energiesparmodus, Hochleistungsbatterien und fortschrittliche K\u00fchlsysteme, um eine langanhaltende Leistung zu gew\u00e4hrleisten. Diese mobilen Router sind perfekt f\u00fcr alle, die die Akkulaufzeit ihres Routers verl\u00e4ngern und eine ununterbrochene Internetverbindung unterwegs genie\u00dfen m\u00f6chten.<\/span><\/p>\n<div class=\"explore-btn-area\"><a class=\"explore-btn\" href=\"https:\/\/www.dehub.netgear.com\/de\/home\/mobile-wifi\/hotspots\/mr6450\/\">M6 Pro kaufen<\/a><\/div>\n<div class=\"explore-btn-area\"><a class=\"explore-btn\" href=\"\/\/www.dehub.netgear.com\/de\/home\/mobile-wifi\/hotspots\/mr6150\/\">M6 kaufen<\/a><\/div>\n    <\/div>\n        <div id=\"topic8\" class=\"skip-item\">\n                        <h2>Fazit<\/h2>\n                <p><span style=\"font-weight: 400\">Indem Sie diese Tipps f\u00fcr mobile Router anwenden, k\u00f6nnen Sie das Beste aus Ihrem Router rausholen. Die Maximierung der Akkulaufzeit Ihres mobilen Routers umfasst die Optimierung der Einstellungen, Verwendung energiesparender Zubeh\u00f6rteile, Planung regelm\u00e4\u00dfiger Pausen, das Management verbundener Ger\u00e4te und K\u00fchlen des Routers. Durch die Befolgung dieser Energiespartipps f\u00fcr Router k\u00f6nnen Sie eine l\u00e4ngere Akkulaufzeit und eine stabilere Internetverbindung unterwegs sicherstellen. Entdecken Sie das Sortiment an effizienten mobilen Routern von NETGEAR, um die beste L\u00f6sung f\u00fcr Ihre Bed\u00fcrfnisse zu finden und ununterbrochenes Internet \u00fcberall zu genie\u00dfen.<\/span><\/p>\n    <\/div>\n    \n","protected":false},"excerpt":{"rendered":"","protected":false},"author":68,"featured_media":9590,"parent":6701,"menu_order":7,"comment_status":"closed","ping_status":"closed","template":"templates\/blog-wifi.php","meta":{"_acf_changed":false,"footnotes":""},"class_list":["post-9589","page","type-page","status-publish","has-post-thumbnail","hentry"],"acf":[],"yoast_head":"<!-- This site is optimized with the Yoast SEO plugin v27.5 - https:\/\/yoast.com\/product\/yoast-seo-wordpress\/ -->\n<title>Akkulaufzeit mobiler Router maximieren | NETGEAR Tipps<\/title>\n<meta name=\"description\" content=\"Erfahren Sie, wie Sie die Akkulaufzeit Ihres mobilen Routers unterwegs maximieren k\u00f6nnen. Entdecken Sie praktische Tipps f\u00fcr eine l\u00e4ngere Nutzung.\" \/>\n<meta name=\"robots\" content=\"index, follow, max-snippet:-1, max-image-preview:large, max-video-preview:-1\" \/>\n<link rel=\"canonical\" href=\"https:\/\/dehub.netgear.com\/de\/hub\/wifi\/mobile\/akkulaufzeit-maximieren-tipps\/\" \/>\n<meta property=\"og:locale\" content=\"de_DE\" \/>\n<meta property=\"og:type\" content=\"article\" \/>\n<meta property=\"og:title\" content=\"Akkulaufzeit mobiler Router maximieren | NETGEAR Tipps\" \/>\n<meta property=\"og:description\" content=\"Erfahren Sie, wie Sie die Akkulaufzeit Ihres mobilen Routers unterwegs maximieren k\u00f6nnen. Entdecken Sie praktische Tipps f\u00fcr eine l\u00e4ngere Nutzung.\" \/>\n<meta property=\"og:url\" content=\"https:\/\/dehub.netgear.com\/de\/hub\/wifi\/mobile\/akkulaufzeit-maximieren-tipps\/\" \/>\n<meta property=\"og:site_name\" content=\"NETGEAR Hub\" \/>\n<meta property=\"article:publisher\" content=\"https:\/\/www.facebook.com\/NetgearAU\/\" \/>\n<meta property=\"article:modified_time\" content=\"2024-12-10T05:29:13+00:00\" \/>\n<meta property=\"og:image\" content=\"https:\/\/dehub.netgear.com\/de\/hub\/wp-content\/uploads\/2024\/07\/file-17-1.jpg\" \/>\n\t<meta property=\"og:image:width\" content=\"756\" \/>\n\t<meta property=\"og:image:height\" content=\"425\" \/>\n\t<meta property=\"og:image:type\" content=\"image\/jpeg\" \/>\n<meta name=\"twitter:card\" content=\"summary_large_image\" \/>\n<meta name=\"twitter:site\" content=\"@NETGEAR\" \/>\n<script type=\"application\/ld+json\" class=\"yoast-schema-graph\">{\"@context\":\"https:\\\/\\\/schema.org\",\"@graph\":[{\"@type\":\"WebPage\",\"@id\":\"https:\\\/\\\/dehub.netgear.com\\\/de\\\/hub\\\/wifi\\\/mobile\\\/akkulaufzeit-maximieren-tipps\\\/\",\"url\":\"https:\\\/\\\/dehub.netgear.com\\\/de\\\/hub\\\/wifi\\\/mobile\\\/akkulaufzeit-maximieren-tipps\\\/\",\"name\":\"Akkulaufzeit mobiler Router maximieren | NETGEAR Tipps\",\"isPartOf\":{\"@id\":\"https:\\\/\\\/dehub.netgear.com\\\/de\\\/hub\\\/#website\"},\"primaryImageOfPage\":{\"@id\":\"https:\\\/\\\/dehub.netgear.com\\\/de\\\/hub\\\/wifi\\\/mobile\\\/akkulaufzeit-maximieren-tipps\\\/#primaryimage\"},\"image\":{\"@id\":\"https:\\\/\\\/dehub.netgear.com\\\/de\\\/hub\\\/wifi\\\/mobile\\\/akkulaufzeit-maximieren-tipps\\\/#primaryimage\"},\"thumbnailUrl\":\"https:\\\/\\\/dehub.netgear.com\\\/de\\\/hub\\\/wp-content\\\/uploads\\\/2024\\\/07\\\/file-17-1.jpg\",\"datePublished\":\"2024-07-29T01:49:11+00:00\",\"dateModified\":\"2024-12-10T05:29:13+00:00\",\"description\":\"Erfahren Sie, wie Sie die Akkulaufzeit Ihres mobilen Routers unterwegs maximieren k\u00f6nnen. Entdecken Sie praktische Tipps f\u00fcr eine l\u00e4ngere Nutzung.\",\"breadcrumb\":{\"@id\":\"https:\\\/\\\/dehub.netgear.com\\\/de\\\/hub\\\/wifi\\\/mobile\\\/akkulaufzeit-maximieren-tipps\\\/#breadcrumb\"},\"inLanguage\":\"de\",\"potentialAction\":[{\"@type\":\"ReadAction\",\"target\":[\"https:\\\/\\\/dehub.netgear.com\\\/de\\\/hub\\\/wifi\\\/mobile\\\/akkulaufzeit-maximieren-tipps\\\/\"]}]},{\"@type\":\"ImageObject\",\"inLanguage\":\"de\",\"@id\":\"https:\\\/\\\/dehub.netgear.com\\\/de\\\/hub\\\/wifi\\\/mobile\\\/akkulaufzeit-maximieren-tipps\\\/#primaryimage\",\"url\":\"https:\\\/\\\/dehub.netgear.com\\\/de\\\/hub\\\/wp-content\\\/uploads\\\/2024\\\/07\\\/file-17-1.jpg\",\"contentUrl\":\"https:\\\/\\\/dehub.netgear.com\\\/de\\\/hub\\\/wp-content\\\/uploads\\\/2024\\\/07\\\/file-17-1.jpg\",\"width\":756,\"height\":425},{\"@type\":\"BreadcrumbList\",\"@id\":\"https:\\\/\\\/dehub.netgear.com\\\/de\\\/hub\\\/wifi\\\/mobile\\\/akkulaufzeit-maximieren-tipps\\\/#breadcrumb\",\"itemListElement\":[{\"@type\":\"ListItem\",\"position\":1,\"name\":\"Home\",\"item\":\"https:\\\/\\\/dehub.netgear.com\\\/de\\\/hub\\\/\"},{\"@type\":\"ListItem\",\"position\":2,\"name\":\"WiFi Tech Articles Hub\",\"item\":\"https:\\\/\\\/dehub.netgear.com\\\/de\\\/hub\\\/wifi\\\/\"},{\"@type\":\"ListItem\",\"position\":3,\"name\":\"Mobiler WLAN-Artikel-Hub\",\"item\":\"https:\\\/\\\/dehub.netgear.com\\\/de\\\/hub\\\/wifi\\\/mobile\\\/\"},{\"@type\":\"ListItem\",\"position\":4,\"name\":\"Empfehlungen zur Maximierung der Akkulaufzeit von mobilen Routern f\u00fcr unterwegs\"}]},{\"@type\":\"WebSite\",\"@id\":\"https:\\\/\\\/dehub.netgear.com\\\/de\\\/hub\\\/#website\",\"url\":\"https:\\\/\\\/dehub.netgear.com\\\/de\\\/hub\\\/\",\"name\":\"NETGEAR\",\"description\":\"Erkunden Sie unsere Hub-Seiten und st\u00f6bern Sie in Artikeln, um mehr \u00fcber NETGEAR Produkte und Technologien zu erfahren.\",\"publisher\":{\"@id\":\"https:\\\/\\\/dehub.netgear.com\\\/de\\\/hub\\\/#organization\"},\"potentialAction\":[{\"@type\":\"SearchAction\",\"target\":{\"@type\":\"EntryPoint\",\"urlTemplate\":\"https:\\\/\\\/dehub.netgear.com\\\/de\\\/hub\\\/?s={search_term_string}\"},\"query-input\":{\"@type\":\"PropertyValueSpecification\",\"valueRequired\":true,\"valueName\":\"search_term_string\"}}],\"inLanguage\":\"de\"},{\"@type\":\"Organization\",\"@id\":\"https:\\\/\\\/dehub.netgear.com\\\/de\\\/hub\\\/#organization\",\"name\":\"NETGEAR\",\"url\":\"https:\\\/\\\/dehub.netgear.com\\\/de\\\/hub\\\/\",\"logo\":{\"@type\":\"ImageObject\",\"inLanguage\":\"de\",\"@id\":\"https:\\\/\\\/dehub.netgear.com\\\/de\\\/hub\\\/#\\\/schema\\\/logo\\\/image\\\/\",\"url\":\"https:\\\/\\\/www.dehub.netgear.com\\\/de\\\/hub\\\/wp-content\\\/uploads\\\/2019\\\/07\\\/NETGEAR_logo.jpg\",\"contentUrl\":\"https:\\\/\\\/www.dehub.netgear.com\\\/de\\\/hub\\\/wp-content\\\/uploads\\\/2019\\\/07\\\/NETGEAR_logo.jpg\",\"width\":1500,\"height\":501,\"caption\":\"NETGEAR\"},\"image\":{\"@id\":\"https:\\\/\\\/dehub.netgear.com\\\/de\\\/hub\\\/#\\\/schema\\\/logo\\\/image\\\/\"},\"sameAs\":[\"https:\\\/\\\/www.facebook.com\\\/NetgearAU\\\/\",\"https:\\\/\\\/x.com\\\/NETGEAR\",\"https:\\\/\\\/www.linkedin.com\\\/company\\\/netgear\"]}]}<\/script>\n<!-- \/ Yoast SEO plugin. -->","yoast_head_json":{"title":"Akkulaufzeit mobiler Router maximieren | NETGEAR Tipps","description":"Erfahren Sie, wie Sie die Akkulaufzeit Ihres mobilen Routers unterwegs maximieren k\u00f6nnen. Entdecken Sie praktische Tipps f\u00fcr eine l\u00e4ngere Nutzung.","robots":{"index":"index","follow":"follow","max-snippet":"max-snippet:-1","max-image-preview":"max-image-preview:large","max-video-preview":"max-video-preview:-1"},"canonical":"https:\/\/dehub.netgear.com\/de\/hub\/wifi\/mobile\/akkulaufzeit-maximieren-tipps\/","og_locale":"de_DE","og_type":"article","og_title":"Akkulaufzeit mobiler Router maximieren | NETGEAR Tipps","og_description":"Erfahren Sie, wie Sie die Akkulaufzeit Ihres mobilen Routers unterwegs maximieren k\u00f6nnen. Entdecken Sie praktische Tipps f\u00fcr eine l\u00e4ngere Nutzung.","og_url":"https:\/\/dehub.netgear.com\/de\/hub\/wifi\/mobile\/akkulaufzeit-maximieren-tipps\/","og_site_name":"NETGEAR Hub","article_publisher":"https:\/\/www.facebook.com\/NetgearAU\/","article_modified_time":"2024-12-10T05:29:13+00:00","og_image":[{"width":756,"height":425,"url":"https:\/\/dehub.netgear.com\/de\/hub\/wp-content\/uploads\/2024\/07\/file-17-1.jpg","type":"image\/jpeg"}],"twitter_card":"summary_large_image","twitter_site":"@NETGEAR","schema":{"@context":"https:\/\/schema.org","@graph":[{"@type":"WebPage","@id":"https:\/\/dehub.netgear.com\/de\/hub\/wifi\/mobile\/akkulaufzeit-maximieren-tipps\/","url":"https:\/\/dehub.netgear.com\/de\/hub\/wifi\/mobile\/akkulaufzeit-maximieren-tipps\/","name":"Akkulaufzeit mobiler Router maximieren | NETGEAR Tipps","isPartOf":{"@id":"https:\/\/dehub.netgear.com\/de\/hub\/#website"},"primaryImageOfPage":{"@id":"https:\/\/dehub.netgear.com\/de\/hub\/wifi\/mobile\/akkulaufzeit-maximieren-tipps\/#primaryimage"},"image":{"@id":"https:\/\/dehub.netgear.com\/de\/hub\/wifi\/mobile\/akkulaufzeit-maximieren-tipps\/#primaryimage"},"thumbnailUrl":"https:\/\/dehub.netgear.com\/de\/hub\/wp-content\/uploads\/2024\/07\/file-17-1.jpg","datePublished":"2024-07-29T01:49:11+00:00","dateModified":"2024-12-10T05:29:13+00:00","description":"Erfahren Sie, wie Sie die Akkulaufzeit Ihres mobilen Routers unterwegs maximieren k\u00f6nnen. Entdecken Sie praktische Tipps f\u00fcr eine l\u00e4ngere Nutzung.","breadcrumb":{"@id":"https:\/\/dehub.netgear.com\/de\/hub\/wifi\/mobile\/akkulaufzeit-maximieren-tipps\/#breadcrumb"},"inLanguage":"de","potentialAction":[{"@type":"ReadAction","target":["https:\/\/dehub.netgear.com\/de\/hub\/wifi\/mobile\/akkulaufzeit-maximieren-tipps\/"]}]},{"@type":"ImageObject","inLanguage":"de","@id":"https:\/\/dehub.netgear.com\/de\/hub\/wifi\/mobile\/akkulaufzeit-maximieren-tipps\/#primaryimage","url":"https:\/\/dehub.netgear.com\/de\/hub\/wp-content\/uploads\/2024\/07\/file-17-1.jpg","contentUrl":"https:\/\/dehub.netgear.com\/de\/hub\/wp-content\/uploads\/2024\/07\/file-17-1.jpg","width":756,"height":425},{"@type":"BreadcrumbList","@id":"https:\/\/dehub.netgear.com\/de\/hub\/wifi\/mobile\/akkulaufzeit-maximieren-tipps\/#breadcrumb","itemListElement":[{"@type":"ListItem","position":1,"name":"Home","item":"https:\/\/dehub.netgear.com\/de\/hub\/"},{"@type":"ListItem","position":2,"name":"WiFi Tech Articles Hub","item":"https:\/\/dehub.netgear.com\/de\/hub\/wifi\/"},{"@type":"ListItem","position":3,"name":"Mobiler WLAN-Artikel-Hub","item":"https:\/\/dehub.netgear.com\/de\/hub\/wifi\/mobile\/"},{"@type":"ListItem","position":4,"name":"Empfehlungen zur Maximierung der Akkulaufzeit von mobilen Routern f\u00fcr unterwegs"}]},{"@type":"WebSite","@id":"https:\/\/dehub.netgear.com\/de\/hub\/#website","url":"https:\/\/dehub.netgear.com\/de\/hub\/","name":"NETGEAR","description":"Erkunden Sie unsere Hub-Seiten und st\u00f6bern Sie in Artikeln, um mehr \u00fcber NETGEAR Produkte und Technologien zu erfahren.","publisher":{"@id":"https:\/\/dehub.netgear.com\/de\/hub\/#organization"},"potentialAction":[{"@type":"SearchAction","target":{"@type":"EntryPoint","urlTemplate":"https:\/\/dehub.netgear.com\/de\/hub\/?s={search_term_string}"},"query-input":{"@type":"PropertyValueSpecification","valueRequired":true,"valueName":"search_term_string"}}],"inLanguage":"de"},{"@type":"Organization","@id":"https:\/\/dehub.netgear.com\/de\/hub\/#organization","name":"NETGEAR","url":"https:\/\/dehub.netgear.com\/de\/hub\/","logo":{"@type":"ImageObject","inLanguage":"de","@id":"https:\/\/dehub.netgear.com\/de\/hub\/#\/schema\/logo\/image\/","url":"https:\/\/www.dehub.netgear.com\/de\/hub\/wp-content\/uploads\/2019\/07\/NETGEAR_logo.jpg","contentUrl":"https:\/\/www.dehub.netgear.com\/de\/hub\/wp-content\/uploads\/2019\/07\/NETGEAR_logo.jpg","width":1500,"height":501,"caption":"NETGEAR"},"image":{"@id":"https:\/\/dehub.netgear.com\/de\/hub\/#\/schema\/logo\/image\/"},"sameAs":["https:\/\/www.facebook.com\/NetgearAU\/","https:\/\/x.com\/NETGEAR","https:\/\/www.linkedin.com\/company\/netgear"]}]}},"_links":{"self":[{"href":"https:\/\/dehub.netgear.com\/de\/hub\/wp-json\/wp\/v2\/pages\/9589","targetHints":{"allow":["GET"]}}],"collection":[{"href":"https:\/\/dehub.netgear.com\/de\/hub\/wp-json\/wp\/v2\/pages"}],"about":[{"href":"https:\/\/dehub.netgear.com\/de\/hub\/wp-json\/wp\/v2\/types\/page"}],"author":[{"embeddable":true,"href":"https:\/\/dehub.netgear.com\/de\/hub\/wp-json\/wp\/v2\/users\/68"}],"replies":[{"embeddable":true,"href":"https:\/\/dehub.netgear.com\/de\/hub\/wp-json\/wp\/v2\/comments?post=9589"}],"version-history":[{"count":7,"href":"https:\/\/dehub.netgear.com\/de\/hub\/wp-json\/wp\/v2\/pages\/9589\/revisions"}],"predecessor-version":[{"id":9943,"href":"https:\/\/dehub.netgear.com\/de\/hub\/wp-json\/wp\/v2\/pages\/9589\/revisions\/9943"}],"up":[{"embeddable":true,"href":"https:\/\/dehub.netgear.com\/de\/hub\/wp-json\/wp\/v2\/pages\/6701"}],"wp:featuredmedia":[{"embeddable":true,"href":"https:\/\/dehub.netgear.com\/de\/hub\/wp-json\/wp\/v2\/media\/9590"}],"wp:attachment":[{"href":"https:\/\/dehub.netgear.com\/de\/hub\/wp-json\/wp\/v2\/media?parent=9589"}],"curies":[{"name":"wp","href":"https:\/\/api.w.org\/{rel}","templated":true}]}}