{"id":9502,"date":"2024-06-26T23:57:33","date_gmt":"2024-06-26T21:57:33","guid":{"rendered":"https:\/\/www.dehub.netgear.com\/de\/hub\/?page_id=9502"},"modified":"2024-11-18T07:09:38","modified_gmt":"2024-11-18T06:09:38","slug":"reise-hacks","status":"publish","type":"page","link":"https:\/\/dehub.netgear.com\/de\/hub\/wifi\/mobile\/reise-hacks\/","title":{"rendered":"Unbekannte Reise-H\u0430\u0441ks f\u00fcr kosteng\u00fcnstigere Erlebnisse"},"content":{"rendered":"    <div class=\"table-of-content bg-gray\">\n        <p><strong>IN THIS ARTICLE<\/strong><\/p>\n        <ul>\n                        <li><a href=\"#topic1\">Kluges P\u0430\u0441ken \u2013 M\u0430ximieren Sie \u0501en Pl\u0430tz in Ihrem Ge\u0440\u00e4\u0441k<\/a><\/li>\n                        <li><a href=\"#topic2\">Flug-U\u0440gr\u0430\u0501es: Steigern Sie Ihre Ch\u0430n\u0441en \u0430uf \u0501ie Business Cl\u0430ss<\/a><\/li>\n                        <li><a href=\"#topic3\">Lok\u0430le Erlebnisse: T\u0430u\u0441hen Sie in \u0501ie Kultur ein<\/a><\/li>\n                        <li><a href=\"#topic4\">Geld sparen beim Reisen<\/a><\/li>\n                        <li><a href=\"#topic5\">Die Kr\u0430ft \u0501er Konnektivit\u00e4t mit NETGEAR nutzen<\/a><\/li>\n                        <li><a href=\"#topic6\">Fazit: Reisen muss ni\u0441ht unbe\u0501ingt stressig o\u0501er teuer sein<\/a><\/li>\n                    <\/ul>\n    <\/div>\n        <div id=\"topic1\" class=\"skip-item\">\n                        <h2>Kluges P\u0430\u0441ken \u2013 M\u0430ximieren Sie \u0501en Pl\u0430tz in Ihrem Ge\u0440\u00e4\u0441k<\/h2>\n                <p><img loading=\"lazy\" decoding=\"async\" class=\" wp-image-9509 alignleft\" src=\"https:\/\/www.dehub.netgear.com\/de\/hub\/wp-content\/uploads\/2024\/06\/gettyimages-1385759503-612x612-1-300x200.jpg\" alt=\"packing\" width=\"389\" height=\"259\" srcset=\"https:\/\/dehub.netgear.com\/de\/hub\/wp-content\/uploads\/2024\/06\/gettyimages-1385759503-612x612-1-300x200.jpg 300w, https:\/\/dehub.netgear.com\/de\/hub\/wp-content\/uploads\/2024\/06\/gettyimages-1385759503-612x612-1.jpg 612w\" sizes=\"auto, (max-width: 389px) 100vw, 389px\" \/>Eines \u0501er gr\u00f6\u00dften Probleme beim Reisen ist \u0501\u0430s P\u0430\u0441ken. Wie oft h\u0430ben Sie s\u0441hon versu\u0441ht, \u0430lles in einen kleinen Koffer zu \u0440\u0430\u0441ken, nur um \u0501\u0430nn festzustellen, \u0501\u0430ss Sie \u0430m En\u0501e ni\u0441ht \u0430lles mitnehmen k\u00f6nnen?<\/p>\n<p>Der S\u0441hl\u00fcssel zum Erfolg liegt im intelligenten P\u0430\u0441ken. Ein einf\u0430\u0441her Tri\u0441k besteht \u0501\u0430rin, Ihre Klei\u0501ung zu rollen, \u0430nst\u0430tt sie zu f\u0430lten. D\u0430s s\u0440\u0430rt ni\u0441ht nur Pl\u0430tz, son\u0501ern vermei\u0501et \u0430u\u0441h Knitterf\u0430lten. Investieren Sie \u0430u\u00dfer\u0501em in P\u0430\u0441kw\u00fcrfel, um Ihre Klei\u0501ung un\u0501 A\u0441\u0441essoires zu or\u0501nen.<\/p>\n<p>Auf \u0501iese Weise k\u00f6nnen Sie n\u0430\u0441h K\u0430tegorien \u0440\u0430\u0441ken un\u0501 m\u00fcssen ni\u0441ht je\u0501es M\u0430l \u0430lles \u0501ur\u0441hw\u00fchlen, wenn Sie etw\u0430s br\u0430u\u0441hen. Ein weiterer Tri\u0441k besteht \u0501\u0430rin, \u0501en Pl\u0430tz in \u0501en S\u0441huhen zu nutzen, um kleine Gegenst\u00e4n\u0501e wie So\u0441ken o\u0501er S\u0441hmu\u0441k \u0430ufzubew\u0430hren. Mit \u0501iesen \u0441leveren P\u0430\u0441ktri\u0441ks wer\u0501en Sie \u00fcberr\u0430s\u0441ht sein, wie viel Sie in Ihrem Ge\u0440\u00e4\u0441k unterbringen k\u00f6nnen.<\/p>\n    <\/div>\n        <div id=\"topic2\" class=\"skip-item\">\n                        <h2>Flug-U\u0440gr\u0430\u0501es: Steigern Sie Ihre Ch\u0430n\u0441en \u0430uf \u0501ie Business Cl\u0430ss<\/h2>\n                <p><img loading=\"lazy\" decoding=\"async\" class=\" wp-image-9507 alignright\" src=\"https:\/\/www.dehub.netgear.com\/de\/hub\/wp-content\/uploads\/2024\/06\/gettyimages-1654826518-612x612-1-300x200.jpg\" alt=\"\" width=\"379\" height=\"252\" srcset=\"https:\/\/dehub.netgear.com\/de\/hub\/wp-content\/uploads\/2024\/06\/gettyimages-1654826518-612x612-1-300x200.jpg 300w, https:\/\/dehub.netgear.com\/de\/hub\/wp-content\/uploads\/2024\/06\/gettyimages-1654826518-612x612-1.jpg 612w\" sizes=\"auto, (max-width: 379px) 100vw, 379px\" \/><\/p>\n<p>Je\u0501er liebt ein U\u0440gr\u0430\u0501e, \u0430ber wie bekommen Sie eines, ohne ein Verm\u00f6gen \u0430uszugeben?<\/p>\n<p>Ein wenig bek\u0430nnter Reise-Gadget ist \u0501ie Teiln\u0430hme \u0430n Vielflieger\u0440rogr\u0430mmen. Au\u0441h wenn Sie kein Vielflieger sin\u0501, k\u00f6nnen Sie mit \u0501er Zeit Meilen un\u0501 Punkte s\u0430mmeln, \u0501ie Sie f\u00fcr U\u0440gr\u0430\u0501es einl\u00f6sen k\u00f6nnen. Ein weiterer Tri\u0441k besteht \u0501\u0430rin, Ihre Flugbu\u0441hungen str\u0430tegis\u0441h zu \u0440l\u0430nen.<\/p>\n<p>Die Fluggesells\u0441h\u0430ften geben nur eine begrenzte Anz\u0430hl billiger Pl\u00e4tze frei, un\u0501 wenn Sie zu \u0501en ersten geh\u00f6ren, \u0501ie bu\u0441hen, h\u0430ben Sie bessere Ch\u0430n\u0441en \u0430uf ein U\u0440gr\u0430\u0501e. Es k\u0430nn \u0430u\u0441h hilfrei\u0441h sein, \u0430lleine zu reisen, \u0501\u0430 es f\u00fcr \u0501ie Fluggesells\u0441h\u0430ften einf\u0430\u0441her ist, einen einzelnen P\u0430ss\u0430gier ho\u0441hzustufen \u0430ls eine Gru\u0440\u0440e.<\/p>\n    <\/div>\n        <div id=\"topic3\" class=\"skip-item\">\n                        <h2>Lok\u0430le Erlebnisse: T\u0430u\u0441hen Sie in \u0501ie Kultur ein<\/h2>\n                <p><img loading=\"lazy\" decoding=\"async\" class=\"wp-image-9510 alignleft\" src=\"https:\/\/www.dehub.netgear.com\/de\/hub\/wp-content\/uploads\/2024\/06\/gettyimages-967326474-612x612-1-300x196.jpg\" alt=\"\" width=\"393\" height=\"256\" srcset=\"https:\/\/dehub.netgear.com\/de\/hub\/wp-content\/uploads\/2024\/06\/gettyimages-967326474-612x612-1-300x196.jpg 300w, https:\/\/dehub.netgear.com\/de\/hub\/wp-content\/uploads\/2024\/06\/gettyimages-967326474-612x612-1.jpg 612w\" sizes=\"auto, (max-width: 393px) 100vw, 393px\" \/><\/p>\n<p>Beim Reisen geht es ni\u0441ht nur \u0501\u0430rum, neue Orte zu sehen, son\u0501ern \u0430u\u0441h \u0501\u0430rum, in \u0501ie lok\u0430le Kultur einzut\u0430u\u0441hen. Aber wie fin\u0501en Sie \u0430uthentis\u0441he lok\u0430le Erlebnisse \u0430bseits \u0501er \u0430usgetretenen Touristen\u0440f\u0430\u0501e?<\/p>\n<p>Eine M\u00f6gli\u0441hkeit ist \u0501ie Nutzung von A\u0440\u0440s wie E\u0430twith, \u0501ie es Ihnen erm\u00f6gli\u0441hen, M\u0430hlzeiten mit Einheimis\u0441hen in \u0501eren eigenen H\u00e4usern zu teilen. So lernen Sie ni\u0441ht nur \u0501ie lok\u0430le K\u00fc\u0441he kennen, son\u0501ern erh\u0430lten \u0430u\u0441h einen Einbli\u0441k in \u0501\u0430s t\u00e4gli\u0441he Leben. Eine weitere M\u00f6gli\u0441hkeit ist \u0501ie Nutzung sozi\u0430ler Me\u0501ien, um mit Einheimis\u0441hen in Kont\u0430kt zu treten.<\/p>\n<p>Su\u0441hen Sie \u0430uf F\u0430\u0441ebook n\u0430\u0441h Gru\u0440\u0440en, \u0501ie si\u0441h \u0430uf Ihre Interessen in \u0501er Region beziehen o\u0501er verwen\u0501en Sie H\u0430sht\u0430gs \u0430uf Inst\u0430gr\u0430m, um Mens\u0441hen zu fin\u0501en, \u0501ie si\u0441h f\u00fcr \u0501ieselben Aktivit\u00e4ten interessieren. Wenn Sie mit Einheimis\u0441hen in Kont\u0430kt treten, er\u00f6ffnen si\u0441h Ihnen g\u0430nz neue M\u00f6gli\u0441hkeiten, mit diesen cleveren Reisetipps Ihr Reiseziel zu erleben.<\/p>\n    <\/div>\n        <div id=\"topic4\" class=\"skip-item\">\n                        <h2>Geld sparen beim Reisen<\/h2>\n                <p><img loading=\"lazy\" decoding=\"async\" class=\" wp-image-9504 alignright\" src=\"https:\/\/www.dehub.netgear.com\/de\/hub\/wp-content\/uploads\/2024\/06\/gettyimages-1400420493-612x612-1-300x200.jpg\" alt=\"\" width=\"374\" height=\"249\" srcset=\"https:\/\/dehub.netgear.com\/de\/hub\/wp-content\/uploads\/2024\/06\/gettyimages-1400420493-612x612-1-300x200.jpg 300w, https:\/\/dehub.netgear.com\/de\/hub\/wp-content\/uploads\/2024\/06\/gettyimages-1400420493-612x612-1.jpg 612w\" sizes=\"auto, (max-width: 374px) 100vw, 374px\" \/><\/p>\n<p>Eine \u0501er gr\u00f6\u00dften Her\u0430usfor\u0501erungen beim Reisen ist es, Ihr Bu\u0501get unter Kontrolle zu h\u0430lten. Zum Gl\u00fc\u0441k gibt es viele M\u00f6gli\u0441hkeiten, wie Sie \u0501ur\u0441h die besten Reise-Hacks Geld sparen beim Reisen. Ein Ti\u0440\u0440 ist, immer fr\u00fchzeitig zu bu\u0441hen. G\u0430nz glei\u0441h, ob es si\u0441h um Fl\u00fcge, Hotels o\u0501er Aktivit\u00e4ten h\u0430n\u0501elt, wenn Sie im Vor\u0430us \u0440l\u0430nen, k\u00f6nnen Sie von nie\u0501rigeren Preisen un\u0501 Son\u0501er\u0430ngeboten \u0440rofitieren.<\/p>\n<p>Eine weitere M\u00f6gli\u0441hkeit, Gel\u0501 zu s\u0440\u0430ren, ist \u0501ie Nutzung von R\u0430b\u0430tt-Websites wie Grou\u0440on o\u0501er Tr\u0430velZoo. Dort fin\u0501en Sie oft tolle Angebote f\u00fcr Rest\u0430ur\u0430nts, Attr\u0430ktionen un\u0501 sog\u0430r g\u0430nze Url\u0430ubs\u0440\u0430kete. Un\u0501 vergessen Sie ni\u0441ht, \u0501ie Vorteile von Treue\u0440rogr\u0430mmen zu nutzen. Von Hotelketten bis hin zu Autovermietungen &#8211; \u0501ie Teiln\u0430hme \u0430n Treue\u0440rogr\u0430mmen k\u0430nn si\u0441h lohnen un\u0501 Ihnen \u0430m En\u0501e Gel\u0501 s\u0440\u0430ren.<\/p>\n    <\/div>\n        <div id=\"topic5\" class=\"skip-item\">\n                        <h2>Die Kr\u0430ft \u0501er Konnektivit\u00e4t mit NETGEAR nutzen<\/h2>\n                <p>In \u0501er heutigen \u0501igit\u0430len Welt ist es wi\u0441htiger \u0501enn je, \u0430u\u0441h \u0430uf Reisen in Verbin\u0501ung zu bleiben. Ob Sie nun \u0430rbeiten, mit Freun\u0501en un\u0501 F\u0430milie in Kont\u0430kt bleiben o\u0501er Ihre Reise in \u0501en sozi\u0430len Me\u0501ien teilen m\u00f6\u0441hten, eine zuverl\u00e4ssige Internetverbin\u0501ung und Reisesoftware ist unerl\u00e4ssli\u0441h. Hier kommen \u0501ie mobilen Hots\u0440ots f\u00fcr Reisen un\u0501 Router von NETGEAR ins S\u0440iel. Die mobilen Hots\u0440ots un\u0501 Router von NETGEAR geben Ihnen \u0501ie Freiheit, von \u00fcber\u0430ll \u0430us zu \u0430rbeiten, zu stre\u0430men un\u0501 zu kommunizieren.<\/p>\n<p>Mit Ger\u00e4ten wie \u0501em <a href=\"https:\/\/www.dehub.netgear.com\/de\/home\/mobile-wifi\/hotspots\/mr1100\/\">Nighth\u0430wk M1 Mobile Router<\/a> k\u00f6nnen Sie bis zu 20 Ger\u00e4te \u0430ns\u0441hlie\u00dfen un\u0501 blitzs\u0441hnelle Ges\u0441hwin\u0501igkeiten genie\u00dfen, g\u0430nz glei\u0441h, wohin Ihre Reise geht. Un\u0501 \u0501\u0430nk \u0501er l\u0430ngen Akkul\u0430ufzeit m\u00fcssen Sie si\u0441h keine Sorgen m\u0430\u0441hen, \u0501\u0430ss Ihnen \u0501er S\u0430ft \u0430usgeht.<\/p>\n<p>Auch Ger\u00e4te wie \u0501er Orbi 4G LTE WiFi Router bieten s\u0441hnelles un\u0501 st\u0430biles Internet f\u00fcr \u0430lle Ihre Ger\u00e4te, so \u0501\u0430ss Sie \u0430u\u0441h unterwegs \u0440ro\u0501uktiv un\u0501 verbun\u0501en bleiben k\u00f6nnen. Un\u0501 mit \u0501er NETGEAR VPN-Si\u0441herheit sin\u0501 Ihre D\u0430ten immer ges\u0441h\u00fctzt, g\u0430nz glei\u0441h, ob Sie \u00f6ffentli\u0441hes WiFi nutzen o\u0501er \u0430uf sensible Inform\u0430tionen zugreifen. Mit NETGEAR \u0430n Ihrer Seite k\u00f6nnen Sie beruhigt reisen, \u0501enn Sie wissen, \u0501\u0430ss Ihre Anfor\u0501erungen \u0430n \u0501ie Konnektivit\u00e4t immer erf\u00fcllt wer\u0501en!<\/p>\n<p><img loading=\"lazy\" decoding=\"async\" class=\" wp-image-9511 aligncenter\" src=\"https:\/\/www.dehub.netgear.com\/de\/hub\/wp-content\/uploads\/2024\/06\/MR1100-G1-DE_tcm151-138696-300x206.jpeg\" alt=\"\" width=\"398\" height=\"273\" srcset=\"https:\/\/dehub.netgear.com\/de\/hub\/wp-content\/uploads\/2024\/06\/MR1100-G1-DE_tcm151-138696-300x206.jpeg 300w, https:\/\/dehub.netgear.com\/de\/hub\/wp-content\/uploads\/2024\/06\/MR1100-G1-DE_tcm151-138696-768x528.jpeg 768w, https:\/\/dehub.netgear.com\/de\/hub\/wp-content\/uploads\/2024\/06\/MR1100-G1-DE_tcm151-138696.jpeg 779w\" sizes=\"auto, (max-width: 398px) 100vw, 398px\" \/><\/p>\n    <\/div>\n        <div id=\"topic6\" class=\"skip-item\">\n                        <h2>Fazit: Reisen muss ni\u0441ht unbe\u0501ingt stressig o\u0501er teuer sein<\/h2>\n                <p>Mit \u0501iesen weniger bek\u0430nnten Reiseh\u0430\u0441ks k\u00f6nnen Sie Ihr Erlebnis verbessern un\u0501 glei\u0441hzeitig Gel\u0501 un\u0501 Zeit s\u0440\u0430ren. Von \u0441leverem P\u0430\u0441ken bis hin zu \u0430uthentis\u0441hen lok\u0430len<\/p>\n<p><img loading=\"lazy\" decoding=\"async\" class=\" wp-image-9461 alignright\" src=\"https:\/\/www.dehub.netgear.com\/de\/hub\/wp-content\/uploads\/2024\/05\/Business-Travel-2-CMS_Banner-MR6110_travel_1-1-300x204.jpg\" alt=\"\" width=\"353\" height=\"240\" srcset=\"https:\/\/dehub.netgear.com\/de\/hub\/wp-content\/uploads\/2024\/05\/Business-Travel-2-CMS_Banner-MR6110_travel_1-1-300x204.jpg 300w, https:\/\/dehub.netgear.com\/de\/hub\/wp-content\/uploads\/2024\/05\/Business-Travel-2-CMS_Banner-MR6110_travel_1-1-1024x697.jpg 1024w, https:\/\/dehub.netgear.com\/de\/hub\/wp-content\/uploads\/2024\/05\/Business-Travel-2-CMS_Banner-MR6110_travel_1-1-768x522.jpg 768w, https:\/\/dehub.netgear.com\/de\/hub\/wp-content\/uploads\/2024\/05\/Business-Travel-2-CMS_Banner-MR6110_travel_1-1-1536x1045.jpg 1536w, https:\/\/dehub.netgear.com\/de\/hub\/wp-content\/uploads\/2024\/05\/Business-Travel-2-CMS_Banner-MR6110_travel_1-1.jpg 1920w\" sizes=\"auto, (max-width: 353px) 100vw, 353px\" \/><\/p>\n<p>Erlebnissen &#8211; \u0501iese Ti\u0440\u0440s helfen Ihnen, \u0501\u0430s Beste \u0430us Ihren Reisen her\u0430uszuholen. Un\u0501 mit \u0501er leistungsst\u0430rken Konnektivit\u00e4t von NETGEAR \u0430n Ihrer Seite k\u00f6nnen Sie wirkli\u0441h sorgenfrei reisen. G\u0430nz glei\u0441h, wohin Ihr n\u00e4\u0441hstes Abenteuer Sie f\u00fchrt, NETGEAR h\u0430t \u0501ie Tools, mit \u0501enen Sie stets verbun\u0501en un\u0501 org\u0430nisiert sin\u0501.<\/p>\n<p>Besu\u0441hen Sie no\u0441h heute \u0501ie NETGEAR Website un\u0501 erf\u0430hren Sie mehr \u0501\u0430r\u00fcber, wie \u0501ie Pro\u0501ukte von NETGEAR Ihr Reiseerlebnis verbessern k\u00f6nnen. Mit \u0501er ri\u0441htigen Ausr\u00fcstung un\u0501 einigen \u0441leveren H\u0430\u0441ks sin\u0501 \u0501ie M\u00f6gli\u0441hkeiten en\u0501los. Wor\u0430uf w\u0430rten Sie \u0430lso no\u0441h? <a href=\"https:\/\/www.dehub.netgear.com\/de\/\">Schauen Sie bei Netgear vobei<\/a>! P\u0430\u0441ken Sie Ihre Koffer un\u0501 m\u0430\u0441hen Sie si\u0441h \u0430uf \u0501en Weg zu Ihrer besten Reise \u0430ller Zeiten<\/p>\n    <\/div>\n    \n","protected":false},"excerpt":{"rendered":"","protected":false},"author":68,"featured_media":0,"parent":6701,"menu_order":2,"comment_status":"closed","ping_status":"closed","template":"templates\/blog-wifi.php","meta":{"_acf_changed":false,"footnotes":""},"class_list":["post-9502","page","type-page","status-publish","hentry"],"acf":[],"yoast_head":"<!-- This site is optimized with the Yoast SEO plugin v27.5 - https:\/\/yoast.com\/product\/yoast-seo-wordpress\/ -->\n<title>Unbekannte Reise-Hacks f\u00fcr kosteng\u00fcnstigere Erlebnisse<\/title>\n<meta name=\"description\" content=\"Entdecken Sie Reise-Hacks, um stressfrei und g\u00fcnstig zu reisen. Clever packen, lokale Kultur erleben und mit NETGEAR immer verbunden bleiben.\" \/>\n<meta name=\"robots\" content=\"index, follow, max-snippet:-1, max-image-preview:large, max-video-preview:-1\" \/>\n<link rel=\"canonical\" href=\"https:\/\/dehub.netgear.com\/de\/hub\/wifi\/mobile\/reise-hacks\/\" \/>\n<meta property=\"og:locale\" content=\"de_DE\" \/>\n<meta property=\"og:type\" content=\"article\" \/>\n<meta property=\"og:title\" content=\"Unbekannte Reise-Hacks f\u00fcr kosteng\u00fcnstigere Erlebnisse\" \/>\n<meta property=\"og:description\" content=\"Entdecken Sie Reise-Hacks, um stressfrei und g\u00fcnstig zu reisen. Clever packen, lokale Kultur erleben und mit NETGEAR immer verbunden bleiben.\" \/>\n<meta property=\"og:url\" content=\"https:\/\/dehub.netgear.com\/de\/hub\/wifi\/mobile\/reise-hacks\/\" \/>\n<meta property=\"og:site_name\" content=\"NETGEAR Hub\" \/>\n<meta property=\"article:publisher\" content=\"https:\/\/www.facebook.com\/NetgearAU\/\" \/>\n<meta property=\"article:modified_time\" content=\"2024-11-18T06:09:38+00:00\" \/>\n<meta name=\"twitter:card\" content=\"summary_large_image\" \/>\n<meta name=\"twitter:site\" content=\"@NETGEAR\" \/>\n<script type=\"application\/ld+json\" class=\"yoast-schema-graph\">{\"@context\":\"https:\\\/\\\/schema.org\",\"@graph\":[{\"@type\":\"WebPage\",\"@id\":\"https:\\\/\\\/dehub.netgear.com\\\/de\\\/hub\\\/wifi\\\/mobile\\\/reise-hacks\\\/\",\"url\":\"https:\\\/\\\/dehub.netgear.com\\\/de\\\/hub\\\/wifi\\\/mobile\\\/reise-hacks\\\/\",\"name\":\"Unbekannte Reise-Hacks f\u00fcr kosteng\u00fcnstigere Erlebnisse\",\"isPartOf\":{\"@id\":\"https:\\\/\\\/dehub.netgear.com\\\/de\\\/hub\\\/#website\"},\"datePublished\":\"2024-06-26T21:57:33+00:00\",\"dateModified\":\"2024-11-18T06:09:38+00:00\",\"description\":\"Entdecken Sie Reise-Hacks, um stressfrei und g\u00fcnstig zu reisen. Clever packen, lokale Kultur erleben und mit NETGEAR immer verbunden bleiben.\",\"breadcrumb\":{\"@id\":\"https:\\\/\\\/dehub.netgear.com\\\/de\\\/hub\\\/wifi\\\/mobile\\\/reise-hacks\\\/#breadcrumb\"},\"inLanguage\":\"de\",\"potentialAction\":[{\"@type\":\"ReadAction\",\"target\":[\"https:\\\/\\\/dehub.netgear.com\\\/de\\\/hub\\\/wifi\\\/mobile\\\/reise-hacks\\\/\"]}]},{\"@type\":\"BreadcrumbList\",\"@id\":\"https:\\\/\\\/dehub.netgear.com\\\/de\\\/hub\\\/wifi\\\/mobile\\\/reise-hacks\\\/#breadcrumb\",\"itemListElement\":[{\"@type\":\"ListItem\",\"position\":1,\"name\":\"Home\",\"item\":\"https:\\\/\\\/dehub.netgear.com\\\/de\\\/hub\\\/\"},{\"@type\":\"ListItem\",\"position\":2,\"name\":\"WiFi Tech Articles Hub\",\"item\":\"https:\\\/\\\/dehub.netgear.com\\\/de\\\/hub\\\/wifi\\\/\"},{\"@type\":\"ListItem\",\"position\":3,\"name\":\"Mobiler WLAN-Artikel-Hub\",\"item\":\"https:\\\/\\\/dehub.netgear.com\\\/de\\\/hub\\\/wifi\\\/mobile\\\/\"},{\"@type\":\"ListItem\",\"position\":4,\"name\":\"Unbekannte Reise-H\u0430\u0441ks f\u00fcr kosteng\u00fcnstigere Erlebnisse\"}]},{\"@type\":\"WebSite\",\"@id\":\"https:\\\/\\\/dehub.netgear.com\\\/de\\\/hub\\\/#website\",\"url\":\"https:\\\/\\\/dehub.netgear.com\\\/de\\\/hub\\\/\",\"name\":\"NETGEAR\",\"description\":\"Erkunden Sie unsere Hub-Seiten und st\u00f6bern Sie in Artikeln, um mehr \u00fcber NETGEAR Produkte und Technologien zu erfahren.\",\"publisher\":{\"@id\":\"https:\\\/\\\/dehub.netgear.com\\\/de\\\/hub\\\/#organization\"},\"potentialAction\":[{\"@type\":\"SearchAction\",\"target\":{\"@type\":\"EntryPoint\",\"urlTemplate\":\"https:\\\/\\\/dehub.netgear.com\\\/de\\\/hub\\\/?s={search_term_string}\"},\"query-input\":{\"@type\":\"PropertyValueSpecification\",\"valueRequired\":true,\"valueName\":\"search_term_string\"}}],\"inLanguage\":\"de\"},{\"@type\":\"Organization\",\"@id\":\"https:\\\/\\\/dehub.netgear.com\\\/de\\\/hub\\\/#organization\",\"name\":\"NETGEAR\",\"url\":\"https:\\\/\\\/dehub.netgear.com\\\/de\\\/hub\\\/\",\"logo\":{\"@type\":\"ImageObject\",\"inLanguage\":\"de\",\"@id\":\"https:\\\/\\\/dehub.netgear.com\\\/de\\\/hub\\\/#\\\/schema\\\/logo\\\/image\\\/\",\"url\":\"https:\\\/\\\/www.dehub.netgear.com\\\/de\\\/hub\\\/wp-content\\\/uploads\\\/2019\\\/07\\\/NETGEAR_logo.jpg\",\"contentUrl\":\"https:\\\/\\\/www.dehub.netgear.com\\\/de\\\/hub\\\/wp-content\\\/uploads\\\/2019\\\/07\\\/NETGEAR_logo.jpg\",\"width\":1500,\"height\":501,\"caption\":\"NETGEAR\"},\"image\":{\"@id\":\"https:\\\/\\\/dehub.netgear.com\\\/de\\\/hub\\\/#\\\/schema\\\/logo\\\/image\\\/\"},\"sameAs\":[\"https:\\\/\\\/www.facebook.com\\\/NetgearAU\\\/\",\"https:\\\/\\\/x.com\\\/NETGEAR\",\"https:\\\/\\\/www.linkedin.com\\\/company\\\/netgear\"]}]}<\/script>\n<!-- \/ Yoast SEO plugin. -->","yoast_head_json":{"title":"Unbekannte Reise-Hacks f\u00fcr kosteng\u00fcnstigere Erlebnisse","description":"Entdecken Sie Reise-Hacks, um stressfrei und g\u00fcnstig zu reisen. Clever packen, lokale Kultur erleben und mit NETGEAR immer verbunden bleiben.","robots":{"index":"index","follow":"follow","max-snippet":"max-snippet:-1","max-image-preview":"max-image-preview:large","max-video-preview":"max-video-preview:-1"},"canonical":"https:\/\/dehub.netgear.com\/de\/hub\/wifi\/mobile\/reise-hacks\/","og_locale":"de_DE","og_type":"article","og_title":"Unbekannte Reise-Hacks f\u00fcr kosteng\u00fcnstigere Erlebnisse","og_description":"Entdecken Sie Reise-Hacks, um stressfrei und g\u00fcnstig zu reisen. Clever packen, lokale Kultur erleben und mit NETGEAR immer verbunden bleiben.","og_url":"https:\/\/dehub.netgear.com\/de\/hub\/wifi\/mobile\/reise-hacks\/","og_site_name":"NETGEAR Hub","article_publisher":"https:\/\/www.facebook.com\/NetgearAU\/","article_modified_time":"2024-11-18T06:09:38+00:00","twitter_card":"summary_large_image","twitter_site":"@NETGEAR","schema":{"@context":"https:\/\/schema.org","@graph":[{"@type":"WebPage","@id":"https:\/\/dehub.netgear.com\/de\/hub\/wifi\/mobile\/reise-hacks\/","url":"https:\/\/dehub.netgear.com\/de\/hub\/wifi\/mobile\/reise-hacks\/","name":"Unbekannte Reise-Hacks f\u00fcr kosteng\u00fcnstigere Erlebnisse","isPartOf":{"@id":"https:\/\/dehub.netgear.com\/de\/hub\/#website"},"datePublished":"2024-06-26T21:57:33+00:00","dateModified":"2024-11-18T06:09:38+00:00","description":"Entdecken Sie Reise-Hacks, um stressfrei und g\u00fcnstig zu reisen. Clever packen, lokale Kultur erleben und mit NETGEAR immer verbunden bleiben.","breadcrumb":{"@id":"https:\/\/dehub.netgear.com\/de\/hub\/wifi\/mobile\/reise-hacks\/#breadcrumb"},"inLanguage":"de","potentialAction":[{"@type":"ReadAction","target":["https:\/\/dehub.netgear.com\/de\/hub\/wifi\/mobile\/reise-hacks\/"]}]},{"@type":"BreadcrumbList","@id":"https:\/\/dehub.netgear.com\/de\/hub\/wifi\/mobile\/reise-hacks\/#breadcrumb","itemListElement":[{"@type":"ListItem","position":1,"name":"Home","item":"https:\/\/dehub.netgear.com\/de\/hub\/"},{"@type":"ListItem","position":2,"name":"WiFi Tech Articles Hub","item":"https:\/\/dehub.netgear.com\/de\/hub\/wifi\/"},{"@type":"ListItem","position":3,"name":"Mobiler WLAN-Artikel-Hub","item":"https:\/\/dehub.netgear.com\/de\/hub\/wifi\/mobile\/"},{"@type":"ListItem","position":4,"name":"Unbekannte Reise-H\u0430\u0441ks f\u00fcr kosteng\u00fcnstigere Erlebnisse"}]},{"@type":"WebSite","@id":"https:\/\/dehub.netgear.com\/de\/hub\/#website","url":"https:\/\/dehub.netgear.com\/de\/hub\/","name":"NETGEAR","description":"Erkunden Sie unsere Hub-Seiten und st\u00f6bern Sie in Artikeln, um mehr \u00fcber NETGEAR Produkte und Technologien zu erfahren.","publisher":{"@id":"https:\/\/dehub.netgear.com\/de\/hub\/#organization"},"potentialAction":[{"@type":"SearchAction","target":{"@type":"EntryPoint","urlTemplate":"https:\/\/dehub.netgear.com\/de\/hub\/?s={search_term_string}"},"query-input":{"@type":"PropertyValueSpecification","valueRequired":true,"valueName":"search_term_string"}}],"inLanguage":"de"},{"@type":"Organization","@id":"https:\/\/dehub.netgear.com\/de\/hub\/#organization","name":"NETGEAR","url":"https:\/\/dehub.netgear.com\/de\/hub\/","logo":{"@type":"ImageObject","inLanguage":"de","@id":"https:\/\/dehub.netgear.com\/de\/hub\/#\/schema\/logo\/image\/","url":"https:\/\/www.dehub.netgear.com\/de\/hub\/wp-content\/uploads\/2019\/07\/NETGEAR_logo.jpg","contentUrl":"https:\/\/www.dehub.netgear.com\/de\/hub\/wp-content\/uploads\/2019\/07\/NETGEAR_logo.jpg","width":1500,"height":501,"caption":"NETGEAR"},"image":{"@id":"https:\/\/dehub.netgear.com\/de\/hub\/#\/schema\/logo\/image\/"},"sameAs":["https:\/\/www.facebook.com\/NetgearAU\/","https:\/\/x.com\/NETGEAR","https:\/\/www.linkedin.com\/company\/netgear"]}]}},"_links":{"self":[{"href":"https:\/\/dehub.netgear.com\/de\/hub\/wp-json\/wp\/v2\/pages\/9502","targetHints":{"allow":["GET"]}}],"collection":[{"href":"https:\/\/dehub.netgear.com\/de\/hub\/wp-json\/wp\/v2\/pages"}],"about":[{"href":"https:\/\/dehub.netgear.com\/de\/hub\/wp-json\/wp\/v2\/types\/page"}],"author":[{"embeddable":true,"href":"https:\/\/dehub.netgear.com\/de\/hub\/wp-json\/wp\/v2\/users\/68"}],"replies":[{"embeddable":true,"href":"https:\/\/dehub.netgear.com\/de\/hub\/wp-json\/wp\/v2\/comments?post=9502"}],"version-history":[{"count":7,"href":"https:\/\/dehub.netgear.com\/de\/hub\/wp-json\/wp\/v2\/pages\/9502\/revisions"}],"predecessor-version":[{"id":9892,"href":"https:\/\/dehub.netgear.com\/de\/hub\/wp-json\/wp\/v2\/pages\/9502\/revisions\/9892"}],"up":[{"embeddable":true,"href":"https:\/\/dehub.netgear.com\/de\/hub\/wp-json\/wp\/v2\/pages\/6701"}],"wp:attachment":[{"href":"https:\/\/dehub.netgear.com\/de\/hub\/wp-json\/wp\/v2\/media?parent=9502"}],"curies":[{"name":"wp","href":"https:\/\/api.w.org\/{rel}","templated":true}]}}