{"id":9496,"date":"2024-06-20T16:35:01","date_gmt":"2024-06-20T14:35:01","guid":{"rendered":"https:\/\/www.dehub.netgear.com\/de\/hub\/?page_id=9496"},"modified":"2025-08-28T15:33:23","modified_gmt":"2025-08-28T13:33:23","slug":"wie-man-ki-oder-ml-farmen-baut-ohne-die-bank-zu-sprengen","status":"publish","type":"page","link":"https:\/\/dehub.netgear.com\/de\/hub\/business\/enterprise-it\/wie-man-ki-oder-ml-farmen-baut-ohne-die-bank-zu-sprengen\/","title":{"rendered":"Wie man KI- oder ML-Farmen baut &#8211; ohne die Bank zu sprengen"},"content":{"rendered":"<p>Der Cluster ist der Ort, an dem es entweder wirklich teuer werden kann oder die KI-Leistung begrenzt wird \u2013 oder beides. Lassen Sie uns die typischen verwendeten Hardwarekomponenten \u00fcberpr\u00fcfen und bestimmen, wo Sie das beste Verh\u00e4ltnis von Leistung zu Kosten optimieren k\u00f6nnen.<\/p>\n    <div class=\"table-of-content bg-gray\">\n        <p><strong>IN THIS ARTICLE<\/strong><\/p>\n        <ul>\n                        <li><a href=\"#topic1\">KI-Server<\/a><\/li>\n                        <li><a href=\"#topic2\">KI-Speichersysteme<\/a><\/li>\n                        <li><a href=\"#topic3\">KI-Netzwerkhardware-Switches <\/a><\/li>\n                        <li><a href=\"#topic4\">KI- &amp; ML-Farmbeispiele<\/a><\/li>\n                    <\/ul>\n    <\/div>\n        <div id=\"topic1\" class=\"skip-item\">\n                        <h2>KI-Server<\/h2>\n                <p>Das sind die Arbeitspferde einer KI-Serverfarm. Und Sie brauchen eine Menge davon. Diese Server haben in der Regel leistungsstarke CPUs und sind oft mit GPUs oder spezialisierten Beschleunigern wie TPUs (Tensor Processing Units) ausgestattet, die speziell f\u00fcr die parallelen Verarbeitungsaufgaben konzipiert sind, die im maschinellen Lernen und tiefen Lernen \u00fcblich sind. Hier gibt es keine Kompromisse. Die rohe Rechenleistung der Server wird Ihre KI-Cluster machen oder brechen.<\/p>\n    <\/div>\n        <div id=\"topic2\" class=\"skip-item\">\n                        <h2>KI-Speichersysteme<\/h2>\n                <p>KI-Anwendungen erfordern oft Zugang zu gro\u00dfen Datens\u00e4tzen. Speicherl\u00f6sungen in einer Serverfarm k\u00f6nnen SSDs f\u00fcr schnellen Zugriff, HDDs f\u00fcr gr\u00f6\u00dfere, weniger h\u00e4ufig abgerufene Daten und netzwerkgebundene Speicher (NAS) oder Speichernetzwerke (SAN) f\u00fcr gemeinsame Speicherl\u00f6sungen umfassen. Gl\u00fccklicherweise wurden diese Systeme kommerzialisiert, und es gibt viele Auswahlm\u00f6glichkeiten f\u00fcr jedes Budget.<\/p>\n    <\/div>\n        <div id=\"topic3\" class=\"skip-item bg-gray-full\">\n                        <h2>KI-Netzwerkhardware-Switches <\/h2>\n                <p><img loading=\"lazy\" decoding=\"async\" class=\"alignright wp-image-9945 size-medium\" src=\"https:\/\/www.dehub.netgear.com\/hub\/wp-content\/uploads\/2023\/11\/m4350-series-switches-300x226.jpg\" alt=\"NETGEAR Switches\" width=\"300\" height=\"226\" \/>Hochbandbreiten-, niedriglatenz-Switches sind entscheidend f\u00fcr die Bew\u00e4ltigung der intensiven Verkehrsanforderungen einer Serverfarm. Sie sind oft der Engpass aller Datentransporte in einer KI-Einrichtung. Da Sie bei der Durchsatzleistung oder niedrigen Latenz keine Kompromisse eingehen k\u00f6nnen, ist dies ein Bereich, in dem Sie die neuen M4350-Serien von 10GbE\/100GbE-Netzwerkswitches von NETGEAR als besonderen Lebensretter empfinden k\u00f6nnten.<\/p>\n<p>Diese Switches laufen auf dem modernsten, niedriglatenz-, hochleistungsf\u00e4higen Silizium und sind auch mit Einfachheit in der Verwaltung und kostenbewussten Kunden im Sinn gebaut. Hersteller von typischen Unternehmens-Datencenter-Switches haben ihre Produkte unerschwinglich gemacht, was sie zu einer schlechten Wahl macht.<\/p>\n<p>Router verwalten den Verkehr zwischen der Serverfarm und dem breiteren Internet oder anderen Netzwerken. Das Gleiche gilt hier; sie k\u00f6nnten der Engpass mit dem Verkehr zum\/vom Internet sein. Es gibt jedoch kosteng\u00fcnstige Alternativen, wie z.B. den PR60X Professional Router von NETGEAR mit Multi-Gig\/10Gig WAN\/LAN-Leistung.<\/p>\n<p>Netzwerkkarten (NICs), m\u00f6glicherweise mit 10GbE \/100GbE-Durchsatz, sind wesentlich f\u00fcr eine schnelle Serverkommunikation. Sie m\u00fcssen f\u00fcr die von Ihnen gew\u00e4hlten Switches optimiert werden. Das Engineering-Team von NETGEAR kann Ihnen helfen, eine optimale Netzwerkkonfiguration mit diesen Komponenten zu entwerfen.<\/p>\n<p>Netzwerkmanagement-Software wird oft vergessen, ist aber entscheidend f\u00fcr die Verwaltung von Netzwerkkonfigurationen, die \u00dcberwachung der Netzwerkleistung, die Fehlersuche und die Gew\u00e4hrleistung der Netzwerksicherheit. NETGEAR bietet einen kostenlosen Controller namens NETGEAR Engage an, um kleine oder gro\u00dfe Mengen von NETGEAR Fully Managed Switches zu verwalten und zu \u00fcberwachen.<\/p>\n    <\/div>\n        <div id=\"topic4\" class=\"skip-item\">\n                        <h2>KI- &amp; ML-Farmbeispiele<\/h2>\n                <p style=\"padding-bottom: 0px\">NETGEAR-Switches werden in weltklasse KI\/ML-Anwendungen verwendet. Zwei Beispiele:<\/p>\n<ul>\n<li>KI\/ML-Cluster zur Analyse von Tausenden von gleichzeitigen Kamerafeeds selbstfahrender Autos durch ein Drittanbieter-Datenanalyseunternehmen.<\/li>\n<li>KI\/ML-Cluster zur Sammlung, \u00dcberpr\u00fcfung, Analyse und Kombination von Drohnenkameraaufnahmen f\u00fcr das Milit\u00e4r eines NATO-Mitgliedstaates.<\/li>\n<\/ul>\n<p>Mit dieser \u00dcbersicht hoffen wir, Ihnen eine hochrangige Vorstellung von den Haupt\u00fcberlegungen bei der Gestaltung einer KI\/ML-Einrichtung gegeben zu haben und wo wir Ihnen helfen k\u00f6nnen, Leistung und Kosten zu optimieren.<\/p>\n<p>Wenn Sie einen Entwurfsvorschlag f\u00fcr die Architektur Ihres Clusters haben, kontaktieren Sie uns bitte, um das Netzwerkdesign zu besprechen. Wir werden Ihr Netzwerk kostenlos entwerfen und garantieren, dass es korrekt funktioniert. Lesen Sie mehr \u00fcber unsere <a href=\"\/de\/business\/wired\/switches\/fully-managed\/m4350\/listing-filter\/10g\/25g\/40g\/50g\/100g\/\"> M4350-Serie von Switches, die f\u00fcr KI- &amp; ML-Bereitstellungen geeignet sind<\/a>.<\/p>\n    <\/div>\n        <div id=\"topic5\" class=\"skip-item\">\n                        <p><iframe loading=\"lazy\" src=\"https:\/\/405nrr.share-na2.hsforms.com\/25w_D-U5iS-e5KaSaP86jnQ\" width=\"100%\" height=\"1200px\"><\/iframe><\/p>\n    <\/div>\n    \n","protected":false},"excerpt":{"rendered":"<p>Der Cluster ist der Ort, an dem es entweder wirklich teuer werden kann oder die KI-Leistung begrenzt wird \u2013 oder beides. Lassen Sie uns die typischen verwendeten Hardwarekomponenten \u00fcberpr\u00fcfen und bestimmen, wo Sie das beste Verh\u00e4ltnis von Leistung zu Kosten optimieren k\u00f6nnen.<\/p>\n","protected":false},"author":84,"featured_media":10445,"parent":6714,"menu_order":0,"comment_status":"closed","ping_status":"closed","template":"templates\/blog-wifi.php","meta":{"_acf_changed":false,"footnotes":""},"class_list":["post-9496","page","type-page","status-publish","has-post-thumbnail","hentry"],"acf":[],"yoast_head":"<!-- This site is optimized with the Yoast SEO plugin v27.4 - https:\/\/yoast.com\/product\/yoast-seo-wordpress\/ -->\n<title>Wie man KI- oder ML-Farmen baut - ohne die Bank zu sprengen - NETGEAR Hub<\/title>\n<meta name=\"description\" content=\"Erfahren Sie, wie Sie KI- oder ML-Farmen kosteng\u00fcnstig aufbauen k\u00f6nnen, und betonen Sie dabei die Bedeutung der Auswahl geeigneter Netzwerkl\u00f6sungen. Entdecken Sie mehr bei NETGEAR online.\" \/>\n<meta name=\"robots\" content=\"index, follow, max-snippet:-1, max-image-preview:large, max-video-preview:-1\" \/>\n<link rel=\"canonical\" href=\"https:\/\/dehub.netgear.com\/de\/hub\/business\/enterprise-it\/wie-man-ki-oder-ml-farmen-baut-ohne-die-bank-zu-sprengen\/\" \/>\n<meta property=\"og:locale\" content=\"de_DE\" \/>\n<meta property=\"og:type\" content=\"article\" \/>\n<meta property=\"og:title\" content=\"Wie man KI- oder ML-Farmen baut - ohne die Bank zu sprengen - NETGEAR Hub\" \/>\n<meta property=\"og:description\" content=\"Erfahren Sie, wie Sie KI- oder ML-Farmen kosteng\u00fcnstig aufbauen k\u00f6nnen, und betonen Sie dabei die Bedeutung der Auswahl geeigneter Netzwerkl\u00f6sungen. Entdecken Sie mehr bei NETGEAR online.\" \/>\n<meta property=\"og:url\" content=\"https:\/\/dehub.netgear.com\/de\/hub\/business\/enterprise-it\/wie-man-ki-oder-ml-farmen-baut-ohne-die-bank-zu-sprengen\/\" \/>\n<meta property=\"og:site_name\" content=\"NETGEAR Hub\" \/>\n<meta property=\"article:publisher\" content=\"https:\/\/www.facebook.com\/NetgearAU\/\" \/>\n<meta property=\"article:modified_time\" content=\"2025-08-28T13:33:23+00:00\" \/>\n<meta property=\"og:image\" content=\"https:\/\/dehub.netgear.com\/de\/hub\/wp-content\/uploads\/2025\/08\/blog-netgear-business-for-ml-featured-885294094-new-383x288-1.jpg\" \/>\n\t<meta property=\"og:image:width\" content=\"383\" \/>\n\t<meta property=\"og:image:height\" content=\"288\" \/>\n\t<meta property=\"og:image:type\" content=\"image\/jpeg\" \/>\n<meta name=\"twitter:card\" content=\"summary_large_image\" \/>\n<meta name=\"twitter:site\" content=\"@NETGEAR\" \/>\n<script type=\"application\/ld+json\" class=\"yoast-schema-graph\">{\"@context\":\"https:\\\/\\\/schema.org\",\"@graph\":[{\"@type\":\"WebPage\",\"@id\":\"https:\\\/\\\/dehub.netgear.com\\\/de\\\/hub\\\/business\\\/enterprise-it\\\/wie-man-ki-oder-ml-farmen-baut-ohne-die-bank-zu-sprengen\\\/\",\"url\":\"https:\\\/\\\/dehub.netgear.com\\\/de\\\/hub\\\/business\\\/enterprise-it\\\/wie-man-ki-oder-ml-farmen-baut-ohne-die-bank-zu-sprengen\\\/\",\"name\":\"Wie man KI- oder ML-Farmen baut - ohne die Bank zu sprengen - NETGEAR Hub\",\"isPartOf\":{\"@id\":\"https:\\\/\\\/dehub.netgear.com\\\/de\\\/hub\\\/#website\"},\"primaryImageOfPage\":{\"@id\":\"https:\\\/\\\/dehub.netgear.com\\\/de\\\/hub\\\/business\\\/enterprise-it\\\/wie-man-ki-oder-ml-farmen-baut-ohne-die-bank-zu-sprengen\\\/#primaryimage\"},\"image\":{\"@id\":\"https:\\\/\\\/dehub.netgear.com\\\/de\\\/hub\\\/business\\\/enterprise-it\\\/wie-man-ki-oder-ml-farmen-baut-ohne-die-bank-zu-sprengen\\\/#primaryimage\"},\"thumbnailUrl\":\"https:\\\/\\\/dehub.netgear.com\\\/de\\\/hub\\\/wp-content\\\/uploads\\\/2025\\\/08\\\/blog-netgear-business-for-ml-featured-885294094-new-383x288-1.jpg\",\"datePublished\":\"2024-06-20T14:35:01+00:00\",\"dateModified\":\"2025-08-28T13:33:23+00:00\",\"description\":\"Erfahren Sie, wie Sie KI- oder ML-Farmen kosteng\u00fcnstig aufbauen k\u00f6nnen, und betonen Sie dabei die Bedeutung der Auswahl geeigneter Netzwerkl\u00f6sungen. Entdecken Sie mehr bei NETGEAR online.\",\"breadcrumb\":{\"@id\":\"https:\\\/\\\/dehub.netgear.com\\\/de\\\/hub\\\/business\\\/enterprise-it\\\/wie-man-ki-oder-ml-farmen-baut-ohne-die-bank-zu-sprengen\\\/#breadcrumb\"},\"inLanguage\":\"de\",\"potentialAction\":[{\"@type\":\"ReadAction\",\"target\":[\"https:\\\/\\\/dehub.netgear.com\\\/de\\\/hub\\\/business\\\/enterprise-it\\\/wie-man-ki-oder-ml-farmen-baut-ohne-die-bank-zu-sprengen\\\/\"]}]},{\"@type\":\"ImageObject\",\"inLanguage\":\"de\",\"@id\":\"https:\\\/\\\/dehub.netgear.com\\\/de\\\/hub\\\/business\\\/enterprise-it\\\/wie-man-ki-oder-ml-farmen-baut-ohne-die-bank-zu-sprengen\\\/#primaryimage\",\"url\":\"https:\\\/\\\/dehub.netgear.com\\\/de\\\/hub\\\/wp-content\\\/uploads\\\/2025\\\/08\\\/blog-netgear-business-for-ml-featured-885294094-new-383x288-1.jpg\",\"contentUrl\":\"https:\\\/\\\/dehub.netgear.com\\\/de\\\/hub\\\/wp-content\\\/uploads\\\/2025\\\/08\\\/blog-netgear-business-for-ml-featured-885294094-new-383x288-1.jpg\",\"width\":383,\"height\":288},{\"@type\":\"BreadcrumbList\",\"@id\":\"https:\\\/\\\/dehub.netgear.com\\\/de\\\/hub\\\/business\\\/enterprise-it\\\/wie-man-ki-oder-ml-farmen-baut-ohne-die-bank-zu-sprengen\\\/#breadcrumb\",\"itemListElement\":[{\"@type\":\"ListItem\",\"position\":1,\"name\":\"Home\",\"item\":\"https:\\\/\\\/dehub.netgear.com\\\/de\\\/hub\\\/\"},{\"@type\":\"ListItem\",\"position\":2,\"name\":\"Business Articles Hub\",\"item\":\"https:\\\/\\\/dehub.netgear.com\\\/de\\\/hub\\\/business\\\/\"},{\"@type\":\"ListItem\",\"position\":3,\"name\":\"Business Networking Articles Hub\",\"item\":\"https:\\\/\\\/dehub.netgear.com\\\/de\\\/hub\\\/business\\\/enterprise-it\\\/\"},{\"@type\":\"ListItem\",\"position\":4,\"name\":\"Wie man KI- oder ML-Farmen baut &#8211; ohne die Bank zu sprengen\"}]},{\"@type\":\"WebSite\",\"@id\":\"https:\\\/\\\/dehub.netgear.com\\\/de\\\/hub\\\/#website\",\"url\":\"https:\\\/\\\/dehub.netgear.com\\\/de\\\/hub\\\/\",\"name\":\"NETGEAR\",\"description\":\"Erkunden Sie unsere Hub-Seiten und st\u00f6bern Sie in Artikeln, um mehr \u00fcber NETGEAR Produkte und Technologien zu erfahren.\",\"publisher\":{\"@id\":\"https:\\\/\\\/dehub.netgear.com\\\/de\\\/hub\\\/#organization\"},\"potentialAction\":[{\"@type\":\"SearchAction\",\"target\":{\"@type\":\"EntryPoint\",\"urlTemplate\":\"https:\\\/\\\/dehub.netgear.com\\\/de\\\/hub\\\/?s={search_term_string}\"},\"query-input\":{\"@type\":\"PropertyValueSpecification\",\"valueRequired\":true,\"valueName\":\"search_term_string\"}}],\"inLanguage\":\"de\"},{\"@type\":\"Organization\",\"@id\":\"https:\\\/\\\/dehub.netgear.com\\\/de\\\/hub\\\/#organization\",\"name\":\"NETGEAR\",\"url\":\"https:\\\/\\\/dehub.netgear.com\\\/de\\\/hub\\\/\",\"logo\":{\"@type\":\"ImageObject\",\"inLanguage\":\"de\",\"@id\":\"https:\\\/\\\/dehub.netgear.com\\\/de\\\/hub\\\/#\\\/schema\\\/logo\\\/image\\\/\",\"url\":\"https:\\\/\\\/www.dehub.netgear.com\\\/de\\\/hub\\\/wp-content\\\/uploads\\\/2019\\\/07\\\/NETGEAR_logo.jpg\",\"contentUrl\":\"https:\\\/\\\/www.dehub.netgear.com\\\/de\\\/hub\\\/wp-content\\\/uploads\\\/2019\\\/07\\\/NETGEAR_logo.jpg\",\"width\":1500,\"height\":501,\"caption\":\"NETGEAR\"},\"image\":{\"@id\":\"https:\\\/\\\/dehub.netgear.com\\\/de\\\/hub\\\/#\\\/schema\\\/logo\\\/image\\\/\"},\"sameAs\":[\"https:\\\/\\\/www.facebook.com\\\/NetgearAU\\\/\",\"https:\\\/\\\/x.com\\\/NETGEAR\",\"https:\\\/\\\/www.linkedin.com\\\/company\\\/netgear\"]}]}<\/script>\n<!-- \/ Yoast SEO plugin. -->","yoast_head_json":{"title":"Wie man KI- oder ML-Farmen baut - ohne die Bank zu sprengen - NETGEAR Hub","description":"Erfahren Sie, wie Sie KI- oder ML-Farmen kosteng\u00fcnstig aufbauen k\u00f6nnen, und betonen Sie dabei die Bedeutung der Auswahl geeigneter Netzwerkl\u00f6sungen. Entdecken Sie mehr bei NETGEAR online.","robots":{"index":"index","follow":"follow","max-snippet":"max-snippet:-1","max-image-preview":"max-image-preview:large","max-video-preview":"max-video-preview:-1"},"canonical":"https:\/\/dehub.netgear.com\/de\/hub\/business\/enterprise-it\/wie-man-ki-oder-ml-farmen-baut-ohne-die-bank-zu-sprengen\/","og_locale":"de_DE","og_type":"article","og_title":"Wie man KI- oder ML-Farmen baut - ohne die Bank zu sprengen - NETGEAR Hub","og_description":"Erfahren Sie, wie Sie KI- oder ML-Farmen kosteng\u00fcnstig aufbauen k\u00f6nnen, und betonen Sie dabei die Bedeutung der Auswahl geeigneter Netzwerkl\u00f6sungen. Entdecken Sie mehr bei NETGEAR online.","og_url":"https:\/\/dehub.netgear.com\/de\/hub\/business\/enterprise-it\/wie-man-ki-oder-ml-farmen-baut-ohne-die-bank-zu-sprengen\/","og_site_name":"NETGEAR Hub","article_publisher":"https:\/\/www.facebook.com\/NetgearAU\/","article_modified_time":"2025-08-28T13:33:23+00:00","og_image":[{"width":383,"height":288,"url":"https:\/\/dehub.netgear.com\/de\/hub\/wp-content\/uploads\/2025\/08\/blog-netgear-business-for-ml-featured-885294094-new-383x288-1.jpg","type":"image\/jpeg"}],"twitter_card":"summary_large_image","twitter_site":"@NETGEAR","schema":{"@context":"https:\/\/schema.org","@graph":[{"@type":"WebPage","@id":"https:\/\/dehub.netgear.com\/de\/hub\/business\/enterprise-it\/wie-man-ki-oder-ml-farmen-baut-ohne-die-bank-zu-sprengen\/","url":"https:\/\/dehub.netgear.com\/de\/hub\/business\/enterprise-it\/wie-man-ki-oder-ml-farmen-baut-ohne-die-bank-zu-sprengen\/","name":"Wie man KI- oder ML-Farmen baut - ohne die Bank zu sprengen - NETGEAR Hub","isPartOf":{"@id":"https:\/\/dehub.netgear.com\/de\/hub\/#website"},"primaryImageOfPage":{"@id":"https:\/\/dehub.netgear.com\/de\/hub\/business\/enterprise-it\/wie-man-ki-oder-ml-farmen-baut-ohne-die-bank-zu-sprengen\/#primaryimage"},"image":{"@id":"https:\/\/dehub.netgear.com\/de\/hub\/business\/enterprise-it\/wie-man-ki-oder-ml-farmen-baut-ohne-die-bank-zu-sprengen\/#primaryimage"},"thumbnailUrl":"https:\/\/dehub.netgear.com\/de\/hub\/wp-content\/uploads\/2025\/08\/blog-netgear-business-for-ml-featured-885294094-new-383x288-1.jpg","datePublished":"2024-06-20T14:35:01+00:00","dateModified":"2025-08-28T13:33:23+00:00","description":"Erfahren Sie, wie Sie KI- oder ML-Farmen kosteng\u00fcnstig aufbauen k\u00f6nnen, und betonen Sie dabei die Bedeutung der Auswahl geeigneter Netzwerkl\u00f6sungen. Entdecken Sie mehr bei NETGEAR online.","breadcrumb":{"@id":"https:\/\/dehub.netgear.com\/de\/hub\/business\/enterprise-it\/wie-man-ki-oder-ml-farmen-baut-ohne-die-bank-zu-sprengen\/#breadcrumb"},"inLanguage":"de","potentialAction":[{"@type":"ReadAction","target":["https:\/\/dehub.netgear.com\/de\/hub\/business\/enterprise-it\/wie-man-ki-oder-ml-farmen-baut-ohne-die-bank-zu-sprengen\/"]}]},{"@type":"ImageObject","inLanguage":"de","@id":"https:\/\/dehub.netgear.com\/de\/hub\/business\/enterprise-it\/wie-man-ki-oder-ml-farmen-baut-ohne-die-bank-zu-sprengen\/#primaryimage","url":"https:\/\/dehub.netgear.com\/de\/hub\/wp-content\/uploads\/2025\/08\/blog-netgear-business-for-ml-featured-885294094-new-383x288-1.jpg","contentUrl":"https:\/\/dehub.netgear.com\/de\/hub\/wp-content\/uploads\/2025\/08\/blog-netgear-business-for-ml-featured-885294094-new-383x288-1.jpg","width":383,"height":288},{"@type":"BreadcrumbList","@id":"https:\/\/dehub.netgear.com\/de\/hub\/business\/enterprise-it\/wie-man-ki-oder-ml-farmen-baut-ohne-die-bank-zu-sprengen\/#breadcrumb","itemListElement":[{"@type":"ListItem","position":1,"name":"Home","item":"https:\/\/dehub.netgear.com\/de\/hub\/"},{"@type":"ListItem","position":2,"name":"Business Articles Hub","item":"https:\/\/dehub.netgear.com\/de\/hub\/business\/"},{"@type":"ListItem","position":3,"name":"Business Networking Articles Hub","item":"https:\/\/dehub.netgear.com\/de\/hub\/business\/enterprise-it\/"},{"@type":"ListItem","position":4,"name":"Wie man KI- oder ML-Farmen baut &#8211; ohne die Bank zu sprengen"}]},{"@type":"WebSite","@id":"https:\/\/dehub.netgear.com\/de\/hub\/#website","url":"https:\/\/dehub.netgear.com\/de\/hub\/","name":"NETGEAR","description":"Erkunden Sie unsere Hub-Seiten und st\u00f6bern Sie in Artikeln, um mehr \u00fcber NETGEAR Produkte und Technologien zu erfahren.","publisher":{"@id":"https:\/\/dehub.netgear.com\/de\/hub\/#organization"},"potentialAction":[{"@type":"SearchAction","target":{"@type":"EntryPoint","urlTemplate":"https:\/\/dehub.netgear.com\/de\/hub\/?s={search_term_string}"},"query-input":{"@type":"PropertyValueSpecification","valueRequired":true,"valueName":"search_term_string"}}],"inLanguage":"de"},{"@type":"Organization","@id":"https:\/\/dehub.netgear.com\/de\/hub\/#organization","name":"NETGEAR","url":"https:\/\/dehub.netgear.com\/de\/hub\/","logo":{"@type":"ImageObject","inLanguage":"de","@id":"https:\/\/dehub.netgear.com\/de\/hub\/#\/schema\/logo\/image\/","url":"https:\/\/www.dehub.netgear.com\/de\/hub\/wp-content\/uploads\/2019\/07\/NETGEAR_logo.jpg","contentUrl":"https:\/\/www.dehub.netgear.com\/de\/hub\/wp-content\/uploads\/2019\/07\/NETGEAR_logo.jpg","width":1500,"height":501,"caption":"NETGEAR"},"image":{"@id":"https:\/\/dehub.netgear.com\/de\/hub\/#\/schema\/logo\/image\/"},"sameAs":["https:\/\/www.facebook.com\/NetgearAU\/","https:\/\/x.com\/NETGEAR","https:\/\/www.linkedin.com\/company\/netgear"]}]}},"_links":{"self":[{"href":"https:\/\/dehub.netgear.com\/de\/hub\/wp-json\/wp\/v2\/pages\/9496","targetHints":{"allow":["GET"]}}],"collection":[{"href":"https:\/\/dehub.netgear.com\/de\/hub\/wp-json\/wp\/v2\/pages"}],"about":[{"href":"https:\/\/dehub.netgear.com\/de\/hub\/wp-json\/wp\/v2\/types\/page"}],"author":[{"embeddable":true,"href":"https:\/\/dehub.netgear.com\/de\/hub\/wp-json\/wp\/v2\/users\/84"}],"replies":[{"embeddable":true,"href":"https:\/\/dehub.netgear.com\/de\/hub\/wp-json\/wp\/v2\/comments?post=9496"}],"version-history":[{"count":6,"href":"https:\/\/dehub.netgear.com\/de\/hub\/wp-json\/wp\/v2\/pages\/9496\/revisions"}],"predecessor-version":[{"id":10450,"href":"https:\/\/dehub.netgear.com\/de\/hub\/wp-json\/wp\/v2\/pages\/9496\/revisions\/10450"}],"up":[{"embeddable":true,"href":"https:\/\/dehub.netgear.com\/de\/hub\/wp-json\/wp\/v2\/pages\/6714"}],"wp:featuredmedia":[{"embeddable":true,"href":"https:\/\/dehub.netgear.com\/de\/hub\/wp-json\/wp\/v2\/media\/10445"}],"wp:attachment":[{"href":"https:\/\/dehub.netgear.com\/de\/hub\/wp-json\/wp\/v2\/media?parent=9496"}],"curies":[{"name":"wp","href":"https:\/\/api.w.org\/{rel}","templated":true}]}}