{"id":9484,"date":"2024-06-13T12:28:57","date_gmt":"2024-06-13T10:28:57","guid":{"rendered":"https:\/\/www.dehub.netgear.com\/de\/hub\/?page_id=9484"},"modified":"2025-09-04T14:31:02","modified_gmt":"2025-09-04T12:31:02","slug":"die-innovative-ip-broadcast-losung-von-emg","status":"publish","type":"page","link":"https:\/\/dehub.netgear.com\/de\/hub\/business\/case-studies\/av-case-studies\/die-innovative-ip-broadcast-losung-von-emg\/","title":{"rendered":"Die innovative IP-Broadcast-L\u00f6sung von EMG"},"content":{"rendered":"    <div class=\"table-of-content bg-gray\">\n        <p><strong>IN THIS ARTICLE<\/strong><\/p>\n        <ul>\n                        <li><a href=\"#topic2\">EINF\u00dcHRUNG<\/a><\/li>\n                        <li><a href=\"#topic3\"> DAS IST EMG WORLDWIDE<\/a><\/li>\n                        <li><a href=\"#topic4\">DIE HERAUSFORDERUNG<\/a><\/li>\n                        <li><a href=\"#topic5\">L\u00d6SUNG<\/a><\/li>\n                        <li><a href=\"#topic6\">ERGEBNISSE<\/a><\/li>\n                    <\/ul>\n    <\/div>\n        <div id=\"topic1\" class=\"skip-item\">\n                        <p>So unterst\u00fctzen NETGEAR Pro AV Switches die innovative IP-Broadcast-L\u00f6sung von EMG, um Zuschauer weltweit zu fesseln<\/p>\n<div style=\"background-color: #eeeeee;padding: 20px;width: 33%;float: right\">\n<p><strong>Firmenname: <\/strong><br \/>\nEMG<\/p>\n<p><strong>Branche:<\/strong><br \/>\nFernsehen<\/p>\n<p><strong>Website des Unternehmens:<\/strong><br \/>\n<a href=\"https:\/\/www.euromediagroup.com\/home\">euromediagroup.com<\/a><\/p>\n<p><strong>Geographische Region:<\/strong><br \/>\nHilversum, Niederlande<br \/>\n<button style=\"font-size: 18px\"><strong>Laden Sie diese Case Study herunter<\/strong><\/button><\/p>\n<\/div>\n    <\/div>\n        <div id=\"topic2\" class=\"skip-item\">\n                        <h2>EINF\u00dcHRUNG<\/h2>\n                <p>Hinter den Kulissen einiger der gr\u00f6\u00dften internationalen Events und Sportereignisse steht EMG, als f\u00fchrender Anbieter von Rundfunk- und Audio-Video-Diensten. Mit der bahnbrechenden IP-basierten L\u00f6sung von EMG erhalten Rundfunkkunden beispiellose Skalierbarkeit, Flexibilit\u00e4t und Effizienz, sodass sie ihren Zuschauern ein spannendes Fernseherlebnis bieten k\u00f6nnen. Die M4300 Pro AV Netzwerk-Switches von NETGEAR spielen eine wichtige Rolle bei der Unterst\u00fctzung dieser bahnbrechenden IP-Technologie f\u00fcr hervorragende \u00dcbertragungen.<\/p>\n    <\/div>\n        <div id=\"topic3\" class=\"skip-item\">\n                        <h2> DAS IST EMG WORLDWIDE<\/h2>\n                <div style=\"background-color: #ffffff;padding: 20px;width: 33%;float: left\">\n<p><img loading=\"lazy\" decoding=\"async\" class=\"alignnone wp-image-11166\" src=\"https:\/\/www.dehub.netgear.com\/hub\/wp-content\/uploads\/2024\/03\/Fully-Managed-Switches-214x300.jpeg\" alt=\"NETGEAR PoE Switches\" width=\"188\" height=\"2666\" \/><\/p>\n<\/div>\n<p>Seit \u00fcber 30 Jahren stellt EMG Technologie f\u00fcr Veranstaltungen wie die Tour de France, den Ryder Cup, die FIFA Fu\u00dfball-Weltmeisterschaft, Formel 1, den Eurovision Song Contest, die MTV Awards, die BAFTA Awards, Veranstaltungen von K\u00f6nigsh\u00e4usern, The Voice, MasterChef und X-Faktor bereit. EMG hat Vertretungen in 10 L\u00e4ndern und bietet eine zentrale Anlaufstelle f\u00fcr jede Art von Produktion, mit einer vielf\u00e4ltigen Palette an Studios und einer der gr\u00f6\u00dften Flotten von mobilen LKWs in Europa. Das preisgekr\u00f6nte Team sucht kontinuierlich nach innovativen M\u00f6glichkeiten f\u00fcr Kundenangebote, einschlie\u00dflich der Einbindung neuester technologischer Verbesserungen.<\/p>\n<p>Im Jahr 2017 entwickelte EMG beispielsweise ein neues IP-Broadcast-Konzept namens diPloy: Ein redundanter IP-Workflow, der Audio-, Video-, Kommunikations-, \u00dcberwachungs- und Steuerungsdaten b\u00fcndelt und nur ein integriertes Mesh-Netzwerk verwendet, das auf einer Vielzahl von AV-over-IP-Standards basiert. Dutzende von OB-Einheiten wurden in Module unterteilt, die jeweils ihre eigene Funktion haben, z. B. Audio, Kommunikation oder Wiedergabe.<\/p>\n<p>Die Vorteile sind vielf\u00e4ltig, darunter Zukunftssicherheit durch Unterst\u00fctzung moderner Formate wie 1080p, UHD und HDR, eine wesentlich leichtere Einrichtung, vereinfachte Konnektivit\u00e4t sowie beispiellose Skalierbarkeit und Flexibilit\u00e4t. Module k\u00f6nnen nach Bedarf hinzugef\u00fcgt oder ersetzt werden, und ihre Auswahl kann an die spezifischen Anforderungen jeder Veranstaltung angepasst werden. Sie k\u00f6nnen von \u00fcberall aus verbunden werden, in einem mobilen OB-LKW, ebenso wie in einer Kabine oder einem station\u00e4ren Regieraum.<\/p>\n<p>\u201eWir k\u00f6nnen ganz einfach Module wechseln, ohne einen OB-LKW oder eine andere Rundfunkinfrastruktur neu einrichten zu m\u00fcssen\u201c, erkl\u00e4rt Paul van den Heuvel, CTO f\u00fcr EMG Niederlande. \u201eUnd anstatt OB-LKW in die ganze Welt zu schicken, k\u00f6nnen wir die Ger\u00e4te einfach per Luftfracht dorthin senden, wo sie ben\u00f6tigt werden.\u201c Dies unterst\u00fctzt auch die Nachhaltigkeitsziele von EMG. Da alles IP-basiert ist, k\u00f6nnen Broadcast-Teammitglieder auch \u00fcber Remoteverbindung teilnehmen, ohne vor Ort sein zu m\u00fcssen.<\/p>\n<p>Eine weitere \u00dcberlegung beim Design von diPloy war, dass die neue Technologie unsichtbar und dabei mindestens so zuverl\u00e4ssig sein sollte wie eine SDI-Umgebung, und so unaufdringlich wie m\u00f6glich eingebunden wird. \u201eDie Creatives, wie Regisseure und Kameraleute, sollten nicht erkennen k\u00f6nnen, ob das System SDI- oder IP-basiert ist: Es sollte einfach funktionieren\u201c, erkl\u00e4rt Paul.<\/p>\n<p><img loading=\"lazy\" decoding=\"async\" class=\"alignnone wp-image-11171 size-medium\" src=\"https:\/\/www.dehub.netgear.com\/hub\/wp-content\/uploads\/2024\/03\/EMG-banner-page-2-300x81.jpg\" alt=\"WiFi Server\" width=\"300\" height=\"81\" \/><\/p>\n    <\/div>\n        <div id=\"topic4\" class=\"skip-item\">\n                        <h2>DIE HERAUSFORDERUNG<\/h2>\n                <p>Ein Beispiel daf\u00fcr ist die Wahl der Netzwerk-Switches, die alle verschiedenen Ger\u00e4te und Teammitglieder miteinander verbinden. In IP-basierten Broadcast-Umgebungen, insbesondere bei Live-Veranstaltungen, muss das Netzwerk-Switch-Backbone den reibungslosen Betrieb gew\u00e4hrleisten, einschlie\u00dflich einer nahtlosen Bereitstellung von Ton und Bild f\u00fcr die Zuschauer. Switches m\u00fcssen auch den speziellen Anforderungen des AV entsprechen.<\/p>\n<p>Anfangs w\u00e4hlte EMG gro\u00dfe Switches von einem bekannten Anbieter, die jedoch einige Einschr\u00e4nkungen f\u00fcr diesen speziellen Einsatzbereich hatten, nicht zuletzt durch ihren hohen Platzbedarf. \u201eWie Sie sich vorstellen k\u00f6nnen, ist ein OB-LKW oder eine Kabine eine ziemlich kompakte Umgebung\u201c, erkl\u00e4rt Harm van Houten, IT Architect, EMG, der auch eng an der Entwicklung und Einf\u00fchrung von diPloy beteiligt war.<\/p>\n<p>\u201eAu\u00dferdem haben die Switches Brummger\u00e4usche erzeugt. Wir mussten also ein kleineres und leiseres Produkt f\u00fcr dieses Projekt finden, und wir wollten eines mit Management-Funktion.\u201c Im Vergleich zu ihren nicht verwalteten Pendants bieten Managed Switches eine bessere Kontrolle, Transparenz und Anpassung der Daten\u00fcbertragung im Netzwerk.<\/p>\n<p>Das Team f\u00fchrte umfangreiche Recherchen durch und ermittelte schlie\u00dflich die M4300-Serie von NETGEAR als im Funktionsvergleich mit anderen potenziellen Kandidaten bestes Angebot. Da das Team von EMG jedoch nicht mit den Pro AV-Ger\u00e4ten von NETGEAR vertraut war, stand es der Sache anfangs ein wenig skeptisch gegen\u00fcber, aber wie Harm sagt: \u201eDie Switches waren nicht besonders teuer, also haben wir erstmal ein paar bestellt, um die Funktionsweise kennenzulernen, und waren angenehm \u00fcberrascht von den Ergebnissen.\u201c<\/p>\n    <\/div>\n        <div id=\"topic5\" class=\"skip-item\">\n                        <h2>L\u00d6SUNG<\/h2>\n                <p>Die Netzwerkswitches der Serie M4300 sind Teil der NETGEAR AV-Serie und wurden speziell f\u00fcr Pro AV-Nutzer entwickelt, weshalb sie beispielsweise alle wichtigen AV-Protokolle und \u2011Standards unterst\u00fctzen. Sie k\u00f6nnen sofort installiert werden und sind zudem hochgradig anpassbar. Ein schlankes Geh\u00e4use zeigt Statusinformationen auf der Vorderseite an, und alle Anschl\u00fcsse sind auf der R\u00fcckseite verborgen (umgekehrte Racks und mehrere andere Montageoptionen sind jedoch m\u00f6glich).<\/p>\n<p>F\u00fcr EMG haben sich die Flexibilit\u00e4t und die hohe Dichte der Switch-Ports als gro\u00dfer Vorteil erwiesen. \u201eWir haben acht Ethernet-Ports und acht Glasfaser-Ports, was uns viele Optionen bietet. Au\u00dferdem k\u00f6nnen wir die meisten erforderlichen Aufgaben auf einem einzigen Switch erledigen, daher ist dies eine wirklich konvergente L\u00f6sung f\u00fcr uns\u201c, so Harm.<\/p>\n<p>Paul erg\u00e4nzt: \u201eDie NETGEAR Switches bieten im Vergleich zu gr\u00f6\u00dferen Switches die volle Funktionalit\u00e4t und Leistung, die wir ben\u00f6tigen, in einem kompakten Design, das uns eine effizientere Raumnutzung erm\u00f6glicht. Denn Platz ist beim Rundfunk immer knapp, insbesondere in einem LKW.\u201c Dar\u00fcber hinaus hat die Serie M4300 die entscheidende Anforderung erf\u00fcllt, leise zu arbeiten.<\/p>\n    <\/div>\n        <div id=\"topic6\" class=\"skip-item\">\n                        <h2>ERGEBNISSE<\/h2>\n                <p>Seit der Implementierung sind Hunderte von NETGEAR Switches als robuste, zuverl\u00e4ssige L\u00f6sung bei diPloy im Einsatz. Dabei ist das Wissen um den immer verf\u00fcgbaren NETGEAR Pro AV Support f\u00fcr EMG von entscheidender Bedeutung. Dazu Paul: \u201eDie Tatsache, dass wir den technischen Support von NETGEAR kaum in Anspruch nehmen m\u00fcssen, zeigt jedoch die Zuverl\u00e4ssigkeit der Switches.\u201c<\/p>\n<p>\u201eAndererseits ist es wichtig, dass wir beim Produktdesign eng mit NETGEAR zusammenarbeiten.\u201c In der Praxis bedeutete dies, dass EMG einen wichtigen Beitrag zur Entwicklung der Pro AV-Linie geleistet hat und Vorschl\u00e4ge f\u00fcr Verbesserungen unterbreitete, die anderen Anwendern weltweit zugutekommen.<\/p>\n<p>Heute wird die innovative Bereitstellungsstrategie von EMG immer st\u00e4rker und unterst\u00fctzt noch mehr Kundenveranstaltungen auf der ganzen Welt, ausgehend von der hervorragenden Markterfahrung und dem internen Fachwissen des Unternehmens. Das Team ruht sich jedoch nicht auf seinen Lorbeeren aus. Dazu Paul: \u201eWir sind noch nicht fertig \u2013 wir versuchen st\u00e4ndig, die Grenzen des Systems auszuweiten.\u201c Abschlie\u00dfend bemerkt Harm: \u201eDie Switches spielen in dieser Umgebung eine wichtige Rolle: NETGEAR hatte die L\u00f6sung, die wir brauchten, und jetzt verwenden wir Hunderte der M4300s.\u201c<\/p>\n    <\/div>\n        <div id=\"topic7\" class=\"skip-item\">\n                        <div style=\"background-color: #eeeeee;padding: 20px;width: 100%\">\n<p><strong>Weitere Informationen zu den NETGEAR AV-Switches<\/strong><br \/>\n<button style=\"font-size: 18px\"><a href=\"https:\/\/www.dehub.netgear.com\/de\/business\/solutions\/av-over-ip\/\"><strong>Klicken Sie hier<\/strong><\/a><\/button><\/p>\n<\/div>\n    <\/div>\n        <div id=\"topic8\" class=\"skip-item\">\n                            <\/div>\n    \n","protected":false},"excerpt":{"rendered":"","protected":false},"author":84,"featured_media":10490,"parent":10321,"menu_order":1,"comment_status":"closed","ping_status":"closed","template":"templates\/blog-wifi.php","meta":{"_acf_changed":false,"footnotes":""},"class_list":["post-9484","page","type-page","status-publish","has-post-thumbnail","hentry"],"acf":[],"yoast_head":"<!-- This site is optimized with the Yoast SEO plugin v27.4 - https:\/\/yoast.com\/product\/yoast-seo-wordpress\/ -->\n<title>Die innovative IP-Broadcast-L\u00f6sung von EMG - NETGEAR Hub<\/title>\n<meta name=\"description\" content=\"EMG&#039;s innovative IP broadcast solution offers flexibility and scalability for modern broadcasting needs. For more information, visit NETGEAR online.\" \/>\n<meta name=\"robots\" content=\"index, follow, max-snippet:-1, max-image-preview:large, max-video-preview:-1\" \/>\n<link rel=\"canonical\" href=\"https:\/\/dehub.netgear.com\/de\/hub\/business\/case-studies\/av-case-studies\/die-innovative-ip-broadcast-losung-von-emg\/\" \/>\n<meta property=\"og:locale\" content=\"de_DE\" \/>\n<meta property=\"og:type\" content=\"article\" \/>\n<meta property=\"og:title\" content=\"Die innovative IP-Broadcast-L\u00f6sung von EMG - NETGEAR Hub\" \/>\n<meta property=\"og:description\" content=\"EMG&#039;s innovative IP broadcast solution offers flexibility and scalability for modern broadcasting needs. For more information, visit NETGEAR online.\" \/>\n<meta property=\"og:url\" content=\"https:\/\/dehub.netgear.com\/de\/hub\/business\/case-studies\/av-case-studies\/die-innovative-ip-broadcast-losung-von-emg\/\" \/>\n<meta property=\"og:site_name\" content=\"NETGEAR Hub\" \/>\n<meta property=\"article:publisher\" content=\"https:\/\/www.facebook.com\/NetgearAU\/\" \/>\n<meta property=\"article:modified_time\" content=\"2025-09-04T12:31:02+00:00\" \/>\n<meta property=\"og:image\" content=\"https:\/\/dehub.netgear.com\/de\/hub\/wp-content\/uploads\/2025\/09\/Vignette-EMGv2.webp\" \/>\n\t<meta property=\"og:image:width\" content=\"383\" \/>\n\t<meta property=\"og:image:height\" content=\"288\" \/>\n\t<meta property=\"og:image:type\" content=\"image\/webp\" \/>\n<meta name=\"twitter:card\" content=\"summary_large_image\" \/>\n<meta name=\"twitter:site\" content=\"@NETGEAR\" \/>\n<script type=\"application\/ld+json\" class=\"yoast-schema-graph\">{\"@context\":\"https:\\\/\\\/schema.org\",\"@graph\":[{\"@type\":\"WebPage\",\"@id\":\"https:\\\/\\\/dehub.netgear.com\\\/de\\\/hub\\\/business\\\/case-studies\\\/av-case-studies\\\/die-innovative-ip-broadcast-losung-von-emg\\\/\",\"url\":\"https:\\\/\\\/dehub.netgear.com\\\/de\\\/hub\\\/business\\\/case-studies\\\/av-case-studies\\\/die-innovative-ip-broadcast-losung-von-emg\\\/\",\"name\":\"Die innovative IP-Broadcast-L\u00f6sung von EMG - NETGEAR Hub\",\"isPartOf\":{\"@id\":\"https:\\\/\\\/dehub.netgear.com\\\/de\\\/hub\\\/#website\"},\"primaryImageOfPage\":{\"@id\":\"https:\\\/\\\/dehub.netgear.com\\\/de\\\/hub\\\/business\\\/case-studies\\\/av-case-studies\\\/die-innovative-ip-broadcast-losung-von-emg\\\/#primaryimage\"},\"image\":{\"@id\":\"https:\\\/\\\/dehub.netgear.com\\\/de\\\/hub\\\/business\\\/case-studies\\\/av-case-studies\\\/die-innovative-ip-broadcast-losung-von-emg\\\/#primaryimage\"},\"thumbnailUrl\":\"https:\\\/\\\/dehub.netgear.com\\\/de\\\/hub\\\/wp-content\\\/uploads\\\/2025\\\/09\\\/Vignette-EMGv2.webp\",\"datePublished\":\"2024-06-13T10:28:57+00:00\",\"dateModified\":\"2025-09-04T12:31:02+00:00\",\"description\":\"EMG's innovative IP broadcast solution offers flexibility and scalability for modern broadcasting needs. For more information, visit NETGEAR online.\",\"breadcrumb\":{\"@id\":\"https:\\\/\\\/dehub.netgear.com\\\/de\\\/hub\\\/business\\\/case-studies\\\/av-case-studies\\\/die-innovative-ip-broadcast-losung-von-emg\\\/#breadcrumb\"},\"inLanguage\":\"de\",\"potentialAction\":[{\"@type\":\"ReadAction\",\"target\":[\"https:\\\/\\\/dehub.netgear.com\\\/de\\\/hub\\\/business\\\/case-studies\\\/av-case-studies\\\/die-innovative-ip-broadcast-losung-von-emg\\\/\"]}]},{\"@type\":\"ImageObject\",\"inLanguage\":\"de\",\"@id\":\"https:\\\/\\\/dehub.netgear.com\\\/de\\\/hub\\\/business\\\/case-studies\\\/av-case-studies\\\/die-innovative-ip-broadcast-losung-von-emg\\\/#primaryimage\",\"url\":\"https:\\\/\\\/dehub.netgear.com\\\/de\\\/hub\\\/wp-content\\\/uploads\\\/2025\\\/09\\\/Vignette-EMGv2.webp\",\"contentUrl\":\"https:\\\/\\\/dehub.netgear.com\\\/de\\\/hub\\\/wp-content\\\/uploads\\\/2025\\\/09\\\/Vignette-EMGv2.webp\",\"width\":383,\"height\":288},{\"@type\":\"BreadcrumbList\",\"@id\":\"https:\\\/\\\/dehub.netgear.com\\\/de\\\/hub\\\/business\\\/case-studies\\\/av-case-studies\\\/die-innovative-ip-broadcast-losung-von-emg\\\/#breadcrumb\",\"itemListElement\":[{\"@type\":\"ListItem\",\"position\":1,\"name\":\"Home\",\"item\":\"https:\\\/\\\/dehub.netgear.com\\\/de\\\/hub\\\/\"},{\"@type\":\"ListItem\",\"position\":2,\"name\":\"Business Articles Hub\",\"item\":\"https:\\\/\\\/dehub.netgear.com\\\/de\\\/hub\\\/business\\\/\"},{\"@type\":\"ListItem\",\"position\":3,\"name\":\"All Case Studies &#8211; DE\",\"item\":\"https:\\\/\\\/dehub.netgear.com\\\/de\\\/hub\\\/business\\\/case-studies\\\/\"},{\"@type\":\"ListItem\",\"position\":4,\"name\":\"AV Case Studies &#8211; DE\",\"item\":\"https:\\\/\\\/dehub.netgear.com\\\/de\\\/hub\\\/business\\\/case-studies\\\/av-case-studies\\\/\"},{\"@type\":\"ListItem\",\"position\":5,\"name\":\"Die innovative IP-Broadcast-L\u00f6sung von EMG\"}]},{\"@type\":\"WebSite\",\"@id\":\"https:\\\/\\\/dehub.netgear.com\\\/de\\\/hub\\\/#website\",\"url\":\"https:\\\/\\\/dehub.netgear.com\\\/de\\\/hub\\\/\",\"name\":\"NETGEAR\",\"description\":\"Erkunden Sie unsere Hub-Seiten und st\u00f6bern Sie in Artikeln, um mehr \u00fcber NETGEAR Produkte und Technologien zu erfahren.\",\"publisher\":{\"@id\":\"https:\\\/\\\/dehub.netgear.com\\\/de\\\/hub\\\/#organization\"},\"potentialAction\":[{\"@type\":\"SearchAction\",\"target\":{\"@type\":\"EntryPoint\",\"urlTemplate\":\"https:\\\/\\\/dehub.netgear.com\\\/de\\\/hub\\\/?s={search_term_string}\"},\"query-input\":{\"@type\":\"PropertyValueSpecification\",\"valueRequired\":true,\"valueName\":\"search_term_string\"}}],\"inLanguage\":\"de\"},{\"@type\":\"Organization\",\"@id\":\"https:\\\/\\\/dehub.netgear.com\\\/de\\\/hub\\\/#organization\",\"name\":\"NETGEAR\",\"url\":\"https:\\\/\\\/dehub.netgear.com\\\/de\\\/hub\\\/\",\"logo\":{\"@type\":\"ImageObject\",\"inLanguage\":\"de\",\"@id\":\"https:\\\/\\\/dehub.netgear.com\\\/de\\\/hub\\\/#\\\/schema\\\/logo\\\/image\\\/\",\"url\":\"https:\\\/\\\/www.dehub.netgear.com\\\/de\\\/hub\\\/wp-content\\\/uploads\\\/2019\\\/07\\\/NETGEAR_logo.jpg\",\"contentUrl\":\"https:\\\/\\\/www.dehub.netgear.com\\\/de\\\/hub\\\/wp-content\\\/uploads\\\/2019\\\/07\\\/NETGEAR_logo.jpg\",\"width\":1500,\"height\":501,\"caption\":\"NETGEAR\"},\"image\":{\"@id\":\"https:\\\/\\\/dehub.netgear.com\\\/de\\\/hub\\\/#\\\/schema\\\/logo\\\/image\\\/\"},\"sameAs\":[\"https:\\\/\\\/www.facebook.com\\\/NetgearAU\\\/\",\"https:\\\/\\\/x.com\\\/NETGEAR\",\"https:\\\/\\\/www.linkedin.com\\\/company\\\/netgear\"]}]}<\/script>\n<!-- \/ Yoast SEO plugin. -->","yoast_head_json":{"title":"Die innovative IP-Broadcast-L\u00f6sung von EMG - NETGEAR Hub","description":"EMG's innovative IP broadcast solution offers flexibility and scalability for modern broadcasting needs. For more information, visit NETGEAR online.","robots":{"index":"index","follow":"follow","max-snippet":"max-snippet:-1","max-image-preview":"max-image-preview:large","max-video-preview":"max-video-preview:-1"},"canonical":"https:\/\/dehub.netgear.com\/de\/hub\/business\/case-studies\/av-case-studies\/die-innovative-ip-broadcast-losung-von-emg\/","og_locale":"de_DE","og_type":"article","og_title":"Die innovative IP-Broadcast-L\u00f6sung von EMG - NETGEAR Hub","og_description":"EMG's innovative IP broadcast solution offers flexibility and scalability for modern broadcasting needs. For more information, visit NETGEAR online.","og_url":"https:\/\/dehub.netgear.com\/de\/hub\/business\/case-studies\/av-case-studies\/die-innovative-ip-broadcast-losung-von-emg\/","og_site_name":"NETGEAR Hub","article_publisher":"https:\/\/www.facebook.com\/NetgearAU\/","article_modified_time":"2025-09-04T12:31:02+00:00","og_image":[{"width":383,"height":288,"url":"https:\/\/dehub.netgear.com\/de\/hub\/wp-content\/uploads\/2025\/09\/Vignette-EMGv2.webp","type":"image\/webp"}],"twitter_card":"summary_large_image","twitter_site":"@NETGEAR","schema":{"@context":"https:\/\/schema.org","@graph":[{"@type":"WebPage","@id":"https:\/\/dehub.netgear.com\/de\/hub\/business\/case-studies\/av-case-studies\/die-innovative-ip-broadcast-losung-von-emg\/","url":"https:\/\/dehub.netgear.com\/de\/hub\/business\/case-studies\/av-case-studies\/die-innovative-ip-broadcast-losung-von-emg\/","name":"Die innovative IP-Broadcast-L\u00f6sung von EMG - NETGEAR Hub","isPartOf":{"@id":"https:\/\/dehub.netgear.com\/de\/hub\/#website"},"primaryImageOfPage":{"@id":"https:\/\/dehub.netgear.com\/de\/hub\/business\/case-studies\/av-case-studies\/die-innovative-ip-broadcast-losung-von-emg\/#primaryimage"},"image":{"@id":"https:\/\/dehub.netgear.com\/de\/hub\/business\/case-studies\/av-case-studies\/die-innovative-ip-broadcast-losung-von-emg\/#primaryimage"},"thumbnailUrl":"https:\/\/dehub.netgear.com\/de\/hub\/wp-content\/uploads\/2025\/09\/Vignette-EMGv2.webp","datePublished":"2024-06-13T10:28:57+00:00","dateModified":"2025-09-04T12:31:02+00:00","description":"EMG's innovative IP broadcast solution offers flexibility and scalability for modern broadcasting needs. For more information, visit NETGEAR online.","breadcrumb":{"@id":"https:\/\/dehub.netgear.com\/de\/hub\/business\/case-studies\/av-case-studies\/die-innovative-ip-broadcast-losung-von-emg\/#breadcrumb"},"inLanguage":"de","potentialAction":[{"@type":"ReadAction","target":["https:\/\/dehub.netgear.com\/de\/hub\/business\/case-studies\/av-case-studies\/die-innovative-ip-broadcast-losung-von-emg\/"]}]},{"@type":"ImageObject","inLanguage":"de","@id":"https:\/\/dehub.netgear.com\/de\/hub\/business\/case-studies\/av-case-studies\/die-innovative-ip-broadcast-losung-von-emg\/#primaryimage","url":"https:\/\/dehub.netgear.com\/de\/hub\/wp-content\/uploads\/2025\/09\/Vignette-EMGv2.webp","contentUrl":"https:\/\/dehub.netgear.com\/de\/hub\/wp-content\/uploads\/2025\/09\/Vignette-EMGv2.webp","width":383,"height":288},{"@type":"BreadcrumbList","@id":"https:\/\/dehub.netgear.com\/de\/hub\/business\/case-studies\/av-case-studies\/die-innovative-ip-broadcast-losung-von-emg\/#breadcrumb","itemListElement":[{"@type":"ListItem","position":1,"name":"Home","item":"https:\/\/dehub.netgear.com\/de\/hub\/"},{"@type":"ListItem","position":2,"name":"Business Articles Hub","item":"https:\/\/dehub.netgear.com\/de\/hub\/business\/"},{"@type":"ListItem","position":3,"name":"All Case Studies &#8211; DE","item":"https:\/\/dehub.netgear.com\/de\/hub\/business\/case-studies\/"},{"@type":"ListItem","position":4,"name":"AV Case Studies &#8211; DE","item":"https:\/\/dehub.netgear.com\/de\/hub\/business\/case-studies\/av-case-studies\/"},{"@type":"ListItem","position":5,"name":"Die innovative IP-Broadcast-L\u00f6sung von EMG"}]},{"@type":"WebSite","@id":"https:\/\/dehub.netgear.com\/de\/hub\/#website","url":"https:\/\/dehub.netgear.com\/de\/hub\/","name":"NETGEAR","description":"Erkunden Sie unsere Hub-Seiten und st\u00f6bern Sie in Artikeln, um mehr \u00fcber NETGEAR Produkte und Technologien zu erfahren.","publisher":{"@id":"https:\/\/dehub.netgear.com\/de\/hub\/#organization"},"potentialAction":[{"@type":"SearchAction","target":{"@type":"EntryPoint","urlTemplate":"https:\/\/dehub.netgear.com\/de\/hub\/?s={search_term_string}"},"query-input":{"@type":"PropertyValueSpecification","valueRequired":true,"valueName":"search_term_string"}}],"inLanguage":"de"},{"@type":"Organization","@id":"https:\/\/dehub.netgear.com\/de\/hub\/#organization","name":"NETGEAR","url":"https:\/\/dehub.netgear.com\/de\/hub\/","logo":{"@type":"ImageObject","inLanguage":"de","@id":"https:\/\/dehub.netgear.com\/de\/hub\/#\/schema\/logo\/image\/","url":"https:\/\/www.dehub.netgear.com\/de\/hub\/wp-content\/uploads\/2019\/07\/NETGEAR_logo.jpg","contentUrl":"https:\/\/www.dehub.netgear.com\/de\/hub\/wp-content\/uploads\/2019\/07\/NETGEAR_logo.jpg","width":1500,"height":501,"caption":"NETGEAR"},"image":{"@id":"https:\/\/dehub.netgear.com\/de\/hub\/#\/schema\/logo\/image\/"},"sameAs":["https:\/\/www.facebook.com\/NetgearAU\/","https:\/\/x.com\/NETGEAR","https:\/\/www.linkedin.com\/company\/netgear"]}]}},"_links":{"self":[{"href":"https:\/\/dehub.netgear.com\/de\/hub\/wp-json\/wp\/v2\/pages\/9484","targetHints":{"allow":["GET"]}}],"collection":[{"href":"https:\/\/dehub.netgear.com\/de\/hub\/wp-json\/wp\/v2\/pages"}],"about":[{"href":"https:\/\/dehub.netgear.com\/de\/hub\/wp-json\/wp\/v2\/types\/page"}],"author":[{"embeddable":true,"href":"https:\/\/dehub.netgear.com\/de\/hub\/wp-json\/wp\/v2\/users\/84"}],"replies":[{"embeddable":true,"href":"https:\/\/dehub.netgear.com\/de\/hub\/wp-json\/wp\/v2\/comments?post=9484"}],"version-history":[{"count":9,"href":"https:\/\/dehub.netgear.com\/de\/hub\/wp-json\/wp\/v2\/pages\/9484\/revisions"}],"predecessor-version":[{"id":10051,"href":"https:\/\/dehub.netgear.com\/de\/hub\/wp-json\/wp\/v2\/pages\/9484\/revisions\/10051"}],"up":[{"embeddable":true,"href":"https:\/\/dehub.netgear.com\/de\/hub\/wp-json\/wp\/v2\/pages\/10321"}],"wp:featuredmedia":[{"embeddable":true,"href":"https:\/\/dehub.netgear.com\/de\/hub\/wp-json\/wp\/v2\/media\/10490"}],"wp:attachment":[{"href":"https:\/\/dehub.netgear.com\/de\/hub\/wp-json\/wp\/v2\/media?parent=9484"}],"curies":[{"name":"wp","href":"https:\/\/api.w.org\/{rel}","templated":true}]}}