{"id":9312,"date":"2024-02-19T08:23:04","date_gmt":"2024-02-19T07:23:04","guid":{"rendered":"https:\/\/www.dehub.netgear.com\/de\/hub\/?page_id=9312"},"modified":"2024-11-18T07:01:00","modified_gmt":"2024-11-18T06:01:00","slug":"orbi-970-wifi-7","status":"publish","type":"page","link":"https:\/\/dehub.netgear.com\/de\/hub\/wifi\/mesh\/orbi-970-wifi-7\/","title":{"rendered":"Die Orbi 970 Serie von NETGEAR: Deutlich besseres WiFi 7"},"content":{"rendered":"    <div class=\"table-of-content bg-gray\">\n        <p><strong>IN THIS ARTICLE<\/strong><\/p>\n        <ul>\n                        <li><a href=\"#topic1\">Orbi 970 Serie: Der erste WiFi 7 Orbi<\/a><\/li>\n                        <li><a href=\"#topic2\">Entfesseln Sie maximale Geschwindigkeiten mit dem erweiterten dedizierten Backhaul<\/a><\/li>\n                        <li><a href=\"#topic3\">10 Gbit\/s Internet- und Ethernet-LAN-Ports f\u00fcr ultimative Konnektivit\u00e4t<\/a><\/li>\n                        <li><a href=\"#topic4\">Abdeckung f\u00fcr das ganze Haus mit 360\u00b0 Reichweite<\/a><\/li>\n                        <li><a href=\"#topic5\">Sch\u00fctzen Sie Ihr Heim-WLAN<\/a><\/li>\n                        <li><a href=\"#topic6\">Erleben Sie echtes Multi-Gig WiFi 7 Mesh<\/a><\/li>\n                        <li><a href=\"#topic7\">WLAN, das mit Ihren Ger\u00e4ten Schritt h\u00e4lt<\/a><\/li>\n                        <li><a href=\"#topic8\">Orbi 970 \u2013 Technische Daten:<\/a><\/li>\n                        <li><a href=\"#topic9\">Video: Orbi 970 Serie<\/a><\/li>\n                        <li><a href=\"#topic10\">Seien Sie der erste mit einem WiFi 7 Upgrade<\/a><\/li>\n                    <\/ul>\n    <\/div>\n        <div id=\"topic1\" class=\"skip-item\">\n                        <h2>Orbi 970 Serie: Der erste WiFi 7 Orbi<\/h2>\n                <p>Mit Geschwindigkeiten von bis zu 27 Gbit\/s, erweitertem dediziertem Backhaul und 360\u00b0 Abdeckung bietet die <strong><a href=\"https:\/\/www.dehub.netgear.com\/de\/home\/wifi\/mesh\/rbe973sb\/\"> Orbi 970 Serie die au\u00dfergew\u00f6hnliche Leistung von WiFi 7<\/a><\/strong> in jeder Ecke Ihres Zuhauses.<\/p>\n<p><img loading=\"lazy\" decoding=\"async\" class=\"alignright size-large wp-image-9148\" src=\"https:\/\/www.dehub.netgear.com\/hub\/wp-content\/uploads\/2023\/09\/CMS_Banner-Orbi_RBE973_navy-1024x353.jpg\" alt=\"\" width=\"1024\" height=\"353\" \/><\/p>\n<p>&nbsp;<\/p>\n<div style=\"background-color: #f2f2f2;padding: 10px\"><em><strong>Was ist WiFi 7?<\/strong><br \/>\n<\/em><img loading=\"lazy\" decoding=\"async\" class=\"wp-image-9161 size-medium alignright\" src=\"https:\/\/www.dehub.netgear.com\/hub\/wp-content\/uploads\/2023\/09\/wifi-7-pretty-300x119.jpg\" alt=\"\" width=\"300\" height=\"119\" \/><em>WiFi 7 ist die neueste Generation von WLAN-Technologie, die f\u00fcr h\u00f6here Geschwindigkeiten, geringere Latenzzeiten und h\u00f6here Kapazit\u00e4ten entwickelt wurde. Es ist der n\u00e4chste Schritt in der Entwicklung von WLAN f\u00fcr unvergleichliche Leistung zu Hause. Genie\u00dfen Sie nahtloses Streaming, unterbrechungsfreie Zoom-Anrufe, ruckelfreies Gaming und zuverl\u00e4ssige Konnektivit\u00e4t f\u00fcr all Ihre Ger\u00e4te.<\/em><\/div>\n<p><!--StartAdSpot 970--><a href=\"https:\/\/www.dehub.netgear.com\/de\/home\/wifi\/mesh\/rbe973sb\/\"><img loading=\"lazy\" decoding=\"async\" class=\"aligncenter size-full wp-image-10374\" src=\"https:\/\/www.dehub.netgear.com\/hub\/wp-content\/uploads\/2023\/12\/970-ad-spot.jpg\" alt=\"\" width=\"728\" height=\"90\" \/><\/a><!--EndAdSpot 970--><\/p>\n    <\/div>\n        <div id=\"topic2\" class=\"skip-item\">\n                        <h2>Entfesseln Sie maximale Geschwindigkeiten mit dem erweiterten dedizierten Backhaul<\/h2>\n                <p>Dank unserer patentierten Quad-Band-Technologie und erweitertem dediziertem Backhaul bleibt Ihr WLAN \u00fcber alle Ger\u00e4te hinweg schnell. Durch die Kombination eines dedizierten 5-GHz-Bandes mit einem geteilten 6-GHz-Band erreicht der Orbi 970 eine getrennte 10-Gig-WLAN-Kommunikation zwischen Router und Satelliten, wodurch die Latenzzeit reduziert und Daten mit maximaler Geschwindigkeit \u00fcbertragen werden.<\/p>\n<p><img loading=\"lazy\" decoding=\"async\" class=\"alignleft wp-image-9157 size-large\" src=\"https:\/\/www.dehub.netgear.com\/hub\/wp-content\/uploads\/2023\/09\/rbke973s_impossibly_fast_made_possible_v1_tcm148-152175-1024x394.jpg\" alt=\"\" width=\"1024\" height=\"394\" \/><\/p>\n    <\/div>\n        <div id=\"topic3\" class=\"skip-item\">\n                        <h2>10 Gbit\/s Internet- und Ethernet-LAN-Ports f\u00fcr ultimative Konnektivit\u00e4t<\/h2>\n                <div style=\"width: 100%;height: auto\">\n<p><img loading=\"lazy\" decoding=\"async\" class=\" wp-image-9156 alignleft\" src=\"https:\/\/www.dehub.netgear.com\/hub\/wp-content\/uploads\/2023\/09\/rbe973s_unleash_the_power_of_10g_tcm148-152182-300x234.jpg\" alt=\"\" width=\"238\" height=\"186\" \/>Dank eines 10-Gig-Internetports, 10-Gig-Ethernet-Ports und vier (4x) 2,5-Multi-Gig-Ethernet-Ports profitieren Sie von den schnellsten Geschwindigkeiten, die heute und in Zukunft verf\u00fcgbar sind. 4K\/8K-Videos, grafikorientiertes Design und fesselndes AR\/VR-Entertainment sind mit der Orbi 970 Serie noch besser.<\/p>\n<\/div>\n    <\/div>\n        <div id=\"topic4\" class=\"skip-item\">\n                        <h2>Abdeckung f\u00fcr das ganze Haus mit 360\u00b0 Reichweite<\/h2>\n                <p>Verabschieden Sie sich von toten Zonen in Ihrem WLAN. Die Orbi 970 Serie sorgt dank 12 leistungsstarken internen Antennen und leistungsstarken Verst\u00e4rkern daf\u00fcr, dass jedes Ger\u00e4t ein starkes und zuverl\u00e4ssiges Signal von der Haust\u00fcr zum Garten erh\u00e4lt.<\/p>\n    <\/div>\n        <div id=\"topic5\" class=\"skip-item bg-gray-full\">\n                        <h2>Sch\u00fctzen Sie Ihr Heim-WLAN<\/h2>\n                <p><img loading=\"lazy\" decoding=\"async\" class=\"alignleft size-medium wp-image-9158\" src=\"https:\/\/www.dehub.netgear.com\/hub\/wp-content\/uploads\/2023\/09\/common_armor_with_icons_mobile_tcm148-153078-crop-300x116.jpg\" alt=\"\" width=\"300\" height=\"116\" \/><strong>Ihre Ger\u00e4te sind abgesichert mit NETGEAR Armor<\/strong><br \/>\nDie Orbi 970 Serie umfasst ein 1-Jahres-Abonnement von Armor mit Bitdefender. Diese All-in-One-Sicherheitsl\u00f6sung bietet einen automatischen Schutz f\u00fcr Ihre angeschlossenen Ger\u00e4te, einschlie\u00dflich Computer, Sicherheitskameras, Babyphones, IoT-Ger\u00e4te, und vieles mehr. Armor ist direkt in den Router integriert, sodass keine zus\u00e4tzlichen Sicherheitsabonnements oder Software erforderlich sind.<\/p>\n<p><strong>F\u00f6rdern Sie gesunde Online-Gewohnheiten mit NETGEAR Smart Parental Controls<\/strong><br \/>\nManagen Sie einfach die Online-Zeit Ihrer Kinder \u00fcber ihre verbundenen Ger\u00e4te hinweg, um ein sicheres und ausgewogenes online-Erlebnis zu gew\u00e4hrleisten. Die Grundfunktionen sind kostenlos verf\u00fcgbar, und Sie k\u00f6nnen nach einer 30-t\u00e4gigen Testversion f\u00fcr einen Premium-Tarif abonnieren.<\/p>\n    <\/div>\n        <div id=\"topic6\" class=\"skip-item\">\n                        <h2>Erleben Sie echtes Multi-Gig WiFi 7 Mesh<\/h2>\n                <p>Das Mesh-System der Orbi 970 Serie deckt bis zu 660 m\u00b2 (3er-Pack) ab und unterst\u00fctzt bis zu 200 Ger\u00e4te gleichzeitig, was es zur perfekten L\u00f6sung f\u00fcr gro\u00dfe H\u00e4user und Wohnungen und Familien macht. Erweitern Sie Ihre Abdeckung noch weiter, indem Sie zus\u00e4tzliche Satelliten hinzuf\u00fcgen, die jeweils mit einem 10-Gig- und zwei 2,5-Gig-Ethernet-Ports ausgestattet sind.<\/p>\n    <\/div>\n        <div id=\"topic7\" class=\"skip-item\">\n                        <h2>WLAN, das mit Ihren Ger\u00e4ten Schritt h\u00e4lt<\/h2>\n                <p>Die fortschrittliche WiFi 7-Technologie der Orbi 970 Serie wurde entwickelt, um blitzschnelle Geschwindigkeiten f\u00fcr all Ihre neuen Gadgets und Ger\u00e4te zu liefern, einschlie\u00dflich:<\/p>\n<ul>\n<li>\u200b\u200bLaptops und Smartphones wie iPhones und Android Ger\u00e4te\u200b\u200b\u200b<\/li>\n<li>4K\/8K Smart TVs und Streaming-Ger\u00e4te<\/li>\n<li>Spielekonsolen wie PlayStation 5 und Xbox Series X\/S<\/li>\n<li>Sicherheitskameras<\/li>\n<li>AR\/VR-Headsets<\/li>\n<li>Hochleistungs-Workstations und IoT-Ger\u00e4te<\/li>\n<\/ul>\n<p>Selbst Ger\u00e4te, die nicht mit WiFi 7 ausgestattet sind, k\u00f6nnen von der Orbi 970 Serie profitieren.<\/p>\n    <\/div>\n        <div id=\"topic8\" class=\"skip-item bg-gray-full\">\n                        <h2>Orbi 970 \u2013 Technische Daten:<\/h2>\n                <ul>\n<li>Bis zu 27 Gbit\/s maximale WLAN-Geschwindigkeit<\/li>\n<li>Bis zu 660 m\u00b2 Abdeckung f\u00fcr das ganze Haus (3er-Set)<\/li>\n<li><img loading=\"lazy\" decoding=\"async\" class=\"alignright wp-image-9176 size-full\" src=\"https:\/\/www.dehub.netgear.com\/hub\/wp-content\/uploads\/2023\/09\/orbi-970-single-unit-png-v2.png\" alt=\"\" width=\"115\" height=\"300\" \/>320-MHz-Kan\u00e4le mit hoher Kapazit\u00e4t f\u00fcr bis zu 2,4-fache Geschwindigkeiten<\/li>\n<li>4K QAM-Technologie f\u00fcr effiziente Bandbreitennutzung<\/li>\n<li>Pr\u00e4ambel-Puncturing f\u00fcr eine gr\u00f6\u00dfere Kanalverf\u00fcgbarkeit in Bereichen mit vielen St\u00f6rsignalen<\/li>\n<li>Multi-Link-Betrieb f\u00fcr verbesserte Netzwerkzuverl\u00e4ssigkeit und geringere Latenz<\/li>\n<li>Verbessertes dediziertes Backhaul mit 10 Gig WLAN-Geschwindigkeit zwischen Router und Satelliten<\/li>\n<li>Patentierte Quad-Band-Technologie 1x 2,4 GHz 2x 5Ghz 1x 6 GHz WLAN<\/li>\n<li>Multi-Gig-Geschwindigkeiten mit 10-Gig-Internet-Port f\u00fcr Kabel- und Glasfaservertr\u00e4ge mit bis zu 10 Gbit\/s<\/li>\n<li>10-Gig-LAN-Ports f\u00fcr kabelgebundene Hochgeschwindigkeitsverbindungen<\/li>\n<li>Schlie\u00dfen Sie bis zu 200 Ger\u00e4te an<\/li>\n<li>Fl\u00fcssiges 4K\/8K-Video-Streaming, Online-Gaming und vieles mehr<\/li>\n<li>Unterschiedliche Setgr\u00f6\u00dfen umfassen Router und Satelliten, um Ihre Abdeckungsanforderungen anzupassen<\/li>\n<\/ul>\n    <\/div>\n        <div id=\"topic9\" class=\"skip-item\">\n                        <h2>Video: Orbi 970 Serie<\/h2>\n                <p><iframe loading=\"lazy\" src=\"https:\/\/www.youtube.com\/embed\/0tQX6X803-4?si=7aZqpMAWTEzbovmc\" width=\"560\" height=\"315\" frameborder=\"0\" allowfullscreen=\"allowfullscreen\"><\/iframe><\/p>\n    <\/div>\n        <div id=\"topic10\" class=\"skip-item\">\n                        <h2>Seien Sie der erste mit einem WiFi 7 Upgrade<\/h2>\n                <p><img loading=\"lazy\" decoding=\"async\" class=\"wp-image-9231 alignright\" src=\"https:\/\/www.dehub.netgear.com\/hub\/wp-content\/uploads\/2023\/09\/orbi-rbke973sb-3-pack-black-cropped-300x300.jpg\" alt=\"\" width=\"245\" height=\"245\" \/>Die <strong>NETGEAR 970 Orbi Black Edition<\/strong> ist exklusiv unter NETGEAR.com\/de erh\u00e4ltlich. Orbi 970 ist auch in wei\u00df bei NETGEAR.com\/de und anderen gro\u00dfen Einzelh\u00e4ndlern erh\u00e4ltlich. Entfesseln Sie unvorstellbare M\u00f6glichkeiten mit dem bisher leistungsf\u00e4higsten Orbi und <strong>erleben Sie WiFi 7 in Perfektion.<\/strong>.<\/p>\n<p><strong><button style=\"font-size: 1.1em\"><a href=\"https:\/\/www.dehub.netgear.com\/de\/home\/wifi\/mesh\/rbe973sb\/\">Kaufen Sie das Orbi 970 WiFi 7 3er-Pack in Schwarz (RBE973SB)<\/a><\/button><\/strong><\/p>\n<p><button style=\"font-size: 1.1em\"><a href=\"https:\/\/www.dehub.netgear.com\/de\/home\/wifi\/mesh\/orbi\/\">Erfahren Sie mehr \u00fcber Orbi Mesh-WLAN-Systeme<\/a><\/button><\/p>\n    <\/div>\n        <div id=\"topic11\" class=\"skip-item\">\n                        <p><img loading=\"lazy\" decoding=\"async\" class=\"aligncenter size-large wp-image-9061\" src=\"https:\/\/www.dehub.netgear.com\/hub\/wp-content\/uploads\/2023\/09\/Orbi-Blog-image-Desktop-Hero-banner-1024x288.jpg\" alt=\"\" width=\"1024\" height=\"288\" \/><\/p>\n    <\/div>\n    \n","protected":false},"excerpt":{"rendered":"","protected":false},"author":68,"featured_media":9094,"parent":6707,"menu_order":0,"comment_status":"closed","ping_status":"closed","template":"templates\/blog-wifi.php","meta":{"_acf_changed":false,"footnotes":""},"class_list":["post-9312","page","type-page","status-publish","has-post-thumbnail","hentry"],"acf":[],"yoast_head":"<!-- This site is optimized with the Yoast SEO plugin v27.5 - https:\/\/yoast.com\/product\/yoast-seo-wordpress\/ -->\n<title>NETGEAR Orbi 970 WLAN 7 Mesh-System<\/title>\n<meta name=\"description\" content=\"R\u00fcsten Sie Ihr Heimnetzwerk mit dem NETGEAR Orbi 970 WiFi 7 Mesh-System auf. Erleben Sie blitzschnelle Geschwindigkeiten, extrem niedrige Latenzzeiten und eine gr\u00f6\u00dfere Abdeckung f\u00fcr all Ihre Ger\u00e4te.\" \/>\n<meta name=\"robots\" content=\"index, follow, max-snippet:-1, max-image-preview:large, max-video-preview:-1\" \/>\n<link rel=\"canonical\" href=\"https:\/\/dehub.netgear.com\/de\/hub\/wifi\/mesh\/orbi-970-wifi-7\/\" \/>\n<meta property=\"og:locale\" content=\"de_DE\" \/>\n<meta property=\"og:type\" content=\"article\" \/>\n<meta property=\"og:title\" content=\"NETGEAR Orbi 970 WLAN 7 Mesh-System\" \/>\n<meta property=\"og:description\" content=\"R\u00fcsten Sie Ihr Heimnetzwerk mit dem NETGEAR Orbi 970 WiFi 7 Mesh-System auf. Erleben Sie blitzschnelle Geschwindigkeiten, extrem niedrige Latenzzeiten und eine gr\u00f6\u00dfere Abdeckung f\u00fcr all Ihre Ger\u00e4te.\" \/>\n<meta property=\"og:url\" content=\"https:\/\/dehub.netgear.com\/de\/hub\/wifi\/mesh\/orbi-970-wifi-7\/\" \/>\n<meta property=\"og:site_name\" content=\"NETGEAR Hub\" \/>\n<meta property=\"article:publisher\" content=\"https:\/\/www.facebook.com\/NetgearAU\/\" \/>\n<meta property=\"article:modified_time\" content=\"2024-11-18T06:01:00+00:00\" \/>\n<meta property=\"og:image\" content=\"https:\/\/dehub.netgear.com\/de\/hub\/wp-content\/uploads\/2023\/09\/orbi-rbke973s_g1_779x536_hero_banner_tcm148-152127-e1694558321186.jpg\" \/>\n\t<meta property=\"og:image:width\" content=\"449\" \/>\n\t<meta property=\"og:image:height\" content=\"459\" \/>\n\t<meta property=\"og:image:type\" content=\"image\/jpeg\" \/>\n<meta name=\"twitter:card\" content=\"summary_large_image\" \/>\n<meta name=\"twitter:site\" content=\"@NETGEAR\" \/>\n<script type=\"application\/ld+json\" class=\"yoast-schema-graph\">{\"@context\":\"https:\\\/\\\/schema.org\",\"@graph\":[{\"@type\":\"WebPage\",\"@id\":\"https:\\\/\\\/dehub.netgear.com\\\/de\\\/hub\\\/wifi\\\/mesh\\\/orbi-970-wifi-7\\\/\",\"url\":\"https:\\\/\\\/dehub.netgear.com\\\/de\\\/hub\\\/wifi\\\/mesh\\\/orbi-970-wifi-7\\\/\",\"name\":\"NETGEAR Orbi 970 WLAN 7 Mesh-System\",\"isPartOf\":{\"@id\":\"https:\\\/\\\/dehub.netgear.com\\\/de\\\/hub\\\/#website\"},\"primaryImageOfPage\":{\"@id\":\"https:\\\/\\\/dehub.netgear.com\\\/de\\\/hub\\\/wifi\\\/mesh\\\/orbi-970-wifi-7\\\/#primaryimage\"},\"image\":{\"@id\":\"https:\\\/\\\/dehub.netgear.com\\\/de\\\/hub\\\/wifi\\\/mesh\\\/orbi-970-wifi-7\\\/#primaryimage\"},\"thumbnailUrl\":\"https:\\\/\\\/dehub.netgear.com\\\/de\\\/hub\\\/wp-content\\\/uploads\\\/2023\\\/09\\\/orbi-rbke973s_g1_779x536_hero_banner_tcm148-152127-e1694558321186.jpg\",\"datePublished\":\"2024-02-19T07:23:04+00:00\",\"dateModified\":\"2024-11-18T06:01:00+00:00\",\"description\":\"R\u00fcsten Sie Ihr Heimnetzwerk mit dem NETGEAR Orbi 970 WiFi 7 Mesh-System auf. Erleben Sie blitzschnelle Geschwindigkeiten, extrem niedrige Latenzzeiten und eine gr\u00f6\u00dfere Abdeckung f\u00fcr all Ihre Ger\u00e4te.\",\"breadcrumb\":{\"@id\":\"https:\\\/\\\/dehub.netgear.com\\\/de\\\/hub\\\/wifi\\\/mesh\\\/orbi-970-wifi-7\\\/#breadcrumb\"},\"inLanguage\":\"de\",\"potentialAction\":[{\"@type\":\"ReadAction\",\"target\":[\"https:\\\/\\\/dehub.netgear.com\\\/de\\\/hub\\\/wifi\\\/mesh\\\/orbi-970-wifi-7\\\/\"]}]},{\"@type\":\"ImageObject\",\"inLanguage\":\"de\",\"@id\":\"https:\\\/\\\/dehub.netgear.com\\\/de\\\/hub\\\/wifi\\\/mesh\\\/orbi-970-wifi-7\\\/#primaryimage\",\"url\":\"https:\\\/\\\/dehub.netgear.com\\\/de\\\/hub\\\/wp-content\\\/uploads\\\/2023\\\/09\\\/orbi-rbke973s_g1_779x536_hero_banner_tcm148-152127-e1694558321186.jpg\",\"contentUrl\":\"https:\\\/\\\/dehub.netgear.com\\\/de\\\/hub\\\/wp-content\\\/uploads\\\/2023\\\/09\\\/orbi-rbke973s_g1_779x536_hero_banner_tcm148-152127-e1694558321186.jpg\",\"width\":449,\"height\":459,\"caption\":\"3 Orbis 970\"},{\"@type\":\"BreadcrumbList\",\"@id\":\"https:\\\/\\\/dehub.netgear.com\\\/de\\\/hub\\\/wifi\\\/mesh\\\/orbi-970-wifi-7\\\/#breadcrumb\",\"itemListElement\":[{\"@type\":\"ListItem\",\"position\":1,\"name\":\"Home\",\"item\":\"https:\\\/\\\/dehub.netgear.com\\\/de\\\/hub\\\/\"},{\"@type\":\"ListItem\",\"position\":2,\"name\":\"WiFi Tech Articles Hub\",\"item\":\"https:\\\/\\\/dehub.netgear.com\\\/de\\\/hub\\\/wifi\\\/\"},{\"@type\":\"ListItem\",\"position\":3,\"name\":\"Mesh-WLAN\",\"item\":\"https:\\\/\\\/dehub.netgear.com\\\/de\\\/hub\\\/wifi\\\/mesh\\\/\"},{\"@type\":\"ListItem\",\"position\":4,\"name\":\"Die Orbi 970 Serie von NETGEAR: Deutlich besseres WiFi 7\"}]},{\"@type\":\"WebSite\",\"@id\":\"https:\\\/\\\/dehub.netgear.com\\\/de\\\/hub\\\/#website\",\"url\":\"https:\\\/\\\/dehub.netgear.com\\\/de\\\/hub\\\/\",\"name\":\"NETGEAR\",\"description\":\"Erkunden Sie unsere Hub-Seiten und st\u00f6bern Sie in Artikeln, um mehr \u00fcber NETGEAR Produkte und Technologien zu erfahren.\",\"publisher\":{\"@id\":\"https:\\\/\\\/dehub.netgear.com\\\/de\\\/hub\\\/#organization\"},\"potentialAction\":[{\"@type\":\"SearchAction\",\"target\":{\"@type\":\"EntryPoint\",\"urlTemplate\":\"https:\\\/\\\/dehub.netgear.com\\\/de\\\/hub\\\/?s={search_term_string}\"},\"query-input\":{\"@type\":\"PropertyValueSpecification\",\"valueRequired\":true,\"valueName\":\"search_term_string\"}}],\"inLanguage\":\"de\"},{\"@type\":\"Organization\",\"@id\":\"https:\\\/\\\/dehub.netgear.com\\\/de\\\/hub\\\/#organization\",\"name\":\"NETGEAR\",\"url\":\"https:\\\/\\\/dehub.netgear.com\\\/de\\\/hub\\\/\",\"logo\":{\"@type\":\"ImageObject\",\"inLanguage\":\"de\",\"@id\":\"https:\\\/\\\/dehub.netgear.com\\\/de\\\/hub\\\/#\\\/schema\\\/logo\\\/image\\\/\",\"url\":\"https:\\\/\\\/www.dehub.netgear.com\\\/de\\\/hub\\\/wp-content\\\/uploads\\\/2019\\\/07\\\/NETGEAR_logo.jpg\",\"contentUrl\":\"https:\\\/\\\/www.dehub.netgear.com\\\/de\\\/hub\\\/wp-content\\\/uploads\\\/2019\\\/07\\\/NETGEAR_logo.jpg\",\"width\":1500,\"height\":501,\"caption\":\"NETGEAR\"},\"image\":{\"@id\":\"https:\\\/\\\/dehub.netgear.com\\\/de\\\/hub\\\/#\\\/schema\\\/logo\\\/image\\\/\"},\"sameAs\":[\"https:\\\/\\\/www.facebook.com\\\/NetgearAU\\\/\",\"https:\\\/\\\/x.com\\\/NETGEAR\",\"https:\\\/\\\/www.linkedin.com\\\/company\\\/netgear\"]}]}<\/script>\n<!-- \/ Yoast SEO plugin. -->","yoast_head_json":{"title":"NETGEAR Orbi 970 WLAN 7 Mesh-System","description":"R\u00fcsten Sie Ihr Heimnetzwerk mit dem NETGEAR Orbi 970 WiFi 7 Mesh-System auf. Erleben Sie blitzschnelle Geschwindigkeiten, extrem niedrige Latenzzeiten und eine gr\u00f6\u00dfere Abdeckung f\u00fcr all Ihre Ger\u00e4te.","robots":{"index":"index","follow":"follow","max-snippet":"max-snippet:-1","max-image-preview":"max-image-preview:large","max-video-preview":"max-video-preview:-1"},"canonical":"https:\/\/dehub.netgear.com\/de\/hub\/wifi\/mesh\/orbi-970-wifi-7\/","og_locale":"de_DE","og_type":"article","og_title":"NETGEAR Orbi 970 WLAN 7 Mesh-System","og_description":"R\u00fcsten Sie Ihr Heimnetzwerk mit dem NETGEAR Orbi 970 WiFi 7 Mesh-System auf. Erleben Sie blitzschnelle Geschwindigkeiten, extrem niedrige Latenzzeiten und eine gr\u00f6\u00dfere Abdeckung f\u00fcr all Ihre Ger\u00e4te.","og_url":"https:\/\/dehub.netgear.com\/de\/hub\/wifi\/mesh\/orbi-970-wifi-7\/","og_site_name":"NETGEAR Hub","article_publisher":"https:\/\/www.facebook.com\/NetgearAU\/","article_modified_time":"2024-11-18T06:01:00+00:00","og_image":[{"width":449,"height":459,"url":"https:\/\/dehub.netgear.com\/de\/hub\/wp-content\/uploads\/2023\/09\/orbi-rbke973s_g1_779x536_hero_banner_tcm148-152127-e1694558321186.jpg","type":"image\/jpeg"}],"twitter_card":"summary_large_image","twitter_site":"@NETGEAR","schema":{"@context":"https:\/\/schema.org","@graph":[{"@type":"WebPage","@id":"https:\/\/dehub.netgear.com\/de\/hub\/wifi\/mesh\/orbi-970-wifi-7\/","url":"https:\/\/dehub.netgear.com\/de\/hub\/wifi\/mesh\/orbi-970-wifi-7\/","name":"NETGEAR Orbi 970 WLAN 7 Mesh-System","isPartOf":{"@id":"https:\/\/dehub.netgear.com\/de\/hub\/#website"},"primaryImageOfPage":{"@id":"https:\/\/dehub.netgear.com\/de\/hub\/wifi\/mesh\/orbi-970-wifi-7\/#primaryimage"},"image":{"@id":"https:\/\/dehub.netgear.com\/de\/hub\/wifi\/mesh\/orbi-970-wifi-7\/#primaryimage"},"thumbnailUrl":"https:\/\/dehub.netgear.com\/de\/hub\/wp-content\/uploads\/2023\/09\/orbi-rbke973s_g1_779x536_hero_banner_tcm148-152127-e1694558321186.jpg","datePublished":"2024-02-19T07:23:04+00:00","dateModified":"2024-11-18T06:01:00+00:00","description":"R\u00fcsten Sie Ihr Heimnetzwerk mit dem NETGEAR Orbi 970 WiFi 7 Mesh-System auf. Erleben Sie blitzschnelle Geschwindigkeiten, extrem niedrige Latenzzeiten und eine gr\u00f6\u00dfere Abdeckung f\u00fcr all Ihre Ger\u00e4te.","breadcrumb":{"@id":"https:\/\/dehub.netgear.com\/de\/hub\/wifi\/mesh\/orbi-970-wifi-7\/#breadcrumb"},"inLanguage":"de","potentialAction":[{"@type":"ReadAction","target":["https:\/\/dehub.netgear.com\/de\/hub\/wifi\/mesh\/orbi-970-wifi-7\/"]}]},{"@type":"ImageObject","inLanguage":"de","@id":"https:\/\/dehub.netgear.com\/de\/hub\/wifi\/mesh\/orbi-970-wifi-7\/#primaryimage","url":"https:\/\/dehub.netgear.com\/de\/hub\/wp-content\/uploads\/2023\/09\/orbi-rbke973s_g1_779x536_hero_banner_tcm148-152127-e1694558321186.jpg","contentUrl":"https:\/\/dehub.netgear.com\/de\/hub\/wp-content\/uploads\/2023\/09\/orbi-rbke973s_g1_779x536_hero_banner_tcm148-152127-e1694558321186.jpg","width":449,"height":459,"caption":"3 Orbis 970"},{"@type":"BreadcrumbList","@id":"https:\/\/dehub.netgear.com\/de\/hub\/wifi\/mesh\/orbi-970-wifi-7\/#breadcrumb","itemListElement":[{"@type":"ListItem","position":1,"name":"Home","item":"https:\/\/dehub.netgear.com\/de\/hub\/"},{"@type":"ListItem","position":2,"name":"WiFi Tech Articles Hub","item":"https:\/\/dehub.netgear.com\/de\/hub\/wifi\/"},{"@type":"ListItem","position":3,"name":"Mesh-WLAN","item":"https:\/\/dehub.netgear.com\/de\/hub\/wifi\/mesh\/"},{"@type":"ListItem","position":4,"name":"Die Orbi 970 Serie von NETGEAR: Deutlich besseres WiFi 7"}]},{"@type":"WebSite","@id":"https:\/\/dehub.netgear.com\/de\/hub\/#website","url":"https:\/\/dehub.netgear.com\/de\/hub\/","name":"NETGEAR","description":"Erkunden Sie unsere Hub-Seiten und st\u00f6bern Sie in Artikeln, um mehr \u00fcber NETGEAR Produkte und Technologien zu erfahren.","publisher":{"@id":"https:\/\/dehub.netgear.com\/de\/hub\/#organization"},"potentialAction":[{"@type":"SearchAction","target":{"@type":"EntryPoint","urlTemplate":"https:\/\/dehub.netgear.com\/de\/hub\/?s={search_term_string}"},"query-input":{"@type":"PropertyValueSpecification","valueRequired":true,"valueName":"search_term_string"}}],"inLanguage":"de"},{"@type":"Organization","@id":"https:\/\/dehub.netgear.com\/de\/hub\/#organization","name":"NETGEAR","url":"https:\/\/dehub.netgear.com\/de\/hub\/","logo":{"@type":"ImageObject","inLanguage":"de","@id":"https:\/\/dehub.netgear.com\/de\/hub\/#\/schema\/logo\/image\/","url":"https:\/\/www.dehub.netgear.com\/de\/hub\/wp-content\/uploads\/2019\/07\/NETGEAR_logo.jpg","contentUrl":"https:\/\/www.dehub.netgear.com\/de\/hub\/wp-content\/uploads\/2019\/07\/NETGEAR_logo.jpg","width":1500,"height":501,"caption":"NETGEAR"},"image":{"@id":"https:\/\/dehub.netgear.com\/de\/hub\/#\/schema\/logo\/image\/"},"sameAs":["https:\/\/www.facebook.com\/NetgearAU\/","https:\/\/x.com\/NETGEAR","https:\/\/www.linkedin.com\/company\/netgear"]}]}},"_links":{"self":[{"href":"https:\/\/dehub.netgear.com\/de\/hub\/wp-json\/wp\/v2\/pages\/9312","targetHints":{"allow":["GET"]}}],"collection":[{"href":"https:\/\/dehub.netgear.com\/de\/hub\/wp-json\/wp\/v2\/pages"}],"about":[{"href":"https:\/\/dehub.netgear.com\/de\/hub\/wp-json\/wp\/v2\/types\/page"}],"author":[{"embeddable":true,"href":"https:\/\/dehub.netgear.com\/de\/hub\/wp-json\/wp\/v2\/users\/68"}],"replies":[{"embeddable":true,"href":"https:\/\/dehub.netgear.com\/de\/hub\/wp-json\/wp\/v2\/comments?post=9312"}],"version-history":[{"count":12,"href":"https:\/\/dehub.netgear.com\/de\/hub\/wp-json\/wp\/v2\/pages\/9312\/revisions"}],"predecessor-version":[{"id":9871,"href":"https:\/\/dehub.netgear.com\/de\/hub\/wp-json\/wp\/v2\/pages\/9312\/revisions\/9871"}],"up":[{"embeddable":true,"href":"https:\/\/dehub.netgear.com\/de\/hub\/wp-json\/wp\/v2\/pages\/6707"}],"wp:featuredmedia":[{"embeddable":true,"href":"https:\/\/dehub.netgear.com\/de\/hub\/wp-json\/wp\/v2\/media\/9094"}],"wp:attachment":[{"href":"https:\/\/dehub.netgear.com\/de\/hub\/wp-json\/wp\/v2\/media?parent=9312"}],"curies":[{"name":"wp","href":"https:\/\/api.w.org\/{rel}","templated":true}]}}