{"id":8710,"date":"2023-07-17T19:44:03","date_gmt":"2023-07-18T02:44:03","guid":{"rendered":"https:\/\/stg-smscomparisoncouk-netgearger.kinsta.cloud\/?page_id=8710"},"modified":"2024-11-18T06:51:02","modified_gmt":"2024-11-18T05:51:02","slug":"airbnb-wifi","status":"publish","type":"page","link":"https:\/\/dehub.netgear.com\/de\/hub\/network\/airbnb-wifi\/","title":{"rendered":"Airbnb WLAN &#8211; Pr\u00fcfen Sie die Internetgeschwindigkeit f\u00fcr Ihre G\u00e4ste"},"content":{"rendered":"    <div class=\"table-of-content bg-gray\">\n        <p><strong>IN THIS ARTICLE<\/strong><\/p>\n        <ul>\n                        <li><a href=\"#topic1\">Airbnb WLAN- Pr\u00fcfen Sie die Internetgeschwindigkeit f\u00fcr Ihre G\u00e4ste<\/a><\/li>\n                        <li><a href=\"#topic2\">WLAN- Performance f\u00fcr Ihre G\u00e4ste - Bieten Sie eine hochwertige Internetverbindung an<\/a><\/li>\n                        <li><a href=\"#topic3\">Weitere \"Best Practices\" f\u00fcr Airbnb-G\u00e4ste-WLAN<\/a><\/li>\n                    <\/ul>\n    <\/div>\n        <div id=\"topic1\" class=\"skip-item\">\n                        <h2>Airbnb WLAN- Pr\u00fcfen Sie die Internetgeschwindigkeit f\u00fcr Ihre G\u00e4ste<\/h2>\n                <p>Good WiFi will help attract guests who are looking to stay connected while traveling, especially those who are working remotely. Airbnb realised this need and introduced \u201cVerified WiFi\u201d during its winter announcement. Hosts can easily test their property&#8217;s connection and download speeds by using the Internet speed test on the Airbnb app, and the verified results will be automatically added to the official listing. Now, digital nomads can see an accurate reading and will likely choose a listing that reaches their connectivity needs, but what speeds will catch their eye?<\/p>\n<p>Ein gut funktionierendes WLAN f\u00fcr das Airbnb-G\u00e4stezimmer tr\u00e4gt dazu bei, dass Gastgeber erfolgreich auch die wachsende Sparte an digital vernetzten G\u00e4sten anziehen, die st\u00e4ndig mit dem Internet verbunden sein wollen und die ansonsten wegbleiben w\u00fcrden. Ob Remote-Worker, Gesch\u00e4ftsreisende oder einfach nur normale Reiselustige, ob Jung oder Alt &#8211; im Prinzip ben\u00f6tigen wir heutzutage alle permanent die M\u00f6glichkeit online gehen zu k\u00f6nnen und dies insbesondere unterwegs, wo es eventuell viel abzukl\u00e4ren oder umzubuchen gibt! Airbnb hat diesen Bedarf erkannt und bereits Ende 2021 die Qualifikation \u201eVerified WiFi\u201c eingef\u00fchrt. Gastgeber k\u00f6nnen die Verbindungs- und Download-Geschwindigkeiten ihrer G\u00e4ste-Unterkunft ganz einfach mit dem Internet-Geschwindigkeitstest in der Airbnb-App testen, und die verifizierten Ergebnisse werden anschlie\u00dfend automatisch dem offiziellen Zimmervermietungs-Angebot hinzugef\u00fcgt. So erhalten digitale Nomaden einen genauen Messwert der G\u00e4stezimmer-Internetverbindung und k\u00f6nnen sich einfacher f\u00fcr ein Angebot entscheiden, das ihren Anforderungen entspricht. Aber was f\u00fcr Geschwindigkeiten gelten als angemessen oder attraktiv?<\/p>\n<p>Der WLAN-Geschwindigkeitstest von Airbnb misst die Download-Geschwindigkeit der G\u00e4stezimmer-WLAN-Verbindung. Diese Geschwindigkeit weist auf die Leistungsf\u00e4higkeit der Internetverbindung hin und gibt zum Beispiel Auskunft dar\u00fcber, wie schnell Webseiten oder Streams laden und wie gro\u00df das \u00fcbertragene Datenvolumen ist. G\u00e4ste, die in der Airbnb-Unterkunft arbeiten m\u00f6chten, ben\u00f6tigen wahrscheinlich eine h\u00f6here Download-Geschwindigkeit, als andere, die nur gelegentlich etwas online nachschlagen m\u00fcssen. Die Downloadgeschwindigkeit wird in Megabit pro Sekunde (Mbit\/s oder Mbps) gemessen. Nach Angaben der Federal Communications Commission (FCC) ist eine Download-Geschwindigkeit von 25 Mbit\/s pro Person Standardvorgabe f\u00fcr ein WLAN-Netzwerk. Dies ist in der Regel f\u00fcr G\u00e4ste mit wenigen Ger\u00e4ten und m\u00e4\u00dfiger Internetnutzung geeignet, aber G\u00e4ste, die Videoanrufe t\u00e4tigen und von ihrem Airbnb aus arbeiten wollen, ben\u00f6tigen schnellere und zuverl\u00e4ssigere WLAN-Geschwindigkeiten. Airbnb gibt Gastgebern und G\u00e4sten folgende Richtlinien an die Hand, um die Testergebnisse der WLAN-Geschwindigkeiten in den Angeboten der Unterk\u00fcnfte zu verstehen:<br \/>\n<strong> \u2022 Keine Geschwindigkeit angezeigt: Der Gastgeber hat keine Geschwindigkeitsangaben f\u00fcr seinen Standord hinterlegt.<br \/>\n<strong> \u2022 1-6 Mbit\/s: Sie k\u00f6nnen Nachrichten und das Internet abrufen.<br \/>\n<strong> \u2022 7-24 Mbit\/s: Sie k\u00f6nnen HD-Videos streamen.<br \/>\n<strong> \u2022 25-49 Mbit\/s: Sie k\u00f6nnen 4K-Videos streamen und an Videoanrufen teilnehmen.<br \/>\n<strong> \u2022 50+ Mbit\/s: Sie k\u00f6nnen 4K-Videos streamen und an Videoanrufen auf mehreren Ger\u00e4ten gleichzeitig teilnehmen.<\/strong><\/strong><\/strong><\/strong><\/strong><\/p>\n<p>Unabh\u00e4ngig von den empfohlenen Geschwindigkeiten der Airbnb-App ist die Mehrheit der G\u00e4ste heutzutage an h\u00f6here Internet-Verbindungsgeschwindigkeiten gew\u00f6hnt oder erwartet diese sogar &#8211; oft im Bereich von 100+ Mbits\/s. Auch Sie als Gastgeber sollten sich an diesen neuen Status Quo gew\u00f6hnen und alle von Ihrem Internetdienstanbieter bereitgestellten Internetgeschwindigkeiten \u00fcberpr\u00fcfen. Bei einer Neuinstallation von G\u00e4ste-WLAN sollten Sie besonders Tarife mit mindestens 50 MBit\/s bevorzugen, da sich in Ferienwohnungen in der Regel mehrere Ger\u00e4te dieselbe Verbindung teilen werden. Ziehen Sie deswegen durchaus Geschwindigkeiten in Betracht, die im Bereich von 200 MBit\/s bis 500 MBit\/s liegen.<\/p>\n    <\/div>\n        <div id=\"topic2\" class=\"skip-item\">\n                        <h2>WLAN- Performance f\u00fcr Ihre G\u00e4ste - Bieten Sie eine hochwertige Internetverbindung an<\/h2>\n                <p>&#8222;Sobald eine Airbnb-Buchung abgeschlossen ist, ist es wichtig, dass Gastgeber ihr Versprechen von funktionsf\u00e4higem Internet im Mietobjekt auch einhalten! Ansonsten k\u00f6nnten G\u00e4ste negative Bewertungen abgeben oder sogar eine R\u00fcckerstattung verlangen, wenn die Internetleistung der Airbnb-Unterkunft den offiziellen Angaben des Angebotes oder auch nur den Erwartungen nicht entspricht. Gastgebern wird dringend empfohlen, die &#8222;&#8220;Best Practices&#8220;&#8220; von Airbnb zu ber\u00fccksichtigen, um die Zufriedenheit ihrer G\u00e4ste zu gew\u00e4hrleisten und zu optimieren. Eine fantastische M\u00f6glichkeit, um sicherzustellen, dass auf einem gr\u00f6\u00dferen Grundst\u00fcck \u00fcberall eine hervorragende WLAN-Konnektivit\u00e4t zur Verf\u00fcgung steht, ist der Einsatz eines WLAN-Mesh-Heimnetzwerk-Systems. Die neuesten <strong>Orbi Mesh-Systeme von NETGEAR<\/strong> unterst\u00fctzen zudem topaktuelle WiFi-Technologie, einschlie\u00dflich den Standards WiFi 6 und WiFi 6E, um h\u00f6chst zuverl\u00e4ssige Konnektivit\u00e4t zu gew\u00e4hrleisten und jeden Quadratzentimeter eines Mietobjektes mit ausgezeichneter Signalst\u00e4rke abzudecken. Airbnb-Eigent\u00fcmer k\u00f6nnen Ihrem Orbi-Mesh-System problemlos weitere WLAN-Satelliten hinzuf\u00fcgen, wenn sie das WLAN auf freistehende Geb\u00e4ude, Hinterh\u00e4user oder versteckte R\u00e4ume wie Dachboden-Schlafzimmer und Gaming-Keller ausweiten m\u00f6chten.<\/p>\n<p>Der moderne WLAN-Technologiestandard WiFi 6 bietet ultraschnelle Geschwindigkeiten, eine gr\u00f6\u00dfere Netzabdeckung und eine gesteigerte Sicherheit im Vergleich zu fr\u00fcheren WiFi-Generationen und stellt somit einen erheblichen Vorteil f\u00fcr Ihre Airbnb-G\u00e4ste dar! Wenn Sie als Gastgeber bereits auf die modernen Standards aufger\u00fcstet haben, werden Sie sich automatisch deutlich von Ihren Mitbewerbern abheben. Mesh-Systeme und Router, die WiFi 6E anbieten, wie z. B. der Nighthawk RAXE500 Router von NETGEAR oder das Orbi Quadband WiFi 6E Mesh System (RBKE963), unterst\u00fctzen eine zukunftssichere Gestaltung des WLAN-Angebotes in Airbnbs und stellen sicher, dass auch die G\u00e4ste mit den neuesten Smartphones und Laptops in den Genuss von 6 GHz-Geschwindigkeiten kommen. F\u00fcr Unterk\u00fcnfte in Gegenden mit wenig M\u00f6glichkeiten f\u00fcr zuverl\u00e4ssiges kabelgebundenes Breitband bietet NETGEAR das Orbi 5G WiFi 6 System (NBK752) an, das das Mobilfunksignal f\u00fcr den WiFi 6 Internetzugang nutzt. Diese absoluten Top-L\u00f6sungen f\u00fcr Heimnetzwerke von NETGEAR geben Gastgebern und G\u00e4sten die Gewissheit, dass die Airbnb-Internetverbindung w\u00e4hrend des gesamten Aufenthalts einwandfrei funktioniert.&#8220;<\/p>\n    <\/div>\n        <div id=\"topic3\" class=\"skip-item\">\n                        <h2>Weitere \"Best Practices\" f\u00fcr Airbnb-G\u00e4ste-WLAN<\/h2>\n                <p>Airbnb encourages hosts to implement WiFi safety best practices to help protect their property and the guests who are using the Internet. Hosts should store their router and modem in a secure, locked location in the home so guests cannot tamper with them and routinely check the technology for software updates. In addition, hosts should create a strong password and share it with guests only after they&#8217;ve confirmed the reservation, and the passwords should be changed often3. Systems such as NETGEAR&#8217;s RBKE963 allow &#8222;Neben der Geschwindigkeits\u00fcberpr\u00fcfung empfiehlt Airbnb seinen Gastgebern au\u00dferdem, weitere bew\u00e4hrte Praktiken zur WLAN-Sicherheit anzuwenden, um sowohl die eigenen pers\u00f6nlichen Daten zu sch\u00fctzen, als auch die der G\u00e4ste, die das Internet nutzen. Airbnb-Gastgeber ist beispielsweise angeraten, ihren Router und ihr Modem an einem sicheren und verschlossenen Ort in der Wohnung aufzubewahren, damit G\u00e4ste diesen nicht manipulieren k\u00f6nnen, Au\u00dferdem sollte der Airbnb-WLAN-Router regelm\u00e4\u00dfig auf Software-Updates \u00fcberpr\u00fcft werden und Gastgeber sollten ein sicheres Passwort festlegen, das sie erst nach Reservierungsbest\u00e4tigung an G\u00e4ste weitergeben. Im \u00dcbrigen wird empfohlen, Passw\u00f6rter regelm\u00e4\u00dfig zu \u00e4ndern3. WLAN-Mesh-Systeme wie das RBKE963 von NETGEAR erm\u00f6glichen es Ferienwohnung-Besitzern, vier unterschiedliche Netzwerke in ihren Mietobjekten einzurichten, darunter eins f\u00fcr IoT-Ger\u00e4te und eins f\u00fcr G\u00e4ste. Durch die Trennung anf\u00e4lliger intelligenter Ger\u00e4te, (wie z. B. intelligente Fernseher, Lampen und Haushaltsger\u00e4te), vom Haupt- und G\u00e4stenetzwerk wird sowohl die Geschwindigkeit dieser ioT-Ger\u00e4te als auch deren Sicherheit gew\u00e4hrleistet.<\/p>\n<p>F\u00fcr eine weitere Ebene des Cyberschutzes sollten Gastgeber von Airbnb-Mietwohnungen Sicherheitsfunktionen wie <strong>NETGEAR Armor<\/strong> in Betracht ziehen, das direkt am Router angebracht wird und alle angeschlossenen Ger\u00e4te sch\u00fctzt. Dokumente, Fotos und Videos werden so vor den neuesten Bedrohungen, einschlie\u00dflich Ransomware und Malware, gesch\u00fctzt. Au\u00dferdem k\u00f6nnen Gastgeber \u00fcber die mobile NETGEAR-App immer auf dem Laufenden bleiben, was im Netzwerk des Mietobjektes vor sich geht.<\/p>\n<p>Eine zuverl\u00e4ssige Internetverbindung ist heute eine der wichtigsten Annehmlichkeiten, die Airbnb seinen G\u00e4sten bieten kann. Tats\u00e4chlich wurde der WLAN-Suchfilter bei Airbnb-Anfragen im Jahr 2021 4 288 Millionen Mal genutzt. Gastgeber sollten schnelles WLAN in der Angebotsbeschreibung erw\u00e4hnen, um wettbewerbsf\u00e4hig zu bleiben und mehr Buchungen zu erhalten. Das neue Tool von Airbnb kann dabei helfen, die Netzwerkgeschwindigkeit zu \u00fcberpr\u00fcfen, und die neuesten Netzwerkger\u00e4te von NETGEAR helfen Ihnen dabei, sicherzustellen, dass die Netzwerkgeschwindigkeiten auch den Anspr\u00fcchen der anspruchsvollsten G\u00e4ste gen\u00fcgen.&#8220;<\/p>\n<p>1 Wir stellen das Airbnb 2021 Winter Release vor: \u00dcber 50 Upgrades und Innovationen f\u00fcr unseren gesamten Service.<br \/>\n2 \u00dcberpr\u00fcfen Sie Ihre Internetgeschwindigkeit.<br \/>\n3 Was sollte ich beachten, wenn ich G\u00e4sten Internetzugang anbiete?.<br \/>\n4 Ank\u00fcndigung des Airbnb 2021 Winter Release<\/p>\n    <\/div>\n    \n","protected":false},"excerpt":{"rendered":"","protected":false},"author":68,"featured_media":9084,"parent":6081,"menu_order":0,"comment_status":"closed","ping_status":"closed","template":"templates\/press-room-single.php","meta":{"_acf_changed":false,"footnotes":""},"class_list":["post-8710","page","type-page","status-publish","has-post-thumbnail","hentry"],"acf":[],"yoast_head":"<!-- This site is optimized with the Yoast SEO plugin v27.5 - https:\/\/yoast.com\/product\/yoast-seo-wordpress\/ -->\n<title>Optimales WLAN f\u00fcr Airbnb-G\u00e4ste | NETGEAR L\u00f6sungen entdecken<\/title>\n<meta name=\"description\" content=\"Erfahren Sie, wie Sie mit NETGEAR Ihre Airbnb-WLAN-Verbindung verbessern k\u00f6nnen. Bieten Sie Ihren G\u00e4sten schnelles und zuverl\u00e4ssiges Internet.\" \/>\n<meta name=\"robots\" content=\"index, follow, max-snippet:-1, max-image-preview:large, max-video-preview:-1\" \/>\n<link rel=\"canonical\" href=\"https:\/\/dehub.netgear.com\/de\/hub\/network\/airbnb-wifi\/\" \/>\n<meta property=\"og:locale\" content=\"de_DE\" \/>\n<meta property=\"og:type\" content=\"article\" \/>\n<meta property=\"og:title\" content=\"Optimales WLAN f\u00fcr Airbnb-G\u00e4ste | NETGEAR L\u00f6sungen entdecken\" \/>\n<meta property=\"og:description\" content=\"Erfahren Sie, wie Sie mit NETGEAR Ihre Airbnb-WLAN-Verbindung verbessern k\u00f6nnen. Bieten Sie Ihren G\u00e4sten schnelles und zuverl\u00e4ssiges Internet.\" \/>\n<meta property=\"og:url\" content=\"https:\/\/dehub.netgear.com\/de\/hub\/network\/airbnb-wifi\/\" \/>\n<meta property=\"og:site_name\" content=\"NETGEAR Hub\" \/>\n<meta property=\"article:publisher\" content=\"https:\/\/www.facebook.com\/NetgearAU\/\" \/>\n<meta property=\"article:modified_time\" content=\"2024-11-18T05:51:02+00:00\" \/>\n<meta property=\"og:image\" content=\"https:\/\/dehub.netgear.com\/de\/hub\/wp-content\/uploads\/2023\/09\/bub-intro-col-img.jpg\" \/>\n\t<meta property=\"og:image:width\" content=\"471\" \/>\n\t<meta property=\"og:image:height\" content=\"395\" \/>\n\t<meta property=\"og:image:type\" content=\"image\/jpeg\" \/>\n<meta name=\"twitter:card\" content=\"summary_large_image\" \/>\n<meta name=\"twitter:site\" content=\"@NETGEAR\" \/>\n<script type=\"application\/ld+json\" class=\"yoast-schema-graph\">{\"@context\":\"https:\\\/\\\/schema.org\",\"@graph\":[{\"@type\":\"WebPage\",\"@id\":\"https:\\\/\\\/dehub.netgear.com\\\/de\\\/hub\\\/network\\\/airbnb-wifi\\\/\",\"url\":\"https:\\\/\\\/dehub.netgear.com\\\/de\\\/hub\\\/network\\\/airbnb-wifi\\\/\",\"name\":\"Optimales WLAN f\u00fcr Airbnb-G\u00e4ste | NETGEAR L\u00f6sungen entdecken\",\"isPartOf\":{\"@id\":\"https:\\\/\\\/dehub.netgear.com\\\/de\\\/hub\\\/#website\"},\"primaryImageOfPage\":{\"@id\":\"https:\\\/\\\/dehub.netgear.com\\\/de\\\/hub\\\/network\\\/airbnb-wifi\\\/#primaryimage\"},\"image\":{\"@id\":\"https:\\\/\\\/dehub.netgear.com\\\/de\\\/hub\\\/network\\\/airbnb-wifi\\\/#primaryimage\"},\"thumbnailUrl\":\"https:\\\/\\\/dehub.netgear.com\\\/de\\\/hub\\\/wp-content\\\/uploads\\\/2023\\\/09\\\/bub-intro-col-img.jpg\",\"datePublished\":\"2023-07-18T02:44:03+00:00\",\"dateModified\":\"2024-11-18T05:51:02+00:00\",\"description\":\"Erfahren Sie, wie Sie mit NETGEAR Ihre Airbnb-WLAN-Verbindung verbessern k\u00f6nnen. Bieten Sie Ihren G\u00e4sten schnelles und zuverl\u00e4ssiges Internet.\",\"breadcrumb\":{\"@id\":\"https:\\\/\\\/dehub.netgear.com\\\/de\\\/hub\\\/network\\\/airbnb-wifi\\\/#breadcrumb\"},\"inLanguage\":\"de\",\"potentialAction\":[{\"@type\":\"ReadAction\",\"target\":[\"https:\\\/\\\/dehub.netgear.com\\\/de\\\/hub\\\/network\\\/airbnb-wifi\\\/\"]}]},{\"@type\":\"ImageObject\",\"inLanguage\":\"de\",\"@id\":\"https:\\\/\\\/dehub.netgear.com\\\/de\\\/hub\\\/network\\\/airbnb-wifi\\\/#primaryimage\",\"url\":\"https:\\\/\\\/dehub.netgear.com\\\/de\\\/hub\\\/wp-content\\\/uploads\\\/2023\\\/09\\\/bub-intro-col-img.jpg\",\"contentUrl\":\"https:\\\/\\\/dehub.netgear.com\\\/de\\\/hub\\\/wp-content\\\/uploads\\\/2023\\\/09\\\/bub-intro-col-img.jpg\",\"width\":471,\"height\":395},{\"@type\":\"BreadcrumbList\",\"@id\":\"https:\\\/\\\/dehub.netgear.com\\\/de\\\/hub\\\/network\\\/airbnb-wifi\\\/#breadcrumb\",\"itemListElement\":[{\"@type\":\"ListItem\",\"position\":1,\"name\":\"Home\",\"item\":\"https:\\\/\\\/dehub.netgear.com\\\/de\\\/hub\\\/\"},{\"@type\":\"ListItem\",\"position\":2,\"name\":\"Heimnetzwerk Artikel\",\"item\":\"https:\\\/\\\/dehub.netgear.com\\\/de\\\/hub\\\/network\\\/\"},{\"@type\":\"ListItem\",\"position\":3,\"name\":\"Airbnb WLAN &#8211; Pr\u00fcfen Sie die Internetgeschwindigkeit f\u00fcr Ihre G\u00e4ste\"}]},{\"@type\":\"WebSite\",\"@id\":\"https:\\\/\\\/dehub.netgear.com\\\/de\\\/hub\\\/#website\",\"url\":\"https:\\\/\\\/dehub.netgear.com\\\/de\\\/hub\\\/\",\"name\":\"NETGEAR\",\"description\":\"Erkunden Sie unsere Hub-Seiten und st\u00f6bern Sie in Artikeln, um mehr \u00fcber NETGEAR Produkte und Technologien zu erfahren.\",\"publisher\":{\"@id\":\"https:\\\/\\\/dehub.netgear.com\\\/de\\\/hub\\\/#organization\"},\"potentialAction\":[{\"@type\":\"SearchAction\",\"target\":{\"@type\":\"EntryPoint\",\"urlTemplate\":\"https:\\\/\\\/dehub.netgear.com\\\/de\\\/hub\\\/?s={search_term_string}\"},\"query-input\":{\"@type\":\"PropertyValueSpecification\",\"valueRequired\":true,\"valueName\":\"search_term_string\"}}],\"inLanguage\":\"de\"},{\"@type\":\"Organization\",\"@id\":\"https:\\\/\\\/dehub.netgear.com\\\/de\\\/hub\\\/#organization\",\"name\":\"NETGEAR\",\"url\":\"https:\\\/\\\/dehub.netgear.com\\\/de\\\/hub\\\/\",\"logo\":{\"@type\":\"ImageObject\",\"inLanguage\":\"de\",\"@id\":\"https:\\\/\\\/dehub.netgear.com\\\/de\\\/hub\\\/#\\\/schema\\\/logo\\\/image\\\/\",\"url\":\"https:\\\/\\\/www.dehub.netgear.com\\\/de\\\/hub\\\/wp-content\\\/uploads\\\/2019\\\/07\\\/NETGEAR_logo.jpg\",\"contentUrl\":\"https:\\\/\\\/www.dehub.netgear.com\\\/de\\\/hub\\\/wp-content\\\/uploads\\\/2019\\\/07\\\/NETGEAR_logo.jpg\",\"width\":1500,\"height\":501,\"caption\":\"NETGEAR\"},\"image\":{\"@id\":\"https:\\\/\\\/dehub.netgear.com\\\/de\\\/hub\\\/#\\\/schema\\\/logo\\\/image\\\/\"},\"sameAs\":[\"https:\\\/\\\/www.facebook.com\\\/NetgearAU\\\/\",\"https:\\\/\\\/x.com\\\/NETGEAR\",\"https:\\\/\\\/www.linkedin.com\\\/company\\\/netgear\"]}]}<\/script>\n<!-- \/ Yoast SEO plugin. -->","yoast_head_json":{"title":"Optimales WLAN f\u00fcr Airbnb-G\u00e4ste | NETGEAR L\u00f6sungen entdecken","description":"Erfahren Sie, wie Sie mit NETGEAR Ihre Airbnb-WLAN-Verbindung verbessern k\u00f6nnen. Bieten Sie Ihren G\u00e4sten schnelles und zuverl\u00e4ssiges Internet.","robots":{"index":"index","follow":"follow","max-snippet":"max-snippet:-1","max-image-preview":"max-image-preview:large","max-video-preview":"max-video-preview:-1"},"canonical":"https:\/\/dehub.netgear.com\/de\/hub\/network\/airbnb-wifi\/","og_locale":"de_DE","og_type":"article","og_title":"Optimales WLAN f\u00fcr Airbnb-G\u00e4ste | NETGEAR L\u00f6sungen entdecken","og_description":"Erfahren Sie, wie Sie mit NETGEAR Ihre Airbnb-WLAN-Verbindung verbessern k\u00f6nnen. Bieten Sie Ihren G\u00e4sten schnelles und zuverl\u00e4ssiges Internet.","og_url":"https:\/\/dehub.netgear.com\/de\/hub\/network\/airbnb-wifi\/","og_site_name":"NETGEAR Hub","article_publisher":"https:\/\/www.facebook.com\/NetgearAU\/","article_modified_time":"2024-11-18T05:51:02+00:00","og_image":[{"width":471,"height":395,"url":"https:\/\/dehub.netgear.com\/de\/hub\/wp-content\/uploads\/2023\/09\/bub-intro-col-img.jpg","type":"image\/jpeg"}],"twitter_card":"summary_large_image","twitter_site":"@NETGEAR","schema":{"@context":"https:\/\/schema.org","@graph":[{"@type":"WebPage","@id":"https:\/\/dehub.netgear.com\/de\/hub\/network\/airbnb-wifi\/","url":"https:\/\/dehub.netgear.com\/de\/hub\/network\/airbnb-wifi\/","name":"Optimales WLAN f\u00fcr Airbnb-G\u00e4ste | NETGEAR L\u00f6sungen entdecken","isPartOf":{"@id":"https:\/\/dehub.netgear.com\/de\/hub\/#website"},"primaryImageOfPage":{"@id":"https:\/\/dehub.netgear.com\/de\/hub\/network\/airbnb-wifi\/#primaryimage"},"image":{"@id":"https:\/\/dehub.netgear.com\/de\/hub\/network\/airbnb-wifi\/#primaryimage"},"thumbnailUrl":"https:\/\/dehub.netgear.com\/de\/hub\/wp-content\/uploads\/2023\/09\/bub-intro-col-img.jpg","datePublished":"2023-07-18T02:44:03+00:00","dateModified":"2024-11-18T05:51:02+00:00","description":"Erfahren Sie, wie Sie mit NETGEAR Ihre Airbnb-WLAN-Verbindung verbessern k\u00f6nnen. Bieten Sie Ihren G\u00e4sten schnelles und zuverl\u00e4ssiges Internet.","breadcrumb":{"@id":"https:\/\/dehub.netgear.com\/de\/hub\/network\/airbnb-wifi\/#breadcrumb"},"inLanguage":"de","potentialAction":[{"@type":"ReadAction","target":["https:\/\/dehub.netgear.com\/de\/hub\/network\/airbnb-wifi\/"]}]},{"@type":"ImageObject","inLanguage":"de","@id":"https:\/\/dehub.netgear.com\/de\/hub\/network\/airbnb-wifi\/#primaryimage","url":"https:\/\/dehub.netgear.com\/de\/hub\/wp-content\/uploads\/2023\/09\/bub-intro-col-img.jpg","contentUrl":"https:\/\/dehub.netgear.com\/de\/hub\/wp-content\/uploads\/2023\/09\/bub-intro-col-img.jpg","width":471,"height":395},{"@type":"BreadcrumbList","@id":"https:\/\/dehub.netgear.com\/de\/hub\/network\/airbnb-wifi\/#breadcrumb","itemListElement":[{"@type":"ListItem","position":1,"name":"Home","item":"https:\/\/dehub.netgear.com\/de\/hub\/"},{"@type":"ListItem","position":2,"name":"Heimnetzwerk Artikel","item":"https:\/\/dehub.netgear.com\/de\/hub\/network\/"},{"@type":"ListItem","position":3,"name":"Airbnb WLAN &#8211; Pr\u00fcfen Sie die Internetgeschwindigkeit f\u00fcr Ihre G\u00e4ste"}]},{"@type":"WebSite","@id":"https:\/\/dehub.netgear.com\/de\/hub\/#website","url":"https:\/\/dehub.netgear.com\/de\/hub\/","name":"NETGEAR","description":"Erkunden Sie unsere Hub-Seiten und st\u00f6bern Sie in Artikeln, um mehr \u00fcber NETGEAR Produkte und Technologien zu erfahren.","publisher":{"@id":"https:\/\/dehub.netgear.com\/de\/hub\/#organization"},"potentialAction":[{"@type":"SearchAction","target":{"@type":"EntryPoint","urlTemplate":"https:\/\/dehub.netgear.com\/de\/hub\/?s={search_term_string}"},"query-input":{"@type":"PropertyValueSpecification","valueRequired":true,"valueName":"search_term_string"}}],"inLanguage":"de"},{"@type":"Organization","@id":"https:\/\/dehub.netgear.com\/de\/hub\/#organization","name":"NETGEAR","url":"https:\/\/dehub.netgear.com\/de\/hub\/","logo":{"@type":"ImageObject","inLanguage":"de","@id":"https:\/\/dehub.netgear.com\/de\/hub\/#\/schema\/logo\/image\/","url":"https:\/\/www.dehub.netgear.com\/de\/hub\/wp-content\/uploads\/2019\/07\/NETGEAR_logo.jpg","contentUrl":"https:\/\/www.dehub.netgear.com\/de\/hub\/wp-content\/uploads\/2019\/07\/NETGEAR_logo.jpg","width":1500,"height":501,"caption":"NETGEAR"},"image":{"@id":"https:\/\/dehub.netgear.com\/de\/hub\/#\/schema\/logo\/image\/"},"sameAs":["https:\/\/www.facebook.com\/NetgearAU\/","https:\/\/x.com\/NETGEAR","https:\/\/www.linkedin.com\/company\/netgear"]}]}},"_links":{"self":[{"href":"https:\/\/dehub.netgear.com\/de\/hub\/wp-json\/wp\/v2\/pages\/8710","targetHints":{"allow":["GET"]}}],"collection":[{"href":"https:\/\/dehub.netgear.com\/de\/hub\/wp-json\/wp\/v2\/pages"}],"about":[{"href":"https:\/\/dehub.netgear.com\/de\/hub\/wp-json\/wp\/v2\/types\/page"}],"author":[{"embeddable":true,"href":"https:\/\/dehub.netgear.com\/de\/hub\/wp-json\/wp\/v2\/users\/68"}],"replies":[{"embeddable":true,"href":"https:\/\/dehub.netgear.com\/de\/hub\/wp-json\/wp\/v2\/comments?post=8710"}],"version-history":[{"count":15,"href":"https:\/\/dehub.netgear.com\/de\/hub\/wp-json\/wp\/v2\/pages\/8710\/revisions"}],"predecessor-version":[{"id":9853,"href":"https:\/\/dehub.netgear.com\/de\/hub\/wp-json\/wp\/v2\/pages\/8710\/revisions\/9853"}],"up":[{"embeddable":true,"href":"https:\/\/dehub.netgear.com\/de\/hub\/wp-json\/wp\/v2\/pages\/6081"}],"wp:featuredmedia":[{"embeddable":true,"href":"https:\/\/dehub.netgear.com\/de\/hub\/wp-json\/wp\/v2\/media\/9084"}],"wp:attachment":[{"href":"https:\/\/dehub.netgear.com\/de\/hub\/wp-json\/wp\/v2\/media?parent=8710"}],"curies":[{"name":"wp","href":"https:\/\/api.w.org\/{rel}","templated":true}]}}