{"id":8584,"date":"2021-03-26T07:50:21","date_gmt":"2021-03-26T14:50:21","guid":{"rendered":"https:\/\/stg-smscomparisoncouk-netgearger.kinsta.cloud\/?page_id=8584"},"modified":"2024-11-19T01:58:28","modified_gmt":"2024-11-19T00:58:28","slug":"wifi-6e-vs-wifi-6","status":"publish","type":"page","link":"https:\/\/dehub.netgear.com\/de\/hub\/technology\/wifi-6e-vs-wifi-6\/","title":{"rendered":"Was ist der Unterschied zwischen WiFi 6E und WiFi 6?"},"content":{"rendered":"<p>K\u00fcrzlich wurde der <a href=\"https:\/\/www.dehub.netgear.com\/de\/home\/wifi\/routers\/raxe500\/\">NETGEAR Nighthawk RAXE500 Tri-Band WiFi 6E Router<\/a> exklusiv im NETGEAR Store zum Kauf angeboten. W\u00e4hrend die Verbesserung des neuesten WiFi-Standards viel Aufmerksamkeit und Begeisterung von Technikbegeisterten und Early Adopters gleicherma\u00dfen erh\u00e4lt, ist die Bedeutung der Erweiterung von WiFi auf das neue 6GHz-Band f\u00fcr einige vielleicht nicht ganz klar. Schlie\u00dflich ist die Einf\u00fchrung von WiFi 6 immer noch eine relativ neue Nachricht. Hier werden wir sowohl WiFi 6 als auch <a href=\"https:\/\/www.netgear.com\/de\/hub\/technology\/discover-wifi-6e-6ghz-wifi\/\">WiFi 6E<\/a> untersuchen und die Hauptunterschiede zwischen den beiden aufzeigen.<\/p>\n<h2>Was ist WiFi 6?<\/h2>\n<p><a href=\"https:\/\/www.dehub.netgear.com\/de\/home\/discover\/wifi6\/\">WiFi 6 (802.11ax)<\/a> wurde 2018 eingef\u00fchrt, und die breite Akzeptanz dieses Standards folgte bald mit der Unterst\u00fctzung vieler Endger\u00e4te \u2013 iPhone, Samsung Galaxy, PlayStation 5, Laptops, Smart-TVs und mehr. Als neuester drahtloser Standard repr\u00e4sentiert WiFi 6 Verbesserungen gegen\u00fcber dem vorherigen WiFi-Standard, 802.11ac. Zu den wichtigsten Vorteilen von WiFi 6 gegen\u00fcber fr\u00fcheren Standards wie WiFi 5 (802.11ac) geh\u00f6ren 4x verbundene Kapazit\u00e4t, erh\u00f6hter Datendurchsatz und schnellere Geschwindigkeiten, was zu einer verbesserten Leistung f\u00fchrt. Dies macht WiFi 6 ideal f\u00fcr die Unterst\u00fctzung von Smart Homes mit mehreren verbundenen Ger\u00e4ten, 4K- und 8K-Streaming-Inhalten, gro\u00dfen Dateidownloads und -uploads sowie Gigabit-Internetgeschwindigkeitsstufen und bietet ein angenehmeres WiFi-Erlebnis.<br \/>\n<iframe loading=\"lazy\" title=\"YouTube-Video-Player\" src=\"https:\/\/www.youtube.com\/embed\/XLnlXqgFVH0\" width=\"560\" height=\"315\" frameborder=\"0\" allowfullscreen=\"allowfullscreen\"><\/iframe><\/p>\n<h2>Was ist WiFi 6E?<\/h2>\n<p>WiFi 6E wurde 2020 angek\u00fcndigt. Es erweitert den WiFi 6-Standard um ein exklusives, brandneues 6GHz-Band. Diese Erweiterung erschlie\u00dft Potenziale, die seit der Einf\u00fchrung von 5GHz vor \u00fcber 20 Jahren nicht mehr gesehen wurden. Mit 3,5x mehr superbreiten WiFi-Kan\u00e4len f\u00fchrt WiFi 6E noch mehr Kapazit\u00e4t, mehr Geschwindigkeit und weniger Verkehr ein, was es zur idealen Netzwerkl\u00f6sung f\u00fcr das hypervernetzte Smart Home macht.<br \/>\nHeute, da wir st\u00e4ndig WiFi-hungrige Apps nutzen, an Videokonferenzen f\u00fcr Arbeit und Schule teilnehmen, in 4K\/8K UHD streamen und AR\/VR-Gaming genie\u00dfen, konkurrieren unsere WiFi-Netzwerke mehr denn je um Bandbreite. Ganz zu schweigen von der st\u00e4ndig wachsenden Anzahl von Smart-Home-Ger\u00e4ten, die wir zu Hause verwenden. Mit WiFi 6E k\u00f6nnen Sie weniger Stau und Interferenzen erwarten, teilweise dank des 6GHz-Bandes, das ausschlie\u00dflich 6E-unterst\u00fctzten Ger\u00e4ten vorbehalten ist, und letztendlich das Potenzial er\u00f6ffnet, viele weitere Anwendungen freizuschalten. Wie Abhay Bhorkar, Senior Director of Product Management \u2013 Connected Home bei NETGEAR, es ausdr\u00fcckt: \u201eEs ist, als w\u00fcrde man eine neue, breitere Autobahn bauen, wenn man den heutigen Verkehr und das zuk\u00fcnftige Verkehrswachstum betrachtet.\u201c<\/p>\n<p><iframe loading=\"lazy\" title=\"YouTube-Video-Player\" src=\"https:\/\/www.youtube.com\/embed\/4Cr8_Pqs9jI\" width=\"560\" height=\"315\" frameborder=\"0\" allowfullscreen=\"allowfullscreen\"><\/iframe><\/p>\n<h2>Was ist der Unterschied zwischen WiFi 6 und WiFi 6E?<\/h2>\n<p>Der Hauptunterschied zwischen den beiden ist einfach das neue, ungenutzte 6GHz-Band. WiFi 6E bietet Ihnen weiterhin die schnellsten Geschwindigkeiten und mehr verbundene Kapazit\u00e4t f\u00fcr mehr Ger\u00e4te, aber die Hinzuf\u00fcgung von mehr Spektrum und Hochbandbreitenkan\u00e4len hilft, Stau und Interferenzen zu lindern \u2013 einige der gr\u00f6\u00dften WiFi-Probleme heute. Mit WiFi 6E k\u00f6nnen Sie das reibungsloseste und schnellste Streaming-Erlebnis, niedrigere Latenz und ultraschnelle Geschwindigkeiten erwarten und so das bestm\u00f6gliche WiFi-Erlebnis erhalten.<\/p>\n<h3>Weitere Unterschiede umfassen:<\/h3>\n<p><strong>Keine Legacy-Ger\u00e4te im 6GHz-Band:<\/strong> Das 6GHz-Band ist exklusiv f\u00fcr WiFi 6E-Ger\u00e4te. 6GHz-Netzwerke m\u00fcssen sich nicht verlangsamen, um \u00e4ltere Ger\u00e4te zu unterst\u00fctzen. Das bedeutet, dass WiFi 6E-Ger\u00e4te die Bandbreite, das Spektrum und die Geschwindigkeitsverbesserungen von 6GHz voll ausnutzen k\u00f6nnen, ohne mit nicht-6E-Ger\u00e4ten konkurrieren zu m\u00fcssen.<br \/>\nZus\u00e4tzliches Spektrum: Das 6GHz-Band unterst\u00fctzt bis zu 14 80MHz-Kan\u00e4le oder sieben 160MHz-Kan\u00e4le. Mehr verf\u00fcgbare WiFi-Kan\u00e4le bedeuten mehr verf\u00fcgbares WiFi-Spektrum und weniger \u00dcberlappung zwischen Netzwerken in \u00fcberf\u00fcllten Bereichen wie Wohnkomplexen oder B\u00fcros.<br \/>\n<strong>Mehr Hochbandbreitenkan\u00e4le:<\/strong> Das 6GHz-Band unterst\u00fctzt fast doppelt so viele Hochbandbreitenkan\u00e4le (80GHz, 160MHz) wie das 5GHz-Band. Mehr verf\u00fcgbare Hochbandbreitenkan\u00e4le bedeuten mehr Kapazit\u00e4t f\u00fcr Anwendungen wie 4K- und 8K-Streaming, Virtual-Reality-Gaming und hochaufl\u00f6sende Videokonferenzen.<\/p>\n<p><strong>Kein DFS-Scannen erforderlich:<\/strong> Im Gegensatz zu 160MHz-Kan\u00e4len im 5GHz-Funkband m\u00fcssen Ger\u00e4te, die im 6GHz-Band arbeiten, das Spektrum nicht mit Radar- oder Fernsehstationen teilen. Als Ergebnis k\u00f6nnen Personen, die 160MHz-Kan\u00e4le aufgrund ihrer N\u00e4he zu Orten wie Flugh\u00e4fen oder Fernsehstationen nicht nutzen k\u00f6nnen, von freien 160MHz-Kan\u00e4len profitieren.<\/p>\n<p><strong>Unterst\u00fctzt WPA3-WiFi-Sicherheitsprotokoll:<\/strong> WPA 3 ist f\u00fcr alle WiFi 6-zertifizierten Ger\u00e4te, die im 6GHz-Band arbeiten, obligatorisch. WPA3 ist die neueste Sicherheitszertifizierung der Wi-Fi Alliance. WPA3 bietet die neuesten Sicherheits- und Authentifizierungsprotokolle. Als Ergebnis ist der 6GHz-WiFi-Verkehr sicherer als je zuvor und 6GHz-Netzwerke sind schwerer zu hacken.<\/p>\n<h2>Was h\u00e4lt die Zukunft f\u00fcr WiFi 6E bereit?<\/h2>\n<p>W\u00e4hrend einige vielleicht fragen, wie bald sie in der Lage sein werden, das 6GHz-Band zu nutzen, ist es sicher zu sagen, dass Endger\u00e4te fr\u00fcher als sp\u00e4ter auf den Weg sein k\u00f6nnten. Als f\u00fchrende Smartphone-Technologie k\u00fcndigte Samsung Anfang des Jahres an, dass das Samsung Galaxy S21 zum Zeitpunkt seiner Ver\u00f6ffentlichung WiFi 6E-f\u00e4hig sein wird. Dar\u00fcber hinaus k\u00fcndigte Samsung k\u00fcrzlich an, dass seine Neo QLED 8K-Fernseher von 2021 die weltweit erste WiFi 6E-Zertifizierung von der Wi-Fi Alliance erhalten haben. Auch Vizios M-Series und V-Series Smart-TVs unterst\u00fctzen WiFi 6E. Und wenn das noch nicht aufregend genug ist, k\u00f6nnen wir laut Tom&#8217;s Guide diesen Sommer WiFi 6E-Ger\u00e4te erwarten, die von Mesh-Systemen, Routern, Laptops, Tablets, Telefonen, AR-Headsets und mehr reichen!<br \/>\n<img loading=\"lazy\" decoding=\"async\" class=\"aligncenter size-full wp-image-8589\" src=\"https:\/\/www.dehub.netgear.com\/de\/hub\/wp-content\/uploads\/2023\/07\/RAXE500_Streaming-1-1024x576_tcm148-135493.jpg\" alt=\"wifi router streaming\" width=\"1024\" height=\"576\" srcset=\"https:\/\/dehub.netgear.com\/de\/hub\/wp-content\/uploads\/2023\/07\/RAXE500_Streaming-1-1024x576_tcm148-135493.jpg 1024w, https:\/\/dehub.netgear.com\/de\/hub\/wp-content\/uploads\/2023\/07\/RAXE500_Streaming-1-1024x576_tcm148-135493-300x169.jpg 300w, https:\/\/dehub.netgear.com\/de\/hub\/wp-content\/uploads\/2023\/07\/RAXE500_Streaming-1-1024x576_tcm148-135493-768x432.jpg 768w\" sizes=\"auto, (max-width: 1024px) 100vw, 1024px\" \/><br \/>\nKlicken Sie hier, um mehr \u00fcber den <a href=\"https:\/\/www.dehub.netgear.com\/de\/home\/wifi\/routers\/raxe500\/\">RAXE500 Tri-Band WiFi 6E Router<\/a> zu erfahren!<br \/>\nPlanen Sie, Ihr WiFi-Netzwerk auf WiFi 6E <a href=\"https:\/\/www.dehub.netgear.com\/de\/home\/wifi\/routers\/listing-filter\/ax-wifi7\/ax-wifi6e\/\">zu aktualisieren<\/a>? Teilen Sie es uns in den Kommentaren unten mit!<\/p>\n","protected":false},"excerpt":{"rendered":"<p>K\u00fcrzlich wurde der NETGEAR Nighthawk RAXE500 Tri-Band WiFi 6E Router exklusiv im NETGEAR Store zum Kauf angeboten. W\u00e4hrend die Verbesserung des neuesten WiFi-Standards viel Aufmerksamkeit und Begeisterung von Technikbegeisterten und Early Adopters gleicherma\u00dfen erh\u00e4lt, ist die Bedeutung der Erweiterung von WiFi auf das neue 6GHz-Band f\u00fcr einige vielleicht nicht ganz klar. Schlie\u00dflich ist die Einf\u00fchrung [&hellip;]<\/p>\n","protected":false},"author":68,"featured_media":8589,"parent":6678,"menu_order":4,"comment_status":"closed","ping_status":"closed","template":"templates\/blog-wifi.php","meta":{"_acf_changed":false,"footnotes":""},"class_list":["post-8584","page","type-page","status-publish","has-post-thumbnail","hentry"],"acf":[],"yoast_head":"<!-- This site is optimized with the Yoast SEO plugin v27.5 - https:\/\/yoast.com\/product\/yoast-seo-wordpress\/ -->\n<title>WiFi 6E vs. WiFi 6 - Enth\u00fcllung der n\u00e4chsten Ebene des drahtlosen Netzwerks<\/title>\n<meta name=\"description\" content=\"Entdecken Sie die Unterschiede zwischen WiFi 6E und WiFi 6, w\u00e4hrend WiFi 6E in das 6GHz-Spektrum eintritt. Tauchen Sie ein in die Welt von NETGEAR und erfahren Sie, wie jeder dieser Standards Ihr Konnektivit\u00e4tserlebnis pr\u00e4gt.\" \/>\n<meta name=\"robots\" content=\"index, follow, max-snippet:-1, max-image-preview:large, max-video-preview:-1\" \/>\n<link rel=\"canonical\" href=\"https:\/\/dehub.netgear.com\/de\/hub\/technology\/wifi-6e-vs-wifi-6\/\" \/>\n<meta property=\"og:locale\" content=\"de_DE\" \/>\n<meta property=\"og:type\" content=\"article\" \/>\n<meta property=\"og:title\" content=\"WiFi 6E vs. WiFi 6 - Enth\u00fcllung der n\u00e4chsten Ebene des drahtlosen Netzwerks\" \/>\n<meta property=\"og:description\" content=\"Entdecken Sie die Unterschiede zwischen WiFi 6E und WiFi 6, w\u00e4hrend WiFi 6E in das 6GHz-Spektrum eintritt. Tauchen Sie ein in die Welt von NETGEAR und erfahren Sie, wie jeder dieser Standards Ihr Konnektivit\u00e4tserlebnis pr\u00e4gt.\" \/>\n<meta property=\"og:url\" content=\"https:\/\/dehub.netgear.com\/de\/hub\/technology\/wifi-6e-vs-wifi-6\/\" \/>\n<meta property=\"og:site_name\" content=\"NETGEAR Hub\" \/>\n<meta property=\"article:publisher\" content=\"https:\/\/www.facebook.com\/NetgearAU\/\" \/>\n<meta property=\"article:modified_time\" content=\"2024-11-19T00:58:28+00:00\" \/>\n<meta property=\"og:image\" content=\"https:\/\/dehub.netgear.com\/de\/hub\/wp-content\/uploads\/2023\/07\/RAXE500_Streaming-1-1024x576_tcm148-135493.jpg\" \/>\n\t<meta property=\"og:image:width\" content=\"1024\" \/>\n\t<meta property=\"og:image:height\" content=\"576\" \/>\n\t<meta property=\"og:image:type\" content=\"image\/jpeg\" \/>\n<meta name=\"twitter:card\" content=\"summary_large_image\" \/>\n<meta name=\"twitter:site\" content=\"@NETGEAR\" \/>\n<meta name=\"twitter:label1\" content=\"Gesch\u00e4tzte Lesezeit\" \/>\n\t<meta name=\"twitter:data1\" content=\"4\u00a0Minuten\" \/>\n<script type=\"application\/ld+json\" class=\"yoast-schema-graph\">{\"@context\":\"https:\\\/\\\/schema.org\",\"@graph\":[{\"@type\":\"WebPage\",\"@id\":\"https:\\\/\\\/dehub.netgear.com\\\/de\\\/hub\\\/technology\\\/wifi-6e-vs-wifi-6\\\/\",\"url\":\"https:\\\/\\\/dehub.netgear.com\\\/de\\\/hub\\\/technology\\\/wifi-6e-vs-wifi-6\\\/\",\"name\":\"WiFi 6E vs. WiFi 6 - Enth\u00fcllung der n\u00e4chsten Ebene des drahtlosen Netzwerks\",\"isPartOf\":{\"@id\":\"https:\\\/\\\/dehub.netgear.com\\\/de\\\/hub\\\/#website\"},\"primaryImageOfPage\":{\"@id\":\"https:\\\/\\\/dehub.netgear.com\\\/de\\\/hub\\\/technology\\\/wifi-6e-vs-wifi-6\\\/#primaryimage\"},\"image\":{\"@id\":\"https:\\\/\\\/dehub.netgear.com\\\/de\\\/hub\\\/technology\\\/wifi-6e-vs-wifi-6\\\/#primaryimage\"},\"thumbnailUrl\":\"https:\\\/\\\/dehub.netgear.com\\\/de\\\/hub\\\/wp-content\\\/uploads\\\/2023\\\/07\\\/RAXE500_Streaming-1-1024x576_tcm148-135493.jpg\",\"datePublished\":\"2021-03-26T14:50:21+00:00\",\"dateModified\":\"2024-11-19T00:58:28+00:00\",\"description\":\"Entdecken Sie die Unterschiede zwischen WiFi 6E und WiFi 6, w\u00e4hrend WiFi 6E in das 6GHz-Spektrum eintritt. Tauchen Sie ein in die Welt von NETGEAR und erfahren Sie, wie jeder dieser Standards Ihr Konnektivit\u00e4tserlebnis pr\u00e4gt.\",\"breadcrumb\":{\"@id\":\"https:\\\/\\\/dehub.netgear.com\\\/de\\\/hub\\\/technology\\\/wifi-6e-vs-wifi-6\\\/#breadcrumb\"},\"inLanguage\":\"de\",\"potentialAction\":[{\"@type\":\"ReadAction\",\"target\":[\"https:\\\/\\\/dehub.netgear.com\\\/de\\\/hub\\\/technology\\\/wifi-6e-vs-wifi-6\\\/\"]}]},{\"@type\":\"ImageObject\",\"inLanguage\":\"de\",\"@id\":\"https:\\\/\\\/dehub.netgear.com\\\/de\\\/hub\\\/technology\\\/wifi-6e-vs-wifi-6\\\/#primaryimage\",\"url\":\"https:\\\/\\\/dehub.netgear.com\\\/de\\\/hub\\\/wp-content\\\/uploads\\\/2023\\\/07\\\/RAXE500_Streaming-1-1024x576_tcm148-135493.jpg\",\"contentUrl\":\"https:\\\/\\\/dehub.netgear.com\\\/de\\\/hub\\\/wp-content\\\/uploads\\\/2023\\\/07\\\/RAXE500_Streaming-1-1024x576_tcm148-135493.jpg\",\"width\":1024,\"height\":576,\"caption\":\"wifi router streaming\"},{\"@type\":\"BreadcrumbList\",\"@id\":\"https:\\\/\\\/dehub.netgear.com\\\/de\\\/hub\\\/technology\\\/wifi-6e-vs-wifi-6\\\/#breadcrumb\",\"itemListElement\":[{\"@type\":\"ListItem\",\"position\":1,\"name\":\"Home\",\"item\":\"https:\\\/\\\/dehub.netgear.com\\\/de\\\/hub\\\/\"},{\"@type\":\"ListItem\",\"position\":2,\"name\":\"Technology\",\"item\":\"https:\\\/\\\/dehub.netgear.com\\\/de\\\/hub\\\/technology\\\/\"},{\"@type\":\"ListItem\",\"position\":3,\"name\":\"Was ist der Unterschied zwischen WiFi 6E und WiFi 6?\"}]},{\"@type\":\"WebSite\",\"@id\":\"https:\\\/\\\/dehub.netgear.com\\\/de\\\/hub\\\/#website\",\"url\":\"https:\\\/\\\/dehub.netgear.com\\\/de\\\/hub\\\/\",\"name\":\"NETGEAR\",\"description\":\"Erkunden Sie unsere Hub-Seiten und st\u00f6bern Sie in Artikeln, um mehr \u00fcber NETGEAR Produkte und Technologien zu erfahren.\",\"publisher\":{\"@id\":\"https:\\\/\\\/dehub.netgear.com\\\/de\\\/hub\\\/#organization\"},\"potentialAction\":[{\"@type\":\"SearchAction\",\"target\":{\"@type\":\"EntryPoint\",\"urlTemplate\":\"https:\\\/\\\/dehub.netgear.com\\\/de\\\/hub\\\/?s={search_term_string}\"},\"query-input\":{\"@type\":\"PropertyValueSpecification\",\"valueRequired\":true,\"valueName\":\"search_term_string\"}}],\"inLanguage\":\"de\"},{\"@type\":\"Organization\",\"@id\":\"https:\\\/\\\/dehub.netgear.com\\\/de\\\/hub\\\/#organization\",\"name\":\"NETGEAR\",\"url\":\"https:\\\/\\\/dehub.netgear.com\\\/de\\\/hub\\\/\",\"logo\":{\"@type\":\"ImageObject\",\"inLanguage\":\"de\",\"@id\":\"https:\\\/\\\/dehub.netgear.com\\\/de\\\/hub\\\/#\\\/schema\\\/logo\\\/image\\\/\",\"url\":\"https:\\\/\\\/www.dehub.netgear.com\\\/de\\\/hub\\\/wp-content\\\/uploads\\\/2019\\\/07\\\/NETGEAR_logo.jpg\",\"contentUrl\":\"https:\\\/\\\/www.dehub.netgear.com\\\/de\\\/hub\\\/wp-content\\\/uploads\\\/2019\\\/07\\\/NETGEAR_logo.jpg\",\"width\":1500,\"height\":501,\"caption\":\"NETGEAR\"},\"image\":{\"@id\":\"https:\\\/\\\/dehub.netgear.com\\\/de\\\/hub\\\/#\\\/schema\\\/logo\\\/image\\\/\"},\"sameAs\":[\"https:\\\/\\\/www.facebook.com\\\/NetgearAU\\\/\",\"https:\\\/\\\/x.com\\\/NETGEAR\",\"https:\\\/\\\/www.linkedin.com\\\/company\\\/netgear\"]}]}<\/script>\n<!-- \/ Yoast SEO plugin. -->","yoast_head_json":{"title":"WiFi 6E vs. WiFi 6 - Enth\u00fcllung der n\u00e4chsten Ebene des drahtlosen Netzwerks","description":"Entdecken Sie die Unterschiede zwischen WiFi 6E und WiFi 6, w\u00e4hrend WiFi 6E in das 6GHz-Spektrum eintritt. Tauchen Sie ein in die Welt von NETGEAR und erfahren Sie, wie jeder dieser Standards Ihr Konnektivit\u00e4tserlebnis pr\u00e4gt.","robots":{"index":"index","follow":"follow","max-snippet":"max-snippet:-1","max-image-preview":"max-image-preview:large","max-video-preview":"max-video-preview:-1"},"canonical":"https:\/\/dehub.netgear.com\/de\/hub\/technology\/wifi-6e-vs-wifi-6\/","og_locale":"de_DE","og_type":"article","og_title":"WiFi 6E vs. WiFi 6 - Enth\u00fcllung der n\u00e4chsten Ebene des drahtlosen Netzwerks","og_description":"Entdecken Sie die Unterschiede zwischen WiFi 6E und WiFi 6, w\u00e4hrend WiFi 6E in das 6GHz-Spektrum eintritt. Tauchen Sie ein in die Welt von NETGEAR und erfahren Sie, wie jeder dieser Standards Ihr Konnektivit\u00e4tserlebnis pr\u00e4gt.","og_url":"https:\/\/dehub.netgear.com\/de\/hub\/technology\/wifi-6e-vs-wifi-6\/","og_site_name":"NETGEAR Hub","article_publisher":"https:\/\/www.facebook.com\/NetgearAU\/","article_modified_time":"2024-11-19T00:58:28+00:00","og_image":[{"width":1024,"height":576,"url":"https:\/\/dehub.netgear.com\/de\/hub\/wp-content\/uploads\/2023\/07\/RAXE500_Streaming-1-1024x576_tcm148-135493.jpg","type":"image\/jpeg"}],"twitter_card":"summary_large_image","twitter_site":"@NETGEAR","twitter_misc":{"Gesch\u00e4tzte Lesezeit":"4\u00a0Minuten"},"schema":{"@context":"https:\/\/schema.org","@graph":[{"@type":"WebPage","@id":"https:\/\/dehub.netgear.com\/de\/hub\/technology\/wifi-6e-vs-wifi-6\/","url":"https:\/\/dehub.netgear.com\/de\/hub\/technology\/wifi-6e-vs-wifi-6\/","name":"WiFi 6E vs. WiFi 6 - Enth\u00fcllung der n\u00e4chsten Ebene des drahtlosen Netzwerks","isPartOf":{"@id":"https:\/\/dehub.netgear.com\/de\/hub\/#website"},"primaryImageOfPage":{"@id":"https:\/\/dehub.netgear.com\/de\/hub\/technology\/wifi-6e-vs-wifi-6\/#primaryimage"},"image":{"@id":"https:\/\/dehub.netgear.com\/de\/hub\/technology\/wifi-6e-vs-wifi-6\/#primaryimage"},"thumbnailUrl":"https:\/\/dehub.netgear.com\/de\/hub\/wp-content\/uploads\/2023\/07\/RAXE500_Streaming-1-1024x576_tcm148-135493.jpg","datePublished":"2021-03-26T14:50:21+00:00","dateModified":"2024-11-19T00:58:28+00:00","description":"Entdecken Sie die Unterschiede zwischen WiFi 6E und WiFi 6, w\u00e4hrend WiFi 6E in das 6GHz-Spektrum eintritt. Tauchen Sie ein in die Welt von NETGEAR und erfahren Sie, wie jeder dieser Standards Ihr Konnektivit\u00e4tserlebnis pr\u00e4gt.","breadcrumb":{"@id":"https:\/\/dehub.netgear.com\/de\/hub\/technology\/wifi-6e-vs-wifi-6\/#breadcrumb"},"inLanguage":"de","potentialAction":[{"@type":"ReadAction","target":["https:\/\/dehub.netgear.com\/de\/hub\/technology\/wifi-6e-vs-wifi-6\/"]}]},{"@type":"ImageObject","inLanguage":"de","@id":"https:\/\/dehub.netgear.com\/de\/hub\/technology\/wifi-6e-vs-wifi-6\/#primaryimage","url":"https:\/\/dehub.netgear.com\/de\/hub\/wp-content\/uploads\/2023\/07\/RAXE500_Streaming-1-1024x576_tcm148-135493.jpg","contentUrl":"https:\/\/dehub.netgear.com\/de\/hub\/wp-content\/uploads\/2023\/07\/RAXE500_Streaming-1-1024x576_tcm148-135493.jpg","width":1024,"height":576,"caption":"wifi router streaming"},{"@type":"BreadcrumbList","@id":"https:\/\/dehub.netgear.com\/de\/hub\/technology\/wifi-6e-vs-wifi-6\/#breadcrumb","itemListElement":[{"@type":"ListItem","position":1,"name":"Home","item":"https:\/\/dehub.netgear.com\/de\/hub\/"},{"@type":"ListItem","position":2,"name":"Technology","item":"https:\/\/dehub.netgear.com\/de\/hub\/technology\/"},{"@type":"ListItem","position":3,"name":"Was ist der Unterschied zwischen WiFi 6E und WiFi 6?"}]},{"@type":"WebSite","@id":"https:\/\/dehub.netgear.com\/de\/hub\/#website","url":"https:\/\/dehub.netgear.com\/de\/hub\/","name":"NETGEAR","description":"Erkunden Sie unsere Hub-Seiten und st\u00f6bern Sie in Artikeln, um mehr \u00fcber NETGEAR Produkte und Technologien zu erfahren.","publisher":{"@id":"https:\/\/dehub.netgear.com\/de\/hub\/#organization"},"potentialAction":[{"@type":"SearchAction","target":{"@type":"EntryPoint","urlTemplate":"https:\/\/dehub.netgear.com\/de\/hub\/?s={search_term_string}"},"query-input":{"@type":"PropertyValueSpecification","valueRequired":true,"valueName":"search_term_string"}}],"inLanguage":"de"},{"@type":"Organization","@id":"https:\/\/dehub.netgear.com\/de\/hub\/#organization","name":"NETGEAR","url":"https:\/\/dehub.netgear.com\/de\/hub\/","logo":{"@type":"ImageObject","inLanguage":"de","@id":"https:\/\/dehub.netgear.com\/de\/hub\/#\/schema\/logo\/image\/","url":"https:\/\/www.dehub.netgear.com\/de\/hub\/wp-content\/uploads\/2019\/07\/NETGEAR_logo.jpg","contentUrl":"https:\/\/www.dehub.netgear.com\/de\/hub\/wp-content\/uploads\/2019\/07\/NETGEAR_logo.jpg","width":1500,"height":501,"caption":"NETGEAR"},"image":{"@id":"https:\/\/dehub.netgear.com\/de\/hub\/#\/schema\/logo\/image\/"},"sameAs":["https:\/\/www.facebook.com\/NetgearAU\/","https:\/\/x.com\/NETGEAR","https:\/\/www.linkedin.com\/company\/netgear"]}]}},"_links":{"self":[{"href":"https:\/\/dehub.netgear.com\/de\/hub\/wp-json\/wp\/v2\/pages\/8584","targetHints":{"allow":["GET"]}}],"collection":[{"href":"https:\/\/dehub.netgear.com\/de\/hub\/wp-json\/wp\/v2\/pages"}],"about":[{"href":"https:\/\/dehub.netgear.com\/de\/hub\/wp-json\/wp\/v2\/types\/page"}],"author":[{"embeddable":true,"href":"https:\/\/dehub.netgear.com\/de\/hub\/wp-json\/wp\/v2\/users\/68"}],"replies":[{"embeddable":true,"href":"https:\/\/dehub.netgear.com\/de\/hub\/wp-json\/wp\/v2\/comments?post=8584"}],"version-history":[{"count":17,"href":"https:\/\/dehub.netgear.com\/de\/hub\/wp-json\/wp\/v2\/pages\/8584\/revisions"}],"predecessor-version":[{"id":9916,"href":"https:\/\/dehub.netgear.com\/de\/hub\/wp-json\/wp\/v2\/pages\/8584\/revisions\/9916"}],"up":[{"embeddable":true,"href":"https:\/\/dehub.netgear.com\/de\/hub\/wp-json\/wp\/v2\/pages\/6678"}],"wp:featuredmedia":[{"embeddable":true,"href":"https:\/\/dehub.netgear.com\/de\/hub\/wp-json\/wp\/v2\/media\/8589"}],"wp:attachment":[{"href":"https:\/\/dehub.netgear.com\/de\/hub\/wp-json\/wp\/v2\/media?parent=8584"}],"curies":[{"name":"wp","href":"https:\/\/api.w.org\/{rel}","templated":true}]}}