{"id":8011,"date":"2023-06-21T11:34:37","date_gmt":"2023-06-21T18:34:37","guid":{"rendered":"https:\/\/stg-smscomparisoncouk-netgearger.kinsta.cloud\/?page_id=8011"},"modified":"2025-04-15T10:49:54","modified_gmt":"2025-04-15T08:49:54","slug":"netgear-und-waves-machen-gemeinsam-wunderschone-musik","status":"publish","type":"page","link":"https:\/\/dehub.netgear.com\/de\/hub\/business\/av\/netgear-und-waves-machen-gemeinsam-wunderschone-musik\/","title":{"rendered":"NETGEAR und Waves machen gemeinsam wundersch\u00f6ne Musik"},"content":{"rendered":"<h1><strong>NETGEAR und Waves machen gemeinsam wundersch\u00f6ne Musik<\/strong><\/h1>\n<p>&nbsp;<\/p>\n<p>Die NETGEAR M4250 AV-Serie Switches verf\u00fcgen jetzt \u00fcber ein Ein-Klick-Profil, mit dem das AV-over-IP-Netzwerk in Sekundenschnelle f\u00fcr die Waves SoundGrid\u00ae Software und Hardware konfiguriert werden kann.<\/p>\n<p><strong>Was ist die Waves-Technologie f\u00fcr AV?<\/strong><br \/>\nJeder, der mit der Musikaufnahmebranche zu tun hat, kennt Waves. Das Unternehmen ist der weltweit f\u00fchrende Entwickler von Audio-Plugins und Signalprozessoren f\u00fcr den professionellen und den Unterhaltungselektronik-Audiomarkt. Man h\u00f6rt seine innovativen Software- und Hardware-Prozessoren auf erfolgreichen Musikaufnahmen, in gro\u00dfen Kinofilmen und beliebten Videospielen weltweit. Sie werden in allen Bereichen der Audioproduktion eingesetzt \u2013 vom Recording \u00fcber das Mischen und Mastern bis hin zu Rundfunk, Live-Sound und mehr.<\/p>\n<p><strong>1-Klick-Waves-Konfiguration mit Switches der M4250 AV-Serie<\/strong><br \/>\nIch bin stolz sagen zu k\u00f6nnen, dass wir nun schon seit \u00fcber einem Jahr mit diesem Marktf\u00fchrer zusammenarbeiten, und freue mich sehr, die Fr\u00fcchte dieser Zusammenarbeit bekannt zu geben. Unsere erfolgreiche AV Line von Ethernet-Switches \u2013 die Serien M4250 und M4300 \u2013 sowie der NETGEAR Engage Controller verf\u00fcgen jetzt \u00fcber eine gro\u00dfartige neue Funktion: ein Ein-Klick-Profil, mit dem sich das AV-over-IP-Netzwerk in Sekundenschnelle f\u00fcr die Waves SoundGrid\u00ae Software und Hardware konfigurieren l\u00e4sst.<\/p>\n<p>Waves\u2019 SoundGrid ist eine leistungsstarke Technologie, die zahlreiche Vorteile f\u00fcr die Audiobearbeitung und Audiovernetzung bietet. SoundGrid erm\u00f6glicht eine extrem geringe Latenz und ist damit ideal f\u00fcr Echtzeitverarbeitung, Mixing und Monitoring-Anwendungen geeignet. Dadurch k\u00f6nnen Musiker und Tontechniker mit h\u00f6chster Pr\u00e4zision und Genauigkeit auftreten und aufnehmen \u2013 bei einer Latenz von unter 1 ms.<\/p>\n<p>\u201cWir freuen uns sehr \u00fcber die Partnerschaft mit NETGEAR, um ein Waves SoundGrid-Profil anzubieten, das den Nutzern eine einfache und unkomplizierte M\u00f6glichkeit bietet, ihre Switches f\u00fcr die Verwendung mit SoundGrid zu konfigurieren\u201c, sagte Noam Raz, General Manager der Waves Live Division. \u201eDie AV-Switch-Produktlinie von NETGEAR ist sehr flexibel und hervorragend auf die Skalierbarkeit von Waves SoundGrid abgestimmt. Es war eine Freude, sie f\u00fcr SoundGrid zu qualifizieren, da sie sich einfach und intuitiv konfigurieren und bedienen lassen.\u201d<\/p>\n<p>SoundGrid ist \u00e4u\u00dferst skalierbar, was bedeutet, dass es sowohl kleine als auch gro\u00dfe Mengen an Audiokan\u00e4len und Verarbeitungsvorg\u00e4ngen bew\u00e4ltigen kann. Dadurch eignet es sich f\u00fcr eine Vielzahl von Anwendungen \u2013 von kleinen Veranstaltungsorten bis hin zu gro\u00dfen Live-Auftritten. Unsere AV-Switches wachsen mit der SoundGrid-Anwendung mit, wenn Kunden ihre Systeme erweitern.<\/p>\n<p>Die renommierte Audioverarbeitungs- und Mixing-Technologie von Waves gew\u00e4hrleistet, dass der Klang klar, detailreich und pr\u00e4zise ist, was SoundGrid ideal f\u00fcr Aufnahme-, Misch-, Rundfunk- und Mastering-Anwendungen macht, bei denen die Audioqualit\u00e4t von gr\u00f6\u00dfter Bedeutung ist. Die verwalteten Switches der NETGEAR M4250- und M4300-Serie bieten die notwendige Netzwerkleistung, um die bestm\u00f6gliche Wiedergabetreue zu gew\u00e4hrleisten.<\/p>\n<p>SoundGrid ist \u00e4u\u00dferst flexibel und erm\u00f6glicht es den Nutzern, ihre Setups ganz nach ihren Bed\u00fcrfnissen anzupassen. Dies umfasst das Hoch- oder Herunterskalieren der Ger\u00e4te im Netzwerk, das Hinzuf\u00fcgen oder Entfernen von Verarbeitung-Plugins, das \u00c4ndern der Audio-Signal-Routing, das Anpassen der Latenz-Einstellungen und vieles mehr. Bei der Verwendung des Waves SoundGrid-Profils auf unseren Switches k\u00f6nnen Nutzer ihr Setup problemlos \u00e4ndern, ohne das Netzwerk manuell neu konfigurieren zu m\u00fcssen.<\/p>\n<p><strong>Was sind die NETGEAR AV Line Switches?<\/strong><br \/>\nUnsere AV Line Switches wurden f\u00fcr den wachsenden Markt von Audio- und Video\u00fcbertragung \u00fcber IP (AV over IP) entwickelt und konstruiert. Unsere Produkte kombinieren jahrelange Netzwerkerfahrung mit Best Practices f\u00fchrender Experten im professionellen AV-Markt. Wir sind sehr stolz darauf, benutzerw\u00e4hlbare Profile f\u00fcr die g\u00e4ngigsten AV-Plattformen anzubieten, sodass es ein Kinderspiel ist, sicherzustellen, dass die Einstellungen f\u00fcr eine bestimmte Audio- oder Videoanwendung korrekt sind. Unser Engage Controller erleichtert das Onboarding, die Konfiguration und die \u00dcberwachung mehrerer M4250- und M4300-Switches, die in AV-Netzwerken verwendet werden.<\/p>\n<p>SoundGrid integriert sich nahtlos mit einer Vielzahl anderer Audiotechnologien, einschlie\u00dflich Digital Audio Workstations (DAWs), Live-Sound-Konsolen und anderen Waves-Produkten. Dies erleichtert die Integration von SoundGrid in bestehende Arbeitsabl\u00e4ufe. In Kombination mit den NETGEAR AV Line Switches gibt es selbst bei der Nutzung des Netzwerks f\u00fcr andere Audio- oder Video-Protokolle keine Unterbrechungen oder Staus.<\/p>\n<p>Bitte kontaktieren Sie proavdesign@netgeargermany.kinsta.cloud oder https:\/\/www.waves.com\/contact-support f\u00fcr Beratung zu Ihrer speziellen SoundGrid-Netzwerk-Setup oder -Erweiterung.<\/p>\n","protected":false},"excerpt":{"rendered":"<p>NETGEAR und Waves machen gemeinsam wundersch\u00f6ne Musik &nbsp; Die NETGEAR M4250 AV-Serie Switches verf\u00fcgen jetzt \u00fcber ein Ein-Klick-Profil, mit dem das AV-over-IP-Netzwerk in Sekundenschnelle f\u00fcr die Waves SoundGrid\u00ae Software und Hardware konfiguriert werden kann. Was ist die Waves-Technologie f\u00fcr AV? Jeder, der mit der Musikaufnahmebranche zu tun hat, kennt Waves. Das Unternehmen ist der weltweit [&hellip;]<\/p>\n","protected":false},"author":69,"featured_media":8012,"parent":6754,"menu_order":13,"comment_status":"closed","ping_status":"closed","template":"templates\/blog-wifi.php","meta":{"_acf_changed":false,"footnotes":""},"class_list":["post-8011","page","type-page","status-publish","has-post-thumbnail","hentry"],"acf":[],"yoast_head":"<!-- This site is optimized with the Yoast SEO plugin v27.4 - https:\/\/yoast.com\/product\/yoast-seo-wordpress\/ -->\n<title>NETGEAR und Waves machen gemeinsam wundersch\u00f6ne Musik - NETGEAR Hub<\/title>\n<meta name=\"description\" content=\"NETGEAR M4250 AV Series switches now have a one-click profile to configure the AV-over-IP network in seconds for Waves SoundGrid\u00ae software.\" \/>\n<meta name=\"robots\" content=\"index, follow, max-snippet:-1, max-image-preview:large, max-video-preview:-1\" \/>\n<link rel=\"canonical\" href=\"https:\/\/dehub.netgear.com\/de\/hub\/business\/av\/netgear-und-waves-machen-gemeinsam-wunderschone-musik\/\" \/>\n<meta property=\"og:locale\" content=\"de_DE\" \/>\n<meta property=\"og:type\" content=\"article\" \/>\n<meta property=\"og:title\" content=\"NETGEAR und Waves machen gemeinsam wundersch\u00f6ne Musik - NETGEAR Hub\" \/>\n<meta property=\"og:description\" content=\"NETGEAR M4250 AV Series switches now have a one-click profile to configure the AV-over-IP network in seconds for Waves SoundGrid\u00ae software.\" \/>\n<meta property=\"og:url\" content=\"https:\/\/dehub.netgear.com\/de\/hub\/business\/av\/netgear-und-waves-machen-gemeinsam-wunderschone-musik\/\" \/>\n<meta property=\"og:site_name\" content=\"NETGEAR Hub\" \/>\n<meta property=\"article:publisher\" content=\"https:\/\/www.facebook.com\/NetgearAU\/\" \/>\n<meta property=\"article:modified_time\" content=\"2025-04-15T08:49:54+00:00\" \/>\n<meta property=\"og:image\" content=\"https:\/\/dehub.netgear.com\/de\/hub\/wp-content\/uploads\/2023\/06\/Waves_partnership_tcm148-151327.jpg\" \/>\n\t<meta property=\"og:image:width\" content=\"1920\" \/>\n\t<meta property=\"og:image:height\" content=\"537\" \/>\n\t<meta property=\"og:image:type\" content=\"image\/jpeg\" \/>\n<meta name=\"twitter:card\" content=\"summary_large_image\" \/>\n<meta name=\"twitter:site\" content=\"@NETGEAR\" \/>\n<meta name=\"twitter:label1\" content=\"Gesch\u00e4tzte Lesezeit\" \/>\n\t<meta name=\"twitter:data1\" content=\"3\u00a0Minuten\" \/>\n<script type=\"application\/ld+json\" class=\"yoast-schema-graph\">{\"@context\":\"https:\\\/\\\/schema.org\",\"@graph\":[{\"@type\":\"WebPage\",\"@id\":\"https:\\\/\\\/dehub.netgear.com\\\/de\\\/hub\\\/business\\\/av\\\/netgear-und-waves-machen-gemeinsam-wunderschone-musik\\\/\",\"url\":\"https:\\\/\\\/dehub.netgear.com\\\/de\\\/hub\\\/business\\\/av\\\/netgear-und-waves-machen-gemeinsam-wunderschone-musik\\\/\",\"name\":\"NETGEAR und Waves machen gemeinsam wundersch\u00f6ne Musik - NETGEAR Hub\",\"isPartOf\":{\"@id\":\"https:\\\/\\\/dehub.netgear.com\\\/de\\\/hub\\\/#website\"},\"primaryImageOfPage\":{\"@id\":\"https:\\\/\\\/dehub.netgear.com\\\/de\\\/hub\\\/business\\\/av\\\/netgear-und-waves-machen-gemeinsam-wunderschone-musik\\\/#primaryimage\"},\"image\":{\"@id\":\"https:\\\/\\\/dehub.netgear.com\\\/de\\\/hub\\\/business\\\/av\\\/netgear-und-waves-machen-gemeinsam-wunderschone-musik\\\/#primaryimage\"},\"thumbnailUrl\":\"https:\\\/\\\/dehub.netgear.com\\\/de\\\/hub\\\/wp-content\\\/uploads\\\/2023\\\/06\\\/Waves_partnership_tcm148-151327.jpg\",\"datePublished\":\"2023-06-21T18:34:37+00:00\",\"dateModified\":\"2025-04-15T08:49:54+00:00\",\"description\":\"NETGEAR M4250 AV Series switches now have a one-click profile to configure the AV-over-IP network in seconds for Waves SoundGrid\u00ae software.\",\"breadcrumb\":{\"@id\":\"https:\\\/\\\/dehub.netgear.com\\\/de\\\/hub\\\/business\\\/av\\\/netgear-und-waves-machen-gemeinsam-wunderschone-musik\\\/#breadcrumb\"},\"inLanguage\":\"de\",\"potentialAction\":[{\"@type\":\"ReadAction\",\"target\":[\"https:\\\/\\\/dehub.netgear.com\\\/de\\\/hub\\\/business\\\/av\\\/netgear-und-waves-machen-gemeinsam-wunderschone-musik\\\/\"]}]},{\"@type\":\"ImageObject\",\"inLanguage\":\"de\",\"@id\":\"https:\\\/\\\/dehub.netgear.com\\\/de\\\/hub\\\/business\\\/av\\\/netgear-und-waves-machen-gemeinsam-wunderschone-musik\\\/#primaryimage\",\"url\":\"https:\\\/\\\/dehub.netgear.com\\\/de\\\/hub\\\/wp-content\\\/uploads\\\/2023\\\/06\\\/Waves_partnership_tcm148-151327.jpg\",\"contentUrl\":\"https:\\\/\\\/dehub.netgear.com\\\/de\\\/hub\\\/wp-content\\\/uploads\\\/2023\\\/06\\\/Waves_partnership_tcm148-151327.jpg\",\"width\":1920,\"height\":537},{\"@type\":\"BreadcrumbList\",\"@id\":\"https:\\\/\\\/dehub.netgear.com\\\/de\\\/hub\\\/business\\\/av\\\/netgear-und-waves-machen-gemeinsam-wunderschone-musik\\\/#breadcrumb\",\"itemListElement\":[{\"@type\":\"ListItem\",\"position\":1,\"name\":\"Home\",\"item\":\"https:\\\/\\\/dehub.netgear.com\\\/de\\\/hub\\\/\"},{\"@type\":\"ListItem\",\"position\":2,\"name\":\"Business Articles Hub\",\"item\":\"https:\\\/\\\/dehub.netgear.com\\\/de\\\/hub\\\/business\\\/\"},{\"@type\":\"ListItem\",\"position\":3,\"name\":\"Business AV\",\"item\":\"https:\\\/\\\/dehub.netgear.com\\\/de\\\/hub\\\/business\\\/av\\\/\"},{\"@type\":\"ListItem\",\"position\":4,\"name\":\"NETGEAR und Waves machen gemeinsam wundersch\u00f6ne Musik\"}]},{\"@type\":\"WebSite\",\"@id\":\"https:\\\/\\\/dehub.netgear.com\\\/de\\\/hub\\\/#website\",\"url\":\"https:\\\/\\\/dehub.netgear.com\\\/de\\\/hub\\\/\",\"name\":\"NETGEAR\",\"description\":\"Erkunden Sie unsere Hub-Seiten und st\u00f6bern Sie in Artikeln, um mehr \u00fcber NETGEAR Produkte und Technologien zu erfahren.\",\"publisher\":{\"@id\":\"https:\\\/\\\/dehub.netgear.com\\\/de\\\/hub\\\/#organization\"},\"potentialAction\":[{\"@type\":\"SearchAction\",\"target\":{\"@type\":\"EntryPoint\",\"urlTemplate\":\"https:\\\/\\\/dehub.netgear.com\\\/de\\\/hub\\\/?s={search_term_string}\"},\"query-input\":{\"@type\":\"PropertyValueSpecification\",\"valueRequired\":true,\"valueName\":\"search_term_string\"}}],\"inLanguage\":\"de\"},{\"@type\":\"Organization\",\"@id\":\"https:\\\/\\\/dehub.netgear.com\\\/de\\\/hub\\\/#organization\",\"name\":\"NETGEAR\",\"url\":\"https:\\\/\\\/dehub.netgear.com\\\/de\\\/hub\\\/\",\"logo\":{\"@type\":\"ImageObject\",\"inLanguage\":\"de\",\"@id\":\"https:\\\/\\\/dehub.netgear.com\\\/de\\\/hub\\\/#\\\/schema\\\/logo\\\/image\\\/\",\"url\":\"https:\\\/\\\/www.dehub.netgear.com\\\/de\\\/hub\\\/wp-content\\\/uploads\\\/2019\\\/07\\\/NETGEAR_logo.jpg\",\"contentUrl\":\"https:\\\/\\\/www.dehub.netgear.com\\\/de\\\/hub\\\/wp-content\\\/uploads\\\/2019\\\/07\\\/NETGEAR_logo.jpg\",\"width\":1500,\"height\":501,\"caption\":\"NETGEAR\"},\"image\":{\"@id\":\"https:\\\/\\\/dehub.netgear.com\\\/de\\\/hub\\\/#\\\/schema\\\/logo\\\/image\\\/\"},\"sameAs\":[\"https:\\\/\\\/www.facebook.com\\\/NetgearAU\\\/\",\"https:\\\/\\\/x.com\\\/NETGEAR\",\"https:\\\/\\\/www.linkedin.com\\\/company\\\/netgear\"]}]}<\/script>\n<!-- \/ Yoast SEO plugin. -->","yoast_head_json":{"title":"NETGEAR und Waves machen gemeinsam wundersch\u00f6ne Musik - NETGEAR Hub","description":"NETGEAR M4250 AV Series switches now have a one-click profile to configure the AV-over-IP network in seconds for Waves SoundGrid\u00ae software.","robots":{"index":"index","follow":"follow","max-snippet":"max-snippet:-1","max-image-preview":"max-image-preview:large","max-video-preview":"max-video-preview:-1"},"canonical":"https:\/\/dehub.netgear.com\/de\/hub\/business\/av\/netgear-und-waves-machen-gemeinsam-wunderschone-musik\/","og_locale":"de_DE","og_type":"article","og_title":"NETGEAR und Waves machen gemeinsam wundersch\u00f6ne Musik - NETGEAR Hub","og_description":"NETGEAR M4250 AV Series switches now have a one-click profile to configure the AV-over-IP network in seconds for Waves SoundGrid\u00ae software.","og_url":"https:\/\/dehub.netgear.com\/de\/hub\/business\/av\/netgear-und-waves-machen-gemeinsam-wunderschone-musik\/","og_site_name":"NETGEAR Hub","article_publisher":"https:\/\/www.facebook.com\/NetgearAU\/","article_modified_time":"2025-04-15T08:49:54+00:00","og_image":[{"width":1920,"height":537,"url":"https:\/\/dehub.netgear.com\/de\/hub\/wp-content\/uploads\/2023\/06\/Waves_partnership_tcm148-151327.jpg","type":"image\/jpeg"}],"twitter_card":"summary_large_image","twitter_site":"@NETGEAR","twitter_misc":{"Gesch\u00e4tzte Lesezeit":"3\u00a0Minuten"},"schema":{"@context":"https:\/\/schema.org","@graph":[{"@type":"WebPage","@id":"https:\/\/dehub.netgear.com\/de\/hub\/business\/av\/netgear-und-waves-machen-gemeinsam-wunderschone-musik\/","url":"https:\/\/dehub.netgear.com\/de\/hub\/business\/av\/netgear-und-waves-machen-gemeinsam-wunderschone-musik\/","name":"NETGEAR und Waves machen gemeinsam wundersch\u00f6ne Musik - NETGEAR Hub","isPartOf":{"@id":"https:\/\/dehub.netgear.com\/de\/hub\/#website"},"primaryImageOfPage":{"@id":"https:\/\/dehub.netgear.com\/de\/hub\/business\/av\/netgear-und-waves-machen-gemeinsam-wunderschone-musik\/#primaryimage"},"image":{"@id":"https:\/\/dehub.netgear.com\/de\/hub\/business\/av\/netgear-und-waves-machen-gemeinsam-wunderschone-musik\/#primaryimage"},"thumbnailUrl":"https:\/\/dehub.netgear.com\/de\/hub\/wp-content\/uploads\/2023\/06\/Waves_partnership_tcm148-151327.jpg","datePublished":"2023-06-21T18:34:37+00:00","dateModified":"2025-04-15T08:49:54+00:00","description":"NETGEAR M4250 AV Series switches now have a one-click profile to configure the AV-over-IP network in seconds for Waves SoundGrid\u00ae software.","breadcrumb":{"@id":"https:\/\/dehub.netgear.com\/de\/hub\/business\/av\/netgear-und-waves-machen-gemeinsam-wunderschone-musik\/#breadcrumb"},"inLanguage":"de","potentialAction":[{"@type":"ReadAction","target":["https:\/\/dehub.netgear.com\/de\/hub\/business\/av\/netgear-und-waves-machen-gemeinsam-wunderschone-musik\/"]}]},{"@type":"ImageObject","inLanguage":"de","@id":"https:\/\/dehub.netgear.com\/de\/hub\/business\/av\/netgear-und-waves-machen-gemeinsam-wunderschone-musik\/#primaryimage","url":"https:\/\/dehub.netgear.com\/de\/hub\/wp-content\/uploads\/2023\/06\/Waves_partnership_tcm148-151327.jpg","contentUrl":"https:\/\/dehub.netgear.com\/de\/hub\/wp-content\/uploads\/2023\/06\/Waves_partnership_tcm148-151327.jpg","width":1920,"height":537},{"@type":"BreadcrumbList","@id":"https:\/\/dehub.netgear.com\/de\/hub\/business\/av\/netgear-und-waves-machen-gemeinsam-wunderschone-musik\/#breadcrumb","itemListElement":[{"@type":"ListItem","position":1,"name":"Home","item":"https:\/\/dehub.netgear.com\/de\/hub\/"},{"@type":"ListItem","position":2,"name":"Business Articles Hub","item":"https:\/\/dehub.netgear.com\/de\/hub\/business\/"},{"@type":"ListItem","position":3,"name":"Business AV","item":"https:\/\/dehub.netgear.com\/de\/hub\/business\/av\/"},{"@type":"ListItem","position":4,"name":"NETGEAR und Waves machen gemeinsam wundersch\u00f6ne Musik"}]},{"@type":"WebSite","@id":"https:\/\/dehub.netgear.com\/de\/hub\/#website","url":"https:\/\/dehub.netgear.com\/de\/hub\/","name":"NETGEAR","description":"Erkunden Sie unsere Hub-Seiten und st\u00f6bern Sie in Artikeln, um mehr \u00fcber NETGEAR Produkte und Technologien zu erfahren.","publisher":{"@id":"https:\/\/dehub.netgear.com\/de\/hub\/#organization"},"potentialAction":[{"@type":"SearchAction","target":{"@type":"EntryPoint","urlTemplate":"https:\/\/dehub.netgear.com\/de\/hub\/?s={search_term_string}"},"query-input":{"@type":"PropertyValueSpecification","valueRequired":true,"valueName":"search_term_string"}}],"inLanguage":"de"},{"@type":"Organization","@id":"https:\/\/dehub.netgear.com\/de\/hub\/#organization","name":"NETGEAR","url":"https:\/\/dehub.netgear.com\/de\/hub\/","logo":{"@type":"ImageObject","inLanguage":"de","@id":"https:\/\/dehub.netgear.com\/de\/hub\/#\/schema\/logo\/image\/","url":"https:\/\/www.dehub.netgear.com\/de\/hub\/wp-content\/uploads\/2019\/07\/NETGEAR_logo.jpg","contentUrl":"https:\/\/www.dehub.netgear.com\/de\/hub\/wp-content\/uploads\/2019\/07\/NETGEAR_logo.jpg","width":1500,"height":501,"caption":"NETGEAR"},"image":{"@id":"https:\/\/dehub.netgear.com\/de\/hub\/#\/schema\/logo\/image\/"},"sameAs":["https:\/\/www.facebook.com\/NetgearAU\/","https:\/\/x.com\/NETGEAR","https:\/\/www.linkedin.com\/company\/netgear"]}]}},"_links":{"self":[{"href":"https:\/\/dehub.netgear.com\/de\/hub\/wp-json\/wp\/v2\/pages\/8011","targetHints":{"allow":["GET"]}}],"collection":[{"href":"https:\/\/dehub.netgear.com\/de\/hub\/wp-json\/wp\/v2\/pages"}],"about":[{"href":"https:\/\/dehub.netgear.com\/de\/hub\/wp-json\/wp\/v2\/types\/page"}],"author":[{"embeddable":true,"href":"https:\/\/dehub.netgear.com\/de\/hub\/wp-json\/wp\/v2\/users\/69"}],"replies":[{"embeddable":true,"href":"https:\/\/dehub.netgear.com\/de\/hub\/wp-json\/wp\/v2\/comments?post=8011"}],"version-history":[{"count":9,"href":"https:\/\/dehub.netgear.com\/de\/hub\/wp-json\/wp\/v2\/pages\/8011\/revisions"}],"predecessor-version":[{"id":10198,"href":"https:\/\/dehub.netgear.com\/de\/hub\/wp-json\/wp\/v2\/pages\/8011\/revisions\/10198"}],"up":[{"embeddable":true,"href":"https:\/\/dehub.netgear.com\/de\/hub\/wp-json\/wp\/v2\/pages\/6754"}],"wp:featuredmedia":[{"embeddable":true,"href":"https:\/\/dehub.netgear.com\/de\/hub\/wp-json\/wp\/v2\/media\/8012"}],"wp:attachment":[{"href":"https:\/\/dehub.netgear.com\/de\/hub\/wp-json\/wp\/v2\/media?parent=8011"}],"curies":[{"name":"wp","href":"https:\/\/api.w.org\/{rel}","templated":true}]}}