{"id":7497,"date":"2023-05-12T10:04:00","date_gmt":"2023-05-12T17:04:00","guid":{"rendered":"https:\/\/blog-dev.stg-smscomparisoncouk-netgearger.kinsta.cloud\/?page_id=7497"},"modified":"2024-11-19T02:06:40","modified_gmt":"2024-11-19T01:06:40","slug":"international-wifi-hotspot","status":"publish","type":"page","link":"https:\/\/dehub.netgear.com\/de\/hub\/wifi\/mobile\/international-wifi-hotspot\/","title":{"rendered":"Internationaler mobiler WLAN-Hotspot"},"content":{"rendered":"<h2>Internationaler mobiler WLAN-Hotspot: Pers\u00f6nliches, abgesichertes WLAN f\u00fcr unterwegs &#8211; immer griffbereit!<\/h2>\n<p>WLAN ist mittlerweile aus unserem modernen und digital anspruchsvollem Leben nicht mehr wegzudenken. Niemand m\u00f6chte mehr Abstriche machen m\u00fcssen in Sachen Internet-Geschwindigkeit und Sicherheit, nur weil man unterwegs oder auf Reisen ist. <a href=\"https:\/\/www.netgear.com\/de\/hub\/wifi\/mobile\/mobiler-wlan-unterwegs\/\">Ein Reiserouter-Hotspot<\/a> mit internationaler Roaming-Funktion ist deswegen die perfekte All-in-L\u00f6sung! Ganz gleich, ob es sich um ein wichtiges Business-Meeting, eine dringende Online-Bank\u00fcberweisung oder das Bed\u00fcrfnis nach Entspannung \u00fcber Social Media &amp; Streaming handelt &#8211; wer auf ein funktionsf\u00e4higes Internet angewiesen ist, m\u00f6chte sicher sein, dass eine zuverl\u00e4ssige WLAN-Verbindung immer und \u00fcberall zur Verf\u00fcgung steht. Als perfekter Reisebegleiter kann der Nighthawk M6 Pro in allen diesen Bereichen punkten, ist mit internationalem Roaming ausgestattet und kann bis zu 32 Ger\u00e4te gleichzeitig anbinden, um Ihnen weltweit die Erf\u00fcllung von Arbeitsverpflichtungen oder Unterhaltung zu erm\u00f6glichen.<\/p>\n<p>Am Zielort angekommen, k\u00f6nnen Sie f\u00fcr die Inbetriebnahme Ihres Nighthawk in einem Gesch\u00e4ft oder Kiosk eine SIM-Karte eines lokalen Internetdienstanbieters kaufen. Alternativ empfiehlt es sich, noch vor der Reise eine internationale SIM-Karte mit einem individuell ma\u00dfgeschneiderten GB-Tarif zu erwerben.&#8220;<\/p>\n<div class=\"explore-btn-area\"><a class=\"explore-btn\" href=\"https:\/\/www.dehub.netgear.com\/de\/home\/mobile-wifi\/hotspots\/mr6450\/\">M6 PRO MR6450 KAUFEN<\/a><\/div>\n<h2>Der WLAN-to-Go-Router Nighthawk M6 Pro &#8211; f\u00fcr alle, die nie wieder ohne zuverl\u00e4ssige mobile Internetverbindung unterwegs sein m\u00f6chten.<\/h2>\n<p>Dank seines kompakten, smarten Designs findet der M6 Pro Reiserouter Platz in jeder Tasche und jedem Rucksack. So k\u00f6nnen Sie selbst auf Ihrer n\u00e4chsten Gesch\u00e4ftsreise, Ihre Familie im n\u00e4chsten Familienurlaub oder eine Kleingruppe auf einer Abenteuerreise ultraschnelle 5G-Geschwindigkeiten von bis zu 2,5 Gbit\/s nutzen. Egal, ob Sie arbeiten, streamen oder in Social Media posten &#8211; mit einem Nighthawk k\u00f6nnen Sie sich weltweit auf zuverl\u00e4ssiges und sicheres WLAN verlassen.<\/p>\n<h2>In die Welt hinaus &#8211; Den eigenen WLAN-Router immer mit dabei<\/h2>\n<p>Der M6 Pro bietet Ihnen eine Netzabdeckung von bis zu 90m\u00b2 &#8211; genug f\u00fcr die meisten Ferienwohnungen oder gro\u00dfe Appartements. Wenn Sie die Reichweite des WLANs zus\u00e4tzlich erweitern m\u00f6chten, z. B. auf die Terrasse, den Pool oder den Garten, schlie\u00dfen Sie Ihren Nighthawk M6 Pro einfach an eine Netzsteckdose an, und schon wird das WLAN den doppelten Bereich (ca. 180m\u00b2) abdecken.<\/p>\n<p>Mit dem leistungsstarken mobilen Hotspot Nighthawk M6 Pro haben Sie auch dann WLAN, wenn Sie unterwegs auf einer Sportveranstaltung sind oder sich gerade die Sehensw\u00fcrdigkeiten Ihrer Reisedestination ansehen oder am Strand sitzen &#8211; und dies dank einer schnellen und sicheren Verbindung, die ganz Ihnen geh\u00f6rt! Keine Steckdose in der N\u00e4he? Kein Problem. Der Nighthawk M6 Pro verf\u00fcgt \u00fcber einen Hochleistungsakku mit einer Laufzeit von bis zu 13 Stunden, sodass Sie den ganzen Tag von Ihrem hochmodernen Reiserouter profitieren k\u00f6nnen!<\/p>\n<h2>Setzen Sie Ihre Privatsph\u00e4re nicht aufs Spiel<\/h2>\n<p>Mit einer eigenen mobilen und abgesicherten Internetverbindung k\u00f6nnen Sie sich auch unterwegs beruhigt zur\u00fccklehnen, wenn Sie online gehen. Sch\u00fctzen Sie die Ger\u00e4te und Online-Aktivit\u00e4ten von sich, Ihrer Familie oder Ihrer Kleingruppe &#8211; ob bei Finanztransaktionen oder der Teilnahme an vertraulichen Gesch\u00e4fts- oder Gruppenbesprechungen. Mit dem Nighthawk M6 5G Mobile Hotspot m\u00fcssen Sie nie wieder bef\u00fcrchten, dass sensible Daten in einem \u00f6ffentlichen WLAN preisgegeben werden.<\/p>\n<p>Mehr erfahren \u00fcber &#8211;\u00a0<a href=\"https:\/\/www.dehub.netgear.com\/de\/home\/mobile-wifi\/hotspots\/mr6450\/\"><u>Nighthawk M6 Pro mobiler Router<\/u><\/a><\/p>\n<p>Mehr erfahren \u00fcber &#8211; <a href=\"https:\/\/kb.netgear.com\/000063963\/Which-mobile-carriers-are-compatible-with-my-NETGEAR-mobile-hotspot-or-fixed-wireless-device\">Hotspot-Anbieter weltweit<\/a><\/p>\n","protected":false},"excerpt":{"rendered":"<p>Internationaler mobiler WLAN-Hotspot: Pers\u00f6nliches, abgesichertes WLAN f\u00fcr unterwegs &#8211; immer griffbereit! WLAN ist mittlerweile aus unserem modernen und digital anspruchsvollem Leben nicht mehr wegzudenken. Niemand m\u00f6chte mehr Abstriche machen m\u00fcssen in Sachen Internet-Geschwindigkeit und Sicherheit, nur weil man unterwegs oder auf Reisen ist. Ein Reiserouter-Hotspot mit internationaler Roaming-Funktion ist deswegen die perfekte All-in-L\u00f6sung! Ganz gleich, [&hellip;]<\/p>\n","protected":false},"author":68,"featured_media":7498,"parent":6701,"menu_order":15,"comment_status":"closed","ping_status":"closed","template":"templates\/blog-wifi.php","meta":{"_acf_changed":false,"footnotes":""},"class_list":["post-7497","page","type-page","status-publish","has-post-thumbnail","hentry"],"acf":[],"yoast_head":"<!-- This site is optimized with the Yoast SEO plugin v27.5 - https:\/\/yoast.com\/product\/yoast-seo-wordpress\/ -->\n<title>Internationaler WiFi-Hotspot | Mobiles Internet mit NETGEAR<\/title>\n<meta name=\"description\" content=\"Entdecken Sie internationale WiFi-Hotspots von NETGEAR f\u00fcr unterwegs. Bleiben Sie weltweit verbunden mit zuverl\u00e4ssigem und schnellem mobilen Internet.\" \/>\n<meta name=\"robots\" content=\"index, follow, max-snippet:-1, max-image-preview:large, max-video-preview:-1\" \/>\n<link rel=\"canonical\" href=\"https:\/\/dehub.netgear.com\/de\/hub\/wifi\/mobile\/international-wifi-hotspot\/\" \/>\n<meta property=\"og:locale\" content=\"de_DE\" \/>\n<meta property=\"og:type\" content=\"article\" \/>\n<meta property=\"og:title\" content=\"Internationaler WiFi-Hotspot | Mobiles Internet mit NETGEAR\" \/>\n<meta property=\"og:description\" content=\"Entdecken Sie internationale WiFi-Hotspots von NETGEAR f\u00fcr unterwegs. Bleiben Sie weltweit verbunden mit zuverl\u00e4ssigem und schnellem mobilen Internet.\" \/>\n<meta property=\"og:url\" content=\"https:\/\/dehub.netgear.com\/de\/hub\/wifi\/mobile\/international-wifi-hotspot\/\" \/>\n<meta property=\"og:site_name\" content=\"NETGEAR Hub\" \/>\n<meta property=\"article:publisher\" content=\"https:\/\/www.facebook.com\/NetgearAU\/\" \/>\n<meta property=\"article:modified_time\" content=\"2024-11-19T01:06:40+00:00\" \/>\n<meta property=\"og:image\" content=\"https:\/\/dehub.netgear.com\/de\/hub\/wp-content\/uploads\/2023\/05\/hub_tcm148-1504671-1.jpg\" \/>\n\t<meta property=\"og:image:width\" content=\"315\" \/>\n\t<meta property=\"og:image:height\" content=\"391\" \/>\n\t<meta property=\"og:image:type\" content=\"image\/jpeg\" \/>\n<meta name=\"twitter:card\" content=\"summary_large_image\" \/>\n<meta name=\"twitter:site\" content=\"@NETGEAR\" \/>\n<meta name=\"twitter:label1\" content=\"Gesch\u00e4tzte Lesezeit\" \/>\n\t<meta name=\"twitter:data1\" content=\"3\u00a0Minuten\" \/>\n<script type=\"application\/ld+json\" class=\"yoast-schema-graph\">{\"@context\":\"https:\\\/\\\/schema.org\",\"@graph\":[{\"@type\":\"WebPage\",\"@id\":\"https:\\\/\\\/dehub.netgear.com\\\/de\\\/hub\\\/wifi\\\/mobile\\\/international-wifi-hotspot\\\/\",\"url\":\"https:\\\/\\\/dehub.netgear.com\\\/de\\\/hub\\\/wifi\\\/mobile\\\/international-wifi-hotspot\\\/\",\"name\":\"Internationaler WiFi-Hotspot | Mobiles Internet mit NETGEAR\",\"isPartOf\":{\"@id\":\"https:\\\/\\\/dehub.netgear.com\\\/de\\\/hub\\\/#website\"},\"primaryImageOfPage\":{\"@id\":\"https:\\\/\\\/dehub.netgear.com\\\/de\\\/hub\\\/wifi\\\/mobile\\\/international-wifi-hotspot\\\/#primaryimage\"},\"image\":{\"@id\":\"https:\\\/\\\/dehub.netgear.com\\\/de\\\/hub\\\/wifi\\\/mobile\\\/international-wifi-hotspot\\\/#primaryimage\"},\"thumbnailUrl\":\"https:\\\/\\\/dehub.netgear.com\\\/de\\\/hub\\\/wp-content\\\/uploads\\\/2023\\\/05\\\/hub_tcm148-1504671-1.jpg\",\"datePublished\":\"2023-05-12T17:04:00+00:00\",\"dateModified\":\"2024-11-19T01:06:40+00:00\",\"description\":\"Entdecken Sie internationale WiFi-Hotspots von NETGEAR f\u00fcr unterwegs. Bleiben Sie weltweit verbunden mit zuverl\u00e4ssigem und schnellem mobilen Internet.\",\"breadcrumb\":{\"@id\":\"https:\\\/\\\/dehub.netgear.com\\\/de\\\/hub\\\/wifi\\\/mobile\\\/international-wifi-hotspot\\\/#breadcrumb\"},\"inLanguage\":\"de\",\"potentialAction\":[{\"@type\":\"ReadAction\",\"target\":[\"https:\\\/\\\/dehub.netgear.com\\\/de\\\/hub\\\/wifi\\\/mobile\\\/international-wifi-hotspot\\\/\"]}]},{\"@type\":\"ImageObject\",\"inLanguage\":\"de\",\"@id\":\"https:\\\/\\\/dehub.netgear.com\\\/de\\\/hub\\\/wifi\\\/mobile\\\/international-wifi-hotspot\\\/#primaryimage\",\"url\":\"https:\\\/\\\/dehub.netgear.com\\\/de\\\/hub\\\/wp-content\\\/uploads\\\/2023\\\/05\\\/hub_tcm148-1504671-1.jpg\",\"contentUrl\":\"https:\\\/\\\/dehub.netgear.com\\\/de\\\/hub\\\/wp-content\\\/uploads\\\/2023\\\/05\\\/hub_tcm148-1504671-1.jpg\",\"width\":315,\"height\":391},{\"@type\":\"BreadcrumbList\",\"@id\":\"https:\\\/\\\/dehub.netgear.com\\\/de\\\/hub\\\/wifi\\\/mobile\\\/international-wifi-hotspot\\\/#breadcrumb\",\"itemListElement\":[{\"@type\":\"ListItem\",\"position\":1,\"name\":\"Home\",\"item\":\"https:\\\/\\\/dehub.netgear.com\\\/de\\\/hub\\\/\"},{\"@type\":\"ListItem\",\"position\":2,\"name\":\"WiFi Tech Articles Hub\",\"item\":\"https:\\\/\\\/dehub.netgear.com\\\/de\\\/hub\\\/wifi\\\/\"},{\"@type\":\"ListItem\",\"position\":3,\"name\":\"Mobiler WLAN-Artikel-Hub\",\"item\":\"https:\\\/\\\/dehub.netgear.com\\\/de\\\/hub\\\/wifi\\\/mobile\\\/\"},{\"@type\":\"ListItem\",\"position\":4,\"name\":\"Internationaler mobiler WLAN-Hotspot\"}]},{\"@type\":\"WebSite\",\"@id\":\"https:\\\/\\\/dehub.netgear.com\\\/de\\\/hub\\\/#website\",\"url\":\"https:\\\/\\\/dehub.netgear.com\\\/de\\\/hub\\\/\",\"name\":\"NETGEAR\",\"description\":\"Erkunden Sie unsere Hub-Seiten und st\u00f6bern Sie in Artikeln, um mehr \u00fcber NETGEAR Produkte und Technologien zu erfahren.\",\"publisher\":{\"@id\":\"https:\\\/\\\/dehub.netgear.com\\\/de\\\/hub\\\/#organization\"},\"potentialAction\":[{\"@type\":\"SearchAction\",\"target\":{\"@type\":\"EntryPoint\",\"urlTemplate\":\"https:\\\/\\\/dehub.netgear.com\\\/de\\\/hub\\\/?s={search_term_string}\"},\"query-input\":{\"@type\":\"PropertyValueSpecification\",\"valueRequired\":true,\"valueName\":\"search_term_string\"}}],\"inLanguage\":\"de\"},{\"@type\":\"Organization\",\"@id\":\"https:\\\/\\\/dehub.netgear.com\\\/de\\\/hub\\\/#organization\",\"name\":\"NETGEAR\",\"url\":\"https:\\\/\\\/dehub.netgear.com\\\/de\\\/hub\\\/\",\"logo\":{\"@type\":\"ImageObject\",\"inLanguage\":\"de\",\"@id\":\"https:\\\/\\\/dehub.netgear.com\\\/de\\\/hub\\\/#\\\/schema\\\/logo\\\/image\\\/\",\"url\":\"https:\\\/\\\/www.dehub.netgear.com\\\/de\\\/hub\\\/wp-content\\\/uploads\\\/2019\\\/07\\\/NETGEAR_logo.jpg\",\"contentUrl\":\"https:\\\/\\\/www.dehub.netgear.com\\\/de\\\/hub\\\/wp-content\\\/uploads\\\/2019\\\/07\\\/NETGEAR_logo.jpg\",\"width\":1500,\"height\":501,\"caption\":\"NETGEAR\"},\"image\":{\"@id\":\"https:\\\/\\\/dehub.netgear.com\\\/de\\\/hub\\\/#\\\/schema\\\/logo\\\/image\\\/\"},\"sameAs\":[\"https:\\\/\\\/www.facebook.com\\\/NetgearAU\\\/\",\"https:\\\/\\\/x.com\\\/NETGEAR\",\"https:\\\/\\\/www.linkedin.com\\\/company\\\/netgear\"]}]}<\/script>\n<!-- \/ Yoast SEO plugin. -->","yoast_head_json":{"title":"Internationaler WiFi-Hotspot | Mobiles Internet mit NETGEAR","description":"Entdecken Sie internationale WiFi-Hotspots von NETGEAR f\u00fcr unterwegs. Bleiben Sie weltweit verbunden mit zuverl\u00e4ssigem und schnellem mobilen Internet.","robots":{"index":"index","follow":"follow","max-snippet":"max-snippet:-1","max-image-preview":"max-image-preview:large","max-video-preview":"max-video-preview:-1"},"canonical":"https:\/\/dehub.netgear.com\/de\/hub\/wifi\/mobile\/international-wifi-hotspot\/","og_locale":"de_DE","og_type":"article","og_title":"Internationaler WiFi-Hotspot | Mobiles Internet mit NETGEAR","og_description":"Entdecken Sie internationale WiFi-Hotspots von NETGEAR f\u00fcr unterwegs. Bleiben Sie weltweit verbunden mit zuverl\u00e4ssigem und schnellem mobilen Internet.","og_url":"https:\/\/dehub.netgear.com\/de\/hub\/wifi\/mobile\/international-wifi-hotspot\/","og_site_name":"NETGEAR Hub","article_publisher":"https:\/\/www.facebook.com\/NetgearAU\/","article_modified_time":"2024-11-19T01:06:40+00:00","og_image":[{"width":315,"height":391,"url":"https:\/\/dehub.netgear.com\/de\/hub\/wp-content\/uploads\/2023\/05\/hub_tcm148-1504671-1.jpg","type":"image\/jpeg"}],"twitter_card":"summary_large_image","twitter_site":"@NETGEAR","twitter_misc":{"Gesch\u00e4tzte Lesezeit":"3\u00a0Minuten"},"schema":{"@context":"https:\/\/schema.org","@graph":[{"@type":"WebPage","@id":"https:\/\/dehub.netgear.com\/de\/hub\/wifi\/mobile\/international-wifi-hotspot\/","url":"https:\/\/dehub.netgear.com\/de\/hub\/wifi\/mobile\/international-wifi-hotspot\/","name":"Internationaler WiFi-Hotspot | Mobiles Internet mit NETGEAR","isPartOf":{"@id":"https:\/\/dehub.netgear.com\/de\/hub\/#website"},"primaryImageOfPage":{"@id":"https:\/\/dehub.netgear.com\/de\/hub\/wifi\/mobile\/international-wifi-hotspot\/#primaryimage"},"image":{"@id":"https:\/\/dehub.netgear.com\/de\/hub\/wifi\/mobile\/international-wifi-hotspot\/#primaryimage"},"thumbnailUrl":"https:\/\/dehub.netgear.com\/de\/hub\/wp-content\/uploads\/2023\/05\/hub_tcm148-1504671-1.jpg","datePublished":"2023-05-12T17:04:00+00:00","dateModified":"2024-11-19T01:06:40+00:00","description":"Entdecken Sie internationale WiFi-Hotspots von NETGEAR f\u00fcr unterwegs. Bleiben Sie weltweit verbunden mit zuverl\u00e4ssigem und schnellem mobilen Internet.","breadcrumb":{"@id":"https:\/\/dehub.netgear.com\/de\/hub\/wifi\/mobile\/international-wifi-hotspot\/#breadcrumb"},"inLanguage":"de","potentialAction":[{"@type":"ReadAction","target":["https:\/\/dehub.netgear.com\/de\/hub\/wifi\/mobile\/international-wifi-hotspot\/"]}]},{"@type":"ImageObject","inLanguage":"de","@id":"https:\/\/dehub.netgear.com\/de\/hub\/wifi\/mobile\/international-wifi-hotspot\/#primaryimage","url":"https:\/\/dehub.netgear.com\/de\/hub\/wp-content\/uploads\/2023\/05\/hub_tcm148-1504671-1.jpg","contentUrl":"https:\/\/dehub.netgear.com\/de\/hub\/wp-content\/uploads\/2023\/05\/hub_tcm148-1504671-1.jpg","width":315,"height":391},{"@type":"BreadcrumbList","@id":"https:\/\/dehub.netgear.com\/de\/hub\/wifi\/mobile\/international-wifi-hotspot\/#breadcrumb","itemListElement":[{"@type":"ListItem","position":1,"name":"Home","item":"https:\/\/dehub.netgear.com\/de\/hub\/"},{"@type":"ListItem","position":2,"name":"WiFi Tech Articles Hub","item":"https:\/\/dehub.netgear.com\/de\/hub\/wifi\/"},{"@type":"ListItem","position":3,"name":"Mobiler WLAN-Artikel-Hub","item":"https:\/\/dehub.netgear.com\/de\/hub\/wifi\/mobile\/"},{"@type":"ListItem","position":4,"name":"Internationaler mobiler WLAN-Hotspot"}]},{"@type":"WebSite","@id":"https:\/\/dehub.netgear.com\/de\/hub\/#website","url":"https:\/\/dehub.netgear.com\/de\/hub\/","name":"NETGEAR","description":"Erkunden Sie unsere Hub-Seiten und st\u00f6bern Sie in Artikeln, um mehr \u00fcber NETGEAR Produkte und Technologien zu erfahren.","publisher":{"@id":"https:\/\/dehub.netgear.com\/de\/hub\/#organization"},"potentialAction":[{"@type":"SearchAction","target":{"@type":"EntryPoint","urlTemplate":"https:\/\/dehub.netgear.com\/de\/hub\/?s={search_term_string}"},"query-input":{"@type":"PropertyValueSpecification","valueRequired":true,"valueName":"search_term_string"}}],"inLanguage":"de"},{"@type":"Organization","@id":"https:\/\/dehub.netgear.com\/de\/hub\/#organization","name":"NETGEAR","url":"https:\/\/dehub.netgear.com\/de\/hub\/","logo":{"@type":"ImageObject","inLanguage":"de","@id":"https:\/\/dehub.netgear.com\/de\/hub\/#\/schema\/logo\/image\/","url":"https:\/\/www.dehub.netgear.com\/de\/hub\/wp-content\/uploads\/2019\/07\/NETGEAR_logo.jpg","contentUrl":"https:\/\/www.dehub.netgear.com\/de\/hub\/wp-content\/uploads\/2019\/07\/NETGEAR_logo.jpg","width":1500,"height":501,"caption":"NETGEAR"},"image":{"@id":"https:\/\/dehub.netgear.com\/de\/hub\/#\/schema\/logo\/image\/"},"sameAs":["https:\/\/www.facebook.com\/NetgearAU\/","https:\/\/x.com\/NETGEAR","https:\/\/www.linkedin.com\/company\/netgear"]}]}},"_links":{"self":[{"href":"https:\/\/dehub.netgear.com\/de\/hub\/wp-json\/wp\/v2\/pages\/7497","targetHints":{"allow":["GET"]}}],"collection":[{"href":"https:\/\/dehub.netgear.com\/de\/hub\/wp-json\/wp\/v2\/pages"}],"about":[{"href":"https:\/\/dehub.netgear.com\/de\/hub\/wp-json\/wp\/v2\/types\/page"}],"author":[{"embeddable":true,"href":"https:\/\/dehub.netgear.com\/de\/hub\/wp-json\/wp\/v2\/users\/68"}],"replies":[{"embeddable":true,"href":"https:\/\/dehub.netgear.com\/de\/hub\/wp-json\/wp\/v2\/comments?post=7497"}],"version-history":[{"count":16,"href":"https:\/\/dehub.netgear.com\/de\/hub\/wp-json\/wp\/v2\/pages\/7497\/revisions"}],"predecessor-version":[{"id":9920,"href":"https:\/\/dehub.netgear.com\/de\/hub\/wp-json\/wp\/v2\/pages\/7497\/revisions\/9920"}],"up":[{"embeddable":true,"href":"https:\/\/dehub.netgear.com\/de\/hub\/wp-json\/wp\/v2\/pages\/6701"}],"wp:featuredmedia":[{"embeddable":true,"href":"https:\/\/dehub.netgear.com\/de\/hub\/wp-json\/wp\/v2\/media\/7498"}],"wp:attachment":[{"href":"https:\/\/dehub.netgear.com\/de\/hub\/wp-json\/wp\/v2\/media?parent=7497"}],"curies":[{"name":"wp","href":"https:\/\/api.w.org\/{rel}","templated":true}]}}