{"id":6709,"date":"2023-04-11T19:10:51","date_gmt":"2023-04-12T02:10:51","guid":{"rendered":"https:\/\/compareforex.com.au\/?page_id=6709"},"modified":"2024-11-19T01:30:28","modified_gmt":"2024-11-19T00:30:28","slug":"extenders","status":"publish","type":"page","link":"https:\/\/dehub.netgear.com\/de\/hub\/wifi\/extenders\/","title":{"rendered":"WLAN-Repeater"},"content":{"rendered":"<p>Unsere WLAN-Repeater nutzen fortschrittliche Technologien wie FastLane, das beide WLAN-B\u00e4nder nutzt, um eine einzige Hochgeschwindigkeitsverbindung zu erstellen, und Mesh-Technologie, die ein nahtloses WLAN-Netzwerk in Ihrem Raum durch die Verwendung mehrerer Zugangspunkte schafft. Mit diesen Technologien k\u00f6nnen Sie \u00fcberall in Ihrem Zuhause oder Gesch\u00e4ft schnelle Geschwindigkeiten und zuverl\u00e4ssige Verbindung genie\u00dfen.<\/p>\n<p>Wir bieten auch benutzerfreundliche Einrichtungs- und Verwaltungstools an, einschlie\u00dflich der Netgear Nighthawk-App, mit der Sie Ihr WLAN-Netzwerk von Ihrem Smartphone oder Tablet aus einrichten und verwalten k\u00f6nnen. Mit der App k\u00f6nnen Sie die Leistung Ihres Netzwerks \u00fcberwachen, Kindersicherungen einrichten und sogar bestimmte Ger\u00e4te f\u00fcr schnellere Geschwindigkeiten priorisieren.<\/p>\n","protected":false},"excerpt":{"rendered":"<p>Unsere WLAN-Repeater nutzen fortschrittliche Technologien wie FastLane, das beide WLAN-B\u00e4nder nutzt, um eine einzige Hochgeschwindigkeitsverbindung zu erstellen, und Mesh-Technologie, die ein nahtloses WLAN-Netzwerk in Ihrem Raum durch die Verwendung mehrerer Zugangspunkte schafft. Mit diesen Technologien k\u00f6nnen Sie \u00fcberall in Ihrem Zuhause oder Gesch\u00e4ft schnelle Geschwindigkeiten und zuverl\u00e4ssige Verbindung genie\u00dfen. Wir bieten auch benutzerfreundliche Einrichtungs- und [&hellip;]<\/p>\n","protected":false},"author":68,"featured_media":0,"parent":6698,"menu_order":1,"comment_status":"closed","ping_status":"closed","template":"templates\/hub-category.php","meta":{"_acf_changed":false,"footnotes":""},"class_list":["post-6709","page","type-page","status-publish","hentry"],"acf":[],"yoast_head":"<!-- This site is optimized with the Yoast SEO plugin v27.4 - https:\/\/yoast.com\/product\/yoast-seo-wordpress\/ -->\n<title>Erweitern Sie Ihre drahtlose Netzwerkabdeckung - WLAN-Repeater<\/title>\n<meta name=\"description\" content=\"Tauchen Sie ein in die Welt der WLAN-Repeater, Ger\u00e4te, die dazu entwickelt wurden, die Reichweite und St\u00e4rke Ihres Netzwerks zu verbessern. Erforschen Sie, wie WLAN-Repeater bei Netgear funktionieren.\" \/>\n<meta name=\"robots\" content=\"index, follow, max-snippet:-1, max-image-preview:large, max-video-preview:-1\" \/>\n<link rel=\"canonical\" href=\"https:\/\/dehub.netgear.com\/de\/hub\/wifi\/extenders\/\" \/>\n<meta property=\"og:locale\" content=\"de_DE\" \/>\n<meta property=\"og:type\" content=\"article\" \/>\n<meta property=\"og:title\" content=\"Erweitern Sie Ihre drahtlose Netzwerkabdeckung - WLAN-Repeater\" \/>\n<meta property=\"og:description\" content=\"Tauchen Sie ein in die Welt der WLAN-Repeater, Ger\u00e4te, die dazu entwickelt wurden, die Reichweite und St\u00e4rke Ihres Netzwerks zu verbessern. Erforschen Sie, wie WLAN-Repeater bei Netgear funktionieren.\" \/>\n<meta property=\"og:url\" content=\"https:\/\/dehub.netgear.com\/de\/hub\/wifi\/extenders\/\" \/>\n<meta property=\"og:site_name\" content=\"NETGEAR Hub\" \/>\n<meta property=\"article:publisher\" content=\"https:\/\/www.facebook.com\/NetgearAU\/\" \/>\n<meta property=\"article:modified_time\" content=\"2024-11-19T00:30:28+00:00\" \/>\n<meta name=\"twitter:card\" content=\"summary_large_image\" \/>\n<meta name=\"twitter:site\" content=\"@NETGEAR\" \/>\n<meta name=\"twitter:label1\" content=\"Gesch\u00e4tzte Lesezeit\" \/>\n\t<meta name=\"twitter:data1\" content=\"1\u00a0Minute\" \/>\n<script type=\"application\/ld+json\" class=\"yoast-schema-graph\">{\"@context\":\"https:\\\/\\\/schema.org\",\"@graph\":[{\"@type\":\"WebPage\",\"@id\":\"https:\\\/\\\/dehub.netgear.com\\\/de\\\/hub\\\/wifi\\\/extenders\\\/\",\"url\":\"https:\\\/\\\/dehub.netgear.com\\\/de\\\/hub\\\/wifi\\\/extenders\\\/\",\"name\":\"Erweitern Sie Ihre drahtlose Netzwerkabdeckung - WLAN-Repeater\",\"isPartOf\":{\"@id\":\"https:\\\/\\\/dehub.netgear.com\\\/de\\\/hub\\\/#website\"},\"datePublished\":\"2023-04-12T02:10:51+00:00\",\"dateModified\":\"2024-11-19T00:30:28+00:00\",\"description\":\"Tauchen Sie ein in die Welt der WLAN-Repeater, Ger\u00e4te, die dazu entwickelt wurden, die Reichweite und St\u00e4rke Ihres Netzwerks zu verbessern. Erforschen Sie, wie WLAN-Repeater bei Netgear funktionieren.\",\"breadcrumb\":{\"@id\":\"https:\\\/\\\/dehub.netgear.com\\\/de\\\/hub\\\/wifi\\\/extenders\\\/#breadcrumb\"},\"inLanguage\":\"de\",\"potentialAction\":[{\"@type\":\"ReadAction\",\"target\":[\"https:\\\/\\\/dehub.netgear.com\\\/de\\\/hub\\\/wifi\\\/extenders\\\/\"]}]},{\"@type\":\"BreadcrumbList\",\"@id\":\"https:\\\/\\\/dehub.netgear.com\\\/de\\\/hub\\\/wifi\\\/extenders\\\/#breadcrumb\",\"itemListElement\":[{\"@type\":\"ListItem\",\"position\":1,\"name\":\"Home\",\"item\":\"https:\\\/\\\/dehub.netgear.com\\\/de\\\/hub\\\/\"},{\"@type\":\"ListItem\",\"position\":2,\"name\":\"WiFi Tech Articles Hub\",\"item\":\"https:\\\/\\\/dehub.netgear.com\\\/de\\\/hub\\\/wifi\\\/\"},{\"@type\":\"ListItem\",\"position\":3,\"name\":\"WLAN-Repeater\"}]},{\"@type\":\"WebSite\",\"@id\":\"https:\\\/\\\/dehub.netgear.com\\\/de\\\/hub\\\/#website\",\"url\":\"https:\\\/\\\/dehub.netgear.com\\\/de\\\/hub\\\/\",\"name\":\"NETGEAR\",\"description\":\"Erkunden Sie unsere Hub-Seiten und st\u00f6bern Sie in Artikeln, um mehr \u00fcber NETGEAR Produkte und Technologien zu erfahren.\",\"publisher\":{\"@id\":\"https:\\\/\\\/dehub.netgear.com\\\/de\\\/hub\\\/#organization\"},\"potentialAction\":[{\"@type\":\"SearchAction\",\"target\":{\"@type\":\"EntryPoint\",\"urlTemplate\":\"https:\\\/\\\/dehub.netgear.com\\\/de\\\/hub\\\/?s={search_term_string}\"},\"query-input\":{\"@type\":\"PropertyValueSpecification\",\"valueRequired\":true,\"valueName\":\"search_term_string\"}}],\"inLanguage\":\"de\"},{\"@type\":\"Organization\",\"@id\":\"https:\\\/\\\/dehub.netgear.com\\\/de\\\/hub\\\/#organization\",\"name\":\"NETGEAR\",\"url\":\"https:\\\/\\\/dehub.netgear.com\\\/de\\\/hub\\\/\",\"logo\":{\"@type\":\"ImageObject\",\"inLanguage\":\"de\",\"@id\":\"https:\\\/\\\/dehub.netgear.com\\\/de\\\/hub\\\/#\\\/schema\\\/logo\\\/image\\\/\",\"url\":\"https:\\\/\\\/www.dehub.netgear.com\\\/de\\\/hub\\\/wp-content\\\/uploads\\\/2019\\\/07\\\/NETGEAR_logo.jpg\",\"contentUrl\":\"https:\\\/\\\/www.dehub.netgear.com\\\/de\\\/hub\\\/wp-content\\\/uploads\\\/2019\\\/07\\\/NETGEAR_logo.jpg\",\"width\":1500,\"height\":501,\"caption\":\"NETGEAR\"},\"image\":{\"@id\":\"https:\\\/\\\/dehub.netgear.com\\\/de\\\/hub\\\/#\\\/schema\\\/logo\\\/image\\\/\"},\"sameAs\":[\"https:\\\/\\\/www.facebook.com\\\/NetgearAU\\\/\",\"https:\\\/\\\/x.com\\\/NETGEAR\",\"https:\\\/\\\/www.linkedin.com\\\/company\\\/netgear\"]}]}<\/script>\n<!-- \/ Yoast SEO plugin. -->","yoast_head_json":{"title":"Erweitern Sie Ihre drahtlose Netzwerkabdeckung - WLAN-Repeater","description":"Tauchen Sie ein in die Welt der WLAN-Repeater, Ger\u00e4te, die dazu entwickelt wurden, die Reichweite und St\u00e4rke Ihres Netzwerks zu verbessern. Erforschen Sie, wie WLAN-Repeater bei Netgear funktionieren.","robots":{"index":"index","follow":"follow","max-snippet":"max-snippet:-1","max-image-preview":"max-image-preview:large","max-video-preview":"max-video-preview:-1"},"canonical":"https:\/\/dehub.netgear.com\/de\/hub\/wifi\/extenders\/","og_locale":"de_DE","og_type":"article","og_title":"Erweitern Sie Ihre drahtlose Netzwerkabdeckung - WLAN-Repeater","og_description":"Tauchen Sie ein in die Welt der WLAN-Repeater, Ger\u00e4te, die dazu entwickelt wurden, die Reichweite und St\u00e4rke Ihres Netzwerks zu verbessern. Erforschen Sie, wie WLAN-Repeater bei Netgear funktionieren.","og_url":"https:\/\/dehub.netgear.com\/de\/hub\/wifi\/extenders\/","og_site_name":"NETGEAR Hub","article_publisher":"https:\/\/www.facebook.com\/NetgearAU\/","article_modified_time":"2024-11-19T00:30:28+00:00","twitter_card":"summary_large_image","twitter_site":"@NETGEAR","twitter_misc":{"Gesch\u00e4tzte Lesezeit":"1\u00a0Minute"},"schema":{"@context":"https:\/\/schema.org","@graph":[{"@type":"WebPage","@id":"https:\/\/dehub.netgear.com\/de\/hub\/wifi\/extenders\/","url":"https:\/\/dehub.netgear.com\/de\/hub\/wifi\/extenders\/","name":"Erweitern Sie Ihre drahtlose Netzwerkabdeckung - WLAN-Repeater","isPartOf":{"@id":"https:\/\/dehub.netgear.com\/de\/hub\/#website"},"datePublished":"2023-04-12T02:10:51+00:00","dateModified":"2024-11-19T00:30:28+00:00","description":"Tauchen Sie ein in die Welt der WLAN-Repeater, Ger\u00e4te, die dazu entwickelt wurden, die Reichweite und St\u00e4rke Ihres Netzwerks zu verbessern. Erforschen Sie, wie WLAN-Repeater bei Netgear funktionieren.","breadcrumb":{"@id":"https:\/\/dehub.netgear.com\/de\/hub\/wifi\/extenders\/#breadcrumb"},"inLanguage":"de","potentialAction":[{"@type":"ReadAction","target":["https:\/\/dehub.netgear.com\/de\/hub\/wifi\/extenders\/"]}]},{"@type":"BreadcrumbList","@id":"https:\/\/dehub.netgear.com\/de\/hub\/wifi\/extenders\/#breadcrumb","itemListElement":[{"@type":"ListItem","position":1,"name":"Home","item":"https:\/\/dehub.netgear.com\/de\/hub\/"},{"@type":"ListItem","position":2,"name":"WiFi Tech Articles Hub","item":"https:\/\/dehub.netgear.com\/de\/hub\/wifi\/"},{"@type":"ListItem","position":3,"name":"WLAN-Repeater"}]},{"@type":"WebSite","@id":"https:\/\/dehub.netgear.com\/de\/hub\/#website","url":"https:\/\/dehub.netgear.com\/de\/hub\/","name":"NETGEAR","description":"Erkunden Sie unsere Hub-Seiten und st\u00f6bern Sie in Artikeln, um mehr \u00fcber NETGEAR Produkte und Technologien zu erfahren.","publisher":{"@id":"https:\/\/dehub.netgear.com\/de\/hub\/#organization"},"potentialAction":[{"@type":"SearchAction","target":{"@type":"EntryPoint","urlTemplate":"https:\/\/dehub.netgear.com\/de\/hub\/?s={search_term_string}"},"query-input":{"@type":"PropertyValueSpecification","valueRequired":true,"valueName":"search_term_string"}}],"inLanguage":"de"},{"@type":"Organization","@id":"https:\/\/dehub.netgear.com\/de\/hub\/#organization","name":"NETGEAR","url":"https:\/\/dehub.netgear.com\/de\/hub\/","logo":{"@type":"ImageObject","inLanguage":"de","@id":"https:\/\/dehub.netgear.com\/de\/hub\/#\/schema\/logo\/image\/","url":"https:\/\/www.dehub.netgear.com\/de\/hub\/wp-content\/uploads\/2019\/07\/NETGEAR_logo.jpg","contentUrl":"https:\/\/www.dehub.netgear.com\/de\/hub\/wp-content\/uploads\/2019\/07\/NETGEAR_logo.jpg","width":1500,"height":501,"caption":"NETGEAR"},"image":{"@id":"https:\/\/dehub.netgear.com\/de\/hub\/#\/schema\/logo\/image\/"},"sameAs":["https:\/\/www.facebook.com\/NetgearAU\/","https:\/\/x.com\/NETGEAR","https:\/\/www.linkedin.com\/company\/netgear"]}]}},"_links":{"self":[{"href":"https:\/\/dehub.netgear.com\/de\/hub\/wp-json\/wp\/v2\/pages\/6709","targetHints":{"allow":["GET"]}}],"collection":[{"href":"https:\/\/dehub.netgear.com\/de\/hub\/wp-json\/wp\/v2\/pages"}],"about":[{"href":"https:\/\/dehub.netgear.com\/de\/hub\/wp-json\/wp\/v2\/types\/page"}],"author":[{"embeddable":true,"href":"https:\/\/dehub.netgear.com\/de\/hub\/wp-json\/wp\/v2\/users\/68"}],"replies":[{"embeddable":true,"href":"https:\/\/dehub.netgear.com\/de\/hub\/wp-json\/wp\/v2\/comments?post=6709"}],"version-history":[{"count":14,"href":"https:\/\/dehub.netgear.com\/de\/hub\/wp-json\/wp\/v2\/pages\/6709\/revisions"}],"predecessor-version":[{"id":9914,"href":"https:\/\/dehub.netgear.com\/de\/hub\/wp-json\/wp\/v2\/pages\/6709\/revisions\/9914"}],"up":[{"embeddable":true,"href":"https:\/\/dehub.netgear.com\/de\/hub\/wp-json\/wp\/v2\/pages\/6698"}],"wp:attachment":[{"href":"https:\/\/dehub.netgear.com\/de\/hub\/wp-json\/wp\/v2\/media?parent=6709"}],"curies":[{"name":"wp","href":"https:\/\/api.w.org\/{rel}","templated":true}]}}