{"id":6652,"date":"2023-04-10T07:55:46","date_gmt":"2023-04-10T14:55:46","guid":{"rendered":"https:\/\/compareforex.com.au\/?page_id=6652"},"modified":"2024-11-18T06:55:39","modified_gmt":"2024-11-18T05:55:39","slug":"wifi-7-vs-wifi-6","status":"publish","type":"page","link":"https:\/\/dehub.netgear.com\/de\/hub\/technology\/wifi-7-vs-wifi-6\/","title":{"rendered":"WiFi 7 vs. WiFi 6: Mehr Geschwindigkeit &#038; Kapazit\u00e4t"},"content":{"rendered":"    <div class=\"table-of-content bg-gray\">\n        <p><strong>IN THIS ARTICLE<\/strong><\/p>\n        <ul>\n                        <li><a href=\"#topic1\">Worin unterscheidet sich WiFi 7 von WiFi 6\/6E?<\/a><\/li>\n                        <li><a href=\"#topic2\">Was bedeutet der neue WiFi Standard?<\/a><\/li>\n                        <li><a href=\"#topic3\">H\u00f6here Geschwindigkeiten<\/a><\/li>\n                        <li><a href=\"#topic4\">Mehr Kanalbreite<\/a><\/li>\n                        <li><a href=\"#topic5\">H\u00f6here Datendichte<\/a><\/li>\n                        <li><a href=\"#topic6\">Weitere signifikante Neuerungen in WiFi 7<\/a><\/li>\n                        <li><a href=\"#topic7\">Flexible Kanalauslastung<\/a><\/li>\n                        <li><a href=\"#topic8\">Was bleibt unver\u00e4ndert?<\/a><\/li>\n                        <li><a href=\"#topic9\">Ist eine Aufr\u00fcstung auf einen WiFi 7 Router sinnvoll?<\/a><\/li>\n                    <\/ul>\n    <\/div>\n        <div id=\"topic1\" class=\"skip-item\">\n                        <h2>Worin unterscheidet sich WiFi 7 von WiFi 6\/6E?<\/h2>\n                <p>WiFi 7 stellt gegen\u00fcber WiFi 6 und <a href=\"https:\/\/www.dehub.netgear.com\/de\/hub\/technology\/discover-wifi-6e-6ghz-wifi\/\">WiFi 6E<\/a> einen Quantensprung dar. Mit schnelleren Geschwindigkeiten, geringeren Latenzzeiten und einer erheblichen Kapazit\u00e4tssteigerung ist WiFi 7, der neue Wireless-Standard, eine umfassende Weiterentwicklung von WiFi 6 und 6E. Er weist viele Gemeinsamkeiten mit den \u00e4lteren Standards auf, verf\u00fcgt allerdings \u00fcber einige signifikante Optimierungen, um unseren wachsenden Anforderungen gerecht zu werden. Welche \u00c4nderungen wurden vorgenommen, was ist gleich geblieben, und wann sollten Sie aufr\u00fcsten? Lassen Sie uns einen Blick darauf werfen.<\/p>\n<div class=\"explore-btn-area\"><a class=\"explore-btn\" href=\"\">Nighthawk RS700 Entdecken<\/a><\/div>\n<div class=\"explore-btn-area\"><a class=\"explore-btn\" href=\"\">Orbi 970 Entdecken<\/a><\/div>\n<div class=\"explore-btn-area\"><a class=\"explore-btn\" href=\"https:\/\/www.dehub.netgear.com\/de\/home\/discover\/wifi7\/\">Entdecken Sie WiFi 7<\/a><\/div>\n<p><img loading=\"lazy\" decoding=\"async\" class=\" wp-image-9479 aligncenter\" src=\"https:\/\/www.dehub.netgear.com\/de\/hub\/wp-content\/uploads\/2024\/06\/2024-06-08_17-50-11-300x128.jpg\" alt=\"wifi 7 vs 6 vs 5\" width=\"642\" height=\"274\" srcset=\"https:\/\/dehub.netgear.com\/de\/hub\/wp-content\/uploads\/2024\/06\/2024-06-08_17-50-11-300x128.jpg 300w, https:\/\/dehub.netgear.com\/de\/hub\/wp-content\/uploads\/2024\/06\/2024-06-08_17-50-11-768x327.jpg 768w, https:\/\/dehub.netgear.com\/de\/hub\/wp-content\/uploads\/2024\/06\/2024-06-08_17-50-11.jpg 936w\" sizes=\"auto, (max-width: 642px) 100vw, 642px\" \/><\/p>\n    <\/div>\n        <div id=\"topic2\" class=\"skip-item\">\n                        <h2>Was bedeutet der neue WiFi Standard?<\/h2>\n                <ul>\n<li><strong>46Gbps<\/strong> &#8211; 4,8-fache Geschwindigkeit<\/li>\n<li><strong>Bis zu<\/strong> 2,4x schneller bei identischer WLAN-Konfiguration<\/li>\n<li><strong>320MHz<\/strong> &#8211; 2-fache BANDBREITE<\/li>\n<li><strong>4096 QAM<\/strong> &#8211; X SPEICHERDICHTE<\/li>\n<\/ul>\n    <\/div>\n        <div id=\"topic3\" class=\"skip-item\">\n                        <h2>H\u00f6here Geschwindigkeiten<\/h2>\n                <p>Besonders spannend und bemerkenswert ist, dass WiFi 7 wesentlich schneller sein wird als WiFi 6. F\u00fcr dieselbe WLAN-Funkkonfiguration werden die \u00dcbertragungsgeschwindigkeiten um das 2,4-fache erh\u00f6ht. Die H\u00f6chstgeschwindigkeit eines herk\u00f6mmlichen Smartphones mit WiFi 7 kann somit bis zu 5Gbit\/s erreichen. Angesichts der immer h\u00f6heren Internetgeschwindigkeiten, die von Internetdienstanbietern (ISPs) angeboten werden, tr\u00e4gt WiFi 7 zur Gew\u00e4hrleistung bei, dass Ihr Zuhause f\u00fcr 10-Gigabit-Internetgeschwindigkeiten bereit ist, sofern diese verf\u00fcgbar werden.<\/p>\n<p>Was aber erm\u00f6glicht diese erstaunlichen Geschwindigkeiten? Sie stehen in den n\u00e4chsten beiden gro\u00dfen Upgrades bevor.<\/p>\n    <\/div>\n        <div id=\"topic4\" class=\"skip-item\">\n                        <h2>Mehr Kanalbreite<\/h2>\n                <p>Jedes WLAN-Band operiert in kleineren B\u00e4ndern von 20\/40\/80\/160MHz f\u00fcr die Verbindung zu einzelnen Ger\u00e4ten. WiFi 7 hingegen verdoppelt die Bandbreite auf 320 MHz. Effektiv verdoppelt sich dadurch die WLAN-Geschwindigkeit f\u00fcr einzelne Ger\u00e4te und es wird eine weitaus gr\u00f6\u00dfere Bandbreite zur Unterst\u00fctzung von mehr Ger\u00e4ten bereitgestellt.<\/p>\n    <\/div>\n        <div id=\"topic5\" class=\"skip-item\">\n                        <h2>H\u00f6here Datendichte<\/h2>\n                <p>Mit WiFi 7 werden nicht nur Geschwindigkeit und Bandbreite erh\u00f6ht. Auch die Datenmenge, die in einem Funksignal kodiert werden kann, steigt. Gemessen wird dies durch einen Standard, der als Quadraturamplitudenmodulation (QAM) bekannt ist. W\u00e4hrend bei WiFi 6 die QAM-Grenze bei 1024 lag, bietet WiFi 7 beeindruckende 4096 (oder 4K; die Norm ist auch als 4K QAM bekannt), was die Spitzenraten und damit den \u00dcbertragungsdurchsatz erh\u00f6ht. F\u00fcr jedes \u00fcbertragene Symbol k\u00f6nnen nun 12 statt 10 Bits \u00fcbertragen werden, was eine um 20 % h\u00f6here theoretische \u00dcbertragungsrate ergibt.<\/p>\n<p>F\u00fcr die 2,4-fache Verbesserung der WLAN-Geschwindigkeit zwischen WiFi 6 und WiFi 7 sind sowohl die h\u00f6here Kanalbandbreite (320MHz) als auch die h\u00f6here Datendichte (4K QAM) ma\u00dfgeblich.<\/p>\n    <\/div>\n        <div id=\"topic6\" class=\"skip-item\">\n                        <h2>Weitere signifikante Neuerungen in WiFi 7<\/h2>\n                <h3>Multi-Link Operation (MLO)<\/h3>\n<p>Gegenw\u00e4rtig k\u00f6nnen Router zwar mehrere WLAN-Frequenzb\u00e4nder unterst\u00fctzen &#8211; 2,4, 5 und 6 GHz -, aber die WLAN-Clients stellen die Verbindung \u00fcber eines der WLAN-Frequenzb\u00e4nder her. Dank WiFI 7 k\u00f6nnen Router \u00fcber zwei unterschiedliche Frequenzb\u00e4nder eine Verbindung zu einem Client-Ger\u00e4t herstellen.<\/p>\n<p>Man stelle sich zwei Autobahnen vor, die zum selben Ziel f\u00fchren. MLO verleiht diesen Autobahnen die Flexibilit\u00e4t, den Verkehrsfluss entweder auf beide Routen zu verteilen oder ihn schnell von einer Autobahn auf die andere zu verlagern, wenn eine \u00fcberlastet ist.<\/p>\n<p>Mesh-Systeme w\u00e4ren von MLO besonders beg\u00fcnstigt, da ein Router und ein Satellit gleichzeitig auf zwei verschiedenen Frequenzb\u00e4ndern senden k\u00f6nnen, um die beste Leistung zu erzielen. Zudem wird diese Funktion sehr n\u00fctzlich sein, wenn Sie auf Ihrem Mobilger\u00e4t von einem Frequenzband auf ein anderes wechseln m\u00f6chten, ohne die Verbindung zu verlieren. Falls Sie sich w\u00e4hrend eines Zoom-Anrufs von der Mitte des Hauses in den Garten begeben, kann Ihr Ger\u00e4t mit WiFi 7 von 6GHz auf 5GHz auf 2,4GHz umschalten, ohne dass der Anruf unterbrochen wird oder die Verbindung puffert.<\/p>\n<p><img loading=\"lazy\" decoding=\"async\" class=\" wp-image-9598 aligncenter\" src=\"https:\/\/www.dehub.netgear.com\/de\/hub\/wp-content\/uploads\/2024\/07\/RS700s_6_DE_tcm151-157740-300x206.jpg\" alt=\"\" width=\"606\" height=\"416\" srcset=\"https:\/\/dehub.netgear.com\/de\/hub\/wp-content\/uploads\/2024\/07\/RS700s_6_DE_tcm151-157740-300x206.jpg 300w, https:\/\/dehub.netgear.com\/de\/hub\/wp-content\/uploads\/2024\/07\/RS700s_6_DE_tcm151-157740-768x528.jpg 768w, https:\/\/dehub.netgear.com\/de\/hub\/wp-content\/uploads\/2024\/07\/RS700s_6_DE_tcm151-157740.jpg 779w\" sizes=\"auto, (max-width: 606px) 100vw, 606px\" \/><\/p>\n    <\/div>\n        <div id=\"topic7\" class=\"skip-item\">\n                        <h2>Flexible Kanalauslastung<\/h2>\n                <p>Eine zentrale Begrenzung bei WiFi ist der Umstand, dass sich jegliche Inteferenzen auf den gesamten Kanal auswirken. Wird ein Teil des Kanals aufgrund von St\u00f6rungen beeintr\u00e4chtigt, kann lediglich dieser Teil blockiert werden, w\u00e4hrend der Rest des Kanals weiterhin f\u00fcr die Daten\u00fcbertragung genutzt wird. Dadurch wird das WLAN widerstandsf\u00e4higer gegen St\u00f6rungen und stellt sicher, dass kritische Datenstr\u00f6me und Latenzzeiten nicht beeintr\u00e4chtigt werden. Um auf unser Beispiel mit der Autobahn zur\u00fcckzukommen: Mit WiFi 6 w\u00fcrde ein Schlagloch in einer Fahrspur diese Fahrspur unbrauchbar machen, w\u00e4hrend man mit WiFi 7 das Schlagloch blockieren und umfahren kann, ohne die \u00fcbrige Fahrspur zu verlassen.<\/p>\n    <\/div>\n        <div id=\"topic8\" class=\"skip-item\">\n                        <h2>Was bleibt unver\u00e4ndert?<\/h2>\n                <ul>\n<li>Dieselben drei frequenzb\u00e4nder<\/li>\n<li>Ultraschnelle geschwindigkeiten<\/li>\n<li>Enorme bandbreite<\/li>\n<li>Eingeschr\u00e4nkte ger\u00e4teunterst\u00fctzung<\/li>\n<\/ul>\n<p>Angesichts der erstaunlichen Spezifikationen von WiFi wird leicht \u00fcbersehen, dass es auf Funktionen und Infrastruktur von WiFi 6 und 6E basiert. Wie oben aufgef\u00fchrt, bieten WiFi 6 und WiFi 7 dieselben drei Frequenzb\u00e4nder, einschlie\u00dflich dem blitzschnellen 6-GHz-Band. Die Bandbreite ist bei beiden gewaltig. Technologieanbieter weisen sowohl bei WiFi 6E als auch bei WiFi 7 noch immer Nachholbedarf auf, da st\u00e4ndig neue Ger\u00e4te auf dem Markt erscheinen, um das volle Potenzial beider Normen auszusch\u00f6pfen. Selbst im Schatten des bevorstehenden WiFi 7 sollte WiFi 6E immer noch als Spitzentechnologie gelten.<\/p>\n    <\/div>\n        <div id=\"topic9\" class=\"skip-item\">\n                        <h2>Ist eine Aufr\u00fcstung auf einen WiFi 7 Router sinnvoll?<\/h2>\n                <p>WiFI 7 ist zweifellos die Zukunft des Drahtlosnetzwerks: Fr\u00fcher oder sp\u00e4ter werden wir alle WiFi 7-Router und -Ger\u00e4te verwenden. In der Zwischenzeit werden die meisten Nutzer ihre Bed\u00fcrfnisse mit WiFi 6- und WiFi 6E-Netzwerken befriedigen k\u00f6nnen, speziell mit solchen, die von bew\u00e4hrten, grundsoliden Routern und Mesh-Systemen wie unseren Orbi und Nighthawk-Ger\u00e4ten unterst\u00fctzt werden.<\/p>\n<p>Zu beachten ist auch die Art des mobilen Ger\u00e4ts, das Sie benutzen. Derzeit unterst\u00fctzt Apples iPhone kein WiFi 6E, weshalb iPhone-Nutzer mit einem WiFi 6-Netzwerk die beste Leistung erhalten. Wer einen aktuellen Windows-Laptop oder ein Android-Telefon mit WiFi 6E-Unterst\u00fctzung besitzt, sollte ein Upgrade auf ein WiFi 6E-Netzwerk in Erw\u00e4gung ziehen, sofern dies noch nicht geschehen ist. Ein derartiges System wird auch in den n\u00e4chsten Jahren eine erstklassige Leistung bieten.<\/p>\n<p>Der Erwerb eines WLAN-Routers stellt eine grundlegende Investition in die Aufr\u00fcstung Ihrer heimischen WLAN-Infrastruktur dar. Auf diese Weise sind Sie nicht nur f\u00fcr aktuelle, sondern auch f\u00fcr k\u00fcnftige Ger\u00e4te ger\u00fcstet.Falls Sie beabsichtigen, Ihre Smartphones oder Laptops in den kommenden Jahren aufzur\u00fcsten, unterst\u00fctzen diese Ger\u00e4te h\u00f6chstwahrscheinlich den neuesten WLAN-Standard. Daher wird dringend empfohlen, Ihre Investition zu sch\u00fctzen und einen Router oder ein Mesh-System zu erwerben, welches auf der neuesten WLAN-Technologie basiert.<\/p>\n<p>Mit dem Erscheinen von WiFi 7 im n\u00e4chsten Jahr werden zweifellos auch Systeme mit diesen Premium-Funktionen auf dem Markt eingef\u00fchrt werden. Anspruchsvolle Nutzer, die ihr Heimnetzwerk f\u00fcr die n\u00e4chsten Jahre zukunftstauglich gestalten m\u00f6chten, sollten die Einf\u00fchrung von WiFI 7-Ger\u00e4ten in Erw\u00e4gung ziehen, sobald diese erh\u00e4ltlich sind. Ambitionierte Gamer werden die niedrigen Latenzzeiten und schnellen Reaktionsf\u00e4higkeiten begr\u00fc\u00dfen, die der Standard bietet. Wer sich beruflich oder privat regelm\u00e4\u00dfig mit VR\/AR befasst, wird von den enormen Geschwindigkeiten und geringen Latenzzeiten von WiFi 7 profitieren. Und wer stets das Neueste und Beste w\u00fcnscht, kann sich darauf verlassen, dass sein Netzwerk f\u00fcr eine lange Zeit das Maximum aus k\u00fcnftigen Produktk\u00e4ufen herausholen wird.<\/p>\n<p>Selbstverst\u00e4ndlich bietet jeder dieser Normen die beste Erfahrung mit einem NETGEAR-Router oder Mesh-System. Im Verlauf des folgenden Jahres werden sowohl in der Orbi als auch in der Nighthawk-Familie WiFi 7-Angebote zur Verf\u00fcgung stehen, mit denen wir die hohen Anforderungen unserer Kunden an die besten Router und Mesh-Systeme erf\u00fcllen. Sie bieten un\u00fcbertroffene Geschwindigkeit, Kapazit\u00e4t und Sicherheit in ihren Kategorien.<\/p>\n    <\/div>\n    \n","protected":false},"excerpt":{"rendered":"","protected":false},"author":68,"featured_media":6610,"parent":6678,"menu_order":8,"comment_status":"closed","ping_status":"closed","template":"templates\/blog-wifi.php","meta":{"_acf_changed":false,"footnotes":""},"class_list":["post-6652","page","type-page","status-publish","has-post-thumbnail","hentry"],"acf":[],"yoast_head":"<!-- This site is optimized with the Yoast SEO plugin v27.5 - https:\/\/yoast.com\/product\/yoast-seo-wordpress\/ -->\n<title>WiFi 7 vs WiFi 6 - The Next Generation of Wireless<\/title>\n<meta name=\"description\" content=\"Uncover the advancements in speed, capacity, and efficiency that WiFi 7 introduces over WiFi 6. Delve into the battle of the WiFi standards at Netgear.\" \/>\n<meta name=\"robots\" content=\"index, follow, max-snippet:-1, max-image-preview:large, max-video-preview:-1\" \/>\n<link rel=\"canonical\" href=\"https:\/\/dehub.netgear.com\/de\/hub\/technology\/wifi-7-vs-wifi-6\/\" \/>\n<meta property=\"og:locale\" content=\"de_DE\" \/>\n<meta property=\"og:type\" content=\"article\" \/>\n<meta property=\"og:title\" content=\"WiFi 7 vs WiFi 6 - The Next Generation of Wireless\" \/>\n<meta property=\"og:description\" content=\"Uncover the advancements in speed, capacity, and efficiency that WiFi 7 introduces over WiFi 6. Delve into the battle of the WiFi standards at Netgear.\" \/>\n<meta property=\"og:url\" content=\"https:\/\/dehub.netgear.com\/de\/hub\/technology\/wifi-7-vs-wifi-6\/\" \/>\n<meta property=\"og:site_name\" content=\"NETGEAR Hub\" \/>\n<meta property=\"article:publisher\" content=\"https:\/\/www.facebook.com\/NetgearAU\/\" \/>\n<meta property=\"article:modified_time\" content=\"2024-11-18T05:55:39+00:00\" \/>\n<meta property=\"og:image\" content=\"https:\/\/dehub.netgear.com\/de\/hub\/wp-content\/uploads\/2023\/04\/four-col-img2.jpg\" \/>\n\t<meta property=\"og:image:width\" content=\"290\" \/>\n\t<meta property=\"og:image:height\" content=\"360\" \/>\n\t<meta property=\"og:image:type\" content=\"image\/jpeg\" \/>\n<meta name=\"twitter:card\" content=\"summary_large_image\" \/>\n<meta name=\"twitter:site\" content=\"@NETGEAR\" \/>\n<script type=\"application\/ld+json\" class=\"yoast-schema-graph\">{\"@context\":\"https:\\\/\\\/schema.org\",\"@graph\":[{\"@type\":\"WebPage\",\"@id\":\"https:\\\/\\\/dehub.netgear.com\\\/de\\\/hub\\\/technology\\\/wifi-7-vs-wifi-6\\\/\",\"url\":\"https:\\\/\\\/dehub.netgear.com\\\/de\\\/hub\\\/technology\\\/wifi-7-vs-wifi-6\\\/\",\"name\":\"WiFi 7 vs WiFi 6 - The Next Generation of Wireless\",\"isPartOf\":{\"@id\":\"https:\\\/\\\/dehub.netgear.com\\\/de\\\/hub\\\/#website\"},\"primaryImageOfPage\":{\"@id\":\"https:\\\/\\\/dehub.netgear.com\\\/de\\\/hub\\\/technology\\\/wifi-7-vs-wifi-6\\\/#primaryimage\"},\"image\":{\"@id\":\"https:\\\/\\\/dehub.netgear.com\\\/de\\\/hub\\\/technology\\\/wifi-7-vs-wifi-6\\\/#primaryimage\"},\"thumbnailUrl\":\"https:\\\/\\\/dehub.netgear.com\\\/de\\\/hub\\\/wp-content\\\/uploads\\\/2023\\\/04\\\/four-col-img2.jpg\",\"datePublished\":\"2023-04-10T14:55:46+00:00\",\"dateModified\":\"2024-11-18T05:55:39+00:00\",\"description\":\"Uncover the advancements in speed, capacity, and efficiency that WiFi 7 introduces over WiFi 6. Delve into the battle of the WiFi standards at Netgear.\",\"breadcrumb\":{\"@id\":\"https:\\\/\\\/dehub.netgear.com\\\/de\\\/hub\\\/technology\\\/wifi-7-vs-wifi-6\\\/#breadcrumb\"},\"inLanguage\":\"de\",\"potentialAction\":[{\"@type\":\"ReadAction\",\"target\":[\"https:\\\/\\\/dehub.netgear.com\\\/de\\\/hub\\\/technology\\\/wifi-7-vs-wifi-6\\\/\"]}]},{\"@type\":\"ImageObject\",\"inLanguage\":\"de\",\"@id\":\"https:\\\/\\\/dehub.netgear.com\\\/de\\\/hub\\\/technology\\\/wifi-7-vs-wifi-6\\\/#primaryimage\",\"url\":\"https:\\\/\\\/dehub.netgear.com\\\/de\\\/hub\\\/wp-content\\\/uploads\\\/2023\\\/04\\\/four-col-img2.jpg\",\"contentUrl\":\"https:\\\/\\\/dehub.netgear.com\\\/de\\\/hub\\\/wp-content\\\/uploads\\\/2023\\\/04\\\/four-col-img2.jpg\",\"width\":290,\"height\":360},{\"@type\":\"BreadcrumbList\",\"@id\":\"https:\\\/\\\/dehub.netgear.com\\\/de\\\/hub\\\/technology\\\/wifi-7-vs-wifi-6\\\/#breadcrumb\",\"itemListElement\":[{\"@type\":\"ListItem\",\"position\":1,\"name\":\"Home\",\"item\":\"https:\\\/\\\/dehub.netgear.com\\\/de\\\/hub\\\/\"},{\"@type\":\"ListItem\",\"position\":2,\"name\":\"Technology\",\"item\":\"https:\\\/\\\/dehub.netgear.com\\\/de\\\/hub\\\/technology\\\/\"},{\"@type\":\"ListItem\",\"position\":3,\"name\":\"WiFi 7 vs. WiFi 6: Mehr Geschwindigkeit &#038; Kapazit\u00e4t\"}]},{\"@type\":\"WebSite\",\"@id\":\"https:\\\/\\\/dehub.netgear.com\\\/de\\\/hub\\\/#website\",\"url\":\"https:\\\/\\\/dehub.netgear.com\\\/de\\\/hub\\\/\",\"name\":\"NETGEAR\",\"description\":\"Erkunden Sie unsere Hub-Seiten und st\u00f6bern Sie in Artikeln, um mehr \u00fcber NETGEAR Produkte und Technologien zu erfahren.\",\"publisher\":{\"@id\":\"https:\\\/\\\/dehub.netgear.com\\\/de\\\/hub\\\/#organization\"},\"potentialAction\":[{\"@type\":\"SearchAction\",\"target\":{\"@type\":\"EntryPoint\",\"urlTemplate\":\"https:\\\/\\\/dehub.netgear.com\\\/de\\\/hub\\\/?s={search_term_string}\"},\"query-input\":{\"@type\":\"PropertyValueSpecification\",\"valueRequired\":true,\"valueName\":\"search_term_string\"}}],\"inLanguage\":\"de\"},{\"@type\":\"Organization\",\"@id\":\"https:\\\/\\\/dehub.netgear.com\\\/de\\\/hub\\\/#organization\",\"name\":\"NETGEAR\",\"url\":\"https:\\\/\\\/dehub.netgear.com\\\/de\\\/hub\\\/\",\"logo\":{\"@type\":\"ImageObject\",\"inLanguage\":\"de\",\"@id\":\"https:\\\/\\\/dehub.netgear.com\\\/de\\\/hub\\\/#\\\/schema\\\/logo\\\/image\\\/\",\"url\":\"https:\\\/\\\/www.dehub.netgear.com\\\/de\\\/hub\\\/wp-content\\\/uploads\\\/2019\\\/07\\\/NETGEAR_logo.jpg\",\"contentUrl\":\"https:\\\/\\\/www.dehub.netgear.com\\\/de\\\/hub\\\/wp-content\\\/uploads\\\/2019\\\/07\\\/NETGEAR_logo.jpg\",\"width\":1500,\"height\":501,\"caption\":\"NETGEAR\"},\"image\":{\"@id\":\"https:\\\/\\\/dehub.netgear.com\\\/de\\\/hub\\\/#\\\/schema\\\/logo\\\/image\\\/\"},\"sameAs\":[\"https:\\\/\\\/www.facebook.com\\\/NetgearAU\\\/\",\"https:\\\/\\\/x.com\\\/NETGEAR\",\"https:\\\/\\\/www.linkedin.com\\\/company\\\/netgear\"]}]}<\/script>\n<!-- \/ Yoast SEO plugin. -->","yoast_head_json":{"title":"WiFi 7 vs WiFi 6 - The Next Generation of Wireless","description":"Uncover the advancements in speed, capacity, and efficiency that WiFi 7 introduces over WiFi 6. Delve into the battle of the WiFi standards at Netgear.","robots":{"index":"index","follow":"follow","max-snippet":"max-snippet:-1","max-image-preview":"max-image-preview:large","max-video-preview":"max-video-preview:-1"},"canonical":"https:\/\/dehub.netgear.com\/de\/hub\/technology\/wifi-7-vs-wifi-6\/","og_locale":"de_DE","og_type":"article","og_title":"WiFi 7 vs WiFi 6 - The Next Generation of Wireless","og_description":"Uncover the advancements in speed, capacity, and efficiency that WiFi 7 introduces over WiFi 6. Delve into the battle of the WiFi standards at Netgear.","og_url":"https:\/\/dehub.netgear.com\/de\/hub\/technology\/wifi-7-vs-wifi-6\/","og_site_name":"NETGEAR Hub","article_publisher":"https:\/\/www.facebook.com\/NetgearAU\/","article_modified_time":"2024-11-18T05:55:39+00:00","og_image":[{"width":290,"height":360,"url":"https:\/\/dehub.netgear.com\/de\/hub\/wp-content\/uploads\/2023\/04\/four-col-img2.jpg","type":"image\/jpeg"}],"twitter_card":"summary_large_image","twitter_site":"@NETGEAR","schema":{"@context":"https:\/\/schema.org","@graph":[{"@type":"WebPage","@id":"https:\/\/dehub.netgear.com\/de\/hub\/technology\/wifi-7-vs-wifi-6\/","url":"https:\/\/dehub.netgear.com\/de\/hub\/technology\/wifi-7-vs-wifi-6\/","name":"WiFi 7 vs WiFi 6 - The Next Generation of Wireless","isPartOf":{"@id":"https:\/\/dehub.netgear.com\/de\/hub\/#website"},"primaryImageOfPage":{"@id":"https:\/\/dehub.netgear.com\/de\/hub\/technology\/wifi-7-vs-wifi-6\/#primaryimage"},"image":{"@id":"https:\/\/dehub.netgear.com\/de\/hub\/technology\/wifi-7-vs-wifi-6\/#primaryimage"},"thumbnailUrl":"https:\/\/dehub.netgear.com\/de\/hub\/wp-content\/uploads\/2023\/04\/four-col-img2.jpg","datePublished":"2023-04-10T14:55:46+00:00","dateModified":"2024-11-18T05:55:39+00:00","description":"Uncover the advancements in speed, capacity, and efficiency that WiFi 7 introduces over WiFi 6. Delve into the battle of the WiFi standards at Netgear.","breadcrumb":{"@id":"https:\/\/dehub.netgear.com\/de\/hub\/technology\/wifi-7-vs-wifi-6\/#breadcrumb"},"inLanguage":"de","potentialAction":[{"@type":"ReadAction","target":["https:\/\/dehub.netgear.com\/de\/hub\/technology\/wifi-7-vs-wifi-6\/"]}]},{"@type":"ImageObject","inLanguage":"de","@id":"https:\/\/dehub.netgear.com\/de\/hub\/technology\/wifi-7-vs-wifi-6\/#primaryimage","url":"https:\/\/dehub.netgear.com\/de\/hub\/wp-content\/uploads\/2023\/04\/four-col-img2.jpg","contentUrl":"https:\/\/dehub.netgear.com\/de\/hub\/wp-content\/uploads\/2023\/04\/four-col-img2.jpg","width":290,"height":360},{"@type":"BreadcrumbList","@id":"https:\/\/dehub.netgear.com\/de\/hub\/technology\/wifi-7-vs-wifi-6\/#breadcrumb","itemListElement":[{"@type":"ListItem","position":1,"name":"Home","item":"https:\/\/dehub.netgear.com\/de\/hub\/"},{"@type":"ListItem","position":2,"name":"Technology","item":"https:\/\/dehub.netgear.com\/de\/hub\/technology\/"},{"@type":"ListItem","position":3,"name":"WiFi 7 vs. WiFi 6: Mehr Geschwindigkeit &#038; Kapazit\u00e4t"}]},{"@type":"WebSite","@id":"https:\/\/dehub.netgear.com\/de\/hub\/#website","url":"https:\/\/dehub.netgear.com\/de\/hub\/","name":"NETGEAR","description":"Erkunden Sie unsere Hub-Seiten und st\u00f6bern Sie in Artikeln, um mehr \u00fcber NETGEAR Produkte und Technologien zu erfahren.","publisher":{"@id":"https:\/\/dehub.netgear.com\/de\/hub\/#organization"},"potentialAction":[{"@type":"SearchAction","target":{"@type":"EntryPoint","urlTemplate":"https:\/\/dehub.netgear.com\/de\/hub\/?s={search_term_string}"},"query-input":{"@type":"PropertyValueSpecification","valueRequired":true,"valueName":"search_term_string"}}],"inLanguage":"de"},{"@type":"Organization","@id":"https:\/\/dehub.netgear.com\/de\/hub\/#organization","name":"NETGEAR","url":"https:\/\/dehub.netgear.com\/de\/hub\/","logo":{"@type":"ImageObject","inLanguage":"de","@id":"https:\/\/dehub.netgear.com\/de\/hub\/#\/schema\/logo\/image\/","url":"https:\/\/www.dehub.netgear.com\/de\/hub\/wp-content\/uploads\/2019\/07\/NETGEAR_logo.jpg","contentUrl":"https:\/\/www.dehub.netgear.com\/de\/hub\/wp-content\/uploads\/2019\/07\/NETGEAR_logo.jpg","width":1500,"height":501,"caption":"NETGEAR"},"image":{"@id":"https:\/\/dehub.netgear.com\/de\/hub\/#\/schema\/logo\/image\/"},"sameAs":["https:\/\/www.facebook.com\/NetgearAU\/","https:\/\/x.com\/NETGEAR","https:\/\/www.linkedin.com\/company\/netgear"]}]}},"_links":{"self":[{"href":"https:\/\/dehub.netgear.com\/de\/hub\/wp-json\/wp\/v2\/pages\/6652","targetHints":{"allow":["GET"]}}],"collection":[{"href":"https:\/\/dehub.netgear.com\/de\/hub\/wp-json\/wp\/v2\/pages"}],"about":[{"href":"https:\/\/dehub.netgear.com\/de\/hub\/wp-json\/wp\/v2\/types\/page"}],"author":[{"embeddable":true,"href":"https:\/\/dehub.netgear.com\/de\/hub\/wp-json\/wp\/v2\/users\/68"}],"replies":[{"embeddable":true,"href":"https:\/\/dehub.netgear.com\/de\/hub\/wp-json\/wp\/v2\/comments?post=6652"}],"version-history":[{"count":12,"href":"https:\/\/dehub.netgear.com\/de\/hub\/wp-json\/wp\/v2\/pages\/6652\/revisions"}],"predecessor-version":[{"id":9862,"href":"https:\/\/dehub.netgear.com\/de\/hub\/wp-json\/wp\/v2\/pages\/6652\/revisions\/9862"}],"up":[{"embeddable":true,"href":"https:\/\/dehub.netgear.com\/de\/hub\/wp-json\/wp\/v2\/pages\/6678"}],"wp:featuredmedia":[{"embeddable":true,"href":"https:\/\/dehub.netgear.com\/de\/hub\/wp-json\/wp\/v2\/media\/6610"}],"wp:attachment":[{"href":"https:\/\/dehub.netgear.com\/de\/hub\/wp-json\/wp\/v2\/media?parent=6652"}],"curies":[{"name":"wp","href":"https:\/\/api.w.org\/{rel}","templated":true}]}}