{"id":6163,"date":"2023-03-13T00:37:13","date_gmt":"2023-03-13T07:37:13","guid":{"rendered":"https:\/\/compareforex.com.au\/?page_id=6163"},"modified":"2024-11-18T06:57:24","modified_gmt":"2024-11-18T05:57:24","slug":"why-wifi-streams-matter","status":"publish","type":"page","link":"https:\/\/dehub.netgear.com\/de\/hub\/technology\/why-wifi-streams-matter\/","title":{"rendered":"WLAN-Streams ? sind wichtig. Hier ist der Grund"},"content":{"rendered":"    <div class=\"table-of-content bg-gray\">\n        <p><strong>IN THIS ARTICLE<\/strong><\/p>\n        <ul>\n                        <li><a href=\"#topic1\">Was sind WLAN-Streams?<\/a><\/li>\n                        <li><a href=\"#topic2\">Einige Geschichte \u00fcber WLAN-Streams<\/a><\/li>\n                        <li><a href=\"#topic3\">Router mit mehr r\u00e4umlichen Streams \u2013 Bessere Kapazit\u00e4t &amp; Effizien<\/a><\/li>\n                    <\/ul>\n    <\/div>\n        <div id=\"topic1\" class=\"skip-item\">\n                        <h2>Was sind WLAN-Streams?<\/h2>\n                <p>Wenn wir uns die Spezifikationen f\u00fcr neue WLAN-Router ansehen, insbesondere im Interesse des Kaufs des schnellsten Routers, wird in der Regel auf der Verpackung und in den Marketingbotschaften die maximale theoretische Geschwindigkeit wie AC1900 oder AC2600 hervorgehoben. Obwohl diese Informationen wichtig sind, erkl\u00e4ren sie nicht die ganze Geschichte dar\u00fcber, wie diese schnellen WLAN-Ger\u00e4te diese Leistung erreichen. Auch wird nicht angegeben, wie sich der Router in \u00fcberf\u00fcllten Umgebungen verh\u00e4lt oder welcher die gesch\u00e4tzte Reichweite des Routers sein k\u00f6nnte.<\/p>\n<p>Ohne auf die technischen Details einzugehen, gibt es einige leicht verst\u00e4ndliche Funktionen, die sowohl dem Gelegenheitsnutzer als auch dem fortgeschritteneren K\u00e4ufer helfen, ein Ger\u00e4t von einem anderen zu unterscheiden. Ein WLAN-Signal basiert auf ein paar Dingen (um es nicht zu vereinfachen). Zuerst gibt es die Frequenz des Funkbandes, auf dem das Signal reist. Bei WLAN gibt es das 2,4-GHz-Band, das die ersten Verbraucher-WLAN-Netzwerke nutzten, und dann, vor mehr als einem Jahrzehnt, wurde das 5-GHz-Band hinzugef\u00fcgt, was zu Dual-Band-WLAN-Routern f\u00fchrte. Die Hinzuf\u00fcgung dieses zweiten Bandes sollte mehr &#8222;Raum&#8220; schaffen, um WLAN-Signalen die Kommunikation zu erm\u00f6glichen. Was in jedem Funkband reiste, war ein WLAN-Stream. Der Stream ist es, der tats\u00e4chlich die WLAN-Daten tr\u00e4gt, die die Kommunikation zwischen Ihrem Ger\u00e4t und dem Router erm\u00f6glichen.<\/p>\n<p>Die maximale theoretische Geschwindigkeit des Routers wird durch die Geschwindigkeit des Streams bestimmt, multipliziert mit der Anzahl der Streams, die der Router hat. Die Stream-Geschwindigkeit wird durch den im Router eingesetzten WLAN-Standard bestimmt, w\u00e4hrend die Anzahl der Streams durch das Router-Design bestimmt wird.<\/p>\n    <\/div>\n        <div id=\"topic2\" class=\"skip-item\">\n                        <h2>Einige Geschichte \u00fcber WLAN-Streams<\/h2>\n                <p>In jedem WLAN-Standard, beginnend mit 802.11n (WiFi 4), war der gesamte Durchsatz der WLAN-Geschwindigkeit eines Routers eine Funktion der Anzahl der verwendeten Streams. Die ersten N-Router hatten einen (1) Stream mit einem einzigen Band bei 2,4 GHz. Daher hatten sie eine maximale Geschwindigkeit von 150 Mbit\/s.<\/p>\n<p>Sp\u00e4tere Modelle kamen dann mit bis zu 4 Streams pro Funkband heraus. Und wir sahen auch Dual-Band-Router mit 2,4 GHz und 5 GHz Radios. Die Streams in jedem Band konnten f\u00fcr h\u00f6here Gesamtgeschwindigkeiten mit dem Client-Ger\u00e4t kombiniert werden, wenn das Client-Ger\u00e4t ein Mehrfach-Stream-Radio eingebaut hatte. Wenn Sie also einen 4-Stream-Router hatten, konnten Sie bis zu 4*150 Mbit\/s = 600 Mbit\/s erreichen. Um diese maximale Geschwindigkeit zu erreichen, mussten Sie ein Ger\u00e4t mit einem 4-Stream-Radio an Bord haben.<\/p>\n<p>Dann kam AC (WiFi 5). AC folgte dem gleichen Weg wie N, mit bis zu 4 Streams pro Funkband. Aber im Gegensatz zu N, das eine maximale Geschwindigkeit von 150 Mbit\/s pro Stream hatte, erh\u00f6hte der neue AC-Standard dieses Limit auf 433 Mbit\/s (oft auf 450 aufgerundet) nur im 5-GHz-Band. Also war ein einzelner AC-basierter Stream gleichwertig mit einem 3-Stream-N-Ger\u00e4t! Das war ein signifikanter Sprung. Als Beispiel, der beliebteste NETGEAR WiFi 5 Router, der Nighthawk R7000, wird als AC1900 aufgef\u00fchrt. Bestehend aus drei (3) Streams f\u00fcr eine Gesamtgeschwindigkeit von 1300 Mbit\/s (3433) plus den 4N-basierten 150 Mbit\/s Streams im 2,4-GHz-Bereich f\u00fcr eine Gesamtgeschwindigkeit von 600 Mbit\/s (4150), was eine kombinierte Gesamtgeschwindigkeit von 1900 Mbit\/s ergibt. Daher wurde der R7000 als AC1900-Ger\u00e4t bezeichnet. Wenn Sie sich gefragt haben, wie wir zu unseren AC-Zahlen gekommen sind, da haben Sie es!<\/p>\n    <\/div>\n        <div id=\"topic3\" class=\"skip-item\">\n                        <h2>Router mit mehr r\u00e4umlichen Streams \u2013 Bessere Kapazit\u00e4t &amp; Effizien<\/h2>\n                <p><strong><img loading=\"lazy\" decoding=\"async\" class=\"size-full wp-image-7420 alignright\" src=\"https:\/\/www.dehub.netgear.com\/de\/hub\/wp-content\/uploads\/2023\/05\/L_4A6A_router_tcm148-1362301.jpg\" alt=\"\" width=\"300\" height=\"200\" \/><\/strong>Neben der Steigerung der Geschwindigkeit durch das Hinzuf\u00fcgen von mehr Streams kann ein Router mit mehr r\u00e4umlichen Streams auch mehr Daten von Ger\u00e4ten senden und empfangen. Mit mehreren Streams verbessert sich die Gesamtzuverl\u00e4ssigkeit und -geschwindigkeit aufgrund einer erh\u00f6hten Vielfalt. Da separate Daten signale \u00fcber verschiedene r\u00e4umliche Streams an und von Ger\u00e4ten gesendet werden k\u00f6nnen, erh\u00f6ht sich die Menge an Informationen, die \u00fcber ein Netzwerk gesendet werden k\u00f6nnen, erheblich. Im Wesentlichen bedeuten mehr r\u00e4umliche Streams mehr verf\u00fcgbare Bandbreite und weniger Stau f\u00fcr alle Ger\u00e4te im WLAN-Netzwerk<\/p>\n<p>&#8222;Die neueste Erg\u00e4nzung zu den NETGEAR Nighthawk-Routern, der <a href=\"https:\/\/www.dehub.netgear.com\/de\/home\/wifi\/routers\/\" target=\"_blank\" rel=\"noopener\">Nighthawk AX8 8-Stream WLAN-Router<\/a> und der <a href=\"https:\/\/www.dehub.netgear.com\/de\/home\/wifi\/routers\/rax200\/\" target=\"_blank\" rel=\"noopener\">Nighthawk AX12 12-Stream WLAN-Router<\/a><u>,<\/u> Unterst\u00fctzen eine h\u00f6here Anzahl von WLAN-Streams als je zuvor. Da diese WLAN-6-Router der n\u00e4chsten Generation mehr r\u00e4umliche Streams und QAM hinzuf\u00fcgen, um die Gesamtnetzwerkkapazit\u00e4t und -effizienz erheblich zu steigern, Der <a href=\"https:\/\/www.dehub.netgear.com\/uk\/home\/discover\/wifi6\/\" target=\"_blank\" rel=\"noopener\">neue WiFi-Standard ist bereit,<\/a> signifikante Verbesserungen gegen\u00fcber den fr\u00fcheren Generationen zu liefern.<\/p>\n    <\/div>\n    \n","protected":false},"excerpt":{"rendered":"","protected":false},"author":68,"featured_media":7418,"parent":6678,"menu_order":11,"comment_status":"closed","ping_status":"closed","template":"templates\/mesh-vs-wifi.php","meta":{"_acf_changed":false,"footnotes":""},"class_list":["post-6163","page","type-page","status-publish","has-post-thumbnail","hentry"],"acf":[],"yoast_head":"<!-- This site is optimized with the Yoast SEO plugin v27.5 - https:\/\/yoast.com\/product\/yoast-seo-wordpress\/ -->\n<title>Warum WLAN-Streams wichtig sind - Optimierung der Netzwerkperformance<\/title>\n<meta name=\"description\" content=\"Erfahren Sie, wie WLAN-Streams eine entscheidende Rolle bei der Unterst\u00fctzung mehrerer Ger\u00e4te und Bandbreitenaktivit\u00e4ten spielen. Erfahren Sie mehr \u00fcber ein besseres Online-Erlebnis bei NETGEAR\" \/>\n<meta name=\"robots\" content=\"index, follow, max-snippet:-1, max-image-preview:large, max-video-preview:-1\" \/>\n<link rel=\"canonical\" href=\"https:\/\/dehub.netgear.com\/de\/hub\/technology\/why-wifi-streams-matter\/\" \/>\n<meta property=\"og:locale\" content=\"de_DE\" \/>\n<meta property=\"og:type\" content=\"article\" \/>\n<meta property=\"og:title\" content=\"Warum WLAN-Streams wichtig sind - Optimierung der Netzwerkperformance\" \/>\n<meta property=\"og:description\" content=\"Erfahren Sie, wie WLAN-Streams eine entscheidende Rolle bei der Unterst\u00fctzung mehrerer Ger\u00e4te und Bandbreitenaktivit\u00e4ten spielen. Erfahren Sie mehr \u00fcber ein besseres Online-Erlebnis bei NETGEAR\" \/>\n<meta property=\"og:url\" content=\"https:\/\/dehub.netgear.com\/de\/hub\/technology\/why-wifi-streams-matter\/\" \/>\n<meta property=\"og:site_name\" content=\"NETGEAR Hub\" \/>\n<meta property=\"article:publisher\" content=\"https:\/\/www.facebook.com\/NetgearAU\/\" \/>\n<meta property=\"article:modified_time\" content=\"2024-11-18T05:57:24+00:00\" \/>\n<meta property=\"og:image\" content=\"https:\/\/dehub.netgear.com\/de\/hub\/wp-content\/uploads\/2023\/05\/streams-thumb.jpg\" \/>\n\t<meta property=\"og:image:width\" content=\"254\" \/>\n\t<meta property=\"og:image:height\" content=\"360\" \/>\n\t<meta property=\"og:image:type\" content=\"image\/jpeg\" \/>\n<meta name=\"twitter:card\" content=\"summary_large_image\" \/>\n<meta name=\"twitter:site\" content=\"@NETGEAR\" \/>\n<script type=\"application\/ld+json\" class=\"yoast-schema-graph\">{\"@context\":\"https:\\\/\\\/schema.org\",\"@graph\":[{\"@type\":\"WebPage\",\"@id\":\"https:\\\/\\\/dehub.netgear.com\\\/de\\\/hub\\\/technology\\\/why-wifi-streams-matter\\\/\",\"url\":\"https:\\\/\\\/dehub.netgear.com\\\/de\\\/hub\\\/technology\\\/why-wifi-streams-matter\\\/\",\"name\":\"Warum WLAN-Streams wichtig sind - Optimierung der Netzwerkperformance\",\"isPartOf\":{\"@id\":\"https:\\\/\\\/dehub.netgear.com\\\/de\\\/hub\\\/#website\"},\"primaryImageOfPage\":{\"@id\":\"https:\\\/\\\/dehub.netgear.com\\\/de\\\/hub\\\/technology\\\/why-wifi-streams-matter\\\/#primaryimage\"},\"image\":{\"@id\":\"https:\\\/\\\/dehub.netgear.com\\\/de\\\/hub\\\/technology\\\/why-wifi-streams-matter\\\/#primaryimage\"},\"thumbnailUrl\":\"https:\\\/\\\/dehub.netgear.com\\\/de\\\/hub\\\/wp-content\\\/uploads\\\/2023\\\/05\\\/streams-thumb.jpg\",\"datePublished\":\"2023-03-13T07:37:13+00:00\",\"dateModified\":\"2024-11-18T05:57:24+00:00\",\"description\":\"Erfahren Sie, wie WLAN-Streams eine entscheidende Rolle bei der Unterst\u00fctzung mehrerer Ger\u00e4te und Bandbreitenaktivit\u00e4ten spielen. Erfahren Sie mehr \u00fcber ein besseres Online-Erlebnis bei NETGEAR\",\"breadcrumb\":{\"@id\":\"https:\\\/\\\/dehub.netgear.com\\\/de\\\/hub\\\/technology\\\/why-wifi-streams-matter\\\/#breadcrumb\"},\"inLanguage\":\"de\",\"potentialAction\":[{\"@type\":\"ReadAction\",\"target\":[\"https:\\\/\\\/dehub.netgear.com\\\/de\\\/hub\\\/technology\\\/why-wifi-streams-matter\\\/\"]}]},{\"@type\":\"ImageObject\",\"inLanguage\":\"de\",\"@id\":\"https:\\\/\\\/dehub.netgear.com\\\/de\\\/hub\\\/technology\\\/why-wifi-streams-matter\\\/#primaryimage\",\"url\":\"https:\\\/\\\/dehub.netgear.com\\\/de\\\/hub\\\/wp-content\\\/uploads\\\/2023\\\/05\\\/streams-thumb.jpg\",\"contentUrl\":\"https:\\\/\\\/dehub.netgear.com\\\/de\\\/hub\\\/wp-content\\\/uploads\\\/2023\\\/05\\\/streams-thumb.jpg\",\"width\":254,\"height\":360},{\"@type\":\"BreadcrumbList\",\"@id\":\"https:\\\/\\\/dehub.netgear.com\\\/de\\\/hub\\\/technology\\\/why-wifi-streams-matter\\\/#breadcrumb\",\"itemListElement\":[{\"@type\":\"ListItem\",\"position\":1,\"name\":\"Home\",\"item\":\"https:\\\/\\\/dehub.netgear.com\\\/de\\\/hub\\\/\"},{\"@type\":\"ListItem\",\"position\":2,\"name\":\"Technology\",\"item\":\"https:\\\/\\\/dehub.netgear.com\\\/de\\\/hub\\\/technology\\\/\"},{\"@type\":\"ListItem\",\"position\":3,\"name\":\"WLAN-Streams ? sind wichtig. Hier ist der Grund\"}]},{\"@type\":\"WebSite\",\"@id\":\"https:\\\/\\\/dehub.netgear.com\\\/de\\\/hub\\\/#website\",\"url\":\"https:\\\/\\\/dehub.netgear.com\\\/de\\\/hub\\\/\",\"name\":\"NETGEAR\",\"description\":\"Erkunden Sie unsere Hub-Seiten und st\u00f6bern Sie in Artikeln, um mehr \u00fcber NETGEAR Produkte und Technologien zu erfahren.\",\"publisher\":{\"@id\":\"https:\\\/\\\/dehub.netgear.com\\\/de\\\/hub\\\/#organization\"},\"potentialAction\":[{\"@type\":\"SearchAction\",\"target\":{\"@type\":\"EntryPoint\",\"urlTemplate\":\"https:\\\/\\\/dehub.netgear.com\\\/de\\\/hub\\\/?s={search_term_string}\"},\"query-input\":{\"@type\":\"PropertyValueSpecification\",\"valueRequired\":true,\"valueName\":\"search_term_string\"}}],\"inLanguage\":\"de\"},{\"@type\":\"Organization\",\"@id\":\"https:\\\/\\\/dehub.netgear.com\\\/de\\\/hub\\\/#organization\",\"name\":\"NETGEAR\",\"url\":\"https:\\\/\\\/dehub.netgear.com\\\/de\\\/hub\\\/\",\"logo\":{\"@type\":\"ImageObject\",\"inLanguage\":\"de\",\"@id\":\"https:\\\/\\\/dehub.netgear.com\\\/de\\\/hub\\\/#\\\/schema\\\/logo\\\/image\\\/\",\"url\":\"https:\\\/\\\/www.dehub.netgear.com\\\/de\\\/hub\\\/wp-content\\\/uploads\\\/2019\\\/07\\\/NETGEAR_logo.jpg\",\"contentUrl\":\"https:\\\/\\\/www.dehub.netgear.com\\\/de\\\/hub\\\/wp-content\\\/uploads\\\/2019\\\/07\\\/NETGEAR_logo.jpg\",\"width\":1500,\"height\":501,\"caption\":\"NETGEAR\"},\"image\":{\"@id\":\"https:\\\/\\\/dehub.netgear.com\\\/de\\\/hub\\\/#\\\/schema\\\/logo\\\/image\\\/\"},\"sameAs\":[\"https:\\\/\\\/www.facebook.com\\\/NetgearAU\\\/\",\"https:\\\/\\\/x.com\\\/NETGEAR\",\"https:\\\/\\\/www.linkedin.com\\\/company\\\/netgear\"]}]}<\/script>\n<!-- \/ Yoast SEO plugin. -->","yoast_head_json":{"title":"Warum WLAN-Streams wichtig sind - Optimierung der Netzwerkperformance","description":"Erfahren Sie, wie WLAN-Streams eine entscheidende Rolle bei der Unterst\u00fctzung mehrerer Ger\u00e4te und Bandbreitenaktivit\u00e4ten spielen. Erfahren Sie mehr \u00fcber ein besseres Online-Erlebnis bei NETGEAR","robots":{"index":"index","follow":"follow","max-snippet":"max-snippet:-1","max-image-preview":"max-image-preview:large","max-video-preview":"max-video-preview:-1"},"canonical":"https:\/\/dehub.netgear.com\/de\/hub\/technology\/why-wifi-streams-matter\/","og_locale":"de_DE","og_type":"article","og_title":"Warum WLAN-Streams wichtig sind - Optimierung der Netzwerkperformance","og_description":"Erfahren Sie, wie WLAN-Streams eine entscheidende Rolle bei der Unterst\u00fctzung mehrerer Ger\u00e4te und Bandbreitenaktivit\u00e4ten spielen. Erfahren Sie mehr \u00fcber ein besseres Online-Erlebnis bei NETGEAR","og_url":"https:\/\/dehub.netgear.com\/de\/hub\/technology\/why-wifi-streams-matter\/","og_site_name":"NETGEAR Hub","article_publisher":"https:\/\/www.facebook.com\/NetgearAU\/","article_modified_time":"2024-11-18T05:57:24+00:00","og_image":[{"width":254,"height":360,"url":"https:\/\/dehub.netgear.com\/de\/hub\/wp-content\/uploads\/2023\/05\/streams-thumb.jpg","type":"image\/jpeg"}],"twitter_card":"summary_large_image","twitter_site":"@NETGEAR","schema":{"@context":"https:\/\/schema.org","@graph":[{"@type":"WebPage","@id":"https:\/\/dehub.netgear.com\/de\/hub\/technology\/why-wifi-streams-matter\/","url":"https:\/\/dehub.netgear.com\/de\/hub\/technology\/why-wifi-streams-matter\/","name":"Warum WLAN-Streams wichtig sind - Optimierung der Netzwerkperformance","isPartOf":{"@id":"https:\/\/dehub.netgear.com\/de\/hub\/#website"},"primaryImageOfPage":{"@id":"https:\/\/dehub.netgear.com\/de\/hub\/technology\/why-wifi-streams-matter\/#primaryimage"},"image":{"@id":"https:\/\/dehub.netgear.com\/de\/hub\/technology\/why-wifi-streams-matter\/#primaryimage"},"thumbnailUrl":"https:\/\/dehub.netgear.com\/de\/hub\/wp-content\/uploads\/2023\/05\/streams-thumb.jpg","datePublished":"2023-03-13T07:37:13+00:00","dateModified":"2024-11-18T05:57:24+00:00","description":"Erfahren Sie, wie WLAN-Streams eine entscheidende Rolle bei der Unterst\u00fctzung mehrerer Ger\u00e4te und Bandbreitenaktivit\u00e4ten spielen. Erfahren Sie mehr \u00fcber ein besseres Online-Erlebnis bei NETGEAR","breadcrumb":{"@id":"https:\/\/dehub.netgear.com\/de\/hub\/technology\/why-wifi-streams-matter\/#breadcrumb"},"inLanguage":"de","potentialAction":[{"@type":"ReadAction","target":["https:\/\/dehub.netgear.com\/de\/hub\/technology\/why-wifi-streams-matter\/"]}]},{"@type":"ImageObject","inLanguage":"de","@id":"https:\/\/dehub.netgear.com\/de\/hub\/technology\/why-wifi-streams-matter\/#primaryimage","url":"https:\/\/dehub.netgear.com\/de\/hub\/wp-content\/uploads\/2023\/05\/streams-thumb.jpg","contentUrl":"https:\/\/dehub.netgear.com\/de\/hub\/wp-content\/uploads\/2023\/05\/streams-thumb.jpg","width":254,"height":360},{"@type":"BreadcrumbList","@id":"https:\/\/dehub.netgear.com\/de\/hub\/technology\/why-wifi-streams-matter\/#breadcrumb","itemListElement":[{"@type":"ListItem","position":1,"name":"Home","item":"https:\/\/dehub.netgear.com\/de\/hub\/"},{"@type":"ListItem","position":2,"name":"Technology","item":"https:\/\/dehub.netgear.com\/de\/hub\/technology\/"},{"@type":"ListItem","position":3,"name":"WLAN-Streams ? sind wichtig. Hier ist der Grund"}]},{"@type":"WebSite","@id":"https:\/\/dehub.netgear.com\/de\/hub\/#website","url":"https:\/\/dehub.netgear.com\/de\/hub\/","name":"NETGEAR","description":"Erkunden Sie unsere Hub-Seiten und st\u00f6bern Sie in Artikeln, um mehr \u00fcber NETGEAR Produkte und Technologien zu erfahren.","publisher":{"@id":"https:\/\/dehub.netgear.com\/de\/hub\/#organization"},"potentialAction":[{"@type":"SearchAction","target":{"@type":"EntryPoint","urlTemplate":"https:\/\/dehub.netgear.com\/de\/hub\/?s={search_term_string}"},"query-input":{"@type":"PropertyValueSpecification","valueRequired":true,"valueName":"search_term_string"}}],"inLanguage":"de"},{"@type":"Organization","@id":"https:\/\/dehub.netgear.com\/de\/hub\/#organization","name":"NETGEAR","url":"https:\/\/dehub.netgear.com\/de\/hub\/","logo":{"@type":"ImageObject","inLanguage":"de","@id":"https:\/\/dehub.netgear.com\/de\/hub\/#\/schema\/logo\/image\/","url":"https:\/\/www.dehub.netgear.com\/de\/hub\/wp-content\/uploads\/2019\/07\/NETGEAR_logo.jpg","contentUrl":"https:\/\/www.dehub.netgear.com\/de\/hub\/wp-content\/uploads\/2019\/07\/NETGEAR_logo.jpg","width":1500,"height":501,"caption":"NETGEAR"},"image":{"@id":"https:\/\/dehub.netgear.com\/de\/hub\/#\/schema\/logo\/image\/"},"sameAs":["https:\/\/www.facebook.com\/NetgearAU\/","https:\/\/x.com\/NETGEAR","https:\/\/www.linkedin.com\/company\/netgear"]}]}},"_links":{"self":[{"href":"https:\/\/dehub.netgear.com\/de\/hub\/wp-json\/wp\/v2\/pages\/6163","targetHints":{"allow":["GET"]}}],"collection":[{"href":"https:\/\/dehub.netgear.com\/de\/hub\/wp-json\/wp\/v2\/pages"}],"about":[{"href":"https:\/\/dehub.netgear.com\/de\/hub\/wp-json\/wp\/v2\/types\/page"}],"author":[{"embeddable":true,"href":"https:\/\/dehub.netgear.com\/de\/hub\/wp-json\/wp\/v2\/users\/68"}],"replies":[{"embeddable":true,"href":"https:\/\/dehub.netgear.com\/de\/hub\/wp-json\/wp\/v2\/comments?post=6163"}],"version-history":[{"count":15,"href":"https:\/\/dehub.netgear.com\/de\/hub\/wp-json\/wp\/v2\/pages\/6163\/revisions"}],"predecessor-version":[{"id":9865,"href":"https:\/\/dehub.netgear.com\/de\/hub\/wp-json\/wp\/v2\/pages\/6163\/revisions\/9865"}],"up":[{"embeddable":true,"href":"https:\/\/dehub.netgear.com\/de\/hub\/wp-json\/wp\/v2\/pages\/6678"}],"wp:featuredmedia":[{"embeddable":true,"href":"https:\/\/dehub.netgear.com\/de\/hub\/wp-json\/wp\/v2\/media\/7418"}],"wp:attachment":[{"href":"https:\/\/dehub.netgear.com\/de\/hub\/wp-json\/wp\/v2\/media?parent=6163"}],"curies":[{"name":"wp","href":"https:\/\/api.w.org\/{rel}","templated":true}]}}