{"id":5378,"date":"2023-06-07T15:22:44","date_gmt":"2023-06-07T22:22:44","guid":{"rendered":"http:\/\/blog.dehub.netgear.com\/?p=5378"},"modified":"2025-11-24T17:56:29","modified_gmt":"2025-11-24T16:56:29","slug":"pages","status":"publish","type":"page","link":"https:\/\/dehub.netgear.com\/de\/hub\/","title":{"rendered":"DE &#8211; NETGEAR BLOG"},"content":{"rendered":"<h1>NETGEAR BLOG<\/h1>\n<p style=\"padding-top: 0px; padding-bottom: 10px;\"><strong>Erkunden Sie unsere Blog-Seiten und lesen Sie einige der informativen Artikel, um mehr \u00fcber NETGEAR-Produkte und die neuesten Technologien zu erfahren.<\/strong><\/p>\n<div class=\"center-content7\" style=\"width: 100%;\">\n<div class=\"category-top-area\" style=\"width: 100%;\">\n<div class=\"category-top-item\" style=\"width: 16%;\">\n<div class=\"category-top-img\"><a href=\"https:\/\/www.netgear.com\/de\/hub\/wifi\/mesh\/\"><img decoding=\"async\" src=\"https:\/\/www.netgear.com\/hub\/wp-content\/uploads\/2023\/09\/MicrosoftTeams-image-5.jpg\" alt=\"Mesh WiFi\" \/><\/a><\/div>\n<p><a href=\"https:\/\/www.netgear.com\/de\/hub\/wifi\/mesh\/\">Mesh WiFi<\/a><\/p>\n<\/div>\n<div class=\"category-top-item\" style=\"width: 16%;\">\n<div class=\"category-top-img\"><a href=\"https:\/\/www.netgear.com\/de\/hub\/wifi\/mobile\/\"><img decoding=\"async\" src=\"https:\/\/www.netgear.com\/hub\/wp-content\/uploads\/2023\/05\/4.jpg\" alt=\"Mobiler Wlan Router\" \/><\/a><\/div>\n<p><a href=\"https:\/\/www.netgear.com\/de\/hub\/wifi\/mobile\/\">Mobiler Wlan Router<\/a><\/p>\n<\/div>\n<div class=\"category-top-item\" style=\"width: 16%;\">\n<div class=\"category-top-img\"><a href=\"https:\/\/www.netgear.com\/de\/hub\/technology\/\"><img decoding=\"async\" src=\"https:\/\/ukhub.netgear.com\/uk\/hub\/wp-content\/uploads\/2025\/09\/RS700S.png\" alt=\"Wlan-Technik\" \/><\/a><\/div>\n<p><a href=\"https:\/\/www.netgear.com\/de\/hub\/technology\/\">Wlan-Technikh<\/a><\/p>\n<\/div>\n<div class=\"category-top-item\" style=\"width: 16%;\">\n<div class=\"category-top-img\"><a href=\"https:\/\/www.netgear.com\/de\/hub\/network\/\"><img decoding=\"async\" src=\"https:\/\/ukhub.netgear.com\/uk\/hub\/wp-content\/uploads\/2025\/09\/Smart-home.png\" alt=\"Heimnetzwerk\" \/><\/a><\/div>\n<p><a href=\"https:\/\/www.netgear.com\/de\/hub\/network\/\">Heimnetzwerk<\/a><\/p>\n<\/div>\n<div class=\"category-top-item\" style=\"width: 16%;\">\n<div class=\"category-top-img\"><a href=\"https:\/\/www.netgear.com\/de\/hub\/business\/\"><img decoding=\"async\" src=\"https:\/\/dehub.netgear.com\/de\/hub\/wp-content\/uploads\/2025\/11\/300x211_netgear_nfb_IT.png\" alt=\"Business\" \/><\/a><\/div>\n<p><a href=\"https:\/\/www.netgear.com\/de\/hub\/business\/\">Business<\/a><\/p>\n<\/div>\n<div class=\"category-top-item\" style=\"width: 16%;\">\n<div class=\"category-top-img\"><a href=\"https:\/\/www.netgear.com\/de\/support\/\"><img decoding=\"async\" src=\"https:\/\/www.netgear.com\/hub\/wp-content\/uploads\/2025\/02\/support-bumper.jpg\" alt=\"Support\" \/><\/a><\/div>\n<p><a href=\"https:\/\/www.netgear.com\/de\/support\/\">Support<\/a><\/p>\n<\/div>\n<\/div>\n<\/div>\n","protected":false},"excerpt":{"rendered":"<p>NETGEAR BLOG Erkunden Sie unsere Blog-Seiten und lesen Sie einige der informativen Artikel, um mehr \u00fcber NETGEAR-Produkte und die neuesten Technologien zu erfahren. Mesh WiFi Mobiler Wlan Router Wlan-Technikh Heimnetzwerk Business Support<\/p>\n","protected":false},"author":68,"featured_media":11039,"parent":0,"menu_order":11,"comment_status":"closed","ping_status":"open","template":"templates\/hub-blog-template-category-v4.php","meta":{"_acf_changed":false,"footnotes":""},"class_list":["post-5378","page","type-page","status-publish","has-post-thumbnail","hentry"],"acf":[],"yoast_head":"<!-- This site is optimized with the Yoast SEO plugin v27.3 - https:\/\/yoast.com\/product\/yoast-seo-wordpress\/ -->\n<title>NETGEAR Blog - Ihr Zuhause f\u00fcr Technologie-News und Informationen<\/title>\n<meta name=\"description\" content=\"Erkunden Sie unsere Blog-Seiten und st\u00f6bern Sie in Artikeln, um mehr \u00fcber NETGEAR Produkte und Technologien zu erfahren.\" \/>\n<meta name=\"robots\" content=\"index, follow, max-snippet:-1, max-image-preview:large, max-video-preview:-1\" \/>\n<link rel=\"canonical\" href=\"https:\/\/dehub.netgear.com\/de\/hub\/\" \/>\n<meta property=\"og:locale\" content=\"de_DE\" \/>\n<meta property=\"og:type\" content=\"article\" \/>\n<meta property=\"og:title\" content=\"NETGEAR Blog - Ihr Zuhause f\u00fcr Technologie-News und Informationen\" \/>\n<meta property=\"og:description\" content=\"Erkunden Sie unsere Blog-Seiten und st\u00f6bern Sie in Artikeln, um mehr \u00fcber NETGEAR Produkte und Technologien zu erfahren.\" \/>\n<meta property=\"og:url\" content=\"https:\/\/dehub.netgear.com\/de\/hub\/\" \/>\n<meta property=\"og:site_name\" content=\"NETGEAR Hub\" \/>\n<meta property=\"article:publisher\" content=\"https:\/\/www.facebook.com\/NetgearAU\/\" \/>\n<meta property=\"article:modified_time\" content=\"2025-11-24T16:56:29+00:00\" \/>\n<meta property=\"og:image\" content=\"https:\/\/dehub.netgear.com\/de\/hub\/wp-content\/uploads\/2025\/11\/NETGEAR-new-HQ-Nov-2025-v1.jpg\" \/>\n\t<meta property=\"og:image:width\" content=\"1024\" \/>\n\t<meta property=\"og:image:height\" content=\"683\" \/>\n\t<meta property=\"og:image:type\" content=\"image\/jpeg\" \/>\n<meta name=\"twitter:card\" content=\"summary_large_image\" \/>\n<meta name=\"twitter:site\" content=\"@NETGEAR\" \/>\n<script type=\"application\/ld+json\" class=\"yoast-schema-graph\">{\"@context\":\"https:\\\/\\\/schema.org\",\"@graph\":[{\"@type\":\"WebPage\",\"@id\":\"https:\\\/\\\/dehub.netgear.com\\\/de\\\/hub\\\/\",\"url\":\"https:\\\/\\\/dehub.netgear.com\\\/de\\\/hub\\\/\",\"name\":\"NETGEAR Blog - Ihr Zuhause f\u00fcr Technologie-News und Informationen\",\"isPartOf\":{\"@id\":\"https:\\\/\\\/dehub.netgear.com\\\/de\\\/hub\\\/#website\"},\"primaryImageOfPage\":{\"@id\":\"https:\\\/\\\/dehub.netgear.com\\\/de\\\/hub\\\/#primaryimage\"},\"image\":{\"@id\":\"https:\\\/\\\/dehub.netgear.com\\\/de\\\/hub\\\/#primaryimage\"},\"thumbnailUrl\":\"https:\\\/\\\/dehub.netgear.com\\\/de\\\/hub\\\/wp-content\\\/uploads\\\/2025\\\/11\\\/NETGEAR-new-HQ-Nov-2025-v1.jpg\",\"datePublished\":\"2023-06-07T22:22:44+00:00\",\"dateModified\":\"2025-11-24T16:56:29+00:00\",\"description\":\"Erkunden Sie unsere Blog-Seiten und st\u00f6bern Sie in Artikeln, um mehr \u00fcber NETGEAR Produkte und Technologien zu erfahren.\",\"breadcrumb\":{\"@id\":\"https:\\\/\\\/dehub.netgear.com\\\/de\\\/hub\\\/#breadcrumb\"},\"inLanguage\":\"de\",\"potentialAction\":[{\"@type\":\"ReadAction\",\"target\":[\"https:\\\/\\\/dehub.netgear.com\\\/de\\\/hub\\\/\"]}]},{\"@type\":\"ImageObject\",\"inLanguage\":\"de\",\"@id\":\"https:\\\/\\\/dehub.netgear.com\\\/de\\\/hub\\\/#primaryimage\",\"url\":\"https:\\\/\\\/dehub.netgear.com\\\/de\\\/hub\\\/wp-content\\\/uploads\\\/2025\\\/11\\\/NETGEAR-new-HQ-Nov-2025-v1.jpg\",\"contentUrl\":\"https:\\\/\\\/dehub.netgear.com\\\/de\\\/hub\\\/wp-content\\\/uploads\\\/2025\\\/11\\\/NETGEAR-new-HQ-Nov-2025-v1.jpg\",\"width\":1024,\"height\":683},{\"@type\":\"BreadcrumbList\",\"@id\":\"https:\\\/\\\/dehub.netgear.com\\\/de\\\/hub\\\/#breadcrumb\",\"itemListElement\":[{\"@type\":\"ListItem\",\"position\":1,\"name\":\"Home\",\"item\":\"https:\\\/\\\/dehub.netgear.com\\\/de\\\/hub\\\/\"},{\"@type\":\"ListItem\",\"position\":2,\"name\":\"DE &#8211; NETGEAR BLOG\"}]},{\"@type\":\"WebSite\",\"@id\":\"https:\\\/\\\/dehub.netgear.com\\\/de\\\/hub\\\/#website\",\"url\":\"https:\\\/\\\/dehub.netgear.com\\\/de\\\/hub\\\/\",\"name\":\"NETGEAR\",\"description\":\"Erkunden Sie unsere Hub-Seiten und st\u00f6bern Sie in Artikeln, um mehr \u00fcber NETGEAR Produkte und Technologien zu erfahren.\",\"publisher\":{\"@id\":\"https:\\\/\\\/dehub.netgear.com\\\/de\\\/hub\\\/#organization\"},\"potentialAction\":[{\"@type\":\"SearchAction\",\"target\":{\"@type\":\"EntryPoint\",\"urlTemplate\":\"https:\\\/\\\/dehub.netgear.com\\\/de\\\/hub\\\/?s={search_term_string}\"},\"query-input\":{\"@type\":\"PropertyValueSpecification\",\"valueRequired\":true,\"valueName\":\"search_term_string\"}}],\"inLanguage\":\"de\"},{\"@type\":\"Organization\",\"@id\":\"https:\\\/\\\/dehub.netgear.com\\\/de\\\/hub\\\/#organization\",\"name\":\"NETGEAR\",\"url\":\"https:\\\/\\\/dehub.netgear.com\\\/de\\\/hub\\\/\",\"logo\":{\"@type\":\"ImageObject\",\"inLanguage\":\"de\",\"@id\":\"https:\\\/\\\/dehub.netgear.com\\\/de\\\/hub\\\/#\\\/schema\\\/logo\\\/image\\\/\",\"url\":\"https:\\\/\\\/www.dehub.netgear.com\\\/de\\\/hub\\\/wp-content\\\/uploads\\\/2019\\\/07\\\/NETGEAR_logo.jpg\",\"contentUrl\":\"https:\\\/\\\/www.dehub.netgear.com\\\/de\\\/hub\\\/wp-content\\\/uploads\\\/2019\\\/07\\\/NETGEAR_logo.jpg\",\"width\":1500,\"height\":501,\"caption\":\"NETGEAR\"},\"image\":{\"@id\":\"https:\\\/\\\/dehub.netgear.com\\\/de\\\/hub\\\/#\\\/schema\\\/logo\\\/image\\\/\"},\"sameAs\":[\"https:\\\/\\\/www.facebook.com\\\/NetgearAU\\\/\",\"https:\\\/\\\/x.com\\\/NETGEAR\",\"https:\\\/\\\/www.linkedin.com\\\/company\\\/netgear\"]}]}<\/script>\n<!-- \/ Yoast SEO plugin. -->","yoast_head_json":{"title":"NETGEAR Blog - Ihr Zuhause f\u00fcr Technologie-News und Informationen","description":"Erkunden Sie unsere Blog-Seiten und st\u00f6bern Sie in Artikeln, um mehr \u00fcber NETGEAR Produkte und Technologien zu erfahren.","robots":{"index":"index","follow":"follow","max-snippet":"max-snippet:-1","max-image-preview":"max-image-preview:large","max-video-preview":"max-video-preview:-1"},"canonical":"https:\/\/dehub.netgear.com\/de\/hub\/","og_locale":"de_DE","og_type":"article","og_title":"NETGEAR Blog - Ihr Zuhause f\u00fcr Technologie-News und Informationen","og_description":"Erkunden Sie unsere Blog-Seiten und st\u00f6bern Sie in Artikeln, um mehr \u00fcber NETGEAR Produkte und Technologien zu erfahren.","og_url":"https:\/\/dehub.netgear.com\/de\/hub\/","og_site_name":"NETGEAR Hub","article_publisher":"https:\/\/www.facebook.com\/NetgearAU\/","article_modified_time":"2025-11-24T16:56:29+00:00","og_image":[{"width":1024,"height":683,"url":"https:\/\/dehub.netgear.com\/de\/hub\/wp-content\/uploads\/2025\/11\/NETGEAR-new-HQ-Nov-2025-v1.jpg","type":"image\/jpeg"}],"twitter_card":"summary_large_image","twitter_site":"@NETGEAR","schema":{"@context":"https:\/\/schema.org","@graph":[{"@type":"WebPage","@id":"https:\/\/dehub.netgear.com\/de\/hub\/","url":"https:\/\/dehub.netgear.com\/de\/hub\/","name":"NETGEAR Blog - Ihr Zuhause f\u00fcr Technologie-News und Informationen","isPartOf":{"@id":"https:\/\/dehub.netgear.com\/de\/hub\/#website"},"primaryImageOfPage":{"@id":"https:\/\/dehub.netgear.com\/de\/hub\/#primaryimage"},"image":{"@id":"https:\/\/dehub.netgear.com\/de\/hub\/#primaryimage"},"thumbnailUrl":"https:\/\/dehub.netgear.com\/de\/hub\/wp-content\/uploads\/2025\/11\/NETGEAR-new-HQ-Nov-2025-v1.jpg","datePublished":"2023-06-07T22:22:44+00:00","dateModified":"2025-11-24T16:56:29+00:00","description":"Erkunden Sie unsere Blog-Seiten und st\u00f6bern Sie in Artikeln, um mehr \u00fcber NETGEAR Produkte und Technologien zu erfahren.","breadcrumb":{"@id":"https:\/\/dehub.netgear.com\/de\/hub\/#breadcrumb"},"inLanguage":"de","potentialAction":[{"@type":"ReadAction","target":["https:\/\/dehub.netgear.com\/de\/hub\/"]}]},{"@type":"ImageObject","inLanguage":"de","@id":"https:\/\/dehub.netgear.com\/de\/hub\/#primaryimage","url":"https:\/\/dehub.netgear.com\/de\/hub\/wp-content\/uploads\/2025\/11\/NETGEAR-new-HQ-Nov-2025-v1.jpg","contentUrl":"https:\/\/dehub.netgear.com\/de\/hub\/wp-content\/uploads\/2025\/11\/NETGEAR-new-HQ-Nov-2025-v1.jpg","width":1024,"height":683},{"@type":"BreadcrumbList","@id":"https:\/\/dehub.netgear.com\/de\/hub\/#breadcrumb","itemListElement":[{"@type":"ListItem","position":1,"name":"Home","item":"https:\/\/dehub.netgear.com\/de\/hub\/"},{"@type":"ListItem","position":2,"name":"DE &#8211; NETGEAR BLOG"}]},{"@type":"WebSite","@id":"https:\/\/dehub.netgear.com\/de\/hub\/#website","url":"https:\/\/dehub.netgear.com\/de\/hub\/","name":"NETGEAR","description":"Erkunden Sie unsere Hub-Seiten und st\u00f6bern Sie in Artikeln, um mehr \u00fcber NETGEAR Produkte und Technologien zu erfahren.","publisher":{"@id":"https:\/\/dehub.netgear.com\/de\/hub\/#organization"},"potentialAction":[{"@type":"SearchAction","target":{"@type":"EntryPoint","urlTemplate":"https:\/\/dehub.netgear.com\/de\/hub\/?s={search_term_string}"},"query-input":{"@type":"PropertyValueSpecification","valueRequired":true,"valueName":"search_term_string"}}],"inLanguage":"de"},{"@type":"Organization","@id":"https:\/\/dehub.netgear.com\/de\/hub\/#organization","name":"NETGEAR","url":"https:\/\/dehub.netgear.com\/de\/hub\/","logo":{"@type":"ImageObject","inLanguage":"de","@id":"https:\/\/dehub.netgear.com\/de\/hub\/#\/schema\/logo\/image\/","url":"https:\/\/www.dehub.netgear.com\/de\/hub\/wp-content\/uploads\/2019\/07\/NETGEAR_logo.jpg","contentUrl":"https:\/\/www.dehub.netgear.com\/de\/hub\/wp-content\/uploads\/2019\/07\/NETGEAR_logo.jpg","width":1500,"height":501,"caption":"NETGEAR"},"image":{"@id":"https:\/\/dehub.netgear.com\/de\/hub\/#\/schema\/logo\/image\/"},"sameAs":["https:\/\/www.facebook.com\/NetgearAU\/","https:\/\/x.com\/NETGEAR","https:\/\/www.linkedin.com\/company\/netgear"]}]}},"_links":{"self":[{"href":"https:\/\/dehub.netgear.com\/de\/hub\/wp-json\/wp\/v2\/pages\/5378","targetHints":{"allow":["GET"]}}],"collection":[{"href":"https:\/\/dehub.netgear.com\/de\/hub\/wp-json\/wp\/v2\/pages"}],"about":[{"href":"https:\/\/dehub.netgear.com\/de\/hub\/wp-json\/wp\/v2\/types\/page"}],"author":[{"embeddable":true,"href":"https:\/\/dehub.netgear.com\/de\/hub\/wp-json\/wp\/v2\/users\/68"}],"replies":[{"embeddable":true,"href":"https:\/\/dehub.netgear.com\/de\/hub\/wp-json\/wp\/v2\/comments?post=5378"}],"version-history":[{"count":37,"href":"https:\/\/dehub.netgear.com\/de\/hub\/wp-json\/wp\/v2\/pages\/5378\/revisions"}],"predecessor-version":[{"id":11041,"href":"https:\/\/dehub.netgear.com\/de\/hub\/wp-json\/wp\/v2\/pages\/5378\/revisions\/11041"}],"wp:featuredmedia":[{"embeddable":true,"href":"https:\/\/dehub.netgear.com\/de\/hub\/wp-json\/wp\/v2\/media\/11039"}],"wp:attachment":[{"href":"https:\/\/dehub.netgear.com\/de\/hub\/wp-json\/wp\/v2\/media?parent=5378"}],"curies":[{"name":"wp","href":"https:\/\/api.w.org\/{rel}","templated":true}]}}