{"id":3463,"date":"2019-04-19T09:25:05","date_gmt":"2019-04-19T16:25:05","guid":{"rendered":"http:\/\/blog.dehub.netgear.com\/?p=3463"},"modified":"2024-11-18T06:52:05","modified_gmt":"2024-11-18T05:52:05","slug":"cybersecurity-with-orbi","status":"publish","type":"page","link":"https:\/\/dehub.netgear.com\/de\/hub\/network\/cybersecurity-with-orbi\/","title":{"rendered":"Erh\u00f6hen Sie Ihre Cybersicherheit mit Orbi"},"content":{"rendered":"    <div class=\"table-of-content bg-gray\">\n        <p><strong>IN THIS ARTICLE<\/strong><\/p>\n        <ul>\n                        <li><a href=\"#topic1\">Erh\u00f6hen Sie Ihre Cybersicherheit mit Orbi<\/a><\/li>\n                        <li><a href=\"#topic3\">So aktivieren Sie NETGEAR ARMOR<\/a><\/li>\n                    <\/ul>\n    <\/div>\n        <div id=\"topic1\" class=\"skip-item\">\n                        <h2>Erh\u00f6hen Sie Ihre Cybersicherheit mit Orbi<\/h2>\n                <p>Das Orbi Whole Home Mesh WLAN-System hat seit seiner urspr\u00fcnglichen Einf\u00fchrung Mitte 2016 viel Anerkennung erfahren. Orbi wurde vom Time Magazine sogar als eine der besten Erfindungen des Jahres 2018 bezeichnet!!<\/p>\n<p>Internetsicherheit ist nichts, was man auf die leichte Schulter nehmen sollte. <a href=\"https:\/\/www.dehub.netgear.com\/de\/home\/services\/armor\/\" target=\"_blank\" rel=\"noopener\">NETGEAR Armor\u2122<\/a>, Die in Ihrem Orbi-Router integrierte Software NETGEAR Armor\u2122 scannt Ihr Netzwerk und alle angeschlossenen Endger\u00e4te automatisch, um zu verhindern, dass Hacker, Viren und Phishing-Betr\u00fcger Ihr Netzwerk und Ihre Ger\u00e4te infizieren.<\/p>\n<p>Dabei handelt es sich nicht um eine typische auf ein Ger\u00e4t beschr\u00e4nkte Antivirus-Software.<\/p>\n<p><img loading=\"lazy\" decoding=\"async\" class=\"alignright size-medium wp-image-3474\" src=\"https:\/\/www.dehub.netgear.com\/de\/hub\/wp-content\/uploads\/2019\/04\/ArmoronLaptop-300x200.jpg\" alt=\"\" width=\"300\" height=\"200\" srcset=\"https:\/\/dehub.netgear.com\/de\/hub\/wp-content\/uploads\/2019\/04\/ArmoronLaptop-300x200.jpg 300w, https:\/\/dehub.netgear.com\/de\/hub\/wp-content\/uploads\/2019\/04\/ArmoronLaptop-1024x683.jpg 1024w, https:\/\/dehub.netgear.com\/de\/hub\/wp-content\/uploads\/2019\/04\/ArmoronLaptop-768x512.jpg 768w, https:\/\/dehub.netgear.com\/de\/hub\/wp-content\/uploads\/2019\/04\/ArmoronLaptop-1536x1024.jpg 1536w, https:\/\/dehub.netgear.com\/de\/hub\/wp-content\/uploads\/2019\/04\/ArmoronLaptop-2048x1366.jpg 2048w, https:\/\/dehub.netgear.com\/de\/hub\/wp-content\/uploads\/2019\/04\/ArmoronLaptop-600x400.jpg 600w, https:\/\/dehub.netgear.com\/de\/hub\/wp-content\/uploads\/2019\/04\/ArmoronLaptop-750x500.jpg 750w\" sizes=\"auto, (max-width: 300px) 100vw, 300px\" \/>NETGEAR Armor\u2122 bietet Schutz f\u00fcr alle Ihre Windows-, Mac- und Android-Ger\u00e4te, einschlie\u00dflich Desktop-Computern, Laptops, Tablets, Smartphones sowie f\u00fcr alle sonstigen angeschlossenen Smart-Ger\u00e4te, die selber kein anerkanntes Betriebssystem verwenden. Besitzen Sie einen Smart-TV? Haben Sie eine \u00dcberwachungskamera, einen Garagentor\u00f6ffner oder einen intelligenten Thermostat? All diese vernetzten Ger\u00e4te sind tats\u00e4chlich ebenfalls anf\u00e4llig f\u00fcr Hackerangriffe und k\u00f6nnen jetzt durch NETGEAR Armor\u2122 zuverl\u00e4ssig gesch\u00fctzt werden.<\/p>\n<p>Mit der Software NETGEAR Armor\u2122 verf\u00fcgen Sie \u00fcber eine umfassende Cybersicherheitsl\u00f6sung, die direkt auf Ihrem Router eingerichtet wird und s\u00e4mtliche mit dem Internet verbundenen Ger\u00e4te in Ihrem Haus vor Viren, Malware, Identit\u00e4tsdiebstahl, Hackerangriffen und anderem Scam sch\u00fctzt &#8211; egal ob Sie zu Hause oder unterwegs sind. Sobald eine Bedrohung erkannt wird, erhalten Sie eine Sofortbenachrichtigung auf Ihr Smartphone (\u00fcber die Orbi App) oder ein Alarmsignal auf Ihren Computer. Nutzen Sie gelegentlich \u00f6ffentliches WLAN, beispielsweise wenn Sie am Flughafen, beim Einkaufsbummel oder in einem Caf\u00e9 sind? \u00d6ffentliche WLAN-Netzwerke sind bekanntlich ein Paradies f\u00fcr Cyber-Kriminelle, da diese Netzwerke in der Regel wenig bis gar keine Sicherheit bieten. Mit NETGEAR Armor\u2122, das die Bitdefender Total Security Software enth\u00e4lt, k\u00f6nnen Sie sich jedoch darauf verlassen, dass Ihre Ger\u00e4te (und Ihre Daten) auch auf Reisen oder unterwegs immer gesch\u00fctzt sind. Die Total Security-Software bietet zus\u00e4tzlichen Schutz, wenn Sie au\u00dferhalb Ihres Heimnetzwerks unterwegs sind. Sorgenfrei online gehen k\u00f6nnen sollte nicht nur eine Wunschvorstellung sein. Aktivieren Sie NETGEAR Armor\u2122 noch heute kostenlos f\u00fcr Ihren Orbi-Router!<\/p>\n    <\/div>\n        <div id=\"topic2\" class=\"skip-item bg-gray-full\">\n                        <p><img loading=\"lazy\" decoding=\"async\" class=\"alignnone size-medium wp-image-8622\" src=\"https:\/\/www.dehub.netgear.com\/de\/hub\/wp-content\/uploads\/2023\/07\/what-is-mesh-wifi-common_tcm148-138976-300x66.jpg\" alt=\"\" width=\"300\" height=\"66\" srcset=\"https:\/\/dehub.netgear.com\/de\/hub\/wp-content\/uploads\/2023\/07\/what-is-mesh-wifi-common_tcm148-138976-300x66.jpg 300w, https:\/\/dehub.netgear.com\/de\/hub\/wp-content\/uploads\/2023\/07\/what-is-mesh-wifi-common_tcm148-138976-1024x227.jpg 1024w, https:\/\/dehub.netgear.com\/de\/hub\/wp-content\/uploads\/2023\/07\/what-is-mesh-wifi-common_tcm148-138976-768x170.jpg 768w, https:\/\/dehub.netgear.com\/de\/hub\/wp-content\/uploads\/2023\/07\/what-is-mesh-wifi-common_tcm148-138976-1536x340.jpg 1536w, https:\/\/dehub.netgear.com\/de\/hub\/wp-content\/uploads\/2023\/07\/what-is-mesh-wifi-common_tcm148-138976.jpg 1920w\" sizes=\"auto, (max-width: 300px) 100vw, 300px\" \/><\/p>\n<p>Die Bew\u00e4hrte Cybersicherheitsl\u00f6sung &#8211; NETGEAR Armor\u2122 wird von der preisgekr\u00f6nten Cybersicherheitstechnik von Bitdefender unterst\u00fctzt, die als gr\u00f6\u00dfte Sicherheitsinfrastruktur der Welt die neuesten Gefahren \u00fcberall auf der Welt in nur 3 Sekunden erkennt, antizipiert und neutralisiert.<\/p>\n    <\/div>\n        <div id=\"topic3\" class=\"skip-item\">\n                        <h2>So aktivieren Sie NETGEAR ARMOR<\/h2>\n                <p><iframe loading=\"lazy\" width=\"500\" height=\"281\" src=\"https:\/\/www.youtube.com\/embed\/gUHEh3Eq5HY?feature=oembed\" frameborder=\"0\" allowfullscreen><\/iframe><\/p>\n    <div class=\"common-qus-area\">\n                <div class=\"qus-ans-area\">\n                        <h6>1. Laden Sie die Orbi App herunter:<\/h6>\n                                    <p>Besuchen Sie den App Store oder Google Play Store auf Ihrem mobilen Ger\u00e4t. Suchen Sie nach \u201eOrbi\u201c und laden Sie die offizielle, von NETGEAR entwickelte Orbi App herunter.<\/p>\n                    <\/div>\n                <div class=\"qus-ans-area\">\n                        <h6>2. Verbinden Sie sich mit Ihrem Orbi WLAN-Netzwerk:<\/h6>\n                                    <p>Stellen Sie sicher, dass Ihr mobiles Ger\u00e4t mit Ihrem Orbi WLAN-Netzwerk verbunden ist. \u00d6ffnen Sie die Orbi App auf Ihrem Mobilger\u00e4t.<\/p>\n                    <\/div>\n                <div class=\"qus-ans-area\">\n                        <h6>3. Melden Sie sich in Ihrem NETGEAR-Konto an:<\/h6>\n                                    <p>Wenn Sie bereits ein NETGEAR-Konto haben, geben Sie Ihre Anmeldedaten (E-Mail und Passwort) in der App ein. Sollten Sie noch kein NETGEAR-Konto besitzen, tippen Sie auf die Option \u201eKonto erstellen\u201c und folgen Sie den Anweisungen, um ein neues Konto zu erstellen.<\/p>\n                    <\/div>\n                <div class=\"qus-ans-area\">\n                        <h6>4. NETGEAR Armor einrichten:<\/h6>\n                                    <p>Sobald Sie eingeloggt sind, zeigt die App Ihr Orbi-System an. Tippen Sie darauf, um auf die Ger\u00e4teeinstellungen zuzugreifen. \r\nSuchen Sie im App-Men\u00fc nach der Option \u201cSicherheit\u201c oder \u201cArmor\u201c und tippen Sie darauf.<\/p>\n                    <\/div>\n                <div class=\"qus-ans-area\">\n                        <h6>5. Aktivieren Sie NETGEAR Armor:<\/h6>\n                                    <p>Auf dem Armor-Display finden Sie die Option, NETGEAR Armor zu aktivieren oder zu kaufen. Tippen Sie auf die Schaltfl\u00e4che \u201eAktivieren\u201c.<\/p>\n                    <\/div>\n                <div class=\"qus-ans-area\">\n                        <h6>6. W\u00e4hlen Sie einen Abo-Tarif:<\/h6>\n                                    <p>NETGEAR Armor bietet verschiedene Tarife an. W\u00e4hlen Sie den Tarif, der Ihren Anforderungen entspricht und zu Ihrem Budget passt. \r\nBefolgen Sie die Anweisungen, um die Abo-Registrierung abzuschlie\u00dfen. M\u00f6glicherweise m\u00fcssen Sie anschlie\u00dfend noch Ihre Zahlungsinformationen angeben.<\/p>\n                    <\/div>\n                <div class=\"qus-ans-area\">\n                        <h6>7. Lesen und akzeptieren der AGBs:<\/h6>\n                                    <p>Lesen Sie die Allgemeinen Gesch\u00e4ftsbedingungen von NETGEAR Armor. \r\nWenn Sie mit den Bedingungen einverstanden sind, markieren Sie das K\u00e4stchen oder tippen Sie auf die Schaltfl\u00e4che \u201eAkzeptieren\u201c, um fortzufahren.<\/p>\n                    <\/div>\n                <div class=\"qus-ans-area\">\n                        <h6>8. Schlie\u00dfen Sie die Aktivierung ab:<\/h6>\n                                    <p>Die App wird nun NETGEAR Armor auf Ihrem Orbi System aktivieren. Dieser Vorgang kann ein paar Minuten dauern. \r\nBitte stellen Sie sicher, dass Ihr Orbi-System w\u00e4hrend dieser Zeit mit dem Internet verbunden ist.<\/p>\n                    <\/div>\n                <div class=\"qus-ans-area\">\n                        <h6>9. Best\u00e4tigung und Sicherheitsscan:<\/h6>\n                                    <p>Sobald die Aktivierung von NETGEAR Armor abgeschlossen ist, erhalten Sie eine Best\u00e4tigungsnachricht. \r\nDie App kann einen Sicherheitsscan initiieren, damit Ihre Ger\u00e4te erkannt und vor potenziellen Bedrohungen gesch\u00fctzt werden k\u00f6nnen.<\/p>\n                    <\/div>\n                <div class=\"qus-ans-area\">\n                        <h6>10. Anpassen der NETGEAR Armor-Einstellungen (optional):<\/h6>\n                                    <p>Bei Bedarf k\u00f6nnen Sie die NETGEAR Armor-Einstellungen aufrufen, um das Schutzniveau anzupassen und spezifische Funktionen zu verwalten<\/p>\n                    <\/div>\n            <\/div>\n\n    <\/div>\n    \n","protected":false},"excerpt":{"rendered":"","protected":false},"author":68,"featured_media":3472,"parent":6081,"menu_order":16,"comment_status":"closed","ping_status":"open","template":"templates\/blog-wifi.php","meta":{"_acf_changed":false,"footnotes":""},"class_list":["post-3463","page","type-page","status-publish","has-post-thumbnail","hentry"],"acf":[],"yoast_head":"<!-- This site is optimized with the Yoast SEO plugin v27.5 - https:\/\/yoast.com\/product\/yoast-seo-wordpress\/ -->\n<title>Erh\u00f6hen Sie Ihre Cybersicherheit mit Orbi | NETGEAR L\u00f6sungen<\/title>\n<meta name=\"description\" content=\"Sch\u00fctzen Sie Ihr Netzwerk mit Orbi und NETGEAR ARMOR. Erfahren Sie, wie Sie Ihre Cybersicherheit mit umfassenden Schutzfunktionen verbessern k\u00f6nnen.\" \/>\n<meta name=\"robots\" content=\"index, follow, max-snippet:-1, max-image-preview:large, max-video-preview:-1\" \/>\n<link rel=\"canonical\" href=\"https:\/\/dehub.netgear.com\/de\/hub\/network\/cybersecurity-with-orbi\/\" \/>\n<meta property=\"og:locale\" content=\"de_DE\" \/>\n<meta property=\"og:type\" content=\"article\" \/>\n<meta property=\"og:title\" content=\"Erh\u00f6hen Sie Ihre Cybersicherheit mit Orbi | NETGEAR L\u00f6sungen\" \/>\n<meta property=\"og:description\" content=\"Sch\u00fctzen Sie Ihr Netzwerk mit Orbi und NETGEAR ARMOR. Erfahren Sie, wie Sie Ihre Cybersicherheit mit umfassenden Schutzfunktionen verbessern k\u00f6nnen.\" \/>\n<meta property=\"og:url\" content=\"https:\/\/dehub.netgear.com\/de\/hub\/network\/cybersecurity-with-orbi\/\" \/>\n<meta property=\"og:site_name\" content=\"NETGEAR Hub\" \/>\n<meta property=\"article:publisher\" content=\"https:\/\/www.facebook.com\/NetgearAU\/\" \/>\n<meta property=\"article:modified_time\" content=\"2024-11-18T05:52:05+00:00\" \/>\n<meta property=\"og:image\" content=\"https:\/\/dehub.netgear.com\/de\/hub\/wp-content\/uploads\/2019\/04\/ArmorOrbiBanner1.jpg\" \/>\n\t<meta property=\"og:image:width\" content=\"1897\" \/>\n\t<meta property=\"og:image:height\" content=\"475\" \/>\n\t<meta property=\"og:image:type\" content=\"image\/jpeg\" \/>\n<meta name=\"twitter:card\" content=\"summary_large_image\" \/>\n<meta name=\"twitter:site\" content=\"@NETGEAR\" \/>\n<meta name=\"twitter:label1\" content=\"Gesch\u00e4tzte Lesezeit\" \/>\n\t<meta name=\"twitter:data1\" content=\"3\u00a0Minuten\" \/>\n<script type=\"application\/ld+json\" class=\"yoast-schema-graph\">{\"@context\":\"https:\\\/\\\/schema.org\",\"@graph\":[{\"@type\":\"WebPage\",\"@id\":\"https:\\\/\\\/dehub.netgear.com\\\/de\\\/hub\\\/network\\\/cybersecurity-with-orbi\\\/\",\"url\":\"https:\\\/\\\/dehub.netgear.com\\\/de\\\/hub\\\/network\\\/cybersecurity-with-orbi\\\/\",\"name\":\"Erh\u00f6hen Sie Ihre Cybersicherheit mit Orbi | NETGEAR L\u00f6sungen\",\"isPartOf\":{\"@id\":\"https:\\\/\\\/dehub.netgear.com\\\/de\\\/hub\\\/#website\"},\"primaryImageOfPage\":{\"@id\":\"https:\\\/\\\/dehub.netgear.com\\\/de\\\/hub\\\/network\\\/cybersecurity-with-orbi\\\/#primaryimage\"},\"image\":{\"@id\":\"https:\\\/\\\/dehub.netgear.com\\\/de\\\/hub\\\/network\\\/cybersecurity-with-orbi\\\/#primaryimage\"},\"thumbnailUrl\":\"https:\\\/\\\/dehub.netgear.com\\\/de\\\/hub\\\/wp-content\\\/uploads\\\/2019\\\/04\\\/ArmorOrbiBanner1.jpg\",\"datePublished\":\"2019-04-19T16:25:05+00:00\",\"dateModified\":\"2024-11-18T05:52:05+00:00\",\"description\":\"Sch\u00fctzen Sie Ihr Netzwerk mit Orbi und NETGEAR ARMOR. Erfahren Sie, wie Sie Ihre Cybersicherheit mit umfassenden Schutzfunktionen verbessern k\u00f6nnen.\",\"breadcrumb\":{\"@id\":\"https:\\\/\\\/dehub.netgear.com\\\/de\\\/hub\\\/network\\\/cybersecurity-with-orbi\\\/#breadcrumb\"},\"inLanguage\":\"de\",\"potentialAction\":[{\"@type\":\"ReadAction\",\"target\":[\"https:\\\/\\\/dehub.netgear.com\\\/de\\\/hub\\\/network\\\/cybersecurity-with-orbi\\\/\"]}]},{\"@type\":\"ImageObject\",\"inLanguage\":\"de\",\"@id\":\"https:\\\/\\\/dehub.netgear.com\\\/de\\\/hub\\\/network\\\/cybersecurity-with-orbi\\\/#primaryimage\",\"url\":\"https:\\\/\\\/dehub.netgear.com\\\/de\\\/hub\\\/wp-content\\\/uploads\\\/2019\\\/04\\\/ArmorOrbiBanner1.jpg\",\"contentUrl\":\"https:\\\/\\\/dehub.netgear.com\\\/de\\\/hub\\\/wp-content\\\/uploads\\\/2019\\\/04\\\/ArmorOrbiBanner1.jpg\",\"width\":1897,\"height\":475},{\"@type\":\"BreadcrumbList\",\"@id\":\"https:\\\/\\\/dehub.netgear.com\\\/de\\\/hub\\\/network\\\/cybersecurity-with-orbi\\\/#breadcrumb\",\"itemListElement\":[{\"@type\":\"ListItem\",\"position\":1,\"name\":\"Home\",\"item\":\"https:\\\/\\\/dehub.netgear.com\\\/de\\\/hub\\\/\"},{\"@type\":\"ListItem\",\"position\":2,\"name\":\"Heimnetzwerk Artikel\",\"item\":\"https:\\\/\\\/dehub.netgear.com\\\/de\\\/hub\\\/network\\\/\"},{\"@type\":\"ListItem\",\"position\":3,\"name\":\"Erh\u00f6hen Sie Ihre Cybersicherheit mit Orbi\"}]},{\"@type\":\"WebSite\",\"@id\":\"https:\\\/\\\/dehub.netgear.com\\\/de\\\/hub\\\/#website\",\"url\":\"https:\\\/\\\/dehub.netgear.com\\\/de\\\/hub\\\/\",\"name\":\"NETGEAR\",\"description\":\"Erkunden Sie unsere Hub-Seiten und st\u00f6bern Sie in Artikeln, um mehr \u00fcber NETGEAR Produkte und Technologien zu erfahren.\",\"publisher\":{\"@id\":\"https:\\\/\\\/dehub.netgear.com\\\/de\\\/hub\\\/#organization\"},\"potentialAction\":[{\"@type\":\"SearchAction\",\"target\":{\"@type\":\"EntryPoint\",\"urlTemplate\":\"https:\\\/\\\/dehub.netgear.com\\\/de\\\/hub\\\/?s={search_term_string}\"},\"query-input\":{\"@type\":\"PropertyValueSpecification\",\"valueRequired\":true,\"valueName\":\"search_term_string\"}}],\"inLanguage\":\"de\"},{\"@type\":\"Organization\",\"@id\":\"https:\\\/\\\/dehub.netgear.com\\\/de\\\/hub\\\/#organization\",\"name\":\"NETGEAR\",\"url\":\"https:\\\/\\\/dehub.netgear.com\\\/de\\\/hub\\\/\",\"logo\":{\"@type\":\"ImageObject\",\"inLanguage\":\"de\",\"@id\":\"https:\\\/\\\/dehub.netgear.com\\\/de\\\/hub\\\/#\\\/schema\\\/logo\\\/image\\\/\",\"url\":\"https:\\\/\\\/www.dehub.netgear.com\\\/de\\\/hub\\\/wp-content\\\/uploads\\\/2019\\\/07\\\/NETGEAR_logo.jpg\",\"contentUrl\":\"https:\\\/\\\/www.dehub.netgear.com\\\/de\\\/hub\\\/wp-content\\\/uploads\\\/2019\\\/07\\\/NETGEAR_logo.jpg\",\"width\":1500,\"height\":501,\"caption\":\"NETGEAR\"},\"image\":{\"@id\":\"https:\\\/\\\/dehub.netgear.com\\\/de\\\/hub\\\/#\\\/schema\\\/logo\\\/image\\\/\"},\"sameAs\":[\"https:\\\/\\\/www.facebook.com\\\/NetgearAU\\\/\",\"https:\\\/\\\/x.com\\\/NETGEAR\",\"https:\\\/\\\/www.linkedin.com\\\/company\\\/netgear\"]}]}<\/script>\n<!-- \/ Yoast SEO plugin. -->","yoast_head_json":{"title":"Erh\u00f6hen Sie Ihre Cybersicherheit mit Orbi | NETGEAR L\u00f6sungen","description":"Sch\u00fctzen Sie Ihr Netzwerk mit Orbi und NETGEAR ARMOR. Erfahren Sie, wie Sie Ihre Cybersicherheit mit umfassenden Schutzfunktionen verbessern k\u00f6nnen.","robots":{"index":"index","follow":"follow","max-snippet":"max-snippet:-1","max-image-preview":"max-image-preview:large","max-video-preview":"max-video-preview:-1"},"canonical":"https:\/\/dehub.netgear.com\/de\/hub\/network\/cybersecurity-with-orbi\/","og_locale":"de_DE","og_type":"article","og_title":"Erh\u00f6hen Sie Ihre Cybersicherheit mit Orbi | NETGEAR L\u00f6sungen","og_description":"Sch\u00fctzen Sie Ihr Netzwerk mit Orbi und NETGEAR ARMOR. Erfahren Sie, wie Sie Ihre Cybersicherheit mit umfassenden Schutzfunktionen verbessern k\u00f6nnen.","og_url":"https:\/\/dehub.netgear.com\/de\/hub\/network\/cybersecurity-with-orbi\/","og_site_name":"NETGEAR Hub","article_publisher":"https:\/\/www.facebook.com\/NetgearAU\/","article_modified_time":"2024-11-18T05:52:05+00:00","og_image":[{"width":1897,"height":475,"url":"https:\/\/dehub.netgear.com\/de\/hub\/wp-content\/uploads\/2019\/04\/ArmorOrbiBanner1.jpg","type":"image\/jpeg"}],"twitter_card":"summary_large_image","twitter_site":"@NETGEAR","twitter_misc":{"Gesch\u00e4tzte Lesezeit":"3\u00a0Minuten"},"schema":{"@context":"https:\/\/schema.org","@graph":[{"@type":"WebPage","@id":"https:\/\/dehub.netgear.com\/de\/hub\/network\/cybersecurity-with-orbi\/","url":"https:\/\/dehub.netgear.com\/de\/hub\/network\/cybersecurity-with-orbi\/","name":"Erh\u00f6hen Sie Ihre Cybersicherheit mit Orbi | NETGEAR L\u00f6sungen","isPartOf":{"@id":"https:\/\/dehub.netgear.com\/de\/hub\/#website"},"primaryImageOfPage":{"@id":"https:\/\/dehub.netgear.com\/de\/hub\/network\/cybersecurity-with-orbi\/#primaryimage"},"image":{"@id":"https:\/\/dehub.netgear.com\/de\/hub\/network\/cybersecurity-with-orbi\/#primaryimage"},"thumbnailUrl":"https:\/\/dehub.netgear.com\/de\/hub\/wp-content\/uploads\/2019\/04\/ArmorOrbiBanner1.jpg","datePublished":"2019-04-19T16:25:05+00:00","dateModified":"2024-11-18T05:52:05+00:00","description":"Sch\u00fctzen Sie Ihr Netzwerk mit Orbi und NETGEAR ARMOR. Erfahren Sie, wie Sie Ihre Cybersicherheit mit umfassenden Schutzfunktionen verbessern k\u00f6nnen.","breadcrumb":{"@id":"https:\/\/dehub.netgear.com\/de\/hub\/network\/cybersecurity-with-orbi\/#breadcrumb"},"inLanguage":"de","potentialAction":[{"@type":"ReadAction","target":["https:\/\/dehub.netgear.com\/de\/hub\/network\/cybersecurity-with-orbi\/"]}]},{"@type":"ImageObject","inLanguage":"de","@id":"https:\/\/dehub.netgear.com\/de\/hub\/network\/cybersecurity-with-orbi\/#primaryimage","url":"https:\/\/dehub.netgear.com\/de\/hub\/wp-content\/uploads\/2019\/04\/ArmorOrbiBanner1.jpg","contentUrl":"https:\/\/dehub.netgear.com\/de\/hub\/wp-content\/uploads\/2019\/04\/ArmorOrbiBanner1.jpg","width":1897,"height":475},{"@type":"BreadcrumbList","@id":"https:\/\/dehub.netgear.com\/de\/hub\/network\/cybersecurity-with-orbi\/#breadcrumb","itemListElement":[{"@type":"ListItem","position":1,"name":"Home","item":"https:\/\/dehub.netgear.com\/de\/hub\/"},{"@type":"ListItem","position":2,"name":"Heimnetzwerk Artikel","item":"https:\/\/dehub.netgear.com\/de\/hub\/network\/"},{"@type":"ListItem","position":3,"name":"Erh\u00f6hen Sie Ihre Cybersicherheit mit Orbi"}]},{"@type":"WebSite","@id":"https:\/\/dehub.netgear.com\/de\/hub\/#website","url":"https:\/\/dehub.netgear.com\/de\/hub\/","name":"NETGEAR","description":"Erkunden Sie unsere Hub-Seiten und st\u00f6bern Sie in Artikeln, um mehr \u00fcber NETGEAR Produkte und Technologien zu erfahren.","publisher":{"@id":"https:\/\/dehub.netgear.com\/de\/hub\/#organization"},"potentialAction":[{"@type":"SearchAction","target":{"@type":"EntryPoint","urlTemplate":"https:\/\/dehub.netgear.com\/de\/hub\/?s={search_term_string}"},"query-input":{"@type":"PropertyValueSpecification","valueRequired":true,"valueName":"search_term_string"}}],"inLanguage":"de"},{"@type":"Organization","@id":"https:\/\/dehub.netgear.com\/de\/hub\/#organization","name":"NETGEAR","url":"https:\/\/dehub.netgear.com\/de\/hub\/","logo":{"@type":"ImageObject","inLanguage":"de","@id":"https:\/\/dehub.netgear.com\/de\/hub\/#\/schema\/logo\/image\/","url":"https:\/\/www.dehub.netgear.com\/de\/hub\/wp-content\/uploads\/2019\/07\/NETGEAR_logo.jpg","contentUrl":"https:\/\/www.dehub.netgear.com\/de\/hub\/wp-content\/uploads\/2019\/07\/NETGEAR_logo.jpg","width":1500,"height":501,"caption":"NETGEAR"},"image":{"@id":"https:\/\/dehub.netgear.com\/de\/hub\/#\/schema\/logo\/image\/"},"sameAs":["https:\/\/www.facebook.com\/NetgearAU\/","https:\/\/x.com\/NETGEAR","https:\/\/www.linkedin.com\/company\/netgear"]}]}},"_links":{"self":[{"href":"https:\/\/dehub.netgear.com\/de\/hub\/wp-json\/wp\/v2\/pages\/3463","targetHints":{"allow":["GET"]}}],"collection":[{"href":"https:\/\/dehub.netgear.com\/de\/hub\/wp-json\/wp\/v2\/pages"}],"about":[{"href":"https:\/\/dehub.netgear.com\/de\/hub\/wp-json\/wp\/v2\/types\/page"}],"author":[{"embeddable":true,"href":"https:\/\/dehub.netgear.com\/de\/hub\/wp-json\/wp\/v2\/users\/68"}],"replies":[{"embeddable":true,"href":"https:\/\/dehub.netgear.com\/de\/hub\/wp-json\/wp\/v2\/comments?post=3463"}],"version-history":[{"count":13,"href":"https:\/\/dehub.netgear.com\/de\/hub\/wp-json\/wp\/v2\/pages\/3463\/revisions"}],"predecessor-version":[{"id":9855,"href":"https:\/\/dehub.netgear.com\/de\/hub\/wp-json\/wp\/v2\/pages\/3463\/revisions\/9855"}],"up":[{"embeddable":true,"href":"https:\/\/dehub.netgear.com\/de\/hub\/wp-json\/wp\/v2\/pages\/6081"}],"wp:featuredmedia":[{"embeddable":true,"href":"https:\/\/dehub.netgear.com\/de\/hub\/wp-json\/wp\/v2\/media\/3472"}],"wp:attachment":[{"href":"https:\/\/dehub.netgear.com\/de\/hub\/wp-json\/wp\/v2\/media?parent=3463"}],"curies":[{"name":"wp","href":"https:\/\/api.w.org\/{rel}","templated":true}]}}