{"id":173,"date":"2017-02-14T22:23:08","date_gmt":"2017-02-14T22:23:08","guid":{"rendered":"http:\/\/wordpressdev.dehub.netgear.com\/?p=173"},"modified":"2024-11-18T06:56:34","modified_gmt":"2024-11-18T05:56:34","slug":"what-is-a-tri-band-wifi-system","status":"publish","type":"page","link":"https:\/\/dehub.netgear.com\/de\/hub\/technology\/what-is-a-tri-band-wifi-system\/","title":{"rendered":"Was ist ein Tri-Band-WLAN-System?"},"content":{"rendered":"<p>In den Haushalten von heute ist WLAN zu einem entscheidenden Faktor geworden und wird oft als die vierte Versorgungseinrichtung angesehen, genauso wichtig wie Strom, Gas und Wasser. Das durchschnittliche amerikanische Zuhause verwendet 11 vernetzte Ger\u00e4te, und diese Zahl soll sich bis 2019 verdoppeln. Diese Ger\u00e4te reichen von typischen Smartphones und Tablets, die HD- und 4K-Videos und Spiele streamen, bis hin zu intelligenten Ger\u00e4ten f\u00fcr das Smart Home wie Videokameras zur Sicherheit, Thermostate, Rauchmelder, Lichter und T\u00fcrschl\u00f6sser. Angesichts des gesamten Bandbreitenbedarfs f\u00fcr diese Ger\u00e4te und ihrer Verbindung zur Cloud ist es kein Wunder, dass wir oft das gef\u00fcrchtete Puffern und Verz\u00f6gerungen erleben.<\/p>\n<p>Um diese Herausforderungen anzugehen, hat NETGEAR das preisgekr\u00f6nte Orbi Tri-Band-WiFi-System entwickelt, ein verteiltes WLAN-System, das darauf abzielt, die Internetgeschwindigkeiten, die Sie in der N\u00e4he Ihres ADSL- oder Kabelmodems erhalten, im gesamten Haus verf\u00fcgbar zu machen und Funkl\u00f6cher zu beseitigen.<\/p>\n<p><strong>Was bedeutet Tri-Band?<\/strong><\/p>\n<p>Die meisten modernen WLAN-Ger\u00e4te sind Dual-Band-Ger\u00e4te, was bedeutet, dass sie 2 Funkb\u00e4nder haben, eins auf 2,4 GHz, das urspr\u00fcnglich f\u00fcr Ger\u00e4te entwickelt wurde, die \u00e4ltere WLAN-Protokolle wie 802.11A\/B\/G unterst\u00fctzen, und ein moderneres 5-GHz-Band -802.11ac, das mit 3-facher Geschwindigkeit im Vergleich zu 2,4 GHz l\u00e4uft. Einige der Hauptvorteile der Verwendung des 5-GHz-Bands sind, dass es einen Kanal belegt, der normalerweise weniger St\u00f6rungen aufweist, viel weniger \u00fcberlastet ist und bessere Geschwindigkeiten unterst\u00fctzt; w\u00e4hrend das 2,4-GHz-Band eine bessere Reichweite hat, aber anf\u00e4lliger f\u00fcr \u00e4u\u00dfere St\u00f6rungen ist.<\/p>\n<p>Wo Orbi einzigartig ist, ist, dass NETGEAR tats\u00e4chlich ein drittes Funkger\u00e4t zum Orbi WLAN-System hinzugef\u00fcgt hat (daher Tri-Band). Es gibt einige Gr\u00fcnde, warum das Vorhandensein dieses 3. Funkger\u00e4ts vorteilhaft ist.<\/p>\n<p><img loading=\"lazy\" decoding=\"async\" class=\"aligncenter size-full wp-image-7475\" src=\"https:\/\/www.dehub.netgear.com\/de\/hub\/wp-content\/uploads\/2023\/05\/TriBand_WiFi_tcm148-1361681.png\" alt=\"\" width=\"300\" height=\"168\" \/><\/p>\n<p>Erstens widmet Orbi dieses dritte Funkger\u00e4t f\u00fcr die Backhaul-Kommunikation zwischen dem Orbi-Router und seinen Satelliten oder anders ausgedr\u00fcckt, es schafft eine virtuelle Leitung, die ausschlie\u00dflich f\u00fcr den Datenfluss zwischen dem Router und den Satelliten reserviert ist. Im Gegensatz dazu verwenden Dual-Band-L\u00f6sungen dieselbe WLAN-Bandbreite nicht nur f\u00fcr die Verbindung zu Endger\u00e4ten (was wir als Fronthaul bezeichnen), sondern auch zwischen den Zugriffspunkten. Durch die Verwendung einer Tri-Band-Architektur steht der Fronthaul-Kanal sofort f\u00fcr die Verbindung von Ger\u00e4ten zur Verf\u00fcgung. Dies erh\u00f6ht die Effizienz dynamisch um bis zu 50 % im Vergleich zu Dual-Band-WLAN-Systemen, insbesondere wenn mehr Ger\u00e4te in das Netzwerk integriert werden.<\/p>\n<p><img loading=\"lazy\" decoding=\"async\" class=\"aligncenter size-full wp-image-7476\" src=\"https:\/\/www.dehub.netgear.com\/de\/hub\/wp-content\/uploads\/2023\/05\/Orbi_is_amazing_tcm148-1361691.png\" alt=\"\" width=\"300\" height=\"168\" \/><\/p>\n<p>Ein zweiter Vorteil besteht darin, dass die Geschwindigkeit des zus\u00e4tzlichen Funkger\u00e4ts (theoretisch mit 1,7 Gbps bewertet) schneller ist als typische Internetgeschwindigkeiten. Die schnellen Internetgeschwindigkeiten enden also nicht nur bei Ihrem DSL-\/Kabelmodem, sondern werden bis in die entferntesten Bereiche Ihres Grundst\u00fccks gebracht. Stellen Sie sich vor, Sie haben WLAN, um HD-Videos in jedem Schlafzimmer, am Pool oder auf der Terrasse zu streamen.<\/p>\n<p>Nehmen wir zum Beispiel an, Sie haben eine 100-Mbps-Internetverbindung, die in ein Kabelmodem kommt und Ihr Orbi-Router ist damit verbunden. Endger\u00e4te (wie Ihr iPhone), die mit dem Router verbunden sind, haben bereits Zugriff auf Geschwindigkeiten von insgesamt (400 + 867 Mbps), die unter allen damit verbundenen Ger\u00e4ten aufgeteilt werden. Dar\u00fcber hinaus bringt das Tri-Band-Funkger\u00e4t mit Geschwindigkeiten von bis zu 1,7 Gbps Internetgeschwindigkeiten zu allen Satelliten, was bedeutet, dass die schnellen Internetgeschwindigkeiten im gesamten Haus verf\u00fcgbar sind.<\/p>\n<p><img loading=\"lazy\" decoding=\"async\" class=\"aligncenter size-full wp-image-7477\" src=\"https:\/\/www.dehub.netgear.com\/de\/hub\/wp-content\/uploads\/2023\/05\/Orbi_Virtual_tcm148-1361701.png\" alt=\"\" width=\"300\" height=\"168\" \/><\/p>\n<p>Ein dritter Vorteil besteht darin, dass ein System aus Orbi und Satellit, das \u00fcber das Tri-Band verbunden ist, zusammenarbeitet. Es ist fast so, als w\u00fcrde man einen einzigen virtuellen, verteilten Gigabit-Ethernet-Switch in Ihrem Haus bereitstellen. Sie k\u00f6nnen Ihren Orbi in Ihrem Heimb\u00fcro platzieren und verkabelte Ethernet-Ger\u00e4te wie Drucker, Network Attached Storage (NAS) oder Medienserver in Ihren Orbi stecken und diese Dienste im gesamten Haus verf\u00fcgbar machen.<\/p>\n<p>Das Beste an all dieser fortschrittlichen Technologie ist, dass die Einrichtung des Orbi nicht einfacher sein k\u00f6nnte. Schlie\u00dfen Sie einfach den Orbi-Router an Ihr Kabelmodem an, platzieren Sie den Satelliten im Zentrum Ihres Hauses und verwenden Sie die Orbi-App, um Ihr System innerhalb von Minuten zu installieren und anzupassen. Es ist sehr einfach bereitzustellen und verf\u00fcgt \u00fcber intuitive Farb-Benachrichtigungen auf dem Router und dem Satelliten. Orbi erstellt ein einziges Hochgeschwindigkeitsnetzwerk in Ihrem Zuhause und verschiebt Ihre Ger\u00e4te automatisch zwischen den B\u00e4ndern, damit Sie und Ihre ganze Familie gleichzeitig eine konsistente und pufferfreie Hochgeschwindigkeits-WLAN-Erfahrung genie\u00dfen k\u00f6nnen.<\/p>\n<p>&nbsp;<\/p>\n<p><a href=\"https:\/\/www.dehub.netgear.com\/de\/home\/wifi\/mesh\/orbi\/\">Orbi Tri-band WiFi<\/a>. Lehnen Sie sich einfach zur\u00fcck und genie\u00dfen Sie besseres WLAN.<\/p>\n","protected":false},"excerpt":{"rendered":"<p>In den Haushalten von heute ist WLAN zu einem entscheidenden Faktor geworden und wird oft als die vierte Versorgungseinrichtung angesehen, genauso wichtig wie Strom, Gas und Wasser. Das durchschnittliche amerikanische Zuhause verwendet 11 vernetzte Ger\u00e4te, und diese Zahl soll sich bis 2019 verdoppeln. Diese Ger\u00e4te reichen von typischen Smartphones und Tablets, die HD- und 4K-Videos [&hellip;]<\/p>\n","protected":false},"author":68,"featured_media":7473,"parent":6678,"menu_order":9,"comment_status":"closed","ping_status":"open","template":"templates\/tech.php","meta":{"_acf_changed":false,"footnotes":""},"class_list":["post-173","page","type-page","status-publish","has-post-thumbnail","hentry"],"acf":[],"yoast_head":"<!-- This site is optimized with the Yoast SEO plugin v27.5 - https:\/\/yoast.com\/product\/yoast-seo-wordpress\/ -->\n<title>Tri-Band WiFi-Systeme - Steigerung der Netzwerkleistung<\/title>\n<meta name=\"description\" content=\"Verstehen Sie die Innovation hinter Tri-Band WiFi-Systemen, einem bahnbrechenden Ansatz zur Steigerung der Netzwerkleistung. Erfahren Sie mehr \u00fcber ihre Vorteile bei NETGEAR.\" \/>\n<meta name=\"robots\" content=\"index, follow, max-snippet:-1, max-image-preview:large, max-video-preview:-1\" \/>\n<link rel=\"canonical\" href=\"https:\/\/dehub.netgear.com\/de\/hub\/technology\/what-is-a-tri-band-wifi-system\/\" \/>\n<meta property=\"og:locale\" content=\"de_DE\" \/>\n<meta property=\"og:type\" content=\"article\" \/>\n<meta property=\"og:title\" content=\"Tri-Band WiFi-Systeme - Steigerung der Netzwerkleistung\" \/>\n<meta property=\"og:description\" content=\"Verstehen Sie die Innovation hinter Tri-Band WiFi-Systemen, einem bahnbrechenden Ansatz zur Steigerung der Netzwerkleistung. Erfahren Sie mehr \u00fcber ihre Vorteile bei NETGEAR.\" \/>\n<meta property=\"og:url\" content=\"https:\/\/dehub.netgear.com\/de\/hub\/technology\/what-is-a-tri-band-wifi-system\/\" \/>\n<meta property=\"og:site_name\" content=\"NETGEAR Hub\" \/>\n<meta property=\"article:publisher\" content=\"https:\/\/www.facebook.com\/NetgearAU\/\" \/>\n<meta property=\"article:modified_time\" content=\"2024-11-18T05:56:34+00:00\" \/>\n<meta property=\"og:image\" content=\"https:\/\/dehub.netgear.com\/de\/hub\/wp-content\/uploads\/2023\/05\/tri-band.jpg\" \/>\n\t<meta property=\"og:image:width\" content=\"254\" \/>\n\t<meta property=\"og:image:height\" content=\"360\" \/>\n\t<meta property=\"og:image:type\" content=\"image\/jpeg\" \/>\n<meta name=\"twitter:card\" content=\"summary_large_image\" \/>\n<meta name=\"twitter:site\" content=\"@NETGEAR\" \/>\n<meta name=\"twitter:label1\" content=\"Gesch\u00e4tzte Lesezeit\" \/>\n\t<meta name=\"twitter:data1\" content=\"4\u00a0Minuten\" \/>\n<script type=\"application\/ld+json\" class=\"yoast-schema-graph\">{\"@context\":\"https:\\\/\\\/schema.org\",\"@graph\":[{\"@type\":\"WebPage\",\"@id\":\"https:\\\/\\\/dehub.netgear.com\\\/de\\\/hub\\\/technology\\\/what-is-a-tri-band-wifi-system\\\/\",\"url\":\"https:\\\/\\\/dehub.netgear.com\\\/de\\\/hub\\\/technology\\\/what-is-a-tri-band-wifi-system\\\/\",\"name\":\"Tri-Band WiFi-Systeme - Steigerung der Netzwerkleistung\",\"isPartOf\":{\"@id\":\"https:\\\/\\\/dehub.netgear.com\\\/de\\\/hub\\\/#website\"},\"primaryImageOfPage\":{\"@id\":\"https:\\\/\\\/dehub.netgear.com\\\/de\\\/hub\\\/technology\\\/what-is-a-tri-band-wifi-system\\\/#primaryimage\"},\"image\":{\"@id\":\"https:\\\/\\\/dehub.netgear.com\\\/de\\\/hub\\\/technology\\\/what-is-a-tri-band-wifi-system\\\/#primaryimage\"},\"thumbnailUrl\":\"https:\\\/\\\/dehub.netgear.com\\\/de\\\/hub\\\/wp-content\\\/uploads\\\/2023\\\/05\\\/tri-band.jpg\",\"datePublished\":\"2017-02-14T22:23:08+00:00\",\"dateModified\":\"2024-11-18T05:56:34+00:00\",\"description\":\"Verstehen Sie die Innovation hinter Tri-Band WiFi-Systemen, einem bahnbrechenden Ansatz zur Steigerung der Netzwerkleistung. Erfahren Sie mehr \u00fcber ihre Vorteile bei NETGEAR.\",\"breadcrumb\":{\"@id\":\"https:\\\/\\\/dehub.netgear.com\\\/de\\\/hub\\\/technology\\\/what-is-a-tri-band-wifi-system\\\/#breadcrumb\"},\"inLanguage\":\"de\",\"potentialAction\":[{\"@type\":\"ReadAction\",\"target\":[\"https:\\\/\\\/dehub.netgear.com\\\/de\\\/hub\\\/technology\\\/what-is-a-tri-band-wifi-system\\\/\"]}]},{\"@type\":\"ImageObject\",\"inLanguage\":\"de\",\"@id\":\"https:\\\/\\\/dehub.netgear.com\\\/de\\\/hub\\\/technology\\\/what-is-a-tri-band-wifi-system\\\/#primaryimage\",\"url\":\"https:\\\/\\\/dehub.netgear.com\\\/de\\\/hub\\\/wp-content\\\/uploads\\\/2023\\\/05\\\/tri-band.jpg\",\"contentUrl\":\"https:\\\/\\\/dehub.netgear.com\\\/de\\\/hub\\\/wp-content\\\/uploads\\\/2023\\\/05\\\/tri-band.jpg\",\"width\":254,\"height\":360},{\"@type\":\"BreadcrumbList\",\"@id\":\"https:\\\/\\\/dehub.netgear.com\\\/de\\\/hub\\\/technology\\\/what-is-a-tri-band-wifi-system\\\/#breadcrumb\",\"itemListElement\":[{\"@type\":\"ListItem\",\"position\":1,\"name\":\"Home\",\"item\":\"https:\\\/\\\/dehub.netgear.com\\\/de\\\/hub\\\/\"},{\"@type\":\"ListItem\",\"position\":2,\"name\":\"Technology\",\"item\":\"https:\\\/\\\/dehub.netgear.com\\\/de\\\/hub\\\/technology\\\/\"},{\"@type\":\"ListItem\",\"position\":3,\"name\":\"Was ist ein Tri-Band-WLAN-System?\"}]},{\"@type\":\"WebSite\",\"@id\":\"https:\\\/\\\/dehub.netgear.com\\\/de\\\/hub\\\/#website\",\"url\":\"https:\\\/\\\/dehub.netgear.com\\\/de\\\/hub\\\/\",\"name\":\"NETGEAR\",\"description\":\"Erkunden Sie unsere Hub-Seiten und st\u00f6bern Sie in Artikeln, um mehr \u00fcber NETGEAR Produkte und Technologien zu erfahren.\",\"publisher\":{\"@id\":\"https:\\\/\\\/dehub.netgear.com\\\/de\\\/hub\\\/#organization\"},\"potentialAction\":[{\"@type\":\"SearchAction\",\"target\":{\"@type\":\"EntryPoint\",\"urlTemplate\":\"https:\\\/\\\/dehub.netgear.com\\\/de\\\/hub\\\/?s={search_term_string}\"},\"query-input\":{\"@type\":\"PropertyValueSpecification\",\"valueRequired\":true,\"valueName\":\"search_term_string\"}}],\"inLanguage\":\"de\"},{\"@type\":\"Organization\",\"@id\":\"https:\\\/\\\/dehub.netgear.com\\\/de\\\/hub\\\/#organization\",\"name\":\"NETGEAR\",\"url\":\"https:\\\/\\\/dehub.netgear.com\\\/de\\\/hub\\\/\",\"logo\":{\"@type\":\"ImageObject\",\"inLanguage\":\"de\",\"@id\":\"https:\\\/\\\/dehub.netgear.com\\\/de\\\/hub\\\/#\\\/schema\\\/logo\\\/image\\\/\",\"url\":\"https:\\\/\\\/www.dehub.netgear.com\\\/de\\\/hub\\\/wp-content\\\/uploads\\\/2019\\\/07\\\/NETGEAR_logo.jpg\",\"contentUrl\":\"https:\\\/\\\/www.dehub.netgear.com\\\/de\\\/hub\\\/wp-content\\\/uploads\\\/2019\\\/07\\\/NETGEAR_logo.jpg\",\"width\":1500,\"height\":501,\"caption\":\"NETGEAR\"},\"image\":{\"@id\":\"https:\\\/\\\/dehub.netgear.com\\\/de\\\/hub\\\/#\\\/schema\\\/logo\\\/image\\\/\"},\"sameAs\":[\"https:\\\/\\\/www.facebook.com\\\/NetgearAU\\\/\",\"https:\\\/\\\/x.com\\\/NETGEAR\",\"https:\\\/\\\/www.linkedin.com\\\/company\\\/netgear\"]}]}<\/script>\n<!-- \/ Yoast SEO plugin. -->","yoast_head_json":{"title":"Tri-Band WiFi-Systeme - Steigerung der Netzwerkleistung","description":"Verstehen Sie die Innovation hinter Tri-Band WiFi-Systemen, einem bahnbrechenden Ansatz zur Steigerung der Netzwerkleistung. Erfahren Sie mehr \u00fcber ihre Vorteile bei NETGEAR.","robots":{"index":"index","follow":"follow","max-snippet":"max-snippet:-1","max-image-preview":"max-image-preview:large","max-video-preview":"max-video-preview:-1"},"canonical":"https:\/\/dehub.netgear.com\/de\/hub\/technology\/what-is-a-tri-band-wifi-system\/","og_locale":"de_DE","og_type":"article","og_title":"Tri-Band WiFi-Systeme - Steigerung der Netzwerkleistung","og_description":"Verstehen Sie die Innovation hinter Tri-Band WiFi-Systemen, einem bahnbrechenden Ansatz zur Steigerung der Netzwerkleistung. Erfahren Sie mehr \u00fcber ihre Vorteile bei NETGEAR.","og_url":"https:\/\/dehub.netgear.com\/de\/hub\/technology\/what-is-a-tri-band-wifi-system\/","og_site_name":"NETGEAR Hub","article_publisher":"https:\/\/www.facebook.com\/NetgearAU\/","article_modified_time":"2024-11-18T05:56:34+00:00","og_image":[{"width":254,"height":360,"url":"https:\/\/dehub.netgear.com\/de\/hub\/wp-content\/uploads\/2023\/05\/tri-band.jpg","type":"image\/jpeg"}],"twitter_card":"summary_large_image","twitter_site":"@NETGEAR","twitter_misc":{"Gesch\u00e4tzte Lesezeit":"4\u00a0Minuten"},"schema":{"@context":"https:\/\/schema.org","@graph":[{"@type":"WebPage","@id":"https:\/\/dehub.netgear.com\/de\/hub\/technology\/what-is-a-tri-band-wifi-system\/","url":"https:\/\/dehub.netgear.com\/de\/hub\/technology\/what-is-a-tri-band-wifi-system\/","name":"Tri-Band WiFi-Systeme - Steigerung der Netzwerkleistung","isPartOf":{"@id":"https:\/\/dehub.netgear.com\/de\/hub\/#website"},"primaryImageOfPage":{"@id":"https:\/\/dehub.netgear.com\/de\/hub\/technology\/what-is-a-tri-band-wifi-system\/#primaryimage"},"image":{"@id":"https:\/\/dehub.netgear.com\/de\/hub\/technology\/what-is-a-tri-band-wifi-system\/#primaryimage"},"thumbnailUrl":"https:\/\/dehub.netgear.com\/de\/hub\/wp-content\/uploads\/2023\/05\/tri-band.jpg","datePublished":"2017-02-14T22:23:08+00:00","dateModified":"2024-11-18T05:56:34+00:00","description":"Verstehen Sie die Innovation hinter Tri-Band WiFi-Systemen, einem bahnbrechenden Ansatz zur Steigerung der Netzwerkleistung. Erfahren Sie mehr \u00fcber ihre Vorteile bei NETGEAR.","breadcrumb":{"@id":"https:\/\/dehub.netgear.com\/de\/hub\/technology\/what-is-a-tri-band-wifi-system\/#breadcrumb"},"inLanguage":"de","potentialAction":[{"@type":"ReadAction","target":["https:\/\/dehub.netgear.com\/de\/hub\/technology\/what-is-a-tri-band-wifi-system\/"]}]},{"@type":"ImageObject","inLanguage":"de","@id":"https:\/\/dehub.netgear.com\/de\/hub\/technology\/what-is-a-tri-band-wifi-system\/#primaryimage","url":"https:\/\/dehub.netgear.com\/de\/hub\/wp-content\/uploads\/2023\/05\/tri-band.jpg","contentUrl":"https:\/\/dehub.netgear.com\/de\/hub\/wp-content\/uploads\/2023\/05\/tri-band.jpg","width":254,"height":360},{"@type":"BreadcrumbList","@id":"https:\/\/dehub.netgear.com\/de\/hub\/technology\/what-is-a-tri-band-wifi-system\/#breadcrumb","itemListElement":[{"@type":"ListItem","position":1,"name":"Home","item":"https:\/\/dehub.netgear.com\/de\/hub\/"},{"@type":"ListItem","position":2,"name":"Technology","item":"https:\/\/dehub.netgear.com\/de\/hub\/technology\/"},{"@type":"ListItem","position":3,"name":"Was ist ein Tri-Band-WLAN-System?"}]},{"@type":"WebSite","@id":"https:\/\/dehub.netgear.com\/de\/hub\/#website","url":"https:\/\/dehub.netgear.com\/de\/hub\/","name":"NETGEAR","description":"Erkunden Sie unsere Hub-Seiten und st\u00f6bern Sie in Artikeln, um mehr \u00fcber NETGEAR Produkte und Technologien zu erfahren.","publisher":{"@id":"https:\/\/dehub.netgear.com\/de\/hub\/#organization"},"potentialAction":[{"@type":"SearchAction","target":{"@type":"EntryPoint","urlTemplate":"https:\/\/dehub.netgear.com\/de\/hub\/?s={search_term_string}"},"query-input":{"@type":"PropertyValueSpecification","valueRequired":true,"valueName":"search_term_string"}}],"inLanguage":"de"},{"@type":"Organization","@id":"https:\/\/dehub.netgear.com\/de\/hub\/#organization","name":"NETGEAR","url":"https:\/\/dehub.netgear.com\/de\/hub\/","logo":{"@type":"ImageObject","inLanguage":"de","@id":"https:\/\/dehub.netgear.com\/de\/hub\/#\/schema\/logo\/image\/","url":"https:\/\/www.dehub.netgear.com\/de\/hub\/wp-content\/uploads\/2019\/07\/NETGEAR_logo.jpg","contentUrl":"https:\/\/www.dehub.netgear.com\/de\/hub\/wp-content\/uploads\/2019\/07\/NETGEAR_logo.jpg","width":1500,"height":501,"caption":"NETGEAR"},"image":{"@id":"https:\/\/dehub.netgear.com\/de\/hub\/#\/schema\/logo\/image\/"},"sameAs":["https:\/\/www.facebook.com\/NetgearAU\/","https:\/\/x.com\/NETGEAR","https:\/\/www.linkedin.com\/company\/netgear"]}]}},"_links":{"self":[{"href":"https:\/\/dehub.netgear.com\/de\/hub\/wp-json\/wp\/v2\/pages\/173","targetHints":{"allow":["GET"]}}],"collection":[{"href":"https:\/\/dehub.netgear.com\/de\/hub\/wp-json\/wp\/v2\/pages"}],"about":[{"href":"https:\/\/dehub.netgear.com\/de\/hub\/wp-json\/wp\/v2\/types\/page"}],"author":[{"embeddable":true,"href":"https:\/\/dehub.netgear.com\/de\/hub\/wp-json\/wp\/v2\/users\/68"}],"replies":[{"embeddable":true,"href":"https:\/\/dehub.netgear.com\/de\/hub\/wp-json\/wp\/v2\/comments?post=173"}],"version-history":[{"count":13,"href":"https:\/\/dehub.netgear.com\/de\/hub\/wp-json\/wp\/v2\/pages\/173\/revisions"}],"predecessor-version":[{"id":9863,"href":"https:\/\/dehub.netgear.com\/de\/hub\/wp-json\/wp\/v2\/pages\/173\/revisions\/9863"}],"up":[{"embeddable":true,"href":"https:\/\/dehub.netgear.com\/de\/hub\/wp-json\/wp\/v2\/pages\/6678"}],"wp:featuredmedia":[{"embeddable":true,"href":"https:\/\/dehub.netgear.com\/de\/hub\/wp-json\/wp\/v2\/media\/7473"}],"wp:attachment":[{"href":"https:\/\/dehub.netgear.com\/de\/hub\/wp-json\/wp\/v2\/media?parent=173"}],"curies":[{"name":"wp","href":"https:\/\/api.w.org\/{rel}","templated":true}]}}