{"id":11164,"date":"2025-12-23T14:27:09","date_gmt":"2026-01-05T13:27:16","guid":{"rendered":"https:\/\/dehub.netgear.com\/de\/hub\/?page_id=11164"},"modified":"2026-01-05T14:27:48","modified_gmt":"2026-01-05T13:27:48","slug":"netgear-av-closes-2025-with-unprecedented-recognition-and-strategic-momentum","status":"publish","type":"page","link":"https:\/\/dehub.netgear.com\/de\/hub\/business\/av\/netgear-av-closes-2025-with-unprecedented-recognition-and-strategic-momentum\/","title":{"rendered":"NETGEAR AV schlie\u00dft 2025 mit beispielloser Anerkennung und strategischem Schwung ab"},"content":{"rendered":"<p><img loading=\"lazy\" decoding=\"async\" class=\"alignone size-full wp-image-10681\" style=\"border-radius: 1em;\" src=\"https:\/\/www.netgear.com\/hub\/wp-content\/uploads\/2025\/12\/Award-Pic-e1766155741385.jpg\" alt=\"\" width=\"1048\" height=\"511\" \/><\/p>\n    <div class=\"table-of-content bg-gray\">\n        <p><strong>IN THIS ARTICLE<\/strong><\/p>\n        <ul>\n                        <li><a href=\"#topic1\">Globale Anerkennung \u00fcber Kontinente hinweg<\/a><\/li>\n                        <li><a href=\"#topic2\">Innovation, die \u00fcberzeugt<\/a><\/li>\n                        <li><a href=\"#topic3\">Ausgezeichnete Technologie mit Wirkung<\/a><\/li>\n                        <li><a href=\"#topic4\">Investition in Branchenwissen<\/a><\/li>\n                        <li><a href=\"#topic5\">Mehr Informationen<\/a><\/li>\n                    <\/ul>\n    <\/div>\n        <div id=\"topic1\" class=\"skip-item\">\n                        <h2>Globale Anerkennung \u00fcber Kontinente hinweg<\/h2>\n                <p>Der Einfluss von <strong data-start=\"67\" data-end=\"81\">NETGEAR AV<\/strong> hat sich weltweit weiter ausgedehnt und prestigetr\u00e4chtige Anerkennung auf drei Kontinenten erhalten. Wir f\u00fchlten uns geehrt, den <strong data-start=\"211\" data-end=\"239\">Manufacturer of the Year<\/strong> Award von InAVate APAC zu erhalten \u2013 ein wichtiger Meilenstein f\u00fcr unsere wachsende Pr\u00e4senz in der Asien-Pazifik-Region. Diese Auszeichnung spiegelt das Vertrauen wider, das Integratoren, Berater und Endanwender in unterschiedlichen M\u00e4rkten in NETGEARs Engagement f\u00fcr <strong data-start=\"508\" data-end=\"560\">zuverl\u00e4ssige und zug\u00e4ngliche AV-Netzwerkl\u00f6sungen<\/strong> setzen.<\/p>\n    <\/div>\n        <div id=\"topic2\" class=\"skip-item\">\n                        <h2>Innovation, die \u00fcberzeugt<\/h2>\n                <p data-start=\"610\" data-end=\"942\">Auf der <strong data-start=\"618\" data-end=\"642\">IBC2025 in Amsterdam<\/strong> hat NETGEAR AV gezeigt, warum Innovation z\u00e4hlt. Unsere <strong data-start=\"698\" data-end=\"724\">M4350 Network Switches<\/strong> wurden mit dem renommierten <strong data-start=\"753\" data-end=\"785\">TVBEurope Best of Show Award<\/strong> ausgezeichnet, was ihre herausragende Leistung in Broadcast-Umgebungen unterstreicht. Besonders hervorzuheben ist, was diese Switches transformativ macht:<\/p>\n<ul data-start=\"944\" data-end=\"1227\">\n<li data-start=\"944\" data-end=\"1027\">\n<p data-start=\"946\" data-end=\"1027\"><strong data-start=\"946\" data-end=\"982\">Multicolor-LED-Portkennzeichnung<\/strong> f\u00fcr sofortige visuelle Netzwerkbest\u00e4tigung<\/p>\n<\/li>\n<li data-start=\"1028\" data-end=\"1142\">\n<p data-start=\"1030\" data-end=\"1142\"><strong data-start=\"1030\" data-end=\"1074\">Integrierte Pr\u00e4zisions-Timing-Funktionen<\/strong>, die separate Broadcast-Timing-Infrastrukturen \u00fcberfl\u00fcssig machen<\/p>\n<\/li>\n<li data-start=\"1143\" data-end=\"1227\">\n<p data-start=\"1145\" data-end=\"1227\">Unterst\u00fctzung der anspruchsvollsten Protokolle, einschlie\u00dflich <strong data-start=\"1208\" data-end=\"1225\">SMPTE ST 2110<\/strong><\/p>\n<\/li>\n<\/ul>\n    <\/div>\n        <div id=\"topic3\" class=\"skip-item\">\n                        <h2>Ausgezeichnete Technologie mit Wirkung<\/h2>\n                <p data-start=\"1280\" data-end=\"1356\">Die Anerkennung der Branche setzte sich in mehreren Award-Programmen fort:<\/p>\n<ul data-start=\"1358\" data-end=\"2298\">\n<li data-start=\"1358\" data-end=\"1855\">\n<p data-start=\"1360\" data-end=\"1481\"><strong data-start=\"1360\" data-end=\"1401\">Systems &amp; Video Contractor News (SVC)<\/strong> ehrte NETGEAR mit <strong data-start=\"1420\" data-end=\"1435\">zwei Siegen<\/strong> bei den <strong data-start=\"1444\" data-end=\"1478\">Innovative Product Awards 2025<\/strong>:<\/p>\n<ul data-start=\"1484\" data-end=\"1855\">\n<li data-start=\"1484\" data-end=\"1654\">\n<p data-start=\"1486\" data-end=\"1654\"><strong data-start=\"1486\" data-end=\"1512\">M4350 Network Switches<\/strong> in der Kategorie <strong data-start=\"1530\" data-end=\"1544\">AV Over IP<\/strong>, f\u00fcr ihr zielgerichtetes Design, das professionelle AV-Anforderungen mit einfacher Bereitstellung verbindet<\/p>\n<\/li>\n<li data-start=\"1657\" data-end=\"1855\">\n<p data-start=\"1659\" data-end=\"1855\"><strong data-start=\"1659\" data-end=\"1684\">Engage Controller 2.0<\/strong> in der Kategorie <strong data-start=\"1702\" data-end=\"1719\">Apps\/Software<\/strong>, f\u00fcr seine einheitliche Management-Plattform, die Switches, Router und WiFi-7-Access Points \u00fcber intelligente Automatisierung steuert<\/p>\n<\/li>\n<\/ul>\n<\/li>\n<li data-start=\"1857\" data-end=\"2298\">\n<p data-start=\"1859\" data-end=\"2298\"><strong data-start=\"1859\" data-end=\"1873\">TVB Europe<\/strong> best\u00e4tigte unsere Software-Innovation mit dem <strong data-start=\"1920\" data-end=\"1961\">Media &amp; Entertainment: Best in Market<\/strong> Award und w\u00fcrdigte den <strong data-start=\"1985\" data-end=\"2014\">NETGEAR Engage Controller<\/strong> f\u00fcr seinen bahnbrechenden Ansatz im Netzwerkmanagement. Die kostenlose Plattform verwandelt komplexes Netzwerkmanagement \u2013 einst eine spezialisierte Aufgabe mit tiefem IT-Wissen \u2013 in eine intuitive, zertifizierte, profilbasierte Erfahrung, die jedem Broadcast-Profi zug\u00e4nglich ist.<\/p>\n<\/li>\n<\/ul>\n<p data-start=\"2300\" data-end=\"2487\">Diese Auszeichnungen best\u00e4tigen NETGEARs grundlegende Strategie: <strong data-start=\"2365\" data-end=\"2484\">fortschrittliche AV-over-IP-Technologie zug\u00e4nglich machen, ohne Kompromisse bei professioneller Leistung einzugehen<\/strong>.<\/p>\n<p data-start=\"2300\" data-end=\"2487\"><img loading=\"lazy\" decoding=\"async\" class=\"aligncenter wp-image-22750 size-full\" src=\"https:\/\/www.netgear.com\/hub\/wp-content\/uploads\/2025\/12\/Best-of-Show.png\" alt=\"\" width=\"1024\" height=\"683\" \/><\/p>\n    <\/div>\n        <div id=\"topic4\" class=\"skip-item\">\n                        <h2>Investition in Branchenwissen<\/h2>\n                <p data-start=\"2531\" data-end=\"3034\">Der Wandel der AV-Branche hin zu IP-basierter Infrastruktur hat eine kritische Kompetenzl\u00fccke geschaffen \u2013 NETGEAR geht diese Herausforderung direkt an. Die erweiterte <strong data-start=\"2699\" data-end=\"2718\">NETGEAR Academy<\/strong> hat sich von einer internen Schulungsressource zur <strong data-start=\"2770\" data-end=\"2828\">umfassendsten AV-over-IP-Bildungsplattform der Branche<\/strong> entwickelt. Mit kostenlosen Inhalten f\u00fchrender Anbieter wie Crestron, Dante by Audinate, Lightware, Sennheiser, Q-SYS, SDVoE Alliance und weiteren z\u00e4hlt die Academy mittlerweile \u00fcber <strong data-start=\"3012\" data-end=\"3031\">30.000 Lernende<\/strong>.<\/p>\n<p data-start=\"3036\" data-end=\"3274\" data-is-last-node=\"\" data-is-only-node=\"\">Wir danken unseren Teams, Partnern und Kunden, dass sie das zweite Halbjahr 2025 zu einem so erfolgreichen Abschluss gemacht haben. Lassen Sie uns diesen Schwung beibehalten, w\u00e4hrend wir gemeinsam die Zukunft von <strong data-start=\"3249\" data-end=\"3263\">AV-over-IP<\/strong> gestalten.<\/p>\n    <\/div>\n        <div id=\"topic5\" class=\"skip-item\">\n                        <h2>Mehr Informationen<\/h2>\n                <p><!-- IT NETGEAR BUSINESS-L\u00d6SUNGEN--><br \/>\nMehr \u00fcber unsere Business-Produkte erfahren<\/p>\n<div class=\"hs-cta-embed hs-cta-simple-placeholder hs-cta-embed-243392275167\" style=\"max-width: 100%;max-height: 100%;width: 260px;height: 50.390625px\" data-hubspot-wrapper-cta-id=\"243392275167\"><a href=\"https:\/\/cta-na2.hubspot.com\/web-interactives\/public\/v1\/track\/redirect?encryptedPayload=AVxigLI%2Fu8J7nFnep8w0CfLqqlWixXySh0cANLn7TQ3MtLEGeFdfhQxw3AVxVzYlZOkZoVB4gdslqY4il1pZTz7RSKy0mNw%2BF1Y6bdIwWiFAFfgtF%2FkXW%2Fmq0JFY6OQExFSwjiafSp97IxwGv6iNNhiT9X6MQziOnjaAnh9UsXCYR2VD1S791%2F7MVwT1TQ%3D%3D&amp;webInteractiveContentId=243392275167&amp;portalId=242128791\" target=\"_blank\" rel=\"noopener\"><br \/>\n<img decoding=\"async\" style=\"height: 100%;width: 100%;object-fit: fill\" src=\"https:\/\/hubspot-no-cache-na2-prod.s3.amazonaws.com\/cta\/default\/242128791\/interactive-243392275167.png\" alt=\"NETGEAR AV-L\u00d6SUNGEN\" \/><br \/>\n<\/a><\/div>\n<p><!-- IT ACADEMY --><br \/>\nAlles \u00fcber IP-Netzwerke lernen \u2013 in der NETGEAR ACADEMY<\/p>\n<div class=\"hs-cta-embed hs-cta-simple-placeholder hs-cta-embed-243357267644\" style=\"max-width: 100%;max-height: 100%;width: 260px;height: 50.390625px\" data-hubspot-wrapper-cta-id=\"243357267644\"><a href=\"https:\/\/cta-na2.hubspot.com\/web-interactives\/public\/v1\/track\/redirect?encryptedPayload=AVxigLKW9uCCU9FL7iPOCpU%2BvA8Z1UfLRQT8691iSSqh%2BqLrpD%2FITlt6RGXTdhci0W5DkR0wb%2FpK%2BWToDj8Qf0HaQwR0kyzZgK35i%2BhitHvCmHPH8BmXutiugzeYtEHOY6aYTSXoNxDjJJwwtUXAzSqnxQuhx5jjnWcHl4zUp4Dt1tTG2PymP7esgNCNHKHECJ76tda5x0hFMo8JQo6UwGGb9CBw4fyYnA%3D%3D&amp;webInteractiveContentId=243357267644&amp;portalId=242128791\" target=\"_blank\" rel=\"noopener\"><br \/>\n<img decoding=\"async\" style=\"height: 100%;width: 100%;object-fit: fill\" src=\"https:\/\/hubspot-no-cache-na2-prod.s3.amazonaws.com\/cta\/default\/242128791\/interactive-243357267644.png\" alt=\"NETGEAR ACADEMY\" \/><br \/>\n<\/a><\/div>\n<p><!-- KONTAKT PRO-IT-TEAM --><br \/>\nUnsere Ingenieure unterst\u00fctzen Sie kostenlos bei Ihrem Projekt<\/p>\n<div class=\"hs-cta-embed hs-cta-simple-placeholder hs-cta-embed-243357266676\" style=\"max-width: 100%;max-height: 100%;width: 270px;height: 50.390625px\" data-hubspot-wrapper-cta-id=\"243357266676\"><a href=\"https:\/\/cta-na2.hubspot.com\/web-interactives\/public\/v1\/track\/redirect?encryptedPayload=AVxigLL9MaHliYSOIHWsJvXrVuyffxSFGu%2FOD4neANfzotKQLgtjDgnA0CFJQWLPGl5hkjLPFJf7A76nk1yWw939l8y7nc4NGJ1%2Fa58epF2QbqIhW7KyV%2Fr75%2B8GCI%2FfEXyeGuic8buAEe%2F8pDQ63tT6ExQvwvvuG%2BeK5mOqM%2FlNsZUaeR4q5pghXZB3yAUIu7WWwKynlh9Y3Ug9ymAN6sNjHEzXMCgwSYmLqMh7eixTsrgTswO85eLb8rCODQ%3D%3D&amp;webInteractiveContentId=243357266676&amp;portalId=242128791\" target=\"_blank\" rel=\"noopener\"><br \/>\n<img decoding=\"async\" style=\"height: 100%;width: 100%;object-fit: fill\" src=\"https:\/\/hubspot-no-cache-na2-prod.s3.amazonaws.com\/cta\/default\/242128791\/interactive-243357266676.png\" alt=\"KONTAKT PROAV-TEAM\" \/><br \/>\n<\/a><\/div>\n<p style=\"margin-top: 50px\"><iframe loading=\"lazy\" src=\"https:\/\/405nrr.share-na2.hsforms.com\/25w_D-U5iS-e5KaSaP86jnQ\" width=\"100%\" height=\"1200px\"><\/iframe><\/p>\n    <\/div>\n    \n","protected":false},"excerpt":{"rendered":"","protected":false},"author":94,"featured_media":11165,"parent":6754,"menu_order":0,"comment_status":"closed","ping_status":"closed","template":"templates\/blog-wifi.php","meta":{"_acf_changed":false,"footnotes":""},"class_list":["post-11164","page","type-page","status-publish","has-post-thumbnail","hentry"],"acf":[],"yoast_head":"<!-- This site is optimized with the Yoast SEO plugin v27.4 - https:\/\/yoast.com\/product\/yoast-seo-wordpress\/ -->\n<title>NETGEAR AV schlie\u00dft 2025 mit beispielloser Anerkennung und strategischem Schwung ab - NETGEAR Hub<\/title>\n<meta name=\"description\" content=\"NETGEAR AV schlie\u00dft 2025 mit beispielloser Anerkennung und strategischem Schwung ab\" \/>\n<meta name=\"robots\" content=\"index, follow, max-snippet:-1, max-image-preview:large, max-video-preview:-1\" \/>\n<link rel=\"canonical\" href=\"https:\/\/dehub.netgear.com\/de\/hub\/business\/av\/netgear-av-closes-2025-with-unprecedented-recognition-and-strategic-momentum\/\" \/>\n<meta property=\"og:locale\" content=\"de_DE\" \/>\n<meta property=\"og:type\" content=\"article\" \/>\n<meta property=\"og:title\" content=\"NETGEAR AV schlie\u00dft 2025 mit beispielloser Anerkennung und strategischem Schwung ab - NETGEAR Hub\" \/>\n<meta property=\"og:description\" content=\"NETGEAR AV schlie\u00dft 2025 mit beispielloser Anerkennung und strategischem Schwung ab\" \/>\n<meta property=\"og:url\" content=\"https:\/\/dehub.netgear.com\/de\/hub\/business\/av\/netgear-av-closes-2025-with-unprecedented-recognition-and-strategic-momentum\/\" \/>\n<meta property=\"og:site_name\" content=\"NETGEAR Hub\" \/>\n<meta property=\"article:publisher\" content=\"https:\/\/www.facebook.com\/NetgearAU\/\" \/>\n<meta property=\"article:modified_time\" content=\"2026-01-05T13:27:48+00:00\" \/>\n<meta property=\"og:image\" content=\"https:\/\/dehub.netgear.com\/de\/hub\/wp-content\/uploads\/2026\/01\/Social_1200x627_TW_27-383x288-2.png\" \/>\n\t<meta property=\"og:image:width\" content=\"383\" \/>\n\t<meta property=\"og:image:height\" content=\"288\" \/>\n\t<meta property=\"og:image:type\" content=\"image\/png\" \/>\n<meta name=\"twitter:card\" content=\"summary_large_image\" \/>\n<meta name=\"twitter:site\" content=\"@NETGEAR\" \/>\n<script type=\"application\/ld+json\" class=\"yoast-schema-graph\">{\"@context\":\"https:\\\/\\\/schema.org\",\"@graph\":[{\"@type\":\"WebPage\",\"@id\":\"https:\\\/\\\/dehub.netgear.com\\\/de\\\/hub\\\/business\\\/av\\\/netgear-av-closes-2025-with-unprecedented-recognition-and-strategic-momentum\\\/\",\"url\":\"https:\\\/\\\/dehub.netgear.com\\\/de\\\/hub\\\/business\\\/av\\\/netgear-av-closes-2025-with-unprecedented-recognition-and-strategic-momentum\\\/\",\"name\":\"NETGEAR AV schlie\u00dft 2025 mit beispielloser Anerkennung und strategischem Schwung ab - NETGEAR Hub\",\"isPartOf\":{\"@id\":\"https:\\\/\\\/dehub.netgear.com\\\/de\\\/hub\\\/#website\"},\"primaryImageOfPage\":{\"@id\":\"https:\\\/\\\/dehub.netgear.com\\\/de\\\/hub\\\/business\\\/av\\\/netgear-av-closes-2025-with-unprecedented-recognition-and-strategic-momentum\\\/#primaryimage\"},\"image\":{\"@id\":\"https:\\\/\\\/dehub.netgear.com\\\/de\\\/hub\\\/business\\\/av\\\/netgear-av-closes-2025-with-unprecedented-recognition-and-strategic-momentum\\\/#primaryimage\"},\"thumbnailUrl\":\"https:\\\/\\\/dehub.netgear.com\\\/de\\\/hub\\\/wp-content\\\/uploads\\\/2026\\\/01\\\/Social_1200x627_TW_27-383x288-2.png\",\"datePublished\":\"2026-01-05T13:27:16+00:00\",\"dateModified\":\"2026-01-05T13:27:48+00:00\",\"description\":\"NETGEAR AV schlie\u00dft 2025 mit beispielloser Anerkennung und strategischem Schwung ab\",\"breadcrumb\":{\"@id\":\"https:\\\/\\\/dehub.netgear.com\\\/de\\\/hub\\\/business\\\/av\\\/netgear-av-closes-2025-with-unprecedented-recognition-and-strategic-momentum\\\/#breadcrumb\"},\"inLanguage\":\"de\",\"potentialAction\":[{\"@type\":\"ReadAction\",\"target\":[\"https:\\\/\\\/dehub.netgear.com\\\/de\\\/hub\\\/business\\\/av\\\/netgear-av-closes-2025-with-unprecedented-recognition-and-strategic-momentum\\\/\"]}]},{\"@type\":\"ImageObject\",\"inLanguage\":\"de\",\"@id\":\"https:\\\/\\\/dehub.netgear.com\\\/de\\\/hub\\\/business\\\/av\\\/netgear-av-closes-2025-with-unprecedented-recognition-and-strategic-momentum\\\/#primaryimage\",\"url\":\"https:\\\/\\\/dehub.netgear.com\\\/de\\\/hub\\\/wp-content\\\/uploads\\\/2026\\\/01\\\/Social_1200x627_TW_27-383x288-2.png\",\"contentUrl\":\"https:\\\/\\\/dehub.netgear.com\\\/de\\\/hub\\\/wp-content\\\/uploads\\\/2026\\\/01\\\/Social_1200x627_TW_27-383x288-2.png\",\"width\":383,\"height\":288},{\"@type\":\"BreadcrumbList\",\"@id\":\"https:\\\/\\\/dehub.netgear.com\\\/de\\\/hub\\\/business\\\/av\\\/netgear-av-closes-2025-with-unprecedented-recognition-and-strategic-momentum\\\/#breadcrumb\",\"itemListElement\":[{\"@type\":\"ListItem\",\"position\":1,\"name\":\"Home\",\"item\":\"https:\\\/\\\/dehub.netgear.com\\\/de\\\/hub\\\/\"},{\"@type\":\"ListItem\",\"position\":2,\"name\":\"Business Articles Hub\",\"item\":\"https:\\\/\\\/dehub.netgear.com\\\/de\\\/hub\\\/business\\\/\"},{\"@type\":\"ListItem\",\"position\":3,\"name\":\"Business AV\",\"item\":\"https:\\\/\\\/dehub.netgear.com\\\/de\\\/hub\\\/business\\\/av\\\/\"},{\"@type\":\"ListItem\",\"position\":4,\"name\":\"NETGEAR AV schlie\u00dft 2025 mit beispielloser Anerkennung und strategischem Schwung ab\"}]},{\"@type\":\"WebSite\",\"@id\":\"https:\\\/\\\/dehub.netgear.com\\\/de\\\/hub\\\/#website\",\"url\":\"https:\\\/\\\/dehub.netgear.com\\\/de\\\/hub\\\/\",\"name\":\"NETGEAR\",\"description\":\"Erkunden Sie unsere Hub-Seiten und st\u00f6bern Sie in Artikeln, um mehr \u00fcber NETGEAR Produkte und Technologien zu erfahren.\",\"publisher\":{\"@id\":\"https:\\\/\\\/dehub.netgear.com\\\/de\\\/hub\\\/#organization\"},\"potentialAction\":[{\"@type\":\"SearchAction\",\"target\":{\"@type\":\"EntryPoint\",\"urlTemplate\":\"https:\\\/\\\/dehub.netgear.com\\\/de\\\/hub\\\/?s={search_term_string}\"},\"query-input\":{\"@type\":\"PropertyValueSpecification\",\"valueRequired\":true,\"valueName\":\"search_term_string\"}}],\"inLanguage\":\"de\"},{\"@type\":\"Organization\",\"@id\":\"https:\\\/\\\/dehub.netgear.com\\\/de\\\/hub\\\/#organization\",\"name\":\"NETGEAR\",\"url\":\"https:\\\/\\\/dehub.netgear.com\\\/de\\\/hub\\\/\",\"logo\":{\"@type\":\"ImageObject\",\"inLanguage\":\"de\",\"@id\":\"https:\\\/\\\/dehub.netgear.com\\\/de\\\/hub\\\/#\\\/schema\\\/logo\\\/image\\\/\",\"url\":\"https:\\\/\\\/www.dehub.netgear.com\\\/de\\\/hub\\\/wp-content\\\/uploads\\\/2019\\\/07\\\/NETGEAR_logo.jpg\",\"contentUrl\":\"https:\\\/\\\/www.dehub.netgear.com\\\/de\\\/hub\\\/wp-content\\\/uploads\\\/2019\\\/07\\\/NETGEAR_logo.jpg\",\"width\":1500,\"height\":501,\"caption\":\"NETGEAR\"},\"image\":{\"@id\":\"https:\\\/\\\/dehub.netgear.com\\\/de\\\/hub\\\/#\\\/schema\\\/logo\\\/image\\\/\"},\"sameAs\":[\"https:\\\/\\\/www.facebook.com\\\/NetgearAU\\\/\",\"https:\\\/\\\/x.com\\\/NETGEAR\",\"https:\\\/\\\/www.linkedin.com\\\/company\\\/netgear\"]}]}<\/script>\n<!-- \/ Yoast SEO plugin. -->","yoast_head_json":{"title":"NETGEAR AV schlie\u00dft 2025 mit beispielloser Anerkennung und strategischem Schwung ab - NETGEAR Hub","description":"NETGEAR AV schlie\u00dft 2025 mit beispielloser Anerkennung und strategischem Schwung ab","robots":{"index":"index","follow":"follow","max-snippet":"max-snippet:-1","max-image-preview":"max-image-preview:large","max-video-preview":"max-video-preview:-1"},"canonical":"https:\/\/dehub.netgear.com\/de\/hub\/business\/av\/netgear-av-closes-2025-with-unprecedented-recognition-and-strategic-momentum\/","og_locale":"de_DE","og_type":"article","og_title":"NETGEAR AV schlie\u00dft 2025 mit beispielloser Anerkennung und strategischem Schwung ab - NETGEAR Hub","og_description":"NETGEAR AV schlie\u00dft 2025 mit beispielloser Anerkennung und strategischem Schwung ab","og_url":"https:\/\/dehub.netgear.com\/de\/hub\/business\/av\/netgear-av-closes-2025-with-unprecedented-recognition-and-strategic-momentum\/","og_site_name":"NETGEAR Hub","article_publisher":"https:\/\/www.facebook.com\/NetgearAU\/","article_modified_time":"2026-01-05T13:27:48+00:00","og_image":[{"width":383,"height":288,"url":"https:\/\/dehub.netgear.com\/de\/hub\/wp-content\/uploads\/2026\/01\/Social_1200x627_TW_27-383x288-2.png","type":"image\/png"}],"twitter_card":"summary_large_image","twitter_site":"@NETGEAR","schema":{"@context":"https:\/\/schema.org","@graph":[{"@type":"WebPage","@id":"https:\/\/dehub.netgear.com\/de\/hub\/business\/av\/netgear-av-closes-2025-with-unprecedented-recognition-and-strategic-momentum\/","url":"https:\/\/dehub.netgear.com\/de\/hub\/business\/av\/netgear-av-closes-2025-with-unprecedented-recognition-and-strategic-momentum\/","name":"NETGEAR AV schlie\u00dft 2025 mit beispielloser Anerkennung und strategischem Schwung ab - NETGEAR Hub","isPartOf":{"@id":"https:\/\/dehub.netgear.com\/de\/hub\/#website"},"primaryImageOfPage":{"@id":"https:\/\/dehub.netgear.com\/de\/hub\/business\/av\/netgear-av-closes-2025-with-unprecedented-recognition-and-strategic-momentum\/#primaryimage"},"image":{"@id":"https:\/\/dehub.netgear.com\/de\/hub\/business\/av\/netgear-av-closes-2025-with-unprecedented-recognition-and-strategic-momentum\/#primaryimage"},"thumbnailUrl":"https:\/\/dehub.netgear.com\/de\/hub\/wp-content\/uploads\/2026\/01\/Social_1200x627_TW_27-383x288-2.png","datePublished":"2026-01-05T13:27:16+00:00","dateModified":"2026-01-05T13:27:48+00:00","description":"NETGEAR AV schlie\u00dft 2025 mit beispielloser Anerkennung und strategischem Schwung ab","breadcrumb":{"@id":"https:\/\/dehub.netgear.com\/de\/hub\/business\/av\/netgear-av-closes-2025-with-unprecedented-recognition-and-strategic-momentum\/#breadcrumb"},"inLanguage":"de","potentialAction":[{"@type":"ReadAction","target":["https:\/\/dehub.netgear.com\/de\/hub\/business\/av\/netgear-av-closes-2025-with-unprecedented-recognition-and-strategic-momentum\/"]}]},{"@type":"ImageObject","inLanguage":"de","@id":"https:\/\/dehub.netgear.com\/de\/hub\/business\/av\/netgear-av-closes-2025-with-unprecedented-recognition-and-strategic-momentum\/#primaryimage","url":"https:\/\/dehub.netgear.com\/de\/hub\/wp-content\/uploads\/2026\/01\/Social_1200x627_TW_27-383x288-2.png","contentUrl":"https:\/\/dehub.netgear.com\/de\/hub\/wp-content\/uploads\/2026\/01\/Social_1200x627_TW_27-383x288-2.png","width":383,"height":288},{"@type":"BreadcrumbList","@id":"https:\/\/dehub.netgear.com\/de\/hub\/business\/av\/netgear-av-closes-2025-with-unprecedented-recognition-and-strategic-momentum\/#breadcrumb","itemListElement":[{"@type":"ListItem","position":1,"name":"Home","item":"https:\/\/dehub.netgear.com\/de\/hub\/"},{"@type":"ListItem","position":2,"name":"Business Articles Hub","item":"https:\/\/dehub.netgear.com\/de\/hub\/business\/"},{"@type":"ListItem","position":3,"name":"Business AV","item":"https:\/\/dehub.netgear.com\/de\/hub\/business\/av\/"},{"@type":"ListItem","position":4,"name":"NETGEAR AV schlie\u00dft 2025 mit beispielloser Anerkennung und strategischem Schwung ab"}]},{"@type":"WebSite","@id":"https:\/\/dehub.netgear.com\/de\/hub\/#website","url":"https:\/\/dehub.netgear.com\/de\/hub\/","name":"NETGEAR","description":"Erkunden Sie unsere Hub-Seiten und st\u00f6bern Sie in Artikeln, um mehr \u00fcber NETGEAR Produkte und Technologien zu erfahren.","publisher":{"@id":"https:\/\/dehub.netgear.com\/de\/hub\/#organization"},"potentialAction":[{"@type":"SearchAction","target":{"@type":"EntryPoint","urlTemplate":"https:\/\/dehub.netgear.com\/de\/hub\/?s={search_term_string}"},"query-input":{"@type":"PropertyValueSpecification","valueRequired":true,"valueName":"search_term_string"}}],"inLanguage":"de"},{"@type":"Organization","@id":"https:\/\/dehub.netgear.com\/de\/hub\/#organization","name":"NETGEAR","url":"https:\/\/dehub.netgear.com\/de\/hub\/","logo":{"@type":"ImageObject","inLanguage":"de","@id":"https:\/\/dehub.netgear.com\/de\/hub\/#\/schema\/logo\/image\/","url":"https:\/\/www.dehub.netgear.com\/de\/hub\/wp-content\/uploads\/2019\/07\/NETGEAR_logo.jpg","contentUrl":"https:\/\/www.dehub.netgear.com\/de\/hub\/wp-content\/uploads\/2019\/07\/NETGEAR_logo.jpg","width":1500,"height":501,"caption":"NETGEAR"},"image":{"@id":"https:\/\/dehub.netgear.com\/de\/hub\/#\/schema\/logo\/image\/"},"sameAs":["https:\/\/www.facebook.com\/NetgearAU\/","https:\/\/x.com\/NETGEAR","https:\/\/www.linkedin.com\/company\/netgear"]}]}},"_links":{"self":[{"href":"https:\/\/dehub.netgear.com\/de\/hub\/wp-json\/wp\/v2\/pages\/11164","targetHints":{"allow":["GET"]}}],"collection":[{"href":"https:\/\/dehub.netgear.com\/de\/hub\/wp-json\/wp\/v2\/pages"}],"about":[{"href":"https:\/\/dehub.netgear.com\/de\/hub\/wp-json\/wp\/v2\/types\/page"}],"author":[{"embeddable":true,"href":"https:\/\/dehub.netgear.com\/de\/hub\/wp-json\/wp\/v2\/users\/94"}],"replies":[{"embeddable":true,"href":"https:\/\/dehub.netgear.com\/de\/hub\/wp-json\/wp\/v2\/comments?post=11164"}],"version-history":[{"count":2,"href":"https:\/\/dehub.netgear.com\/de\/hub\/wp-json\/wp\/v2\/pages\/11164\/revisions"}],"predecessor-version":[{"id":11167,"href":"https:\/\/dehub.netgear.com\/de\/hub\/wp-json\/wp\/v2\/pages\/11164\/revisions\/11167"}],"up":[{"embeddable":true,"href":"https:\/\/dehub.netgear.com\/de\/hub\/wp-json\/wp\/v2\/pages\/6754"}],"wp:featuredmedia":[{"embeddable":true,"href":"https:\/\/dehub.netgear.com\/de\/hub\/wp-json\/wp\/v2\/media\/11165"}],"wp:attachment":[{"href":"https:\/\/dehub.netgear.com\/de\/hub\/wp-json\/wp\/v2\/media?parent=11164"}],"curies":[{"name":"wp","href":"https:\/\/api.w.org\/{rel}","templated":true}]}}