{"id":11117,"date":"2025-11-04T08:48:09","date_gmt":"2025-12-03T07:48:21","guid":{"rendered":"https:\/\/dehub.netgear.com\/de\/hub\/?page_id=11117"},"modified":"2025-12-03T08:48:59","modified_gmt":"2025-12-03T07:48:59","slug":"aurora-multimedia-and-netgear-av","status":"publish","type":"page","link":"https:\/\/dehub.netgear.com\/de\/hub\/business\/av\/aurora-multimedia-and-netgear-av\/","title":{"rendered":"Wie Innovation in AV over IP die Zusammenarbeit zwischen Aurora Multimedia und NETGEAR AV vorantreibt"},"content":{"rendered":"<p><img loading=\"lazy\" decoding=\"async\" class=\"alignone size-full wp-image-10681\" style=\"border-radius: 1em;\" src=\"https:\/\/www.netgear.com\/hub\/wp-content\/uploads\/2025\/11\/ptz.png\" alt=\"\" width=\"1048\" height=\"511\" \/><\/p>\n    <div class=\"table-of-content bg-gray\">\n        <p><strong>IN THIS ARTICLE<\/strong><\/p>\n        <ul>\n                        <li><a href=\"#topic1\">Matrix-Switching<\/a><\/li>\n                        <li><a href=\"#topic2\">Zero-Configuration-Bereitstellung<\/a><\/li>\n                        <li><a href=\"#topic3\">Enterprise-Leistung leicht gemacht<\/a><\/li>\n                        <li><a href=\"#topic4\">Mehr Informationen<\/a><\/li>\n                    <\/ul>\n    <\/div>\n        <div id=\"topic1\" class=\"skip-item\">\n                        <h2>Matrix-Switching<\/h2>\n                <p data-start=\"59\" data-end=\"445\">Die Partnerschaft zwischen Aurora Multimedia und NETGEAR AV verwandelt komplexe Herausforderungen bei der AV-Verteilung in einfache, skalierbare L\u00f6sungen. Durch die Kombination von Auroras IPBaseT\u00ae-Technologie mit den bew\u00e4hrten AV-Line-Switches der Serien M4250 und M4350 von NETGEAR k\u00f6nnen Integratoren Matrix-Switching auf Enterprise-Niveau mit Plug-and-Play-Installation realisieren.<\/p>\n<p data-start=\"447\" data-end=\"698\">Diese Zusammenarbeit beseitigt die traditionelle Komplexit\u00e4t gro\u00df angelegter AV-Installationen und erm\u00f6glicht nahtloses Matrix-Switching mit bis zu 255\u00d7255 Kan\u00e4len bei 4K60 4:4:4-Performance \u2013 und das bei einem Stromverbrauch von nur 3 Watt pro Ger\u00e4t.<\/p>\n    <\/div>\n        <div id=\"topic2\" class=\"skip-item\">\n                        <h2>Zero-Configuration-Bereitstellung<\/h2>\n                <p data-start=\"738\" data-end=\"1145\">Aurora Multimedias IPBaseT\u00ae-Technologie kombiniert die Skalierbarkeit von AV over IP mit der Einfachheit von HDBaseT \u2013 doch erst die Partnerschaft mit NETGEAR macht die Bereitstellung wirklich m\u00fchelos. Die Switches der NETGEAR-M4250- und M4350-AV-Line sind speziell daf\u00fcr zertifiziert, IPBaseT\u00ae-Firmware zu unterst\u00fctzen, und bilden so eine optimale Grundlage, die keinerlei manuelle Konfiguration erfordert.<\/p>\n<p data-start=\"1147\" data-end=\"1704\">Jedes IPBaseT\u00ae-Ger\u00e4t kann entweder als Transmitter oder als Receiver konfiguriert und mit einer Adresse von 0 bis 255 versehen werden. Dies erm\u00f6glicht flexible Punkt-zu-Punkt-Verbindungen, Signalverteilung oder vollst\u00e4ndiges Matrix-Switching \u00fcber einfache Multicast- oder RS-232-Befehle. Mit der vorvalidierten Infrastruktur von NETGEAR k\u00f6nnen Systemdesigner skalierbare L\u00f6sungen schaffen, die sich an ver\u00e4nderte Anforderungen anpassen lassen \u2013 bei gleichzeitiger Plug-and-Play-Funktionalit\u00e4t, die die Implementierungszeit von Stunden auf Minuten reduziert.<\/p>\n    <\/div>\n        <div id=\"topic3\" class=\"skip-item\">\n                        <h2>Enterprise-Leistung leicht gemacht<\/h2>\n                <p data-start=\"1745\" data-end=\"2232\">Die Partnerschaft l\u00f6st eine zentrale Herausforderung f\u00fcr AV-Integratoren: Unternehmensweit skalierbare Leistung bereitzustellen, ohne unternehmensweite Komplexit\u00e4t zu erzeugen. Die IBT-Serie, bestehend aus der Box-Unit IBT-1-BX und der Wandplatten-Unit IBT-1-WP1, arbeitet nahtlos mit NETGEARs intelligentem AV-System-Backbone zusammen, um h\u00f6here Flexibilit\u00e4t und Skalierbarkeit zu liefern, w\u00e4hrend gleichzeitig die Verkabelungskosten gesenkt und die Wartungseffizienz verbessert werden.<\/p>\n<p data-start=\"2234\" data-end=\"2552\">Die Kombination bietet Zero-Frame-Latenz, die Zuverl\u00e4ssigkeit, die Integratoren ben\u00f6tigen, und die Einfachheit, die Endanwender erwarten. Sie stellt eine strategische Ausrichtung dar, die traditionelle Installationsh\u00fcrden eliminiert und dabei volle Leistungsf\u00e4higkeit bietet, ohne die Bedienbarkeit zu beeintr\u00e4chtigen.<\/p>\n    <\/div>\n        <div id=\"topic4\" class=\"skip-item\">\n                        <h2>Mehr Informationen<\/h2>\n                <p>\n<!-- IT NETGEAR BUSINESS-L\u00d6SUNGEN--><br \/>\nMehr \u00fcber unsere Business-Produkte erfahren<\/p>\n<div class=\"hs-cta-embed hs-cta-simple-placeholder hs-cta-embed-243392275167\" style=\"max-width:100%;max-height:100%;width:260px;height:50.390625px\" data-hubspot-wrapper-cta-id=\"243392275167\"><br \/>\n  <a href=\"https:\/\/cta-na2.hubspot.com\/web-interactives\/public\/v1\/track\/redirect?encryptedPayload=AVxigLI%2Fu8J7nFnep8w0CfLqqlWixXySh0cANLn7TQ3MtLEGeFdfhQxw3AVxVzYlZOkZoVB4gdslqY4il1pZTz7RSKy0mNw%2BF1Y6bdIwWiFAFfgtF%2FkXW%2Fmq0JFY6OQExFSwjiafSp97IxwGv6iNNhiT9X6MQziOnjaAnh9UsXCYR2VD1S791%2F7MVwT1TQ%3D%3D&#038;webInteractiveContentId=243392275167&#038;portalId=242128791\" target=\"_blank\" rel=\"noopener\"><br \/>\n    <img decoding=\"async\" alt=\"NETGEAR AV-L&Ouml;SUNGEN\" loading=\"lazy\" src=\"https:\/\/hubspot-no-cache-na2-prod.s3.amazonaws.com\/cta\/default\/242128791\/interactive-243392275167.png\" style=\"height: 100%;width: 100%;object-fit: fill\" \/><br \/>\n  <\/a>\n<\/div>\n<\/p>\n<p>\n<!-- IT ACADEMY --><br \/>\nAlles \u00fcber IP-Netzwerke lernen \u2013 in der NETGEAR ACADEMY<\/p>\n<div class=\"hs-cta-embed hs-cta-simple-placeholder hs-cta-embed-243357267644\" style=\"max-width:100%;max-height:100%;width:260px;height:50.390625px\" data-hubspot-wrapper-cta-id=\"243357267644\"><br \/>\n  <a href=\"https:\/\/cta-na2.hubspot.com\/web-interactives\/public\/v1\/track\/redirect?encryptedPayload=AVxigLKW9uCCU9FL7iPOCpU%2BvA8Z1UfLRQT8691iSSqh%2BqLrpD%2FITlt6RGXTdhci0W5DkR0wb%2FpK%2BWToDj8Qf0HaQwR0kyzZgK35i%2BhitHvCmHPH8BmXutiugzeYtEHOY6aYTSXoNxDjJJwwtUXAzSqnxQuhx5jjnWcHl4zUp4Dt1tTG2PymP7esgNCNHKHECJ76tda5x0hFMo8JQo6UwGGb9CBw4fyYnA%3D%3D&#038;webInteractiveContentId=243357267644&#038;portalId=242128791\" target=\"_blank\" rel=\"noopener\"><br \/>\n    <img decoding=\"async\" alt=\"NETGEAR ACADEMY\" loading=\"lazy\" src=\"https:\/\/hubspot-no-cache-na2-prod.s3.amazonaws.com\/cta\/default\/242128791\/interactive-243357267644.png\" style=\"height: 100%;width: 100%;object-fit: fill\" \/><br \/>\n  <\/a>\n<\/div>\n<\/p>\n<p>\n<!-- KONTAKT PRO-IT-TEAM --><br \/>\nUnsere Ingenieure unterst\u00fctzen Sie kostenlos bei Ihrem Projekt<\/p>\n<div class=\"hs-cta-embed hs-cta-simple-placeholder hs-cta-embed-243357266676\" style=\"max-width:100%;max-height:100%;width:270px;height:50.390625px\" data-hubspot-wrapper-cta-id=\"243357266676\"><br \/>\n  <a href=\"https:\/\/cta-na2.hubspot.com\/web-interactives\/public\/v1\/track\/redirect?encryptedPayload=AVxigLL9MaHliYSOIHWsJvXrVuyffxSFGu%2FOD4neANfzotKQLgtjDgnA0CFJQWLPGl5hkjLPFJf7A76nk1yWw939l8y7nc4NGJ1%2Fa58epF2QbqIhW7KyV%2Fr75%2B8GCI%2FfEXyeGuic8buAEe%2F8pDQ63tT6ExQvwvvuG%2BeK5mOqM%2FlNsZUaeR4q5pghXZB3yAUIu7WWwKynlh9Y3Ug9ymAN6sNjHEzXMCgwSYmLqMh7eixTsrgTswO85eLb8rCODQ%3D%3D&#038;webInteractiveContentId=243357266676&#038;portalId=242128791\" target=\"_blank\" rel=\"noopener\"><br \/>\n    <img decoding=\"async\" alt=\"KONTAKT PROAV-TEAM\" loading=\"lazy\" src=\"https:\/\/hubspot-no-cache-na2-prod.s3.amazonaws.com\/cta\/default\/242128791\/interactive-243357266676.png\" style=\"height: 100%;width: 100%;object-fit: fill\" \/><br \/>\n  <\/a>\n<\/div>\n<\/p>\n<p style=\"margin-top:50px\"><iframe loading=\"lazy\" src=\"https:\/\/405nrr.share-na2.hsforms.com\/25w_D-U5iS-e5KaSaP86jnQ\" width=\"100%\" height=\"1200px\"><\/iframe><\/p>\n    <\/div>\n    \n","protected":false},"excerpt":{"rendered":"","protected":false},"author":94,"featured_media":11108,"parent":6754,"menu_order":0,"comment_status":"closed","ping_status":"closed","template":"templates\/blog-wifi.php","meta":{"_acf_changed":false,"footnotes":""},"class_list":["post-11117","page","type-page","status-publish","has-post-thumbnail","hentry"],"acf":[],"yoast_head":"<!-- This site is optimized with the Yoast SEO plugin v27.4 - https:\/\/yoast.com\/product\/yoast-seo-wordpress\/ -->\n<title>Wie Innovation in AV over IP die Zusammenarbeit zwischen Aurora Multimedia und NETGEAR AV vorantreibt - NETGEAR Hub<\/title>\n<meta name=\"description\" content=\"Wie Innovation in AV over IP die Zusammenarbeit zwischen Aurora Multimedia und NETGEAR AV vorantreibt\" \/>\n<meta name=\"robots\" content=\"index, follow, max-snippet:-1, max-image-preview:large, max-video-preview:-1\" \/>\n<link rel=\"canonical\" href=\"https:\/\/dehub.netgear.com\/de\/hub\/business\/av\/aurora-multimedia-and-netgear-av\/\" \/>\n<meta property=\"og:locale\" content=\"de_DE\" \/>\n<meta property=\"og:type\" content=\"article\" \/>\n<meta property=\"og:title\" content=\"Wie Innovation in AV over IP die Zusammenarbeit zwischen Aurora Multimedia und NETGEAR AV vorantreibt - NETGEAR Hub\" \/>\n<meta property=\"og:description\" content=\"Wie Innovation in AV over IP die Zusammenarbeit zwischen Aurora Multimedia und NETGEAR AV vorantreibt\" \/>\n<meta property=\"og:url\" content=\"https:\/\/dehub.netgear.com\/de\/hub\/business\/av\/aurora-multimedia-and-netgear-av\/\" \/>\n<meta property=\"og:site_name\" content=\"NETGEAR Hub\" \/>\n<meta property=\"article:publisher\" content=\"https:\/\/www.facebook.com\/NetgearAU\/\" \/>\n<meta property=\"article:modified_time\" content=\"2025-12-03T07:48:59+00:00\" \/>\n<meta property=\"og:image\" content=\"https:\/\/dehub.netgear.com\/de\/hub\/wp-content\/uploads\/2025\/12\/Aurora-4-383x288-1.jpeg\" \/>\n\t<meta property=\"og:image:width\" content=\"383\" \/>\n\t<meta property=\"og:image:height\" content=\"288\" \/>\n\t<meta property=\"og:image:type\" content=\"image\/jpeg\" \/>\n<meta name=\"twitter:card\" content=\"summary_large_image\" \/>\n<meta name=\"twitter:site\" content=\"@NETGEAR\" \/>\n<script type=\"application\/ld+json\" class=\"yoast-schema-graph\">{\"@context\":\"https:\\\/\\\/schema.org\",\"@graph\":[{\"@type\":\"WebPage\",\"@id\":\"https:\\\/\\\/dehub.netgear.com\\\/de\\\/hub\\\/business\\\/av\\\/aurora-multimedia-and-netgear-av\\\/\",\"url\":\"https:\\\/\\\/dehub.netgear.com\\\/de\\\/hub\\\/business\\\/av\\\/aurora-multimedia-and-netgear-av\\\/\",\"name\":\"Wie Innovation in AV over IP die Zusammenarbeit zwischen Aurora Multimedia und NETGEAR AV vorantreibt - NETGEAR Hub\",\"isPartOf\":{\"@id\":\"https:\\\/\\\/dehub.netgear.com\\\/de\\\/hub\\\/#website\"},\"primaryImageOfPage\":{\"@id\":\"https:\\\/\\\/dehub.netgear.com\\\/de\\\/hub\\\/business\\\/av\\\/aurora-multimedia-and-netgear-av\\\/#primaryimage\"},\"image\":{\"@id\":\"https:\\\/\\\/dehub.netgear.com\\\/de\\\/hub\\\/business\\\/av\\\/aurora-multimedia-and-netgear-av\\\/#primaryimage\"},\"thumbnailUrl\":\"https:\\\/\\\/dehub.netgear.com\\\/de\\\/hub\\\/wp-content\\\/uploads\\\/2025\\\/12\\\/Aurora-4-383x288-1.jpeg\",\"datePublished\":\"2025-12-03T07:48:21+00:00\",\"dateModified\":\"2025-12-03T07:48:59+00:00\",\"description\":\"Wie Innovation in AV over IP die Zusammenarbeit zwischen Aurora Multimedia und NETGEAR AV vorantreibt\",\"breadcrumb\":{\"@id\":\"https:\\\/\\\/dehub.netgear.com\\\/de\\\/hub\\\/business\\\/av\\\/aurora-multimedia-and-netgear-av\\\/#breadcrumb\"},\"inLanguage\":\"de\",\"potentialAction\":[{\"@type\":\"ReadAction\",\"target\":[\"https:\\\/\\\/dehub.netgear.com\\\/de\\\/hub\\\/business\\\/av\\\/aurora-multimedia-and-netgear-av\\\/\"]}]},{\"@type\":\"ImageObject\",\"inLanguage\":\"de\",\"@id\":\"https:\\\/\\\/dehub.netgear.com\\\/de\\\/hub\\\/business\\\/av\\\/aurora-multimedia-and-netgear-av\\\/#primaryimage\",\"url\":\"https:\\\/\\\/dehub.netgear.com\\\/de\\\/hub\\\/wp-content\\\/uploads\\\/2025\\\/12\\\/Aurora-4-383x288-1.jpeg\",\"contentUrl\":\"https:\\\/\\\/dehub.netgear.com\\\/de\\\/hub\\\/wp-content\\\/uploads\\\/2025\\\/12\\\/Aurora-4-383x288-1.jpeg\",\"width\":383,\"height\":288},{\"@type\":\"BreadcrumbList\",\"@id\":\"https:\\\/\\\/dehub.netgear.com\\\/de\\\/hub\\\/business\\\/av\\\/aurora-multimedia-and-netgear-av\\\/#breadcrumb\",\"itemListElement\":[{\"@type\":\"ListItem\",\"position\":1,\"name\":\"Home\",\"item\":\"https:\\\/\\\/dehub.netgear.com\\\/de\\\/hub\\\/\"},{\"@type\":\"ListItem\",\"position\":2,\"name\":\"Business Articles Hub\",\"item\":\"https:\\\/\\\/dehub.netgear.com\\\/de\\\/hub\\\/business\\\/\"},{\"@type\":\"ListItem\",\"position\":3,\"name\":\"Business AV\",\"item\":\"https:\\\/\\\/dehub.netgear.com\\\/de\\\/hub\\\/business\\\/av\\\/\"},{\"@type\":\"ListItem\",\"position\":4,\"name\":\"Wie Innovation in AV over IP die Zusammenarbeit zwischen Aurora Multimedia und NETGEAR AV vorantreibt\"}]},{\"@type\":\"WebSite\",\"@id\":\"https:\\\/\\\/dehub.netgear.com\\\/de\\\/hub\\\/#website\",\"url\":\"https:\\\/\\\/dehub.netgear.com\\\/de\\\/hub\\\/\",\"name\":\"NETGEAR\",\"description\":\"Erkunden Sie unsere Hub-Seiten und st\u00f6bern Sie in Artikeln, um mehr \u00fcber NETGEAR Produkte und Technologien zu erfahren.\",\"publisher\":{\"@id\":\"https:\\\/\\\/dehub.netgear.com\\\/de\\\/hub\\\/#organization\"},\"potentialAction\":[{\"@type\":\"SearchAction\",\"target\":{\"@type\":\"EntryPoint\",\"urlTemplate\":\"https:\\\/\\\/dehub.netgear.com\\\/de\\\/hub\\\/?s={search_term_string}\"},\"query-input\":{\"@type\":\"PropertyValueSpecification\",\"valueRequired\":true,\"valueName\":\"search_term_string\"}}],\"inLanguage\":\"de\"},{\"@type\":\"Organization\",\"@id\":\"https:\\\/\\\/dehub.netgear.com\\\/de\\\/hub\\\/#organization\",\"name\":\"NETGEAR\",\"url\":\"https:\\\/\\\/dehub.netgear.com\\\/de\\\/hub\\\/\",\"logo\":{\"@type\":\"ImageObject\",\"inLanguage\":\"de\",\"@id\":\"https:\\\/\\\/dehub.netgear.com\\\/de\\\/hub\\\/#\\\/schema\\\/logo\\\/image\\\/\",\"url\":\"https:\\\/\\\/www.dehub.netgear.com\\\/de\\\/hub\\\/wp-content\\\/uploads\\\/2019\\\/07\\\/NETGEAR_logo.jpg\",\"contentUrl\":\"https:\\\/\\\/www.dehub.netgear.com\\\/de\\\/hub\\\/wp-content\\\/uploads\\\/2019\\\/07\\\/NETGEAR_logo.jpg\",\"width\":1500,\"height\":501,\"caption\":\"NETGEAR\"},\"image\":{\"@id\":\"https:\\\/\\\/dehub.netgear.com\\\/de\\\/hub\\\/#\\\/schema\\\/logo\\\/image\\\/\"},\"sameAs\":[\"https:\\\/\\\/www.facebook.com\\\/NetgearAU\\\/\",\"https:\\\/\\\/x.com\\\/NETGEAR\",\"https:\\\/\\\/www.linkedin.com\\\/company\\\/netgear\"]}]}<\/script>\n<!-- \/ Yoast SEO plugin. -->","yoast_head_json":{"title":"Wie Innovation in AV over IP die Zusammenarbeit zwischen Aurora Multimedia und NETGEAR AV vorantreibt - NETGEAR Hub","description":"Wie Innovation in AV over IP die Zusammenarbeit zwischen Aurora Multimedia und NETGEAR AV vorantreibt","robots":{"index":"index","follow":"follow","max-snippet":"max-snippet:-1","max-image-preview":"max-image-preview:large","max-video-preview":"max-video-preview:-1"},"canonical":"https:\/\/dehub.netgear.com\/de\/hub\/business\/av\/aurora-multimedia-and-netgear-av\/","og_locale":"de_DE","og_type":"article","og_title":"Wie Innovation in AV over IP die Zusammenarbeit zwischen Aurora Multimedia und NETGEAR AV vorantreibt - NETGEAR Hub","og_description":"Wie Innovation in AV over IP die Zusammenarbeit zwischen Aurora Multimedia und NETGEAR AV vorantreibt","og_url":"https:\/\/dehub.netgear.com\/de\/hub\/business\/av\/aurora-multimedia-and-netgear-av\/","og_site_name":"NETGEAR Hub","article_publisher":"https:\/\/www.facebook.com\/NetgearAU\/","article_modified_time":"2025-12-03T07:48:59+00:00","og_image":[{"width":383,"height":288,"url":"https:\/\/dehub.netgear.com\/de\/hub\/wp-content\/uploads\/2025\/12\/Aurora-4-383x288-1.jpeg","type":"image\/jpeg"}],"twitter_card":"summary_large_image","twitter_site":"@NETGEAR","schema":{"@context":"https:\/\/schema.org","@graph":[{"@type":"WebPage","@id":"https:\/\/dehub.netgear.com\/de\/hub\/business\/av\/aurora-multimedia-and-netgear-av\/","url":"https:\/\/dehub.netgear.com\/de\/hub\/business\/av\/aurora-multimedia-and-netgear-av\/","name":"Wie Innovation in AV over IP die Zusammenarbeit zwischen Aurora Multimedia und NETGEAR AV vorantreibt - NETGEAR Hub","isPartOf":{"@id":"https:\/\/dehub.netgear.com\/de\/hub\/#website"},"primaryImageOfPage":{"@id":"https:\/\/dehub.netgear.com\/de\/hub\/business\/av\/aurora-multimedia-and-netgear-av\/#primaryimage"},"image":{"@id":"https:\/\/dehub.netgear.com\/de\/hub\/business\/av\/aurora-multimedia-and-netgear-av\/#primaryimage"},"thumbnailUrl":"https:\/\/dehub.netgear.com\/de\/hub\/wp-content\/uploads\/2025\/12\/Aurora-4-383x288-1.jpeg","datePublished":"2025-12-03T07:48:21+00:00","dateModified":"2025-12-03T07:48:59+00:00","description":"Wie Innovation in AV over IP die Zusammenarbeit zwischen Aurora Multimedia und NETGEAR AV vorantreibt","breadcrumb":{"@id":"https:\/\/dehub.netgear.com\/de\/hub\/business\/av\/aurora-multimedia-and-netgear-av\/#breadcrumb"},"inLanguage":"de","potentialAction":[{"@type":"ReadAction","target":["https:\/\/dehub.netgear.com\/de\/hub\/business\/av\/aurora-multimedia-and-netgear-av\/"]}]},{"@type":"ImageObject","inLanguage":"de","@id":"https:\/\/dehub.netgear.com\/de\/hub\/business\/av\/aurora-multimedia-and-netgear-av\/#primaryimage","url":"https:\/\/dehub.netgear.com\/de\/hub\/wp-content\/uploads\/2025\/12\/Aurora-4-383x288-1.jpeg","contentUrl":"https:\/\/dehub.netgear.com\/de\/hub\/wp-content\/uploads\/2025\/12\/Aurora-4-383x288-1.jpeg","width":383,"height":288},{"@type":"BreadcrumbList","@id":"https:\/\/dehub.netgear.com\/de\/hub\/business\/av\/aurora-multimedia-and-netgear-av\/#breadcrumb","itemListElement":[{"@type":"ListItem","position":1,"name":"Home","item":"https:\/\/dehub.netgear.com\/de\/hub\/"},{"@type":"ListItem","position":2,"name":"Business Articles Hub","item":"https:\/\/dehub.netgear.com\/de\/hub\/business\/"},{"@type":"ListItem","position":3,"name":"Business AV","item":"https:\/\/dehub.netgear.com\/de\/hub\/business\/av\/"},{"@type":"ListItem","position":4,"name":"Wie Innovation in AV over IP die Zusammenarbeit zwischen Aurora Multimedia und NETGEAR AV vorantreibt"}]},{"@type":"WebSite","@id":"https:\/\/dehub.netgear.com\/de\/hub\/#website","url":"https:\/\/dehub.netgear.com\/de\/hub\/","name":"NETGEAR","description":"Erkunden Sie unsere Hub-Seiten und st\u00f6bern Sie in Artikeln, um mehr \u00fcber NETGEAR Produkte und Technologien zu erfahren.","publisher":{"@id":"https:\/\/dehub.netgear.com\/de\/hub\/#organization"},"potentialAction":[{"@type":"SearchAction","target":{"@type":"EntryPoint","urlTemplate":"https:\/\/dehub.netgear.com\/de\/hub\/?s={search_term_string}"},"query-input":{"@type":"PropertyValueSpecification","valueRequired":true,"valueName":"search_term_string"}}],"inLanguage":"de"},{"@type":"Organization","@id":"https:\/\/dehub.netgear.com\/de\/hub\/#organization","name":"NETGEAR","url":"https:\/\/dehub.netgear.com\/de\/hub\/","logo":{"@type":"ImageObject","inLanguage":"de","@id":"https:\/\/dehub.netgear.com\/de\/hub\/#\/schema\/logo\/image\/","url":"https:\/\/www.dehub.netgear.com\/de\/hub\/wp-content\/uploads\/2019\/07\/NETGEAR_logo.jpg","contentUrl":"https:\/\/www.dehub.netgear.com\/de\/hub\/wp-content\/uploads\/2019\/07\/NETGEAR_logo.jpg","width":1500,"height":501,"caption":"NETGEAR"},"image":{"@id":"https:\/\/dehub.netgear.com\/de\/hub\/#\/schema\/logo\/image\/"},"sameAs":["https:\/\/www.facebook.com\/NetgearAU\/","https:\/\/x.com\/NETGEAR","https:\/\/www.linkedin.com\/company\/netgear"]}]}},"_links":{"self":[{"href":"https:\/\/dehub.netgear.com\/de\/hub\/wp-json\/wp\/v2\/pages\/11117","targetHints":{"allow":["GET"]}}],"collection":[{"href":"https:\/\/dehub.netgear.com\/de\/hub\/wp-json\/wp\/v2\/pages"}],"about":[{"href":"https:\/\/dehub.netgear.com\/de\/hub\/wp-json\/wp\/v2\/types\/page"}],"author":[{"embeddable":true,"href":"https:\/\/dehub.netgear.com\/de\/hub\/wp-json\/wp\/v2\/users\/94"}],"replies":[{"embeddable":true,"href":"https:\/\/dehub.netgear.com\/de\/hub\/wp-json\/wp\/v2\/comments?post=11117"}],"version-history":[{"count":1,"href":"https:\/\/dehub.netgear.com\/de\/hub\/wp-json\/wp\/v2\/pages\/11117\/revisions"}],"predecessor-version":[{"id":11118,"href":"https:\/\/dehub.netgear.com\/de\/hub\/wp-json\/wp\/v2\/pages\/11117\/revisions\/11118"}],"up":[{"embeddable":true,"href":"https:\/\/dehub.netgear.com\/de\/hub\/wp-json\/wp\/v2\/pages\/6754"}],"wp:featuredmedia":[{"embeddable":true,"href":"https:\/\/dehub.netgear.com\/de\/hub\/wp-json\/wp\/v2\/media\/11108"}],"wp:attachment":[{"href":"https:\/\/dehub.netgear.com\/de\/hub\/wp-json\/wp\/v2\/media?parent=11117"}],"curies":[{"name":"wp","href":"https:\/\/api.w.org\/{rel}","templated":true}]}}